{"id":1134057,"date":"2026-05-05T18:31:01","date_gmt":"2026-05-05T16:31:01","guid":{"rendered":"https:\/\/wein-werte.com\/product\/el-seque-el-seque-2021-750ml\/"},"modified":"2026-04-27T11:51:34","modified_gmt":"2026-04-27T09:51:34","slug":"el-seque-el-seque-2021-750ml","status":"publish","type":"product","link":"https:\/\/wein-werte.com\/de\/produkt\/el-seque-el-seque-2021-750ml\/","title":{"rendered":"El Sequ\u00e9 (Artadi) | Alicante | El Sequ\u00e9 | 2021 | 750ml | bio"},"content":{"rendered":"<p>Produktbeschreibung f\u00fcr El Sequ\u00e9 (Artadi) El Sequ\u00e9 2021 (bio)<\/p>\n<p> Marian Hen\u00df: Dieses Spiel aus (Frucht-)S\u00fc\u00dfe und S\u00e4ure f\u00fchrt er am Gaumen fort. Saftig und fleischig bietet er ein vollmundiges Geschmackserlebnis. Ein zartes Tannin erg\u00e4nzt das straffe S\u00e4ureger\u00fcst sehr gut. Beide Elemente lassen ein hohes Lagerpotenzial vermuten. In gro\u00dfen Schlucken schreitet man bei diesem Wein voran. Die Sauerkirsche pr\u00e4gt das aromatische Bild des Nachhalls eindeutig. Etwas Zedernholz und Salbei gemeinsam mit leicht rauchigen Nuancen erg\u00e4nzen den Schlussmoment. <\/p>\n<p>Copyright Vinaturel 2025<\/p>\n<p>Keywords: <a href=\"https:\/\/wein-werte.com\/shop\/?swoof=1&#038;pa_producer=El-Sequ\u00e9-(Artadi)\">El Sequ\u00e9 (Artadi)<\/a> <a href=\"https:\/\/wein-werte.com\/de\/shop\/?swoof=1&#038;woof_text=El Sequ\u00e9\">El Sequ\u00e9<\/a> 2021 bio <a href=\"https:\/\/wein-werte.com\/de\/shop\/?swoof=1&#038;pa_region=Alicante\">Alicante<\/a> <a href=\"https:\/\/wein-werte.com\/de\/shop\/?swoof=1&#038;pa_country=Spanien\">Spanien<\/a><\/p>\n<h3>Wine Advocate<\/h3>\n<p>Punkte: 93+<\/p>\n<p>Der El Sequ\u00e9 2021 wurde aus reifen Monastrell-Trauben mit einem Alkoholgehalt von 14,7 % hergestellt. Die Trauben stammen aus biologisch bewirtschafteten Weinbergen in 600 Metern H\u00f6he in Alicante auf sandigen und lehmigen B\u00f6den. Der Wein reifte sechs Monate in 500-Liter-F\u00e4ssern aus franz\u00f6sischer Eiche, fr\u00fcher waren es zw\u00f6lf Monate. Das Weingut ist sehr zufrieden mit dem Ergebnis des Jahrgangs 2021; der Wein ist sehr reif, aber dennoch sehr frisch. Er ist ausdrucksstark und fruchtbetont, mit Reife, aber ohne einen Hauch von \u00dcberreife. 60.000 Flaschen produziert. Die Abf\u00fcllung erfolgte im Dezember 2022.<br \/>Luis Guti\u00e9rrez<\/p>\n<p>Internetseite des Weinguts: <a href=\"https:\/\/artadi.com\/en\/seque-alicante\" target=\"_blank\">https:\/\/artadi.com\/en\/seque-alicante<\/a><\/p>\n","protected":false},"excerpt":{"rendered":"<p>Lieferzeit: 1 bis 2 Arbeitstage (DE), 2 bis 5 Arbeitstage (EU and CH)<\/p>\n","protected":false},"featured_media":1144340,"template":"","meta":[],"product_brand":[],"product_cat":[19],"product_tag":[],"class_list":{"0":"post-1134057","1":"product","2":"type-product","3":"status-publish","4":"has-post-thumbnail","6":"product_cat-unkategorisiert","7":"pa_alcohol-for-filter-14-5","8":"pa_certified-biodynamic-nein-de","9":"pa_certified-organic-ja-de","10":"pa_colour-rot","11":"pa_country-spanien","12":"pa_grape-mourvedre-cuvee","13":"pa_parker-points-for-filter-93-de-2","14":"pa_price-for-filter-10592","15":"pa_producer-el-seque-artadi","16":"pa_region-alicante","17":"pa_size-ml-6584","18":"pa_sweetness-trocken-de","19":"pa_type-2-still-de","20":"pa_vintage-2021-de","21":"entry","22":"has-media","24":"first","25":"instock","26":"taxable","27":"shipping-taxable","28":"purchasable","29":"product-type-simple"},"yoast_head":"<!-- This site is optimized with the Yoast SEO plugin v27.5 - https:\/\/yoast.com\/product\/yoast-seo-wordpress\/ -->\n<title>El Sequ\u00e9 El Sequ\u00e9 2021<\/title>\n<meta name=\"description\" content=\"Kaufe El Sequ\u00e9 El Sequ\u00e9 2021 (Mourv\u00e8dre Cuv\u00e9e, trocken aus Alicante, Spanien) bei Wein Werte, Ihrem nachhaltigen Onlineshop.\" \/>\n<meta name=\"robots\" content=\"index, follow, max-snippet:-1, max-image-preview:large, max-video-preview:-1\" \/>\n<link rel=\"canonical\" href=\"https:\/\/wein-werte.com\/de\/produkt\/el-seque-el-seque-2021-750ml\/\" \/>\n<meta property=\"og:locale\" content=\"de_DE\" \/>\n<meta property=\"og:type\" content=\"article\" \/>\n<meta property=\"og:title\" content=\"El Sequ\u00e9 El Sequ\u00e9 2021\" \/>\n<meta property=\"og:description\" content=\"Kaufe El Sequ\u00e9 El Sequ\u00e9 2021 (Mourv\u00e8dre Cuv\u00e9e, trocken aus Alicante, Spanien) bei Wein Werte, Ihrem nachhaltigen Onlineshop.\" \/>\n<meta property=\"og:url\" content=\"https:\/\/wein-werte.com\/de\/produkt\/el-seque-el-seque-2021-750ml\/\" \/>\n<meta property=\"og:site_name\" content=\"Wein Werte\" \/>\n<meta property=\"og:image\" content=\"https:\/\/wein-werte.com\/wp-content\/uploads\/2026\/04\/El-Seque-El-Seque-2021-750ml.png\" \/>\n\t<meta property=\"og:image:width\" content=\"292\" \/>\n\t<meta property=\"og:image:height\" content=\"1200\" \/>\n\t<meta property=\"og:image:type\" content=\"image\/png\" \/>\n<meta name=\"twitter:card\" content=\"summary_large_image\" \/>\n<meta name=\"twitter:label1\" content=\"Gesch\u00e4tzte Lesezeit\" \/>\n\t<meta name=\"twitter:data1\" content=\"1\u00a0Minute\" \/>\n<script type=\"application\/ld+json\" class=\"yoast-schema-graph\">{\"@context\":\"https:\\\/\\\/schema.org\",\"@graph\":[{\"@type\":\"WebPage\",\"@id\":\"https:\\\/\\\/wein-werte.com\\\/de\\\/produkt\\\/el-seque-el-seque-2021-750ml\\\/\",\"url\":\"https:\\\/\\\/wein-werte.com\\\/de\\\/produkt\\\/el-seque-el-seque-2021-750ml\\\/\",\"name\":\"El Sequ\u00e9 El Sequ\u00e9 2021\",\"isPartOf\":{\"@id\":\"https:\\\/\\\/wein-werte.com\\\/de\\\/#website\"},\"primaryImageOfPage\":{\"@id\":\"https:\\\/\\\/wein-werte.com\\\/de\\\/produkt\\\/el-seque-el-seque-2021-750ml\\\/#primaryimage\"},\"image\":{\"@id\":\"https:\\\/\\\/wein-werte.com\\\/de\\\/produkt\\\/el-seque-el-seque-2021-750ml\\\/#primaryimage\"},\"thumbnailUrl\":\"https:\\\/\\\/wein-werte.com\\\/wp-content\\\/uploads\\\/2026\\\/04\\\/El-Seque-El-Seque-2021-750ml.png\",\"datePublished\":\"2026-05-05T16:31:01+00:00\",\"description\":\"Kaufe El Sequ\u00e9 El Sequ\u00e9 2021 (Mourv\u00e8dre Cuv\u00e9e, trocken aus Alicante, Spanien) bei Wein Werte, Ihrem nachhaltigen Onlineshop.\",\"breadcrumb\":{\"@id\":\"https:\\\/\\\/wein-werte.com\\\/de\\\/produkt\\\/el-seque-el-seque-2021-750ml\\\/#breadcrumb\"},\"inLanguage\":\"de\",\"potentialAction\":[{\"@type\":\"ReadAction\",\"target\":[\"https:\\\/\\\/wein-werte.com\\\/de\\\/produkt\\\/el-seque-el-seque-2021-750ml\\\/\"]}]},{\"@type\":\"ImageObject\",\"inLanguage\":\"de\",\"@id\":\"https:\\\/\\\/wein-werte.com\\\/de\\\/produkt\\\/el-seque-el-seque-2021-750ml\\\/#primaryimage\",\"url\":\"https:\\\/\\\/wein-werte.com\\\/wp-content\\\/uploads\\\/2026\\\/04\\\/El-Seque-El-Seque-2021-750ml.png\",\"contentUrl\":\"https:\\\/\\\/wein-werte.com\\\/wp-content\\\/uploads\\\/2026\\\/04\\\/El-Seque-El-Seque-2021-750ml.png\",\"width\":292,\"height\":1200,\"caption\":\"El Sequ\u00e9 (Artadi) El Sequ\u00e9 2021 750ml\"},{\"@type\":\"BreadcrumbList\",\"@id\":\"https:\\\/\\\/wein-werte.com\\\/de\\\/produkt\\\/el-seque-el-seque-2021-750ml\\\/#breadcrumb\",\"itemListElement\":[{\"@type\":\"ListItem\",\"position\":1,\"name\":\"Home\",\"item\":\"https:\\\/\\\/wein-werte.com\\\/de\\\/\"},{\"@type\":\"ListItem\",\"position\":2,\"name\":\"Shop\",\"item\":\"https:\\\/\\\/wein-werte.com\\\/de\\\/shop\\\/\"},{\"@type\":\"ListItem\",\"position\":3,\"name\":\"El Sequ\u00e9 (Artadi) | Alicante | El Sequ\u00e9 | 2021 | 750ml | bio\"}]},{\"@type\":\"WebSite\",\"@id\":\"https:\\\/\\\/wein-werte.com\\\/de\\\/#website\",\"url\":\"https:\\\/\\\/wein-werte.com\\\/de\\\/\",\"name\":\"Wein Werte\",\"description\":\"\",\"publisher\":{\"@id\":\"https:\\\/\\\/wein-werte.com\\\/de\\\/#organization\"},\"potentialAction\":[{\"@type\":\"SearchAction\",\"target\":{\"@type\":\"EntryPoint\",\"urlTemplate\":\"https:\\\/\\\/wein-werte.com\\\/de\\\/?s={search_term_string}\"},\"query-input\":{\"@type\":\"PropertyValueSpecification\",\"valueRequired\":true,\"valueName\":\"search_term_string\"}}],\"inLanguage\":\"de\"},{\"@type\":\"Organization\",\"@id\":\"https:\\\/\\\/wein-werte.com\\\/de\\\/#organization\",\"name\":\"Vins Fins Thorrold\",\"url\":\"https:\\\/\\\/wein-werte.com\\\/de\\\/\",\"logo\":{\"@type\":\"ImageObject\",\"inLanguage\":\"de\",\"@id\":\"https:\\\/\\\/wein-werte.com\\\/de\\\/#\\\/schema\\\/logo\\\/image\\\/\",\"url\":\"https:\\\/\\\/wein-werte.com\\\/wp-content\\\/uploads\\\/2023\\\/07\\\/Wein_werte_Logo700-1.png\",\"contentUrl\":\"https:\\\/\\\/wein-werte.com\\\/wp-content\\\/uploads\\\/2023\\\/07\\\/Wein_werte_Logo700-1.png\",\"width\":700,\"height\":272,\"caption\":\"Vins Fins Thorrold\"},\"image\":{\"@id\":\"https:\\\/\\\/wein-werte.com\\\/de\\\/#\\\/schema\\\/logo\\\/image\\\/\"}}]}<\/script>\n<!-- \/ Yoast SEO plugin. -->","yoast_head_json":{"title":"El Sequ\u00e9 El Sequ\u00e9 2021","description":"Kaufe El Sequ\u00e9 El Sequ\u00e9 2021 (Mourv\u00e8dre Cuv\u00e9e, trocken aus Alicante, Spanien) bei Wein Werte, Ihrem nachhaltigen Onlineshop.","robots":{"index":"index","follow":"follow","max-snippet":"max-snippet:-1","max-image-preview":"max-image-preview:large","max-video-preview":"max-video-preview:-1"},"canonical":"https:\/\/wein-werte.com\/de\/produkt\/el-seque-el-seque-2021-750ml\/","og_locale":"de_DE","og_type":"article","og_title":"El Sequ\u00e9 El Sequ\u00e9 2021","og_description":"Kaufe El Sequ\u00e9 El Sequ\u00e9 2021 (Mourv\u00e8dre Cuv\u00e9e, trocken aus Alicante, Spanien) bei Wein Werte, Ihrem nachhaltigen Onlineshop.","og_url":"https:\/\/wein-werte.com\/de\/produkt\/el-seque-el-seque-2021-750ml\/","og_site_name":"Wein Werte","og_image":[{"width":292,"height":1200,"url":"https:\/\/wein-werte.com\/wp-content\/uploads\/2026\/04\/El-Seque-El-Seque-2021-750ml.png","type":"image\/png"}],"twitter_card":"summary_large_image","twitter_misc":{"Gesch\u00e4tzte Lesezeit":"1\u00a0Minute"},"schema":{"@context":"https:\/\/schema.org","@graph":[{"@type":"WebPage","@id":"https:\/\/wein-werte.com\/de\/produkt\/el-seque-el-seque-2021-750ml\/","url":"https:\/\/wein-werte.com\/de\/produkt\/el-seque-el-seque-2021-750ml\/","name":"El Sequ\u00e9 El Sequ\u00e9 2021","isPartOf":{"@id":"https:\/\/wein-werte.com\/de\/#website"},"primaryImageOfPage":{"@id":"https:\/\/wein-werte.com\/de\/produkt\/el-seque-el-seque-2021-750ml\/#primaryimage"},"image":{"@id":"https:\/\/wein-werte.com\/de\/produkt\/el-seque-el-seque-2021-750ml\/#primaryimage"},"thumbnailUrl":"https:\/\/wein-werte.com\/wp-content\/uploads\/2026\/04\/El-Seque-El-Seque-2021-750ml.png","datePublished":"2026-05-05T16:31:01+00:00","description":"Kaufe El Sequ\u00e9 El Sequ\u00e9 2021 (Mourv\u00e8dre Cuv\u00e9e, trocken aus Alicante, Spanien) bei Wein Werte, Ihrem nachhaltigen Onlineshop.","breadcrumb":{"@id":"https:\/\/wein-werte.com\/de\/produkt\/el-seque-el-seque-2021-750ml\/#breadcrumb"},"inLanguage":"de","potentialAction":[{"@type":"ReadAction","target":["https:\/\/wein-werte.com\/de\/produkt\/el-seque-el-seque-2021-750ml\/"]}]},{"@type":"ImageObject","inLanguage":"de","@id":"https:\/\/wein-werte.com\/de\/produkt\/el-seque-el-seque-2021-750ml\/#primaryimage","url":"https:\/\/wein-werte.com\/wp-content\/uploads\/2026\/04\/El-Seque-El-Seque-2021-750ml.png","contentUrl":"https:\/\/wein-werte.com\/wp-content\/uploads\/2026\/04\/El-Seque-El-Seque-2021-750ml.png","width":292,"height":1200,"caption":"El Sequ\u00e9 (Artadi) El Sequ\u00e9 2021 750ml"},{"@type":"BreadcrumbList","@id":"https:\/\/wein-werte.com\/de\/produkt\/el-seque-el-seque-2021-750ml\/#breadcrumb","itemListElement":[{"@type":"ListItem","position":1,"name":"Home","item":"https:\/\/wein-werte.com\/de\/"},{"@type":"ListItem","position":2,"name":"Shop","item":"https:\/\/wein-werte.com\/de\/shop\/"},{"@type":"ListItem","position":3,"name":"El Sequ\u00e9 (Artadi) | Alicante | El Sequ\u00e9 | 2021 | 750ml | bio"}]},{"@type":"WebSite","@id":"https:\/\/wein-werte.com\/de\/#website","url":"https:\/\/wein-werte.com\/de\/","name":"Wein Werte","description":"","publisher":{"@id":"https:\/\/wein-werte.com\/de\/#organization"},"potentialAction":[{"@type":"SearchAction","target":{"@type":"EntryPoint","urlTemplate":"https:\/\/wein-werte.com\/de\/?s={search_term_string}"},"query-input":{"@type":"PropertyValueSpecification","valueRequired":true,"valueName":"search_term_string"}}],"inLanguage":"de"},{"@type":"Organization","@id":"https:\/\/wein-werte.com\/de\/#organization","name":"Vins Fins Thorrold","url":"https:\/\/wein-werte.com\/de\/","logo":{"@type":"ImageObject","inLanguage":"de","@id":"https:\/\/wein-werte.com\/de\/#\/schema\/logo\/image\/","url":"https:\/\/wein-werte.com\/wp-content\/uploads\/2023\/07\/Wein_werte_Logo700-1.png","contentUrl":"https:\/\/wein-werte.com\/wp-content\/uploads\/2023\/07\/Wein_werte_Logo700-1.png","width":700,"height":272,"caption":"Vins Fins Thorrold"},"image":{"@id":"https:\/\/wein-werte.com\/de\/#\/schema\/logo\/image\/"}}]}},"_links":{"self":[{"href":"https:\/\/wein-werte.com\/de\/wp-json\/wp\/v2\/product\/1134057","targetHints":{"allow":["GET"]}}],"collection":[{"href":"https:\/\/wein-werte.com\/de\/wp-json\/wp\/v2\/product"}],"about":[{"href":"https:\/\/wein-werte.com\/de\/wp-json\/wp\/v2\/types\/product"}],"wp:featuredmedia":[{"embeddable":true,"href":"https:\/\/wein-werte.com\/de\/wp-json\/wp\/v2\/media\/1144340"}],"wp:attachment":[{"href":"https:\/\/wein-werte.com\/de\/wp-json\/wp\/v2\/media?parent=1134057"}],"wp:term":[{"taxonomy":"product_brand","embeddable":true,"href":"https:\/\/wein-werte.com\/de\/wp-json\/wp\/v2\/product_brand?post=1134057"},{"taxonomy":"product_cat","embeddable":true,"href":"https:\/\/wein-werte.com\/de\/wp-json\/wp\/v2\/product_cat?post=1134057"},{"taxonomy":"product_tag","embeddable":true,"href":"https:\/\/wein-werte.com\/de\/wp-json\/wp\/v2\/product_tag?post=1134057"}],"curies":[{"name":"wp","href":"https:\/\/api.w.org\/{rel}","templated":true}]}}