{"id":1134052,"date":"2026-05-05T18:31:00","date_gmt":"2026-05-05T16:31:00","guid":{"rendered":"https:\/\/wein-werte.com\/product\/artadi-vinas-de-gain-blanco-2019-750ml\/"},"modified":"2026-04-27T11:51:33","modified_gmt":"2026-04-27T09:51:33","slug":"artadi-vinas-de-gain-blanco-2019-750ml","status":"publish","type":"product","link":"https:\/\/wein-werte.com\/de\/produkt\/artadi-vinas-de-gain-blanco-2019-750ml\/","title":{"rendered":"Artadi | Rioja | Vi\u00f1as de Gain Blanco | 2019 | 750ml | bio"},"content":{"rendered":"<p>Produktbeschreibung f\u00fcr Artadi Vi\u00f1as de Gain Blanco 2019 (bio)<\/p>\n<p>Artadi Vi\u00f1as de Gain blanco 2019 ist ein trockener Wei\u00dfwein hergestellt aus Macabeu Trauben in der Region Rioja in Spanien.<\/p>\n<p>Keywords: <a href=\"https:\/\/wein-werte.com\/de\/shop\/?swoof=1&#038;pa_producer=Artadi\">Artadi<\/a> <a href=\"https:\/\/wein-werte.com\/de\/shop\/?swoof=1&#038;woof_text=Vi\u00f1as de Gain Blanco\">Vi\u00f1as de Gain Blanco<\/a> 2019 bio <a href=\"https:\/\/wein-werte.com\/de\/shop\/?swoof=1&#038;pa_region=Rioja\">Rioja<\/a> <a href=\"https:\/\/wein-werte.com\/de\/shop\/?swoof=1&#038;pa_country=Spanien\">Spanien<\/a><\/p>\n<h3>Wine Advocate<\/h3>\n<p>Punkte: 93<\/p>\n<p>Der wei\u00dfe Vi\u00f1as de Ga\u00edn Blanco 2019, der den Untertitel \u201eVineyard Selection\u201c tr\u00e4gt, stammt aus verschiedenen Weinbergen in Laguardia und Elvillar auf 450 bis 700 Metern H\u00f6he mit Lehm- und Kalkb\u00f6den. 2019 war warm und trocken, und dennoch gelang es ihnen, den Wein bei 13 % Alkohol und einem pH-Wert von 3,33 zu halten. Er pr\u00e4sentiert sich recht herb und leicht balsamisch, mit Noten von wachsartigen \u00c4pfeln und einem lebendigen Gaumen mit kalkiger Strenge, sauber, rein und trocken. Beeindruckend. 17.000 Flaschen produziert. Er wurde im April 2021 nach zwei Jahren und vier Monaten im Tank auf der Hefe abgef\u00fcllt.<br \/>Luis Guti\u00e9rrez<\/p>\n<p>Internetseite des Weinguts: <a href=\"https:\/\/artadi.com\/en\/artazu-navarra\" target=\"_blank\">https:\/\/artadi.com\/en\/artazu-navarra<\/a><\/p>\n","protected":false},"excerpt":{"rendered":"<p>Lieferzeit: 1 bis 2 Arbeitstage (DE), 2 bis 5 Arbeitstage (EU and CH)<\/p>\n","protected":false},"featured_media":1144336,"template":"","meta":[],"product_brand":[],"product_cat":[19],"product_tag":[],"class_list":{"0":"post-1134052","1":"product","2":"type-product","3":"status-publish","4":"has-post-thumbnail","6":"product_cat-unkategorisiert","7":"pa_alcohol-for-filter-13-5","8":"pa_certified-biodynamic-nein-de","9":"pa_certified-organic-ja-de","10":"pa_colour-weiss","11":"pa_country-spanien","12":"pa_grape-macabeu","13":"pa_parker-points-for-filter-93-de-2","14":"pa_price-for-filter-10566","15":"pa_producer-artadi","16":"pa_region-rioja","17":"pa_size-ml-6584","18":"pa_sweetness-trocken-de","19":"pa_type-2-still-de","20":"pa_vintage-2019-de","21":"entry","22":"has-media","24":"first","25":"instock","26":"taxable","27":"shipping-taxable","28":"purchasable","29":"product-type-simple"},"yoast_head":"<!-- This site is optimized with the Yoast SEO plugin v27.5 - https:\/\/yoast.com\/product\/yoast-seo-wordpress\/ -->\n<title>Artadi Vi\u00f1as de Gain blanco 2019<\/title>\n<meta name=\"description\" content=\"Kaufe Artadi Vi\u00f1as de Gain blanco 2019 (Macabeu, trocken aus Rioja, Spanien) bei Wein Werte, Ihrem nachhaltigen Onlineshop.\" \/>\n<meta name=\"robots\" content=\"index, follow, max-snippet:-1, max-image-preview:large, max-video-preview:-1\" \/>\n<link rel=\"canonical\" href=\"https:\/\/wein-werte.com\/de\/produkt\/artadi-vinas-de-gain-blanco-2019-750ml\/\" \/>\n<meta property=\"og:locale\" content=\"de_DE\" \/>\n<meta property=\"og:type\" content=\"article\" \/>\n<meta property=\"og:title\" content=\"Artadi Vi\u00f1as de Gain blanco 2019\" \/>\n<meta property=\"og:description\" content=\"Kaufe Artadi Vi\u00f1as de Gain blanco 2019 (Macabeu, trocken aus Rioja, Spanien) bei Wein Werte, Ihrem nachhaltigen Onlineshop.\" \/>\n<meta property=\"og:url\" content=\"https:\/\/wein-werte.com\/de\/produkt\/artadi-vinas-de-gain-blanco-2019-750ml\/\" \/>\n<meta property=\"og:site_name\" content=\"Wein Werte\" \/>\n<meta property=\"og:image\" content=\"https:\/\/wein-werte.com\/wp-content\/uploads\/2026\/04\/Artadi-Vinas-de-Gain-blanco-2019-750ml.png\" \/>\n\t<meta property=\"og:image:width\" content=\"297\" \/>\n\t<meta property=\"og:image:height\" content=\"1200\" \/>\n\t<meta property=\"og:image:type\" content=\"image\/png\" \/>\n<meta name=\"twitter:card\" content=\"summary_large_image\" \/>\n<meta name=\"twitter:label1\" content=\"Gesch\u00e4tzte Lesezeit\" \/>\n\t<meta name=\"twitter:data1\" content=\"1\u00a0Minute\" \/>\n<script type=\"application\/ld+json\" class=\"yoast-schema-graph\">{\"@context\":\"https:\\\/\\\/schema.org\",\"@graph\":[{\"@type\":\"WebPage\",\"@id\":\"https:\\\/\\\/wein-werte.com\\\/de\\\/produkt\\\/artadi-vinas-de-gain-blanco-2019-750ml\\\/\",\"url\":\"https:\\\/\\\/wein-werte.com\\\/de\\\/produkt\\\/artadi-vinas-de-gain-blanco-2019-750ml\\\/\",\"name\":\"Artadi Vi\u00f1as de Gain blanco 2019\",\"isPartOf\":{\"@id\":\"https:\\\/\\\/wein-werte.com\\\/de\\\/#website\"},\"primaryImageOfPage\":{\"@id\":\"https:\\\/\\\/wein-werte.com\\\/de\\\/produkt\\\/artadi-vinas-de-gain-blanco-2019-750ml\\\/#primaryimage\"},\"image\":{\"@id\":\"https:\\\/\\\/wein-werte.com\\\/de\\\/produkt\\\/artadi-vinas-de-gain-blanco-2019-750ml\\\/#primaryimage\"},\"thumbnailUrl\":\"https:\\\/\\\/wein-werte.com\\\/wp-content\\\/uploads\\\/2026\\\/04\\\/Artadi-Vinas-de-Gain-blanco-2019-750ml.png\",\"datePublished\":\"2026-05-05T16:31:00+00:00\",\"description\":\"Kaufe Artadi Vi\u00f1as de Gain blanco 2019 (Macabeu, trocken aus Rioja, Spanien) bei Wein Werte, Ihrem nachhaltigen Onlineshop.\",\"breadcrumb\":{\"@id\":\"https:\\\/\\\/wein-werte.com\\\/de\\\/produkt\\\/artadi-vinas-de-gain-blanco-2019-750ml\\\/#breadcrumb\"},\"inLanguage\":\"de\",\"potentialAction\":[{\"@type\":\"ReadAction\",\"target\":[\"https:\\\/\\\/wein-werte.com\\\/de\\\/produkt\\\/artadi-vinas-de-gain-blanco-2019-750ml\\\/\"]}]},{\"@type\":\"ImageObject\",\"inLanguage\":\"de\",\"@id\":\"https:\\\/\\\/wein-werte.com\\\/de\\\/produkt\\\/artadi-vinas-de-gain-blanco-2019-750ml\\\/#primaryimage\",\"url\":\"https:\\\/\\\/wein-werte.com\\\/wp-content\\\/uploads\\\/2026\\\/04\\\/Artadi-Vinas-de-Gain-blanco-2019-750ml.png\",\"contentUrl\":\"https:\\\/\\\/wein-werte.com\\\/wp-content\\\/uploads\\\/2026\\\/04\\\/Artadi-Vinas-de-Gain-blanco-2019-750ml.png\",\"width\":297,\"height\":1200,\"caption\":\"Artadi Vi\u00f1as de Gain Blanco 2019 750ml\"},{\"@type\":\"BreadcrumbList\",\"@id\":\"https:\\\/\\\/wein-werte.com\\\/de\\\/produkt\\\/artadi-vinas-de-gain-blanco-2019-750ml\\\/#breadcrumb\",\"itemListElement\":[{\"@type\":\"ListItem\",\"position\":1,\"name\":\"Home\",\"item\":\"https:\\\/\\\/wein-werte.com\\\/de\\\/\"},{\"@type\":\"ListItem\",\"position\":2,\"name\":\"Shop\",\"item\":\"https:\\\/\\\/wein-werte.com\\\/de\\\/shop\\\/\"},{\"@type\":\"ListItem\",\"position\":3,\"name\":\"Artadi | Rioja | Vi\u00f1as de Gain Blanco | 2019 | 750ml | bio\"}]},{\"@type\":\"WebSite\",\"@id\":\"https:\\\/\\\/wein-werte.com\\\/de\\\/#website\",\"url\":\"https:\\\/\\\/wein-werte.com\\\/de\\\/\",\"name\":\"Wein Werte\",\"description\":\"\",\"publisher\":{\"@id\":\"https:\\\/\\\/wein-werte.com\\\/de\\\/#organization\"},\"potentialAction\":[{\"@type\":\"SearchAction\",\"target\":{\"@type\":\"EntryPoint\",\"urlTemplate\":\"https:\\\/\\\/wein-werte.com\\\/de\\\/?s={search_term_string}\"},\"query-input\":{\"@type\":\"PropertyValueSpecification\",\"valueRequired\":true,\"valueName\":\"search_term_string\"}}],\"inLanguage\":\"de\"},{\"@type\":\"Organization\",\"@id\":\"https:\\\/\\\/wein-werte.com\\\/de\\\/#organization\",\"name\":\"Vins Fins Thorrold\",\"url\":\"https:\\\/\\\/wein-werte.com\\\/de\\\/\",\"logo\":{\"@type\":\"ImageObject\",\"inLanguage\":\"de\",\"@id\":\"https:\\\/\\\/wein-werte.com\\\/de\\\/#\\\/schema\\\/logo\\\/image\\\/\",\"url\":\"https:\\\/\\\/wein-werte.com\\\/wp-content\\\/uploads\\\/2023\\\/07\\\/Wein_werte_Logo700-1.png\",\"contentUrl\":\"https:\\\/\\\/wein-werte.com\\\/wp-content\\\/uploads\\\/2023\\\/07\\\/Wein_werte_Logo700-1.png\",\"width\":700,\"height\":272,\"caption\":\"Vins Fins Thorrold\"},\"image\":{\"@id\":\"https:\\\/\\\/wein-werte.com\\\/de\\\/#\\\/schema\\\/logo\\\/image\\\/\"}}]}<\/script>\n<!-- \/ Yoast SEO plugin. -->","yoast_head_json":{"title":"Artadi Vi\u00f1as de Gain blanco 2019","description":"Kaufe Artadi Vi\u00f1as de Gain blanco 2019 (Macabeu, trocken aus Rioja, Spanien) bei Wein Werte, Ihrem nachhaltigen Onlineshop.","robots":{"index":"index","follow":"follow","max-snippet":"max-snippet:-1","max-image-preview":"max-image-preview:large","max-video-preview":"max-video-preview:-1"},"canonical":"https:\/\/wein-werte.com\/de\/produkt\/artadi-vinas-de-gain-blanco-2019-750ml\/","og_locale":"de_DE","og_type":"article","og_title":"Artadi Vi\u00f1as de Gain blanco 2019","og_description":"Kaufe Artadi Vi\u00f1as de Gain blanco 2019 (Macabeu, trocken aus Rioja, Spanien) bei Wein Werte, Ihrem nachhaltigen Onlineshop.","og_url":"https:\/\/wein-werte.com\/de\/produkt\/artadi-vinas-de-gain-blanco-2019-750ml\/","og_site_name":"Wein Werte","og_image":[{"width":297,"height":1200,"url":"https:\/\/wein-werte.com\/wp-content\/uploads\/2026\/04\/Artadi-Vinas-de-Gain-blanco-2019-750ml.png","type":"image\/png"}],"twitter_card":"summary_large_image","twitter_misc":{"Gesch\u00e4tzte Lesezeit":"1\u00a0Minute"},"schema":{"@context":"https:\/\/schema.org","@graph":[{"@type":"WebPage","@id":"https:\/\/wein-werte.com\/de\/produkt\/artadi-vinas-de-gain-blanco-2019-750ml\/","url":"https:\/\/wein-werte.com\/de\/produkt\/artadi-vinas-de-gain-blanco-2019-750ml\/","name":"Artadi Vi\u00f1as de Gain blanco 2019","isPartOf":{"@id":"https:\/\/wein-werte.com\/de\/#website"},"primaryImageOfPage":{"@id":"https:\/\/wein-werte.com\/de\/produkt\/artadi-vinas-de-gain-blanco-2019-750ml\/#primaryimage"},"image":{"@id":"https:\/\/wein-werte.com\/de\/produkt\/artadi-vinas-de-gain-blanco-2019-750ml\/#primaryimage"},"thumbnailUrl":"https:\/\/wein-werte.com\/wp-content\/uploads\/2026\/04\/Artadi-Vinas-de-Gain-blanco-2019-750ml.png","datePublished":"2026-05-05T16:31:00+00:00","description":"Kaufe Artadi Vi\u00f1as de Gain blanco 2019 (Macabeu, trocken aus Rioja, Spanien) bei Wein Werte, Ihrem nachhaltigen Onlineshop.","breadcrumb":{"@id":"https:\/\/wein-werte.com\/de\/produkt\/artadi-vinas-de-gain-blanco-2019-750ml\/#breadcrumb"},"inLanguage":"de","potentialAction":[{"@type":"ReadAction","target":["https:\/\/wein-werte.com\/de\/produkt\/artadi-vinas-de-gain-blanco-2019-750ml\/"]}]},{"@type":"ImageObject","inLanguage":"de","@id":"https:\/\/wein-werte.com\/de\/produkt\/artadi-vinas-de-gain-blanco-2019-750ml\/#primaryimage","url":"https:\/\/wein-werte.com\/wp-content\/uploads\/2026\/04\/Artadi-Vinas-de-Gain-blanco-2019-750ml.png","contentUrl":"https:\/\/wein-werte.com\/wp-content\/uploads\/2026\/04\/Artadi-Vinas-de-Gain-blanco-2019-750ml.png","width":297,"height":1200,"caption":"Artadi Vi\u00f1as de Gain Blanco 2019 750ml"},{"@type":"BreadcrumbList","@id":"https:\/\/wein-werte.com\/de\/produkt\/artadi-vinas-de-gain-blanco-2019-750ml\/#breadcrumb","itemListElement":[{"@type":"ListItem","position":1,"name":"Home","item":"https:\/\/wein-werte.com\/de\/"},{"@type":"ListItem","position":2,"name":"Shop","item":"https:\/\/wein-werte.com\/de\/shop\/"},{"@type":"ListItem","position":3,"name":"Artadi | Rioja | Vi\u00f1as de Gain Blanco | 2019 | 750ml | bio"}]},{"@type":"WebSite","@id":"https:\/\/wein-werte.com\/de\/#website","url":"https:\/\/wein-werte.com\/de\/","name":"Wein Werte","description":"","publisher":{"@id":"https:\/\/wein-werte.com\/de\/#organization"},"potentialAction":[{"@type":"SearchAction","target":{"@type":"EntryPoint","urlTemplate":"https:\/\/wein-werte.com\/de\/?s={search_term_string}"},"query-input":{"@type":"PropertyValueSpecification","valueRequired":true,"valueName":"search_term_string"}}],"inLanguage":"de"},{"@type":"Organization","@id":"https:\/\/wein-werte.com\/de\/#organization","name":"Vins Fins Thorrold","url":"https:\/\/wein-werte.com\/de\/","logo":{"@type":"ImageObject","inLanguage":"de","@id":"https:\/\/wein-werte.com\/de\/#\/schema\/logo\/image\/","url":"https:\/\/wein-werte.com\/wp-content\/uploads\/2023\/07\/Wein_werte_Logo700-1.png","contentUrl":"https:\/\/wein-werte.com\/wp-content\/uploads\/2023\/07\/Wein_werte_Logo700-1.png","width":700,"height":272,"caption":"Vins Fins Thorrold"},"image":{"@id":"https:\/\/wein-werte.com\/de\/#\/schema\/logo\/image\/"}}]}},"_links":{"self":[{"href":"https:\/\/wein-werte.com\/de\/wp-json\/wp\/v2\/product\/1134052","targetHints":{"allow":["GET"]}}],"collection":[{"href":"https:\/\/wein-werte.com\/de\/wp-json\/wp\/v2\/product"}],"about":[{"href":"https:\/\/wein-werte.com\/de\/wp-json\/wp\/v2\/types\/product"}],"wp:featuredmedia":[{"embeddable":true,"href":"https:\/\/wein-werte.com\/de\/wp-json\/wp\/v2\/media\/1144336"}],"wp:attachment":[{"href":"https:\/\/wein-werte.com\/de\/wp-json\/wp\/v2\/media?parent=1134052"}],"wp:term":[{"taxonomy":"product_brand","embeddable":true,"href":"https:\/\/wein-werte.com\/de\/wp-json\/wp\/v2\/product_brand?post=1134052"},{"taxonomy":"product_cat","embeddable":true,"href":"https:\/\/wein-werte.com\/de\/wp-json\/wp\/v2\/product_cat?post=1134052"},{"taxonomy":"product_tag","embeddable":true,"href":"https:\/\/wein-werte.com\/de\/wp-json\/wp\/v2\/product_tag?post=1134052"}],"curies":[{"name":"wp","href":"https:\/\/api.w.org\/{rel}","templated":true}]}}