{"id":1134013,"date":"2026-05-08T20:06:27","date_gmt":"2026-05-08T18:06:27","guid":{"rendered":"https:\/\/wein-werte.com\/product\/artadi-vinas-de-gain-tinto-2018-1500ml\/"},"modified":"2026-04-27T11:51:30","modified_gmt":"2026-04-27T09:51:30","slug":"artadi-vinas-de-gain-tinto-2018-1500ml","status":"publish","type":"product","link":"https:\/\/wein-werte.com\/de\/produkt\/artadi-vinas-de-gain-tinto-2018-1500ml\/","title":{"rendered":"Artadi | Rioja | Vi\u00f1as de Gain Tinto | 2018 | 1500ml | bio"},"content":{"rendered":"<p>Produktbeschreibung f\u00fcr Artadi Vi\u00f1as de Gain Tinto 2018 (bio)<\/p>\n<p> Unter den vielen Weing\u00fctern, die seit den 1980er Jahren weit \u00fcber die Rioja hinaus bekannt geworden sind, nehmen die Bodegas y Vi\u00f1edos Artadi eine Sonderstellung ein. Artadi geh\u00f6rt zur Gebietsspitze, und das mit Weinen, die seit den 1980er Jahren aus rein biologisch, mittlerweile auch biodynamisch bewirtschafteten Weinbergen stammen. Im Jahr 1985 schlossen sich einige Familien zu einer Kooperative zusammen, die sich aber nicht verstand, weshalb zwei der Familien, Lacalle und Laorden, das Weingut \u00fcbernahmen. Die Neugr\u00fcndung 1992 war der Startschuss f\u00fcr den konsequenten Aufstieg von Artadi. Zu dieser Konsequenz geh\u00f6rte auch das Verlassen des Verbandes der Rioja-Winzer, weshalb man den Begriff Rioja auf den Weinetiketten nicht mehr findet. Artadi geh\u00f6rt zu den besten Weing\u00fctern der Region, die einen eher modernen Stil pflegen. Das liegt auch daran, dass man mit Weing\u00e4rten wie El Pis\u00f3n und anderen einige der besten Lagen der Rioja besitzt. <\/p>\n<h5>Info<\/h5>\n<p> Christoph Raffelt zu 2017 2018 Vinas de Gain Tinto, Artadi Artadis roter\u00a0Vi\u00f1as de Gain\u00a0ist ein Ortswein, der aus einigen der besten Lagen von Laguardias Weinbergen wie San Marti\u0301n, Las Ventas, Castejones, Ribaltayo oder Viejo stammt. Die Weinberge liegen auf 450 bis 700 Meter Meeresh\u00f6he und werden vor allem durch Ton im Oberboden und einem Kalksteinsockel charakterisiert. Obwohl der Wein aus dem Zentrum der Rioja stammt, findet man den Begriff\u00a0Rioja\u00a0vergeblich seit dem 2015er Jahrgang. Artadi hat sich mit dem\u00a0Consejo Regulador\u00a0der Rioja \u00fcberworfen, weil man die Qualit\u00e4tsanspr\u00fcche des Gremiums f\u00fcr zu schwach hielt. Nun werden alle Weine als Tafelweine ver\u00f6ffentlicht. Die Trauben wurden per Hand in 10-Kilo-Boxen gelesen. Die G\u00e4rung erfolgte nach einer 48-st\u00fcndigen Kaltmazeration spontan und \u00fcber 12 Tage in gro\u00dfen Edelstahlfermentern. Ausgebaut wurde der Wein \u00fcber zw\u00f6lf Monate in den gleichen F\u00e4ssern aus franz\u00f6sischem Holz, in denen auch die malolaktische G\u00e4rung stattfand. <\/p>\n<h5>Farbe<\/h5>\n<p> Leuchtendes Purpur, zart violette Reflexe <\/p>\n<h5>Nase<\/h5>\n<p> Der 2018 Vi\u00f1as de Gain Tinto duftet wunderbar dunkel und mutet zugleich k\u00fchl an. Schattenmorellen, Schwarzkirschen und Brombeere dominieren die Aromatik deutlich. Holunderbl\u00fcten und der Duft von Hagebutten-Tee legen ordentlich nach. Ein wenig schwarzer Pfeffer und Lakritz liefern gelungene Abwechslung zu diesem intensiv fruchtigen Rotwein. <\/p>\n<h5>Gaumen<\/h5>\n<p> Ein gelungenes Beispiel, dass Tempranillo auf den kalkigen H\u00f6henlagen Nordspaniens bestens gedeiht. Die satte Frucht tritt hier in Seide geh\u00fcllt und elegant gekleidet auf. Voller Finesse wirkt er straff und saftig zugleich. Die satte Frucht sowie die frischen Elemente aus S\u00e4ure und k\u00fchlem Mundgef\u00fchl harmonieren sehr gut miteinander. Der Alkohol ist sehr gut eingebunden und ist in seiner H\u00f6he nicht wahrzunehmen.<\/p>\n<p>Copyright Vinaturel 2025<\/p>\n<p>Keywords: <a href=\"https:\/\/wein-werte.com\/de\/shop\/?swoof=1&#038;pa_producer=Artadi\">Artadi<\/a> <a href=\"https:\/\/wein-werte.com\/de\/shop\/?swoof=1&#038;woof_text=Vi\u00f1as de Gain Tinto\">Vi\u00f1as de Gain Tinto<\/a> 2018 bio <a href=\"https:\/\/wein-werte.com\/de\/shop\/?swoof=1&#038;pa_region=Rioja\">Rioja<\/a> <a href=\"https:\/\/wein-werte.com\/de\/shop\/?swoof=1&#038;pa_country=Spanien\">Spanien<\/a><\/p>\n<p>Internetseite des Weinguts: <a href=\"https:\/\/artadi.com\/en\/artazu-navarra\" target=\"_blank\">https:\/\/artadi.com\/en\/artazu-navarra<\/a><\/p>\n","protected":false},"excerpt":{"rendered":"<p>Lieferzeit: 1 bis 2 Arbeitstage (DE), 2 bis 5 Arbeitstage (EU and CH)<\/p>\n","protected":false},"featured_media":1144306,"template":"","meta":[],"product_brand":[],"product_cat":[19],"product_tag":[],"class_list":{"0":"post-1134013","1":"product","2":"type-product","3":"status-publish","4":"has-post-thumbnail","6":"product_cat-unkategorisiert","7":"pa_alcohol-for-filter-14-5","8":"pa_certified-biodynamic-nein-de","9":"pa_certified-organic-ja-de","10":"pa_colour-rot","11":"pa_country-spanien","12":"pa_grape-tempranillo","13":"pa_price-for-filter-10566","14":"pa_producer-artadi","15":"pa_region-rioja","16":"pa_size-ml-6657","17":"pa_sweetness-trocken-de","18":"pa_type-2-still-de","19":"pa_vintage-2018-de","20":"entry","21":"has-media","23":"first","24":"instock","25":"taxable","26":"shipping-taxable","27":"purchasable","28":"product-type-simple"},"yoast_head":"<!-- This site is optimized with the Yoast SEO plugin v27.5 - https:\/\/yoast.com\/product\/yoast-seo-wordpress\/ -->\n<title>Artadi Vi\u00f1as de Gain Tinto 2018, 1500ml<\/title>\n<meta name=\"description\" content=\"Kaufe Artadi Vi\u00f1as de Gain Tinto 2018 (Tempranillo, trocken aus Rioja, Spanien) bei Wein Werte, Ihrem nachhaltigen Onlineshop.\" \/>\n<meta name=\"robots\" content=\"index, follow, max-snippet:-1, max-image-preview:large, max-video-preview:-1\" \/>\n<link rel=\"canonical\" href=\"https:\/\/wein-werte.com\/de\/produkt\/artadi-vinas-de-gain-tinto-2018-1500ml\/\" \/>\n<meta property=\"og:locale\" content=\"de_DE\" \/>\n<meta property=\"og:type\" content=\"article\" \/>\n<meta property=\"og:title\" content=\"Artadi Vi\u00f1as de Gain Tinto 2018, 1500ml\" \/>\n<meta property=\"og:description\" content=\"Kaufe Artadi Vi\u00f1as de Gain Tinto 2018 (Tempranillo, trocken aus Rioja, Spanien) bei Wein Werte, Ihrem nachhaltigen Onlineshop.\" \/>\n<meta property=\"og:url\" content=\"https:\/\/wein-werte.com\/de\/produkt\/artadi-vinas-de-gain-tinto-2018-1500ml\/\" \/>\n<meta property=\"og:site_name\" content=\"Wein Werte\" \/>\n<meta property=\"og:image\" content=\"https:\/\/wein-werte.com\/wp-content\/uploads\/2026\/04\/Artadi-Vinas-de-Gain-Tinto-2018-1500ml.png\" \/>\n\t<meta property=\"og:image:width\" content=\"322\" \/>\n\t<meta property=\"og:image:height\" content=\"1200\" \/>\n\t<meta property=\"og:image:type\" content=\"image\/png\" \/>\n<meta name=\"twitter:card\" content=\"summary_large_image\" \/>\n<meta name=\"twitter:label1\" content=\"Gesch\u00e4tzte Lesezeit\" \/>\n\t<meta name=\"twitter:data1\" content=\"2\u00a0Minuten\" \/>\n<script type=\"application\/ld+json\" class=\"yoast-schema-graph\">{\"@context\":\"https:\\\/\\\/schema.org\",\"@graph\":[{\"@type\":\"WebPage\",\"@id\":\"https:\\\/\\\/wein-werte.com\\\/de\\\/produkt\\\/artadi-vinas-de-gain-tinto-2018-1500ml\\\/\",\"url\":\"https:\\\/\\\/wein-werte.com\\\/de\\\/produkt\\\/artadi-vinas-de-gain-tinto-2018-1500ml\\\/\",\"name\":\"Artadi Vi\u00f1as de Gain Tinto 2018, 1500ml\",\"isPartOf\":{\"@id\":\"https:\\\/\\\/wein-werte.com\\\/de\\\/#website\"},\"primaryImageOfPage\":{\"@id\":\"https:\\\/\\\/wein-werte.com\\\/de\\\/produkt\\\/artadi-vinas-de-gain-tinto-2018-1500ml\\\/#primaryimage\"},\"image\":{\"@id\":\"https:\\\/\\\/wein-werte.com\\\/de\\\/produkt\\\/artadi-vinas-de-gain-tinto-2018-1500ml\\\/#primaryimage\"},\"thumbnailUrl\":\"https:\\\/\\\/wein-werte.com\\\/wp-content\\\/uploads\\\/2026\\\/04\\\/Artadi-Vinas-de-Gain-Tinto-2018-1500ml.png\",\"datePublished\":\"2026-05-08T18:06:27+00:00\",\"description\":\"Kaufe Artadi Vi\u00f1as de Gain Tinto 2018 (Tempranillo, trocken aus Rioja, Spanien) bei Wein Werte, Ihrem nachhaltigen Onlineshop.\",\"breadcrumb\":{\"@id\":\"https:\\\/\\\/wein-werte.com\\\/de\\\/produkt\\\/artadi-vinas-de-gain-tinto-2018-1500ml\\\/#breadcrumb\"},\"inLanguage\":\"de\",\"potentialAction\":[{\"@type\":\"ReadAction\",\"target\":[\"https:\\\/\\\/wein-werte.com\\\/de\\\/produkt\\\/artadi-vinas-de-gain-tinto-2018-1500ml\\\/\"]}]},{\"@type\":\"ImageObject\",\"inLanguage\":\"de\",\"@id\":\"https:\\\/\\\/wein-werte.com\\\/de\\\/produkt\\\/artadi-vinas-de-gain-tinto-2018-1500ml\\\/#primaryimage\",\"url\":\"https:\\\/\\\/wein-werte.com\\\/wp-content\\\/uploads\\\/2026\\\/04\\\/Artadi-Vinas-de-Gain-Tinto-2018-1500ml.png\",\"contentUrl\":\"https:\\\/\\\/wein-werte.com\\\/wp-content\\\/uploads\\\/2026\\\/04\\\/Artadi-Vinas-de-Gain-Tinto-2018-1500ml.png\",\"width\":322,\"height\":1200,\"caption\":\"Artadi Vi\u00f1as de Gain Tinto 2018 1500ml\"},{\"@type\":\"BreadcrumbList\",\"@id\":\"https:\\\/\\\/wein-werte.com\\\/de\\\/produkt\\\/artadi-vinas-de-gain-tinto-2018-1500ml\\\/#breadcrumb\",\"itemListElement\":[{\"@type\":\"ListItem\",\"position\":1,\"name\":\"Home\",\"item\":\"https:\\\/\\\/wein-werte.com\\\/de\\\/\"},{\"@type\":\"ListItem\",\"position\":2,\"name\":\"Shop\",\"item\":\"https:\\\/\\\/wein-werte.com\\\/de\\\/shop\\\/\"},{\"@type\":\"ListItem\",\"position\":3,\"name\":\"Artadi | Rioja | Vi\u00f1as de Gain Tinto | 2018 | 1500ml | bio\"}]},{\"@type\":\"WebSite\",\"@id\":\"https:\\\/\\\/wein-werte.com\\\/de\\\/#website\",\"url\":\"https:\\\/\\\/wein-werte.com\\\/de\\\/\",\"name\":\"Wein Werte\",\"description\":\"\",\"publisher\":{\"@id\":\"https:\\\/\\\/wein-werte.com\\\/de\\\/#organization\"},\"potentialAction\":[{\"@type\":\"SearchAction\",\"target\":{\"@type\":\"EntryPoint\",\"urlTemplate\":\"https:\\\/\\\/wein-werte.com\\\/de\\\/?s={search_term_string}\"},\"query-input\":{\"@type\":\"PropertyValueSpecification\",\"valueRequired\":true,\"valueName\":\"search_term_string\"}}],\"inLanguage\":\"de\"},{\"@type\":\"Organization\",\"@id\":\"https:\\\/\\\/wein-werte.com\\\/de\\\/#organization\",\"name\":\"Vins Fins Thorrold\",\"url\":\"https:\\\/\\\/wein-werte.com\\\/de\\\/\",\"logo\":{\"@type\":\"ImageObject\",\"inLanguage\":\"de\",\"@id\":\"https:\\\/\\\/wein-werte.com\\\/de\\\/#\\\/schema\\\/logo\\\/image\\\/\",\"url\":\"https:\\\/\\\/wein-werte.com\\\/wp-content\\\/uploads\\\/2023\\\/07\\\/Wein_werte_Logo700-1.png\",\"contentUrl\":\"https:\\\/\\\/wein-werte.com\\\/wp-content\\\/uploads\\\/2023\\\/07\\\/Wein_werte_Logo700-1.png\",\"width\":700,\"height\":272,\"caption\":\"Vins Fins Thorrold\"},\"image\":{\"@id\":\"https:\\\/\\\/wein-werte.com\\\/de\\\/#\\\/schema\\\/logo\\\/image\\\/\"}}]}<\/script>\n<!-- \/ Yoast SEO plugin. -->","yoast_head_json":{"title":"Artadi Vi\u00f1as de Gain Tinto 2018, 1500ml","description":"Kaufe Artadi Vi\u00f1as de Gain Tinto 2018 (Tempranillo, trocken aus Rioja, Spanien) bei Wein Werte, Ihrem nachhaltigen Onlineshop.","robots":{"index":"index","follow":"follow","max-snippet":"max-snippet:-1","max-image-preview":"max-image-preview:large","max-video-preview":"max-video-preview:-1"},"canonical":"https:\/\/wein-werte.com\/de\/produkt\/artadi-vinas-de-gain-tinto-2018-1500ml\/","og_locale":"de_DE","og_type":"article","og_title":"Artadi Vi\u00f1as de Gain Tinto 2018, 1500ml","og_description":"Kaufe Artadi Vi\u00f1as de Gain Tinto 2018 (Tempranillo, trocken aus Rioja, Spanien) bei Wein Werte, Ihrem nachhaltigen Onlineshop.","og_url":"https:\/\/wein-werte.com\/de\/produkt\/artadi-vinas-de-gain-tinto-2018-1500ml\/","og_site_name":"Wein Werte","og_image":[{"width":322,"height":1200,"url":"https:\/\/wein-werte.com\/wp-content\/uploads\/2026\/04\/Artadi-Vinas-de-Gain-Tinto-2018-1500ml.png","type":"image\/png"}],"twitter_card":"summary_large_image","twitter_misc":{"Gesch\u00e4tzte Lesezeit":"2\u00a0Minuten"},"schema":{"@context":"https:\/\/schema.org","@graph":[{"@type":"WebPage","@id":"https:\/\/wein-werte.com\/de\/produkt\/artadi-vinas-de-gain-tinto-2018-1500ml\/","url":"https:\/\/wein-werte.com\/de\/produkt\/artadi-vinas-de-gain-tinto-2018-1500ml\/","name":"Artadi Vi\u00f1as de Gain Tinto 2018, 1500ml","isPartOf":{"@id":"https:\/\/wein-werte.com\/de\/#website"},"primaryImageOfPage":{"@id":"https:\/\/wein-werte.com\/de\/produkt\/artadi-vinas-de-gain-tinto-2018-1500ml\/#primaryimage"},"image":{"@id":"https:\/\/wein-werte.com\/de\/produkt\/artadi-vinas-de-gain-tinto-2018-1500ml\/#primaryimage"},"thumbnailUrl":"https:\/\/wein-werte.com\/wp-content\/uploads\/2026\/04\/Artadi-Vinas-de-Gain-Tinto-2018-1500ml.png","datePublished":"2026-05-08T18:06:27+00:00","description":"Kaufe Artadi Vi\u00f1as de Gain Tinto 2018 (Tempranillo, trocken aus Rioja, Spanien) bei Wein Werte, Ihrem nachhaltigen Onlineshop.","breadcrumb":{"@id":"https:\/\/wein-werte.com\/de\/produkt\/artadi-vinas-de-gain-tinto-2018-1500ml\/#breadcrumb"},"inLanguage":"de","potentialAction":[{"@type":"ReadAction","target":["https:\/\/wein-werte.com\/de\/produkt\/artadi-vinas-de-gain-tinto-2018-1500ml\/"]}]},{"@type":"ImageObject","inLanguage":"de","@id":"https:\/\/wein-werte.com\/de\/produkt\/artadi-vinas-de-gain-tinto-2018-1500ml\/#primaryimage","url":"https:\/\/wein-werte.com\/wp-content\/uploads\/2026\/04\/Artadi-Vinas-de-Gain-Tinto-2018-1500ml.png","contentUrl":"https:\/\/wein-werte.com\/wp-content\/uploads\/2026\/04\/Artadi-Vinas-de-Gain-Tinto-2018-1500ml.png","width":322,"height":1200,"caption":"Artadi Vi\u00f1as de Gain Tinto 2018 1500ml"},{"@type":"BreadcrumbList","@id":"https:\/\/wein-werte.com\/de\/produkt\/artadi-vinas-de-gain-tinto-2018-1500ml\/#breadcrumb","itemListElement":[{"@type":"ListItem","position":1,"name":"Home","item":"https:\/\/wein-werte.com\/de\/"},{"@type":"ListItem","position":2,"name":"Shop","item":"https:\/\/wein-werte.com\/de\/shop\/"},{"@type":"ListItem","position":3,"name":"Artadi | Rioja | Vi\u00f1as de Gain Tinto | 2018 | 1500ml | bio"}]},{"@type":"WebSite","@id":"https:\/\/wein-werte.com\/de\/#website","url":"https:\/\/wein-werte.com\/de\/","name":"Wein Werte","description":"","publisher":{"@id":"https:\/\/wein-werte.com\/de\/#organization"},"potentialAction":[{"@type":"SearchAction","target":{"@type":"EntryPoint","urlTemplate":"https:\/\/wein-werte.com\/de\/?s={search_term_string}"},"query-input":{"@type":"PropertyValueSpecification","valueRequired":true,"valueName":"search_term_string"}}],"inLanguage":"de"},{"@type":"Organization","@id":"https:\/\/wein-werte.com\/de\/#organization","name":"Vins Fins Thorrold","url":"https:\/\/wein-werte.com\/de\/","logo":{"@type":"ImageObject","inLanguage":"de","@id":"https:\/\/wein-werte.com\/de\/#\/schema\/logo\/image\/","url":"https:\/\/wein-werte.com\/wp-content\/uploads\/2023\/07\/Wein_werte_Logo700-1.png","contentUrl":"https:\/\/wein-werte.com\/wp-content\/uploads\/2023\/07\/Wein_werte_Logo700-1.png","width":700,"height":272,"caption":"Vins Fins Thorrold"},"image":{"@id":"https:\/\/wein-werte.com\/de\/#\/schema\/logo\/image\/"}}]}},"_links":{"self":[{"href":"https:\/\/wein-werte.com\/de\/wp-json\/wp\/v2\/product\/1134013","targetHints":{"allow":["GET"]}}],"collection":[{"href":"https:\/\/wein-werte.com\/de\/wp-json\/wp\/v2\/product"}],"about":[{"href":"https:\/\/wein-werte.com\/de\/wp-json\/wp\/v2\/types\/product"}],"wp:featuredmedia":[{"embeddable":true,"href":"https:\/\/wein-werte.com\/de\/wp-json\/wp\/v2\/media\/1144306"}],"wp:attachment":[{"href":"https:\/\/wein-werte.com\/de\/wp-json\/wp\/v2\/media?parent=1134013"}],"wp:term":[{"taxonomy":"product_brand","embeddable":true,"href":"https:\/\/wein-werte.com\/de\/wp-json\/wp\/v2\/product_brand?post=1134013"},{"taxonomy":"product_cat","embeddable":true,"href":"https:\/\/wein-werte.com\/de\/wp-json\/wp\/v2\/product_cat?post=1134013"},{"taxonomy":"product_tag","embeddable":true,"href":"https:\/\/wein-werte.com\/de\/wp-json\/wp\/v2\/product_tag?post=1134013"}],"curies":[{"name":"wp","href":"https:\/\/api.w.org\/{rel}","templated":true}]}}