{"id":1134006,"date":"2026-05-12T15:53:38","date_gmt":"2026-05-12T13:53:38","guid":{"rendered":"https:\/\/wein-werte.com\/product\/artazu-pasos-de-san-martin-2016-750ml\/"},"modified":"2026-05-12T19:58:34","modified_gmt":"2026-05-12T17:58:34","slug":"artazu-pasos-de-san-martin-2016-750ml","status":"publish","type":"product","link":"https:\/\/wein-werte.com\/de\/produkt\/artazu-pasos-de-san-martin-2016-750ml\/","title":{"rendered":"Artazu | Navarra | Pasos de San Martin | 2016 | 750ml"},"content":{"rendered":"<p>Produktbeschreibung f\u00fcr Artazu Pasos de San Martin 2016  <\/p>\n<h5>Farbe<\/h5>\n<p> Dunkles Kirschrot, heller Rand, violette Reflexe <\/p>\n<h5>Nase<\/h5>\n<p> Die Grenache aus der Navarra wirkt angekommen im Glas. Die paar Jahre Flaschenreife stehen ihm sehr gut und er konnte das prim\u00e4rfruchtige Gewand ablegen. Cassis, S\u00fc\u00dfkirschen und Pflaume schwirren im Glas. Viel mehr lebt er allerdings von Nelke, Kardamom und Wacholder. Etwas Baumrinde, Fichtennadeln sowie Zedernholz hinterlassen deutlich etherische Spuren. Wei\u00dfer Pfeffer und Zimt runden ihn gelungen ab. <\/p>\n<h5>Gaumen<\/h5>\n<p> Im Antrunk wirkt er ph\u00e4nomenal k\u00fchl. Der Grenache lebt zum Gl\u00fcck von einer packenden S\u00e4urestruktur. Mit viel Zug und Trinkfluss bahnt er sich seinen weg. Dabei wirkt er erstaunlich linear und schlank. Die Frucht wirkt kleinbeerig und s\u00e4uerlich. Die Aromen der Nase kommen in \u00e4hnlicher Zusammenstellung wieder zur Geltung. Im Nachhall ist er noch lange pr\u00e4sent und pr\u00e4sentiert vor allem Sauerkirsche in gro\u00dfen Dosen.<\/p>\n<p>Copyright Vinaturel 2025<\/p>\n<p>Keywords: <a href=\"https:\/\/wein-werte.com\/de\/shop\/?swoof=1&#038;pa_producer=Artazu\">Artazu<\/a> <a href=\"https:\/\/wein-werte.com\/de\/shop\/?swoof=1&#038;woof_text=Pasos de San Martin\">Pasos de San Martin<\/a> 2016  <a href=\"https:\/\/wein-werte.com\/de\/shop\/?swoof=1&#038;pa_region=Navarra\">Navarra<\/a> <a href=\"https:\/\/wein-werte.com\/de\/shop\/?swoof=1&#038;pa_country=Spanien\">Spanien<\/a><\/p>\n<h3>Wine Advocate<\/h3>\n<p>Punkte: 92<\/p>\n<p>\u00dcberraschenderweise fand ich im 2016er Pasos de San Mart\u00edn mehr mediterrane Noten von Kr\u00e4utern, Oregano und sonnengetrockneten Tomaten als im 2017er Santa Cruz de Artazu, trotz des k\u00fchleren Jahrgangs und der k\u00fchleren Zone in San Mart\u00edn de Unx. Dieser Wein reifte nur sieben Monate in 500-Liter-F\u00e4ssern aus franz\u00f6sischer Eiche, und die Eiche wirkt sehr gut integriert, der Wein wirkt blumig und fruchtig. Eine intensive Veilchennote ist stets sp\u00fcrbar. Er ist sch\u00f6n strukturiert, mit feink\u00f6rnigen, kalkigen Tanninen und mehr Frische am Gaumen, als die Nase vermuten l\u00e4sst. 24.000 Flaschen produziert.<br \/>Luis Guti\u00e9rrez<\/p>\n<h3>Vinous<\/h3>\n<p>Punkte: 92<\/p>\n<p>Tiefes, leuchtendes Granatrot. Kr\u00e4ftige rote und dunkle Beeren, Gew\u00fcrze und florale Noten zeichnen sich durch feine Struktur und mineralische Frische aus. Saftig und konzentriert am Gaumen, mit lebendigen Aromen von schwarzen Himbeeren, Kirschen und Boysenbeeren, die sich mit der Luft stetig vertiefen und ausbreiten. Beeindruckende Energie im anhaltenden, sanft tanninhaltigen Abgang, der die Kirsch- und floralen Noten wiederholt. \u2013 Josh Raynolds<br \/>Trinkfenster: 2023\u20132030<br \/>Testdatum: Juni 2021<\/p>\n<p>Internetseite des Weinguts: <a href=\"https:\/\/artadi.com\/en\/artazu-navarra\" target=\"_blank\">https:\/\/artadi.com\/en\/artazu-navarra<\/a><\/p>\n","protected":false},"excerpt":{"rendered":"<div style=\"font-size: 14px;\">\n<p>Lieferzeit: 1 bis 2 Arbeitstage (DE), 2 bis 5 Arbeitstage (EU und CH)<\/p>\n<p>Ungef\u00e4hrer Energiegehalt pro 125-ml-Glas: 115 kcal<\/p>\n<\/p><\/div>\n","protected":false},"featured_media":1144300,"template":"","meta":[],"product_brand":[],"product_cat":[19],"product_tag":[],"class_list":{"0":"post-1134006","1":"product","2":"type-product","3":"status-publish","4":"has-post-thumbnail","6":"product_cat-unkategorisiert","7":"pa_alcohol-for-filter-14-5","8":"pa_certified-biodynamic-nein-de","9":"pa_certified-organic-nein-de","10":"pa_colour-rot","11":"pa_country-spanien","12":"pa_grape-grenache","13":"pa_parker-points-for-filter-92-de","14":"pa_price-for-filter-10589","15":"pa_producer-artazu","16":"pa_region-navarra","17":"pa_size-ml-6584","18":"pa_sweetness-trocken-de","19":"pa_type-2-still-de","20":"pa_vinous-points-for-filter-20029","21":"pa_vintage-2016-de","22":"entry","23":"has-media","25":"first","26":"instock","27":"taxable","28":"shipping-taxable","29":"purchasable","30":"product-type-simple"},"yoast_head":"<!-- This site is optimized with the Yoast SEO plugin v27.6 - https:\/\/yoast.com\/product\/yoast-seo-wordpress\/ -->\n<title>Artazu Pasos de San Martin 2016<\/title>\n<meta name=\"description\" content=\"Kaufe Artazu Pasos de San Martin 2016 (Grenache, trocken aus Navarra, Spanien) bei Wein Werte, Ihrem nachhaltigen Onlineshop.\" \/>\n<meta name=\"robots\" content=\"index, follow, max-snippet:-1, max-image-preview:large, max-video-preview:-1\" \/>\n<link rel=\"canonical\" href=\"https:\/\/wein-werte.com\/de\/produkt\/artazu-pasos-de-san-martin-2016-750ml\/\" \/>\n<meta property=\"og:locale\" content=\"de_DE\" \/>\n<meta property=\"og:type\" content=\"article\" \/>\n<meta property=\"og:title\" content=\"Artazu Pasos de San Martin 2016\" \/>\n<meta property=\"og:description\" content=\"Kaufe Artazu Pasos de San Martin 2016 (Grenache, trocken aus Navarra, Spanien) bei Wein Werte, Ihrem nachhaltigen Onlineshop.\" \/>\n<meta property=\"og:url\" content=\"https:\/\/wein-werte.com\/de\/produkt\/artazu-pasos-de-san-martin-2016-750ml\/\" \/>\n<meta property=\"og:site_name\" content=\"Wein Werte\" \/>\n<meta property=\"article:modified_time\" content=\"2026-05-12T17:58:34+00:00\" \/>\n<meta property=\"og:image\" content=\"https:\/\/wein-werte.com\/wp-content\/uploads\/2026\/04\/Artazu-Pasos-de-San-Martin-2016-750ml.png\" \/>\n\t<meta property=\"og:image:width\" content=\"330\" \/>\n\t<meta property=\"og:image:height\" content=\"1200\" \/>\n\t<meta property=\"og:image:type\" content=\"image\/png\" \/>\n<meta name=\"twitter:card\" content=\"summary_large_image\" \/>\n<meta name=\"twitter:label1\" content=\"Gesch\u00e4tzte Lesezeit\" \/>\n\t<meta name=\"twitter:data1\" content=\"2\u00a0Minuten\" \/>\n<script type=\"application\/ld+json\" class=\"yoast-schema-graph\">{\"@context\":\"https:\\\/\\\/schema.org\",\"@graph\":[{\"@type\":\"WebPage\",\"@id\":\"https:\\\/\\\/wein-werte.com\\\/de\\\/produkt\\\/artazu-pasos-de-san-martin-2016-750ml\\\/\",\"url\":\"https:\\\/\\\/wein-werte.com\\\/de\\\/produkt\\\/artazu-pasos-de-san-martin-2016-750ml\\\/\",\"name\":\"Artazu Pasos de San Martin 2016\",\"isPartOf\":{\"@id\":\"https:\\\/\\\/wein-werte.com\\\/de\\\/#website\"},\"primaryImageOfPage\":{\"@id\":\"https:\\\/\\\/wein-werte.com\\\/de\\\/produkt\\\/artazu-pasos-de-san-martin-2016-750ml\\\/#primaryimage\"},\"image\":{\"@id\":\"https:\\\/\\\/wein-werte.com\\\/de\\\/produkt\\\/artazu-pasos-de-san-martin-2016-750ml\\\/#primaryimage\"},\"thumbnailUrl\":\"https:\\\/\\\/wein-werte.com\\\/wp-content\\\/uploads\\\/2026\\\/04\\\/Artazu-Pasos-de-San-Martin-2016-750ml.png\",\"datePublished\":\"2026-05-12T13:53:38+00:00\",\"dateModified\":\"2026-05-12T17:58:34+00:00\",\"description\":\"Kaufe Artazu Pasos de San Martin 2016 (Grenache, trocken aus Navarra, Spanien) bei Wein Werte, Ihrem nachhaltigen Onlineshop.\",\"breadcrumb\":{\"@id\":\"https:\\\/\\\/wein-werte.com\\\/de\\\/produkt\\\/artazu-pasos-de-san-martin-2016-750ml\\\/#breadcrumb\"},\"inLanguage\":\"de\",\"potentialAction\":[{\"@type\":\"ReadAction\",\"target\":[\"https:\\\/\\\/wein-werte.com\\\/de\\\/produkt\\\/artazu-pasos-de-san-martin-2016-750ml\\\/\"]}]},{\"@type\":\"ImageObject\",\"inLanguage\":\"de\",\"@id\":\"https:\\\/\\\/wein-werte.com\\\/de\\\/produkt\\\/artazu-pasos-de-san-martin-2016-750ml\\\/#primaryimage\",\"url\":\"https:\\\/\\\/wein-werte.com\\\/wp-content\\\/uploads\\\/2026\\\/04\\\/Artazu-Pasos-de-San-Martin-2016-750ml.png\",\"contentUrl\":\"https:\\\/\\\/wein-werte.com\\\/wp-content\\\/uploads\\\/2026\\\/04\\\/Artazu-Pasos-de-San-Martin-2016-750ml.png\",\"width\":330,\"height\":1200,\"caption\":\"Artazu Pasos de San Martin 2016 750ml\"},{\"@type\":\"BreadcrumbList\",\"@id\":\"https:\\\/\\\/wein-werte.com\\\/de\\\/produkt\\\/artazu-pasos-de-san-martin-2016-750ml\\\/#breadcrumb\",\"itemListElement\":[{\"@type\":\"ListItem\",\"position\":1,\"name\":\"Home\",\"item\":\"https:\\\/\\\/wein-werte.com\\\/de\\\/\"},{\"@type\":\"ListItem\",\"position\":2,\"name\":\"Shop\",\"item\":\"https:\\\/\\\/wein-werte.com\\\/de\\\/shop\\\/\"},{\"@type\":\"ListItem\",\"position\":3,\"name\":\"Artazu | Navarra | Pasos de San Martin | 2016 | 750ml\"}]},{\"@type\":\"WebSite\",\"@id\":\"https:\\\/\\\/wein-werte.com\\\/de\\\/#website\",\"url\":\"https:\\\/\\\/wein-werte.com\\\/de\\\/\",\"name\":\"Wein Werte\",\"description\":\"\",\"publisher\":{\"@id\":\"https:\\\/\\\/wein-werte.com\\\/de\\\/#organization\"},\"potentialAction\":[{\"@type\":\"SearchAction\",\"target\":{\"@type\":\"EntryPoint\",\"urlTemplate\":\"https:\\\/\\\/wein-werte.com\\\/de\\\/?s={search_term_string}\"},\"query-input\":{\"@type\":\"PropertyValueSpecification\",\"valueRequired\":true,\"valueName\":\"search_term_string\"}}],\"inLanguage\":\"de\"},{\"@type\":\"Organization\",\"@id\":\"https:\\\/\\\/wein-werte.com\\\/de\\\/#organization\",\"name\":\"Vins Fins Thorrold\",\"url\":\"https:\\\/\\\/wein-werte.com\\\/de\\\/\",\"logo\":{\"@type\":\"ImageObject\",\"inLanguage\":\"de\",\"@id\":\"https:\\\/\\\/wein-werte.com\\\/de\\\/#\\\/schema\\\/logo\\\/image\\\/\",\"url\":\"https:\\\/\\\/wein-werte.com\\\/wp-content\\\/uploads\\\/2023\\\/07\\\/Wein_werte_Logo700-1.png\",\"contentUrl\":\"https:\\\/\\\/wein-werte.com\\\/wp-content\\\/uploads\\\/2023\\\/07\\\/Wein_werte_Logo700-1.png\",\"width\":700,\"height\":272,\"caption\":\"Vins Fins Thorrold\"},\"image\":{\"@id\":\"https:\\\/\\\/wein-werte.com\\\/de\\\/#\\\/schema\\\/logo\\\/image\\\/\"}}]}<\/script>\n<!-- \/ Yoast SEO plugin. -->","yoast_head_json":{"title":"Artazu Pasos de San Martin 2016","description":"Kaufe Artazu Pasos de San Martin 2016 (Grenache, trocken aus Navarra, Spanien) bei Wein Werte, Ihrem nachhaltigen Onlineshop.","robots":{"index":"index","follow":"follow","max-snippet":"max-snippet:-1","max-image-preview":"max-image-preview:large","max-video-preview":"max-video-preview:-1"},"canonical":"https:\/\/wein-werte.com\/de\/produkt\/artazu-pasos-de-san-martin-2016-750ml\/","og_locale":"de_DE","og_type":"article","og_title":"Artazu Pasos de San Martin 2016","og_description":"Kaufe Artazu Pasos de San Martin 2016 (Grenache, trocken aus Navarra, Spanien) bei Wein Werte, Ihrem nachhaltigen Onlineshop.","og_url":"https:\/\/wein-werte.com\/de\/produkt\/artazu-pasos-de-san-martin-2016-750ml\/","og_site_name":"Wein Werte","article_modified_time":"2026-05-12T17:58:34+00:00","og_image":[{"width":330,"height":1200,"url":"https:\/\/wein-werte.com\/wp-content\/uploads\/2026\/04\/Artazu-Pasos-de-San-Martin-2016-750ml.png","type":"image\/png"}],"twitter_card":"summary_large_image","twitter_misc":{"Gesch\u00e4tzte Lesezeit":"2\u00a0Minuten"},"schema":{"@context":"https:\/\/schema.org","@graph":[{"@type":"WebPage","@id":"https:\/\/wein-werte.com\/de\/produkt\/artazu-pasos-de-san-martin-2016-750ml\/","url":"https:\/\/wein-werte.com\/de\/produkt\/artazu-pasos-de-san-martin-2016-750ml\/","name":"Artazu Pasos de San Martin 2016","isPartOf":{"@id":"https:\/\/wein-werte.com\/de\/#website"},"primaryImageOfPage":{"@id":"https:\/\/wein-werte.com\/de\/produkt\/artazu-pasos-de-san-martin-2016-750ml\/#primaryimage"},"image":{"@id":"https:\/\/wein-werte.com\/de\/produkt\/artazu-pasos-de-san-martin-2016-750ml\/#primaryimage"},"thumbnailUrl":"https:\/\/wein-werte.com\/wp-content\/uploads\/2026\/04\/Artazu-Pasos-de-San-Martin-2016-750ml.png","datePublished":"2026-05-12T13:53:38+00:00","dateModified":"2026-05-12T17:58:34+00:00","description":"Kaufe Artazu Pasos de San Martin 2016 (Grenache, trocken aus Navarra, Spanien) bei Wein Werte, Ihrem nachhaltigen Onlineshop.","breadcrumb":{"@id":"https:\/\/wein-werte.com\/de\/produkt\/artazu-pasos-de-san-martin-2016-750ml\/#breadcrumb"},"inLanguage":"de","potentialAction":[{"@type":"ReadAction","target":["https:\/\/wein-werte.com\/de\/produkt\/artazu-pasos-de-san-martin-2016-750ml\/"]}]},{"@type":"ImageObject","inLanguage":"de","@id":"https:\/\/wein-werte.com\/de\/produkt\/artazu-pasos-de-san-martin-2016-750ml\/#primaryimage","url":"https:\/\/wein-werte.com\/wp-content\/uploads\/2026\/04\/Artazu-Pasos-de-San-Martin-2016-750ml.png","contentUrl":"https:\/\/wein-werte.com\/wp-content\/uploads\/2026\/04\/Artazu-Pasos-de-San-Martin-2016-750ml.png","width":330,"height":1200,"caption":"Artazu Pasos de San Martin 2016 750ml"},{"@type":"BreadcrumbList","@id":"https:\/\/wein-werte.com\/de\/produkt\/artazu-pasos-de-san-martin-2016-750ml\/#breadcrumb","itemListElement":[{"@type":"ListItem","position":1,"name":"Home","item":"https:\/\/wein-werte.com\/de\/"},{"@type":"ListItem","position":2,"name":"Shop","item":"https:\/\/wein-werte.com\/de\/shop\/"},{"@type":"ListItem","position":3,"name":"Artazu | Navarra | Pasos de San Martin | 2016 | 750ml"}]},{"@type":"WebSite","@id":"https:\/\/wein-werte.com\/de\/#website","url":"https:\/\/wein-werte.com\/de\/","name":"Wein Werte","description":"","publisher":{"@id":"https:\/\/wein-werte.com\/de\/#organization"},"potentialAction":[{"@type":"SearchAction","target":{"@type":"EntryPoint","urlTemplate":"https:\/\/wein-werte.com\/de\/?s={search_term_string}"},"query-input":{"@type":"PropertyValueSpecification","valueRequired":true,"valueName":"search_term_string"}}],"inLanguage":"de"},{"@type":"Organization","@id":"https:\/\/wein-werte.com\/de\/#organization","name":"Vins Fins Thorrold","url":"https:\/\/wein-werte.com\/de\/","logo":{"@type":"ImageObject","inLanguage":"de","@id":"https:\/\/wein-werte.com\/de\/#\/schema\/logo\/image\/","url":"https:\/\/wein-werte.com\/wp-content\/uploads\/2023\/07\/Wein_werte_Logo700-1.png","contentUrl":"https:\/\/wein-werte.com\/wp-content\/uploads\/2023\/07\/Wein_werte_Logo700-1.png","width":700,"height":272,"caption":"Vins Fins Thorrold"},"image":{"@id":"https:\/\/wein-werte.com\/de\/#\/schema\/logo\/image\/"}}]}},"_links":{"self":[{"href":"https:\/\/wein-werte.com\/de\/wp-json\/wp\/v2\/product\/1134006","targetHints":{"allow":["GET"]}}],"collection":[{"href":"https:\/\/wein-werte.com\/de\/wp-json\/wp\/v2\/product"}],"about":[{"href":"https:\/\/wein-werte.com\/de\/wp-json\/wp\/v2\/types\/product"}],"wp:featuredmedia":[{"embeddable":true,"href":"https:\/\/wein-werte.com\/de\/wp-json\/wp\/v2\/media\/1144300"}],"wp:attachment":[{"href":"https:\/\/wein-werte.com\/de\/wp-json\/wp\/v2\/media?parent=1134006"}],"wp:term":[{"taxonomy":"product_brand","embeddable":true,"href":"https:\/\/wein-werte.com\/de\/wp-json\/wp\/v2\/product_brand?post=1134006"},{"taxonomy":"product_cat","embeddable":true,"href":"https:\/\/wein-werte.com\/de\/wp-json\/wp\/v2\/product_cat?post=1134006"},{"taxonomy":"product_tag","embeddable":true,"href":"https:\/\/wein-werte.com\/de\/wp-json\/wp\/v2\/product_tag?post=1134006"}],"curies":[{"name":"wp","href":"https:\/\/api.w.org\/{rel}","templated":true}]}}