{"id":1133999,"date":"2026-05-05T18:30:58","date_gmt":"2026-05-05T16:30:58","guid":{"rendered":"https:\/\/wein-werte.com\/product\/el-seque-el-seque-2019-750ml\/"},"modified":"2026-04-27T11:51:28","modified_gmt":"2026-04-27T09:51:28","slug":"el-seque-el-seque-2019-750ml","status":"publish","type":"product","link":"https:\/\/wein-werte.com\/de\/produkt\/el-seque-el-seque-2019-750ml\/","title":{"rendered":"El Sequ\u00e9 (Artadi) | Alicante | El Sequ\u00e9 | 2019 | 750ml | bio"},"content":{"rendered":"<p>Produktbeschreibung f\u00fcr El Sequ\u00e9 (Artadi) El Sequ\u00e9 2019 (bio)<\/p>\n<p> Marian Hen\u00df: Dieses Spiel aus (Frucht-)S\u00fc\u00dfe und S\u00e4ure f\u00fchrt er am Gaumen fort. Saftig und fleischig bietet er ein vollmundiges Geschmackserlebnis. Ein zartes Tannin erg\u00e4nzt das straffe S\u00e4ureger\u00fcst sehr gut. Beide Elemente lassen ein hohes Lagerpotenzial vermuten. In gro\u00dfen Schlucken schreitet man bei diesem Wein voran. Die Sauerkirsche pr\u00e4gt das aromatische Bild des Nachhalls eindeutig. Etwas Zedernholz und Salbei gemeinsam mit leicht rauchigen Nuancen erg\u00e4nzen den Schlussmoment. <\/p>\n<h5>Farbe<\/h5>\n<p> Leuchtendes Kirschrot, violette Reflexe <\/p>\n<h5>Nase<\/h5>\n<p> Der Monastrell aus Alicante lebt von einer intensiven Duftigkeit. Ein F\u00fcllhorn an beerigen Aromen ergie\u00dft sich dem geneigten Genie\u00dfer. Heidelbeeren, Holunderbeeren und Himbeeren neben Brombeeren buhlen um die Vorherrschaft. Die Frucht wirkt leicht laktisch und erinnert ein wenig an Kirsch-Sahne-Bonbons. Lakritz, Eukalyptus sowie etwas Minze setzen etherische Duftmarken ab. Nelke und schwarzer Pfeffer runden ihn w\u00fcrzig ab. Er ist einladend und gro\u00dfz\u00fcgig portioniert. Kraftvoll mediterran und dennoch mutet er elegant und k\u00fchl an. <\/p>\n<h5>Gaumen<\/h5>\n<p> El Seque wabert \u00fcber den Gaumen. In Wellen zeigt er Kraft, W\u00fcrze und K\u00fchle zugleich. Die Frucht wirkt dabei seri\u00f6s und erwachsen. Der Monastrell zeigt entgegen seinem Naturell erstaunlich wenig und nur zartes Tannin. Total saftig flie\u00dft er in gro\u00dfen Schlucken und ruft laut \u201eTrinkfluss\u201c. Zupackend Er erf\u00e4hrt dabei enorm viele helle Momente und weist eine kaum zu erwartende Eleganz auf.<\/p>\n<p>Copyright Vinaturel 2025<\/p>\n<p>Keywords: <a href=\"https:\/\/wein-werte.com\/shop\/?swoof=1&#038;pa_producer=El-Sequ\u00e9-(Artadi)\">El Sequ\u00e9 (Artadi)<\/a> <a href=\"https:\/\/wein-werte.com\/de\/shop\/?swoof=1&#038;woof_text=El Sequ\u00e9\">El Sequ\u00e9<\/a> 2019 bio <a href=\"https:\/\/wein-werte.com\/de\/shop\/?swoof=1&#038;pa_region=Alicante\">Alicante<\/a> <a href=\"https:\/\/wein-werte.com\/de\/shop\/?swoof=1&#038;pa_country=Spanien\">Spanien<\/a><\/p>\n<h3>Wine Advocate<\/h3>\n<p>Punkte: 93<\/p>\n<p>Der El Sequ\u00e9 2019 wurde aus reifen Monastrell-Trauben (14,7 % Alkohol) aus biologisch bewirtschafteten Weinbergen in 600 Metern H\u00f6he in Alicante auf sandigen und lehmigen B\u00f6den hergestellt. Der Wein reifte 12 Monate in 500-Liter-F\u00e4ssern aus franz\u00f6sischer Eiche. Es ist ein klassischer mediterraner Jahrgang mit reifen Fr\u00fcchten und Noten von aromatischen Kr\u00e4utern, sortenrein mit Ankl\u00e4ngen von Baumrinde und erdiger Mineralit\u00e4t. Er ist saftig und hat feine Tannine, etwas rustikaler als der 2020er. 50.000 Flaschen produziert. Die Abf\u00fcllung erfolgte im Dezember 2020.<br \/>Luis Guti\u00e9rrez<\/p>\n<p>Internetseite des Weinguts: <a href=\"https:\/\/artadi.com\/en\/seque-alicante\" target=\"_blank\">https:\/\/artadi.com\/en\/seque-alicante<\/a><\/p>\n","protected":false},"excerpt":{"rendered":"<p>Lieferzeit: 1 bis 2 Arbeitstage (DE), 2 bis 5 Arbeitstage (EU and CH)<\/p>\n","protected":false},"featured_media":1144294,"template":"","meta":[],"product_brand":[],"product_cat":[19],"product_tag":[],"class_list":{"0":"post-1133999","1":"product","2":"type-product","3":"status-publish","4":"has-post-thumbnail","6":"product_cat-unkategorisiert","7":"pa_alcohol-for-filter-14-5","8":"pa_certified-biodynamic-nein-de","9":"pa_certified-organic-ja-de","10":"pa_colour-rot","11":"pa_country-spanien","12":"pa_grape-mourvedre-cuvee","13":"pa_parker-points-for-filter-93-de-2","14":"pa_price-for-filter-10568","15":"pa_producer-el-seque-artadi","16":"pa_region-alicante","17":"pa_size-ml-6584","18":"pa_sweetness-trocken-de","19":"pa_type-2-still-de","20":"pa_vintage-2019-de","21":"entry","22":"has-media","24":"first","25":"instock","26":"taxable","27":"shipping-taxable","28":"purchasable","29":"product-type-simple"},"yoast_head":"<!-- This site is optimized with the Yoast SEO plugin v27.5 - https:\/\/yoast.com\/product\/yoast-seo-wordpress\/ -->\n<title>El Sequ\u00e9 El Sequ\u00e9 2019<\/title>\n<meta name=\"description\" content=\"Kaufe El Sequ\u00e9 El Sequ\u00e9 2019 (Mourv\u00e8dre Cuv\u00e9e, trocken aus Alicante, Spanien) bei Wein Werte, Ihrem nachhaltigen Onlineshop.\" \/>\n<meta name=\"robots\" content=\"index, follow, max-snippet:-1, max-image-preview:large, max-video-preview:-1\" \/>\n<link rel=\"canonical\" href=\"https:\/\/wein-werte.com\/de\/produkt\/el-seque-el-seque-2019-750ml\/\" \/>\n<meta property=\"og:locale\" content=\"de_DE\" \/>\n<meta property=\"og:type\" content=\"article\" \/>\n<meta property=\"og:title\" content=\"El Sequ\u00e9 El Sequ\u00e9 2019\" \/>\n<meta property=\"og:description\" content=\"Kaufe El Sequ\u00e9 El Sequ\u00e9 2019 (Mourv\u00e8dre Cuv\u00e9e, trocken aus Alicante, Spanien) bei Wein Werte, Ihrem nachhaltigen Onlineshop.\" \/>\n<meta property=\"og:url\" content=\"https:\/\/wein-werte.com\/de\/produkt\/el-seque-el-seque-2019-750ml\/\" \/>\n<meta property=\"og:site_name\" content=\"Wein Werte\" \/>\n<meta property=\"og:image\" content=\"https:\/\/wein-werte.com\/wp-content\/uploads\/2026\/04\/El-Seque-El-Seque-2019-750ml.png\" \/>\n\t<meta property=\"og:image:width\" content=\"299\" \/>\n\t<meta property=\"og:image:height\" content=\"1200\" \/>\n\t<meta property=\"og:image:type\" content=\"image\/png\" \/>\n<meta name=\"twitter:card\" content=\"summary_large_image\" \/>\n<meta name=\"twitter:label1\" content=\"Gesch\u00e4tzte Lesezeit\" \/>\n\t<meta name=\"twitter:data1\" content=\"2\u00a0Minuten\" \/>\n<script type=\"application\/ld+json\" class=\"yoast-schema-graph\">{\"@context\":\"https:\\\/\\\/schema.org\",\"@graph\":[{\"@type\":\"WebPage\",\"@id\":\"https:\\\/\\\/wein-werte.com\\\/de\\\/produkt\\\/el-seque-el-seque-2019-750ml\\\/\",\"url\":\"https:\\\/\\\/wein-werte.com\\\/de\\\/produkt\\\/el-seque-el-seque-2019-750ml\\\/\",\"name\":\"El Sequ\u00e9 El Sequ\u00e9 2019\",\"isPartOf\":{\"@id\":\"https:\\\/\\\/wein-werte.com\\\/de\\\/#website\"},\"primaryImageOfPage\":{\"@id\":\"https:\\\/\\\/wein-werte.com\\\/de\\\/produkt\\\/el-seque-el-seque-2019-750ml\\\/#primaryimage\"},\"image\":{\"@id\":\"https:\\\/\\\/wein-werte.com\\\/de\\\/produkt\\\/el-seque-el-seque-2019-750ml\\\/#primaryimage\"},\"thumbnailUrl\":\"https:\\\/\\\/wein-werte.com\\\/wp-content\\\/uploads\\\/2026\\\/04\\\/El-Seque-El-Seque-2019-750ml.png\",\"datePublished\":\"2026-05-05T16:30:58+00:00\",\"description\":\"Kaufe El Sequ\u00e9 El Sequ\u00e9 2019 (Mourv\u00e8dre Cuv\u00e9e, trocken aus Alicante, Spanien) bei Wein Werte, Ihrem nachhaltigen Onlineshop.\",\"breadcrumb\":{\"@id\":\"https:\\\/\\\/wein-werte.com\\\/de\\\/produkt\\\/el-seque-el-seque-2019-750ml\\\/#breadcrumb\"},\"inLanguage\":\"de\",\"potentialAction\":[{\"@type\":\"ReadAction\",\"target\":[\"https:\\\/\\\/wein-werte.com\\\/de\\\/produkt\\\/el-seque-el-seque-2019-750ml\\\/\"]}]},{\"@type\":\"ImageObject\",\"inLanguage\":\"de\",\"@id\":\"https:\\\/\\\/wein-werte.com\\\/de\\\/produkt\\\/el-seque-el-seque-2019-750ml\\\/#primaryimage\",\"url\":\"https:\\\/\\\/wein-werte.com\\\/wp-content\\\/uploads\\\/2026\\\/04\\\/El-Seque-El-Seque-2019-750ml.png\",\"contentUrl\":\"https:\\\/\\\/wein-werte.com\\\/wp-content\\\/uploads\\\/2026\\\/04\\\/El-Seque-El-Seque-2019-750ml.png\",\"width\":299,\"height\":1200,\"caption\":\"El Sequ\u00e9 (Artadi) El Sequ\u00e9 2019 750ml\"},{\"@type\":\"BreadcrumbList\",\"@id\":\"https:\\\/\\\/wein-werte.com\\\/de\\\/produkt\\\/el-seque-el-seque-2019-750ml\\\/#breadcrumb\",\"itemListElement\":[{\"@type\":\"ListItem\",\"position\":1,\"name\":\"Home\",\"item\":\"https:\\\/\\\/wein-werte.com\\\/de\\\/\"},{\"@type\":\"ListItem\",\"position\":2,\"name\":\"Shop\",\"item\":\"https:\\\/\\\/wein-werte.com\\\/de\\\/shop\\\/\"},{\"@type\":\"ListItem\",\"position\":3,\"name\":\"El Sequ\u00e9 (Artadi) | Alicante | El Sequ\u00e9 | 2019 | 750ml | bio\"}]},{\"@type\":\"WebSite\",\"@id\":\"https:\\\/\\\/wein-werte.com\\\/de\\\/#website\",\"url\":\"https:\\\/\\\/wein-werte.com\\\/de\\\/\",\"name\":\"Wein Werte\",\"description\":\"\",\"publisher\":{\"@id\":\"https:\\\/\\\/wein-werte.com\\\/de\\\/#organization\"},\"potentialAction\":[{\"@type\":\"SearchAction\",\"target\":{\"@type\":\"EntryPoint\",\"urlTemplate\":\"https:\\\/\\\/wein-werte.com\\\/de\\\/?s={search_term_string}\"},\"query-input\":{\"@type\":\"PropertyValueSpecification\",\"valueRequired\":true,\"valueName\":\"search_term_string\"}}],\"inLanguage\":\"de\"},{\"@type\":\"Organization\",\"@id\":\"https:\\\/\\\/wein-werte.com\\\/de\\\/#organization\",\"name\":\"Vins Fins Thorrold\",\"url\":\"https:\\\/\\\/wein-werte.com\\\/de\\\/\",\"logo\":{\"@type\":\"ImageObject\",\"inLanguage\":\"de\",\"@id\":\"https:\\\/\\\/wein-werte.com\\\/de\\\/#\\\/schema\\\/logo\\\/image\\\/\",\"url\":\"https:\\\/\\\/wein-werte.com\\\/wp-content\\\/uploads\\\/2023\\\/07\\\/Wein_werte_Logo700-1.png\",\"contentUrl\":\"https:\\\/\\\/wein-werte.com\\\/wp-content\\\/uploads\\\/2023\\\/07\\\/Wein_werte_Logo700-1.png\",\"width\":700,\"height\":272,\"caption\":\"Vins Fins Thorrold\"},\"image\":{\"@id\":\"https:\\\/\\\/wein-werte.com\\\/de\\\/#\\\/schema\\\/logo\\\/image\\\/\"}}]}<\/script>\n<!-- \/ Yoast SEO plugin. -->","yoast_head_json":{"title":"El Sequ\u00e9 El Sequ\u00e9 2019","description":"Kaufe El Sequ\u00e9 El Sequ\u00e9 2019 (Mourv\u00e8dre Cuv\u00e9e, trocken aus Alicante, Spanien) bei Wein Werte, Ihrem nachhaltigen Onlineshop.","robots":{"index":"index","follow":"follow","max-snippet":"max-snippet:-1","max-image-preview":"max-image-preview:large","max-video-preview":"max-video-preview:-1"},"canonical":"https:\/\/wein-werte.com\/de\/produkt\/el-seque-el-seque-2019-750ml\/","og_locale":"de_DE","og_type":"article","og_title":"El Sequ\u00e9 El Sequ\u00e9 2019","og_description":"Kaufe El Sequ\u00e9 El Sequ\u00e9 2019 (Mourv\u00e8dre Cuv\u00e9e, trocken aus Alicante, Spanien) bei Wein Werte, Ihrem nachhaltigen Onlineshop.","og_url":"https:\/\/wein-werte.com\/de\/produkt\/el-seque-el-seque-2019-750ml\/","og_site_name":"Wein Werte","og_image":[{"width":299,"height":1200,"url":"https:\/\/wein-werte.com\/wp-content\/uploads\/2026\/04\/El-Seque-El-Seque-2019-750ml.png","type":"image\/png"}],"twitter_card":"summary_large_image","twitter_misc":{"Gesch\u00e4tzte Lesezeit":"2\u00a0Minuten"},"schema":{"@context":"https:\/\/schema.org","@graph":[{"@type":"WebPage","@id":"https:\/\/wein-werte.com\/de\/produkt\/el-seque-el-seque-2019-750ml\/","url":"https:\/\/wein-werte.com\/de\/produkt\/el-seque-el-seque-2019-750ml\/","name":"El Sequ\u00e9 El Sequ\u00e9 2019","isPartOf":{"@id":"https:\/\/wein-werte.com\/de\/#website"},"primaryImageOfPage":{"@id":"https:\/\/wein-werte.com\/de\/produkt\/el-seque-el-seque-2019-750ml\/#primaryimage"},"image":{"@id":"https:\/\/wein-werte.com\/de\/produkt\/el-seque-el-seque-2019-750ml\/#primaryimage"},"thumbnailUrl":"https:\/\/wein-werte.com\/wp-content\/uploads\/2026\/04\/El-Seque-El-Seque-2019-750ml.png","datePublished":"2026-05-05T16:30:58+00:00","description":"Kaufe El Sequ\u00e9 El Sequ\u00e9 2019 (Mourv\u00e8dre Cuv\u00e9e, trocken aus Alicante, Spanien) bei Wein Werte, Ihrem nachhaltigen Onlineshop.","breadcrumb":{"@id":"https:\/\/wein-werte.com\/de\/produkt\/el-seque-el-seque-2019-750ml\/#breadcrumb"},"inLanguage":"de","potentialAction":[{"@type":"ReadAction","target":["https:\/\/wein-werte.com\/de\/produkt\/el-seque-el-seque-2019-750ml\/"]}]},{"@type":"ImageObject","inLanguage":"de","@id":"https:\/\/wein-werte.com\/de\/produkt\/el-seque-el-seque-2019-750ml\/#primaryimage","url":"https:\/\/wein-werte.com\/wp-content\/uploads\/2026\/04\/El-Seque-El-Seque-2019-750ml.png","contentUrl":"https:\/\/wein-werte.com\/wp-content\/uploads\/2026\/04\/El-Seque-El-Seque-2019-750ml.png","width":299,"height":1200,"caption":"El Sequ\u00e9 (Artadi) El Sequ\u00e9 2019 750ml"},{"@type":"BreadcrumbList","@id":"https:\/\/wein-werte.com\/de\/produkt\/el-seque-el-seque-2019-750ml\/#breadcrumb","itemListElement":[{"@type":"ListItem","position":1,"name":"Home","item":"https:\/\/wein-werte.com\/de\/"},{"@type":"ListItem","position":2,"name":"Shop","item":"https:\/\/wein-werte.com\/de\/shop\/"},{"@type":"ListItem","position":3,"name":"El Sequ\u00e9 (Artadi) | Alicante | El Sequ\u00e9 | 2019 | 750ml | bio"}]},{"@type":"WebSite","@id":"https:\/\/wein-werte.com\/de\/#website","url":"https:\/\/wein-werte.com\/de\/","name":"Wein Werte","description":"","publisher":{"@id":"https:\/\/wein-werte.com\/de\/#organization"},"potentialAction":[{"@type":"SearchAction","target":{"@type":"EntryPoint","urlTemplate":"https:\/\/wein-werte.com\/de\/?s={search_term_string}"},"query-input":{"@type":"PropertyValueSpecification","valueRequired":true,"valueName":"search_term_string"}}],"inLanguage":"de"},{"@type":"Organization","@id":"https:\/\/wein-werte.com\/de\/#organization","name":"Vins Fins Thorrold","url":"https:\/\/wein-werte.com\/de\/","logo":{"@type":"ImageObject","inLanguage":"de","@id":"https:\/\/wein-werte.com\/de\/#\/schema\/logo\/image\/","url":"https:\/\/wein-werte.com\/wp-content\/uploads\/2023\/07\/Wein_werte_Logo700-1.png","contentUrl":"https:\/\/wein-werte.com\/wp-content\/uploads\/2023\/07\/Wein_werte_Logo700-1.png","width":700,"height":272,"caption":"Vins Fins Thorrold"},"image":{"@id":"https:\/\/wein-werte.com\/de\/#\/schema\/logo\/image\/"}}]}},"_links":{"self":[{"href":"https:\/\/wein-werte.com\/de\/wp-json\/wp\/v2\/product\/1133999","targetHints":{"allow":["GET"]}}],"collection":[{"href":"https:\/\/wein-werte.com\/de\/wp-json\/wp\/v2\/product"}],"about":[{"href":"https:\/\/wein-werte.com\/de\/wp-json\/wp\/v2\/types\/product"}],"wp:featuredmedia":[{"embeddable":true,"href":"https:\/\/wein-werte.com\/de\/wp-json\/wp\/v2\/media\/1144294"}],"wp:attachment":[{"href":"https:\/\/wein-werte.com\/de\/wp-json\/wp\/v2\/media?parent=1133999"}],"wp:term":[{"taxonomy":"product_brand","embeddable":true,"href":"https:\/\/wein-werte.com\/de\/wp-json\/wp\/v2\/product_brand?post=1133999"},{"taxonomy":"product_cat","embeddable":true,"href":"https:\/\/wein-werte.com\/de\/wp-json\/wp\/v2\/product_cat?post=1133999"},{"taxonomy":"product_tag","embeddable":true,"href":"https:\/\/wein-werte.com\/de\/wp-json\/wp\/v2\/product_tag?post=1133999"}],"curies":[{"name":"wp","href":"https:\/\/api.w.org\/{rel}","templated":true}]}}