{"id":1133992,"date":"2026-05-05T18:30:58","date_gmt":"2026-05-05T16:30:58","guid":{"rendered":"https:\/\/wein-werte.com\/product\/artadi-la-poza-de-ballesteros-2019-750ml\/"},"modified":"2026-04-27T11:51:28","modified_gmt":"2026-04-27T09:51:28","slug":"artadi-la-poza-de-ballesteros-2019-750ml","status":"publish","type":"product","link":"https:\/\/wein-werte.com\/de\/produkt\/artadi-la-poza-de-ballesteros-2019-750ml\/","title":{"rendered":"Artadi | Rioja | La Poza de Ballesteros | 2019 | 750ml | bio"},"content":{"rendered":"<p>Produktbeschreibung f\u00fcr Artadi La Poza de Ballesteros 2019 (bio)<\/p>\n<p> Unter den vielen Weing\u00fctern, die seit den 1980er Jahren weit \u00fcber die Rioja hinaus bekannt geworden sind, nehmen die Bodegas y Vi\u00f1edos Artadi eine Sonderstellung ein. Artadi geh\u00f6rt zur Gebietsspitze, und das mit Weinen, die seit den 1980er Jahren aus rein biologisch, mittlerweile auch biodynamisch bewirtschafteten Weinbergen stammen. Im Jahr 1985 schlossen sich einige Familien zu einer Kooperative zusammen, die sich aber nicht verstand, weshalb zwei der Familien, Lacalle und Laorden, das Weingut \u00fcbernahmen. Die Neugr\u00fcndung 1992 war der Startschuss f\u00fcr den konsequenten Aufstieg von Artadi. Zu dieser Konsequenz geh\u00f6rte auch das Verlassen des Verbandes der Rioja-Winzer, weshalb man den Begriff Rioja auf den Weinetiketten nicht mehr findet. Artadi geh\u00f6rt zu den besten Weing\u00fctern der Region, die einen eher modernen Stil pflegen. Das liegt auch daran, dass man mit Weing\u00e4rten wie El Pis\u00f3n und anderen einige der besten Lagen der Rioja besitzt. <\/p>\n<h5>Info<\/h5>\n<p> Die Geschichte Artadis geht auf ein kooperatives Projekt zur\u00fcck. Im Jahr 1985 schlossen sich mehrere Produzenten zusammen, die der Meinung waren, dass man auch ohne extrem langen Fassausbau in der Region Spitzenweine erzeugen kann. Unter der Leitung von Juan Carlos L\u00f3pez de Lacalle gelang es, \u00fcber die Jahrzehnte diesen Prozess immer weiter zu verfeinern und beachtliche Erfolge zu erzielen. 2016 entschied man sich aus der DOCa Rioja auszusteigen, da sich die Philosophie zu sehr von dem der Rest der Appellation differenzierte. Auch heute produziert Artadi keine Weine der Ausbaustufen Reserva und Gran Reserva. Dennoch wird auf dezenten Holzeisatz nicht verzichtet, ohne dabei jedoch das Terroir zu \u00fcberdecken. In der Serie Single Plot Wines pr\u00e4sentiert Artadi seit wenigen Jahren eine Reihe von Lagenweinen, die fr\u00fcher Teil des Cuv\u00e9es Pagos Viejos waren. Der Weinberg La Poza de Ballesteros liegt auf 600 H\u00f6henmetern in Elvilar de Alava und umfasst 5,6 Hektar. Die Lage wurde 1960 mit Tempranillo bestockt und ist komplett nach Westen exponiert. Der Boden ist tiefgr\u00fcndiger, toniger Kalkstein. <\/p>\n<h5>Farbe<\/h5>\n<p> Leuchtend dunkles Purpur, bl\u00e4ulich-violette Reflexe <\/p>\n<h5>Nase<\/h5>\n<p> Die erste Nase pr\u00e4sentiert direkt eine hohe Intensit\u00e4t. Blaue und violette Bl\u00fcten sorgen f\u00fcr viel Charme, Eleganz und Wohlbefinden. F\u00f6rmlich runden diese Nuancen seine Ecken und Kanten ab. Im Anschluss ergie\u00dft sich ein F\u00fcllhorn an fruchtigen Aromen. Brombeere, Heidelbeere und Cassis stehen neben Feige und S\u00fc\u00dfkirschen. Die Fr\u00fcchte stehen in perfekter Balance zueinander und keine m\u00f6chte der anderen ihren Platz streitig machen. Geschmolzene Zartbitterschokolade, sowie etwas ger\u00f6steter Kaffee und Lakritz sorgen f\u00fcr dunkle Momente von R\u00f6staromen und Spannung. \u00c4hnlich etherisch zeigen sich auf Eukalyptus sowie Pfefferminze. Ein zarter Kokosnuss-Ton schlie\u00dft ihn ab. <\/p>\n<h5>Gaumen<\/h5>\n<p> Artadi verfolgt mit den Einzellagen-Weinen ein klares Konzept und zeigt reichlich Handschrift bei diesen sehr zu empfehlenden Weinen. Sie treten k\u00fchl, seidig und elegant auf. Den Alkohol und seine Fruchtkonzentration wei\u00df La Poza de Ballesteros bestens eizubinden und nahezu zu kaschieren. Die Frucht ist gro\u00dfz\u00fcgig portioniert und intensiv wahrzunehmen. Er versteht aber die Kunst sehr gut, dabei kein Gef\u00fchl von Schwere oder Opulenz zu vermitteln. Fabelhaft. Die W\u00fcrze der Nase, allen voran Schokolade und Lakritz kommen wieder wunderbar hervor. Im Nachhall zeigt er ein Wechselbad der floralen wie fruchtigen Aromen.<\/p>\n<p>Copyright Vinaturel 2025<\/p>\n<p>Keywords: <a href=\"https:\/\/wein-werte.com\/de\/shop\/?swoof=1&#038;pa_producer=Artadi\">Artadi<\/a> <a href=\"https:\/\/wein-werte.com\/de\/shop\/?swoof=1&#038;woof_text=La Poza de Ballesteros\">La Poza de Ballesteros<\/a> 2019 bio <a href=\"https:\/\/wein-werte.com\/de\/shop\/?swoof=1&#038;pa_region=Rioja\">Rioja<\/a> <a href=\"https:\/\/wein-werte.com\/de\/shop\/?swoof=1&#038;pa_country=Spanien\">Spanien<\/a><\/p>\n<h3>Wine Advocate<\/h3>\n<p>Punkte: 93<\/p>\n<p>Der La Poza de Ballesteros 2019 ist ein kraftvoller und reifer Wein mit 14,66 % Alkohol, reifen Fr\u00fcchten, Volumen und runden, dichten Tanninen. Er stammt von einer 1,18 Hektar gro\u00dfen Parzelle mit Reben, die 1960 auf tiefbraunen B\u00f6den gepflanzt wurden. Die Nachmittagssonne und die tieferen B\u00f6den verleihen den Trauben mehr Reife \u2013 und dieser Wein ist stets ein reiferer Ausdruck von Tempranillo. Er hat Noten von schwarzen Fr\u00fcchten und Tabak, ist rund und gro\u00dfz\u00fcgig, sinnlicher, mit runden Tanninen und sofortiger Wirkung. Er ist ausdrucksstark und direkt, sehr sanft. 4.000 Flaschen produziert. Abf\u00fcllung im Juni 2021.<br \/>Luis Guti\u00e9rrez<\/p>\n<p>Internetseite des Weinguts: <a href=\"https:\/\/artadi.com\/en\/artazu-navarra\" target=\"_blank\">https:\/\/artadi.com\/en\/artazu-navarra<\/a><\/p>\n","protected":false},"excerpt":{"rendered":"<p>Lieferzeit: 1 bis 2 Arbeitstage (DE), 2 bis 5 Arbeitstage (EU and CH)<\/p>\n","protected":false},"featured_media":1144288,"template":"","meta":[],"product_brand":[],"product_cat":[19],"product_tag":[],"class_list":{"0":"post-1133992","1":"product","2":"type-product","3":"status-publish","4":"has-post-thumbnail","6":"product_cat-unkategorisiert","7":"pa_alcohol-for-filter-14-5","8":"pa_certified-biodynamic-nein-de","9":"pa_certified-organic-ja-de","10":"pa_colour-rot","11":"pa_country-spanien","12":"pa_grape-tempranillo","13":"pa_parker-points-for-filter-93-de-2","14":"pa_price-for-filter-10593","15":"pa_producer-artadi","16":"pa_region-rioja","17":"pa_size-ml-6584","18":"pa_sweetness-trocken-de","19":"pa_type-2-still-de","20":"pa_vintage-2019-de","21":"entry","22":"has-media","24":"first","25":"instock","26":"taxable","27":"shipping-taxable","28":"purchasable","29":"product-type-simple"},"yoast_head":"<!-- This site is optimized with the Yoast SEO plugin v27.5 - https:\/\/yoast.com\/product\/yoast-seo-wordpress\/ -->\n<title>Artadi La Poza de Ballesteros 2019<\/title>\n<meta name=\"description\" content=\"Kaufe Artadi La Poza de Ballesteros 2019 (Tempranillo, trocken aus Rioja, Spanien) bei Wein Werte, Ihrem nachhaltigen Onlineshop.\" \/>\n<meta name=\"robots\" content=\"index, follow, max-snippet:-1, max-image-preview:large, max-video-preview:-1\" \/>\n<link rel=\"canonical\" href=\"https:\/\/wein-werte.com\/de\/produkt\/artadi-la-poza-de-ballesteros-2019-750ml\/\" \/>\n<meta property=\"og:locale\" content=\"de_DE\" \/>\n<meta property=\"og:type\" content=\"article\" \/>\n<meta property=\"og:title\" content=\"Artadi La Poza de Ballesteros 2019\" \/>\n<meta property=\"og:description\" content=\"Kaufe Artadi La Poza de Ballesteros 2019 (Tempranillo, trocken aus Rioja, Spanien) bei Wein Werte, Ihrem nachhaltigen Onlineshop.\" \/>\n<meta property=\"og:url\" content=\"https:\/\/wein-werte.com\/de\/produkt\/artadi-la-poza-de-ballesteros-2019-750ml\/\" \/>\n<meta property=\"og:site_name\" content=\"Wein Werte\" \/>\n<meta property=\"og:image\" content=\"https:\/\/wein-werte.com\/wp-content\/uploads\/2026\/04\/Artadi-La-Poza-de-Ballesteros-2019-750ml.png\" \/>\n\t<meta property=\"og:image:width\" content=\"344\" \/>\n\t<meta property=\"og:image:height\" content=\"1200\" \/>\n\t<meta property=\"og:image:type\" content=\"image\/png\" \/>\n<meta name=\"twitter:card\" content=\"summary_large_image\" \/>\n<meta name=\"twitter:label1\" content=\"Gesch\u00e4tzte Lesezeit\" \/>\n\t<meta name=\"twitter:data1\" content=\"3\u00a0Minuten\" \/>\n<script type=\"application\/ld+json\" class=\"yoast-schema-graph\">{\"@context\":\"https:\\\/\\\/schema.org\",\"@graph\":[{\"@type\":\"WebPage\",\"@id\":\"https:\\\/\\\/wein-werte.com\\\/de\\\/produkt\\\/artadi-la-poza-de-ballesteros-2019-750ml\\\/\",\"url\":\"https:\\\/\\\/wein-werte.com\\\/de\\\/produkt\\\/artadi-la-poza-de-ballesteros-2019-750ml\\\/\",\"name\":\"Artadi La Poza de Ballesteros 2019\",\"isPartOf\":{\"@id\":\"https:\\\/\\\/wein-werte.com\\\/de\\\/#website\"},\"primaryImageOfPage\":{\"@id\":\"https:\\\/\\\/wein-werte.com\\\/de\\\/produkt\\\/artadi-la-poza-de-ballesteros-2019-750ml\\\/#primaryimage\"},\"image\":{\"@id\":\"https:\\\/\\\/wein-werte.com\\\/de\\\/produkt\\\/artadi-la-poza-de-ballesteros-2019-750ml\\\/#primaryimage\"},\"thumbnailUrl\":\"https:\\\/\\\/wein-werte.com\\\/wp-content\\\/uploads\\\/2026\\\/04\\\/Artadi-La-Poza-de-Ballesteros-2019-750ml.png\",\"datePublished\":\"2026-05-05T16:30:58+00:00\",\"description\":\"Kaufe Artadi La Poza de Ballesteros 2019 (Tempranillo, trocken aus Rioja, Spanien) bei Wein Werte, Ihrem nachhaltigen Onlineshop.\",\"breadcrumb\":{\"@id\":\"https:\\\/\\\/wein-werte.com\\\/de\\\/produkt\\\/artadi-la-poza-de-ballesteros-2019-750ml\\\/#breadcrumb\"},\"inLanguage\":\"de\",\"potentialAction\":[{\"@type\":\"ReadAction\",\"target\":[\"https:\\\/\\\/wein-werte.com\\\/de\\\/produkt\\\/artadi-la-poza-de-ballesteros-2019-750ml\\\/\"]}]},{\"@type\":\"ImageObject\",\"inLanguage\":\"de\",\"@id\":\"https:\\\/\\\/wein-werte.com\\\/de\\\/produkt\\\/artadi-la-poza-de-ballesteros-2019-750ml\\\/#primaryimage\",\"url\":\"https:\\\/\\\/wein-werte.com\\\/wp-content\\\/uploads\\\/2026\\\/04\\\/Artadi-La-Poza-de-Ballesteros-2019-750ml.png\",\"contentUrl\":\"https:\\\/\\\/wein-werte.com\\\/wp-content\\\/uploads\\\/2026\\\/04\\\/Artadi-La-Poza-de-Ballesteros-2019-750ml.png\",\"width\":344,\"height\":1200,\"caption\":\"Artadi La Poza de Ballesteros 2019 750ml\"},{\"@type\":\"BreadcrumbList\",\"@id\":\"https:\\\/\\\/wein-werte.com\\\/de\\\/produkt\\\/artadi-la-poza-de-ballesteros-2019-750ml\\\/#breadcrumb\",\"itemListElement\":[{\"@type\":\"ListItem\",\"position\":1,\"name\":\"Home\",\"item\":\"https:\\\/\\\/wein-werte.com\\\/de\\\/\"},{\"@type\":\"ListItem\",\"position\":2,\"name\":\"Shop\",\"item\":\"https:\\\/\\\/wein-werte.com\\\/de\\\/shop\\\/\"},{\"@type\":\"ListItem\",\"position\":3,\"name\":\"Artadi | Rioja | La Poza de Ballesteros | 2019 | 750ml | bio\"}]},{\"@type\":\"WebSite\",\"@id\":\"https:\\\/\\\/wein-werte.com\\\/de\\\/#website\",\"url\":\"https:\\\/\\\/wein-werte.com\\\/de\\\/\",\"name\":\"Wein Werte\",\"description\":\"\",\"publisher\":{\"@id\":\"https:\\\/\\\/wein-werte.com\\\/de\\\/#organization\"},\"potentialAction\":[{\"@type\":\"SearchAction\",\"target\":{\"@type\":\"EntryPoint\",\"urlTemplate\":\"https:\\\/\\\/wein-werte.com\\\/de\\\/?s={search_term_string}\"},\"query-input\":{\"@type\":\"PropertyValueSpecification\",\"valueRequired\":true,\"valueName\":\"search_term_string\"}}],\"inLanguage\":\"de\"},{\"@type\":\"Organization\",\"@id\":\"https:\\\/\\\/wein-werte.com\\\/de\\\/#organization\",\"name\":\"Vins Fins Thorrold\",\"url\":\"https:\\\/\\\/wein-werte.com\\\/de\\\/\",\"logo\":{\"@type\":\"ImageObject\",\"inLanguage\":\"de\",\"@id\":\"https:\\\/\\\/wein-werte.com\\\/de\\\/#\\\/schema\\\/logo\\\/image\\\/\",\"url\":\"https:\\\/\\\/wein-werte.com\\\/wp-content\\\/uploads\\\/2023\\\/07\\\/Wein_werte_Logo700-1.png\",\"contentUrl\":\"https:\\\/\\\/wein-werte.com\\\/wp-content\\\/uploads\\\/2023\\\/07\\\/Wein_werte_Logo700-1.png\",\"width\":700,\"height\":272,\"caption\":\"Vins Fins Thorrold\"},\"image\":{\"@id\":\"https:\\\/\\\/wein-werte.com\\\/de\\\/#\\\/schema\\\/logo\\\/image\\\/\"}}]}<\/script>\n<!-- \/ Yoast SEO plugin. -->","yoast_head_json":{"title":"Artadi La Poza de Ballesteros 2019","description":"Kaufe Artadi La Poza de Ballesteros 2019 (Tempranillo, trocken aus Rioja, Spanien) bei Wein Werte, Ihrem nachhaltigen Onlineshop.","robots":{"index":"index","follow":"follow","max-snippet":"max-snippet:-1","max-image-preview":"max-image-preview:large","max-video-preview":"max-video-preview:-1"},"canonical":"https:\/\/wein-werte.com\/de\/produkt\/artadi-la-poza-de-ballesteros-2019-750ml\/","og_locale":"de_DE","og_type":"article","og_title":"Artadi La Poza de Ballesteros 2019","og_description":"Kaufe Artadi La Poza de Ballesteros 2019 (Tempranillo, trocken aus Rioja, Spanien) bei Wein Werte, Ihrem nachhaltigen Onlineshop.","og_url":"https:\/\/wein-werte.com\/de\/produkt\/artadi-la-poza-de-ballesteros-2019-750ml\/","og_site_name":"Wein Werte","og_image":[{"width":344,"height":1200,"url":"https:\/\/wein-werte.com\/wp-content\/uploads\/2026\/04\/Artadi-La-Poza-de-Ballesteros-2019-750ml.png","type":"image\/png"}],"twitter_card":"summary_large_image","twitter_misc":{"Gesch\u00e4tzte Lesezeit":"3\u00a0Minuten"},"schema":{"@context":"https:\/\/schema.org","@graph":[{"@type":"WebPage","@id":"https:\/\/wein-werte.com\/de\/produkt\/artadi-la-poza-de-ballesteros-2019-750ml\/","url":"https:\/\/wein-werte.com\/de\/produkt\/artadi-la-poza-de-ballesteros-2019-750ml\/","name":"Artadi La Poza de Ballesteros 2019","isPartOf":{"@id":"https:\/\/wein-werte.com\/de\/#website"},"primaryImageOfPage":{"@id":"https:\/\/wein-werte.com\/de\/produkt\/artadi-la-poza-de-ballesteros-2019-750ml\/#primaryimage"},"image":{"@id":"https:\/\/wein-werte.com\/de\/produkt\/artadi-la-poza-de-ballesteros-2019-750ml\/#primaryimage"},"thumbnailUrl":"https:\/\/wein-werte.com\/wp-content\/uploads\/2026\/04\/Artadi-La-Poza-de-Ballesteros-2019-750ml.png","datePublished":"2026-05-05T16:30:58+00:00","description":"Kaufe Artadi La Poza de Ballesteros 2019 (Tempranillo, trocken aus Rioja, Spanien) bei Wein Werte, Ihrem nachhaltigen Onlineshop.","breadcrumb":{"@id":"https:\/\/wein-werte.com\/de\/produkt\/artadi-la-poza-de-ballesteros-2019-750ml\/#breadcrumb"},"inLanguage":"de","potentialAction":[{"@type":"ReadAction","target":["https:\/\/wein-werte.com\/de\/produkt\/artadi-la-poza-de-ballesteros-2019-750ml\/"]}]},{"@type":"ImageObject","inLanguage":"de","@id":"https:\/\/wein-werte.com\/de\/produkt\/artadi-la-poza-de-ballesteros-2019-750ml\/#primaryimage","url":"https:\/\/wein-werte.com\/wp-content\/uploads\/2026\/04\/Artadi-La-Poza-de-Ballesteros-2019-750ml.png","contentUrl":"https:\/\/wein-werte.com\/wp-content\/uploads\/2026\/04\/Artadi-La-Poza-de-Ballesteros-2019-750ml.png","width":344,"height":1200,"caption":"Artadi La Poza de Ballesteros 2019 750ml"},{"@type":"BreadcrumbList","@id":"https:\/\/wein-werte.com\/de\/produkt\/artadi-la-poza-de-ballesteros-2019-750ml\/#breadcrumb","itemListElement":[{"@type":"ListItem","position":1,"name":"Home","item":"https:\/\/wein-werte.com\/de\/"},{"@type":"ListItem","position":2,"name":"Shop","item":"https:\/\/wein-werte.com\/de\/shop\/"},{"@type":"ListItem","position":3,"name":"Artadi | Rioja | La Poza de Ballesteros | 2019 | 750ml | bio"}]},{"@type":"WebSite","@id":"https:\/\/wein-werte.com\/de\/#website","url":"https:\/\/wein-werte.com\/de\/","name":"Wein Werte","description":"","publisher":{"@id":"https:\/\/wein-werte.com\/de\/#organization"},"potentialAction":[{"@type":"SearchAction","target":{"@type":"EntryPoint","urlTemplate":"https:\/\/wein-werte.com\/de\/?s={search_term_string}"},"query-input":{"@type":"PropertyValueSpecification","valueRequired":true,"valueName":"search_term_string"}}],"inLanguage":"de"},{"@type":"Organization","@id":"https:\/\/wein-werte.com\/de\/#organization","name":"Vins Fins Thorrold","url":"https:\/\/wein-werte.com\/de\/","logo":{"@type":"ImageObject","inLanguage":"de","@id":"https:\/\/wein-werte.com\/de\/#\/schema\/logo\/image\/","url":"https:\/\/wein-werte.com\/wp-content\/uploads\/2023\/07\/Wein_werte_Logo700-1.png","contentUrl":"https:\/\/wein-werte.com\/wp-content\/uploads\/2023\/07\/Wein_werte_Logo700-1.png","width":700,"height":272,"caption":"Vins Fins Thorrold"},"image":{"@id":"https:\/\/wein-werte.com\/de\/#\/schema\/logo\/image\/"}}]}},"_links":{"self":[{"href":"https:\/\/wein-werte.com\/de\/wp-json\/wp\/v2\/product\/1133992","targetHints":{"allow":["GET"]}}],"collection":[{"href":"https:\/\/wein-werte.com\/de\/wp-json\/wp\/v2\/product"}],"about":[{"href":"https:\/\/wein-werte.com\/de\/wp-json\/wp\/v2\/types\/product"}],"wp:featuredmedia":[{"embeddable":true,"href":"https:\/\/wein-werte.com\/de\/wp-json\/wp\/v2\/media\/1144288"}],"wp:attachment":[{"href":"https:\/\/wein-werte.com\/de\/wp-json\/wp\/v2\/media?parent=1133992"}],"wp:term":[{"taxonomy":"product_brand","embeddable":true,"href":"https:\/\/wein-werte.com\/de\/wp-json\/wp\/v2\/product_brand?post=1133992"},{"taxonomy":"product_cat","embeddable":true,"href":"https:\/\/wein-werte.com\/de\/wp-json\/wp\/v2\/product_cat?post=1133992"},{"taxonomy":"product_tag","embeddable":true,"href":"https:\/\/wein-werte.com\/de\/wp-json\/wp\/v2\/product_tag?post=1133992"}],"curies":[{"name":"wp","href":"https:\/\/api.w.org\/{rel}","templated":true}]}}