{"id":1133916,"date":"2026-05-08T20:06:22","date_gmt":"2026-05-08T18:06:22","guid":{"rendered":"https:\/\/wein-werte.com\/product\/felix-callejo-vina-pilar-clarete-2022-750ml\/"},"modified":"2026-04-27T11:51:22","modified_gmt":"2026-04-27T09:51:22","slug":"felix-callejo-vina-pilar-clarete-2022-750ml","status":"publish","type":"product","link":"https:\/\/wein-werte.com\/de\/produkt\/felix-callejo-vina-pilar-clarete-2022-750ml\/","title":{"rendered":"Felix Callejo | Ribera del Duero | Vi\u00f1a Pilar Clarete | 2022 | 750ml"},"content":{"rendered":"<p>Produktbeschreibung f\u00fcr Felix Callejo Vi\u00f1a Pilar Clarete 2022  <\/p>\n<h5>Informationen zum Wein<\/h5>\n<p> Das Keltern von Ros\u00e9s aus Rot- und Wei\u00dfweintrauben hat im Duero-Gebiet eine lange Tradition. Man spricht in diesem Fall von einem \u201eClarete\u201c. Das erstklassige Weingut Felix Callejo, immer noch so etwas wie ein Geheimtipp, besinnt sich auf diese alte Tradition: Der \u201eVi\u00f1a Pilar Clarete 2022\u201c entsteht aus jeweils 50 Prozent Tempranillo (Tinto Fino) und der wei\u00dfen autochthonen Rebsorte Albillo Mayor. Die Trauben stammen aus zwei Weinbergen auf \u00fcber 900 Metern H\u00f6he auf der Hochebene \u00fcber dem Duero-Tal. Im Zuge des Klimawandels werden diese k\u00fchleren Lagen immer begehrter. Bei diesem Clarete wurden die blauen und wei\u00dfen Trauben gemeinsam spontan vergoren, und der Wein reifte 14 Monate auf der Feinhefe in Betoneiern und in 500-Liter-Eichenf\u00e4ssern. <\/p>\n<h5>Farbe<\/h5>\n<p> Lachsfarben <\/p>\n<h5>Nase<\/h5>\n<p> Das Bukett ist ausdrucksstark mit floralen Aromen und roten Fr\u00fcchten. Die Nase ist sinnlich-frisch und balanciert und hat einen mineralischen Unterton, der zur Komplexit\u00e4t beitr\u00e4gt. <\/p>\n<h5>Gaumen<\/h5>\n<p> Im Mund zeigt dieser Ros\u00e9 eine tolle Balance aus S\u00e4ure, K\u00f6rper und Tanninen. Alles ist fabelhaft eingebunden und in Harmonie, auch die 14% Alkohol. Der \u201eVi\u00f1a Pilar Clarete 2022\u201c hat feinseidige Tannine, eine elegante Textur und eine sch\u00f6ne L\u00e4nge im Abgang. Dies ist ein Ros\u00e9 mit Fokus auf Feinheit, der die rote Frucht des Tempranillo und die animierende Frische des Albillo Mayor wunderbar vereint. Ein weiterer Beweis daf\u00fcr, dass Ribera del Duero viel mehr als nur Rotwein kann.<\/p>\n<p>Copyright Vinaturel 2025<\/p>\n<p>Keywords: <a href=\"https:\/\/wein-werte.com\/de\/shop\/?swoof=1&#038;pa_producer=Felix-Callejo\">Felix Callejo<\/a> <a href=\"https:\/\/wein-werte.com\/de\/shop\/?swoof=1&#038;woof_text=Vi\u00f1a Pilar Clarete\">Vi\u00f1a Pilar Clarete<\/a> 2022  <a href=\"https:\/\/wein-werte.com\/de\/shop\/?swoof=1&#038;pa_region=Ribera del Duero\">Ribera-del-Duero<\/a> <a href=\"https:\/\/wein-werte.com\/de\/shop\/?swoof=1&#038;pa_country=Spanien\">Spanien<\/a><\/p>\n<p>Internetseite des Weinguts: <a href=\"https:\/\/www.bodegasfelixcallejo.com\/en\/\" target=\"_blank\">https:\/\/www.bodegasfelixcallejo.com\/en\/<\/a><\/p>\n","protected":false},"excerpt":{"rendered":"<p>Lieferzeit: 1 bis 2 Arbeitstage (DE), 2 bis 5 Arbeitstage (EU and CH)<\/p>\n","protected":false},"featured_media":1144228,"template":"","meta":[],"product_brand":[],"product_cat":[19],"product_tag":[],"class_list":{"0":"post-1133916","1":"product","2":"type-product","3":"status-publish","4":"has-post-thumbnail","6":"product_cat-unkategorisiert","7":"pa_alcohol-for-filter-12892","8":"pa_certified-biodynamic-nein-de","9":"pa_certified-organic-nein-de","10":"pa_colour-rose-de","11":"pa_country-spanien","12":"pa_grape-tempranillo-cuvee","13":"pa_price-for-filter-10566","14":"pa_producer-felix-callejo","15":"pa_region-ribera-del-duero","16":"pa_size-ml-6584","17":"pa_sweetness-trocken-de","18":"pa_type-2-still-de","19":"pa_vintage-2022-de","20":"entry","21":"has-media","23":"first","24":"instock","25":"taxable","26":"shipping-taxable","27":"purchasable","28":"product-type-simple"},"yoast_head":"<!-- This site is optimized with the Yoast SEO plugin v27.5 - https:\/\/yoast.com\/product\/yoast-seo-wordpress\/ -->\n<title>Felix Callejo Vi\u00f1a Pilar Clarete 2022<\/title>\n<meta name=\"description\" content=\"Kaufe Felix Callejo Vi\u00f1a Pilar Clarete 2022 (Tempranillo Cuv\u00e9e, trocken aus Ribera del Duero, Spanien) bei Wein Werte, Ihrem nachhaltigen Onlineshop.\" \/>\n<meta name=\"robots\" content=\"index, follow, max-snippet:-1, max-image-preview:large, max-video-preview:-1\" \/>\n<link rel=\"canonical\" href=\"https:\/\/wein-werte.com\/de\/produkt\/felix-callejo-vina-pilar-clarete-2022-750ml\/\" \/>\n<meta property=\"og:locale\" content=\"de_DE\" \/>\n<meta property=\"og:type\" content=\"article\" \/>\n<meta property=\"og:title\" content=\"Felix Callejo Vi\u00f1a Pilar Clarete 2022\" \/>\n<meta property=\"og:description\" content=\"Kaufe Felix Callejo Vi\u00f1a Pilar Clarete 2022 (Tempranillo Cuv\u00e9e, trocken aus Ribera del Duero, Spanien) bei Wein Werte, Ihrem nachhaltigen Onlineshop.\" \/>\n<meta property=\"og:url\" content=\"https:\/\/wein-werte.com\/de\/produkt\/felix-callejo-vina-pilar-clarete-2022-750ml\/\" \/>\n<meta property=\"og:site_name\" content=\"Wein Werte\" \/>\n<meta property=\"og:image\" content=\"https:\/\/wein-werte.com\/wp-content\/uploads\/2026\/04\/Felix-Callejo-Vina-Pilar-Clarete-2022-750ml.png\" \/>\n\t<meta property=\"og:image:width\" content=\"326\" \/>\n\t<meta property=\"og:image:height\" content=\"1200\" \/>\n\t<meta property=\"og:image:type\" content=\"image\/png\" \/>\n<meta name=\"twitter:card\" content=\"summary_large_image\" \/>\n<meta name=\"twitter:label1\" content=\"Gesch\u00e4tzte Lesezeit\" \/>\n\t<meta name=\"twitter:data1\" content=\"1\u00a0Minute\" \/>\n<script type=\"application\/ld+json\" class=\"yoast-schema-graph\">{\"@context\":\"https:\\\/\\\/schema.org\",\"@graph\":[{\"@type\":\"WebPage\",\"@id\":\"https:\\\/\\\/wein-werte.com\\\/de\\\/produkt\\\/felix-callejo-vina-pilar-clarete-2022-750ml\\\/\",\"url\":\"https:\\\/\\\/wein-werte.com\\\/de\\\/produkt\\\/felix-callejo-vina-pilar-clarete-2022-750ml\\\/\",\"name\":\"Felix Callejo Vi\u00f1a Pilar Clarete 2022\",\"isPartOf\":{\"@id\":\"https:\\\/\\\/wein-werte.com\\\/de\\\/#website\"},\"primaryImageOfPage\":{\"@id\":\"https:\\\/\\\/wein-werte.com\\\/de\\\/produkt\\\/felix-callejo-vina-pilar-clarete-2022-750ml\\\/#primaryimage\"},\"image\":{\"@id\":\"https:\\\/\\\/wein-werte.com\\\/de\\\/produkt\\\/felix-callejo-vina-pilar-clarete-2022-750ml\\\/#primaryimage\"},\"thumbnailUrl\":\"https:\\\/\\\/wein-werte.com\\\/wp-content\\\/uploads\\\/2026\\\/04\\\/Felix-Callejo-Vina-Pilar-Clarete-2022-750ml.png\",\"datePublished\":\"2026-05-08T18:06:22+00:00\",\"description\":\"Kaufe Felix Callejo Vi\u00f1a Pilar Clarete 2022 (Tempranillo Cuv\u00e9e, trocken aus Ribera del Duero, Spanien) bei Wein Werte, Ihrem nachhaltigen Onlineshop.\",\"breadcrumb\":{\"@id\":\"https:\\\/\\\/wein-werte.com\\\/de\\\/produkt\\\/felix-callejo-vina-pilar-clarete-2022-750ml\\\/#breadcrumb\"},\"inLanguage\":\"de\",\"potentialAction\":[{\"@type\":\"ReadAction\",\"target\":[\"https:\\\/\\\/wein-werte.com\\\/de\\\/produkt\\\/felix-callejo-vina-pilar-clarete-2022-750ml\\\/\"]}]},{\"@type\":\"ImageObject\",\"inLanguage\":\"de\",\"@id\":\"https:\\\/\\\/wein-werte.com\\\/de\\\/produkt\\\/felix-callejo-vina-pilar-clarete-2022-750ml\\\/#primaryimage\",\"url\":\"https:\\\/\\\/wein-werte.com\\\/wp-content\\\/uploads\\\/2026\\\/04\\\/Felix-Callejo-Vina-Pilar-Clarete-2022-750ml.png\",\"contentUrl\":\"https:\\\/\\\/wein-werte.com\\\/wp-content\\\/uploads\\\/2026\\\/04\\\/Felix-Callejo-Vina-Pilar-Clarete-2022-750ml.png\",\"width\":326,\"height\":1200,\"caption\":\"Felix Callejo Vi\u00f1a Pilar Clarete 2022 750ml\"},{\"@type\":\"BreadcrumbList\",\"@id\":\"https:\\\/\\\/wein-werte.com\\\/de\\\/produkt\\\/felix-callejo-vina-pilar-clarete-2022-750ml\\\/#breadcrumb\",\"itemListElement\":[{\"@type\":\"ListItem\",\"position\":1,\"name\":\"Home\",\"item\":\"https:\\\/\\\/wein-werte.com\\\/de\\\/\"},{\"@type\":\"ListItem\",\"position\":2,\"name\":\"Shop\",\"item\":\"https:\\\/\\\/wein-werte.com\\\/de\\\/shop\\\/\"},{\"@type\":\"ListItem\",\"position\":3,\"name\":\"Felix Callejo | Ribera del Duero | Vi\u00f1a Pilar Clarete | 2022 | 750ml\"}]},{\"@type\":\"WebSite\",\"@id\":\"https:\\\/\\\/wein-werte.com\\\/de\\\/#website\",\"url\":\"https:\\\/\\\/wein-werte.com\\\/de\\\/\",\"name\":\"Wein Werte\",\"description\":\"\",\"publisher\":{\"@id\":\"https:\\\/\\\/wein-werte.com\\\/de\\\/#organization\"},\"potentialAction\":[{\"@type\":\"SearchAction\",\"target\":{\"@type\":\"EntryPoint\",\"urlTemplate\":\"https:\\\/\\\/wein-werte.com\\\/de\\\/?s={search_term_string}\"},\"query-input\":{\"@type\":\"PropertyValueSpecification\",\"valueRequired\":true,\"valueName\":\"search_term_string\"}}],\"inLanguage\":\"de\"},{\"@type\":\"Organization\",\"@id\":\"https:\\\/\\\/wein-werte.com\\\/de\\\/#organization\",\"name\":\"Vins Fins Thorrold\",\"url\":\"https:\\\/\\\/wein-werte.com\\\/de\\\/\",\"logo\":{\"@type\":\"ImageObject\",\"inLanguage\":\"de\",\"@id\":\"https:\\\/\\\/wein-werte.com\\\/de\\\/#\\\/schema\\\/logo\\\/image\\\/\",\"url\":\"https:\\\/\\\/wein-werte.com\\\/wp-content\\\/uploads\\\/2023\\\/07\\\/Wein_werte_Logo700-1.png\",\"contentUrl\":\"https:\\\/\\\/wein-werte.com\\\/wp-content\\\/uploads\\\/2023\\\/07\\\/Wein_werte_Logo700-1.png\",\"width\":700,\"height\":272,\"caption\":\"Vins Fins Thorrold\"},\"image\":{\"@id\":\"https:\\\/\\\/wein-werte.com\\\/de\\\/#\\\/schema\\\/logo\\\/image\\\/\"}}]}<\/script>\n<!-- \/ Yoast SEO plugin. -->","yoast_head_json":{"title":"Felix Callejo Vi\u00f1a Pilar Clarete 2022","description":"Kaufe Felix Callejo Vi\u00f1a Pilar Clarete 2022 (Tempranillo Cuv\u00e9e, trocken aus Ribera del Duero, Spanien) bei Wein Werte, Ihrem nachhaltigen Onlineshop.","robots":{"index":"index","follow":"follow","max-snippet":"max-snippet:-1","max-image-preview":"max-image-preview:large","max-video-preview":"max-video-preview:-1"},"canonical":"https:\/\/wein-werte.com\/de\/produkt\/felix-callejo-vina-pilar-clarete-2022-750ml\/","og_locale":"de_DE","og_type":"article","og_title":"Felix Callejo Vi\u00f1a Pilar Clarete 2022","og_description":"Kaufe Felix Callejo Vi\u00f1a Pilar Clarete 2022 (Tempranillo Cuv\u00e9e, trocken aus Ribera del Duero, Spanien) bei Wein Werte, Ihrem nachhaltigen Onlineshop.","og_url":"https:\/\/wein-werte.com\/de\/produkt\/felix-callejo-vina-pilar-clarete-2022-750ml\/","og_site_name":"Wein Werte","og_image":[{"width":326,"height":1200,"url":"https:\/\/wein-werte.com\/wp-content\/uploads\/2026\/04\/Felix-Callejo-Vina-Pilar-Clarete-2022-750ml.png","type":"image\/png"}],"twitter_card":"summary_large_image","twitter_misc":{"Gesch\u00e4tzte Lesezeit":"1\u00a0Minute"},"schema":{"@context":"https:\/\/schema.org","@graph":[{"@type":"WebPage","@id":"https:\/\/wein-werte.com\/de\/produkt\/felix-callejo-vina-pilar-clarete-2022-750ml\/","url":"https:\/\/wein-werte.com\/de\/produkt\/felix-callejo-vina-pilar-clarete-2022-750ml\/","name":"Felix Callejo Vi\u00f1a Pilar Clarete 2022","isPartOf":{"@id":"https:\/\/wein-werte.com\/de\/#website"},"primaryImageOfPage":{"@id":"https:\/\/wein-werte.com\/de\/produkt\/felix-callejo-vina-pilar-clarete-2022-750ml\/#primaryimage"},"image":{"@id":"https:\/\/wein-werte.com\/de\/produkt\/felix-callejo-vina-pilar-clarete-2022-750ml\/#primaryimage"},"thumbnailUrl":"https:\/\/wein-werte.com\/wp-content\/uploads\/2026\/04\/Felix-Callejo-Vina-Pilar-Clarete-2022-750ml.png","datePublished":"2026-05-08T18:06:22+00:00","description":"Kaufe Felix Callejo Vi\u00f1a Pilar Clarete 2022 (Tempranillo Cuv\u00e9e, trocken aus Ribera del Duero, Spanien) bei Wein Werte, Ihrem nachhaltigen Onlineshop.","breadcrumb":{"@id":"https:\/\/wein-werte.com\/de\/produkt\/felix-callejo-vina-pilar-clarete-2022-750ml\/#breadcrumb"},"inLanguage":"de","potentialAction":[{"@type":"ReadAction","target":["https:\/\/wein-werte.com\/de\/produkt\/felix-callejo-vina-pilar-clarete-2022-750ml\/"]}]},{"@type":"ImageObject","inLanguage":"de","@id":"https:\/\/wein-werte.com\/de\/produkt\/felix-callejo-vina-pilar-clarete-2022-750ml\/#primaryimage","url":"https:\/\/wein-werte.com\/wp-content\/uploads\/2026\/04\/Felix-Callejo-Vina-Pilar-Clarete-2022-750ml.png","contentUrl":"https:\/\/wein-werte.com\/wp-content\/uploads\/2026\/04\/Felix-Callejo-Vina-Pilar-Clarete-2022-750ml.png","width":326,"height":1200,"caption":"Felix Callejo Vi\u00f1a Pilar Clarete 2022 750ml"},{"@type":"BreadcrumbList","@id":"https:\/\/wein-werte.com\/de\/produkt\/felix-callejo-vina-pilar-clarete-2022-750ml\/#breadcrumb","itemListElement":[{"@type":"ListItem","position":1,"name":"Home","item":"https:\/\/wein-werte.com\/de\/"},{"@type":"ListItem","position":2,"name":"Shop","item":"https:\/\/wein-werte.com\/de\/shop\/"},{"@type":"ListItem","position":3,"name":"Felix Callejo | Ribera del Duero | Vi\u00f1a Pilar Clarete | 2022 | 750ml"}]},{"@type":"WebSite","@id":"https:\/\/wein-werte.com\/de\/#website","url":"https:\/\/wein-werte.com\/de\/","name":"Wein Werte","description":"","publisher":{"@id":"https:\/\/wein-werte.com\/de\/#organization"},"potentialAction":[{"@type":"SearchAction","target":{"@type":"EntryPoint","urlTemplate":"https:\/\/wein-werte.com\/de\/?s={search_term_string}"},"query-input":{"@type":"PropertyValueSpecification","valueRequired":true,"valueName":"search_term_string"}}],"inLanguage":"de"},{"@type":"Organization","@id":"https:\/\/wein-werte.com\/de\/#organization","name":"Vins Fins Thorrold","url":"https:\/\/wein-werte.com\/de\/","logo":{"@type":"ImageObject","inLanguage":"de","@id":"https:\/\/wein-werte.com\/de\/#\/schema\/logo\/image\/","url":"https:\/\/wein-werte.com\/wp-content\/uploads\/2023\/07\/Wein_werte_Logo700-1.png","contentUrl":"https:\/\/wein-werte.com\/wp-content\/uploads\/2023\/07\/Wein_werte_Logo700-1.png","width":700,"height":272,"caption":"Vins Fins Thorrold"},"image":{"@id":"https:\/\/wein-werte.com\/de\/#\/schema\/logo\/image\/"}}]}},"_links":{"self":[{"href":"https:\/\/wein-werte.com\/de\/wp-json\/wp\/v2\/product\/1133916","targetHints":{"allow":["GET"]}}],"collection":[{"href":"https:\/\/wein-werte.com\/de\/wp-json\/wp\/v2\/product"}],"about":[{"href":"https:\/\/wein-werte.com\/de\/wp-json\/wp\/v2\/types\/product"}],"wp:featuredmedia":[{"embeddable":true,"href":"https:\/\/wein-werte.com\/de\/wp-json\/wp\/v2\/media\/1144228"}],"wp:attachment":[{"href":"https:\/\/wein-werte.com\/de\/wp-json\/wp\/v2\/media?parent=1133916"}],"wp:term":[{"taxonomy":"product_brand","embeddable":true,"href":"https:\/\/wein-werte.com\/de\/wp-json\/wp\/v2\/product_brand?post=1133916"},{"taxonomy":"product_cat","embeddable":true,"href":"https:\/\/wein-werte.com\/de\/wp-json\/wp\/v2\/product_cat?post=1133916"},{"taxonomy":"product_tag","embeddable":true,"href":"https:\/\/wein-werte.com\/de\/wp-json\/wp\/v2\/product_tag?post=1133916"}],"curies":[{"name":"wp","href":"https:\/\/api.w.org\/{rel}","templated":true}]}}