{"id":1133910,"date":"2026-05-05T18:30:53","date_gmt":"2026-05-05T16:30:53","guid":{"rendered":"https:\/\/wein-werte.com\/product\/felix-callejo-felix-callejo-reserva-de-la-familia-2015-750ml\/"},"modified":"2026-04-27T11:51:19","modified_gmt":"2026-04-27T09:51:19","slug":"felix-callejo-felix-callejo-reserva-de-la-familia-2015-750ml","status":"publish","type":"product","link":"https:\/\/wein-werte.com\/de\/produkt\/felix-callejo-felix-callejo-reserva-de-la-familia-2015-750ml\/","title":{"rendered":"Felix Callejo | Ribera del Duero | Felix Callejo, Reserva de la Familia | 2015 | 750ml"},"content":{"rendered":"<p>Produktbeschreibung f\u00fcr Felix Callejo Felix Callejo, Reserva de la Familia 2015 <\/p>\n<p> Die Winzerfamilie Callejo stammt aus dem kleinen Dorf Sotillo de la Ribera. Der Gr\u00fcnder Felix Callejo musste schon in jungen Jahren das Erbe seines Vaters antreten. Heute wird das Weingut von dem Sohn und den drei T\u00f6chtern gef\u00fchrt. Zwei von den Geschwistern sind studierte \u00d6nologen, die in verschiedenen Teilen der Welt ihre Erfahrungen gesammelt haben. Die Weinberge sind im n\u00f6rdlichen Teil des Ribera del Dueros auf 850 bis 930 Metern H\u00f6he gelegen. Die Temperaturunterschiede zwischen Tag und Nacht betragen oft \u00fcber 15\u00b0C. Die k\u00fchlen N\u00e4chte sorgen f\u00fcr eine angenehme Frische, die sich auch in den Weinen widerspie-gelt. Schon damals hatte der Gr\u00fcndervater Felix Callejo erkannt, da\u00df es im hei\u00dfen Zentralspani-en an Sonne und Hitze nicht mangelt und die kargen B\u00f6den zusammen mit der H\u00f6henlage die ideale Voraussetzung sind, um Spitzenwei-ne herzustellen. <\/p>\n<p>Copyright Vinaturel 2025<\/p>\n<p>Keywords: <a href=\"https:\/\/wein-werte.com\/de\/shop\/?swoof=1&#038;pa_producer=Felix-Callejo\">Felix Callejo<\/a> <a href=\"https:\/\/wein-werte.com\/de\/shop\/?swoof=1&#038;woof_text=Felix Callejo, Reserva de la Familia\">Felix Callejo, Reserva de la Familia<\/a> 2015  <a href=\"https:\/\/wein-werte.com\/de\/shop\/?swoof=1&#038;pa_region=Ribera del Duero\">Ribera-del-Duero<\/a> <a href=\"https:\/\/wein-werte.com\/de\/shop\/?swoof=1&#038;pa_country=Spanien\">Spanien<\/a><\/p>\n<p>Internetseite des Weinguts: <a href=\"https:\/\/www.bodegasfelixcallejo.com\/en\/\" target=\"_blank\">https:\/\/www.bodegasfelixcallejo.com\/en\/<\/a><\/p>\n","protected":false},"excerpt":{"rendered":"<p>Lieferzeit: 1 bis 2 Arbeitstage (DE), 2 bis 5 Arbeitstage (EU and CH)<\/p>\n","protected":false},"featured_media":1144224,"template":"","meta":[],"product_brand":[],"product_cat":[19],"product_tag":[],"class_list":{"0":"post-1133910","1":"product","2":"type-product","3":"status-publish","4":"has-post-thumbnail","6":"product_cat-unkategorisiert","7":"pa_alcohol-for-filter-14-5","8":"pa_certified-biodynamic-nein-de","9":"pa_certified-organic-nein-de","10":"pa_colour-rot","11":"pa_country-spanien","12":"pa_grape-tempranillo","13":"pa_price-for-filter-10633","14":"pa_producer-felix-callejo","15":"pa_region-ribera-del-duero","16":"pa_size-ml-6584","17":"pa_sweetness-trocken-de","18":"pa_type-2-still-de","19":"pa_vintage-2015-de","20":"entry","21":"has-media","23":"first","24":"instock","25":"taxable","26":"shipping-taxable","27":"purchasable","28":"product-type-simple"},"yoast_head":"<!-- This site is optimized with the Yoast SEO plugin v27.5 - https:\/\/yoast.com\/product\/yoast-seo-wordpress\/ -->\n<title>Felix Callejo Felix Callejo Reserva de la Familia 2015<\/title>\n<meta name=\"description\" content=\"Kaufe Felix Callejo Felix Callejo Reserva de la Familia 2015 (Tempranillo, trocken aus Ribera del Duero, Spanien) bei Wein Werte, Ihrem nachhaltigen Onlineshop.\" \/>\n<meta name=\"robots\" content=\"index, follow, max-snippet:-1, max-image-preview:large, max-video-preview:-1\" \/>\n<link rel=\"canonical\" href=\"https:\/\/wein-werte.com\/de\/produkt\/felix-callejo-felix-callejo-reserva-de-la-familia-2015-750ml\/\" \/>\n<meta property=\"og:locale\" content=\"de_DE\" \/>\n<meta property=\"og:type\" content=\"article\" \/>\n<meta property=\"og:title\" content=\"Felix Callejo Felix Callejo Reserva de la Familia 2015\" \/>\n<meta property=\"og:description\" content=\"Kaufe Felix Callejo Felix Callejo Reserva de la Familia 2015 (Tempranillo, trocken aus Ribera del Duero, Spanien) bei Wein Werte, Ihrem nachhaltigen Onlineshop.\" \/>\n<meta property=\"og:url\" content=\"https:\/\/wein-werte.com\/de\/produkt\/felix-callejo-felix-callejo-reserva-de-la-familia-2015-750ml\/\" \/>\n<meta property=\"og:site_name\" content=\"Wein Werte\" \/>\n<meta property=\"og:image\" content=\"https:\/\/wein-werte.com\/wp-content\/uploads\/2026\/04\/Felix-Callejo-Felix-Callejo-Reserva-de-la-Familia-2015-750ml.png\" \/>\n\t<meta property=\"og:image:width\" content=\"316\" \/>\n\t<meta property=\"og:image:height\" content=\"1200\" \/>\n\t<meta property=\"og:image:type\" content=\"image\/png\" \/>\n<meta name=\"twitter:card\" content=\"summary_large_image\" \/>\n<meta name=\"twitter:label1\" content=\"Gesch\u00e4tzte Lesezeit\" \/>\n\t<meta name=\"twitter:data1\" content=\"1\u00a0Minute\" \/>\n<script type=\"application\/ld+json\" class=\"yoast-schema-graph\">{\"@context\":\"https:\\\/\\\/schema.org\",\"@graph\":[{\"@type\":\"WebPage\",\"@id\":\"https:\\\/\\\/wein-werte.com\\\/de\\\/produkt\\\/felix-callejo-felix-callejo-reserva-de-la-familia-2015-750ml\\\/\",\"url\":\"https:\\\/\\\/wein-werte.com\\\/de\\\/produkt\\\/felix-callejo-felix-callejo-reserva-de-la-familia-2015-750ml\\\/\",\"name\":\"Felix Callejo Felix Callejo Reserva de la Familia 2015\",\"isPartOf\":{\"@id\":\"https:\\\/\\\/wein-werte.com\\\/de\\\/#website\"},\"primaryImageOfPage\":{\"@id\":\"https:\\\/\\\/wein-werte.com\\\/de\\\/produkt\\\/felix-callejo-felix-callejo-reserva-de-la-familia-2015-750ml\\\/#primaryimage\"},\"image\":{\"@id\":\"https:\\\/\\\/wein-werte.com\\\/de\\\/produkt\\\/felix-callejo-felix-callejo-reserva-de-la-familia-2015-750ml\\\/#primaryimage\"},\"thumbnailUrl\":\"https:\\\/\\\/wein-werte.com\\\/wp-content\\\/uploads\\\/2026\\\/04\\\/Felix-Callejo-Felix-Callejo-Reserva-de-la-Familia-2015-750ml.png\",\"datePublished\":\"2026-05-05T16:30:53+00:00\",\"description\":\"Kaufe Felix Callejo Felix Callejo Reserva de la Familia 2015 (Tempranillo, trocken aus Ribera del Duero, Spanien) bei Wein Werte, Ihrem nachhaltigen Onlineshop.\",\"breadcrumb\":{\"@id\":\"https:\\\/\\\/wein-werte.com\\\/de\\\/produkt\\\/felix-callejo-felix-callejo-reserva-de-la-familia-2015-750ml\\\/#breadcrumb\"},\"inLanguage\":\"de\",\"potentialAction\":[{\"@type\":\"ReadAction\",\"target\":[\"https:\\\/\\\/wein-werte.com\\\/de\\\/produkt\\\/felix-callejo-felix-callejo-reserva-de-la-familia-2015-750ml\\\/\"]}]},{\"@type\":\"ImageObject\",\"inLanguage\":\"de\",\"@id\":\"https:\\\/\\\/wein-werte.com\\\/de\\\/produkt\\\/felix-callejo-felix-callejo-reserva-de-la-familia-2015-750ml\\\/#primaryimage\",\"url\":\"https:\\\/\\\/wein-werte.com\\\/wp-content\\\/uploads\\\/2026\\\/04\\\/Felix-Callejo-Felix-Callejo-Reserva-de-la-Familia-2015-750ml.png\",\"contentUrl\":\"https:\\\/\\\/wein-werte.com\\\/wp-content\\\/uploads\\\/2026\\\/04\\\/Felix-Callejo-Felix-Callejo-Reserva-de-la-Familia-2015-750ml.png\",\"width\":316,\"height\":1200,\"caption\":\"Felix Callejo Felix Callejo, Reserva de la Familia 2015 750ml\"},{\"@type\":\"BreadcrumbList\",\"@id\":\"https:\\\/\\\/wein-werte.com\\\/de\\\/produkt\\\/felix-callejo-felix-callejo-reserva-de-la-familia-2015-750ml\\\/#breadcrumb\",\"itemListElement\":[{\"@type\":\"ListItem\",\"position\":1,\"name\":\"Home\",\"item\":\"https:\\\/\\\/wein-werte.com\\\/de\\\/\"},{\"@type\":\"ListItem\",\"position\":2,\"name\":\"Shop\",\"item\":\"https:\\\/\\\/wein-werte.com\\\/de\\\/shop\\\/\"},{\"@type\":\"ListItem\",\"position\":3,\"name\":\"Felix Callejo | Ribera del Duero | Felix Callejo, Reserva de la Familia | 2015 | 750ml\"}]},{\"@type\":\"WebSite\",\"@id\":\"https:\\\/\\\/wein-werte.com\\\/de\\\/#website\",\"url\":\"https:\\\/\\\/wein-werte.com\\\/de\\\/\",\"name\":\"Wein Werte\",\"description\":\"\",\"publisher\":{\"@id\":\"https:\\\/\\\/wein-werte.com\\\/de\\\/#organization\"},\"potentialAction\":[{\"@type\":\"SearchAction\",\"target\":{\"@type\":\"EntryPoint\",\"urlTemplate\":\"https:\\\/\\\/wein-werte.com\\\/de\\\/?s={search_term_string}\"},\"query-input\":{\"@type\":\"PropertyValueSpecification\",\"valueRequired\":true,\"valueName\":\"search_term_string\"}}],\"inLanguage\":\"de\"},{\"@type\":\"Organization\",\"@id\":\"https:\\\/\\\/wein-werte.com\\\/de\\\/#organization\",\"name\":\"Vins Fins Thorrold\",\"url\":\"https:\\\/\\\/wein-werte.com\\\/de\\\/\",\"logo\":{\"@type\":\"ImageObject\",\"inLanguage\":\"de\",\"@id\":\"https:\\\/\\\/wein-werte.com\\\/de\\\/#\\\/schema\\\/logo\\\/image\\\/\",\"url\":\"https:\\\/\\\/wein-werte.com\\\/wp-content\\\/uploads\\\/2023\\\/07\\\/Wein_werte_Logo700-1.png\",\"contentUrl\":\"https:\\\/\\\/wein-werte.com\\\/wp-content\\\/uploads\\\/2023\\\/07\\\/Wein_werte_Logo700-1.png\",\"width\":700,\"height\":272,\"caption\":\"Vins Fins Thorrold\"},\"image\":{\"@id\":\"https:\\\/\\\/wein-werte.com\\\/de\\\/#\\\/schema\\\/logo\\\/image\\\/\"}}]}<\/script>\n<!-- \/ Yoast SEO plugin. -->","yoast_head_json":{"title":"Felix Callejo Felix Callejo Reserva de la Familia 2015","description":"Kaufe Felix Callejo Felix Callejo Reserva de la Familia 2015 (Tempranillo, trocken aus Ribera del Duero, Spanien) bei Wein Werte, Ihrem nachhaltigen Onlineshop.","robots":{"index":"index","follow":"follow","max-snippet":"max-snippet:-1","max-image-preview":"max-image-preview:large","max-video-preview":"max-video-preview:-1"},"canonical":"https:\/\/wein-werte.com\/de\/produkt\/felix-callejo-felix-callejo-reserva-de-la-familia-2015-750ml\/","og_locale":"de_DE","og_type":"article","og_title":"Felix Callejo Felix Callejo Reserva de la Familia 2015","og_description":"Kaufe Felix Callejo Felix Callejo Reserva de la Familia 2015 (Tempranillo, trocken aus Ribera del Duero, Spanien) bei Wein Werte, Ihrem nachhaltigen Onlineshop.","og_url":"https:\/\/wein-werte.com\/de\/produkt\/felix-callejo-felix-callejo-reserva-de-la-familia-2015-750ml\/","og_site_name":"Wein Werte","og_image":[{"width":316,"height":1200,"url":"https:\/\/wein-werte.com\/wp-content\/uploads\/2026\/04\/Felix-Callejo-Felix-Callejo-Reserva-de-la-Familia-2015-750ml.png","type":"image\/png"}],"twitter_card":"summary_large_image","twitter_misc":{"Gesch\u00e4tzte Lesezeit":"1\u00a0Minute"},"schema":{"@context":"https:\/\/schema.org","@graph":[{"@type":"WebPage","@id":"https:\/\/wein-werte.com\/de\/produkt\/felix-callejo-felix-callejo-reserva-de-la-familia-2015-750ml\/","url":"https:\/\/wein-werte.com\/de\/produkt\/felix-callejo-felix-callejo-reserva-de-la-familia-2015-750ml\/","name":"Felix Callejo Felix Callejo Reserva de la Familia 2015","isPartOf":{"@id":"https:\/\/wein-werte.com\/de\/#website"},"primaryImageOfPage":{"@id":"https:\/\/wein-werte.com\/de\/produkt\/felix-callejo-felix-callejo-reserva-de-la-familia-2015-750ml\/#primaryimage"},"image":{"@id":"https:\/\/wein-werte.com\/de\/produkt\/felix-callejo-felix-callejo-reserva-de-la-familia-2015-750ml\/#primaryimage"},"thumbnailUrl":"https:\/\/wein-werte.com\/wp-content\/uploads\/2026\/04\/Felix-Callejo-Felix-Callejo-Reserva-de-la-Familia-2015-750ml.png","datePublished":"2026-05-05T16:30:53+00:00","description":"Kaufe Felix Callejo Felix Callejo Reserva de la Familia 2015 (Tempranillo, trocken aus Ribera del Duero, Spanien) bei Wein Werte, Ihrem nachhaltigen Onlineshop.","breadcrumb":{"@id":"https:\/\/wein-werte.com\/de\/produkt\/felix-callejo-felix-callejo-reserva-de-la-familia-2015-750ml\/#breadcrumb"},"inLanguage":"de","potentialAction":[{"@type":"ReadAction","target":["https:\/\/wein-werte.com\/de\/produkt\/felix-callejo-felix-callejo-reserva-de-la-familia-2015-750ml\/"]}]},{"@type":"ImageObject","inLanguage":"de","@id":"https:\/\/wein-werte.com\/de\/produkt\/felix-callejo-felix-callejo-reserva-de-la-familia-2015-750ml\/#primaryimage","url":"https:\/\/wein-werte.com\/wp-content\/uploads\/2026\/04\/Felix-Callejo-Felix-Callejo-Reserva-de-la-Familia-2015-750ml.png","contentUrl":"https:\/\/wein-werte.com\/wp-content\/uploads\/2026\/04\/Felix-Callejo-Felix-Callejo-Reserva-de-la-Familia-2015-750ml.png","width":316,"height":1200,"caption":"Felix Callejo Felix Callejo, Reserva de la Familia 2015 750ml"},{"@type":"BreadcrumbList","@id":"https:\/\/wein-werte.com\/de\/produkt\/felix-callejo-felix-callejo-reserva-de-la-familia-2015-750ml\/#breadcrumb","itemListElement":[{"@type":"ListItem","position":1,"name":"Home","item":"https:\/\/wein-werte.com\/de\/"},{"@type":"ListItem","position":2,"name":"Shop","item":"https:\/\/wein-werte.com\/de\/shop\/"},{"@type":"ListItem","position":3,"name":"Felix Callejo | Ribera del Duero | Felix Callejo, Reserva de la Familia | 2015 | 750ml"}]},{"@type":"WebSite","@id":"https:\/\/wein-werte.com\/de\/#website","url":"https:\/\/wein-werte.com\/de\/","name":"Wein Werte","description":"","publisher":{"@id":"https:\/\/wein-werte.com\/de\/#organization"},"potentialAction":[{"@type":"SearchAction","target":{"@type":"EntryPoint","urlTemplate":"https:\/\/wein-werte.com\/de\/?s={search_term_string}"},"query-input":{"@type":"PropertyValueSpecification","valueRequired":true,"valueName":"search_term_string"}}],"inLanguage":"de"},{"@type":"Organization","@id":"https:\/\/wein-werte.com\/de\/#organization","name":"Vins Fins Thorrold","url":"https:\/\/wein-werte.com\/de\/","logo":{"@type":"ImageObject","inLanguage":"de","@id":"https:\/\/wein-werte.com\/de\/#\/schema\/logo\/image\/","url":"https:\/\/wein-werte.com\/wp-content\/uploads\/2023\/07\/Wein_werte_Logo700-1.png","contentUrl":"https:\/\/wein-werte.com\/wp-content\/uploads\/2023\/07\/Wein_werte_Logo700-1.png","width":700,"height":272,"caption":"Vins Fins Thorrold"},"image":{"@id":"https:\/\/wein-werte.com\/de\/#\/schema\/logo\/image\/"}}]}},"_links":{"self":[{"href":"https:\/\/wein-werte.com\/de\/wp-json\/wp\/v2\/product\/1133910","targetHints":{"allow":["GET"]}}],"collection":[{"href":"https:\/\/wein-werte.com\/de\/wp-json\/wp\/v2\/product"}],"about":[{"href":"https:\/\/wein-werte.com\/de\/wp-json\/wp\/v2\/types\/product"}],"wp:featuredmedia":[{"embeddable":true,"href":"https:\/\/wein-werte.com\/de\/wp-json\/wp\/v2\/media\/1144224"}],"wp:attachment":[{"href":"https:\/\/wein-werte.com\/de\/wp-json\/wp\/v2\/media?parent=1133910"}],"wp:term":[{"taxonomy":"product_brand","embeddable":true,"href":"https:\/\/wein-werte.com\/de\/wp-json\/wp\/v2\/product_brand?post=1133910"},{"taxonomy":"product_cat","embeddable":true,"href":"https:\/\/wein-werte.com\/de\/wp-json\/wp\/v2\/product_cat?post=1133910"},{"taxonomy":"product_tag","embeddable":true,"href":"https:\/\/wein-werte.com\/de\/wp-json\/wp\/v2\/product_tag?post=1133910"}],"curies":[{"name":"wp","href":"https:\/\/api.w.org\/{rel}","templated":true}]}}