{"id":1133895,"date":"2026-05-08T20:06:21","date_gmt":"2026-05-08T18:06:21","guid":{"rendered":"https:\/\/wein-werte.com\/product\/laderas-de-montejurra-emilio-valerio-2020-750ml\/"},"modified":"2026-04-27T11:51:19","modified_gmt":"2026-04-27T09:51:19","slug":"laderas-de-montejurra-emilio-valerio-2020-750ml","status":"publish","type":"product","link":"https:\/\/wein-werte.com\/de\/produkt\/laderas-de-montejurra-emilio-valerio-2020-750ml\/","title":{"rendered":"Laderas de Montejurra | Navarra | Emilio Valerio | 2020 | 750ml | bio"},"content":{"rendered":"<p>Produktbeschreibung f\u00fcr Laderas de Montejurra Emilio Valerio 2020 (bio) <\/p>\n<h5>Informationen zum Wein<\/h5>\n<p> Das Weingut Emilio Valerio liegt in Tierra Estella, der k\u00fchlsten Subzone der nordspanischen DO Navarra. Es bewirtschaftet rund 40 Hektar Weinberge nach biodynamischen Kriterien, die sich auf 70 Parzellen verteilen. Kalk- und Sandsteinb\u00f6den sowie Weinlagen auf bis zu 700 Metern H\u00f6he sind die bestimmenden Terroir-Merkmale. F\u00fcr ihren Einstiegswein \u201eEmilio Valerio\u201c erg\u00e4nzen sie die Hauptsorte Garnacha mit Tempranillo, Graciano, Merlot und Cabernet Sauvignon. Eine solche Cuv\u00e9e aus einheimischen und internationalen Rebsorten ist typisch f\u00fcr die an Frankreich grenzende Region Navarra. Die Weinberge befinden sich auf 400 bis 670 Metern H\u00f6he, und das Durchschnittsalter der Reben f\u00fcr diesen Rotwein liegt bei 40 Jahren. Der Ausbau erfolgte ein Jahr lang in einer Kombination aus Betontanks und Holzf\u00e4ssern. . <\/p>\n<h5>Farbe<\/h5>\n<p> Purpurrot <\/p>\n<h5>Nase<\/h5>\n<p> Der Emilio Valerio 2020 duftet nach Kirschen und Johannisbeeren, unterlegt von einer beinahe k\u00fchlen Mineralit\u00e4t. Die Nase ist attraktiv und klar konturiert und macht Lust auf den ersten Schluck. <\/p>\n<h5>Gaumen<\/h5>\n<p> Am Gaumen zeichnet sich das Gew\u00e4chs durch eine vitale S\u00e4ure, frische Fruchtaromen und eine seidige Textur aus. Dies ist ein durchaus k\u00f6rperreicher, vollmundiger Rotwein, der aber keineswegs zu breit oder zu \u00fcppig ist. Vielmehr h\u00e4lt er die Spannung, hat einen saftigen Zug im Mund und bereitet dementsprechend Trinkvergn\u00fcgen. Er ist sicherlich auch ein vielseitiger Speisebegleiter. <\/p>\n<p>Copyright Vinaturel 2025<\/p>\n<p>Keywords: <a href=\"https:\/\/wein-werte.com\/de\/shop\/?swoof=1&#038;pa_producer=Laderas-de-Montejurra\">Laderas de Montejurra<\/a> <a href=\"https:\/\/wein-werte.com\/de\/shop\/?swoof=1&#038;woof_text=Emilio Valerio\">Emilio Valerio<\/a> 2020 bio <a href=\"https:\/\/wein-werte.com\/de\/shop\/?swoof=1&#038;pa_region=Navarra\">Navarra<\/a> <a href=\"https:\/\/wein-werte.com\/de\/shop\/?swoof=1&#038;pa_country=Spanien\">Spanien<\/a><\/p>\n<p>Internetseite des Weinguts: <a href=\"https:\/\/www.bodegasemiliovalerio.com\/\" target=\"_blank\">https:\/\/www.bodegasemiliovalerio.com\/<\/a><\/p>\n","protected":false},"excerpt":{"rendered":"<p>Lieferzeit: 1 bis 2 Arbeitstage (DE), 2 bis 5 Arbeitstage (EU and CH)<\/p>\n","protected":false},"featured_media":1144212,"template":"","meta":[],"product_brand":[],"product_cat":[19],"product_tag":[],"class_list":{"0":"post-1133895","1":"product","2":"type-product","3":"status-publish","4":"has-post-thumbnail","6":"product_cat-unkategorisiert","7":"pa_alcohol-for-filter-14-5","8":"pa_certified-biodynamic-nein-de","9":"pa_certified-organic-ja-de","10":"pa_colour-rot","11":"pa_country-spanien","12":"pa_grape-grenache-cuvee","13":"pa_price-for-filter-10608","14":"pa_producer-laderas-de-montejurra","15":"pa_region-navarra","16":"pa_size-ml-6584","17":"pa_sweetness-trocken-de","18":"pa_type-2-still-de","19":"pa_vintage-2020-de","20":"entry","21":"has-media","23":"first","24":"instock","25":"taxable","26":"shipping-taxable","27":"purchasable","28":"product-type-simple"},"yoast_head":"<!-- This site is optimized with the Yoast SEO plugin v27.5 - https:\/\/yoast.com\/product\/yoast-seo-wordpress\/ -->\n<title>Laderas de Montejurra Emilio Valerio 2020<\/title>\n<meta name=\"description\" content=\"Kaufe Laderas de Montejurra Emilio Valerio 2020 (Grenache Cuv\u00e9e, trocken aus Navarra, Spanien) bei Wein Werte, Ihrem nachhaltigen Onlineshop.\" \/>\n<meta name=\"robots\" content=\"index, follow, max-snippet:-1, max-image-preview:large, max-video-preview:-1\" \/>\n<link rel=\"canonical\" href=\"https:\/\/wein-werte.com\/de\/produkt\/laderas-de-montejurra-emilio-valerio-2020-750ml\/\" \/>\n<meta property=\"og:locale\" content=\"de_DE\" \/>\n<meta property=\"og:type\" content=\"article\" \/>\n<meta property=\"og:title\" content=\"Laderas de Montejurra Emilio Valerio 2020\" \/>\n<meta property=\"og:description\" content=\"Kaufe Laderas de Montejurra Emilio Valerio 2020 (Grenache Cuv\u00e9e, trocken aus Navarra, Spanien) bei Wein Werte, Ihrem nachhaltigen Onlineshop.\" \/>\n<meta property=\"og:url\" content=\"https:\/\/wein-werte.com\/de\/produkt\/laderas-de-montejurra-emilio-valerio-2020-750ml\/\" \/>\n<meta property=\"og:site_name\" content=\"Wein Werte\" \/>\n<meta property=\"og:image\" content=\"https:\/\/wein-werte.com\/wp-content\/uploads\/2026\/04\/Laderas-de-Montejurra-Emilio-Valerio-2020-750ml.png\" \/>\n\t<meta property=\"og:image:width\" content=\"319\" \/>\n\t<meta property=\"og:image:height\" content=\"1200\" \/>\n\t<meta property=\"og:image:type\" content=\"image\/png\" \/>\n<meta name=\"twitter:card\" content=\"summary_large_image\" \/>\n<meta name=\"twitter:label1\" content=\"Gesch\u00e4tzte Lesezeit\" \/>\n\t<meta name=\"twitter:data1\" content=\"1\u00a0Minute\" \/>\n<script type=\"application\/ld+json\" class=\"yoast-schema-graph\">{\"@context\":\"https:\\\/\\\/schema.org\",\"@graph\":[{\"@type\":\"WebPage\",\"@id\":\"https:\\\/\\\/wein-werte.com\\\/de\\\/produkt\\\/laderas-de-montejurra-emilio-valerio-2020-750ml\\\/\",\"url\":\"https:\\\/\\\/wein-werte.com\\\/de\\\/produkt\\\/laderas-de-montejurra-emilio-valerio-2020-750ml\\\/\",\"name\":\"Laderas de Montejurra Emilio Valerio 2020\",\"isPartOf\":{\"@id\":\"https:\\\/\\\/wein-werte.com\\\/de\\\/#website\"},\"primaryImageOfPage\":{\"@id\":\"https:\\\/\\\/wein-werte.com\\\/de\\\/produkt\\\/laderas-de-montejurra-emilio-valerio-2020-750ml\\\/#primaryimage\"},\"image\":{\"@id\":\"https:\\\/\\\/wein-werte.com\\\/de\\\/produkt\\\/laderas-de-montejurra-emilio-valerio-2020-750ml\\\/#primaryimage\"},\"thumbnailUrl\":\"https:\\\/\\\/wein-werte.com\\\/wp-content\\\/uploads\\\/2026\\\/04\\\/Laderas-de-Montejurra-Emilio-Valerio-2020-750ml.png\",\"datePublished\":\"2026-05-08T18:06:21+00:00\",\"description\":\"Kaufe Laderas de Montejurra Emilio Valerio 2020 (Grenache Cuv\u00e9e, trocken aus Navarra, Spanien) bei Wein Werte, Ihrem nachhaltigen Onlineshop.\",\"breadcrumb\":{\"@id\":\"https:\\\/\\\/wein-werte.com\\\/de\\\/produkt\\\/laderas-de-montejurra-emilio-valerio-2020-750ml\\\/#breadcrumb\"},\"inLanguage\":\"de\",\"potentialAction\":[{\"@type\":\"ReadAction\",\"target\":[\"https:\\\/\\\/wein-werte.com\\\/de\\\/produkt\\\/laderas-de-montejurra-emilio-valerio-2020-750ml\\\/\"]}]},{\"@type\":\"ImageObject\",\"inLanguage\":\"de\",\"@id\":\"https:\\\/\\\/wein-werte.com\\\/de\\\/produkt\\\/laderas-de-montejurra-emilio-valerio-2020-750ml\\\/#primaryimage\",\"url\":\"https:\\\/\\\/wein-werte.com\\\/wp-content\\\/uploads\\\/2026\\\/04\\\/Laderas-de-Montejurra-Emilio-Valerio-2020-750ml.png\",\"contentUrl\":\"https:\\\/\\\/wein-werte.com\\\/wp-content\\\/uploads\\\/2026\\\/04\\\/Laderas-de-Montejurra-Emilio-Valerio-2020-750ml.png\",\"width\":319,\"height\":1200,\"caption\":\"Laderas de Montejurra Emilio Valerio 2020 750ml\"},{\"@type\":\"BreadcrumbList\",\"@id\":\"https:\\\/\\\/wein-werte.com\\\/de\\\/produkt\\\/laderas-de-montejurra-emilio-valerio-2020-750ml\\\/#breadcrumb\",\"itemListElement\":[{\"@type\":\"ListItem\",\"position\":1,\"name\":\"Home\",\"item\":\"https:\\\/\\\/wein-werte.com\\\/de\\\/\"},{\"@type\":\"ListItem\",\"position\":2,\"name\":\"Shop\",\"item\":\"https:\\\/\\\/wein-werte.com\\\/de\\\/shop\\\/\"},{\"@type\":\"ListItem\",\"position\":3,\"name\":\"Laderas de Montejurra | Navarra | Emilio Valerio | 2020 | 750ml | bio\"}]},{\"@type\":\"WebSite\",\"@id\":\"https:\\\/\\\/wein-werte.com\\\/de\\\/#website\",\"url\":\"https:\\\/\\\/wein-werte.com\\\/de\\\/\",\"name\":\"Wein Werte\",\"description\":\"\",\"publisher\":{\"@id\":\"https:\\\/\\\/wein-werte.com\\\/de\\\/#organization\"},\"potentialAction\":[{\"@type\":\"SearchAction\",\"target\":{\"@type\":\"EntryPoint\",\"urlTemplate\":\"https:\\\/\\\/wein-werte.com\\\/de\\\/?s={search_term_string}\"},\"query-input\":{\"@type\":\"PropertyValueSpecification\",\"valueRequired\":true,\"valueName\":\"search_term_string\"}}],\"inLanguage\":\"de\"},{\"@type\":\"Organization\",\"@id\":\"https:\\\/\\\/wein-werte.com\\\/de\\\/#organization\",\"name\":\"Vins Fins Thorrold\",\"url\":\"https:\\\/\\\/wein-werte.com\\\/de\\\/\",\"logo\":{\"@type\":\"ImageObject\",\"inLanguage\":\"de\",\"@id\":\"https:\\\/\\\/wein-werte.com\\\/de\\\/#\\\/schema\\\/logo\\\/image\\\/\",\"url\":\"https:\\\/\\\/wein-werte.com\\\/wp-content\\\/uploads\\\/2023\\\/07\\\/Wein_werte_Logo700-1.png\",\"contentUrl\":\"https:\\\/\\\/wein-werte.com\\\/wp-content\\\/uploads\\\/2023\\\/07\\\/Wein_werte_Logo700-1.png\",\"width\":700,\"height\":272,\"caption\":\"Vins Fins Thorrold\"},\"image\":{\"@id\":\"https:\\\/\\\/wein-werte.com\\\/de\\\/#\\\/schema\\\/logo\\\/image\\\/\"}}]}<\/script>\n<!-- \/ Yoast SEO plugin. -->","yoast_head_json":{"title":"Laderas de Montejurra Emilio Valerio 2020","description":"Kaufe Laderas de Montejurra Emilio Valerio 2020 (Grenache Cuv\u00e9e, trocken aus Navarra, Spanien) bei Wein Werte, Ihrem nachhaltigen Onlineshop.","robots":{"index":"index","follow":"follow","max-snippet":"max-snippet:-1","max-image-preview":"max-image-preview:large","max-video-preview":"max-video-preview:-1"},"canonical":"https:\/\/wein-werte.com\/de\/produkt\/laderas-de-montejurra-emilio-valerio-2020-750ml\/","og_locale":"de_DE","og_type":"article","og_title":"Laderas de Montejurra Emilio Valerio 2020","og_description":"Kaufe Laderas de Montejurra Emilio Valerio 2020 (Grenache Cuv\u00e9e, trocken aus Navarra, Spanien) bei Wein Werte, Ihrem nachhaltigen Onlineshop.","og_url":"https:\/\/wein-werte.com\/de\/produkt\/laderas-de-montejurra-emilio-valerio-2020-750ml\/","og_site_name":"Wein Werte","og_image":[{"width":319,"height":1200,"url":"https:\/\/wein-werte.com\/wp-content\/uploads\/2026\/04\/Laderas-de-Montejurra-Emilio-Valerio-2020-750ml.png","type":"image\/png"}],"twitter_card":"summary_large_image","twitter_misc":{"Gesch\u00e4tzte Lesezeit":"1\u00a0Minute"},"schema":{"@context":"https:\/\/schema.org","@graph":[{"@type":"WebPage","@id":"https:\/\/wein-werte.com\/de\/produkt\/laderas-de-montejurra-emilio-valerio-2020-750ml\/","url":"https:\/\/wein-werte.com\/de\/produkt\/laderas-de-montejurra-emilio-valerio-2020-750ml\/","name":"Laderas de Montejurra Emilio Valerio 2020","isPartOf":{"@id":"https:\/\/wein-werte.com\/de\/#website"},"primaryImageOfPage":{"@id":"https:\/\/wein-werte.com\/de\/produkt\/laderas-de-montejurra-emilio-valerio-2020-750ml\/#primaryimage"},"image":{"@id":"https:\/\/wein-werte.com\/de\/produkt\/laderas-de-montejurra-emilio-valerio-2020-750ml\/#primaryimage"},"thumbnailUrl":"https:\/\/wein-werte.com\/wp-content\/uploads\/2026\/04\/Laderas-de-Montejurra-Emilio-Valerio-2020-750ml.png","datePublished":"2026-05-08T18:06:21+00:00","description":"Kaufe Laderas de Montejurra Emilio Valerio 2020 (Grenache Cuv\u00e9e, trocken aus Navarra, Spanien) bei Wein Werte, Ihrem nachhaltigen Onlineshop.","breadcrumb":{"@id":"https:\/\/wein-werte.com\/de\/produkt\/laderas-de-montejurra-emilio-valerio-2020-750ml\/#breadcrumb"},"inLanguage":"de","potentialAction":[{"@type":"ReadAction","target":["https:\/\/wein-werte.com\/de\/produkt\/laderas-de-montejurra-emilio-valerio-2020-750ml\/"]}]},{"@type":"ImageObject","inLanguage":"de","@id":"https:\/\/wein-werte.com\/de\/produkt\/laderas-de-montejurra-emilio-valerio-2020-750ml\/#primaryimage","url":"https:\/\/wein-werte.com\/wp-content\/uploads\/2026\/04\/Laderas-de-Montejurra-Emilio-Valerio-2020-750ml.png","contentUrl":"https:\/\/wein-werte.com\/wp-content\/uploads\/2026\/04\/Laderas-de-Montejurra-Emilio-Valerio-2020-750ml.png","width":319,"height":1200,"caption":"Laderas de Montejurra Emilio Valerio 2020 750ml"},{"@type":"BreadcrumbList","@id":"https:\/\/wein-werte.com\/de\/produkt\/laderas-de-montejurra-emilio-valerio-2020-750ml\/#breadcrumb","itemListElement":[{"@type":"ListItem","position":1,"name":"Home","item":"https:\/\/wein-werte.com\/de\/"},{"@type":"ListItem","position":2,"name":"Shop","item":"https:\/\/wein-werte.com\/de\/shop\/"},{"@type":"ListItem","position":3,"name":"Laderas de Montejurra | Navarra | Emilio Valerio | 2020 | 750ml | bio"}]},{"@type":"WebSite","@id":"https:\/\/wein-werte.com\/de\/#website","url":"https:\/\/wein-werte.com\/de\/","name":"Wein Werte","description":"","publisher":{"@id":"https:\/\/wein-werte.com\/de\/#organization"},"potentialAction":[{"@type":"SearchAction","target":{"@type":"EntryPoint","urlTemplate":"https:\/\/wein-werte.com\/de\/?s={search_term_string}"},"query-input":{"@type":"PropertyValueSpecification","valueRequired":true,"valueName":"search_term_string"}}],"inLanguage":"de"},{"@type":"Organization","@id":"https:\/\/wein-werte.com\/de\/#organization","name":"Vins Fins Thorrold","url":"https:\/\/wein-werte.com\/de\/","logo":{"@type":"ImageObject","inLanguage":"de","@id":"https:\/\/wein-werte.com\/de\/#\/schema\/logo\/image\/","url":"https:\/\/wein-werte.com\/wp-content\/uploads\/2023\/07\/Wein_werte_Logo700-1.png","contentUrl":"https:\/\/wein-werte.com\/wp-content\/uploads\/2023\/07\/Wein_werte_Logo700-1.png","width":700,"height":272,"caption":"Vins Fins Thorrold"},"image":{"@id":"https:\/\/wein-werte.com\/de\/#\/schema\/logo\/image\/"}}]}},"_links":{"self":[{"href":"https:\/\/wein-werte.com\/de\/wp-json\/wp\/v2\/product\/1133895","targetHints":{"allow":["GET"]}}],"collection":[{"href":"https:\/\/wein-werte.com\/de\/wp-json\/wp\/v2\/product"}],"about":[{"href":"https:\/\/wein-werte.com\/de\/wp-json\/wp\/v2\/types\/product"}],"wp:featuredmedia":[{"embeddable":true,"href":"https:\/\/wein-werte.com\/de\/wp-json\/wp\/v2\/media\/1144212"}],"wp:attachment":[{"href":"https:\/\/wein-werte.com\/de\/wp-json\/wp\/v2\/media?parent=1133895"}],"wp:term":[{"taxonomy":"product_brand","embeddable":true,"href":"https:\/\/wein-werte.com\/de\/wp-json\/wp\/v2\/product_brand?post=1133895"},{"taxonomy":"product_cat","embeddable":true,"href":"https:\/\/wein-werte.com\/de\/wp-json\/wp\/v2\/product_cat?post=1133895"},{"taxonomy":"product_tag","embeddable":true,"href":"https:\/\/wein-werte.com\/de\/wp-json\/wp\/v2\/product_tag?post=1133895"}],"curies":[{"name":"wp","href":"https:\/\/api.w.org\/{rel}","templated":true}]}}