{"id":1133892,"date":"2026-05-05T18:30:53","date_gmt":"2026-05-05T16:30:53","guid":{"rendered":"https:\/\/wein-werte.com\/product\/laderas-de-montejurra-leorin-2013-750ml\/"},"modified":"2026-04-27T11:51:19","modified_gmt":"2026-04-27T09:51:19","slug":"laderas-de-montejurra-leorin-2013-750ml","status":"publish","type":"product","link":"https:\/\/wein-werte.com\/de\/produkt\/laderas-de-montejurra-leorin-2013-750ml\/","title":{"rendered":"Laderas de Montejurra | Navarra | Leorin | 2013 | 750ml | bio"},"content":{"rendered":"<p>Produktbeschreibung f\u00fcr Laderas de Montejurra Leorin 2013 (bio) <\/p>\n<h5>Peter M\u00fcller<\/h5>\n<p>Sprosse f\u00fcr Sprosse geht es schluckweise hinab, denn in puncto Tiefgang hat der 2013 Vina de Leorin von Laderas de Montejurra einigen zu bieten. Seine dunkelbeerige Frucht wartet mit immensem Facettenreichtum auf und reflektiert sich am Gaumen mehrfach von der Schale, \u00fcber Fleisch und Saft bis hin zum Kern. Das satte und kraftvolle Tannin des Garnacha f\u00fcnfzig Jahre alter Reben packt den Genie\u00dfer f\u00f6rmlich mit Samthandschuhen an. Es f\u00fchlt sich einerseits anschmiegsam seidig an, doch beherbergt es andererseits unweigerlich ungest\u00fcme Spannung und Vehemenz. Leorin \u2013 warmherzig und schwer in Ordnung. <\/p>\n<h5>Farbe<\/h5>\n<p> In sattem, dunklem Purpur mit violettem Rand und schwarzem Kern zeigt sich der Wein klar und gl\u00e4nzend im Glas. <\/p>\n<h5>Nase<\/h5>\n<p> Zun\u00e4chst leicht reserviert wirkend, offenbart dieser reinsortige Garnacha von einer Pflanzung aus dem Jahr 1968 in der Einzellage Santa Martia de Leorin nur langsam das Naturell seines Wesens. Viel zu erz\u00e4hlen \u00fcber seine Heimat hat er allemal. Seine Frucht tendiert zu Ged\u00f6rrtem in Form von dunklen Pflaumen und getrockneten Kirschen, sowie Cranberries und D\u00f6rrfeigen. Ein tiefer Griff in die Gew\u00fcrzschublade erg\u00e4nzt mit Zimtrinde, Baldrian und Nelke, sowie Safran, S\u00fc\u00dfholz und Kakaoschale. <\/p>\n<h5>Gaumen<\/h5>\n<p> Sprosse f\u00fcr Sprosse geht es schluckweise hinab, denn in puncto Tiefgang hat der 2013 Vina de Leorin von Laderas de Montejurra einigen zu bieten. Seine dunkelbeerige Frucht wartet mit immensem Facettenreichtum auf und reflektiert sich am Gaumen mehrfach von der Schale, \u00fcber Fleisch und Saft bis hin zum Kern. Das satte und kraftvolle Tannin des Garnacha f\u00fcnfzig Jahre alter Reben packt den Genie\u00dfer f\u00f6rmlich mit Samthandschuhen an. Es f\u00fchlt sich einerseits anschmiegsam seidig an, doch beherbergt es andererseits unweigerlich ungest\u00fcme Spannung und Vehemenz. Leorin \u2013 warmherzig und schwer in Ordnung.<\/p>\n<p>Copyright Vinaturel 2025<\/p>\n<p>Keywords: <a href=\"https:\/\/wein-werte.com\/de\/shop\/?swoof=1&#038;pa_producer=Laderas-de-Montejurra\">Laderas de Montejurra<\/a> <a href=\"https:\/\/wein-werte.com\/de\/shop\/?swoof=1&#038;woof_text=Leorin\">Leorin<\/a> 2013 bio <a href=\"https:\/\/wein-werte.com\/de\/shop\/?swoof=1&#038;pa_region=Navarra\">Navarra<\/a> <a href=\"https:\/\/wein-werte.com\/de\/shop\/?swoof=1&#038;pa_country=Spanien\">Spanien<\/a><\/p>\n<p>Internetseite des Weinguts: <a href=\"https:\/\/www.bodegasemiliovalerio.com\/\" target=\"_blank\">https:\/\/www.bodegasemiliovalerio.com\/<\/a><\/p>\n","protected":false},"excerpt":{"rendered":"<p>Lieferzeit: 1 bis 2 Arbeitstage (DE), 2 bis 5 Arbeitstage (EU and CH)<\/p>\n","protected":false},"featured_media":1144210,"template":"","meta":[],"product_brand":[],"product_cat":[19],"product_tag":[],"class_list":{"0":"post-1133892","1":"product","2":"type-product","3":"status-publish","4":"has-post-thumbnail","6":"product_cat-unkategorisiert","7":"pa_alcohol-for-filter-14-5","8":"pa_certified-biodynamic-nein-de","9":"pa_certified-organic-ja-de","10":"pa_colour-rot","11":"pa_country-spanien","12":"pa_grape-grenache-cuvee","13":"pa_price-for-filter-10611","14":"pa_producer-laderas-de-montejurra","15":"pa_region-navarra","16":"pa_size-ml-6584","17":"pa_sweetness-trocken-de","18":"pa_type-2-still-de","19":"pa_vintage-2013-de","20":"entry","21":"has-media","23":"first","24":"instock","25":"taxable","26":"shipping-taxable","27":"purchasable","28":"product-type-simple"},"yoast_head":"<!-- This site is optimized with the Yoast SEO plugin v27.5 - https:\/\/yoast.com\/product\/yoast-seo-wordpress\/ -->\n<title>Laderas de Montejurra Leorin 2013<\/title>\n<meta name=\"description\" content=\"Kaufe Laderas de Montejurra Leorin 2013 (Grenache Cuv\u00e9e, trocken aus Navarra, Spanien) bei Wein Werte, Ihrem nachhaltigen Onlineshop.\" \/>\n<meta name=\"robots\" content=\"index, follow, max-snippet:-1, max-image-preview:large, max-video-preview:-1\" \/>\n<link rel=\"canonical\" href=\"https:\/\/wein-werte.com\/de\/produkt\/laderas-de-montejurra-leorin-2013-750ml\/\" \/>\n<meta property=\"og:locale\" content=\"de_DE\" \/>\n<meta property=\"og:type\" content=\"article\" \/>\n<meta property=\"og:title\" content=\"Laderas de Montejurra Leorin 2013\" \/>\n<meta property=\"og:description\" content=\"Kaufe Laderas de Montejurra Leorin 2013 (Grenache Cuv\u00e9e, trocken aus Navarra, Spanien) bei Wein Werte, Ihrem nachhaltigen Onlineshop.\" \/>\n<meta property=\"og:url\" content=\"https:\/\/wein-werte.com\/de\/produkt\/laderas-de-montejurra-leorin-2013-750ml\/\" \/>\n<meta property=\"og:site_name\" content=\"Wein Werte\" \/>\n<meta property=\"og:image\" content=\"https:\/\/wein-werte.com\/wp-content\/uploads\/2026\/04\/Laderas-de-Montejurra-Leorin-2013-750ml.png\" \/>\n\t<meta property=\"og:image:width\" content=\"339\" \/>\n\t<meta property=\"og:image:height\" content=\"1200\" \/>\n\t<meta property=\"og:image:type\" content=\"image\/png\" \/>\n<meta name=\"twitter:card\" content=\"summary_large_image\" \/>\n<meta name=\"twitter:label1\" content=\"Gesch\u00e4tzte Lesezeit\" \/>\n\t<meta name=\"twitter:data1\" content=\"2\u00a0Minuten\" \/>\n<script type=\"application\/ld+json\" class=\"yoast-schema-graph\">{\"@context\":\"https:\\\/\\\/schema.org\",\"@graph\":[{\"@type\":\"WebPage\",\"@id\":\"https:\\\/\\\/wein-werte.com\\\/de\\\/produkt\\\/laderas-de-montejurra-leorin-2013-750ml\\\/\",\"url\":\"https:\\\/\\\/wein-werte.com\\\/de\\\/produkt\\\/laderas-de-montejurra-leorin-2013-750ml\\\/\",\"name\":\"Laderas de Montejurra Leorin 2013\",\"isPartOf\":{\"@id\":\"https:\\\/\\\/wein-werte.com\\\/de\\\/#website\"},\"primaryImageOfPage\":{\"@id\":\"https:\\\/\\\/wein-werte.com\\\/de\\\/produkt\\\/laderas-de-montejurra-leorin-2013-750ml\\\/#primaryimage\"},\"image\":{\"@id\":\"https:\\\/\\\/wein-werte.com\\\/de\\\/produkt\\\/laderas-de-montejurra-leorin-2013-750ml\\\/#primaryimage\"},\"thumbnailUrl\":\"https:\\\/\\\/wein-werte.com\\\/wp-content\\\/uploads\\\/2026\\\/04\\\/Laderas-de-Montejurra-Leorin-2013-750ml.png\",\"datePublished\":\"2026-05-05T16:30:53+00:00\",\"description\":\"Kaufe Laderas de Montejurra Leorin 2013 (Grenache Cuv\u00e9e, trocken aus Navarra, Spanien) bei Wein Werte, Ihrem nachhaltigen Onlineshop.\",\"breadcrumb\":{\"@id\":\"https:\\\/\\\/wein-werte.com\\\/de\\\/produkt\\\/laderas-de-montejurra-leorin-2013-750ml\\\/#breadcrumb\"},\"inLanguage\":\"de\",\"potentialAction\":[{\"@type\":\"ReadAction\",\"target\":[\"https:\\\/\\\/wein-werte.com\\\/de\\\/produkt\\\/laderas-de-montejurra-leorin-2013-750ml\\\/\"]}]},{\"@type\":\"ImageObject\",\"inLanguage\":\"de\",\"@id\":\"https:\\\/\\\/wein-werte.com\\\/de\\\/produkt\\\/laderas-de-montejurra-leorin-2013-750ml\\\/#primaryimage\",\"url\":\"https:\\\/\\\/wein-werte.com\\\/wp-content\\\/uploads\\\/2026\\\/04\\\/Laderas-de-Montejurra-Leorin-2013-750ml.png\",\"contentUrl\":\"https:\\\/\\\/wein-werte.com\\\/wp-content\\\/uploads\\\/2026\\\/04\\\/Laderas-de-Montejurra-Leorin-2013-750ml.png\",\"width\":339,\"height\":1200,\"caption\":\"Laderas de Montejurra Leorin 2013 750ml\"},{\"@type\":\"BreadcrumbList\",\"@id\":\"https:\\\/\\\/wein-werte.com\\\/de\\\/produkt\\\/laderas-de-montejurra-leorin-2013-750ml\\\/#breadcrumb\",\"itemListElement\":[{\"@type\":\"ListItem\",\"position\":1,\"name\":\"Home\",\"item\":\"https:\\\/\\\/wein-werte.com\\\/de\\\/\"},{\"@type\":\"ListItem\",\"position\":2,\"name\":\"Shop\",\"item\":\"https:\\\/\\\/wein-werte.com\\\/de\\\/shop\\\/\"},{\"@type\":\"ListItem\",\"position\":3,\"name\":\"Laderas de Montejurra | Navarra | Leorin | 2013 | 750ml | bio\"}]},{\"@type\":\"WebSite\",\"@id\":\"https:\\\/\\\/wein-werte.com\\\/de\\\/#website\",\"url\":\"https:\\\/\\\/wein-werte.com\\\/de\\\/\",\"name\":\"Wein Werte\",\"description\":\"\",\"publisher\":{\"@id\":\"https:\\\/\\\/wein-werte.com\\\/de\\\/#organization\"},\"potentialAction\":[{\"@type\":\"SearchAction\",\"target\":{\"@type\":\"EntryPoint\",\"urlTemplate\":\"https:\\\/\\\/wein-werte.com\\\/de\\\/?s={search_term_string}\"},\"query-input\":{\"@type\":\"PropertyValueSpecification\",\"valueRequired\":true,\"valueName\":\"search_term_string\"}}],\"inLanguage\":\"de\"},{\"@type\":\"Organization\",\"@id\":\"https:\\\/\\\/wein-werte.com\\\/de\\\/#organization\",\"name\":\"Vins Fins Thorrold\",\"url\":\"https:\\\/\\\/wein-werte.com\\\/de\\\/\",\"logo\":{\"@type\":\"ImageObject\",\"inLanguage\":\"de\",\"@id\":\"https:\\\/\\\/wein-werte.com\\\/de\\\/#\\\/schema\\\/logo\\\/image\\\/\",\"url\":\"https:\\\/\\\/wein-werte.com\\\/wp-content\\\/uploads\\\/2023\\\/07\\\/Wein_werte_Logo700-1.png\",\"contentUrl\":\"https:\\\/\\\/wein-werte.com\\\/wp-content\\\/uploads\\\/2023\\\/07\\\/Wein_werte_Logo700-1.png\",\"width\":700,\"height\":272,\"caption\":\"Vins Fins Thorrold\"},\"image\":{\"@id\":\"https:\\\/\\\/wein-werte.com\\\/de\\\/#\\\/schema\\\/logo\\\/image\\\/\"}}]}<\/script>\n<!-- \/ Yoast SEO plugin. -->","yoast_head_json":{"title":"Laderas de Montejurra Leorin 2013","description":"Kaufe Laderas de Montejurra Leorin 2013 (Grenache Cuv\u00e9e, trocken aus Navarra, Spanien) bei Wein Werte, Ihrem nachhaltigen Onlineshop.","robots":{"index":"index","follow":"follow","max-snippet":"max-snippet:-1","max-image-preview":"max-image-preview:large","max-video-preview":"max-video-preview:-1"},"canonical":"https:\/\/wein-werte.com\/de\/produkt\/laderas-de-montejurra-leorin-2013-750ml\/","og_locale":"de_DE","og_type":"article","og_title":"Laderas de Montejurra Leorin 2013","og_description":"Kaufe Laderas de Montejurra Leorin 2013 (Grenache Cuv\u00e9e, trocken aus Navarra, Spanien) bei Wein Werte, Ihrem nachhaltigen Onlineshop.","og_url":"https:\/\/wein-werte.com\/de\/produkt\/laderas-de-montejurra-leorin-2013-750ml\/","og_site_name":"Wein Werte","og_image":[{"width":339,"height":1200,"url":"https:\/\/wein-werte.com\/wp-content\/uploads\/2026\/04\/Laderas-de-Montejurra-Leorin-2013-750ml.png","type":"image\/png"}],"twitter_card":"summary_large_image","twitter_misc":{"Gesch\u00e4tzte Lesezeit":"2\u00a0Minuten"},"schema":{"@context":"https:\/\/schema.org","@graph":[{"@type":"WebPage","@id":"https:\/\/wein-werte.com\/de\/produkt\/laderas-de-montejurra-leorin-2013-750ml\/","url":"https:\/\/wein-werte.com\/de\/produkt\/laderas-de-montejurra-leorin-2013-750ml\/","name":"Laderas de Montejurra Leorin 2013","isPartOf":{"@id":"https:\/\/wein-werte.com\/de\/#website"},"primaryImageOfPage":{"@id":"https:\/\/wein-werte.com\/de\/produkt\/laderas-de-montejurra-leorin-2013-750ml\/#primaryimage"},"image":{"@id":"https:\/\/wein-werte.com\/de\/produkt\/laderas-de-montejurra-leorin-2013-750ml\/#primaryimage"},"thumbnailUrl":"https:\/\/wein-werte.com\/wp-content\/uploads\/2026\/04\/Laderas-de-Montejurra-Leorin-2013-750ml.png","datePublished":"2026-05-05T16:30:53+00:00","description":"Kaufe Laderas de Montejurra Leorin 2013 (Grenache Cuv\u00e9e, trocken aus Navarra, Spanien) bei Wein Werte, Ihrem nachhaltigen Onlineshop.","breadcrumb":{"@id":"https:\/\/wein-werte.com\/de\/produkt\/laderas-de-montejurra-leorin-2013-750ml\/#breadcrumb"},"inLanguage":"de","potentialAction":[{"@type":"ReadAction","target":["https:\/\/wein-werte.com\/de\/produkt\/laderas-de-montejurra-leorin-2013-750ml\/"]}]},{"@type":"ImageObject","inLanguage":"de","@id":"https:\/\/wein-werte.com\/de\/produkt\/laderas-de-montejurra-leorin-2013-750ml\/#primaryimage","url":"https:\/\/wein-werte.com\/wp-content\/uploads\/2026\/04\/Laderas-de-Montejurra-Leorin-2013-750ml.png","contentUrl":"https:\/\/wein-werte.com\/wp-content\/uploads\/2026\/04\/Laderas-de-Montejurra-Leorin-2013-750ml.png","width":339,"height":1200,"caption":"Laderas de Montejurra Leorin 2013 750ml"},{"@type":"BreadcrumbList","@id":"https:\/\/wein-werte.com\/de\/produkt\/laderas-de-montejurra-leorin-2013-750ml\/#breadcrumb","itemListElement":[{"@type":"ListItem","position":1,"name":"Home","item":"https:\/\/wein-werte.com\/de\/"},{"@type":"ListItem","position":2,"name":"Shop","item":"https:\/\/wein-werte.com\/de\/shop\/"},{"@type":"ListItem","position":3,"name":"Laderas de Montejurra | Navarra | Leorin | 2013 | 750ml | bio"}]},{"@type":"WebSite","@id":"https:\/\/wein-werte.com\/de\/#website","url":"https:\/\/wein-werte.com\/de\/","name":"Wein Werte","description":"","publisher":{"@id":"https:\/\/wein-werte.com\/de\/#organization"},"potentialAction":[{"@type":"SearchAction","target":{"@type":"EntryPoint","urlTemplate":"https:\/\/wein-werte.com\/de\/?s={search_term_string}"},"query-input":{"@type":"PropertyValueSpecification","valueRequired":true,"valueName":"search_term_string"}}],"inLanguage":"de"},{"@type":"Organization","@id":"https:\/\/wein-werte.com\/de\/#organization","name":"Vins Fins Thorrold","url":"https:\/\/wein-werte.com\/de\/","logo":{"@type":"ImageObject","inLanguage":"de","@id":"https:\/\/wein-werte.com\/de\/#\/schema\/logo\/image\/","url":"https:\/\/wein-werte.com\/wp-content\/uploads\/2023\/07\/Wein_werte_Logo700-1.png","contentUrl":"https:\/\/wein-werte.com\/wp-content\/uploads\/2023\/07\/Wein_werte_Logo700-1.png","width":700,"height":272,"caption":"Vins Fins Thorrold"},"image":{"@id":"https:\/\/wein-werte.com\/de\/#\/schema\/logo\/image\/"}}]}},"_links":{"self":[{"href":"https:\/\/wein-werte.com\/de\/wp-json\/wp\/v2\/product\/1133892","targetHints":{"allow":["GET"]}}],"collection":[{"href":"https:\/\/wein-werte.com\/de\/wp-json\/wp\/v2\/product"}],"about":[{"href":"https:\/\/wein-werte.com\/de\/wp-json\/wp\/v2\/types\/product"}],"wp:featuredmedia":[{"embeddable":true,"href":"https:\/\/wein-werte.com\/de\/wp-json\/wp\/v2\/media\/1144210"}],"wp:attachment":[{"href":"https:\/\/wein-werte.com\/de\/wp-json\/wp\/v2\/media?parent=1133892"}],"wp:term":[{"taxonomy":"product_brand","embeddable":true,"href":"https:\/\/wein-werte.com\/de\/wp-json\/wp\/v2\/product_brand?post=1133892"},{"taxonomy":"product_cat","embeddable":true,"href":"https:\/\/wein-werte.com\/de\/wp-json\/wp\/v2\/product_cat?post=1133892"},{"taxonomy":"product_tag","embeddable":true,"href":"https:\/\/wein-werte.com\/de\/wp-json\/wp\/v2\/product_tag?post=1133892"}],"curies":[{"name":"wp","href":"https:\/\/api.w.org\/{rel}","templated":true}]}}