{"id":1133877,"date":"2026-05-05T18:30:52","date_gmt":"2026-05-05T16:30:52","guid":{"rendered":"https:\/\/wein-werte.com\/product\/familia-nin-ortiz-planetes-blanc-2023-750ml\/"},"modified":"2026-04-27T11:51:17","modified_gmt":"2026-04-27T09:51:17","slug":"familia-nin-ortiz-planetes-blanc-2023-750ml","status":"publish","type":"product","link":"https:\/\/wein-werte.com\/de\/produkt\/familia-nin-ortiz-planetes-blanc-2023-750ml\/","title":{"rendered":"Familia Nin Ortiz | Priorat | Planetes Blanc | 2023 | 750ml"},"content":{"rendered":"<p>Produktbeschreibung f\u00fcr Familia Nin Ortiz Planetes Blanc 2023 <\/p>\n<h5>Info<\/h5>\n<p> Auf den Schieferh\u00e4ngen von Porrera stehen auch vereinzelt wei\u00dfe Rebsorten und die Tendenz ist steigend. Auf 0,9ha werden 26 Jahre alte Reben kultiviert sowie erg\u00e4nzend 4 Jahre junge Reben auf 0,73ha. Die Reben sind nach S\u00fcdost bis S\u00fcdwest ausgerichtet. Ausbau und Reife erfolgen zu 7\u00df0% in gebrauchten F\u00e4ssern sowie zu 30% in Betoneiern. Die Temperatur wird dabei reguliert.  <\/p>\n<h5>Farbe<\/h5>\n<p> Funkelndes Strohgelb mit gr\u00fcnen Elementen \u00a0 <\/p>\n<h5>Nase<\/h5>\n<p> Ein spannender und charakterstarker Wein steht vor uns im Glas. Er zeigt seine mediterrane Herkunft und ist doch dabei v\u00f6llig im Reinen mit sich. Ein wahrer Ruhepol. Ein Wein, der v\u00f6llig ohne Frucht auszukommen scheint. Die Garrigue, die Aromen von Pinienhainen sowie Thymian, Salbei und Rosmarin sind pr\u00e4gend in ihm. Seine etherische Seite ist jedoch eher in getrockneter Form wahrzunehmen. Der Duft erinnert etwas an trockene Schotterpisten in kalkigen oder kreidigen Regionen. Reint\u00f6nig zeigt er uns die Mandelbl\u00fcte sowie frische gehackte Mandeln. Mirabelle, Birne und Quitte \u00f6ffnen sich zun\u00e4chst hell und zaghaft. Im Verlauf f\u00e4rbt sich die Frucht dann durchaus gelber. Dadurch wird Platz geschaffen f\u00fcr Khaki. Kurkuma und Kubeben-Pfeffer sorgen f\u00fcr eine angenehme W\u00fcrze. Vegetabil wirkt er durch frisch gerieben Fenchel und Fenchelstrunk nebst Artischocke.  \u00a0 <\/p>\n<h5>Gaumen<\/h5>\n<p> Am Gaumen \u00fcbertr\u00e4gt er eins zu eins die Vorstellungen aus der Nase. Puristisch, linear und kalkig zugleich. Dies beschreibt das Mundgef\u00fchl sehr treffend f\u00fcr mich. Bei moderater, wohldosierter S\u00e4ure bleibt Platz f\u00fcr seine klare, mineralische Seite. die S\u00e4ure sei in diesem Zusammenhang noch in Verbindung mit den klimatischen Bedingungen vor Ort als herausragend eingestuft. Selten hatte ich einen so spannenden Wei\u00dfwein aus dem Priorat im Glas, der dies gekonnt in Szene setzen kann. Die Frucht bleibt auch am Gaumen moderat und nur langsam aufbauend. Das ganze basiert auf einer breiten, dichten und w\u00e4rmenden Struktur auf, der es gelingt Eleganz gleicherma\u00dfen auszustrahlen wie Gro\u00dfz\u00fcgigkeit. Auch im Nachhall bleibt er seiner puristischen, mediterranen Art treu.<\/p>\n<p>Copyright Vinaturel 2025<\/p>\n<p>Keywords: <a href=\"https:\/\/wein-werte.com\/de\/shop\/?swoof=1&#038;pa_producer=Familia-Nin-Ortiz\">Familia Nin Ortiz<\/a> <a href=\"https:\/\/wein-werte.com\/de\/shop\/?swoof=1&#038;woof_text=Planetes Blanc\">Planetes Blanc<\/a> 2023  <a href=\"https:\/\/wein-werte.com\/de\/shop\/?swoof=1&#038;pa_region=Priorat\">Priorat<\/a> <a href=\"https:\/\/wein-werte.com\/de\/shop\/?swoof=1&#038;pa_country=Spanien\">Spanien<\/a><\/p>\n<h3>Wine Advocate<\/h3>\n<p>Punkte: 94<\/p>\n<p>Der Planetes de Nin Carinyena Blanca 2023 hat eine gro\u00dfe Ver\u00e4nderung erfahren. Der Maischekontakt wurde eingestellt, und das Profil des Weines hat sich ver\u00e4ndert; er ist deutlich ausdrucksst\u00e4rker, offener und blumiger, zugleich aber auch seri\u00f6ser, mineralischer und feingliedriger. Er reifte zu 70 % im Fass und zu 30 % in Betoneiern. Er hat einen w\u00fcrzigen Geschmack mit tiefen Aromen und einer kalkigen Textur. Mit 13,2 % Alkohol ist er reifer, was eine st\u00e4rkere Entwicklung der Aromen und Geschmacksrichtungen im Wein bedeutet. Man geht davon aus, dass er teilweise von Hanglagen und zuvor von flachen Weinbergen stammt. Es wurden 6.350 Flaschen produziert. Die Abf\u00fcllung erfolgte im April 2024.<br \/>Luis Guti\u00e9rrez<\/p>\n<p>Internetseite des Weinguts: <a href=\"https:\/\/familianinortiz.com\/\" target=\"_blank\">https:\/\/familianinortiz.com\/<\/a><\/p>\n","protected":false},"excerpt":{"rendered":"<p>Lieferzeit: 1 bis 2 Arbeitstage (DE), 2 bis 5 Arbeitstage (EU and CH)<\/p>\n","protected":false},"featured_media":1144198,"template":"","meta":[],"product_brand":[],"product_cat":[19],"product_tag":[],"class_list":{"0":"post-1133877","1":"product","2":"type-product","3":"status-publish","4":"has-post-thumbnail","6":"product_cat-unkategorisiert","7":"pa_alcohol-for-filter-12897","8":"pa_certified-biodynamic-nein-de","9":"pa_certified-organic-nein-de","10":"pa_colour-weiss","11":"pa_country-spanien","12":"pa_grape-carignan","13":"pa_parker-points-for-filter-94-de-2","14":"pa_price-for-filter-10605","15":"pa_producer-familia-nin-ortiz","16":"pa_region-priorat","17":"pa_size-ml-6584","18":"pa_sweetness-trocken-de","19":"pa_type-2-still-de","20":"pa_vintage-2023-de","21":"entry","22":"has-media","24":"first","25":"instock","26":"taxable","27":"shipping-taxable","28":"purchasable","29":"product-type-simple"},"yoast_head":"<!-- This site is optimized with the Yoast SEO plugin v27.5 - https:\/\/yoast.com\/product\/yoast-seo-wordpress\/ -->\n<title>Familia Nin Ortiz Planetes blanc 2023<\/title>\n<meta name=\"description\" content=\"Kaufe Familia Nin Ortiz Planetes blanc 2023 (Carignan, trocken aus Priorat, Spanien) bei Wein Werte, Ihrem nachhaltigen Onlineshop.\" \/>\n<meta name=\"robots\" content=\"index, follow, max-snippet:-1, max-image-preview:large, max-video-preview:-1\" \/>\n<link rel=\"canonical\" href=\"https:\/\/wein-werte.com\/de\/produkt\/familia-nin-ortiz-planetes-blanc-2023-750ml\/\" \/>\n<meta property=\"og:locale\" content=\"de_DE\" \/>\n<meta property=\"og:type\" content=\"article\" \/>\n<meta property=\"og:title\" content=\"Familia Nin Ortiz Planetes blanc 2023\" \/>\n<meta property=\"og:description\" content=\"Kaufe Familia Nin Ortiz Planetes blanc 2023 (Carignan, trocken aus Priorat, Spanien) bei Wein Werte, Ihrem nachhaltigen Onlineshop.\" \/>\n<meta property=\"og:url\" content=\"https:\/\/wein-werte.com\/de\/produkt\/familia-nin-ortiz-planetes-blanc-2023-750ml\/\" \/>\n<meta property=\"og:site_name\" content=\"Wein Werte\" \/>\n<meta property=\"og:image\" content=\"https:\/\/wein-werte.com\/wp-content\/uploads\/2026\/04\/Familia-Nin-Ortiz-Planetes-blanc-2023-750ml.png\" \/>\n\t<meta property=\"og:image:width\" content=\"322\" \/>\n\t<meta property=\"og:image:height\" content=\"1200\" \/>\n\t<meta property=\"og:image:type\" content=\"image\/png\" \/>\n<meta name=\"twitter:card\" content=\"summary_large_image\" \/>\n<meta name=\"twitter:label1\" content=\"Gesch\u00e4tzte Lesezeit\" \/>\n\t<meta name=\"twitter:data1\" content=\"2\u00a0Minuten\" \/>\n<script type=\"application\/ld+json\" class=\"yoast-schema-graph\">{\"@context\":\"https:\\\/\\\/schema.org\",\"@graph\":[{\"@type\":\"WebPage\",\"@id\":\"https:\\\/\\\/wein-werte.com\\\/de\\\/produkt\\\/familia-nin-ortiz-planetes-blanc-2023-750ml\\\/\",\"url\":\"https:\\\/\\\/wein-werte.com\\\/de\\\/produkt\\\/familia-nin-ortiz-planetes-blanc-2023-750ml\\\/\",\"name\":\"Familia Nin Ortiz Planetes blanc 2023\",\"isPartOf\":{\"@id\":\"https:\\\/\\\/wein-werte.com\\\/de\\\/#website\"},\"primaryImageOfPage\":{\"@id\":\"https:\\\/\\\/wein-werte.com\\\/de\\\/produkt\\\/familia-nin-ortiz-planetes-blanc-2023-750ml\\\/#primaryimage\"},\"image\":{\"@id\":\"https:\\\/\\\/wein-werte.com\\\/de\\\/produkt\\\/familia-nin-ortiz-planetes-blanc-2023-750ml\\\/#primaryimage\"},\"thumbnailUrl\":\"https:\\\/\\\/wein-werte.com\\\/wp-content\\\/uploads\\\/2026\\\/04\\\/Familia-Nin-Ortiz-Planetes-blanc-2023-750ml.png\",\"datePublished\":\"2026-05-05T16:30:52+00:00\",\"description\":\"Kaufe Familia Nin Ortiz Planetes blanc 2023 (Carignan, trocken aus Priorat, Spanien) bei Wein Werte, Ihrem nachhaltigen Onlineshop.\",\"breadcrumb\":{\"@id\":\"https:\\\/\\\/wein-werte.com\\\/de\\\/produkt\\\/familia-nin-ortiz-planetes-blanc-2023-750ml\\\/#breadcrumb\"},\"inLanguage\":\"de\",\"potentialAction\":[{\"@type\":\"ReadAction\",\"target\":[\"https:\\\/\\\/wein-werte.com\\\/de\\\/produkt\\\/familia-nin-ortiz-planetes-blanc-2023-750ml\\\/\"]}]},{\"@type\":\"ImageObject\",\"inLanguage\":\"de\",\"@id\":\"https:\\\/\\\/wein-werte.com\\\/de\\\/produkt\\\/familia-nin-ortiz-planetes-blanc-2023-750ml\\\/#primaryimage\",\"url\":\"https:\\\/\\\/wein-werte.com\\\/wp-content\\\/uploads\\\/2026\\\/04\\\/Familia-Nin-Ortiz-Planetes-blanc-2023-750ml.png\",\"contentUrl\":\"https:\\\/\\\/wein-werte.com\\\/wp-content\\\/uploads\\\/2026\\\/04\\\/Familia-Nin-Ortiz-Planetes-blanc-2023-750ml.png\",\"width\":322,\"height\":1200,\"caption\":\"Familia Nin Ortiz Planetes Blanc 2023 750ml\"},{\"@type\":\"BreadcrumbList\",\"@id\":\"https:\\\/\\\/wein-werte.com\\\/de\\\/produkt\\\/familia-nin-ortiz-planetes-blanc-2023-750ml\\\/#breadcrumb\",\"itemListElement\":[{\"@type\":\"ListItem\",\"position\":1,\"name\":\"Home\",\"item\":\"https:\\\/\\\/wein-werte.com\\\/de\\\/\"},{\"@type\":\"ListItem\",\"position\":2,\"name\":\"Shop\",\"item\":\"https:\\\/\\\/wein-werte.com\\\/de\\\/shop\\\/\"},{\"@type\":\"ListItem\",\"position\":3,\"name\":\"Familia Nin Ortiz | Priorat | Planetes Blanc | 2023 | 750ml\"}]},{\"@type\":\"WebSite\",\"@id\":\"https:\\\/\\\/wein-werte.com\\\/de\\\/#website\",\"url\":\"https:\\\/\\\/wein-werte.com\\\/de\\\/\",\"name\":\"Wein Werte\",\"description\":\"\",\"publisher\":{\"@id\":\"https:\\\/\\\/wein-werte.com\\\/de\\\/#organization\"},\"potentialAction\":[{\"@type\":\"SearchAction\",\"target\":{\"@type\":\"EntryPoint\",\"urlTemplate\":\"https:\\\/\\\/wein-werte.com\\\/de\\\/?s={search_term_string}\"},\"query-input\":{\"@type\":\"PropertyValueSpecification\",\"valueRequired\":true,\"valueName\":\"search_term_string\"}}],\"inLanguage\":\"de\"},{\"@type\":\"Organization\",\"@id\":\"https:\\\/\\\/wein-werte.com\\\/de\\\/#organization\",\"name\":\"Vins Fins Thorrold\",\"url\":\"https:\\\/\\\/wein-werte.com\\\/de\\\/\",\"logo\":{\"@type\":\"ImageObject\",\"inLanguage\":\"de\",\"@id\":\"https:\\\/\\\/wein-werte.com\\\/de\\\/#\\\/schema\\\/logo\\\/image\\\/\",\"url\":\"https:\\\/\\\/wein-werte.com\\\/wp-content\\\/uploads\\\/2023\\\/07\\\/Wein_werte_Logo700-1.png\",\"contentUrl\":\"https:\\\/\\\/wein-werte.com\\\/wp-content\\\/uploads\\\/2023\\\/07\\\/Wein_werte_Logo700-1.png\",\"width\":700,\"height\":272,\"caption\":\"Vins Fins Thorrold\"},\"image\":{\"@id\":\"https:\\\/\\\/wein-werte.com\\\/de\\\/#\\\/schema\\\/logo\\\/image\\\/\"}}]}<\/script>\n<!-- \/ Yoast SEO plugin. -->","yoast_head_json":{"title":"Familia Nin Ortiz Planetes blanc 2023","description":"Kaufe Familia Nin Ortiz Planetes blanc 2023 (Carignan, trocken aus Priorat, Spanien) bei Wein Werte, Ihrem nachhaltigen Onlineshop.","robots":{"index":"index","follow":"follow","max-snippet":"max-snippet:-1","max-image-preview":"max-image-preview:large","max-video-preview":"max-video-preview:-1"},"canonical":"https:\/\/wein-werte.com\/de\/produkt\/familia-nin-ortiz-planetes-blanc-2023-750ml\/","og_locale":"de_DE","og_type":"article","og_title":"Familia Nin Ortiz Planetes blanc 2023","og_description":"Kaufe Familia Nin Ortiz Planetes blanc 2023 (Carignan, trocken aus Priorat, Spanien) bei Wein Werte, Ihrem nachhaltigen Onlineshop.","og_url":"https:\/\/wein-werte.com\/de\/produkt\/familia-nin-ortiz-planetes-blanc-2023-750ml\/","og_site_name":"Wein Werte","og_image":[{"width":322,"height":1200,"url":"https:\/\/wein-werte.com\/wp-content\/uploads\/2026\/04\/Familia-Nin-Ortiz-Planetes-blanc-2023-750ml.png","type":"image\/png"}],"twitter_card":"summary_large_image","twitter_misc":{"Gesch\u00e4tzte Lesezeit":"2\u00a0Minuten"},"schema":{"@context":"https:\/\/schema.org","@graph":[{"@type":"WebPage","@id":"https:\/\/wein-werte.com\/de\/produkt\/familia-nin-ortiz-planetes-blanc-2023-750ml\/","url":"https:\/\/wein-werte.com\/de\/produkt\/familia-nin-ortiz-planetes-blanc-2023-750ml\/","name":"Familia Nin Ortiz Planetes blanc 2023","isPartOf":{"@id":"https:\/\/wein-werte.com\/de\/#website"},"primaryImageOfPage":{"@id":"https:\/\/wein-werte.com\/de\/produkt\/familia-nin-ortiz-planetes-blanc-2023-750ml\/#primaryimage"},"image":{"@id":"https:\/\/wein-werte.com\/de\/produkt\/familia-nin-ortiz-planetes-blanc-2023-750ml\/#primaryimage"},"thumbnailUrl":"https:\/\/wein-werte.com\/wp-content\/uploads\/2026\/04\/Familia-Nin-Ortiz-Planetes-blanc-2023-750ml.png","datePublished":"2026-05-05T16:30:52+00:00","description":"Kaufe Familia Nin Ortiz Planetes blanc 2023 (Carignan, trocken aus Priorat, Spanien) bei Wein Werte, Ihrem nachhaltigen Onlineshop.","breadcrumb":{"@id":"https:\/\/wein-werte.com\/de\/produkt\/familia-nin-ortiz-planetes-blanc-2023-750ml\/#breadcrumb"},"inLanguage":"de","potentialAction":[{"@type":"ReadAction","target":["https:\/\/wein-werte.com\/de\/produkt\/familia-nin-ortiz-planetes-blanc-2023-750ml\/"]}]},{"@type":"ImageObject","inLanguage":"de","@id":"https:\/\/wein-werte.com\/de\/produkt\/familia-nin-ortiz-planetes-blanc-2023-750ml\/#primaryimage","url":"https:\/\/wein-werte.com\/wp-content\/uploads\/2026\/04\/Familia-Nin-Ortiz-Planetes-blanc-2023-750ml.png","contentUrl":"https:\/\/wein-werte.com\/wp-content\/uploads\/2026\/04\/Familia-Nin-Ortiz-Planetes-blanc-2023-750ml.png","width":322,"height":1200,"caption":"Familia Nin Ortiz Planetes Blanc 2023 750ml"},{"@type":"BreadcrumbList","@id":"https:\/\/wein-werte.com\/de\/produkt\/familia-nin-ortiz-planetes-blanc-2023-750ml\/#breadcrumb","itemListElement":[{"@type":"ListItem","position":1,"name":"Home","item":"https:\/\/wein-werte.com\/de\/"},{"@type":"ListItem","position":2,"name":"Shop","item":"https:\/\/wein-werte.com\/de\/shop\/"},{"@type":"ListItem","position":3,"name":"Familia Nin Ortiz | Priorat | Planetes Blanc | 2023 | 750ml"}]},{"@type":"WebSite","@id":"https:\/\/wein-werte.com\/de\/#website","url":"https:\/\/wein-werte.com\/de\/","name":"Wein Werte","description":"","publisher":{"@id":"https:\/\/wein-werte.com\/de\/#organization"},"potentialAction":[{"@type":"SearchAction","target":{"@type":"EntryPoint","urlTemplate":"https:\/\/wein-werte.com\/de\/?s={search_term_string}"},"query-input":{"@type":"PropertyValueSpecification","valueRequired":true,"valueName":"search_term_string"}}],"inLanguage":"de"},{"@type":"Organization","@id":"https:\/\/wein-werte.com\/de\/#organization","name":"Vins Fins Thorrold","url":"https:\/\/wein-werte.com\/de\/","logo":{"@type":"ImageObject","inLanguage":"de","@id":"https:\/\/wein-werte.com\/de\/#\/schema\/logo\/image\/","url":"https:\/\/wein-werte.com\/wp-content\/uploads\/2023\/07\/Wein_werte_Logo700-1.png","contentUrl":"https:\/\/wein-werte.com\/wp-content\/uploads\/2023\/07\/Wein_werte_Logo700-1.png","width":700,"height":272,"caption":"Vins Fins Thorrold"},"image":{"@id":"https:\/\/wein-werte.com\/de\/#\/schema\/logo\/image\/"}}]}},"_links":{"self":[{"href":"https:\/\/wein-werte.com\/de\/wp-json\/wp\/v2\/product\/1133877","targetHints":{"allow":["GET"]}}],"collection":[{"href":"https:\/\/wein-werte.com\/de\/wp-json\/wp\/v2\/product"}],"about":[{"href":"https:\/\/wein-werte.com\/de\/wp-json\/wp\/v2\/types\/product"}],"wp:featuredmedia":[{"embeddable":true,"href":"https:\/\/wein-werte.com\/de\/wp-json\/wp\/v2\/media\/1144198"}],"wp:attachment":[{"href":"https:\/\/wein-werte.com\/de\/wp-json\/wp\/v2\/media?parent=1133877"}],"wp:term":[{"taxonomy":"product_brand","embeddable":true,"href":"https:\/\/wein-werte.com\/de\/wp-json\/wp\/v2\/product_brand?post=1133877"},{"taxonomy":"product_cat","embeddable":true,"href":"https:\/\/wein-werte.com\/de\/wp-json\/wp\/v2\/product_cat?post=1133877"},{"taxonomy":"product_tag","embeddable":true,"href":"https:\/\/wein-werte.com\/de\/wp-json\/wp\/v2\/product_tag?post=1133877"}],"curies":[{"name":"wp","href":"https:\/\/api.w.org\/{rel}","templated":true}]}}