{"id":1133867,"date":"2026-05-08T20:06:20","date_gmt":"2026-05-08T18:06:20","guid":{"rendered":"https:\/\/wein-werte.com\/product\/familia-nin-ortiz-selma-2020-750ml\/"},"modified":"2026-04-27T11:51:17","modified_gmt":"2026-04-27T09:51:17","slug":"familia-nin-ortiz-selma-2020-750ml","status":"publish","type":"product","link":"https:\/\/wein-werte.com\/de\/produkt\/familia-nin-ortiz-selma-2020-750ml\/","title":{"rendered":"Familia Nin Ortiz | Catalunya | Selma | 2020 | 750ml"},"content":{"rendered":"<p>Produktbeschreibung f\u00fcr Familia Nin Ortiz Selma 2020 <\/p>\n<p>Familia Nin Ortiz Selma 2020 ist ein trockener Wei\u00dfwein Cuv\u00e9e (prim\u00e4r Chenin Blanc) hergestellt in der Region Catalunya in Spanien.<\/p>\n<p>Keywords: <a href=\"https:\/\/wein-werte.com\/de\/shop\/?swoof=1&#038;pa_producer=Familia-Nin-Ortiz\">Familia Nin Ortiz<\/a> <a href=\"https:\/\/wein-werte.com\/de\/shop\/?swoof=1&#038;woof_text=Selma\">Selma<\/a> 2020  <a href=\"https:\/\/wein-werte.com\/de\/shop\/?swoof=1&#038;pa_region=Catalunya\">Catalunya<\/a> <a href=\"https:\/\/wein-werte.com\/de\/shop\/?swoof=1&#038;pa_country=Spanien\">Spanien<\/a><\/p>\n<h3>Wine Advocate<\/h3>\n<p>Punkte: 95<\/p>\n<p>Der Selma 2020 hat ein wundersch\u00f6nes Bouquet mit floralen und w\u00fcrzigen Noten, das mich ein wenig an einen Savagnin aus dem Jura erinnert. Es ist eine komplexe und ungew\u00f6hnliche Cuv\u00e9e aus je 25 % Roussanne, Marsanne, Parellada Montonega und Chenin Blanc, die zw\u00f6lf Monate in 225- und 300-Liter-Eichenf\u00e4ssern reifte und zwei Jahre in der Flasche lagerte. Er ist geschmackvoll, mit klaren und eleganten Aromen, subtil und elegant, mit einem langen Abgang. Ich fand ihn wirklich beeindruckend. 2.350 Flaschen produziert. Abf\u00fcllung im Januar 2022.<br \/>Luis Guti\u00e9rrez<\/p>\n<h3>Vinous<\/h3>\n<p>Punkte: 94<\/p>\n<p>Der Selma 2020 ist eine Cuv\u00e9e aus Roussanne, Marsanne, Parellada, Montonega und Chenin Blanc, alle aus Pla de Manlleu. Nach einem Jahr Fassreife und zwei Monaten Flaschenreife offenbart dieser Wei\u00dfwein einen Kern von gr\u00fcnem Apfel sowie Noten von wei\u00dfem Pfirsich und Akazie. Trocken und kr\u00e4ftig, kontrastiert der f\u00fcllige Geschmack mit einer talkartigen Textur und einem zarten Mundgef\u00fchl. Intensiv und reichhaltig, ist dies ein wohlschmeckender Wei\u00dfwein, der die Essenz des Pened\u00e8s einf\u00e4ngt. \u2013 Joaqu\u00edn Hidalgo<br \/>Trinkfenster: 2025\u20132030<br \/>Testdatum: November 2024<\/p>\n<p>Internetseite des Weinguts: <a href=\"https:\/\/familianinortiz.com\/\" target=\"_blank\">https:\/\/familianinortiz.com\/<\/a><\/p>\n","protected":false},"excerpt":{"rendered":"<p>Lieferzeit: 1 bis 2 Arbeitstage (DE), 2 bis 5 Arbeitstage (EU and CH)<\/p>\n","protected":false},"featured_media":1144190,"template":"","meta":[],"product_brand":[],"product_cat":[19],"product_tag":[],"class_list":{"0":"post-1133867","1":"product","2":"type-product","3":"status-publish","4":"has-post-thumbnail","6":"product_cat-unkategorisiert","7":"pa_alcohol-for-filter-12-5","8":"pa_certified-biodynamic-nein-de","9":"pa_certified-organic-nein-de","10":"pa_colour-weiss","11":"pa_country-spanien","12":"pa_grape-chenin-blanc-cuvee","13":"pa_parker-points-for-filter-95-de","14":"pa_price-for-filter-10621","15":"pa_producer-familia-nin-ortiz","16":"pa_region-katalonien","17":"pa_size-ml-6584","18":"pa_sweetness-trocken-de","19":"pa_type-2-still-de","20":"pa_vinous-points-for-filter-20033","21":"pa_vintage-2020-de","22":"entry","23":"has-media","25":"first","26":"instock","27":"taxable","28":"shipping-taxable","29":"purchasable","30":"product-type-simple"},"yoast_head":"<!-- This site is optimized with the Yoast SEO plugin v27.5 - https:\/\/yoast.com\/product\/yoast-seo-wordpress\/ -->\n<title>Familia Nin Ortiz Selma 2020<\/title>\n<meta name=\"description\" content=\"Kaufe Familia Nin Ortiz Selma 2020 (Chenin Blanc Cuv\u00e9e, trocken aus Catalunya, Spanien) bei Wein Werte, Ihrem nachhaltigen Onlineshop.\" \/>\n<meta name=\"robots\" content=\"index, follow, max-snippet:-1, max-image-preview:large, max-video-preview:-1\" \/>\n<link rel=\"canonical\" href=\"https:\/\/wein-werte.com\/de\/produkt\/familia-nin-ortiz-selma-2020-750ml\/\" \/>\n<meta property=\"og:locale\" content=\"de_DE\" \/>\n<meta property=\"og:type\" content=\"article\" \/>\n<meta property=\"og:title\" content=\"Familia Nin Ortiz Selma 2020\" \/>\n<meta property=\"og:description\" content=\"Kaufe Familia Nin Ortiz Selma 2020 (Chenin Blanc Cuv\u00e9e, trocken aus Catalunya, Spanien) bei Wein Werte, Ihrem nachhaltigen Onlineshop.\" \/>\n<meta property=\"og:url\" content=\"https:\/\/wein-werte.com\/de\/produkt\/familia-nin-ortiz-selma-2020-750ml\/\" \/>\n<meta property=\"og:site_name\" content=\"Wein Werte\" \/>\n<meta property=\"og:image\" content=\"https:\/\/wein-werte.com\/wp-content\/uploads\/2026\/04\/Familia-Nin-Ortiz-Selma-2020-750ml.png\" \/>\n\t<meta property=\"og:image:width\" content=\"341\" \/>\n\t<meta property=\"og:image:height\" content=\"1200\" \/>\n\t<meta property=\"og:image:type\" content=\"image\/png\" \/>\n<meta name=\"twitter:card\" content=\"summary_large_image\" \/>\n<meta name=\"twitter:label1\" content=\"Gesch\u00e4tzte Lesezeit\" \/>\n\t<meta name=\"twitter:data1\" content=\"1\u00a0Minute\" \/>\n<script type=\"application\/ld+json\" class=\"yoast-schema-graph\">{\"@context\":\"https:\\\/\\\/schema.org\",\"@graph\":[{\"@type\":\"WebPage\",\"@id\":\"https:\\\/\\\/wein-werte.com\\\/de\\\/produkt\\\/familia-nin-ortiz-selma-2020-750ml\\\/\",\"url\":\"https:\\\/\\\/wein-werte.com\\\/de\\\/produkt\\\/familia-nin-ortiz-selma-2020-750ml\\\/\",\"name\":\"Familia Nin Ortiz Selma 2020\",\"isPartOf\":{\"@id\":\"https:\\\/\\\/wein-werte.com\\\/de\\\/#website\"},\"primaryImageOfPage\":{\"@id\":\"https:\\\/\\\/wein-werte.com\\\/de\\\/produkt\\\/familia-nin-ortiz-selma-2020-750ml\\\/#primaryimage\"},\"image\":{\"@id\":\"https:\\\/\\\/wein-werte.com\\\/de\\\/produkt\\\/familia-nin-ortiz-selma-2020-750ml\\\/#primaryimage\"},\"thumbnailUrl\":\"https:\\\/\\\/wein-werte.com\\\/wp-content\\\/uploads\\\/2026\\\/04\\\/Familia-Nin-Ortiz-Selma-2020-750ml.png\",\"datePublished\":\"2026-05-08T18:06:20+00:00\",\"description\":\"Kaufe Familia Nin Ortiz Selma 2020 (Chenin Blanc Cuv\u00e9e, trocken aus Catalunya, Spanien) bei Wein Werte, Ihrem nachhaltigen Onlineshop.\",\"breadcrumb\":{\"@id\":\"https:\\\/\\\/wein-werte.com\\\/de\\\/produkt\\\/familia-nin-ortiz-selma-2020-750ml\\\/#breadcrumb\"},\"inLanguage\":\"de\",\"potentialAction\":[{\"@type\":\"ReadAction\",\"target\":[\"https:\\\/\\\/wein-werte.com\\\/de\\\/produkt\\\/familia-nin-ortiz-selma-2020-750ml\\\/\"]}]},{\"@type\":\"ImageObject\",\"inLanguage\":\"de\",\"@id\":\"https:\\\/\\\/wein-werte.com\\\/de\\\/produkt\\\/familia-nin-ortiz-selma-2020-750ml\\\/#primaryimage\",\"url\":\"https:\\\/\\\/wein-werte.com\\\/wp-content\\\/uploads\\\/2026\\\/04\\\/Familia-Nin-Ortiz-Selma-2020-750ml.png\",\"contentUrl\":\"https:\\\/\\\/wein-werte.com\\\/wp-content\\\/uploads\\\/2026\\\/04\\\/Familia-Nin-Ortiz-Selma-2020-750ml.png\",\"width\":341,\"height\":1200,\"caption\":\"Familia Nin Ortiz Selma 2020 750ml\"},{\"@type\":\"BreadcrumbList\",\"@id\":\"https:\\\/\\\/wein-werte.com\\\/de\\\/produkt\\\/familia-nin-ortiz-selma-2020-750ml\\\/#breadcrumb\",\"itemListElement\":[{\"@type\":\"ListItem\",\"position\":1,\"name\":\"Home\",\"item\":\"https:\\\/\\\/wein-werte.com\\\/de\\\/\"},{\"@type\":\"ListItem\",\"position\":2,\"name\":\"Shop\",\"item\":\"https:\\\/\\\/wein-werte.com\\\/de\\\/shop\\\/\"},{\"@type\":\"ListItem\",\"position\":3,\"name\":\"Familia Nin Ortiz | Catalunya | Selma | 2020 | 750ml\"}]},{\"@type\":\"WebSite\",\"@id\":\"https:\\\/\\\/wein-werte.com\\\/de\\\/#website\",\"url\":\"https:\\\/\\\/wein-werte.com\\\/de\\\/\",\"name\":\"Wein Werte\",\"description\":\"\",\"publisher\":{\"@id\":\"https:\\\/\\\/wein-werte.com\\\/de\\\/#organization\"},\"potentialAction\":[{\"@type\":\"SearchAction\",\"target\":{\"@type\":\"EntryPoint\",\"urlTemplate\":\"https:\\\/\\\/wein-werte.com\\\/de\\\/?s={search_term_string}\"},\"query-input\":{\"@type\":\"PropertyValueSpecification\",\"valueRequired\":true,\"valueName\":\"search_term_string\"}}],\"inLanguage\":\"de\"},{\"@type\":\"Organization\",\"@id\":\"https:\\\/\\\/wein-werte.com\\\/de\\\/#organization\",\"name\":\"Vins Fins Thorrold\",\"url\":\"https:\\\/\\\/wein-werte.com\\\/de\\\/\",\"logo\":{\"@type\":\"ImageObject\",\"inLanguage\":\"de\",\"@id\":\"https:\\\/\\\/wein-werte.com\\\/de\\\/#\\\/schema\\\/logo\\\/image\\\/\",\"url\":\"https:\\\/\\\/wein-werte.com\\\/wp-content\\\/uploads\\\/2023\\\/07\\\/Wein_werte_Logo700-1.png\",\"contentUrl\":\"https:\\\/\\\/wein-werte.com\\\/wp-content\\\/uploads\\\/2023\\\/07\\\/Wein_werte_Logo700-1.png\",\"width\":700,\"height\":272,\"caption\":\"Vins Fins Thorrold\"},\"image\":{\"@id\":\"https:\\\/\\\/wein-werte.com\\\/de\\\/#\\\/schema\\\/logo\\\/image\\\/\"}}]}<\/script>\n<!-- \/ Yoast SEO plugin. -->","yoast_head_json":{"title":"Familia Nin Ortiz Selma 2020","description":"Kaufe Familia Nin Ortiz Selma 2020 (Chenin Blanc Cuv\u00e9e, trocken aus Catalunya, Spanien) bei Wein Werte, Ihrem nachhaltigen Onlineshop.","robots":{"index":"index","follow":"follow","max-snippet":"max-snippet:-1","max-image-preview":"max-image-preview:large","max-video-preview":"max-video-preview:-1"},"canonical":"https:\/\/wein-werte.com\/de\/produkt\/familia-nin-ortiz-selma-2020-750ml\/","og_locale":"de_DE","og_type":"article","og_title":"Familia Nin Ortiz Selma 2020","og_description":"Kaufe Familia Nin Ortiz Selma 2020 (Chenin Blanc Cuv\u00e9e, trocken aus Catalunya, Spanien) bei Wein Werte, Ihrem nachhaltigen Onlineshop.","og_url":"https:\/\/wein-werte.com\/de\/produkt\/familia-nin-ortiz-selma-2020-750ml\/","og_site_name":"Wein Werte","og_image":[{"width":341,"height":1200,"url":"https:\/\/wein-werte.com\/wp-content\/uploads\/2026\/04\/Familia-Nin-Ortiz-Selma-2020-750ml.png","type":"image\/png"}],"twitter_card":"summary_large_image","twitter_misc":{"Gesch\u00e4tzte Lesezeit":"1\u00a0Minute"},"schema":{"@context":"https:\/\/schema.org","@graph":[{"@type":"WebPage","@id":"https:\/\/wein-werte.com\/de\/produkt\/familia-nin-ortiz-selma-2020-750ml\/","url":"https:\/\/wein-werte.com\/de\/produkt\/familia-nin-ortiz-selma-2020-750ml\/","name":"Familia Nin Ortiz Selma 2020","isPartOf":{"@id":"https:\/\/wein-werte.com\/de\/#website"},"primaryImageOfPage":{"@id":"https:\/\/wein-werte.com\/de\/produkt\/familia-nin-ortiz-selma-2020-750ml\/#primaryimage"},"image":{"@id":"https:\/\/wein-werte.com\/de\/produkt\/familia-nin-ortiz-selma-2020-750ml\/#primaryimage"},"thumbnailUrl":"https:\/\/wein-werte.com\/wp-content\/uploads\/2026\/04\/Familia-Nin-Ortiz-Selma-2020-750ml.png","datePublished":"2026-05-08T18:06:20+00:00","description":"Kaufe Familia Nin Ortiz Selma 2020 (Chenin Blanc Cuv\u00e9e, trocken aus Catalunya, Spanien) bei Wein Werte, Ihrem nachhaltigen Onlineshop.","breadcrumb":{"@id":"https:\/\/wein-werte.com\/de\/produkt\/familia-nin-ortiz-selma-2020-750ml\/#breadcrumb"},"inLanguage":"de","potentialAction":[{"@type":"ReadAction","target":["https:\/\/wein-werte.com\/de\/produkt\/familia-nin-ortiz-selma-2020-750ml\/"]}]},{"@type":"ImageObject","inLanguage":"de","@id":"https:\/\/wein-werte.com\/de\/produkt\/familia-nin-ortiz-selma-2020-750ml\/#primaryimage","url":"https:\/\/wein-werte.com\/wp-content\/uploads\/2026\/04\/Familia-Nin-Ortiz-Selma-2020-750ml.png","contentUrl":"https:\/\/wein-werte.com\/wp-content\/uploads\/2026\/04\/Familia-Nin-Ortiz-Selma-2020-750ml.png","width":341,"height":1200,"caption":"Familia Nin Ortiz Selma 2020 750ml"},{"@type":"BreadcrumbList","@id":"https:\/\/wein-werte.com\/de\/produkt\/familia-nin-ortiz-selma-2020-750ml\/#breadcrumb","itemListElement":[{"@type":"ListItem","position":1,"name":"Home","item":"https:\/\/wein-werte.com\/de\/"},{"@type":"ListItem","position":2,"name":"Shop","item":"https:\/\/wein-werte.com\/de\/shop\/"},{"@type":"ListItem","position":3,"name":"Familia Nin Ortiz | Catalunya | Selma | 2020 | 750ml"}]},{"@type":"WebSite","@id":"https:\/\/wein-werte.com\/de\/#website","url":"https:\/\/wein-werte.com\/de\/","name":"Wein Werte","description":"","publisher":{"@id":"https:\/\/wein-werte.com\/de\/#organization"},"potentialAction":[{"@type":"SearchAction","target":{"@type":"EntryPoint","urlTemplate":"https:\/\/wein-werte.com\/de\/?s={search_term_string}"},"query-input":{"@type":"PropertyValueSpecification","valueRequired":true,"valueName":"search_term_string"}}],"inLanguage":"de"},{"@type":"Organization","@id":"https:\/\/wein-werte.com\/de\/#organization","name":"Vins Fins Thorrold","url":"https:\/\/wein-werte.com\/de\/","logo":{"@type":"ImageObject","inLanguage":"de","@id":"https:\/\/wein-werte.com\/de\/#\/schema\/logo\/image\/","url":"https:\/\/wein-werte.com\/wp-content\/uploads\/2023\/07\/Wein_werte_Logo700-1.png","contentUrl":"https:\/\/wein-werte.com\/wp-content\/uploads\/2023\/07\/Wein_werte_Logo700-1.png","width":700,"height":272,"caption":"Vins Fins Thorrold"},"image":{"@id":"https:\/\/wein-werte.com\/de\/#\/schema\/logo\/image\/"}}]}},"_links":{"self":[{"href":"https:\/\/wein-werte.com\/de\/wp-json\/wp\/v2\/product\/1133867","targetHints":{"allow":["GET"]}}],"collection":[{"href":"https:\/\/wein-werte.com\/de\/wp-json\/wp\/v2\/product"}],"about":[{"href":"https:\/\/wein-werte.com\/de\/wp-json\/wp\/v2\/types\/product"}],"wp:featuredmedia":[{"embeddable":true,"href":"https:\/\/wein-werte.com\/de\/wp-json\/wp\/v2\/media\/1144190"}],"wp:attachment":[{"href":"https:\/\/wein-werte.com\/de\/wp-json\/wp\/v2\/media?parent=1133867"}],"wp:term":[{"taxonomy":"product_brand","embeddable":true,"href":"https:\/\/wein-werte.com\/de\/wp-json\/wp\/v2\/product_brand?post=1133867"},{"taxonomy":"product_cat","embeddable":true,"href":"https:\/\/wein-werte.com\/de\/wp-json\/wp\/v2\/product_cat?post=1133867"},{"taxonomy":"product_tag","embeddable":true,"href":"https:\/\/wein-werte.com\/de\/wp-json\/wp\/v2\/product_tag?post=1133867"}],"curies":[{"name":"wp","href":"https:\/\/api.w.org\/{rel}","templated":true}]}}