{"id":1133852,"date":"2026-05-05T18:30:51","date_gmt":"2026-05-05T16:30:51","guid":{"rendered":"https:\/\/wein-werte.com\/product\/familia-nin-ortiz-nit-de-nin-mas-den-cacador-2021-750ml\/"},"modified":"2026-04-27T11:51:15","modified_gmt":"2026-04-27T09:51:15","slug":"familia-nin-ortiz-nit-de-nin-mas-den-cacador-2021-750ml","status":"publish","type":"product","link":"https:\/\/wein-werte.com\/de\/produkt\/familia-nin-ortiz-nit-de-nin-mas-den-cacador-2021-750ml\/","title":{"rendered":"Familia Nin Ortiz | Priorat | Nit de Nin &#8220;Mas d&#8217;en Ca\u00e7ador&#8221; | 2021 | 750ml"},"content":{"rendered":"<p>Produktbeschreibung f\u00fcr Familia Nin Ortiz Nit de Nin &#8220;Mas d&#8217;en Ca\u00e7ador&#8221; 2021 <\/p>\n<p> Die Star\u00f6nologin Ester Nin starte dieses Projekt im Jahre 2003 und hatte auf Anhieb H\u00f6chstwertungen der Internationalen Weinkritiker. Durch Ihre Arbeit als Bodegamanagerin und \u00d6nologin beim Weingut Clos i Terasses (Clos Erasmus) hat sie jede Menge Erfahrung in der Bereitung von Weinen der Weltspitzenklasse gesammelt. Die Parzelle Mas den Ca\u00e7ador, die die Grundlage f\u00fcr den Nit de Nin bildet, geh\u00f6rt zweifelsohne zu den spektakul\u00e4rsten und besten Lagen der Region Priorat. Doch diese besondere Lage fordert auch ihren Tribut. Die Arbeit im Weinberg ist nur mit dem Maultier m\u00f6glich, was angesichts der extremen Steillage keine leichte Aufgabe ist. Die Lage der Finca Planetes steht dieser kaum nach. Zusammen mit Ihrem Mann Carles Ortiz bewirtschaftet sie beide Parzellen komplett biodynamisch. <\/p>\n<p>Copyright Vinaturel 2025<\/p>\n<p>Keywords: <a href=\"https:\/\/wein-werte.com\/de\/shop\/?swoof=1&#038;pa_producer=Familia-Nin-Ortiz\">Familia Nin Ortiz<\/a> <a href=\"https:\/\/wein-werte.com\/de\/shop\/?swoof=1&#038;woof_text=Nit de Nin \"Mas d'en Ca\u00e7ador\"\">Nit de Nin &#8220;Mas d&#8217;en Ca\u00e7ador&#8221;<\/a> 2021  <a href=\"https:\/\/wein-werte.com\/de\/shop\/?swoof=1&#038;pa_region=Priorat\">Priorat<\/a> <a href=\"https:\/\/wein-werte.com\/de\/shop\/?swoof=1&#038;pa_country=Spanien\">Spanien<\/a><\/p>\n<h3>Wine Advocate<\/h3>\n<p>Punkte: 98<\/p>\n<p>Der Nit de Nin Mas d&#8217;en Ca\u00e7ador 2021 pr\u00e4sentiert sich in einer einzigartigen Nase mit w\u00fcrzigen Aromen, die an Rohwurst (katalanische \u201eFuet\u201c) erinnern, mit Kr\u00e4utern, frischen und blumigen Noten, mit Noten von Fleisch und Blut. Er wurde aus den Trauben des alten Weinbergs hergestellt und ist eine Cuv\u00e9e aus 75 % Garnacha (Rot und Peluda) und 28 % Cari\u00f1ena. Er vergor in 3.200-Liter-Eichenfudern mit Volltrauben und einheimischen Hefen und reifte 18 Monate in 225- und 300-Liter-F\u00e4ssern. Er hat eine moderate Reife, einen mittelkr\u00e4ftigen Gaumen mit 13,5 % Alkohol, reine Aromen und feine Tannine, ein weiches Mundgef\u00fchl und eine milde S\u00e4ure. Im April 2023 wurden 2.401 Flaschen abgef\u00fcllt.<br \/>Luis Guti\u00e9rrez<\/p>\n<h3>Vinous<\/h3>\n<p>Punkte: 96<\/p>\n<p>Der 2021er Nit De Nin Mas d&#8217;En Ca\u00e7ador ist eine Cuv\u00e9e aus 72 % Garnatxa und Garnatxa Peluda sowie 28 % Carignan aus Porrera im Priorat. Vergoren mit 100 % ganzen Trauben und 18 Monate im Fass gereift, ist dieser Wein sehr ausdrucksstark und offenbart Aromen von Veilchen, Rosen, Grapefruit, Blut und Unterholz. Trocken, schlank und saftig pr\u00e4sentiert er sich mit einer talkartigen Textur am Gaumen, die zu einem langanhaltenden Mundgef\u00fchl beitr\u00e4gt. Dies ist eine moderne Interpretation des Priorats mit einem leichten, \u00e4therischen Ausdruck, kontrastiert mit tiefen, anhaltenden Aromen \u2013 ein wundersch\u00f6ner Wein. \u2013 Joaqu\u00edn Hidalgo<br \/>Trinkfenster: 2025\u20132036<br \/>Bewertungsdatum: November 2024<\/p>\n<p>Internetseite des Weinguts: <a href=\"https:\/\/familianinortiz.com\/\" target=\"_blank\">https:\/\/familianinortiz.com\/<\/a><\/p>\n","protected":false},"excerpt":{"rendered":"<p>Lieferzeit: 1 bis 2 Arbeitstage (DE), 2 bis 5 Arbeitstage (EU and CH)<\/p>\n","protected":false},"featured_media":1144178,"template":"","meta":[],"product_brand":[],"product_cat":[19],"product_tag":[],"class_list":{"0":"post-1133852","1":"product","2":"type-product","3":"status-publish","4":"has-post-thumbnail","6":"product_cat-unkategorisiert","7":"pa_alcohol-for-filter-13-5","8":"pa_certified-biodynamic-nein-de","9":"pa_certified-organic-nein-de","10":"pa_colour-rot","11":"pa_country-spanien","12":"pa_grape-grenache-cuvee","13":"pa_parker-points-for-filter-98-de-2","14":"pa_price-for-filter-10719","15":"pa_producer-familia-nin-ortiz","16":"pa_region-priorat","17":"pa_size-ml-6584","18":"pa_sweetness-trocken-de","19":"pa_type-2-still-de","20":"pa_vinous-points-for-filter-20037","21":"pa_vintage-2021-de","22":"entry","23":"has-media","25":"first","26":"instock","27":"taxable","28":"shipping-taxable","29":"purchasable","30":"product-type-simple"},"yoast_head":"<!-- This site is optimized with the Yoast SEO plugin v27.5 - https:\/\/yoast.com\/product\/yoast-seo-wordpress\/ -->\n<title>Familia Nin Ortiz Nit de Nin &quot;Mas d&#039;en Ca\u00e7ador&quot; 2021<\/title>\n<meta name=\"description\" content=\"Kaufe Familia Nin Ortiz Nit de Nin &quot;Mas d&#039;en Ca\u00e7ador&quot; 2021 (Grenache Cuv\u00e9e, trocken aus Priorat, Spanien) bei Wein Werte, Ihrem nachhaltigen Onlineshop.\" \/>\n<meta name=\"robots\" content=\"index, follow, max-snippet:-1, max-image-preview:large, max-video-preview:-1\" \/>\n<link rel=\"canonical\" href=\"https:\/\/wein-werte.com\/de\/produkt\/familia-nin-ortiz-nit-de-nin-mas-den-cacador-2021-750ml\/\" \/>\n<meta property=\"og:locale\" content=\"de_DE\" \/>\n<meta property=\"og:type\" content=\"article\" \/>\n<meta property=\"og:title\" content=\"Familia Nin Ortiz Nit de Nin &quot;Mas d&#039;en Ca\u00e7ador&quot; 2021\" \/>\n<meta property=\"og:description\" content=\"Kaufe Familia Nin Ortiz Nit de Nin &quot;Mas d&#039;en Ca\u00e7ador&quot; 2021 (Grenache Cuv\u00e9e, trocken aus Priorat, Spanien) bei Wein Werte, Ihrem nachhaltigen Onlineshop.\" \/>\n<meta property=\"og:url\" content=\"https:\/\/wein-werte.com\/de\/produkt\/familia-nin-ortiz-nit-de-nin-mas-den-cacador-2021-750ml\/\" \/>\n<meta property=\"og:site_name\" content=\"Wein Werte\" \/>\n<meta property=\"og:image\" content=\"https:\/\/wein-werte.com\/wp-content\/uploads\/2026\/04\/Familia-Nin-Ortiz-Nit-de-Nin-Mas-den-Cacador-2021-750ml.png\" \/>\n\t<meta property=\"og:image:width\" content=\"340\" \/>\n\t<meta property=\"og:image:height\" content=\"1200\" \/>\n\t<meta property=\"og:image:type\" content=\"image\/png\" \/>\n<meta name=\"twitter:card\" content=\"summary_large_image\" \/>\n<meta name=\"twitter:label1\" content=\"Gesch\u00e4tzte Lesezeit\" \/>\n\t<meta name=\"twitter:data1\" content=\"1\u00a0Minute\" \/>\n<script type=\"application\/ld+json\" class=\"yoast-schema-graph\">{\"@context\":\"https:\\\/\\\/schema.org\",\"@graph\":[{\"@type\":\"WebPage\",\"@id\":\"https:\\\/\\\/wein-werte.com\\\/de\\\/produkt\\\/familia-nin-ortiz-nit-de-nin-mas-den-cacador-2021-750ml\\\/\",\"url\":\"https:\\\/\\\/wein-werte.com\\\/de\\\/produkt\\\/familia-nin-ortiz-nit-de-nin-mas-den-cacador-2021-750ml\\\/\",\"name\":\"Familia Nin Ortiz Nit de Nin \\\"Mas d'en Ca\u00e7ador\\\" 2021\",\"isPartOf\":{\"@id\":\"https:\\\/\\\/wein-werte.com\\\/de\\\/#website\"},\"primaryImageOfPage\":{\"@id\":\"https:\\\/\\\/wein-werte.com\\\/de\\\/produkt\\\/familia-nin-ortiz-nit-de-nin-mas-den-cacador-2021-750ml\\\/#primaryimage\"},\"image\":{\"@id\":\"https:\\\/\\\/wein-werte.com\\\/de\\\/produkt\\\/familia-nin-ortiz-nit-de-nin-mas-den-cacador-2021-750ml\\\/#primaryimage\"},\"thumbnailUrl\":\"https:\\\/\\\/wein-werte.com\\\/wp-content\\\/uploads\\\/2026\\\/04\\\/Familia-Nin-Ortiz-Nit-de-Nin-Mas-den-Cacador-2021-750ml.png\",\"datePublished\":\"2026-05-05T16:30:51+00:00\",\"description\":\"Kaufe Familia Nin Ortiz Nit de Nin \\\"Mas d'en Ca\u00e7ador\\\" 2021 (Grenache Cuv\u00e9e, trocken aus Priorat, Spanien) bei Wein Werte, Ihrem nachhaltigen Onlineshop.\",\"breadcrumb\":{\"@id\":\"https:\\\/\\\/wein-werte.com\\\/de\\\/produkt\\\/familia-nin-ortiz-nit-de-nin-mas-den-cacador-2021-750ml\\\/#breadcrumb\"},\"inLanguage\":\"de\",\"potentialAction\":[{\"@type\":\"ReadAction\",\"target\":[\"https:\\\/\\\/wein-werte.com\\\/de\\\/produkt\\\/familia-nin-ortiz-nit-de-nin-mas-den-cacador-2021-750ml\\\/\"]}]},{\"@type\":\"ImageObject\",\"inLanguage\":\"de\",\"@id\":\"https:\\\/\\\/wein-werte.com\\\/de\\\/produkt\\\/familia-nin-ortiz-nit-de-nin-mas-den-cacador-2021-750ml\\\/#primaryimage\",\"url\":\"https:\\\/\\\/wein-werte.com\\\/wp-content\\\/uploads\\\/2026\\\/04\\\/Familia-Nin-Ortiz-Nit-de-Nin-Mas-den-Cacador-2021-750ml.png\",\"contentUrl\":\"https:\\\/\\\/wein-werte.com\\\/wp-content\\\/uploads\\\/2026\\\/04\\\/Familia-Nin-Ortiz-Nit-de-Nin-Mas-den-Cacador-2021-750ml.png\",\"width\":340,\"height\":1200,\"caption\":\"Familia Nin Ortiz Nit de Nin \\\"Mas d'en Ca\u00e7ador\\\" 2021 750ml\"},{\"@type\":\"BreadcrumbList\",\"@id\":\"https:\\\/\\\/wein-werte.com\\\/de\\\/produkt\\\/familia-nin-ortiz-nit-de-nin-mas-den-cacador-2021-750ml\\\/#breadcrumb\",\"itemListElement\":[{\"@type\":\"ListItem\",\"position\":1,\"name\":\"Home\",\"item\":\"https:\\\/\\\/wein-werte.com\\\/de\\\/\"},{\"@type\":\"ListItem\",\"position\":2,\"name\":\"Shop\",\"item\":\"https:\\\/\\\/wein-werte.com\\\/de\\\/shop\\\/\"},{\"@type\":\"ListItem\",\"position\":3,\"name\":\"Familia Nin Ortiz | Priorat | Nit de Nin &#8220;Mas d&#8217;en Ca\u00e7ador&#8221; | 2021 | 750ml\"}]},{\"@type\":\"WebSite\",\"@id\":\"https:\\\/\\\/wein-werte.com\\\/de\\\/#website\",\"url\":\"https:\\\/\\\/wein-werte.com\\\/de\\\/\",\"name\":\"Wein Werte\",\"description\":\"\",\"publisher\":{\"@id\":\"https:\\\/\\\/wein-werte.com\\\/de\\\/#organization\"},\"potentialAction\":[{\"@type\":\"SearchAction\",\"target\":{\"@type\":\"EntryPoint\",\"urlTemplate\":\"https:\\\/\\\/wein-werte.com\\\/de\\\/?s={search_term_string}\"},\"query-input\":{\"@type\":\"PropertyValueSpecification\",\"valueRequired\":true,\"valueName\":\"search_term_string\"}}],\"inLanguage\":\"de\"},{\"@type\":\"Organization\",\"@id\":\"https:\\\/\\\/wein-werte.com\\\/de\\\/#organization\",\"name\":\"Vins Fins Thorrold\",\"url\":\"https:\\\/\\\/wein-werte.com\\\/de\\\/\",\"logo\":{\"@type\":\"ImageObject\",\"inLanguage\":\"de\",\"@id\":\"https:\\\/\\\/wein-werte.com\\\/de\\\/#\\\/schema\\\/logo\\\/image\\\/\",\"url\":\"https:\\\/\\\/wein-werte.com\\\/wp-content\\\/uploads\\\/2023\\\/07\\\/Wein_werte_Logo700-1.png\",\"contentUrl\":\"https:\\\/\\\/wein-werte.com\\\/wp-content\\\/uploads\\\/2023\\\/07\\\/Wein_werte_Logo700-1.png\",\"width\":700,\"height\":272,\"caption\":\"Vins Fins Thorrold\"},\"image\":{\"@id\":\"https:\\\/\\\/wein-werte.com\\\/de\\\/#\\\/schema\\\/logo\\\/image\\\/\"}}]}<\/script>\n<!-- \/ Yoast SEO plugin. -->","yoast_head_json":{"title":"Familia Nin Ortiz Nit de Nin \"Mas d'en Ca\u00e7ador\" 2021","description":"Kaufe Familia Nin Ortiz Nit de Nin \"Mas d'en Ca\u00e7ador\" 2021 (Grenache Cuv\u00e9e, trocken aus Priorat, Spanien) bei Wein Werte, Ihrem nachhaltigen Onlineshop.","robots":{"index":"index","follow":"follow","max-snippet":"max-snippet:-1","max-image-preview":"max-image-preview:large","max-video-preview":"max-video-preview:-1"},"canonical":"https:\/\/wein-werte.com\/de\/produkt\/familia-nin-ortiz-nit-de-nin-mas-den-cacador-2021-750ml\/","og_locale":"de_DE","og_type":"article","og_title":"Familia Nin Ortiz Nit de Nin \"Mas d'en Ca\u00e7ador\" 2021","og_description":"Kaufe Familia Nin Ortiz Nit de Nin \"Mas d'en Ca\u00e7ador\" 2021 (Grenache Cuv\u00e9e, trocken aus Priorat, Spanien) bei Wein Werte, Ihrem nachhaltigen Onlineshop.","og_url":"https:\/\/wein-werte.com\/de\/produkt\/familia-nin-ortiz-nit-de-nin-mas-den-cacador-2021-750ml\/","og_site_name":"Wein Werte","og_image":[{"width":340,"height":1200,"url":"https:\/\/wein-werte.com\/wp-content\/uploads\/2026\/04\/Familia-Nin-Ortiz-Nit-de-Nin-Mas-den-Cacador-2021-750ml.png","type":"image\/png"}],"twitter_card":"summary_large_image","twitter_misc":{"Gesch\u00e4tzte Lesezeit":"1\u00a0Minute"},"schema":{"@context":"https:\/\/schema.org","@graph":[{"@type":"WebPage","@id":"https:\/\/wein-werte.com\/de\/produkt\/familia-nin-ortiz-nit-de-nin-mas-den-cacador-2021-750ml\/","url":"https:\/\/wein-werte.com\/de\/produkt\/familia-nin-ortiz-nit-de-nin-mas-den-cacador-2021-750ml\/","name":"Familia Nin Ortiz Nit de Nin \"Mas d'en Ca\u00e7ador\" 2021","isPartOf":{"@id":"https:\/\/wein-werte.com\/de\/#website"},"primaryImageOfPage":{"@id":"https:\/\/wein-werte.com\/de\/produkt\/familia-nin-ortiz-nit-de-nin-mas-den-cacador-2021-750ml\/#primaryimage"},"image":{"@id":"https:\/\/wein-werte.com\/de\/produkt\/familia-nin-ortiz-nit-de-nin-mas-den-cacador-2021-750ml\/#primaryimage"},"thumbnailUrl":"https:\/\/wein-werte.com\/wp-content\/uploads\/2026\/04\/Familia-Nin-Ortiz-Nit-de-Nin-Mas-den-Cacador-2021-750ml.png","datePublished":"2026-05-05T16:30:51+00:00","description":"Kaufe Familia Nin Ortiz Nit de Nin \"Mas d'en Ca\u00e7ador\" 2021 (Grenache Cuv\u00e9e, trocken aus Priorat, Spanien) bei Wein Werte, Ihrem nachhaltigen Onlineshop.","breadcrumb":{"@id":"https:\/\/wein-werte.com\/de\/produkt\/familia-nin-ortiz-nit-de-nin-mas-den-cacador-2021-750ml\/#breadcrumb"},"inLanguage":"de","potentialAction":[{"@type":"ReadAction","target":["https:\/\/wein-werte.com\/de\/produkt\/familia-nin-ortiz-nit-de-nin-mas-den-cacador-2021-750ml\/"]}]},{"@type":"ImageObject","inLanguage":"de","@id":"https:\/\/wein-werte.com\/de\/produkt\/familia-nin-ortiz-nit-de-nin-mas-den-cacador-2021-750ml\/#primaryimage","url":"https:\/\/wein-werte.com\/wp-content\/uploads\/2026\/04\/Familia-Nin-Ortiz-Nit-de-Nin-Mas-den-Cacador-2021-750ml.png","contentUrl":"https:\/\/wein-werte.com\/wp-content\/uploads\/2026\/04\/Familia-Nin-Ortiz-Nit-de-Nin-Mas-den-Cacador-2021-750ml.png","width":340,"height":1200,"caption":"Familia Nin Ortiz Nit de Nin \"Mas d'en Ca\u00e7ador\" 2021 750ml"},{"@type":"BreadcrumbList","@id":"https:\/\/wein-werte.com\/de\/produkt\/familia-nin-ortiz-nit-de-nin-mas-den-cacador-2021-750ml\/#breadcrumb","itemListElement":[{"@type":"ListItem","position":1,"name":"Home","item":"https:\/\/wein-werte.com\/de\/"},{"@type":"ListItem","position":2,"name":"Shop","item":"https:\/\/wein-werte.com\/de\/shop\/"},{"@type":"ListItem","position":3,"name":"Familia Nin Ortiz | Priorat | Nit de Nin &#8220;Mas d&#8217;en Ca\u00e7ador&#8221; | 2021 | 750ml"}]},{"@type":"WebSite","@id":"https:\/\/wein-werte.com\/de\/#website","url":"https:\/\/wein-werte.com\/de\/","name":"Wein Werte","description":"","publisher":{"@id":"https:\/\/wein-werte.com\/de\/#organization"},"potentialAction":[{"@type":"SearchAction","target":{"@type":"EntryPoint","urlTemplate":"https:\/\/wein-werte.com\/de\/?s={search_term_string}"},"query-input":{"@type":"PropertyValueSpecification","valueRequired":true,"valueName":"search_term_string"}}],"inLanguage":"de"},{"@type":"Organization","@id":"https:\/\/wein-werte.com\/de\/#organization","name":"Vins Fins Thorrold","url":"https:\/\/wein-werte.com\/de\/","logo":{"@type":"ImageObject","inLanguage":"de","@id":"https:\/\/wein-werte.com\/de\/#\/schema\/logo\/image\/","url":"https:\/\/wein-werte.com\/wp-content\/uploads\/2023\/07\/Wein_werte_Logo700-1.png","contentUrl":"https:\/\/wein-werte.com\/wp-content\/uploads\/2023\/07\/Wein_werte_Logo700-1.png","width":700,"height":272,"caption":"Vins Fins Thorrold"},"image":{"@id":"https:\/\/wein-werte.com\/de\/#\/schema\/logo\/image\/"}}]}},"_links":{"self":[{"href":"https:\/\/wein-werte.com\/de\/wp-json\/wp\/v2\/product\/1133852","targetHints":{"allow":["GET"]}}],"collection":[{"href":"https:\/\/wein-werte.com\/de\/wp-json\/wp\/v2\/product"}],"about":[{"href":"https:\/\/wein-werte.com\/de\/wp-json\/wp\/v2\/types\/product"}],"wp:featuredmedia":[{"embeddable":true,"href":"https:\/\/wein-werte.com\/de\/wp-json\/wp\/v2\/media\/1144178"}],"wp:attachment":[{"href":"https:\/\/wein-werte.com\/de\/wp-json\/wp\/v2\/media?parent=1133852"}],"wp:term":[{"taxonomy":"product_brand","embeddable":true,"href":"https:\/\/wein-werte.com\/de\/wp-json\/wp\/v2\/product_brand?post=1133852"},{"taxonomy":"product_cat","embeddable":true,"href":"https:\/\/wein-werte.com\/de\/wp-json\/wp\/v2\/product_cat?post=1133852"},{"taxonomy":"product_tag","embeddable":true,"href":"https:\/\/wein-werte.com\/de\/wp-json\/wp\/v2\/product_tag?post=1133852"}],"curies":[{"name":"wp","href":"https:\/\/api.w.org\/{rel}","templated":true}]}}