{"id":1133836,"date":"2026-05-05T18:30:44","date_gmt":"2026-05-05T16:30:44","guid":{"rendered":"https:\/\/wein-werte.com\/product\/familia-nin-ortiz-selma-2019-750ml\/"},"modified":"2026-04-27T11:51:14","modified_gmt":"2026-04-27T09:51:14","slug":"familia-nin-ortiz-selma-2019-750ml","status":"publish","type":"product","link":"https:\/\/wein-werte.com\/de\/produkt\/familia-nin-ortiz-selma-2019-750ml\/","title":{"rendered":"Familia Nin Ortiz | Catalunya | Selma | 2019 | 750ml"},"content":{"rendered":"<p>Produktbeschreibung f\u00fcr Familia Nin Ortiz Selma 2019  <\/p>\n<h5>Informationen zum Wein<\/h5>\n<p> Er stammt aus einem Weingarten namens El Pl\u00e0 de Manlleu in Ester Nins Heimat in Alt Pened\u00e8s. Sie und Carles Ortiz haben dort auf einem Hektar einen gemischten Satz aus Roussanne, Marsanne, Chenin blanc und Parellada Montonega gepflanzt. Die Reben stehen in 750 Metern H\u00f6he auf Ton und Kalkstein. Nach der Ernte werden die Trauben langsam gepresst und f\u00fcr 2 Tage mit Schale und Stielen mazeriert, die spontane Verg\u00e4rung fand im Barrique statt. Anschlie\u00dfend reifte er f\u00fcr 8 Monate in 9 Barriques (300 l), 1 Barrique (225 l) und 3 Jahre in der Flasche. <\/p>\n<h5>Farbe<\/h5>\n<p> Funkelndes, intensives Goldgelb. <\/p>\n<h5>Nase<\/h5>\n<p> Der 2019er Selma de Nin ist ein strahlender Wein. Aromen von Limette, Grapefruit, Orange, Aprikose und junger Mango sind direkt nach dem Einschenken allgegenw\u00e4rtig, vermischt mit floralen Duft- und feinen R\u00f6stnoten von Vanille, Milchkaffee und Krokant, die auf den gekonnten und subtilen Einfluss des vorangegangenen Ausbaus im kleinen Holzfass verweisen. Eine immense k\u00fchle Frische pr\u00e4gt den Auftakt und weckt die Sehnsucht nach dem ersten Schluck. <\/p>\n<h5>Gaumen<\/h5>\n<p> Am Gaumen befindet sich dieser Top-Wei\u00dfwein in Bestform, mit einer saftigen hellen Frucht, die auf der Zunge Birne und Quitte zeigt, und zugleich einer animierenden S\u00e4ure, die an die Zitrusfr\u00fcchte der Nase erinnert. Der moderate Alkohol von 12,5 Vol% unterstreicht die pure Eleganz und l\u00e4sst ihn zum perfekten Speisenbegleiter zu einer feinen und eleganten K\u00fcche werden, dabei kann man ihn getrost auch noch ein paar Jahre lagern. Wer ihn zum jetzigen Zeitpunkt genie\u00dfen m\u00f6chte, tut gut daran ihn zu dekantieren und in gro\u00dfen Gl\u00e4sern zu servieren. Auch ein Tag der \u00d6ffnung im K\u00fchlschrank l\u00e4sst ihn gewinnen.<\/p>\n<p>Copyright Vinaturel 2025<\/p>\n<p>Keywords: <a href=\"https:\/\/wein-werte.com\/de\/shop\/?swoof=1&#038;pa_producer=Familia-Nin-Ortiz\">Familia Nin Ortiz<\/a> <a href=\"https:\/\/wein-werte.com\/de\/shop\/?swoof=1&#038;woof_text=Selma\">Selma<\/a> 2019  <a href=\"https:\/\/wein-werte.com\/de\/shop\/?swoof=1&#038;pa_region=Catalunya\">Catalunya<\/a> <a href=\"https:\/\/wein-werte.com\/de\/shop\/?swoof=1&#038;pa_country=Spanien\">Spanien<\/a><\/p>\n<h3>Wine Advocate<\/h3>\n<p>Punkte: 94+<\/p>\n<p>Ich war begeistert von der sch\u00f6nen und komplexen Nase des Selma 2019, der strenger und unentwickelter war als der des 2018er, den ich neben ihm probierte. Er hat einen moderaten Alkoholgehalt von 12,5 % und eine sehr gute Frische und S\u00e4ure. Es sind komplexe Weine mit einem runden Gaumen, der an einige Rh\u00f4ne-Wei\u00dfweine erinnert. Er ist subtil, elegant und kraftvoll zugleich, sehr geschmackvoll, lang und mit einem trockenen, salzigen Abgang. 3.870 Flaschen produziert.<br \/>Luis Guti\u00e9rrez<\/p>\n<p>Internetseite des Weinguts: <a href=\"https:\/\/familianinortiz.com\/\" target=\"_blank\">https:\/\/familianinortiz.com\/<\/a><\/p>\n","protected":false},"excerpt":{"rendered":"<p>Lieferzeit: 1 bis 2 Arbeitstage (DE), 2 bis 5 Arbeitstage (EU and CH)<\/p>\n","protected":false},"featured_media":1144166,"template":"","meta":[],"product_brand":[],"product_cat":[19],"product_tag":[],"class_list":{"0":"post-1133836","1":"product","2":"type-product","3":"status-publish","4":"has-post-thumbnail","6":"product_cat-unkategorisiert","7":"pa_alcohol-for-filter-12-5","8":"pa_certified-biodynamic-nein-de","9":"pa_certified-organic-nein-de","10":"pa_colour-weiss","11":"pa_country-spanien","12":"pa_grape-chenin-blanc-cuvee","13":"pa_parker-points-for-filter-94-de-2","14":"pa_price-for-filter-10621","15":"pa_producer-familia-nin-ortiz","16":"pa_region-katalonien","17":"pa_size-ml-6584","18":"pa_sweetness-trocken-de","19":"pa_type-2-still-de","20":"pa_vintage-2019-de","21":"entry","22":"has-media","24":"first","25":"instock","26":"taxable","27":"shipping-taxable","28":"purchasable","29":"product-type-simple"},"yoast_head":"<!-- This site is optimized with the Yoast SEO plugin v27.5 - https:\/\/yoast.com\/product\/yoast-seo-wordpress\/ -->\n<title>Familia Nin Ortiz Selma 2019<\/title>\n<meta name=\"description\" content=\"Kaufe Familia Nin Ortiz Selma 2019 (Chenin Blanc Cuv\u00e9e, trocken aus Catalunya, Spanien) bei Wein Werte, Ihrem nachhaltigen Onlineshop.\" \/>\n<meta name=\"robots\" content=\"index, follow, max-snippet:-1, max-image-preview:large, max-video-preview:-1\" \/>\n<link rel=\"canonical\" href=\"https:\/\/wein-werte.com\/de\/produkt\/familia-nin-ortiz-selma-2019-750ml\/\" \/>\n<meta property=\"og:locale\" content=\"de_DE\" \/>\n<meta property=\"og:type\" content=\"article\" \/>\n<meta property=\"og:title\" content=\"Familia Nin Ortiz Selma 2019\" \/>\n<meta property=\"og:description\" content=\"Kaufe Familia Nin Ortiz Selma 2019 (Chenin Blanc Cuv\u00e9e, trocken aus Catalunya, Spanien) bei Wein Werte, Ihrem nachhaltigen Onlineshop.\" \/>\n<meta property=\"og:url\" content=\"https:\/\/wein-werte.com\/de\/produkt\/familia-nin-ortiz-selma-2019-750ml\/\" \/>\n<meta property=\"og:site_name\" content=\"Wein Werte\" \/>\n<meta property=\"og:image\" content=\"https:\/\/wein-werte.com\/wp-content\/uploads\/2026\/04\/Familia-Nin-Ortiz-Selma-2019-750ml.png\" \/>\n\t<meta property=\"og:image:width\" content=\"343\" \/>\n\t<meta property=\"og:image:height\" content=\"1200\" \/>\n\t<meta property=\"og:image:type\" content=\"image\/png\" \/>\n<meta name=\"twitter:card\" content=\"summary_large_image\" \/>\n<meta name=\"twitter:label1\" content=\"Gesch\u00e4tzte Lesezeit\" \/>\n\t<meta name=\"twitter:data1\" content=\"2\u00a0Minuten\" \/>\n<script type=\"application\/ld+json\" class=\"yoast-schema-graph\">{\"@context\":\"https:\\\/\\\/schema.org\",\"@graph\":[{\"@type\":\"WebPage\",\"@id\":\"https:\\\/\\\/wein-werte.com\\\/de\\\/produkt\\\/familia-nin-ortiz-selma-2019-750ml\\\/\",\"url\":\"https:\\\/\\\/wein-werte.com\\\/de\\\/produkt\\\/familia-nin-ortiz-selma-2019-750ml\\\/\",\"name\":\"Familia Nin Ortiz Selma 2019\",\"isPartOf\":{\"@id\":\"https:\\\/\\\/wein-werte.com\\\/de\\\/#website\"},\"primaryImageOfPage\":{\"@id\":\"https:\\\/\\\/wein-werte.com\\\/de\\\/produkt\\\/familia-nin-ortiz-selma-2019-750ml\\\/#primaryimage\"},\"image\":{\"@id\":\"https:\\\/\\\/wein-werte.com\\\/de\\\/produkt\\\/familia-nin-ortiz-selma-2019-750ml\\\/#primaryimage\"},\"thumbnailUrl\":\"https:\\\/\\\/wein-werte.com\\\/wp-content\\\/uploads\\\/2026\\\/04\\\/Familia-Nin-Ortiz-Selma-2019-750ml.png\",\"datePublished\":\"2026-05-05T16:30:44+00:00\",\"description\":\"Kaufe Familia Nin Ortiz Selma 2019 (Chenin Blanc Cuv\u00e9e, trocken aus Catalunya, Spanien) bei Wein Werte, Ihrem nachhaltigen Onlineshop.\",\"breadcrumb\":{\"@id\":\"https:\\\/\\\/wein-werte.com\\\/de\\\/produkt\\\/familia-nin-ortiz-selma-2019-750ml\\\/#breadcrumb\"},\"inLanguage\":\"de\",\"potentialAction\":[{\"@type\":\"ReadAction\",\"target\":[\"https:\\\/\\\/wein-werte.com\\\/de\\\/produkt\\\/familia-nin-ortiz-selma-2019-750ml\\\/\"]}]},{\"@type\":\"ImageObject\",\"inLanguage\":\"de\",\"@id\":\"https:\\\/\\\/wein-werte.com\\\/de\\\/produkt\\\/familia-nin-ortiz-selma-2019-750ml\\\/#primaryimage\",\"url\":\"https:\\\/\\\/wein-werte.com\\\/wp-content\\\/uploads\\\/2026\\\/04\\\/Familia-Nin-Ortiz-Selma-2019-750ml.png\",\"contentUrl\":\"https:\\\/\\\/wein-werte.com\\\/wp-content\\\/uploads\\\/2026\\\/04\\\/Familia-Nin-Ortiz-Selma-2019-750ml.png\",\"width\":343,\"height\":1200,\"caption\":\"Familia Nin Ortiz Selma 2019 750ml\"},{\"@type\":\"BreadcrumbList\",\"@id\":\"https:\\\/\\\/wein-werte.com\\\/de\\\/produkt\\\/familia-nin-ortiz-selma-2019-750ml\\\/#breadcrumb\",\"itemListElement\":[{\"@type\":\"ListItem\",\"position\":1,\"name\":\"Home\",\"item\":\"https:\\\/\\\/wein-werte.com\\\/de\\\/\"},{\"@type\":\"ListItem\",\"position\":2,\"name\":\"Shop\",\"item\":\"https:\\\/\\\/wein-werte.com\\\/de\\\/shop\\\/\"},{\"@type\":\"ListItem\",\"position\":3,\"name\":\"Familia Nin Ortiz | Catalunya | Selma | 2019 | 750ml\"}]},{\"@type\":\"WebSite\",\"@id\":\"https:\\\/\\\/wein-werte.com\\\/de\\\/#website\",\"url\":\"https:\\\/\\\/wein-werte.com\\\/de\\\/\",\"name\":\"Wein Werte\",\"description\":\"\",\"publisher\":{\"@id\":\"https:\\\/\\\/wein-werte.com\\\/de\\\/#organization\"},\"potentialAction\":[{\"@type\":\"SearchAction\",\"target\":{\"@type\":\"EntryPoint\",\"urlTemplate\":\"https:\\\/\\\/wein-werte.com\\\/de\\\/?s={search_term_string}\"},\"query-input\":{\"@type\":\"PropertyValueSpecification\",\"valueRequired\":true,\"valueName\":\"search_term_string\"}}],\"inLanguage\":\"de\"},{\"@type\":\"Organization\",\"@id\":\"https:\\\/\\\/wein-werte.com\\\/de\\\/#organization\",\"name\":\"Vins Fins Thorrold\",\"url\":\"https:\\\/\\\/wein-werte.com\\\/de\\\/\",\"logo\":{\"@type\":\"ImageObject\",\"inLanguage\":\"de\",\"@id\":\"https:\\\/\\\/wein-werte.com\\\/de\\\/#\\\/schema\\\/logo\\\/image\\\/\",\"url\":\"https:\\\/\\\/wein-werte.com\\\/wp-content\\\/uploads\\\/2023\\\/07\\\/Wein_werte_Logo700-1.png\",\"contentUrl\":\"https:\\\/\\\/wein-werte.com\\\/wp-content\\\/uploads\\\/2023\\\/07\\\/Wein_werte_Logo700-1.png\",\"width\":700,\"height\":272,\"caption\":\"Vins Fins Thorrold\"},\"image\":{\"@id\":\"https:\\\/\\\/wein-werte.com\\\/de\\\/#\\\/schema\\\/logo\\\/image\\\/\"}}]}<\/script>\n<!-- \/ Yoast SEO plugin. -->","yoast_head_json":{"title":"Familia Nin Ortiz Selma 2019","description":"Kaufe Familia Nin Ortiz Selma 2019 (Chenin Blanc Cuv\u00e9e, trocken aus Catalunya, Spanien) bei Wein Werte, Ihrem nachhaltigen Onlineshop.","robots":{"index":"index","follow":"follow","max-snippet":"max-snippet:-1","max-image-preview":"max-image-preview:large","max-video-preview":"max-video-preview:-1"},"canonical":"https:\/\/wein-werte.com\/de\/produkt\/familia-nin-ortiz-selma-2019-750ml\/","og_locale":"de_DE","og_type":"article","og_title":"Familia Nin Ortiz Selma 2019","og_description":"Kaufe Familia Nin Ortiz Selma 2019 (Chenin Blanc Cuv\u00e9e, trocken aus Catalunya, Spanien) bei Wein Werte, Ihrem nachhaltigen Onlineshop.","og_url":"https:\/\/wein-werte.com\/de\/produkt\/familia-nin-ortiz-selma-2019-750ml\/","og_site_name":"Wein Werte","og_image":[{"width":343,"height":1200,"url":"https:\/\/wein-werte.com\/wp-content\/uploads\/2026\/04\/Familia-Nin-Ortiz-Selma-2019-750ml.png","type":"image\/png"}],"twitter_card":"summary_large_image","twitter_misc":{"Gesch\u00e4tzte Lesezeit":"2\u00a0Minuten"},"schema":{"@context":"https:\/\/schema.org","@graph":[{"@type":"WebPage","@id":"https:\/\/wein-werte.com\/de\/produkt\/familia-nin-ortiz-selma-2019-750ml\/","url":"https:\/\/wein-werte.com\/de\/produkt\/familia-nin-ortiz-selma-2019-750ml\/","name":"Familia Nin Ortiz Selma 2019","isPartOf":{"@id":"https:\/\/wein-werte.com\/de\/#website"},"primaryImageOfPage":{"@id":"https:\/\/wein-werte.com\/de\/produkt\/familia-nin-ortiz-selma-2019-750ml\/#primaryimage"},"image":{"@id":"https:\/\/wein-werte.com\/de\/produkt\/familia-nin-ortiz-selma-2019-750ml\/#primaryimage"},"thumbnailUrl":"https:\/\/wein-werte.com\/wp-content\/uploads\/2026\/04\/Familia-Nin-Ortiz-Selma-2019-750ml.png","datePublished":"2026-05-05T16:30:44+00:00","description":"Kaufe Familia Nin Ortiz Selma 2019 (Chenin Blanc Cuv\u00e9e, trocken aus Catalunya, Spanien) bei Wein Werte, Ihrem nachhaltigen Onlineshop.","breadcrumb":{"@id":"https:\/\/wein-werte.com\/de\/produkt\/familia-nin-ortiz-selma-2019-750ml\/#breadcrumb"},"inLanguage":"de","potentialAction":[{"@type":"ReadAction","target":["https:\/\/wein-werte.com\/de\/produkt\/familia-nin-ortiz-selma-2019-750ml\/"]}]},{"@type":"ImageObject","inLanguage":"de","@id":"https:\/\/wein-werte.com\/de\/produkt\/familia-nin-ortiz-selma-2019-750ml\/#primaryimage","url":"https:\/\/wein-werte.com\/wp-content\/uploads\/2026\/04\/Familia-Nin-Ortiz-Selma-2019-750ml.png","contentUrl":"https:\/\/wein-werte.com\/wp-content\/uploads\/2026\/04\/Familia-Nin-Ortiz-Selma-2019-750ml.png","width":343,"height":1200,"caption":"Familia Nin Ortiz Selma 2019 750ml"},{"@type":"BreadcrumbList","@id":"https:\/\/wein-werte.com\/de\/produkt\/familia-nin-ortiz-selma-2019-750ml\/#breadcrumb","itemListElement":[{"@type":"ListItem","position":1,"name":"Home","item":"https:\/\/wein-werte.com\/de\/"},{"@type":"ListItem","position":2,"name":"Shop","item":"https:\/\/wein-werte.com\/de\/shop\/"},{"@type":"ListItem","position":3,"name":"Familia Nin Ortiz | Catalunya | Selma | 2019 | 750ml"}]},{"@type":"WebSite","@id":"https:\/\/wein-werte.com\/de\/#website","url":"https:\/\/wein-werte.com\/de\/","name":"Wein Werte","description":"","publisher":{"@id":"https:\/\/wein-werte.com\/de\/#organization"},"potentialAction":[{"@type":"SearchAction","target":{"@type":"EntryPoint","urlTemplate":"https:\/\/wein-werte.com\/de\/?s={search_term_string}"},"query-input":{"@type":"PropertyValueSpecification","valueRequired":true,"valueName":"search_term_string"}}],"inLanguage":"de"},{"@type":"Organization","@id":"https:\/\/wein-werte.com\/de\/#organization","name":"Vins Fins Thorrold","url":"https:\/\/wein-werte.com\/de\/","logo":{"@type":"ImageObject","inLanguage":"de","@id":"https:\/\/wein-werte.com\/de\/#\/schema\/logo\/image\/","url":"https:\/\/wein-werte.com\/wp-content\/uploads\/2023\/07\/Wein_werte_Logo700-1.png","contentUrl":"https:\/\/wein-werte.com\/wp-content\/uploads\/2023\/07\/Wein_werte_Logo700-1.png","width":700,"height":272,"caption":"Vins Fins Thorrold"},"image":{"@id":"https:\/\/wein-werte.com\/de\/#\/schema\/logo\/image\/"}}]}},"_links":{"self":[{"href":"https:\/\/wein-werte.com\/de\/wp-json\/wp\/v2\/product\/1133836","targetHints":{"allow":["GET"]}}],"collection":[{"href":"https:\/\/wein-werte.com\/de\/wp-json\/wp\/v2\/product"}],"about":[{"href":"https:\/\/wein-werte.com\/de\/wp-json\/wp\/v2\/types\/product"}],"wp:featuredmedia":[{"embeddable":true,"href":"https:\/\/wein-werte.com\/de\/wp-json\/wp\/v2\/media\/1144166"}],"wp:attachment":[{"href":"https:\/\/wein-werte.com\/de\/wp-json\/wp\/v2\/media?parent=1133836"}],"wp:term":[{"taxonomy":"product_brand","embeddable":true,"href":"https:\/\/wein-werte.com\/de\/wp-json\/wp\/v2\/product_brand?post=1133836"},{"taxonomy":"product_cat","embeddable":true,"href":"https:\/\/wein-werte.com\/de\/wp-json\/wp\/v2\/product_cat?post=1133836"},{"taxonomy":"product_tag","embeddable":true,"href":"https:\/\/wein-werte.com\/de\/wp-json\/wp\/v2\/product_tag?post=1133836"}],"curies":[{"name":"wp","href":"https:\/\/api.w.org\/{rel}","templated":true}]}}