{"id":1133833,"date":"2026-05-12T15:53:18","date_gmt":"2026-05-12T13:53:18","guid":{"rendered":"https:\/\/wein-werte.com\/product\/familia-nin-ortiz-terra-vermella-2018-750ml\/"},"modified":"2026-05-12T19:58:26","modified_gmt":"2026-05-12T17:58:26","slug":"familia-nin-ortiz-terra-vermella-2018-750ml","status":"publish","type":"product","link":"https:\/\/wein-werte.com\/de\/produkt\/familia-nin-ortiz-terra-vermella-2018-750ml\/","title":{"rendered":"Familia Nin Ortiz | Catalunya | Terra Vermella | 2018 | 750ml"},"content":{"rendered":"<p>Produktbeschreibung f\u00fcr Familia Nin Ortiz Terra Vermella 2018  <\/p>\n<h5>Informationen zum Wein<\/h5>\n<p> Unter den Cava-Sorten bezeichnet. Sie ist weit weniger bekannt als der Macabeo \u2013 auch als Viura bekannt \u2013 oder der Xarel.lo, aus dem ja schon l\u00e4nger auch bemerkenswerte Stillweine entstehen. F\u00fcr den Cava ist die Parellada mit ihrem hohen S\u00e4uregehalt und dem parallel moderaten Alkoholgehalt aber von gro\u00dfer Bedeutung. Dass es die Parellada in unterschiedlichen Varianten gibt, ist kaum bekannt. Doch Ester und Carles haben sich zu Spezialisten der wenig bekannten katalanischen Sorten gemausert. Haben sie doch schon die extrem seltene Carignan Blanc wiederbelebt. Dies hier ist die Parellada Montonegra, eine rosafarbene Mutation der Parellada, die die beiden auf einem 550 Meter hoch gelegenen Weinberg auf einen Hektar entdeckt haben \u2013 dort, wo auch der Selma entsteht, also im Alt-Pened\u00e8s im Pla de Manlleu. 37 Jahre ist der Weinberg mittlerweile alt und wird von seinem Besitzer Jaume Nin Llort bewirtschaftet \u2013 Nin \u2026 die Familie von Ester. Benannt ist der Wein nach dem roten (vermella) Lehmboden (terra). Der Wein wurde im Prinzip so ausgebaut wie die anderen Wei\u00dfen auch: Anquetschen, 24 Stunden stehen lassen, dann langsam pressen, spontan im 300-Liter-Fass verg\u00e4ren und dann auch darin ausbauen. Trotz des durchaus warmen Jahrgangs ist hier ein Wein mit gerade einmal 12 % vol. und 6,5 Gramm S\u00e4ure bei 2,8 pH entstanden. Und trotz der farblich mutierten Traubenhaut und der Standzeit ist dies ein heller Wein. <\/p>\n<h5>Farbe<\/h5>\n<p> Strahlendes Goldgelb mit jugendlichen gr\u00fcnen Reflexen. <\/p>\n<h5>Nase<\/h5>\n<p> Gro\u00dfe Burgunder mit Ihrer Z\u00fcndpl\u00e4ttchen Aromatik lassen gr\u00fc\u00dfen und die mineralischen gro\u00dfen Sauvignon Blancs dieser Welt, neben dem Feuerwerk, das dieser Wein bereits in der Nase abbrennt ist es ein Meer von wilden Kr\u00e4utern und der Duft von Grapefruit, Salzmandel, Austernschale und das Meer was an der steinigen K\u00fcste anschl\u00e4gt, sowie der salzige Film der sich auf die Haut und den Gaumen legt, wenn man sich der st\u00fcrmischen Brise entgegen stellt. Ein Wein den man so pur, so \u00fcberzeugend und so faszinierend und intensiv im Duft nicht so oft antrifft und der pure Freude ausl\u00f6st! <\/p>\n<h5>Gaumen<\/h5>\n<p> Faszination ist auch das was der 2018er Terra de Vermella auf die Zunge katapultiert, saftige gelbe Frucht vereint sich mit rauchiger Note und lebendiger S\u00e4ure. Purismus K\u00fchle , Lebendigkeit und Kraft, alles eingefangen und in die Flasche gef\u00fcllt. Was f\u00fcr ein feiner verspielter Wein, zu was f\u00fcr einem spektakul\u00e4ren Preis, den Ester und Carles hier gekeltert haben. Bravo! Unbedingt dekantieren und nicht zu kalt aus gro\u00dfen Gl\u00e4sern trinken!<\/p>\n<p>Copyright Vinaturel 2025<\/p>\n<p>Keywords: <a href=\"https:\/\/wein-werte.com\/de\/shop\/?swoof=1&#038;pa_producer=Familia-Nin-Ortiz\">Familia Nin Ortiz<\/a> <a href=\"https:\/\/wein-werte.com\/de\/shop\/?swoof=1&#038;woof_text=Terra Vermella\">Terra Vermella<\/a> 2018  <a href=\"https:\/\/wein-werte.com\/de\/shop\/?swoof=1&#038;pa_region=Catalunya\">Catalunya<\/a> <a href=\"https:\/\/wein-werte.com\/de\/shop\/?swoof=1&#038;pa_country=Spanien\">Spanien<\/a><\/p>\n<h3>Wine Advocate<\/h3>\n<p>Punkte: 94<\/p>\n<p>Der Wei\u00dfwein von Parellada Montonega 2018 Terra Vermella stammt von einer besonderen Parellada-Sorte, einer Spezialit\u00e4t der Pla de Manlleu, wo es eine Winzervereinigung namens +500 gibt, die ihre Trauben auf \u00fcber 500 Metern H\u00f6he anbaut. Er hat Noten von Kamille, Trockenblumen, Pollen und Gew\u00fcrzen. Sie verkaufen die Weine etwa drei Jahre nach der Ernte und betrachten sie als Weine f\u00fcr die lange Strecke. Am Gaumen weisen sie honigartige Aromen auf, die mich an die Noten einiger Chenin Blanc erinnerten. Er reifte acht Monate in einem 300-Liter-Eichenfass und wurde dann in Flaschen abgef\u00fcllt. Er hat einen moderaten Alkoholgehalt und eine sehr gute Frische. Er stammt von einem Weinberg namens San Miquel. Es wurden 2.805 Flaschen produziert.<br \/>Luis Guti\u00e9rrez<\/p>\n<p>Internetseite des Weinguts: <a href=\"https:\/\/familianinortiz.com\/\" target=\"_blank\">https:\/\/familianinortiz.com\/<\/a><\/p>\n","protected":false},"excerpt":{"rendered":"<div style=\"font-size: 14px;\">\n<p>Lieferzeit: 1 bis 2 Arbeitstage (DE), 2 bis 5 Arbeitstage (EU und CH)<\/p>\n<p>Ungef\u00e4hrer Energiegehalt pro 125-ml-Glas: 95 kcal<\/p>\n<\/p><\/div>\n","protected":false},"featured_media":1147513,"template":"","meta":[],"product_brand":[],"product_cat":[19],"product_tag":[],"class_list":{"0":"post-1133833","1":"product","2":"type-product","3":"status-publish","4":"has-post-thumbnail","6":"product_cat-unkategorisiert","7":"pa_alcohol-for-filter-12893","8":"pa_certified-biodynamic-nein-de","9":"pa_certified-organic-nein-de","10":"pa_colour-weiss","11":"pa_country-spanien","12":"pa_grape-parellada","13":"pa_parker-points-for-filter-94-de-2","14":"pa_price-for-filter-10578","15":"pa_producer-familia-nin-ortiz","16":"pa_region-katalonien","17":"pa_size-ml-6584","18":"pa_sweetness-trocken-de","19":"pa_type-2-still-de","20":"pa_vintage-2018-de","21":"entry","22":"has-media","24":"first","25":"instock","26":"taxable","27":"shipping-taxable","28":"purchasable","29":"product-type-simple"},"yoast_head":"<!-- This site is optimized with the Yoast SEO plugin v27.6 - https:\/\/yoast.com\/product\/yoast-seo-wordpress\/ -->\n<title>Familia Nin Ortiz Terra Vermella 2018<\/title>\n<meta name=\"description\" content=\"Kaufe Familia Nin Ortiz Terra Vermella 2018 (Parellada, trocken aus Catalunya, Spanien) bei Wein Werte, Ihrem nachhaltigen Onlineshop.\" \/>\n<meta name=\"robots\" content=\"index, follow, max-snippet:-1, max-image-preview:large, max-video-preview:-1\" \/>\n<link rel=\"canonical\" href=\"https:\/\/wein-werte.com\/de\/produkt\/familia-nin-ortiz-terra-vermella-2018-750ml\/\" \/>\n<meta property=\"og:locale\" content=\"de_DE\" \/>\n<meta property=\"og:type\" content=\"article\" \/>\n<meta property=\"og:title\" content=\"Familia Nin Ortiz Terra Vermella 2018\" \/>\n<meta property=\"og:description\" content=\"Kaufe Familia Nin Ortiz Terra Vermella 2018 (Parellada, trocken aus Catalunya, Spanien) bei Wein Werte, Ihrem nachhaltigen Onlineshop.\" \/>\n<meta property=\"og:url\" content=\"https:\/\/wein-werte.com\/de\/produkt\/familia-nin-ortiz-terra-vermella-2018-750ml\/\" \/>\n<meta property=\"og:site_name\" content=\"Wein Werte\" \/>\n<meta property=\"article:modified_time\" content=\"2026-05-12T17:58:26+00:00\" \/>\n<meta property=\"og:image\" content=\"https:\/\/wein-werte.com\/wp-content\/uploads\/2026\/04\/Familia-Nin-Ortiz-Terra-Vermella-2018-750-ml.png\" \/>\n\t<meta property=\"og:image:width\" content=\"324\" \/>\n\t<meta property=\"og:image:height\" content=\"1153\" \/>\n\t<meta property=\"og:image:type\" content=\"image\/png\" \/>\n<meta name=\"twitter:card\" content=\"summary_large_image\" \/>\n<meta name=\"twitter:label1\" content=\"Gesch\u00e4tzte Lesezeit\" \/>\n\t<meta name=\"twitter:data1\" content=\"3\u00a0Minuten\" \/>\n<script type=\"application\/ld+json\" class=\"yoast-schema-graph\">{\"@context\":\"https:\\\/\\\/schema.org\",\"@graph\":[{\"@type\":\"WebPage\",\"@id\":\"https:\\\/\\\/wein-werte.com\\\/de\\\/produkt\\\/familia-nin-ortiz-terra-vermella-2018-750ml\\\/\",\"url\":\"https:\\\/\\\/wein-werte.com\\\/de\\\/produkt\\\/familia-nin-ortiz-terra-vermella-2018-750ml\\\/\",\"name\":\"Familia Nin Ortiz Terra Vermella 2018\",\"isPartOf\":{\"@id\":\"https:\\\/\\\/wein-werte.com\\\/de\\\/#website\"},\"primaryImageOfPage\":{\"@id\":\"https:\\\/\\\/wein-werte.com\\\/de\\\/produkt\\\/familia-nin-ortiz-terra-vermella-2018-750ml\\\/#primaryimage\"},\"image\":{\"@id\":\"https:\\\/\\\/wein-werte.com\\\/de\\\/produkt\\\/familia-nin-ortiz-terra-vermella-2018-750ml\\\/#primaryimage\"},\"thumbnailUrl\":\"https:\\\/\\\/wein-werte.com\\\/wp-content\\\/uploads\\\/2026\\\/04\\\/Familia-Nin-Ortiz-Terra-Vermella-2018-750-ml.png\",\"datePublished\":\"2026-05-12T13:53:18+00:00\",\"dateModified\":\"2026-05-12T17:58:26+00:00\",\"description\":\"Kaufe Familia Nin Ortiz Terra Vermella 2018 (Parellada, trocken aus Catalunya, Spanien) bei Wein Werte, Ihrem nachhaltigen Onlineshop.\",\"breadcrumb\":{\"@id\":\"https:\\\/\\\/wein-werte.com\\\/de\\\/produkt\\\/familia-nin-ortiz-terra-vermella-2018-750ml\\\/#breadcrumb\"},\"inLanguage\":\"de\",\"potentialAction\":[{\"@type\":\"ReadAction\",\"target\":[\"https:\\\/\\\/wein-werte.com\\\/de\\\/produkt\\\/familia-nin-ortiz-terra-vermella-2018-750ml\\\/\"]}]},{\"@type\":\"ImageObject\",\"inLanguage\":\"de\",\"@id\":\"https:\\\/\\\/wein-werte.com\\\/de\\\/produkt\\\/familia-nin-ortiz-terra-vermella-2018-750ml\\\/#primaryimage\",\"url\":\"https:\\\/\\\/wein-werte.com\\\/wp-content\\\/uploads\\\/2026\\\/04\\\/Familia-Nin-Ortiz-Terra-Vermella-2018-750-ml.png\",\"contentUrl\":\"https:\\\/\\\/wein-werte.com\\\/wp-content\\\/uploads\\\/2026\\\/04\\\/Familia-Nin-Ortiz-Terra-Vermella-2018-750-ml.png\",\"width\":324,\"height\":1153},{\"@type\":\"BreadcrumbList\",\"@id\":\"https:\\\/\\\/wein-werte.com\\\/de\\\/produkt\\\/familia-nin-ortiz-terra-vermella-2018-750ml\\\/#breadcrumb\",\"itemListElement\":[{\"@type\":\"ListItem\",\"position\":1,\"name\":\"Home\",\"item\":\"https:\\\/\\\/wein-werte.com\\\/de\\\/\"},{\"@type\":\"ListItem\",\"position\":2,\"name\":\"Shop\",\"item\":\"https:\\\/\\\/wein-werte.com\\\/de\\\/shop\\\/\"},{\"@type\":\"ListItem\",\"position\":3,\"name\":\"Familia Nin Ortiz | Catalunya | Terra Vermella | 2018 | 750ml\"}]},{\"@type\":\"WebSite\",\"@id\":\"https:\\\/\\\/wein-werte.com\\\/de\\\/#website\",\"url\":\"https:\\\/\\\/wein-werte.com\\\/de\\\/\",\"name\":\"Wein Werte\",\"description\":\"\",\"publisher\":{\"@id\":\"https:\\\/\\\/wein-werte.com\\\/de\\\/#organization\"},\"potentialAction\":[{\"@type\":\"SearchAction\",\"target\":{\"@type\":\"EntryPoint\",\"urlTemplate\":\"https:\\\/\\\/wein-werte.com\\\/de\\\/?s={search_term_string}\"},\"query-input\":{\"@type\":\"PropertyValueSpecification\",\"valueRequired\":true,\"valueName\":\"search_term_string\"}}],\"inLanguage\":\"de\"},{\"@type\":\"Organization\",\"@id\":\"https:\\\/\\\/wein-werte.com\\\/de\\\/#organization\",\"name\":\"Vins Fins Thorrold\",\"url\":\"https:\\\/\\\/wein-werte.com\\\/de\\\/\",\"logo\":{\"@type\":\"ImageObject\",\"inLanguage\":\"de\",\"@id\":\"https:\\\/\\\/wein-werte.com\\\/de\\\/#\\\/schema\\\/logo\\\/image\\\/\",\"url\":\"https:\\\/\\\/wein-werte.com\\\/wp-content\\\/uploads\\\/2023\\\/07\\\/Wein_werte_Logo700-1.png\",\"contentUrl\":\"https:\\\/\\\/wein-werte.com\\\/wp-content\\\/uploads\\\/2023\\\/07\\\/Wein_werte_Logo700-1.png\",\"width\":700,\"height\":272,\"caption\":\"Vins Fins Thorrold\"},\"image\":{\"@id\":\"https:\\\/\\\/wein-werte.com\\\/de\\\/#\\\/schema\\\/logo\\\/image\\\/\"}}]}<\/script>\n<!-- \/ Yoast SEO plugin. -->","yoast_head_json":{"title":"Familia Nin Ortiz Terra Vermella 2018","description":"Kaufe Familia Nin Ortiz Terra Vermella 2018 (Parellada, trocken aus Catalunya, Spanien) bei Wein Werte, Ihrem nachhaltigen Onlineshop.","robots":{"index":"index","follow":"follow","max-snippet":"max-snippet:-1","max-image-preview":"max-image-preview:large","max-video-preview":"max-video-preview:-1"},"canonical":"https:\/\/wein-werte.com\/de\/produkt\/familia-nin-ortiz-terra-vermella-2018-750ml\/","og_locale":"de_DE","og_type":"article","og_title":"Familia Nin Ortiz Terra Vermella 2018","og_description":"Kaufe Familia Nin Ortiz Terra Vermella 2018 (Parellada, trocken aus Catalunya, Spanien) bei Wein Werte, Ihrem nachhaltigen Onlineshop.","og_url":"https:\/\/wein-werte.com\/de\/produkt\/familia-nin-ortiz-terra-vermella-2018-750ml\/","og_site_name":"Wein Werte","article_modified_time":"2026-05-12T17:58:26+00:00","og_image":[{"width":324,"height":1153,"url":"https:\/\/wein-werte.com\/wp-content\/uploads\/2026\/04\/Familia-Nin-Ortiz-Terra-Vermella-2018-750-ml.png","type":"image\/png"}],"twitter_card":"summary_large_image","twitter_misc":{"Gesch\u00e4tzte Lesezeit":"3\u00a0Minuten"},"schema":{"@context":"https:\/\/schema.org","@graph":[{"@type":"WebPage","@id":"https:\/\/wein-werte.com\/de\/produkt\/familia-nin-ortiz-terra-vermella-2018-750ml\/","url":"https:\/\/wein-werte.com\/de\/produkt\/familia-nin-ortiz-terra-vermella-2018-750ml\/","name":"Familia Nin Ortiz Terra Vermella 2018","isPartOf":{"@id":"https:\/\/wein-werte.com\/de\/#website"},"primaryImageOfPage":{"@id":"https:\/\/wein-werte.com\/de\/produkt\/familia-nin-ortiz-terra-vermella-2018-750ml\/#primaryimage"},"image":{"@id":"https:\/\/wein-werte.com\/de\/produkt\/familia-nin-ortiz-terra-vermella-2018-750ml\/#primaryimage"},"thumbnailUrl":"https:\/\/wein-werte.com\/wp-content\/uploads\/2026\/04\/Familia-Nin-Ortiz-Terra-Vermella-2018-750-ml.png","datePublished":"2026-05-12T13:53:18+00:00","dateModified":"2026-05-12T17:58:26+00:00","description":"Kaufe Familia Nin Ortiz Terra Vermella 2018 (Parellada, trocken aus Catalunya, Spanien) bei Wein Werte, Ihrem nachhaltigen Onlineshop.","breadcrumb":{"@id":"https:\/\/wein-werte.com\/de\/produkt\/familia-nin-ortiz-terra-vermella-2018-750ml\/#breadcrumb"},"inLanguage":"de","potentialAction":[{"@type":"ReadAction","target":["https:\/\/wein-werte.com\/de\/produkt\/familia-nin-ortiz-terra-vermella-2018-750ml\/"]}]},{"@type":"ImageObject","inLanguage":"de","@id":"https:\/\/wein-werte.com\/de\/produkt\/familia-nin-ortiz-terra-vermella-2018-750ml\/#primaryimage","url":"https:\/\/wein-werte.com\/wp-content\/uploads\/2026\/04\/Familia-Nin-Ortiz-Terra-Vermella-2018-750-ml.png","contentUrl":"https:\/\/wein-werte.com\/wp-content\/uploads\/2026\/04\/Familia-Nin-Ortiz-Terra-Vermella-2018-750-ml.png","width":324,"height":1153},{"@type":"BreadcrumbList","@id":"https:\/\/wein-werte.com\/de\/produkt\/familia-nin-ortiz-terra-vermella-2018-750ml\/#breadcrumb","itemListElement":[{"@type":"ListItem","position":1,"name":"Home","item":"https:\/\/wein-werte.com\/de\/"},{"@type":"ListItem","position":2,"name":"Shop","item":"https:\/\/wein-werte.com\/de\/shop\/"},{"@type":"ListItem","position":3,"name":"Familia Nin Ortiz | Catalunya | Terra Vermella | 2018 | 750ml"}]},{"@type":"WebSite","@id":"https:\/\/wein-werte.com\/de\/#website","url":"https:\/\/wein-werte.com\/de\/","name":"Wein Werte","description":"","publisher":{"@id":"https:\/\/wein-werte.com\/de\/#organization"},"potentialAction":[{"@type":"SearchAction","target":{"@type":"EntryPoint","urlTemplate":"https:\/\/wein-werte.com\/de\/?s={search_term_string}"},"query-input":{"@type":"PropertyValueSpecification","valueRequired":true,"valueName":"search_term_string"}}],"inLanguage":"de"},{"@type":"Organization","@id":"https:\/\/wein-werte.com\/de\/#organization","name":"Vins Fins Thorrold","url":"https:\/\/wein-werte.com\/de\/","logo":{"@type":"ImageObject","inLanguage":"de","@id":"https:\/\/wein-werte.com\/de\/#\/schema\/logo\/image\/","url":"https:\/\/wein-werte.com\/wp-content\/uploads\/2023\/07\/Wein_werte_Logo700-1.png","contentUrl":"https:\/\/wein-werte.com\/wp-content\/uploads\/2023\/07\/Wein_werte_Logo700-1.png","width":700,"height":272,"caption":"Vins Fins Thorrold"},"image":{"@id":"https:\/\/wein-werte.com\/de\/#\/schema\/logo\/image\/"}}]}},"_links":{"self":[{"href":"https:\/\/wein-werte.com\/de\/wp-json\/wp\/v2\/product\/1133833","targetHints":{"allow":["GET"]}}],"collection":[{"href":"https:\/\/wein-werte.com\/de\/wp-json\/wp\/v2\/product"}],"about":[{"href":"https:\/\/wein-werte.com\/de\/wp-json\/wp\/v2\/types\/product"}],"wp:featuredmedia":[{"embeddable":true,"href":"https:\/\/wein-werte.com\/de\/wp-json\/wp\/v2\/media\/1147513"}],"wp:attachment":[{"href":"https:\/\/wein-werte.com\/de\/wp-json\/wp\/v2\/media?parent=1133833"}],"wp:term":[{"taxonomy":"product_brand","embeddable":true,"href":"https:\/\/wein-werte.com\/de\/wp-json\/wp\/v2\/product_brand?post=1133833"},{"taxonomy":"product_cat","embeddable":true,"href":"https:\/\/wein-werte.com\/de\/wp-json\/wp\/v2\/product_cat?post=1133833"},{"taxonomy":"product_tag","embeddable":true,"href":"https:\/\/wein-werte.com\/de\/wp-json\/wp\/v2\/product_tag?post=1133833"}],"curies":[{"name":"wp","href":"https:\/\/api.w.org\/{rel}","templated":true}]}}