{"id":1133824,"date":"2026-05-08T20:06:17","date_gmt":"2026-05-08T18:06:17","guid":{"rendered":"https:\/\/wein-werte.com\/product\/familia-nin-ortiz-la-rodeda-velles-vinyes-2019-750ml\/"},"modified":"2026-04-27T11:51:12","modified_gmt":"2026-04-27T09:51:12","slug":"familia-nin-ortiz-la-rodeda-velles-vinyes-2019-750ml","status":"publish","type":"product","link":"https:\/\/wein-werte.com\/de\/produkt\/familia-nin-ortiz-la-rodeda-velles-vinyes-2019-750ml\/","title":{"rendered":"Familia Nin Ortiz | Priorat | &#8220;La Rodeda&#8221; Velles Vinyes | 2019 | 750ml"},"content":{"rendered":"<p>Produktbeschreibung f\u00fcr Familia Nin Ortiz &#8220;La Rodeda&#8221; Velles Vinyes 2019  <\/p>\n<h5>Informationen zum Wein<\/h5>\n<p> Dieser Wein stammt von einem gerade einmal 0,4 Hektar umfassenden Weinberg, dessen Frucht bis vor ein paar Jahren noch als Mas d\u2019en Ca\u00e7ador verarbeitet wurde. La Rodeda wird in den Appellationskarten als eigener Weinberg gef\u00fchrt, was Carles Ortiz und Ester Nin fr\u00fcher gar nicht bewusst war. Sie haben ihn immer zum Mas d\u2019en Ca\u00e7ador hinzugerechnet. Das Besondere ist, dass dieser Weinberg fast zu 100 % mit ca. 80 Jahre alter Garnacha Peluda, auf Franz\u00f6sisch\u00a0Lladoner Pelut, bestockt ist, einer eigenen roten Grenache-Variante. Hinzu kommt, dass dieser Weinberg eine n\u00f6rdliche Ausrichtung hat und gleichzeitig zu den am h\u00f6chsten gelegenen des gesamten Priorat geh\u00f6rt. Neben schwarzem Llicorella-Schiefer findet sich hier roter Quarzit. Die Trauben wurden als ganze vergoren und zu 100 % in neuen franz\u00f6sischen Barriques ausgebaut. <\/p>\n<h5>Farbe<\/h5>\n<p> Tiefdunkles Purpur, farbdicht bis zum Rand. <\/p>\n<h5>Nase<\/h5>\n<p> Wow, was f\u00fcr eine Tiefe, was f\u00fcr ein Duft steht da im Raum. Frische, s\u00fc\u00dfe Brombeeren, warmer Heidelbeerkuchen, S\u00fc\u00dfholz, edler Tabak rauchige Noten, die an Islay Whisky erinnern. Das Ganze kombiniert mit salziger Brise, als st\u00fcnde man am Meer. Dazu Tr\u00fcffel und viele erdige Noten, fantastischer Holzeinsatz, extrem gekonnte Winzerkunst. Ein Meisterwerk k\u00fcndigt sich an, kraftvoll und zugleich vielschichtig und finessenreich. <\/p>\n<h5>Gaumen<\/h5>\n<p> Diese Frische katapultiert der 2019er La Rodeda Velles Vinyes vortrefflich auf die Zunge, saftig und faszinierend. Eine echte Erf\u00fcllung und eine \u00dcberraschung selbst f\u00fcr jemanden, der viele besondere Weine verkostet. Man sollte sich ein paar Flaschen sichern von diesem eleganten, k\u00fchlen und facettenreichen, energiegeladenen Tropfen, der in der gro\u00dfen Weinwelt echte Ma\u00dfst\u00e4be setzt! Unbedingt mindestens 2 Stunden vorher \u00f6ffnen und aus einem gro\u00dfen Rotweinglas genie\u00dfen.<\/p>\n<p>Copyright Vinaturel 2025<\/p>\n<p>Keywords: <a href=\"https:\/\/wein-werte.com\/de\/shop\/?swoof=1&#038;pa_producer=Familia-Nin-Ortiz\">Familia Nin Ortiz<\/a> <a href=\"https:\/\/wein-werte.com\/de\/shop\/?swoof=1&#038;woof_text=\"La Rodeda\" Velles Vinyes\">&#8220;La Rodeda&#8221; Velles Vinyes<\/a> 2019  <a href=\"https:\/\/wein-werte.com\/de\/shop\/?swoof=1&#038;pa_region=Priorat\">Priorat<\/a> <a href=\"https:\/\/wein-werte.com\/de\/shop\/?swoof=1&#038;pa_country=Spanien\">Spanien<\/a><\/p>\n<h3>Wine Advocate<\/h3>\n<p>Punkte: 96<\/p>\n<p>Normalerweise f\u00fcllen sie ein Fass des Einzellage La Rodeda ab, einer 0,6 Hektar gro\u00dfen Parzelle, die vor 80 Jahren auf 350 Metern H\u00f6he mit nord\u00f6stlicher Ausrichtung angelegt wurde. Nur ein Fass Wein zu haben, ist eine ziemliche Herausforderung; im ersten Jahr verwendeten sie ein neues Fass, und f\u00fcr mich hat dieses Fass den Wein f\u00fcr immer gepr\u00e4gt. Der 2019er La Rodeda besteht haupts\u00e4chlich aus Garnacha Peluda, einer rustikaleren Garnacha-Sorte mit Tanninen, die l\u00e4nger brauchen, um sich zu profilieren. F\u00fcr diesen Wein verwenden sie immer ein Taransaud-Fass, aber dieses Mal war das Fass neu. Er hat 14,2 % Alkohol und reichlich, leicht staubige Tannine und eine staubige Textur.<br \/>Luis Guti\u00e9rrez<\/p>\n<p>Internetseite des Weinguts: <a href=\"https:\/\/familianinortiz.com\/\" target=\"_blank\">https:\/\/familianinortiz.com\/<\/a><\/p>\n","protected":false},"excerpt":{"rendered":"<p>Lieferzeit: 1 bis 2 Arbeitstage (DE), 2 bis 5 Arbeitstage (EU and CH)<\/p>\n","protected":false},"featured_media":1144158,"template":"","meta":[],"product_brand":[],"product_cat":[19],"product_tag":[],"class_list":{"0":"post-1133824","1":"product","2":"type-product","3":"status-publish","4":"has-post-thumbnail","6":"product_cat-unkategorisiert","7":"pa_alcohol-for-filter-12892","8":"pa_certified-biodynamic-nein-de","9":"pa_certified-organic-nein-de","10":"pa_colour-rot","11":"pa_country-spanien","12":"pa_grape-grenache-cuvee","13":"pa_parker-points-for-filter-96-de-2","14":"pa_price-for-filter-10596","15":"pa_producer-familia-nin-ortiz","16":"pa_region-priorat","17":"pa_size-ml-6584","18":"pa_sweetness-trocken-de","19":"pa_type-2-still-de","20":"pa_vintage-2019-de","21":"entry","22":"has-media","24":"first","25":"instock","26":"taxable","27":"shipping-taxable","28":"purchasable","29":"product-type-simple"},"yoast_head":"<!-- This site is optimized with the Yoast SEO plugin v27.5 - https:\/\/yoast.com\/product\/yoast-seo-wordpress\/ -->\n<title>Familia Nin Ortiz &quot;La Rodeda&quot; Velles Vinyes 2019<\/title>\n<meta name=\"description\" content=\"Kaufe Familia Nin Ortiz &quot;La Rodeda&quot; Velles Vinyes 2019 (Grenache Cuv\u00e9e, trocken aus Priorat, Spanien) bei Wein Werte, Ihrem nachhaltigen Onlineshop.\" \/>\n<meta name=\"robots\" content=\"index, follow, max-snippet:-1, max-image-preview:large, max-video-preview:-1\" \/>\n<link rel=\"canonical\" href=\"https:\/\/wein-werte.com\/de\/produkt\/familia-nin-ortiz-la-rodeda-velles-vinyes-2019-750ml\/\" \/>\n<meta property=\"og:locale\" content=\"de_DE\" \/>\n<meta property=\"og:type\" content=\"article\" \/>\n<meta property=\"og:title\" content=\"Familia Nin Ortiz &quot;La Rodeda&quot; Velles Vinyes 2019\" \/>\n<meta property=\"og:description\" content=\"Kaufe Familia Nin Ortiz &quot;La Rodeda&quot; Velles Vinyes 2019 (Grenache Cuv\u00e9e, trocken aus Priorat, Spanien) bei Wein Werte, Ihrem nachhaltigen Onlineshop.\" \/>\n<meta property=\"og:url\" content=\"https:\/\/wein-werte.com\/de\/produkt\/familia-nin-ortiz-la-rodeda-velles-vinyes-2019-750ml\/\" \/>\n<meta property=\"og:site_name\" content=\"Wein Werte\" \/>\n<meta property=\"og:image\" content=\"https:\/\/wein-werte.com\/wp-content\/uploads\/2026\/04\/Familia-Nin-Ortiz-La-Rodeda-Velles-Vinyes-2019-750ml.png\" \/>\n\t<meta property=\"og:image:width\" content=\"332\" \/>\n\t<meta property=\"og:image:height\" content=\"1200\" \/>\n\t<meta property=\"og:image:type\" content=\"image\/png\" \/>\n<meta name=\"twitter:card\" content=\"summary_large_image\" \/>\n<meta name=\"twitter:label1\" content=\"Gesch\u00e4tzte Lesezeit\" \/>\n\t<meta name=\"twitter:data1\" content=\"2\u00a0Minuten\" \/>\n<script type=\"application\/ld+json\" class=\"yoast-schema-graph\">{\"@context\":\"https:\\\/\\\/schema.org\",\"@graph\":[{\"@type\":\"WebPage\",\"@id\":\"https:\\\/\\\/wein-werte.com\\\/de\\\/produkt\\\/familia-nin-ortiz-la-rodeda-velles-vinyes-2019-750ml\\\/\",\"url\":\"https:\\\/\\\/wein-werte.com\\\/de\\\/produkt\\\/familia-nin-ortiz-la-rodeda-velles-vinyes-2019-750ml\\\/\",\"name\":\"Familia Nin Ortiz \\\"La Rodeda\\\" Velles Vinyes 2019\",\"isPartOf\":{\"@id\":\"https:\\\/\\\/wein-werte.com\\\/de\\\/#website\"},\"primaryImageOfPage\":{\"@id\":\"https:\\\/\\\/wein-werte.com\\\/de\\\/produkt\\\/familia-nin-ortiz-la-rodeda-velles-vinyes-2019-750ml\\\/#primaryimage\"},\"image\":{\"@id\":\"https:\\\/\\\/wein-werte.com\\\/de\\\/produkt\\\/familia-nin-ortiz-la-rodeda-velles-vinyes-2019-750ml\\\/#primaryimage\"},\"thumbnailUrl\":\"https:\\\/\\\/wein-werte.com\\\/wp-content\\\/uploads\\\/2026\\\/04\\\/Familia-Nin-Ortiz-La-Rodeda-Velles-Vinyes-2019-750ml.png\",\"datePublished\":\"2026-05-08T18:06:17+00:00\",\"description\":\"Kaufe Familia Nin Ortiz \\\"La Rodeda\\\" Velles Vinyes 2019 (Grenache Cuv\u00e9e, trocken aus Priorat, Spanien) bei Wein Werte, Ihrem nachhaltigen Onlineshop.\",\"breadcrumb\":{\"@id\":\"https:\\\/\\\/wein-werte.com\\\/de\\\/produkt\\\/familia-nin-ortiz-la-rodeda-velles-vinyes-2019-750ml\\\/#breadcrumb\"},\"inLanguage\":\"de\",\"potentialAction\":[{\"@type\":\"ReadAction\",\"target\":[\"https:\\\/\\\/wein-werte.com\\\/de\\\/produkt\\\/familia-nin-ortiz-la-rodeda-velles-vinyes-2019-750ml\\\/\"]}]},{\"@type\":\"ImageObject\",\"inLanguage\":\"de\",\"@id\":\"https:\\\/\\\/wein-werte.com\\\/de\\\/produkt\\\/familia-nin-ortiz-la-rodeda-velles-vinyes-2019-750ml\\\/#primaryimage\",\"url\":\"https:\\\/\\\/wein-werte.com\\\/wp-content\\\/uploads\\\/2026\\\/04\\\/Familia-Nin-Ortiz-La-Rodeda-Velles-Vinyes-2019-750ml.png\",\"contentUrl\":\"https:\\\/\\\/wein-werte.com\\\/wp-content\\\/uploads\\\/2026\\\/04\\\/Familia-Nin-Ortiz-La-Rodeda-Velles-Vinyes-2019-750ml.png\",\"width\":332,\"height\":1200,\"caption\":\"Familia Nin Ortiz \\\"La Rodeda\\\" Velles Vinyes 2019 750ml\"},{\"@type\":\"BreadcrumbList\",\"@id\":\"https:\\\/\\\/wein-werte.com\\\/de\\\/produkt\\\/familia-nin-ortiz-la-rodeda-velles-vinyes-2019-750ml\\\/#breadcrumb\",\"itemListElement\":[{\"@type\":\"ListItem\",\"position\":1,\"name\":\"Home\",\"item\":\"https:\\\/\\\/wein-werte.com\\\/de\\\/\"},{\"@type\":\"ListItem\",\"position\":2,\"name\":\"Shop\",\"item\":\"https:\\\/\\\/wein-werte.com\\\/de\\\/shop\\\/\"},{\"@type\":\"ListItem\",\"position\":3,\"name\":\"Familia Nin Ortiz | Priorat | &#8220;La Rodeda&#8221; Velles Vinyes | 2019 | 750ml\"}]},{\"@type\":\"WebSite\",\"@id\":\"https:\\\/\\\/wein-werte.com\\\/de\\\/#website\",\"url\":\"https:\\\/\\\/wein-werte.com\\\/de\\\/\",\"name\":\"Wein Werte\",\"description\":\"\",\"publisher\":{\"@id\":\"https:\\\/\\\/wein-werte.com\\\/de\\\/#organization\"},\"potentialAction\":[{\"@type\":\"SearchAction\",\"target\":{\"@type\":\"EntryPoint\",\"urlTemplate\":\"https:\\\/\\\/wein-werte.com\\\/de\\\/?s={search_term_string}\"},\"query-input\":{\"@type\":\"PropertyValueSpecification\",\"valueRequired\":true,\"valueName\":\"search_term_string\"}}],\"inLanguage\":\"de\"},{\"@type\":\"Organization\",\"@id\":\"https:\\\/\\\/wein-werte.com\\\/de\\\/#organization\",\"name\":\"Vins Fins Thorrold\",\"url\":\"https:\\\/\\\/wein-werte.com\\\/de\\\/\",\"logo\":{\"@type\":\"ImageObject\",\"inLanguage\":\"de\",\"@id\":\"https:\\\/\\\/wein-werte.com\\\/de\\\/#\\\/schema\\\/logo\\\/image\\\/\",\"url\":\"https:\\\/\\\/wein-werte.com\\\/wp-content\\\/uploads\\\/2023\\\/07\\\/Wein_werte_Logo700-1.png\",\"contentUrl\":\"https:\\\/\\\/wein-werte.com\\\/wp-content\\\/uploads\\\/2023\\\/07\\\/Wein_werte_Logo700-1.png\",\"width\":700,\"height\":272,\"caption\":\"Vins Fins Thorrold\"},\"image\":{\"@id\":\"https:\\\/\\\/wein-werte.com\\\/de\\\/#\\\/schema\\\/logo\\\/image\\\/\"}}]}<\/script>\n<!-- \/ Yoast SEO plugin. -->","yoast_head_json":{"title":"Familia Nin Ortiz \"La Rodeda\" Velles Vinyes 2019","description":"Kaufe Familia Nin Ortiz \"La Rodeda\" Velles Vinyes 2019 (Grenache Cuv\u00e9e, trocken aus Priorat, Spanien) bei Wein Werte, Ihrem nachhaltigen Onlineshop.","robots":{"index":"index","follow":"follow","max-snippet":"max-snippet:-1","max-image-preview":"max-image-preview:large","max-video-preview":"max-video-preview:-1"},"canonical":"https:\/\/wein-werte.com\/de\/produkt\/familia-nin-ortiz-la-rodeda-velles-vinyes-2019-750ml\/","og_locale":"de_DE","og_type":"article","og_title":"Familia Nin Ortiz \"La Rodeda\" Velles Vinyes 2019","og_description":"Kaufe Familia Nin Ortiz \"La Rodeda\" Velles Vinyes 2019 (Grenache Cuv\u00e9e, trocken aus Priorat, Spanien) bei Wein Werte, Ihrem nachhaltigen Onlineshop.","og_url":"https:\/\/wein-werte.com\/de\/produkt\/familia-nin-ortiz-la-rodeda-velles-vinyes-2019-750ml\/","og_site_name":"Wein Werte","og_image":[{"width":332,"height":1200,"url":"https:\/\/wein-werte.com\/wp-content\/uploads\/2026\/04\/Familia-Nin-Ortiz-La-Rodeda-Velles-Vinyes-2019-750ml.png","type":"image\/png"}],"twitter_card":"summary_large_image","twitter_misc":{"Gesch\u00e4tzte Lesezeit":"2\u00a0Minuten"},"schema":{"@context":"https:\/\/schema.org","@graph":[{"@type":"WebPage","@id":"https:\/\/wein-werte.com\/de\/produkt\/familia-nin-ortiz-la-rodeda-velles-vinyes-2019-750ml\/","url":"https:\/\/wein-werte.com\/de\/produkt\/familia-nin-ortiz-la-rodeda-velles-vinyes-2019-750ml\/","name":"Familia Nin Ortiz \"La Rodeda\" Velles Vinyes 2019","isPartOf":{"@id":"https:\/\/wein-werte.com\/de\/#website"},"primaryImageOfPage":{"@id":"https:\/\/wein-werte.com\/de\/produkt\/familia-nin-ortiz-la-rodeda-velles-vinyes-2019-750ml\/#primaryimage"},"image":{"@id":"https:\/\/wein-werte.com\/de\/produkt\/familia-nin-ortiz-la-rodeda-velles-vinyes-2019-750ml\/#primaryimage"},"thumbnailUrl":"https:\/\/wein-werte.com\/wp-content\/uploads\/2026\/04\/Familia-Nin-Ortiz-La-Rodeda-Velles-Vinyes-2019-750ml.png","datePublished":"2026-05-08T18:06:17+00:00","description":"Kaufe Familia Nin Ortiz \"La Rodeda\" Velles Vinyes 2019 (Grenache Cuv\u00e9e, trocken aus Priorat, Spanien) bei Wein Werte, Ihrem nachhaltigen Onlineshop.","breadcrumb":{"@id":"https:\/\/wein-werte.com\/de\/produkt\/familia-nin-ortiz-la-rodeda-velles-vinyes-2019-750ml\/#breadcrumb"},"inLanguage":"de","potentialAction":[{"@type":"ReadAction","target":["https:\/\/wein-werte.com\/de\/produkt\/familia-nin-ortiz-la-rodeda-velles-vinyes-2019-750ml\/"]}]},{"@type":"ImageObject","inLanguage":"de","@id":"https:\/\/wein-werte.com\/de\/produkt\/familia-nin-ortiz-la-rodeda-velles-vinyes-2019-750ml\/#primaryimage","url":"https:\/\/wein-werte.com\/wp-content\/uploads\/2026\/04\/Familia-Nin-Ortiz-La-Rodeda-Velles-Vinyes-2019-750ml.png","contentUrl":"https:\/\/wein-werte.com\/wp-content\/uploads\/2026\/04\/Familia-Nin-Ortiz-La-Rodeda-Velles-Vinyes-2019-750ml.png","width":332,"height":1200,"caption":"Familia Nin Ortiz \"La Rodeda\" Velles Vinyes 2019 750ml"},{"@type":"BreadcrumbList","@id":"https:\/\/wein-werte.com\/de\/produkt\/familia-nin-ortiz-la-rodeda-velles-vinyes-2019-750ml\/#breadcrumb","itemListElement":[{"@type":"ListItem","position":1,"name":"Home","item":"https:\/\/wein-werte.com\/de\/"},{"@type":"ListItem","position":2,"name":"Shop","item":"https:\/\/wein-werte.com\/de\/shop\/"},{"@type":"ListItem","position":3,"name":"Familia Nin Ortiz | Priorat | &#8220;La Rodeda&#8221; Velles Vinyes | 2019 | 750ml"}]},{"@type":"WebSite","@id":"https:\/\/wein-werte.com\/de\/#website","url":"https:\/\/wein-werte.com\/de\/","name":"Wein Werte","description":"","publisher":{"@id":"https:\/\/wein-werte.com\/de\/#organization"},"potentialAction":[{"@type":"SearchAction","target":{"@type":"EntryPoint","urlTemplate":"https:\/\/wein-werte.com\/de\/?s={search_term_string}"},"query-input":{"@type":"PropertyValueSpecification","valueRequired":true,"valueName":"search_term_string"}}],"inLanguage":"de"},{"@type":"Organization","@id":"https:\/\/wein-werte.com\/de\/#organization","name":"Vins Fins Thorrold","url":"https:\/\/wein-werte.com\/de\/","logo":{"@type":"ImageObject","inLanguage":"de","@id":"https:\/\/wein-werte.com\/de\/#\/schema\/logo\/image\/","url":"https:\/\/wein-werte.com\/wp-content\/uploads\/2023\/07\/Wein_werte_Logo700-1.png","contentUrl":"https:\/\/wein-werte.com\/wp-content\/uploads\/2023\/07\/Wein_werte_Logo700-1.png","width":700,"height":272,"caption":"Vins Fins Thorrold"},"image":{"@id":"https:\/\/wein-werte.com\/de\/#\/schema\/logo\/image\/"}}]}},"_links":{"self":[{"href":"https:\/\/wein-werte.com\/de\/wp-json\/wp\/v2\/product\/1133824","targetHints":{"allow":["GET"]}}],"collection":[{"href":"https:\/\/wein-werte.com\/de\/wp-json\/wp\/v2\/product"}],"about":[{"href":"https:\/\/wein-werte.com\/de\/wp-json\/wp\/v2\/types\/product"}],"wp:featuredmedia":[{"embeddable":true,"href":"https:\/\/wein-werte.com\/de\/wp-json\/wp\/v2\/media\/1144158"}],"wp:attachment":[{"href":"https:\/\/wein-werte.com\/de\/wp-json\/wp\/v2\/media?parent=1133824"}],"wp:term":[{"taxonomy":"product_brand","embeddable":true,"href":"https:\/\/wein-werte.com\/de\/wp-json\/wp\/v2\/product_brand?post=1133824"},{"taxonomy":"product_cat","embeddable":true,"href":"https:\/\/wein-werte.com\/de\/wp-json\/wp\/v2\/product_cat?post=1133824"},{"taxonomy":"product_tag","embeddable":true,"href":"https:\/\/wein-werte.com\/de\/wp-json\/wp\/v2\/product_tag?post=1133824"}],"curies":[{"name":"wp","href":"https:\/\/api.w.org\/{rel}","templated":true}]}}