{"id":1133801,"date":"2026-05-05T18:30:41","date_gmt":"2026-05-05T16:30:41","guid":{"rendered":"https:\/\/wein-werte.com\/product\/familia-nin-ortiz-la-rodeda-velles-vinyes-2018-750ml\/"},"modified":"2026-04-27T11:51:10","modified_gmt":"2026-04-27T09:51:10","slug":"familia-nin-ortiz-la-rodeda-velles-vinyes-2018-750ml","status":"publish","type":"product","link":"https:\/\/wein-werte.com\/de\/produkt\/familia-nin-ortiz-la-rodeda-velles-vinyes-2018-750ml\/","title":{"rendered":"Familia Nin Ortiz | Priorat | &#8220;La Rodeda&#8221; Velles Vinyes | 2018 | 750ml"},"content":{"rendered":"<p>Produktbeschreibung f\u00fcr Familia Nin Ortiz &#8220;La Rodeda&#8221; Velles Vinyes 2018  <\/p>\n<h5>Informationen zum Wein<\/h5>\n<p> Dies ist der zweite Jahrgang eines Weines, der von einem gerade einmal 0,6 Hektar umfassenden Weinberg stammt, dessen Frucht bis zum Jahr 2016 noch im Mas d\u2019en Ca\u00e7ador verarbeitet wurde. La Rodeda wird in den Appellationskarten als eigener Weinberg gef\u00fchrt, was Carles Ortiz und Ester Nin fr\u00fcher gar nicht bewusst war. Sie haben ihn immer zum Mas d\u2019en Ca\u00e7ador hinzugerechnet. Das Besondere ist, dass dieser Weinberg fast zu 100 % mit ca. 80 Jahre alter Garnacha Peluda, auf Franz\u00f6sisch Lladoner Pelut, bestockt ist, einer eigenen roten Grenache-Variante. Hinzu kommt, dass dieser Weinberg eine n\u00f6rdliche Ausrichtung hat und mit rund 650 Metern gleichzeitig zu den am h\u00f6chsten gelegenen des gesamten Priorats geh\u00f6rt. Neben schwarzem Llicorella-Schiefer findet sich hier roter Quarzit. Die Trauben wurden als ganze vergoren und zu 100 % in neuen franz\u00f6sischen Barriques ausgebaut. Mit exakt 13,87 % ist dies der Rotwein mit dem niedrigsten Alkohol im gesamten Sortiment. Gelesen wurden die Trauben am 13.09.2018. Die Trauben wurden nach dem Entrappen in offenen G\u00e4rbeh\u00e4ltern mit F\u00fc\u00dfen gestampft und dann nat\u00fcrlich vergoren. Ausgebaut wurde der La Rodeda \u00fcber 19 Monate hinweg in einem Fass, aus dem 310 Flaschen gef\u00fcllt wurden. <\/p>\n<h5>Farbe<\/h5>\n<p> dunkles Purpurrot <\/p>\n<h5>Nase<\/h5>\n<p> Neben dem La Coma d\u2019en Romeu und dem Mas d\u2019en Ca\u00e7ador etabliert sich La Rodeda als der dritte gro\u00dfe Wein des Hauses. Und im zweiten Jahrgang ist der Wein noch ein wenig feiner und der Duft begeistern frisch und klar. Der Vi de Partage Velles Vinyes, der fr\u00fcher in den Mas d\u2019en Ca\u00e7ador eingeflossen ist, zeigt sich eigenst\u00e4ndig mit einer fantastischen Balance aus Kraft und Sinnlichkeit. Der Wein \u00f6ffnet sich mit Noten von Strandflieder, Veilchen und Ginster, bevor die Furcht pr\u00e4sent wird. Kirschen, Brombeeren und Himbeeren findet man hier. Alles reif aber auch knackig wirkend und verfeinert mit S\u00fc\u00dfholz, einer Spur von Zimt und Vanille, aber auch Tabak, Erde und Unterholz. Die Garnacha Peluda wirkt beeindruckend fein und tief. <\/p>\n<h5>Mund<\/h5>\n<p> Am Gaumen begeistert die unb\u00e4ndige Frische und Klarheit bei gleichzeitiger Tiefe, Reife und Substanz. Der La Rodeda ist durchdrungen von Vitalit\u00e4t und einer ganz eigenen Vibration und Taktung. Die dunkle, saftige und bissfeste Frucht geht einher mit einer ganz feinen Salzigkeit, vor allem auch hier wieder mit einer feinen W\u00fcrze und einem durchaus pr\u00e4gnanten und f\u00fcr Garnacha Peluda typischen Tannin. Der La Rodeda Vi de Partage ist ein pulsierender<\/p>\n<h5>, <\/h5>\n<p>eleganter, feiner und sinnlicher Wein mit der perfekten Balance aus Energiezufuhr und Entschleunigung. <\/p>\n<p>Copyright Vinaturel 2025<\/p>\n<p>Keywords: <a href=\"https:\/\/wein-werte.com\/de\/shop\/?swoof=1&#038;pa_producer=Familia-Nin-Ortiz\">Familia Nin Ortiz<\/a> <a href=\"https:\/\/wein-werte.com\/de\/shop\/?swoof=1&#038;woof_text=\"La Rodeda\" Velles Vinyes\">&#8220;La Rodeda&#8221; Velles Vinyes<\/a> 2018  <a href=\"https:\/\/wein-werte.com\/de\/shop\/?swoof=1&#038;pa_region=Priorat\">Priorat<\/a> <a href=\"https:\/\/wein-werte.com\/de\/shop\/?swoof=1&#038;pa_country=Spanien\">Spanien<\/a><\/p>\n<h3>Wine Advocate<\/h3>\n<p>Punkte: 96<\/p>\n<p>La Rodeda ist ihr k\u00fchlster Weinberg, eine 0,6 Hektar gro\u00dfe Parzelle, die vor 80 Jahren auf 350 Metern H\u00f6he mit nord\u00f6stlicher Ausrichtung gepflanzt wurde, was sehr niedrige Ertr\u00e4ge liefert und den zweiten Jahrgang dieses Weins hervorbrachte, den 2018er La Rodeda. Dies ist m\u00f6glicherweise ihr Rotwein mit dem niedrigsten Alkoholgehalt (13,87 %), ein Wein, der in Priorat nicht leicht herzustellen ist; geerntet wurde er am 13. September. Sie entfernten die trockenen oder eingetrockneten Trauben von den ganzen Trauben, die nach dem Fu\u00dftreten in einen kleinen Faserbottich gegeben wurden, um mit den nat\u00fcrlichen Hefen zu g\u00e4ren. Der Wein wurde malolaktisch vinifiziert und reifte 19 Monate. Er enth\u00e4lt viel weniger Eiche als der 2017er, der erste Jahrgang, f\u00fcr den ein neues Fass verwendet werden musste. Dieses Mal reifte der Wein in einem gebrauchten Fass (und 2020 sollte er noch weniger Eiche enthalten) und bringt das Ortsgef\u00fchl viel besser zum Ausdruck. Er ist gut reif, hat aber auch zus\u00e4tzliche Frische; Es bringt die Rebsorte klar zum Ausdruck. Garnacha Peluda ist etwas tanninhaltiger, mit einer rustikalen Note, etwas strukturierter und mit Alterungspotenzial. Im Juni 2020 wurden nur 310 Flaschen aus einem einzigen Fass abgef\u00fcllt.<br \/>Luis Guti\u00e9rrez<\/p>\n<p>Internetseite des Weinguts: <a href=\"https:\/\/familianinortiz.com\/\" target=\"_blank\">https:\/\/familianinortiz.com\/<\/a><\/p>\n","protected":false},"excerpt":{"rendered":"<p>Lieferzeit: 1 bis 2 Arbeitstage (DE), 2 bis 5 Arbeitstage (EU and CH)<\/p>\n","protected":false},"featured_media":1144142,"template":"","meta":[],"product_brand":[],"product_cat":[19],"product_tag":[],"class_list":{"0":"post-1133801","1":"product","2":"type-product","3":"status-publish","4":"has-post-thumbnail","6":"product_cat-unkategorisiert","7":"pa_alcohol-for-filter-14-5","8":"pa_certified-biodynamic-nein-de","9":"pa_certified-organic-nein-de","10":"pa_colour-rot","11":"pa_country-spanien","12":"pa_grape-grenache-cuvee","13":"pa_parker-points-for-filter-96-de-2","14":"pa_price-for-filter-10596","15":"pa_producer-familia-nin-ortiz","16":"pa_region-priorat","17":"pa_size-ml-6584","18":"pa_sweetness-trocken-de","19":"pa_type-2-still-de","20":"pa_vintage-2018-de","21":"entry","22":"has-media","24":"first","25":"instock","26":"taxable","27":"shipping-taxable","28":"purchasable","29":"product-type-simple"},"yoast_head":"<!-- This site is optimized with the Yoast SEO plugin v27.5 - https:\/\/yoast.com\/product\/yoast-seo-wordpress\/ -->\n<title>Familia Nin Ortiz &quot;La Rodeda&quot; Velles Vinyes 2018<\/title>\n<meta name=\"description\" content=\"Kaufe Familia Nin Ortiz &quot;La Rodeda&quot; Velles Vinyes 2018 (Grenache Cuv\u00e9e, trocken aus Priorat, Spanien) bei Wein Werte, Ihrem nachhaltigen Onlineshop.\" \/>\n<meta name=\"robots\" content=\"index, follow, max-snippet:-1, max-image-preview:large, max-video-preview:-1\" \/>\n<link rel=\"canonical\" href=\"https:\/\/wein-werte.com\/de\/produkt\/familia-nin-ortiz-la-rodeda-velles-vinyes-2018-750ml\/\" \/>\n<meta property=\"og:locale\" content=\"de_DE\" \/>\n<meta property=\"og:type\" content=\"article\" \/>\n<meta property=\"og:title\" content=\"Familia Nin Ortiz &quot;La Rodeda&quot; Velles Vinyes 2018\" \/>\n<meta property=\"og:description\" content=\"Kaufe Familia Nin Ortiz &quot;La Rodeda&quot; Velles Vinyes 2018 (Grenache Cuv\u00e9e, trocken aus Priorat, Spanien) bei Wein Werte, Ihrem nachhaltigen Onlineshop.\" \/>\n<meta property=\"og:url\" content=\"https:\/\/wein-werte.com\/de\/produkt\/familia-nin-ortiz-la-rodeda-velles-vinyes-2018-750ml\/\" \/>\n<meta property=\"og:site_name\" content=\"Wein Werte\" \/>\n<meta property=\"og:image\" content=\"https:\/\/wein-werte.com\/wp-content\/uploads\/2026\/04\/Familia-Nin-Ortiz-La-Rodeda-Velles-Vinyes-2018-750ml.png\" \/>\n\t<meta property=\"og:image:width\" content=\"331\" \/>\n\t<meta property=\"og:image:height\" content=\"1200\" \/>\n\t<meta property=\"og:image:type\" content=\"image\/png\" \/>\n<meta name=\"twitter:card\" content=\"summary_large_image\" \/>\n<meta name=\"twitter:label1\" content=\"Gesch\u00e4tzte Lesezeit\" \/>\n\t<meta name=\"twitter:data1\" content=\"3\u00a0Minuten\" \/>\n<script type=\"application\/ld+json\" class=\"yoast-schema-graph\">{\"@context\":\"https:\\\/\\\/schema.org\",\"@graph\":[{\"@type\":\"WebPage\",\"@id\":\"https:\\\/\\\/wein-werte.com\\\/de\\\/produkt\\\/familia-nin-ortiz-la-rodeda-velles-vinyes-2018-750ml\\\/\",\"url\":\"https:\\\/\\\/wein-werte.com\\\/de\\\/produkt\\\/familia-nin-ortiz-la-rodeda-velles-vinyes-2018-750ml\\\/\",\"name\":\"Familia Nin Ortiz \\\"La Rodeda\\\" Velles Vinyes 2018\",\"isPartOf\":{\"@id\":\"https:\\\/\\\/wein-werte.com\\\/de\\\/#website\"},\"primaryImageOfPage\":{\"@id\":\"https:\\\/\\\/wein-werte.com\\\/de\\\/produkt\\\/familia-nin-ortiz-la-rodeda-velles-vinyes-2018-750ml\\\/#primaryimage\"},\"image\":{\"@id\":\"https:\\\/\\\/wein-werte.com\\\/de\\\/produkt\\\/familia-nin-ortiz-la-rodeda-velles-vinyes-2018-750ml\\\/#primaryimage\"},\"thumbnailUrl\":\"https:\\\/\\\/wein-werte.com\\\/wp-content\\\/uploads\\\/2026\\\/04\\\/Familia-Nin-Ortiz-La-Rodeda-Velles-Vinyes-2018-750ml.png\",\"datePublished\":\"2026-05-05T16:30:41+00:00\",\"description\":\"Kaufe Familia Nin Ortiz \\\"La Rodeda\\\" Velles Vinyes 2018 (Grenache Cuv\u00e9e, trocken aus Priorat, Spanien) bei Wein Werte, Ihrem nachhaltigen Onlineshop.\",\"breadcrumb\":{\"@id\":\"https:\\\/\\\/wein-werte.com\\\/de\\\/produkt\\\/familia-nin-ortiz-la-rodeda-velles-vinyes-2018-750ml\\\/#breadcrumb\"},\"inLanguage\":\"de\",\"potentialAction\":[{\"@type\":\"ReadAction\",\"target\":[\"https:\\\/\\\/wein-werte.com\\\/de\\\/produkt\\\/familia-nin-ortiz-la-rodeda-velles-vinyes-2018-750ml\\\/\"]}]},{\"@type\":\"ImageObject\",\"inLanguage\":\"de\",\"@id\":\"https:\\\/\\\/wein-werte.com\\\/de\\\/produkt\\\/familia-nin-ortiz-la-rodeda-velles-vinyes-2018-750ml\\\/#primaryimage\",\"url\":\"https:\\\/\\\/wein-werte.com\\\/wp-content\\\/uploads\\\/2026\\\/04\\\/Familia-Nin-Ortiz-La-Rodeda-Velles-Vinyes-2018-750ml.png\",\"contentUrl\":\"https:\\\/\\\/wein-werte.com\\\/wp-content\\\/uploads\\\/2026\\\/04\\\/Familia-Nin-Ortiz-La-Rodeda-Velles-Vinyes-2018-750ml.png\",\"width\":331,\"height\":1200,\"caption\":\"Familia Nin Ortiz \\\"La Rodeda\\\" Velles Vinyes 2018 750ml\"},{\"@type\":\"BreadcrumbList\",\"@id\":\"https:\\\/\\\/wein-werte.com\\\/de\\\/produkt\\\/familia-nin-ortiz-la-rodeda-velles-vinyes-2018-750ml\\\/#breadcrumb\",\"itemListElement\":[{\"@type\":\"ListItem\",\"position\":1,\"name\":\"Home\",\"item\":\"https:\\\/\\\/wein-werte.com\\\/de\\\/\"},{\"@type\":\"ListItem\",\"position\":2,\"name\":\"Shop\",\"item\":\"https:\\\/\\\/wein-werte.com\\\/de\\\/shop\\\/\"},{\"@type\":\"ListItem\",\"position\":3,\"name\":\"Familia Nin Ortiz | Priorat | &#8220;La Rodeda&#8221; Velles Vinyes | 2018 | 750ml\"}]},{\"@type\":\"WebSite\",\"@id\":\"https:\\\/\\\/wein-werte.com\\\/de\\\/#website\",\"url\":\"https:\\\/\\\/wein-werte.com\\\/de\\\/\",\"name\":\"Wein Werte\",\"description\":\"\",\"publisher\":{\"@id\":\"https:\\\/\\\/wein-werte.com\\\/de\\\/#organization\"},\"potentialAction\":[{\"@type\":\"SearchAction\",\"target\":{\"@type\":\"EntryPoint\",\"urlTemplate\":\"https:\\\/\\\/wein-werte.com\\\/de\\\/?s={search_term_string}\"},\"query-input\":{\"@type\":\"PropertyValueSpecification\",\"valueRequired\":true,\"valueName\":\"search_term_string\"}}],\"inLanguage\":\"de\"},{\"@type\":\"Organization\",\"@id\":\"https:\\\/\\\/wein-werte.com\\\/de\\\/#organization\",\"name\":\"Vins Fins Thorrold\",\"url\":\"https:\\\/\\\/wein-werte.com\\\/de\\\/\",\"logo\":{\"@type\":\"ImageObject\",\"inLanguage\":\"de\",\"@id\":\"https:\\\/\\\/wein-werte.com\\\/de\\\/#\\\/schema\\\/logo\\\/image\\\/\",\"url\":\"https:\\\/\\\/wein-werte.com\\\/wp-content\\\/uploads\\\/2023\\\/07\\\/Wein_werte_Logo700-1.png\",\"contentUrl\":\"https:\\\/\\\/wein-werte.com\\\/wp-content\\\/uploads\\\/2023\\\/07\\\/Wein_werte_Logo700-1.png\",\"width\":700,\"height\":272,\"caption\":\"Vins Fins Thorrold\"},\"image\":{\"@id\":\"https:\\\/\\\/wein-werte.com\\\/de\\\/#\\\/schema\\\/logo\\\/image\\\/\"}}]}<\/script>\n<!-- \/ Yoast SEO plugin. -->","yoast_head_json":{"title":"Familia Nin Ortiz \"La Rodeda\" Velles Vinyes 2018","description":"Kaufe Familia Nin Ortiz \"La Rodeda\" Velles Vinyes 2018 (Grenache Cuv\u00e9e, trocken aus Priorat, Spanien) bei Wein Werte, Ihrem nachhaltigen Onlineshop.","robots":{"index":"index","follow":"follow","max-snippet":"max-snippet:-1","max-image-preview":"max-image-preview:large","max-video-preview":"max-video-preview:-1"},"canonical":"https:\/\/wein-werte.com\/de\/produkt\/familia-nin-ortiz-la-rodeda-velles-vinyes-2018-750ml\/","og_locale":"de_DE","og_type":"article","og_title":"Familia Nin Ortiz \"La Rodeda\" Velles Vinyes 2018","og_description":"Kaufe Familia Nin Ortiz \"La Rodeda\" Velles Vinyes 2018 (Grenache Cuv\u00e9e, trocken aus Priorat, Spanien) bei Wein Werte, Ihrem nachhaltigen Onlineshop.","og_url":"https:\/\/wein-werte.com\/de\/produkt\/familia-nin-ortiz-la-rodeda-velles-vinyes-2018-750ml\/","og_site_name":"Wein Werte","og_image":[{"width":331,"height":1200,"url":"https:\/\/wein-werte.com\/wp-content\/uploads\/2026\/04\/Familia-Nin-Ortiz-La-Rodeda-Velles-Vinyes-2018-750ml.png","type":"image\/png"}],"twitter_card":"summary_large_image","twitter_misc":{"Gesch\u00e4tzte Lesezeit":"3\u00a0Minuten"},"schema":{"@context":"https:\/\/schema.org","@graph":[{"@type":"WebPage","@id":"https:\/\/wein-werte.com\/de\/produkt\/familia-nin-ortiz-la-rodeda-velles-vinyes-2018-750ml\/","url":"https:\/\/wein-werte.com\/de\/produkt\/familia-nin-ortiz-la-rodeda-velles-vinyes-2018-750ml\/","name":"Familia Nin Ortiz \"La Rodeda\" Velles Vinyes 2018","isPartOf":{"@id":"https:\/\/wein-werte.com\/de\/#website"},"primaryImageOfPage":{"@id":"https:\/\/wein-werte.com\/de\/produkt\/familia-nin-ortiz-la-rodeda-velles-vinyes-2018-750ml\/#primaryimage"},"image":{"@id":"https:\/\/wein-werte.com\/de\/produkt\/familia-nin-ortiz-la-rodeda-velles-vinyes-2018-750ml\/#primaryimage"},"thumbnailUrl":"https:\/\/wein-werte.com\/wp-content\/uploads\/2026\/04\/Familia-Nin-Ortiz-La-Rodeda-Velles-Vinyes-2018-750ml.png","datePublished":"2026-05-05T16:30:41+00:00","description":"Kaufe Familia Nin Ortiz \"La Rodeda\" Velles Vinyes 2018 (Grenache Cuv\u00e9e, trocken aus Priorat, Spanien) bei Wein Werte, Ihrem nachhaltigen Onlineshop.","breadcrumb":{"@id":"https:\/\/wein-werte.com\/de\/produkt\/familia-nin-ortiz-la-rodeda-velles-vinyes-2018-750ml\/#breadcrumb"},"inLanguage":"de","potentialAction":[{"@type":"ReadAction","target":["https:\/\/wein-werte.com\/de\/produkt\/familia-nin-ortiz-la-rodeda-velles-vinyes-2018-750ml\/"]}]},{"@type":"ImageObject","inLanguage":"de","@id":"https:\/\/wein-werte.com\/de\/produkt\/familia-nin-ortiz-la-rodeda-velles-vinyes-2018-750ml\/#primaryimage","url":"https:\/\/wein-werte.com\/wp-content\/uploads\/2026\/04\/Familia-Nin-Ortiz-La-Rodeda-Velles-Vinyes-2018-750ml.png","contentUrl":"https:\/\/wein-werte.com\/wp-content\/uploads\/2026\/04\/Familia-Nin-Ortiz-La-Rodeda-Velles-Vinyes-2018-750ml.png","width":331,"height":1200,"caption":"Familia Nin Ortiz \"La Rodeda\" Velles Vinyes 2018 750ml"},{"@type":"BreadcrumbList","@id":"https:\/\/wein-werte.com\/de\/produkt\/familia-nin-ortiz-la-rodeda-velles-vinyes-2018-750ml\/#breadcrumb","itemListElement":[{"@type":"ListItem","position":1,"name":"Home","item":"https:\/\/wein-werte.com\/de\/"},{"@type":"ListItem","position":2,"name":"Shop","item":"https:\/\/wein-werte.com\/de\/shop\/"},{"@type":"ListItem","position":3,"name":"Familia Nin Ortiz | Priorat | &#8220;La Rodeda&#8221; Velles Vinyes | 2018 | 750ml"}]},{"@type":"WebSite","@id":"https:\/\/wein-werte.com\/de\/#website","url":"https:\/\/wein-werte.com\/de\/","name":"Wein Werte","description":"","publisher":{"@id":"https:\/\/wein-werte.com\/de\/#organization"},"potentialAction":[{"@type":"SearchAction","target":{"@type":"EntryPoint","urlTemplate":"https:\/\/wein-werte.com\/de\/?s={search_term_string}"},"query-input":{"@type":"PropertyValueSpecification","valueRequired":true,"valueName":"search_term_string"}}],"inLanguage":"de"},{"@type":"Organization","@id":"https:\/\/wein-werte.com\/de\/#organization","name":"Vins Fins Thorrold","url":"https:\/\/wein-werte.com\/de\/","logo":{"@type":"ImageObject","inLanguage":"de","@id":"https:\/\/wein-werte.com\/de\/#\/schema\/logo\/image\/","url":"https:\/\/wein-werte.com\/wp-content\/uploads\/2023\/07\/Wein_werte_Logo700-1.png","contentUrl":"https:\/\/wein-werte.com\/wp-content\/uploads\/2023\/07\/Wein_werte_Logo700-1.png","width":700,"height":272,"caption":"Vins Fins Thorrold"},"image":{"@id":"https:\/\/wein-werte.com\/de\/#\/schema\/logo\/image\/"}}]}},"_links":{"self":[{"href":"https:\/\/wein-werte.com\/de\/wp-json\/wp\/v2\/product\/1133801","targetHints":{"allow":["GET"]}}],"collection":[{"href":"https:\/\/wein-werte.com\/de\/wp-json\/wp\/v2\/product"}],"about":[{"href":"https:\/\/wein-werte.com\/de\/wp-json\/wp\/v2\/types\/product"}],"wp:featuredmedia":[{"embeddable":true,"href":"https:\/\/wein-werte.com\/de\/wp-json\/wp\/v2\/media\/1144142"}],"wp:attachment":[{"href":"https:\/\/wein-werte.com\/de\/wp-json\/wp\/v2\/media?parent=1133801"}],"wp:term":[{"taxonomy":"product_brand","embeddable":true,"href":"https:\/\/wein-werte.com\/de\/wp-json\/wp\/v2\/product_brand?post=1133801"},{"taxonomy":"product_cat","embeddable":true,"href":"https:\/\/wein-werte.com\/de\/wp-json\/wp\/v2\/product_cat?post=1133801"},{"taxonomy":"product_tag","embeddable":true,"href":"https:\/\/wein-werte.com\/de\/wp-json\/wp\/v2\/product_tag?post=1133801"}],"curies":[{"name":"wp","href":"https:\/\/api.w.org\/{rel}","templated":true}]}}