{"id":1133793,"date":"2026-05-05T18:30:40","date_gmt":"2026-05-05T16:30:40","guid":{"rendered":"https:\/\/wein-werte.com\/product\/gramona-enoteca-brut-nature-2012-750ml\/"},"modified":"2026-04-27T11:51:08","modified_gmt":"2026-04-27T09:51:08","slug":"gramona-enoteca-brut-nature-2012-750ml","status":"publish","type":"product","link":"https:\/\/wein-werte.com\/de\/produkt\/gramona-enoteca-brut-nature-2012-750ml\/","title":{"rendered":"Gramona | Cava | Enoteca, Brut Nature | 2012 | 750ml"},"content":{"rendered":"<p>Produktbeschreibung f\u00fcr Gramona Enoteca, Brut Nature 2012 <\/p>\n<p>Gramona Enoteca Brut Nature 2012 ist ein trockener Schaumwein Cuv\u00e9e (prim\u00e4r Xarello) hergestellt in der Region Cava in Spanien.<\/p>\n<p>Keywords: <a href=\"https:\/\/wein-werte.com\/de\/shop\/?swoof=1&#038;pa_producer=Gramona\">Gramona<\/a> <a href=\"https:\/\/wein-werte.com\/de\/shop\/?swoof=1&#038;woof_text=Enoteca, Brut Nature\">Enoteca, Brut Nature<\/a> 2012  <a href=\"https:\/\/wein-werte.com\/de\/shop\/?swoof=1&#038;pa_region=Cava\">Cava<\/a> <a href=\"https:\/\/wein-werte.com\/de\/shop\/?swoof=1&#038;pa_country=Spanien\">Spanien<\/a><\/p>\n<h3>Wine Advocate<\/h3>\n<p>Punkte: 97<\/p>\n<p>Ich habe zwei Jahrg\u00e4nge des Enoteca verkostet, der j\u00fcngste davon war der 2012er Enoteca Brut Nature. Er pr\u00e4sentiert sich sehr aromatisch, ausdrucksstark und pr\u00e4sent, mit Noten von marokkanischen Pastillen, die aus dem Glas springen, sowie feinen R\u00f6stnoten, Rauch und Gew\u00fcrzen. Er ist sehr zug\u00e4nglich und trinkreif, hat aber einen steinigen, scharfen Geschmack und einen trockenen, kreidigen Abgang. Hefe- und Autolyseeinfluss sind weniger ausgepr\u00e4gt, daf\u00fcr aber mehr Finesse; der Wein ist feingliedriger. Zuk\u00fcnftig wird es separate Enoteca-Abf\u00fcllungen von III Lustros und Celler Batlle geben, da sie nun aus unterschiedlichen Urspr\u00fcngen stammen. Er reifte nicht weniger als 130 Monate auf der Hefe in der Flasche. Es wurden 1.100 Flaschen produziert.<br \/>Luis Guti\u00e9rrez<\/p>\n<p>Internetseite des Weinguts: <a href=\"https:\/\/gramona.com\/en\/\" target=\"_blank\">https:\/\/gramona.com\/en\/<\/a><\/p>\n","protected":false},"excerpt":{"rendered":"<p>Lieferzeit: 1 bis 2 Arbeitstage (DE), 2 bis 5 Arbeitstage (EU and CH)<\/p>\n","protected":false},"featured_media":1144136,"template":"","meta":[],"product_brand":[],"product_cat":[19],"product_tag":[],"class_list":{"0":"post-1133793","1":"product","2":"type-product","3":"status-publish","4":"has-post-thumbnail","6":"product_cat-unkategorisiert","7":"pa_alcohol-for-filter-12893","8":"pa_certified-biodynamic-nein-de","9":"pa_certified-organic-nein-de","10":"pa_colour-weiss","11":"pa_country-spanien","12":"pa_grape-xarello-cuvee","13":"pa_parker-points-for-filter-97-de-2","14":"pa_price-for-filter-10669","15":"pa_producer-gramona","16":"pa_region-cava","17":"pa_size-ml-6584","18":"pa_sweetness-trocken-de","19":"pa_type-2-cava-de","20":"pa_vintage-2012-de","21":"entry","22":"has-media","24":"first","25":"instock","26":"taxable","27":"shipping-taxable","28":"purchasable","29":"product-type-simple"},"yoast_head":"<!-- This site is optimized with the Yoast SEO plugin v27.5 - https:\/\/yoast.com\/product\/yoast-seo-wordpress\/ -->\n<title>Gramona Enoteca Brut Nature 2012<\/title>\n<meta name=\"description\" content=\"Kaufe Gramona Enoteca Brut Nature 2012 (Xarello Cuv\u00e9e, trocken Schaumwein aus Cava, Spanien) bei Wein Werte, Ihrem nachhaltigen Onlineshop.\" \/>\n<meta name=\"robots\" content=\"index, follow, max-snippet:-1, max-image-preview:large, max-video-preview:-1\" \/>\n<link rel=\"canonical\" href=\"https:\/\/wein-werte.com\/de\/produkt\/gramona-enoteca-brut-nature-2012-750ml\/\" \/>\n<meta property=\"og:locale\" content=\"de_DE\" \/>\n<meta property=\"og:type\" content=\"article\" \/>\n<meta property=\"og:title\" content=\"Gramona Enoteca Brut Nature 2012\" \/>\n<meta property=\"og:description\" content=\"Kaufe Gramona Enoteca Brut Nature 2012 (Xarello Cuv\u00e9e, trocken Schaumwein aus Cava, Spanien) bei Wein Werte, Ihrem nachhaltigen Onlineshop.\" \/>\n<meta property=\"og:url\" content=\"https:\/\/wein-werte.com\/de\/produkt\/gramona-enoteca-brut-nature-2012-750ml\/\" \/>\n<meta property=\"og:site_name\" content=\"Wein Werte\" \/>\n<meta property=\"og:image\" content=\"https:\/\/wein-werte.com\/wp-content\/uploads\/2026\/04\/Gramona-Enoteca-Brut-Nature-2012-750ml.png\" \/>\n\t<meta property=\"og:image:width\" content=\"315\" \/>\n\t<meta property=\"og:image:height\" content=\"1200\" \/>\n\t<meta property=\"og:image:type\" content=\"image\/png\" \/>\n<meta name=\"twitter:card\" content=\"summary_large_image\" \/>\n<meta name=\"twitter:label1\" content=\"Gesch\u00e4tzte Lesezeit\" \/>\n\t<meta name=\"twitter:data1\" content=\"1\u00a0Minute\" \/>\n<script type=\"application\/ld+json\" class=\"yoast-schema-graph\">{\"@context\":\"https:\\\/\\\/schema.org\",\"@graph\":[{\"@type\":\"WebPage\",\"@id\":\"https:\\\/\\\/wein-werte.com\\\/de\\\/produkt\\\/gramona-enoteca-brut-nature-2012-750ml\\\/\",\"url\":\"https:\\\/\\\/wein-werte.com\\\/de\\\/produkt\\\/gramona-enoteca-brut-nature-2012-750ml\\\/\",\"name\":\"Gramona Enoteca Brut Nature 2012\",\"isPartOf\":{\"@id\":\"https:\\\/\\\/wein-werte.com\\\/de\\\/#website\"},\"primaryImageOfPage\":{\"@id\":\"https:\\\/\\\/wein-werte.com\\\/de\\\/produkt\\\/gramona-enoteca-brut-nature-2012-750ml\\\/#primaryimage\"},\"image\":{\"@id\":\"https:\\\/\\\/wein-werte.com\\\/de\\\/produkt\\\/gramona-enoteca-brut-nature-2012-750ml\\\/#primaryimage\"},\"thumbnailUrl\":\"https:\\\/\\\/wein-werte.com\\\/wp-content\\\/uploads\\\/2026\\\/04\\\/Gramona-Enoteca-Brut-Nature-2012-750ml.png\",\"datePublished\":\"2026-05-05T16:30:40+00:00\",\"description\":\"Kaufe Gramona Enoteca Brut Nature 2012 (Xarello Cuv\u00e9e, trocken Schaumwein aus Cava, Spanien) bei Wein Werte, Ihrem nachhaltigen Onlineshop.\",\"breadcrumb\":{\"@id\":\"https:\\\/\\\/wein-werte.com\\\/de\\\/produkt\\\/gramona-enoteca-brut-nature-2012-750ml\\\/#breadcrumb\"},\"inLanguage\":\"de\",\"potentialAction\":[{\"@type\":\"ReadAction\",\"target\":[\"https:\\\/\\\/wein-werte.com\\\/de\\\/produkt\\\/gramona-enoteca-brut-nature-2012-750ml\\\/\"]}]},{\"@type\":\"ImageObject\",\"inLanguage\":\"de\",\"@id\":\"https:\\\/\\\/wein-werte.com\\\/de\\\/produkt\\\/gramona-enoteca-brut-nature-2012-750ml\\\/#primaryimage\",\"url\":\"https:\\\/\\\/wein-werte.com\\\/wp-content\\\/uploads\\\/2026\\\/04\\\/Gramona-Enoteca-Brut-Nature-2012-750ml.png\",\"contentUrl\":\"https:\\\/\\\/wein-werte.com\\\/wp-content\\\/uploads\\\/2026\\\/04\\\/Gramona-Enoteca-Brut-Nature-2012-750ml.png\",\"width\":315,\"height\":1200,\"caption\":\"Gramona Enoteca, Brut Nature 2012 750ml\"},{\"@type\":\"BreadcrumbList\",\"@id\":\"https:\\\/\\\/wein-werte.com\\\/de\\\/produkt\\\/gramona-enoteca-brut-nature-2012-750ml\\\/#breadcrumb\",\"itemListElement\":[{\"@type\":\"ListItem\",\"position\":1,\"name\":\"Home\",\"item\":\"https:\\\/\\\/wein-werte.com\\\/de\\\/\"},{\"@type\":\"ListItem\",\"position\":2,\"name\":\"Shop\",\"item\":\"https:\\\/\\\/wein-werte.com\\\/de\\\/shop\\\/\"},{\"@type\":\"ListItem\",\"position\":3,\"name\":\"Gramona | Cava | Enoteca, Brut Nature | 2012 | 750ml\"}]},{\"@type\":\"WebSite\",\"@id\":\"https:\\\/\\\/wein-werte.com\\\/de\\\/#website\",\"url\":\"https:\\\/\\\/wein-werte.com\\\/de\\\/\",\"name\":\"Wein Werte\",\"description\":\"\",\"publisher\":{\"@id\":\"https:\\\/\\\/wein-werte.com\\\/de\\\/#organization\"},\"potentialAction\":[{\"@type\":\"SearchAction\",\"target\":{\"@type\":\"EntryPoint\",\"urlTemplate\":\"https:\\\/\\\/wein-werte.com\\\/de\\\/?s={search_term_string}\"},\"query-input\":{\"@type\":\"PropertyValueSpecification\",\"valueRequired\":true,\"valueName\":\"search_term_string\"}}],\"inLanguage\":\"de\"},{\"@type\":\"Organization\",\"@id\":\"https:\\\/\\\/wein-werte.com\\\/de\\\/#organization\",\"name\":\"Vins Fins Thorrold\",\"url\":\"https:\\\/\\\/wein-werte.com\\\/de\\\/\",\"logo\":{\"@type\":\"ImageObject\",\"inLanguage\":\"de\",\"@id\":\"https:\\\/\\\/wein-werte.com\\\/de\\\/#\\\/schema\\\/logo\\\/image\\\/\",\"url\":\"https:\\\/\\\/wein-werte.com\\\/wp-content\\\/uploads\\\/2023\\\/07\\\/Wein_werte_Logo700-1.png\",\"contentUrl\":\"https:\\\/\\\/wein-werte.com\\\/wp-content\\\/uploads\\\/2023\\\/07\\\/Wein_werte_Logo700-1.png\",\"width\":700,\"height\":272,\"caption\":\"Vins Fins Thorrold\"},\"image\":{\"@id\":\"https:\\\/\\\/wein-werte.com\\\/de\\\/#\\\/schema\\\/logo\\\/image\\\/\"}}]}<\/script>\n<!-- \/ Yoast SEO plugin. -->","yoast_head_json":{"title":"Gramona Enoteca Brut Nature 2012","description":"Kaufe Gramona Enoteca Brut Nature 2012 (Xarello Cuv\u00e9e, trocken Schaumwein aus Cava, Spanien) bei Wein Werte, Ihrem nachhaltigen Onlineshop.","robots":{"index":"index","follow":"follow","max-snippet":"max-snippet:-1","max-image-preview":"max-image-preview:large","max-video-preview":"max-video-preview:-1"},"canonical":"https:\/\/wein-werte.com\/de\/produkt\/gramona-enoteca-brut-nature-2012-750ml\/","og_locale":"de_DE","og_type":"article","og_title":"Gramona Enoteca Brut Nature 2012","og_description":"Kaufe Gramona Enoteca Brut Nature 2012 (Xarello Cuv\u00e9e, trocken Schaumwein aus Cava, Spanien) bei Wein Werte, Ihrem nachhaltigen Onlineshop.","og_url":"https:\/\/wein-werte.com\/de\/produkt\/gramona-enoteca-brut-nature-2012-750ml\/","og_site_name":"Wein Werte","og_image":[{"width":315,"height":1200,"url":"https:\/\/wein-werte.com\/wp-content\/uploads\/2026\/04\/Gramona-Enoteca-Brut-Nature-2012-750ml.png","type":"image\/png"}],"twitter_card":"summary_large_image","twitter_misc":{"Gesch\u00e4tzte Lesezeit":"1\u00a0Minute"},"schema":{"@context":"https:\/\/schema.org","@graph":[{"@type":"WebPage","@id":"https:\/\/wein-werte.com\/de\/produkt\/gramona-enoteca-brut-nature-2012-750ml\/","url":"https:\/\/wein-werte.com\/de\/produkt\/gramona-enoteca-brut-nature-2012-750ml\/","name":"Gramona Enoteca Brut Nature 2012","isPartOf":{"@id":"https:\/\/wein-werte.com\/de\/#website"},"primaryImageOfPage":{"@id":"https:\/\/wein-werte.com\/de\/produkt\/gramona-enoteca-brut-nature-2012-750ml\/#primaryimage"},"image":{"@id":"https:\/\/wein-werte.com\/de\/produkt\/gramona-enoteca-brut-nature-2012-750ml\/#primaryimage"},"thumbnailUrl":"https:\/\/wein-werte.com\/wp-content\/uploads\/2026\/04\/Gramona-Enoteca-Brut-Nature-2012-750ml.png","datePublished":"2026-05-05T16:30:40+00:00","description":"Kaufe Gramona Enoteca Brut Nature 2012 (Xarello Cuv\u00e9e, trocken Schaumwein aus Cava, Spanien) bei Wein Werte, Ihrem nachhaltigen Onlineshop.","breadcrumb":{"@id":"https:\/\/wein-werte.com\/de\/produkt\/gramona-enoteca-brut-nature-2012-750ml\/#breadcrumb"},"inLanguage":"de","potentialAction":[{"@type":"ReadAction","target":["https:\/\/wein-werte.com\/de\/produkt\/gramona-enoteca-brut-nature-2012-750ml\/"]}]},{"@type":"ImageObject","inLanguage":"de","@id":"https:\/\/wein-werte.com\/de\/produkt\/gramona-enoteca-brut-nature-2012-750ml\/#primaryimage","url":"https:\/\/wein-werte.com\/wp-content\/uploads\/2026\/04\/Gramona-Enoteca-Brut-Nature-2012-750ml.png","contentUrl":"https:\/\/wein-werte.com\/wp-content\/uploads\/2026\/04\/Gramona-Enoteca-Brut-Nature-2012-750ml.png","width":315,"height":1200,"caption":"Gramona Enoteca, Brut Nature 2012 750ml"},{"@type":"BreadcrumbList","@id":"https:\/\/wein-werte.com\/de\/produkt\/gramona-enoteca-brut-nature-2012-750ml\/#breadcrumb","itemListElement":[{"@type":"ListItem","position":1,"name":"Home","item":"https:\/\/wein-werte.com\/de\/"},{"@type":"ListItem","position":2,"name":"Shop","item":"https:\/\/wein-werte.com\/de\/shop\/"},{"@type":"ListItem","position":3,"name":"Gramona | Cava | Enoteca, Brut Nature | 2012 | 750ml"}]},{"@type":"WebSite","@id":"https:\/\/wein-werte.com\/de\/#website","url":"https:\/\/wein-werte.com\/de\/","name":"Wein Werte","description":"","publisher":{"@id":"https:\/\/wein-werte.com\/de\/#organization"},"potentialAction":[{"@type":"SearchAction","target":{"@type":"EntryPoint","urlTemplate":"https:\/\/wein-werte.com\/de\/?s={search_term_string}"},"query-input":{"@type":"PropertyValueSpecification","valueRequired":true,"valueName":"search_term_string"}}],"inLanguage":"de"},{"@type":"Organization","@id":"https:\/\/wein-werte.com\/de\/#organization","name":"Vins Fins Thorrold","url":"https:\/\/wein-werte.com\/de\/","logo":{"@type":"ImageObject","inLanguage":"de","@id":"https:\/\/wein-werte.com\/de\/#\/schema\/logo\/image\/","url":"https:\/\/wein-werte.com\/wp-content\/uploads\/2023\/07\/Wein_werte_Logo700-1.png","contentUrl":"https:\/\/wein-werte.com\/wp-content\/uploads\/2023\/07\/Wein_werte_Logo700-1.png","width":700,"height":272,"caption":"Vins Fins Thorrold"},"image":{"@id":"https:\/\/wein-werte.com\/de\/#\/schema\/logo\/image\/"}}]}},"_links":{"self":[{"href":"https:\/\/wein-werte.com\/de\/wp-json\/wp\/v2\/product\/1133793","targetHints":{"allow":["GET"]}}],"collection":[{"href":"https:\/\/wein-werte.com\/de\/wp-json\/wp\/v2\/product"}],"about":[{"href":"https:\/\/wein-werte.com\/de\/wp-json\/wp\/v2\/types\/product"}],"wp:featuredmedia":[{"embeddable":true,"href":"https:\/\/wein-werte.com\/de\/wp-json\/wp\/v2\/media\/1144136"}],"wp:attachment":[{"href":"https:\/\/wein-werte.com\/de\/wp-json\/wp\/v2\/media?parent=1133793"}],"wp:term":[{"taxonomy":"product_brand","embeddable":true,"href":"https:\/\/wein-werte.com\/de\/wp-json\/wp\/v2\/product_brand?post=1133793"},{"taxonomy":"product_cat","embeddable":true,"href":"https:\/\/wein-werte.com\/de\/wp-json\/wp\/v2\/product_cat?post=1133793"},{"taxonomy":"product_tag","embeddable":true,"href":"https:\/\/wein-werte.com\/de\/wp-json\/wp\/v2\/product_tag?post=1133793"}],"curies":[{"name":"wp","href":"https:\/\/api.w.org\/{rel}","templated":true}]}}