{"id":1133763,"date":"2026-05-05T18:30:38","date_gmt":"2026-05-05T16:30:38","guid":{"rendered":"https:\/\/wein-werte.com\/product\/gramona-celler-batlle-brut-2014-750ml\/"},"modified":"2026-04-27T11:51:04","modified_gmt":"2026-04-27T09:51:04","slug":"gramona-celler-batlle-brut-2014-750ml","status":"publish","type":"product","link":"https:\/\/wein-werte.com\/de\/produkt\/gramona-celler-batlle-brut-2014-750ml\/","title":{"rendered":"Gramona | Cava | Celler Batlle, Brut | 2014 | 750ml"},"content":{"rendered":"<p>Produktbeschreibung f\u00fcr Gramona Celler Batlle, Brut 2014 <\/p>\n<p>Gramona Celler Batlle Brut 2014 ist ein trockener Schaumwein Cuv\u00e9e (prim\u00e4r Xarello) hergestellt in der Region Cava in Spanien.<\/p>\n<p>Keywords: <a href=\"https:\/\/wein-werte.com\/de\/shop\/?swoof=1&#038;pa_producer=Gramona\">Gramona<\/a> <a href=\"https:\/\/wein-werte.com\/de\/shop\/?swoof=1&#038;woof_text=Celler Batlle, Brut\">Celler Batlle, Brut<\/a> 2014  <a href=\"https:\/\/wein-werte.com\/de\/shop\/?swoof=1&#038;pa_region=Cava\">Cava<\/a> <a href=\"https:\/\/wein-werte.com\/de\/shop\/?swoof=1&#038;pa_country=Spanien\">Spanien<\/a><\/p>\n<h3>Wine Advocate<\/h3>\n<p>Punkte: 96<\/p>\n<p>Der \u00e4ltere 2014 Celler Batlle Brut Nature ist der erste Jahrgang dieses Weins aus 75 % Xarel.lo und 25 % Macabeo vom Weinberg Font Jui, der ohne Zuckerzusatz (als Brut Nature) angeboten wird. Er vergoren und reifte in der Flasche auf der Hefe unter einem Naturkorken, der dem Wein durch die Zugabe des alten Solera-Rancio-Weins eine w\u00fcrzigere Note (Curry) verleiht. 2014 war ein k\u00fchleres Jahr mit mehr Regen (sogar mehr als 2013), und es wurden einige \u00c4nderungen vorgenommen, haupts\u00e4chlich die Null-D\u00f3sage im Wein, ohne Zuckerzusatz, was sogar die Textur des Weins verbessert zu haben scheint. Er ist superlecker, w\u00fcrzig und trocken. Ich denke, dies muss der bisher beste Jahrgang von Celler Batlle sein. 7.000 Flaschen produziert. Er wurde im Oktober 2023 degorgiert, neun Jahre nach der Ernte. Ab 2015 wird es einige \u00c4nderungen geben, die von einem bestimmten Lieu-dit oder \u201eParaje\u201c ausgehen.<br \/>Luis Guti\u00e9rrez<\/p>\n<h3>Vinous<\/h3>\n<p>Punkte: 95<\/p>\n<p>Der Celler Batlle 2014, ein Corpinnat-Schaumwein, ist eine Cuv\u00e9e aus 75 % Xarel\u00b7lo und 25 % Macabeu aus Pened\u00e8s. Er wurde nach der traditionellen Methode hergestellt, lagerte 110 Monate auf der Hefe und wurde mit Lik\u00f6rzusatz, aber ohne Zucker, degorgiert. Mit seiner gelben Farbe besticht er durch eine kr\u00e4ftige, an Geb\u00e4ck und Sherry erinnernde Nase mit Safran, Curry und zartem Unterholz. Trocken und \u00e4therisch, ist der erfrischende Gaumen voller terti\u00e4rer Nuancen, getragen von einer mousseartigen Textur. Ein Wein von h\u00f6chster Qualit\u00e4t. \u2013 Joaqu\u00edn Hidalgo<br \/>Trinkzeitraum: 2024\u20132030<br \/>Testdatum: September 2024<\/p>\n<p>Internetseite des Weinguts: <a href=\"https:\/\/gramona.com\/en\/\" target=\"_blank\">https:\/\/gramona.com\/en\/<\/a><\/p>\n","protected":false},"excerpt":{"rendered":"<p>Lieferzeit: 1 bis 2 Arbeitstage (DE), 2 bis 5 Arbeitstage (EU and CH)<\/p>\n","protected":false},"featured_media":1144112,"template":"","meta":[],"product_brand":[],"product_cat":[19],"product_tag":[],"class_list":{"0":"post-1133763","1":"product","2":"type-product","3":"status-publish","4":"has-post-thumbnail","6":"product_cat-unkategorisiert","7":"pa_alcohol-for-filter-12893","8":"pa_certified-biodynamic-nein-de","9":"pa_certified-organic-nein-de","10":"pa_colour-weiss","11":"pa_country-spanien","12":"pa_grape-xarello-cuvee","13":"pa_parker-points-for-filter-96-de-2","14":"pa_price-for-filter-10633","15":"pa_producer-gramona","16":"pa_region-cava","17":"pa_size-ml-6584","18":"pa_sweetness-trocken-de","19":"pa_type-2-cava-de","20":"pa_vinous-points-for-filter-20035","21":"pa_vintage-2014-de","22":"entry","23":"has-media","25":"first","26":"instock","27":"taxable","28":"shipping-taxable","29":"purchasable","30":"product-type-simple"},"yoast_head":"<!-- This site is optimized with the Yoast SEO plugin v27.5 - https:\/\/yoast.com\/product\/yoast-seo-wordpress\/ -->\n<title>Gramona Celler Batlle Brut 2014<\/title>\n<meta name=\"description\" content=\"Kaufe Gramona Celler Batlle Brut 2014 (Xarello Cuv\u00e9e, trocken Schaumwein aus Cava, Spanien) bei Wein Werte, Ihrem nachhaltigen Onlineshop.\" \/>\n<meta name=\"robots\" content=\"index, follow, max-snippet:-1, max-image-preview:large, max-video-preview:-1\" \/>\n<link rel=\"canonical\" href=\"https:\/\/wein-werte.com\/de\/produkt\/gramona-celler-batlle-brut-2014-750ml\/\" \/>\n<meta property=\"og:locale\" content=\"de_DE\" \/>\n<meta property=\"og:type\" content=\"article\" \/>\n<meta property=\"og:title\" content=\"Gramona Celler Batlle Brut 2014\" \/>\n<meta property=\"og:description\" content=\"Kaufe Gramona Celler Batlle Brut 2014 (Xarello Cuv\u00e9e, trocken Schaumwein aus Cava, Spanien) bei Wein Werte, Ihrem nachhaltigen Onlineshop.\" \/>\n<meta property=\"og:url\" content=\"https:\/\/wein-werte.com\/de\/produkt\/gramona-celler-batlle-brut-2014-750ml\/\" \/>\n<meta property=\"og:site_name\" content=\"Wein Werte\" \/>\n<meta property=\"og:image\" content=\"https:\/\/wein-werte.com\/wp-content\/uploads\/2026\/04\/Gramona-Celler-Batlle-Brut-2014-750ml.png\" \/>\n\t<meta property=\"og:image:width\" content=\"329\" \/>\n\t<meta property=\"og:image:height\" content=\"1200\" \/>\n\t<meta property=\"og:image:type\" content=\"image\/png\" \/>\n<meta name=\"twitter:card\" content=\"summary_large_image\" \/>\n<meta name=\"twitter:label1\" content=\"Gesch\u00e4tzte Lesezeit\" \/>\n\t<meta name=\"twitter:data1\" content=\"1\u00a0Minute\" \/>\n<script type=\"application\/ld+json\" class=\"yoast-schema-graph\">{\"@context\":\"https:\\\/\\\/schema.org\",\"@graph\":[{\"@type\":\"WebPage\",\"@id\":\"https:\\\/\\\/wein-werte.com\\\/de\\\/produkt\\\/gramona-celler-batlle-brut-2014-750ml\\\/\",\"url\":\"https:\\\/\\\/wein-werte.com\\\/de\\\/produkt\\\/gramona-celler-batlle-brut-2014-750ml\\\/\",\"name\":\"Gramona Celler Batlle Brut 2014\",\"isPartOf\":{\"@id\":\"https:\\\/\\\/wein-werte.com\\\/de\\\/#website\"},\"primaryImageOfPage\":{\"@id\":\"https:\\\/\\\/wein-werte.com\\\/de\\\/produkt\\\/gramona-celler-batlle-brut-2014-750ml\\\/#primaryimage\"},\"image\":{\"@id\":\"https:\\\/\\\/wein-werte.com\\\/de\\\/produkt\\\/gramona-celler-batlle-brut-2014-750ml\\\/#primaryimage\"},\"thumbnailUrl\":\"https:\\\/\\\/wein-werte.com\\\/wp-content\\\/uploads\\\/2026\\\/04\\\/Gramona-Celler-Batlle-Brut-2014-750ml.png\",\"datePublished\":\"2026-05-05T16:30:38+00:00\",\"description\":\"Kaufe Gramona Celler Batlle Brut 2014 (Xarello Cuv\u00e9e, trocken Schaumwein aus Cava, Spanien) bei Wein Werte, Ihrem nachhaltigen Onlineshop.\",\"breadcrumb\":{\"@id\":\"https:\\\/\\\/wein-werte.com\\\/de\\\/produkt\\\/gramona-celler-batlle-brut-2014-750ml\\\/#breadcrumb\"},\"inLanguage\":\"de\",\"potentialAction\":[{\"@type\":\"ReadAction\",\"target\":[\"https:\\\/\\\/wein-werte.com\\\/de\\\/produkt\\\/gramona-celler-batlle-brut-2014-750ml\\\/\"]}]},{\"@type\":\"ImageObject\",\"inLanguage\":\"de\",\"@id\":\"https:\\\/\\\/wein-werte.com\\\/de\\\/produkt\\\/gramona-celler-batlle-brut-2014-750ml\\\/#primaryimage\",\"url\":\"https:\\\/\\\/wein-werte.com\\\/wp-content\\\/uploads\\\/2026\\\/04\\\/Gramona-Celler-Batlle-Brut-2014-750ml.png\",\"contentUrl\":\"https:\\\/\\\/wein-werte.com\\\/wp-content\\\/uploads\\\/2026\\\/04\\\/Gramona-Celler-Batlle-Brut-2014-750ml.png\",\"width\":329,\"height\":1200,\"caption\":\"Gramona Celler Batlle, Brut 2014 750ml\"},{\"@type\":\"BreadcrumbList\",\"@id\":\"https:\\\/\\\/wein-werte.com\\\/de\\\/produkt\\\/gramona-celler-batlle-brut-2014-750ml\\\/#breadcrumb\",\"itemListElement\":[{\"@type\":\"ListItem\",\"position\":1,\"name\":\"Home\",\"item\":\"https:\\\/\\\/wein-werte.com\\\/de\\\/\"},{\"@type\":\"ListItem\",\"position\":2,\"name\":\"Shop\",\"item\":\"https:\\\/\\\/wein-werte.com\\\/de\\\/shop\\\/\"},{\"@type\":\"ListItem\",\"position\":3,\"name\":\"Gramona | Cava | Celler Batlle, Brut | 2014 | 750ml\"}]},{\"@type\":\"WebSite\",\"@id\":\"https:\\\/\\\/wein-werte.com\\\/de\\\/#website\",\"url\":\"https:\\\/\\\/wein-werte.com\\\/de\\\/\",\"name\":\"Wein Werte\",\"description\":\"\",\"publisher\":{\"@id\":\"https:\\\/\\\/wein-werte.com\\\/de\\\/#organization\"},\"potentialAction\":[{\"@type\":\"SearchAction\",\"target\":{\"@type\":\"EntryPoint\",\"urlTemplate\":\"https:\\\/\\\/wein-werte.com\\\/de\\\/?s={search_term_string}\"},\"query-input\":{\"@type\":\"PropertyValueSpecification\",\"valueRequired\":true,\"valueName\":\"search_term_string\"}}],\"inLanguage\":\"de\"},{\"@type\":\"Organization\",\"@id\":\"https:\\\/\\\/wein-werte.com\\\/de\\\/#organization\",\"name\":\"Vins Fins Thorrold\",\"url\":\"https:\\\/\\\/wein-werte.com\\\/de\\\/\",\"logo\":{\"@type\":\"ImageObject\",\"inLanguage\":\"de\",\"@id\":\"https:\\\/\\\/wein-werte.com\\\/de\\\/#\\\/schema\\\/logo\\\/image\\\/\",\"url\":\"https:\\\/\\\/wein-werte.com\\\/wp-content\\\/uploads\\\/2023\\\/07\\\/Wein_werte_Logo700-1.png\",\"contentUrl\":\"https:\\\/\\\/wein-werte.com\\\/wp-content\\\/uploads\\\/2023\\\/07\\\/Wein_werte_Logo700-1.png\",\"width\":700,\"height\":272,\"caption\":\"Vins Fins Thorrold\"},\"image\":{\"@id\":\"https:\\\/\\\/wein-werte.com\\\/de\\\/#\\\/schema\\\/logo\\\/image\\\/\"}}]}<\/script>\n<!-- \/ Yoast SEO plugin. -->","yoast_head_json":{"title":"Gramona Celler Batlle Brut 2014","description":"Kaufe Gramona Celler Batlle Brut 2014 (Xarello Cuv\u00e9e, trocken Schaumwein aus Cava, Spanien) bei Wein Werte, Ihrem nachhaltigen Onlineshop.","robots":{"index":"index","follow":"follow","max-snippet":"max-snippet:-1","max-image-preview":"max-image-preview:large","max-video-preview":"max-video-preview:-1"},"canonical":"https:\/\/wein-werte.com\/de\/produkt\/gramona-celler-batlle-brut-2014-750ml\/","og_locale":"de_DE","og_type":"article","og_title":"Gramona Celler Batlle Brut 2014","og_description":"Kaufe Gramona Celler Batlle Brut 2014 (Xarello Cuv\u00e9e, trocken Schaumwein aus Cava, Spanien) bei Wein Werte, Ihrem nachhaltigen Onlineshop.","og_url":"https:\/\/wein-werte.com\/de\/produkt\/gramona-celler-batlle-brut-2014-750ml\/","og_site_name":"Wein Werte","og_image":[{"width":329,"height":1200,"url":"https:\/\/wein-werte.com\/wp-content\/uploads\/2026\/04\/Gramona-Celler-Batlle-Brut-2014-750ml.png","type":"image\/png"}],"twitter_card":"summary_large_image","twitter_misc":{"Gesch\u00e4tzte Lesezeit":"1\u00a0Minute"},"schema":{"@context":"https:\/\/schema.org","@graph":[{"@type":"WebPage","@id":"https:\/\/wein-werte.com\/de\/produkt\/gramona-celler-batlle-brut-2014-750ml\/","url":"https:\/\/wein-werte.com\/de\/produkt\/gramona-celler-batlle-brut-2014-750ml\/","name":"Gramona Celler Batlle Brut 2014","isPartOf":{"@id":"https:\/\/wein-werte.com\/de\/#website"},"primaryImageOfPage":{"@id":"https:\/\/wein-werte.com\/de\/produkt\/gramona-celler-batlle-brut-2014-750ml\/#primaryimage"},"image":{"@id":"https:\/\/wein-werte.com\/de\/produkt\/gramona-celler-batlle-brut-2014-750ml\/#primaryimage"},"thumbnailUrl":"https:\/\/wein-werte.com\/wp-content\/uploads\/2026\/04\/Gramona-Celler-Batlle-Brut-2014-750ml.png","datePublished":"2026-05-05T16:30:38+00:00","description":"Kaufe Gramona Celler Batlle Brut 2014 (Xarello Cuv\u00e9e, trocken Schaumwein aus Cava, Spanien) bei Wein Werte, Ihrem nachhaltigen Onlineshop.","breadcrumb":{"@id":"https:\/\/wein-werte.com\/de\/produkt\/gramona-celler-batlle-brut-2014-750ml\/#breadcrumb"},"inLanguage":"de","potentialAction":[{"@type":"ReadAction","target":["https:\/\/wein-werte.com\/de\/produkt\/gramona-celler-batlle-brut-2014-750ml\/"]}]},{"@type":"ImageObject","inLanguage":"de","@id":"https:\/\/wein-werte.com\/de\/produkt\/gramona-celler-batlle-brut-2014-750ml\/#primaryimage","url":"https:\/\/wein-werte.com\/wp-content\/uploads\/2026\/04\/Gramona-Celler-Batlle-Brut-2014-750ml.png","contentUrl":"https:\/\/wein-werte.com\/wp-content\/uploads\/2026\/04\/Gramona-Celler-Batlle-Brut-2014-750ml.png","width":329,"height":1200,"caption":"Gramona Celler Batlle, Brut 2014 750ml"},{"@type":"BreadcrumbList","@id":"https:\/\/wein-werte.com\/de\/produkt\/gramona-celler-batlle-brut-2014-750ml\/#breadcrumb","itemListElement":[{"@type":"ListItem","position":1,"name":"Home","item":"https:\/\/wein-werte.com\/de\/"},{"@type":"ListItem","position":2,"name":"Shop","item":"https:\/\/wein-werte.com\/de\/shop\/"},{"@type":"ListItem","position":3,"name":"Gramona | Cava | Celler Batlle, Brut | 2014 | 750ml"}]},{"@type":"WebSite","@id":"https:\/\/wein-werte.com\/de\/#website","url":"https:\/\/wein-werte.com\/de\/","name":"Wein Werte","description":"","publisher":{"@id":"https:\/\/wein-werte.com\/de\/#organization"},"potentialAction":[{"@type":"SearchAction","target":{"@type":"EntryPoint","urlTemplate":"https:\/\/wein-werte.com\/de\/?s={search_term_string}"},"query-input":{"@type":"PropertyValueSpecification","valueRequired":true,"valueName":"search_term_string"}}],"inLanguage":"de"},{"@type":"Organization","@id":"https:\/\/wein-werte.com\/de\/#organization","name":"Vins Fins Thorrold","url":"https:\/\/wein-werte.com\/de\/","logo":{"@type":"ImageObject","inLanguage":"de","@id":"https:\/\/wein-werte.com\/de\/#\/schema\/logo\/image\/","url":"https:\/\/wein-werte.com\/wp-content\/uploads\/2023\/07\/Wein_werte_Logo700-1.png","contentUrl":"https:\/\/wein-werte.com\/wp-content\/uploads\/2023\/07\/Wein_werte_Logo700-1.png","width":700,"height":272,"caption":"Vins Fins Thorrold"},"image":{"@id":"https:\/\/wein-werte.com\/de\/#\/schema\/logo\/image\/"}}]}},"_links":{"self":[{"href":"https:\/\/wein-werte.com\/de\/wp-json\/wp\/v2\/product\/1133763","targetHints":{"allow":["GET"]}}],"collection":[{"href":"https:\/\/wein-werte.com\/de\/wp-json\/wp\/v2\/product"}],"about":[{"href":"https:\/\/wein-werte.com\/de\/wp-json\/wp\/v2\/types\/product"}],"wp:featuredmedia":[{"embeddable":true,"href":"https:\/\/wein-werte.com\/de\/wp-json\/wp\/v2\/media\/1144112"}],"wp:attachment":[{"href":"https:\/\/wein-werte.com\/de\/wp-json\/wp\/v2\/media?parent=1133763"}],"wp:term":[{"taxonomy":"product_brand","embeddable":true,"href":"https:\/\/wein-werte.com\/de\/wp-json\/wp\/v2\/product_brand?post=1133763"},{"taxonomy":"product_cat","embeddable":true,"href":"https:\/\/wein-werte.com\/de\/wp-json\/wp\/v2\/product_cat?post=1133763"},{"taxonomy":"product_tag","embeddable":true,"href":"https:\/\/wein-werte.com\/de\/wp-json\/wp\/v2\/product_tag?post=1133763"}],"curies":[{"name":"wp","href":"https:\/\/api.w.org\/{rel}","templated":true}]}}