{"id":1133753,"date":"2026-05-12T15:53:09","date_gmt":"2026-05-12T13:53:09","guid":{"rendered":"https:\/\/wein-werte.com\/product\/gramona-innoble-les-tres-serres-cuvee-319-brut-nature-750ml\/"},"modified":"2026-05-12T19:58:23","modified_gmt":"2026-05-12T17:58:23","slug":"gramona-innoble-les-tres-serres-cuvee-319-brut-nature-nv-750ml","status":"publish","type":"product","link":"https:\/\/wein-werte.com\/de\/produkt\/gramona-innoble-les-tres-serres-cuvee-319-brut-nature-nv-750ml\/","title":{"rendered":"Gramona | Cava | Innoble, Les Tres Serres Cuvee 319, Brut Nature | NV | 750ml | bio"},"content":{"rendered":"<p>Produktbeschreibung f\u00fcr Gramona Innoble, Les Tres Serres Cuvee 319, Brut Nature NV (bio)<\/p>\n<h5>Farbe<\/h5>\n<p>Leuchtendes Zitronengelb mit gr\u00fcnlichen Reflexen. Die Perlage ist sehr fein, lebhaft und gleichm\u00e4\u00dfig \u2013 vital und aktiv im Glas.<\/p>\n<h5>Nase<\/h5>\n<p>Ein intensives, gelbfruchtiges Bukett pr\u00e4gt die Nase. Reife gelbe und rote \u00c4pfel dominieren \u2013 sp\u00fcrbar mit Schale, Kern und Saft. Hinzu kommen Noten von Khaki, Aprikose und reifer Mirabelle. W\u00fcrzige Ankl\u00e4nge f\u00fchren orientalisch in Richtung Kurkuma und Safran, begleitet von einer dezenten mediterranen Note getrockneter Kr\u00e4uter. Ger\u00f6stete Waln\u00fcsse und frisch gehackte Mandeln setzen feine nussige Akzente.<\/p>\n<h5>Gaumen<\/h5>\n<p>Am Gaumen \u00fcberzeugt der Wein durch eine pr\u00e4sente, ansprechende Phenolik, die ihm ein gesundes, vitales Mundgef\u00fchl verleiht. Die S\u00e4ure ist moderat, sorgt jedoch f\u00fcr einen angenehmen Kontrast. Die Frucht bleibt zwar pr\u00e4sent, tritt jedoch zugunsten der komplexen W\u00fcrzaromen \u2013 zwischen Orient und Mittelmeer \u2013 in den Hintergrund. Auch hier klingen die nussigen Elemente fein nach. Ein spannender und ausgewogener Schaumwein, der sich stilistisch weniger radikal zeigt als viele seiner regionalen Kollegen.<\/p>\n<p>Copyright Vinaturel 2025<\/p>\n<p>Keywords: <a href=\"https:\/\/wein-werte.com\/de\/shop\/?swoof=1&#038;pa_producer=Gramona\">Gramona<\/a> <a href=\"https:\/\/wein-werte.com\/de\/shop\/?swoof=1&#038;woof_text=Innoble, Les Tres Serres Cuvee 319, Brut Nature\">Innoble, Les Tres Serres Cuvee 319, Brut Nature<\/a> NV bio <a href=\"https:\/\/wein-werte.com\/de\/shop\/?swoof=1&#038;pa_region=Cava\">Cava<\/a> <a href=\"https:\/\/wein-werte.com\/de\/shop\/?swoof=1&#038;pa_country=Spanien\">Spanien<\/a><\/p>\n<p>Internetseite des Weinguts: <a href=\"https:\/\/gramona.com\/en\/\" target=\"_blank\">https:\/\/gramona.com\/en\/<\/a><\/p>\n","protected":false},"excerpt":{"rendered":"<div style=\"font-size: 14px;\">\n<p>Lieferzeit: 1 bis 2 Arbeitstage (DE), 2 bis 5 Arbeitstage (EU und CH)<\/p>\n<p>Ungef\u00e4hrer Energiegehalt pro 125-ml-Glas: 95 kcal<\/p>\n<\/p><\/div>\n","protected":false},"featured_media":1144108,"template":"","meta":[],"product_brand":[],"product_cat":[19],"product_tag":[],"class_list":{"0":"post-1133753","1":"product","2":"type-product","3":"status-publish","4":"has-post-thumbnail","6":"product_cat-unkategorisiert","7":"pa_alcohol-for-filter-12893","8":"pa_certified-biodynamic-nein-de","9":"pa_certified-organic-ja-de","10":"pa_colour-weiss","11":"pa_country-spanien","12":"pa_grape-xarello","13":"pa_price-for-filter-10611","14":"pa_producer-gramona","15":"pa_region-cava","16":"pa_size-ml-6584","17":"pa_sweetness-trocken-de","18":"pa_type-2-cava-de","19":"pa_vintage-nv-de","20":"entry","21":"has-media","23":"first","24":"instock","25":"taxable","26":"shipping-taxable","27":"purchasable","28":"product-type-simple"},"yoast_head":"<!-- This site is optimized with the Yoast SEO plugin v27.6 - https:\/\/yoast.com\/product\/yoast-seo-wordpress\/ -->\n<title>Gramona Innoble Les Tres Serres Cuvee 319 Brut Nature<\/title>\n<meta name=\"description\" content=\"Kaufe Gramona Innoble Les Tres Serres Cuvee 319 Brut Nature (Xarello, trocken Schaumwein aus Cava, Spanien) bei Wein Werte, Ihrem nachhaltigen Onlineshop.\" \/>\n<meta name=\"robots\" content=\"index, follow, max-snippet:-1, max-image-preview:large, max-video-preview:-1\" \/>\n<link rel=\"canonical\" href=\"https:\/\/wein-werte.com\/de\/produkt\/gramona-innoble-les-tres-serres-cuvee-319-brut-nature-750ml\/\" \/>\n<meta property=\"og:locale\" content=\"de_DE\" \/>\n<meta property=\"og:type\" content=\"article\" \/>\n<meta property=\"og:title\" content=\"Gramona Innoble Les Tres Serres Cuvee 319 Brut Nature\" \/>\n<meta property=\"og:description\" content=\"Kaufe Gramona Innoble Les Tres Serres Cuvee 319 Brut Nature (Xarello, trocken Schaumwein aus Cava, Spanien) bei Wein Werte, Ihrem nachhaltigen Onlineshop.\" \/>\n<meta property=\"og:url\" content=\"https:\/\/wein-werte.com\/de\/produkt\/gramona-innoble-les-tres-serres-cuvee-319-brut-nature-750ml\/\" \/>\n<meta property=\"og:site_name\" content=\"Wein Werte\" \/>\n<meta property=\"article:modified_time\" content=\"2026-05-12T17:58:23+00:00\" \/>\n<meta property=\"og:image\" content=\"https:\/\/wein-werte.com\/wp-content\/uploads\/2026\/04\/Gramona-Innoble-Les-Tres-Serres-Cuvee-319-Brut-Nature-750ml.png\" \/>\n\t<meta property=\"og:image:width\" content=\"325\" \/>\n\t<meta property=\"og:image:height\" content=\"1200\" \/>\n\t<meta property=\"og:image:type\" content=\"image\/png\" \/>\n<meta name=\"twitter:card\" content=\"summary_large_image\" \/>\n<meta name=\"twitter:label1\" content=\"Gesch\u00e4tzte Lesezeit\" \/>\n\t<meta name=\"twitter:data1\" content=\"1\u00a0Minute\" \/>\n<script type=\"application\/ld+json\" class=\"yoast-schema-graph\">{\"@context\":\"https:\\\/\\\/schema.org\",\"@graph\":[{\"@type\":\"WebPage\",\"@id\":\"https:\\\/\\\/wein-werte.com\\\/de\\\/produkt\\\/gramona-innoble-les-tres-serres-cuvee-319-brut-nature-750ml\\\/\",\"url\":\"https:\\\/\\\/wein-werte.com\\\/de\\\/produkt\\\/gramona-innoble-les-tres-serres-cuvee-319-brut-nature-750ml\\\/\",\"name\":\"Gramona Innoble Les Tres Serres Cuvee 319 Brut Nature\",\"isPartOf\":{\"@id\":\"https:\\\/\\\/wein-werte.com\\\/de\\\/#website\"},\"primaryImageOfPage\":{\"@id\":\"https:\\\/\\\/wein-werte.com\\\/de\\\/produkt\\\/gramona-innoble-les-tres-serres-cuvee-319-brut-nature-750ml\\\/#primaryimage\"},\"image\":{\"@id\":\"https:\\\/\\\/wein-werte.com\\\/de\\\/produkt\\\/gramona-innoble-les-tres-serres-cuvee-319-brut-nature-750ml\\\/#primaryimage\"},\"thumbnailUrl\":\"https:\\\/\\\/wein-werte.com\\\/wp-content\\\/uploads\\\/2026\\\/04\\\/Gramona-Innoble-Les-Tres-Serres-Cuvee-319-Brut-Nature-750ml.png\",\"datePublished\":\"2026-05-12T13:53:09+00:00\",\"dateModified\":\"2026-05-12T17:58:23+00:00\",\"description\":\"Kaufe Gramona Innoble Les Tres Serres Cuvee 319 Brut Nature (Xarello, trocken Schaumwein aus Cava, Spanien) bei Wein Werte, Ihrem nachhaltigen Onlineshop.\",\"breadcrumb\":{\"@id\":\"https:\\\/\\\/wein-werte.com\\\/de\\\/produkt\\\/gramona-innoble-les-tres-serres-cuvee-319-brut-nature-750ml\\\/#breadcrumb\"},\"inLanguage\":\"de\",\"potentialAction\":[{\"@type\":\"ReadAction\",\"target\":[\"https:\\\/\\\/wein-werte.com\\\/de\\\/produkt\\\/gramona-innoble-les-tres-serres-cuvee-319-brut-nature-750ml\\\/\"]}]},{\"@type\":\"ImageObject\",\"inLanguage\":\"de\",\"@id\":\"https:\\\/\\\/wein-werte.com\\\/de\\\/produkt\\\/gramona-innoble-les-tres-serres-cuvee-319-brut-nature-750ml\\\/#primaryimage\",\"url\":\"https:\\\/\\\/wein-werte.com\\\/wp-content\\\/uploads\\\/2026\\\/04\\\/Gramona-Innoble-Les-Tres-Serres-Cuvee-319-Brut-Nature-750ml.png\",\"contentUrl\":\"https:\\\/\\\/wein-werte.com\\\/wp-content\\\/uploads\\\/2026\\\/04\\\/Gramona-Innoble-Les-Tres-Serres-Cuvee-319-Brut-Nature-750ml.png\",\"width\":325,\"height\":1200,\"caption\":\"Gramona Innoble, Les Tres Serres Cuvee 319, Brut Nature NV 750ml\"},{\"@type\":\"BreadcrumbList\",\"@id\":\"https:\\\/\\\/wein-werte.com\\\/de\\\/produkt\\\/gramona-innoble-les-tres-serres-cuvee-319-brut-nature-750ml\\\/#breadcrumb\",\"itemListElement\":[{\"@type\":\"ListItem\",\"position\":1,\"name\":\"Home\",\"item\":\"https:\\\/\\\/wein-werte.com\\\/de\\\/\"},{\"@type\":\"ListItem\",\"position\":2,\"name\":\"Shop\",\"item\":\"https:\\\/\\\/wein-werte.com\\\/de\\\/shop\\\/\"},{\"@type\":\"ListItem\",\"position\":3,\"name\":\"Gramona | Cava | Innoble, Les Tres Serres Cuvee 319, Brut Nature | NV | 750ml | bio\"}]},{\"@type\":\"WebSite\",\"@id\":\"https:\\\/\\\/wein-werte.com\\\/de\\\/#website\",\"url\":\"https:\\\/\\\/wein-werte.com\\\/de\\\/\",\"name\":\"Wein Werte\",\"description\":\"\",\"publisher\":{\"@id\":\"https:\\\/\\\/wein-werte.com\\\/de\\\/#organization\"},\"potentialAction\":[{\"@type\":\"SearchAction\",\"target\":{\"@type\":\"EntryPoint\",\"urlTemplate\":\"https:\\\/\\\/wein-werte.com\\\/de\\\/?s={search_term_string}\"},\"query-input\":{\"@type\":\"PropertyValueSpecification\",\"valueRequired\":true,\"valueName\":\"search_term_string\"}}],\"inLanguage\":\"de\"},{\"@type\":\"Organization\",\"@id\":\"https:\\\/\\\/wein-werte.com\\\/de\\\/#organization\",\"name\":\"Vins Fins Thorrold\",\"url\":\"https:\\\/\\\/wein-werte.com\\\/de\\\/\",\"logo\":{\"@type\":\"ImageObject\",\"inLanguage\":\"de\",\"@id\":\"https:\\\/\\\/wein-werte.com\\\/de\\\/#\\\/schema\\\/logo\\\/image\\\/\",\"url\":\"https:\\\/\\\/wein-werte.com\\\/wp-content\\\/uploads\\\/2023\\\/07\\\/Wein_werte_Logo700-1.png\",\"contentUrl\":\"https:\\\/\\\/wein-werte.com\\\/wp-content\\\/uploads\\\/2023\\\/07\\\/Wein_werte_Logo700-1.png\",\"width\":700,\"height\":272,\"caption\":\"Vins Fins Thorrold\"},\"image\":{\"@id\":\"https:\\\/\\\/wein-werte.com\\\/de\\\/#\\\/schema\\\/logo\\\/image\\\/\"}}]}<\/script>\n<!-- \/ Yoast SEO plugin. -->","yoast_head_json":{"title":"Gramona Innoble Les Tres Serres Cuvee 319 Brut Nature","description":"Kaufe Gramona Innoble Les Tres Serres Cuvee 319 Brut Nature (Xarello, trocken Schaumwein aus Cava, Spanien) bei Wein Werte, Ihrem nachhaltigen Onlineshop.","robots":{"index":"index","follow":"follow","max-snippet":"max-snippet:-1","max-image-preview":"max-image-preview:large","max-video-preview":"max-video-preview:-1"},"canonical":"https:\/\/wein-werte.com\/de\/produkt\/gramona-innoble-les-tres-serres-cuvee-319-brut-nature-750ml\/","og_locale":"de_DE","og_type":"article","og_title":"Gramona Innoble Les Tres Serres Cuvee 319 Brut Nature","og_description":"Kaufe Gramona Innoble Les Tres Serres Cuvee 319 Brut Nature (Xarello, trocken Schaumwein aus Cava, Spanien) bei Wein Werte, Ihrem nachhaltigen Onlineshop.","og_url":"https:\/\/wein-werte.com\/de\/produkt\/gramona-innoble-les-tres-serres-cuvee-319-brut-nature-750ml\/","og_site_name":"Wein Werte","article_modified_time":"2026-05-12T17:58:23+00:00","og_image":[{"width":325,"height":1200,"url":"https:\/\/wein-werte.com\/wp-content\/uploads\/2026\/04\/Gramona-Innoble-Les-Tres-Serres-Cuvee-319-Brut-Nature-750ml.png","type":"image\/png"}],"twitter_card":"summary_large_image","twitter_misc":{"Gesch\u00e4tzte Lesezeit":"1\u00a0Minute"},"schema":{"@context":"https:\/\/schema.org","@graph":[{"@type":"WebPage","@id":"https:\/\/wein-werte.com\/de\/produkt\/gramona-innoble-les-tres-serres-cuvee-319-brut-nature-750ml\/","url":"https:\/\/wein-werte.com\/de\/produkt\/gramona-innoble-les-tres-serres-cuvee-319-brut-nature-750ml\/","name":"Gramona Innoble Les Tres Serres Cuvee 319 Brut Nature","isPartOf":{"@id":"https:\/\/wein-werte.com\/de\/#website"},"primaryImageOfPage":{"@id":"https:\/\/wein-werte.com\/de\/produkt\/gramona-innoble-les-tres-serres-cuvee-319-brut-nature-750ml\/#primaryimage"},"image":{"@id":"https:\/\/wein-werte.com\/de\/produkt\/gramona-innoble-les-tres-serres-cuvee-319-brut-nature-750ml\/#primaryimage"},"thumbnailUrl":"https:\/\/wein-werte.com\/wp-content\/uploads\/2026\/04\/Gramona-Innoble-Les-Tres-Serres-Cuvee-319-Brut-Nature-750ml.png","datePublished":"2026-05-12T13:53:09+00:00","dateModified":"2026-05-12T17:58:23+00:00","description":"Kaufe Gramona Innoble Les Tres Serres Cuvee 319 Brut Nature (Xarello, trocken Schaumwein aus Cava, Spanien) bei Wein Werte, Ihrem nachhaltigen Onlineshop.","breadcrumb":{"@id":"https:\/\/wein-werte.com\/de\/produkt\/gramona-innoble-les-tres-serres-cuvee-319-brut-nature-750ml\/#breadcrumb"},"inLanguage":"de","potentialAction":[{"@type":"ReadAction","target":["https:\/\/wein-werte.com\/de\/produkt\/gramona-innoble-les-tres-serres-cuvee-319-brut-nature-750ml\/"]}]},{"@type":"ImageObject","inLanguage":"de","@id":"https:\/\/wein-werte.com\/de\/produkt\/gramona-innoble-les-tres-serres-cuvee-319-brut-nature-750ml\/#primaryimage","url":"https:\/\/wein-werte.com\/wp-content\/uploads\/2026\/04\/Gramona-Innoble-Les-Tres-Serres-Cuvee-319-Brut-Nature-750ml.png","contentUrl":"https:\/\/wein-werte.com\/wp-content\/uploads\/2026\/04\/Gramona-Innoble-Les-Tres-Serres-Cuvee-319-Brut-Nature-750ml.png","width":325,"height":1200,"caption":"Gramona Innoble, Les Tres Serres Cuvee 319, Brut Nature NV 750ml"},{"@type":"BreadcrumbList","@id":"https:\/\/wein-werte.com\/de\/produkt\/gramona-innoble-les-tres-serres-cuvee-319-brut-nature-750ml\/#breadcrumb","itemListElement":[{"@type":"ListItem","position":1,"name":"Home","item":"https:\/\/wein-werte.com\/de\/"},{"@type":"ListItem","position":2,"name":"Shop","item":"https:\/\/wein-werte.com\/de\/shop\/"},{"@type":"ListItem","position":3,"name":"Gramona | Cava | Innoble, Les Tres Serres Cuvee 319, Brut Nature | NV | 750ml | bio"}]},{"@type":"WebSite","@id":"https:\/\/wein-werte.com\/de\/#website","url":"https:\/\/wein-werte.com\/de\/","name":"Wein Werte","description":"","publisher":{"@id":"https:\/\/wein-werte.com\/de\/#organization"},"potentialAction":[{"@type":"SearchAction","target":{"@type":"EntryPoint","urlTemplate":"https:\/\/wein-werte.com\/de\/?s={search_term_string}"},"query-input":{"@type":"PropertyValueSpecification","valueRequired":true,"valueName":"search_term_string"}}],"inLanguage":"de"},{"@type":"Organization","@id":"https:\/\/wein-werte.com\/de\/#organization","name":"Vins Fins Thorrold","url":"https:\/\/wein-werte.com\/de\/","logo":{"@type":"ImageObject","inLanguage":"de","@id":"https:\/\/wein-werte.com\/de\/#\/schema\/logo\/image\/","url":"https:\/\/wein-werte.com\/wp-content\/uploads\/2023\/07\/Wein_werte_Logo700-1.png","contentUrl":"https:\/\/wein-werte.com\/wp-content\/uploads\/2023\/07\/Wein_werte_Logo700-1.png","width":700,"height":272,"caption":"Vins Fins Thorrold"},"image":{"@id":"https:\/\/wein-werte.com\/de\/#\/schema\/logo\/image\/"}}]}},"_links":{"self":[{"href":"https:\/\/wein-werte.com\/de\/wp-json\/wp\/v2\/product\/1133753","targetHints":{"allow":["GET"]}}],"collection":[{"href":"https:\/\/wein-werte.com\/de\/wp-json\/wp\/v2\/product"}],"about":[{"href":"https:\/\/wein-werte.com\/de\/wp-json\/wp\/v2\/types\/product"}],"wp:featuredmedia":[{"embeddable":true,"href":"https:\/\/wein-werte.com\/de\/wp-json\/wp\/v2\/media\/1144108"}],"wp:attachment":[{"href":"https:\/\/wein-werte.com\/de\/wp-json\/wp\/v2\/media?parent=1133753"}],"wp:term":[{"taxonomy":"product_brand","embeddable":true,"href":"https:\/\/wein-werte.com\/de\/wp-json\/wp\/v2\/product_brand?post=1133753"},{"taxonomy":"product_cat","embeddable":true,"href":"https:\/\/wein-werte.com\/de\/wp-json\/wp\/v2\/product_cat?post=1133753"},{"taxonomy":"product_tag","embeddable":true,"href":"https:\/\/wein-werte.com\/de\/wp-json\/wp\/v2\/product_tag?post=1133753"}],"curies":[{"name":"wp","href":"https:\/\/api.w.org\/{rel}","templated":true}]}}