{"id":1133748,"date":"2026-05-05T18:30:38","date_gmt":"2026-05-05T16:30:38","guid":{"rendered":"https:\/\/wein-werte.com\/product\/gramona-imperial-brut-2018-750ml\/"},"modified":"2026-04-27T11:51:04","modified_gmt":"2026-04-27T09:51:04","slug":"gramona-imperial-brut-2018-750ml","status":"publish","type":"product","link":"https:\/\/wein-werte.com\/de\/produkt\/gramona-imperial-brut-2018-750ml\/","title":{"rendered":"Gramona | Cava | Imperial Brut | 2018 | 750ml | bio"},"content":{"rendered":"<p>Produktbeschreibung f\u00fcr Gramona Imperial Brut 2018 (bio) <\/p>\n<h5>Informationen zum Wein<\/h5>\n<p> Der Imperial geh\u00f6rt zu den Schaumwein-Klassikern des Pened\u00e8s. Es ist eine Cuv\u00e9e aus verschiedenen Weinbergen und Rebsorten, namentlich die autochthonen Xarel.lo, Macabeo und Parellada sowie ein kleiner Anteil Chardonnay. Die Trauben stammen aus biodynamischem, Demeter-zertifiziertem Weinbau. Das Weingut Gramona geh\u00f6rt dem Verbund Corpinnat an und erzeugt den Imperial nach traditioneller Methode mit einem Hefelager von mindestens 50 Monaten, meist aber l\u00e4nger. Eine Besonderheit ist die Dosage: Seit 1910 baut die Familie Gramona oxidative Weine in einem Solera-\u00e4hnlichen System aus, wie man es auch aus der Sherry-Region kennt. Diese komplexen Jahrgangsverschnitte mit Resten sehr alter Weine dienen als Dosage f\u00fcr den Imperial, der mit 6 g\/l Restzucker im niedrigen Brut-Bereich liegt. <\/p>\n<h5>Farbe<\/h5>\n<p> Strohgelb <\/p>\n<h5>Nase<\/h5>\n<p> Das komplexe Bukett bietet Aromen von reifen \u00c4pfeln und reifen Zitrusfr\u00fcchten, dazu kommen die vom Hefelager resultierenden R\u00f6stnoten, rauchige Ankl\u00e4nge und Geb\u00e4ck. Die Nase ist insgesamt vielseitig, frisch und harmonisch und von hoher Intensit\u00e4t. <\/p>\n<h5>Gaumen<\/h5>\n<p> Am Gaumen ist der Imperial 2018 samtig und cremig mit einer sehr feinen Perlage. Der Auftakt ist lebhaft frisch mit Aromen von reifen Fr\u00fcchten und Apfeltarte. Im Verlauf ist er vollmundig und mundf\u00fcllend, aber nicht \u00fcppig, denn er zieht sich zugleich sch\u00f6n saftig und straff durch den Mund. Der Abgang ist komplex und lang und zeigt sehr viel eigenst\u00e4ndigen Charakter. <\/p>\n<p>Copyright Vinaturel 2025<\/p>\n<p>Keywords: <a href=\"https:\/\/wein-werte.com\/de\/shop\/?swoof=1&#038;pa_producer=Gramona\">Gramona<\/a> <a href=\"https:\/\/wein-werte.com\/de\/shop\/?swoof=1&#038;woof_text=Imperial Brut\">Imperial Brut<\/a> 2018 bio <a href=\"https:\/\/wein-werte.com\/de\/shop\/?swoof=1&#038;pa_region=Cava\">Cava<\/a> <a href=\"https:\/\/wein-werte.com\/de\/shop\/?swoof=1&#038;pa_country=Spanien\">Spanien<\/a><\/p>\n<h3>Wine Advocate<\/h3>\n<p>Punkte: 93<\/p>\n<p>Der Brut Imperial 2018 stammt aus einem k\u00fchleren und feuchteren Jahr und wurde mit 56 % Xarel\u00b7lo, 30 % Macabeo, 10 % Parellada und 4 % Chardonnay aus zugekauften biodynamischen Trauben hergestellt, die 64 Monate in der Flasche reiften. Der Zuckergehalt wurde um sechs Gramm reduziert (niedriger). Es war ein k\u00fchleres Jahr mit mehr Regen (etwas Mehltau) und frischeren, j\u00fcngeren Weinen. Er hat einen feingliedrigen Gaumen mit etwas Restzucker. Der erste von Demeter zertifizierte Imperial-Jahrgang war 2016. 600.000 Flaschen wurden produziert.<br \/>Luis Guti\u00e9rrez<\/p>\n<h3>Vinous<\/h3>\n<p>Punkte: 91<\/p>\n<p>Der Brut Imperial 2018 ist eine Corpinnat-Cuv\u00e9e aus 56 % Xarel\u00b7lo, 30 % Macabeo, 10 % Parellada und 4 % Chardonnay. Er wurde nach der traditionellen Methode hergestellt und reifte 60 Monate auf der Hefe. Das Bouquet besticht durch Aromen von Limette und Zitronenkuchen, abgerundet durch eine delikate Mischung feiner Kr\u00e4uter. Am Gaumen trocken und cremig, wird der \u00e4therische Fluss durch eine ausgewogene S\u00e4ure belebt. Erfrischend und fr\u00f6hlich \u2013 dieser Schaumwein ist ein Genuss. \u2013 Joaqu\u00edn Hidalgo<br \/>Trinkfenster: 2024\u20132031<br \/>Testdatum: September 2024<\/p>\n<p>Internetseite des Weinguts: <a href=\"https:\/\/gramona.com\/en\/\" target=\"_blank\">https:\/\/gramona.com\/en\/<\/a><\/p>\n","protected":false},"excerpt":{"rendered":"<p>Lieferzeit: 1 bis 2 Arbeitstage (DE), 2 bis 5 Arbeitstage (EU and CH)<\/p>\n","protected":false},"featured_media":1144104,"template":"","meta":[],"product_brand":[],"product_cat":[19],"product_tag":[],"class_list":{"0":"post-1133748","1":"product","2":"type-product","3":"status-publish","4":"has-post-thumbnail","6":"product_cat-unkategorisiert","7":"pa_alcohol-for-filter-12893","8":"pa_certified-biodynamic-nein-de","9":"pa_certified-organic-ja-de","10":"pa_colour-weiss","11":"pa_country-spanien","12":"pa_grape-xarello-cuvee","13":"pa_parker-points-for-filter-93-de-2","14":"pa_price-for-filter-10585","15":"pa_producer-gramona","16":"pa_region-cava","17":"pa_size-ml-6584","18":"pa_sweetness-trocken-de","19":"pa_type-2-cava-de","20":"pa_vinous-points-for-filter-20027","21":"pa_vintage-2018-de","22":"entry","23":"has-media","25":"first","26":"instock","27":"taxable","28":"shipping-taxable","29":"purchasable","30":"product-type-simple"},"yoast_head":"<!-- This site is optimized with the Yoast SEO plugin v27.5 - https:\/\/yoast.com\/product\/yoast-seo-wordpress\/ -->\n<title>Gramona Imperial Brut 2018<\/title>\n<meta name=\"description\" content=\"Kaufe Gramona Imperial Brut 2018 (Xarello Cuv\u00e9e, trocken Schaumwein aus Cava, Spanien) bei Wein Werte, Ihrem nachhaltigen Onlineshop.\" \/>\n<meta name=\"robots\" content=\"index, follow, max-snippet:-1, max-image-preview:large, max-video-preview:-1\" \/>\n<link rel=\"canonical\" href=\"https:\/\/wein-werte.com\/de\/produkt\/gramona-imperial-brut-2018-750ml\/\" \/>\n<meta property=\"og:locale\" content=\"de_DE\" \/>\n<meta property=\"og:type\" content=\"article\" \/>\n<meta property=\"og:title\" content=\"Gramona Imperial Brut 2018\" \/>\n<meta property=\"og:description\" content=\"Kaufe Gramona Imperial Brut 2018 (Xarello Cuv\u00e9e, trocken Schaumwein aus Cava, Spanien) bei Wein Werte, Ihrem nachhaltigen Onlineshop.\" \/>\n<meta property=\"og:url\" content=\"https:\/\/wein-werte.com\/de\/produkt\/gramona-imperial-brut-2018-750ml\/\" \/>\n<meta property=\"og:site_name\" content=\"Wein Werte\" \/>\n<meta property=\"og:image\" content=\"https:\/\/wein-werte.com\/wp-content\/uploads\/2026\/04\/Gramona-Imperial-Brut-2018-750ml.png\" \/>\n\t<meta property=\"og:image:width\" content=\"324\" \/>\n\t<meta property=\"og:image:height\" content=\"1200\" \/>\n\t<meta property=\"og:image:type\" content=\"image\/png\" \/>\n<meta name=\"twitter:card\" content=\"summary_large_image\" \/>\n<meta name=\"twitter:label1\" content=\"Gesch\u00e4tzte Lesezeit\" \/>\n\t<meta name=\"twitter:data1\" content=\"2\u00a0Minuten\" \/>\n<script type=\"application\/ld+json\" class=\"yoast-schema-graph\">{\"@context\":\"https:\\\/\\\/schema.org\",\"@graph\":[{\"@type\":\"WebPage\",\"@id\":\"https:\\\/\\\/wein-werte.com\\\/de\\\/produkt\\\/gramona-imperial-brut-2018-750ml\\\/\",\"url\":\"https:\\\/\\\/wein-werte.com\\\/de\\\/produkt\\\/gramona-imperial-brut-2018-750ml\\\/\",\"name\":\"Gramona Imperial Brut 2018\",\"isPartOf\":{\"@id\":\"https:\\\/\\\/wein-werte.com\\\/de\\\/#website\"},\"primaryImageOfPage\":{\"@id\":\"https:\\\/\\\/wein-werte.com\\\/de\\\/produkt\\\/gramona-imperial-brut-2018-750ml\\\/#primaryimage\"},\"image\":{\"@id\":\"https:\\\/\\\/wein-werte.com\\\/de\\\/produkt\\\/gramona-imperial-brut-2018-750ml\\\/#primaryimage\"},\"thumbnailUrl\":\"https:\\\/\\\/wein-werte.com\\\/wp-content\\\/uploads\\\/2026\\\/04\\\/Gramona-Imperial-Brut-2018-750ml.png\",\"datePublished\":\"2026-05-05T16:30:38+00:00\",\"description\":\"Kaufe Gramona Imperial Brut 2018 (Xarello Cuv\u00e9e, trocken Schaumwein aus Cava, Spanien) bei Wein Werte, Ihrem nachhaltigen Onlineshop.\",\"breadcrumb\":{\"@id\":\"https:\\\/\\\/wein-werte.com\\\/de\\\/produkt\\\/gramona-imperial-brut-2018-750ml\\\/#breadcrumb\"},\"inLanguage\":\"de\",\"potentialAction\":[{\"@type\":\"ReadAction\",\"target\":[\"https:\\\/\\\/wein-werte.com\\\/de\\\/produkt\\\/gramona-imperial-brut-2018-750ml\\\/\"]}]},{\"@type\":\"ImageObject\",\"inLanguage\":\"de\",\"@id\":\"https:\\\/\\\/wein-werte.com\\\/de\\\/produkt\\\/gramona-imperial-brut-2018-750ml\\\/#primaryimage\",\"url\":\"https:\\\/\\\/wein-werte.com\\\/wp-content\\\/uploads\\\/2026\\\/04\\\/Gramona-Imperial-Brut-2018-750ml.png\",\"contentUrl\":\"https:\\\/\\\/wein-werte.com\\\/wp-content\\\/uploads\\\/2026\\\/04\\\/Gramona-Imperial-Brut-2018-750ml.png\",\"width\":324,\"height\":1200,\"caption\":\"Gramona Imperial Brut 2018 750ml\"},{\"@type\":\"BreadcrumbList\",\"@id\":\"https:\\\/\\\/wein-werte.com\\\/de\\\/produkt\\\/gramona-imperial-brut-2018-750ml\\\/#breadcrumb\",\"itemListElement\":[{\"@type\":\"ListItem\",\"position\":1,\"name\":\"Home\",\"item\":\"https:\\\/\\\/wein-werte.com\\\/de\\\/\"},{\"@type\":\"ListItem\",\"position\":2,\"name\":\"Shop\",\"item\":\"https:\\\/\\\/wein-werte.com\\\/de\\\/shop\\\/\"},{\"@type\":\"ListItem\",\"position\":3,\"name\":\"Gramona | Cava | Imperial Brut | 2018 | 750ml | bio\"}]},{\"@type\":\"WebSite\",\"@id\":\"https:\\\/\\\/wein-werte.com\\\/de\\\/#website\",\"url\":\"https:\\\/\\\/wein-werte.com\\\/de\\\/\",\"name\":\"Wein Werte\",\"description\":\"\",\"publisher\":{\"@id\":\"https:\\\/\\\/wein-werte.com\\\/de\\\/#organization\"},\"potentialAction\":[{\"@type\":\"SearchAction\",\"target\":{\"@type\":\"EntryPoint\",\"urlTemplate\":\"https:\\\/\\\/wein-werte.com\\\/de\\\/?s={search_term_string}\"},\"query-input\":{\"@type\":\"PropertyValueSpecification\",\"valueRequired\":true,\"valueName\":\"search_term_string\"}}],\"inLanguage\":\"de\"},{\"@type\":\"Organization\",\"@id\":\"https:\\\/\\\/wein-werte.com\\\/de\\\/#organization\",\"name\":\"Vins Fins Thorrold\",\"url\":\"https:\\\/\\\/wein-werte.com\\\/de\\\/\",\"logo\":{\"@type\":\"ImageObject\",\"inLanguage\":\"de\",\"@id\":\"https:\\\/\\\/wein-werte.com\\\/de\\\/#\\\/schema\\\/logo\\\/image\\\/\",\"url\":\"https:\\\/\\\/wein-werte.com\\\/wp-content\\\/uploads\\\/2023\\\/07\\\/Wein_werte_Logo700-1.png\",\"contentUrl\":\"https:\\\/\\\/wein-werte.com\\\/wp-content\\\/uploads\\\/2023\\\/07\\\/Wein_werte_Logo700-1.png\",\"width\":700,\"height\":272,\"caption\":\"Vins Fins Thorrold\"},\"image\":{\"@id\":\"https:\\\/\\\/wein-werte.com\\\/de\\\/#\\\/schema\\\/logo\\\/image\\\/\"}}]}<\/script>\n<!-- \/ Yoast SEO plugin. -->","yoast_head_json":{"title":"Gramona Imperial Brut 2018","description":"Kaufe Gramona Imperial Brut 2018 (Xarello Cuv\u00e9e, trocken Schaumwein aus Cava, Spanien) bei Wein Werte, Ihrem nachhaltigen Onlineshop.","robots":{"index":"index","follow":"follow","max-snippet":"max-snippet:-1","max-image-preview":"max-image-preview:large","max-video-preview":"max-video-preview:-1"},"canonical":"https:\/\/wein-werte.com\/de\/produkt\/gramona-imperial-brut-2018-750ml\/","og_locale":"de_DE","og_type":"article","og_title":"Gramona Imperial Brut 2018","og_description":"Kaufe Gramona Imperial Brut 2018 (Xarello Cuv\u00e9e, trocken Schaumwein aus Cava, Spanien) bei Wein Werte, Ihrem nachhaltigen Onlineshop.","og_url":"https:\/\/wein-werte.com\/de\/produkt\/gramona-imperial-brut-2018-750ml\/","og_site_name":"Wein Werte","og_image":[{"width":324,"height":1200,"url":"https:\/\/wein-werte.com\/wp-content\/uploads\/2026\/04\/Gramona-Imperial-Brut-2018-750ml.png","type":"image\/png"}],"twitter_card":"summary_large_image","twitter_misc":{"Gesch\u00e4tzte Lesezeit":"2\u00a0Minuten"},"schema":{"@context":"https:\/\/schema.org","@graph":[{"@type":"WebPage","@id":"https:\/\/wein-werte.com\/de\/produkt\/gramona-imperial-brut-2018-750ml\/","url":"https:\/\/wein-werte.com\/de\/produkt\/gramona-imperial-brut-2018-750ml\/","name":"Gramona Imperial Brut 2018","isPartOf":{"@id":"https:\/\/wein-werte.com\/de\/#website"},"primaryImageOfPage":{"@id":"https:\/\/wein-werte.com\/de\/produkt\/gramona-imperial-brut-2018-750ml\/#primaryimage"},"image":{"@id":"https:\/\/wein-werte.com\/de\/produkt\/gramona-imperial-brut-2018-750ml\/#primaryimage"},"thumbnailUrl":"https:\/\/wein-werte.com\/wp-content\/uploads\/2026\/04\/Gramona-Imperial-Brut-2018-750ml.png","datePublished":"2026-05-05T16:30:38+00:00","description":"Kaufe Gramona Imperial Brut 2018 (Xarello Cuv\u00e9e, trocken Schaumwein aus Cava, Spanien) bei Wein Werte, Ihrem nachhaltigen Onlineshop.","breadcrumb":{"@id":"https:\/\/wein-werte.com\/de\/produkt\/gramona-imperial-brut-2018-750ml\/#breadcrumb"},"inLanguage":"de","potentialAction":[{"@type":"ReadAction","target":["https:\/\/wein-werte.com\/de\/produkt\/gramona-imperial-brut-2018-750ml\/"]}]},{"@type":"ImageObject","inLanguage":"de","@id":"https:\/\/wein-werte.com\/de\/produkt\/gramona-imperial-brut-2018-750ml\/#primaryimage","url":"https:\/\/wein-werte.com\/wp-content\/uploads\/2026\/04\/Gramona-Imperial-Brut-2018-750ml.png","contentUrl":"https:\/\/wein-werte.com\/wp-content\/uploads\/2026\/04\/Gramona-Imperial-Brut-2018-750ml.png","width":324,"height":1200,"caption":"Gramona Imperial Brut 2018 750ml"},{"@type":"BreadcrumbList","@id":"https:\/\/wein-werte.com\/de\/produkt\/gramona-imperial-brut-2018-750ml\/#breadcrumb","itemListElement":[{"@type":"ListItem","position":1,"name":"Home","item":"https:\/\/wein-werte.com\/de\/"},{"@type":"ListItem","position":2,"name":"Shop","item":"https:\/\/wein-werte.com\/de\/shop\/"},{"@type":"ListItem","position":3,"name":"Gramona | Cava | Imperial Brut | 2018 | 750ml | bio"}]},{"@type":"WebSite","@id":"https:\/\/wein-werte.com\/de\/#website","url":"https:\/\/wein-werte.com\/de\/","name":"Wein Werte","description":"","publisher":{"@id":"https:\/\/wein-werte.com\/de\/#organization"},"potentialAction":[{"@type":"SearchAction","target":{"@type":"EntryPoint","urlTemplate":"https:\/\/wein-werte.com\/de\/?s={search_term_string}"},"query-input":{"@type":"PropertyValueSpecification","valueRequired":true,"valueName":"search_term_string"}}],"inLanguage":"de"},{"@type":"Organization","@id":"https:\/\/wein-werte.com\/de\/#organization","name":"Vins Fins Thorrold","url":"https:\/\/wein-werte.com\/de\/","logo":{"@type":"ImageObject","inLanguage":"de","@id":"https:\/\/wein-werte.com\/de\/#\/schema\/logo\/image\/","url":"https:\/\/wein-werte.com\/wp-content\/uploads\/2023\/07\/Wein_werte_Logo700-1.png","contentUrl":"https:\/\/wein-werte.com\/wp-content\/uploads\/2023\/07\/Wein_werte_Logo700-1.png","width":700,"height":272,"caption":"Vins Fins Thorrold"},"image":{"@id":"https:\/\/wein-werte.com\/de\/#\/schema\/logo\/image\/"}}]}},"_links":{"self":[{"href":"https:\/\/wein-werte.com\/de\/wp-json\/wp\/v2\/product\/1133748","targetHints":{"allow":["GET"]}}],"collection":[{"href":"https:\/\/wein-werte.com\/de\/wp-json\/wp\/v2\/product"}],"about":[{"href":"https:\/\/wein-werte.com\/de\/wp-json\/wp\/v2\/types\/product"}],"wp:featuredmedia":[{"embeddable":true,"href":"https:\/\/wein-werte.com\/de\/wp-json\/wp\/v2\/media\/1144104"}],"wp:attachment":[{"href":"https:\/\/wein-werte.com\/de\/wp-json\/wp\/v2\/media?parent=1133748"}],"wp:term":[{"taxonomy":"product_brand","embeddable":true,"href":"https:\/\/wein-werte.com\/de\/wp-json\/wp\/v2\/product_brand?post=1133748"},{"taxonomy":"product_cat","embeddable":true,"href":"https:\/\/wein-werte.com\/de\/wp-json\/wp\/v2\/product_cat?post=1133748"},{"taxonomy":"product_tag","embeddable":true,"href":"https:\/\/wein-werte.com\/de\/wp-json\/wp\/v2\/product_tag?post=1133748"}],"curies":[{"name":"wp","href":"https:\/\/api.w.org\/{rel}","templated":true}]}}