{"id":1133740,"date":"2026-05-05T18:30:38","date_gmt":"2026-05-05T16:30:38","guid":{"rendered":"https:\/\/wein-werte.com\/product\/gramona-enoteca-brut-nature-2006-750ml\/"},"modified":"2026-04-27T11:51:03","modified_gmt":"2026-04-27T09:51:03","slug":"gramona-enoteca-brut-nature-2006-750ml","status":"publish","type":"product","link":"https:\/\/wein-werte.com\/de\/produkt\/gramona-enoteca-brut-nature-2006-750ml\/","title":{"rendered":"Gramona | Cava | Enoteca, Brut Nature | 2006 | 750ml"},"content":{"rendered":"<p>Produktbeschreibung f\u00fcr Gramona Enoteca, Brut Nature 2006 <\/p>\n<p> Celler Batlle ist nur ein Vorgeschmack f\u00fcr das, was bei Gramona lange Reifzeiten mit dem Wein anstellen k\u00f6nnen. Enoteca entsteht aus dem gleichen Wein wie seine kleine Schwester aus der Finca Font Jui und wird nur in ausgew\u00e4hlten Jahrg\u00e4ngen 160 Monate auf der Flasche gelagert. Um das volle Potenzial der Reifezeit der Starrebsorten Xarel\u00b7lo (60%) und Macabeo (40%) zu zeigen, wird er in den Jahren, in denen er auf den Markt kommt, jeweils als Brut und als Brut Nature produziert. Kleinste Auflage, gr\u00f6\u00dfter Wein. Kann mit allem, was gutes Essen ist! <\/p>\n<h5>Farbe<\/h5>\n<p> Strohgelb mit sehr feiner Perlage <\/p>\n<h5>Nase<\/h5>\n<p> Eine Explosion an Aromen, vielschichtig und elegant wird der Gramona Enoteca gepr\u00e4gt von reifen und gebackenen Fr\u00fcchten wie Apfel und Feige; erdige Nuancen und eine Aromatik von Waldpilzen, au\u00dferdem zeigt er Ankl\u00e4nge von Kakao und ger\u00f6steten Paran\u00fcssen. <\/p>\n<h5>Gaumen<\/h5>\n<p> Im Gaumen pr\u00e4sentiert er seine volle Kraft. Nuancen von Brat\u00e4pfeln und Zimt sind dominierend. Sein voller K\u00f6rper schmeichelt dem Gaumen und entfaltet eine au\u00dfergew\u00f6hnliche Balance zwischen Frische und Reife. Der Nachklang der Aromen wird begleitet durch ein schmelziges Finish, das zum langen Philosophieren anregt.<\/p>\n<p>Copyright Vinaturel 2025<\/p>\n<p>Keywords: <a href=\"https:\/\/wein-werte.com\/de\/shop\/?swoof=1&#038;pa_producer=Gramona\">Gramona<\/a> <a href=\"https:\/\/wein-werte.com\/de\/shop\/?swoof=1&#038;woof_text=Enoteca, Brut Nature\">Enoteca, Brut Nature<\/a> 2006  <a href=\"https:\/\/wein-werte.com\/de\/shop\/?swoof=1&#038;pa_region=Cava\">Cava<\/a> <a href=\"https:\/\/wein-werte.com\/de\/shop\/?swoof=1&#038;pa_country=Spanien\">Spanien<\/a><\/p>\n<h3>Wine Advocate<\/h3>\n<p>Punkte: 96+<\/p>\n<p>Der grandiose 2006er Enoteca Brut Nature stammt aus einem hervorragenden, sehr warmen Jahrgang. Er wurde aus 60 % Xarel\u00b7lo und 40 % Macabeo von ihrem Anwesen Font Jui (auf dem Etikett angegeben) mit 12 % Alkohol, einem pH-Wert von 2,97 und ohne Restzucker hergestellt, s\u00e4uerlich und trocken. Er reifte 180 Monate in der Flasche auf der Hefe, und diese lange Zeit in der Flasche f\u00fchrt zu winzigen Bl\u00e4schen, die dem Wein eine samtige Textur verleihen. Er ist sehr ausdrucksstark, sauber, komplex und nuanciert, mit schwachen nussigen Noten, einem Hauch von Hefe und Brotteig, balsamisch und mit mediterranen Noten von Fenchel und Espartogras. Er ist lang, trocken, geschmackvoll und endet mit einer etwas kreidigen Note. Auf Anfrage machen sie diesen auch im Brut-Stil. Etwas besser als der 2004er, den ich zuletzt probiert habe. Es ist noch unklar, ob der 2005er jemals verkauft wird. 1.800 Flaschen produziert.<br \/>Luis Guti\u00e9rrez<\/p>\n<p>Internetseite des Weinguts: <a href=\"https:\/\/gramona.com\/en\/\" target=\"_blank\">https:\/\/gramona.com\/en\/<\/a><\/p>\n","protected":false},"excerpt":{"rendered":"<p>Lieferzeit: 1 bis 2 Arbeitstage (DE), 2 bis 5 Arbeitstage (EU and CH)<\/p>\n","protected":false},"featured_media":1144098,"template":"","meta":[],"product_brand":[],"product_cat":[19],"product_tag":[],"class_list":{"0":"post-1133740","1":"product","2":"type-product","3":"status-publish","4":"has-post-thumbnail","6":"product_cat-unkategorisiert","7":"pa_alcohol-for-filter-12893","8":"pa_certified-biodynamic-nein-de","9":"pa_certified-organic-nein-de","10":"pa_colour-weiss","11":"pa_country-spanien","12":"pa_grape-xarello-cuvee","13":"pa_parker-points-for-filter-96-de-2","14":"pa_price-for-filter-10693","15":"pa_producer-gramona","16":"pa_region-cava","17":"pa_size-ml-6584","18":"pa_sweetness-trocken-de","19":"pa_type-2-cava-de","20":"pa_vintage-2006-de","21":"entry","22":"has-media","24":"first","25":"instock","26":"taxable","27":"shipping-taxable","28":"purchasable","29":"product-type-simple"},"yoast_head":"<!-- This site is optimized with the Yoast SEO plugin v27.5 - https:\/\/yoast.com\/product\/yoast-seo-wordpress\/ -->\n<title>Gramona Enoteca Brut Nature 2006<\/title>\n<meta name=\"description\" content=\"Kaufe Gramona Enoteca Brut Nature 2006 (Xarello Cuv\u00e9e, trocken Schaumwein aus Cava, Spanien) bei Wein Werte, Ihrem nachhaltigen Onlineshop.\" \/>\n<meta name=\"robots\" content=\"index, follow, max-snippet:-1, max-image-preview:large, max-video-preview:-1\" \/>\n<link rel=\"canonical\" href=\"https:\/\/wein-werte.com\/de\/produkt\/gramona-enoteca-brut-nature-2006-750ml\/\" \/>\n<meta property=\"og:locale\" content=\"de_DE\" \/>\n<meta property=\"og:type\" content=\"article\" \/>\n<meta property=\"og:title\" content=\"Gramona Enoteca Brut Nature 2006\" \/>\n<meta property=\"og:description\" content=\"Kaufe Gramona Enoteca Brut Nature 2006 (Xarello Cuv\u00e9e, trocken Schaumwein aus Cava, Spanien) bei Wein Werte, Ihrem nachhaltigen Onlineshop.\" \/>\n<meta property=\"og:url\" content=\"https:\/\/wein-werte.com\/de\/produkt\/gramona-enoteca-brut-nature-2006-750ml\/\" \/>\n<meta property=\"og:site_name\" content=\"Wein Werte\" \/>\n<meta property=\"og:image\" content=\"https:\/\/wein-werte.com\/wp-content\/uploads\/2026\/04\/Gramona-Enoteca-Brut-Nature-2006-750ml.png\" \/>\n\t<meta property=\"og:image:width\" content=\"315\" \/>\n\t<meta property=\"og:image:height\" content=\"1200\" \/>\n\t<meta property=\"og:image:type\" content=\"image\/png\" \/>\n<meta name=\"twitter:card\" content=\"summary_large_image\" \/>\n<meta name=\"twitter:label1\" content=\"Gesch\u00e4tzte Lesezeit\" \/>\n\t<meta name=\"twitter:data1\" content=\"2\u00a0Minuten\" \/>\n<script type=\"application\/ld+json\" class=\"yoast-schema-graph\">{\"@context\":\"https:\\\/\\\/schema.org\",\"@graph\":[{\"@type\":\"WebPage\",\"@id\":\"https:\\\/\\\/wein-werte.com\\\/de\\\/produkt\\\/gramona-enoteca-brut-nature-2006-750ml\\\/\",\"url\":\"https:\\\/\\\/wein-werte.com\\\/de\\\/produkt\\\/gramona-enoteca-brut-nature-2006-750ml\\\/\",\"name\":\"Gramona Enoteca Brut Nature 2006\",\"isPartOf\":{\"@id\":\"https:\\\/\\\/wein-werte.com\\\/de\\\/#website\"},\"primaryImageOfPage\":{\"@id\":\"https:\\\/\\\/wein-werte.com\\\/de\\\/produkt\\\/gramona-enoteca-brut-nature-2006-750ml\\\/#primaryimage\"},\"image\":{\"@id\":\"https:\\\/\\\/wein-werte.com\\\/de\\\/produkt\\\/gramona-enoteca-brut-nature-2006-750ml\\\/#primaryimage\"},\"thumbnailUrl\":\"https:\\\/\\\/wein-werte.com\\\/wp-content\\\/uploads\\\/2026\\\/04\\\/Gramona-Enoteca-Brut-Nature-2006-750ml.png\",\"datePublished\":\"2026-05-05T16:30:38+00:00\",\"description\":\"Kaufe Gramona Enoteca Brut Nature 2006 (Xarello Cuv\u00e9e, trocken Schaumwein aus Cava, Spanien) bei Wein Werte, Ihrem nachhaltigen Onlineshop.\",\"breadcrumb\":{\"@id\":\"https:\\\/\\\/wein-werte.com\\\/de\\\/produkt\\\/gramona-enoteca-brut-nature-2006-750ml\\\/#breadcrumb\"},\"inLanguage\":\"de\",\"potentialAction\":[{\"@type\":\"ReadAction\",\"target\":[\"https:\\\/\\\/wein-werte.com\\\/de\\\/produkt\\\/gramona-enoteca-brut-nature-2006-750ml\\\/\"]}]},{\"@type\":\"ImageObject\",\"inLanguage\":\"de\",\"@id\":\"https:\\\/\\\/wein-werte.com\\\/de\\\/produkt\\\/gramona-enoteca-brut-nature-2006-750ml\\\/#primaryimage\",\"url\":\"https:\\\/\\\/wein-werte.com\\\/wp-content\\\/uploads\\\/2026\\\/04\\\/Gramona-Enoteca-Brut-Nature-2006-750ml.png\",\"contentUrl\":\"https:\\\/\\\/wein-werte.com\\\/wp-content\\\/uploads\\\/2026\\\/04\\\/Gramona-Enoteca-Brut-Nature-2006-750ml.png\",\"width\":315,\"height\":1200,\"caption\":\"Gramona Enoteca, Brut Nature 2006 750ml\"},{\"@type\":\"BreadcrumbList\",\"@id\":\"https:\\\/\\\/wein-werte.com\\\/de\\\/produkt\\\/gramona-enoteca-brut-nature-2006-750ml\\\/#breadcrumb\",\"itemListElement\":[{\"@type\":\"ListItem\",\"position\":1,\"name\":\"Home\",\"item\":\"https:\\\/\\\/wein-werte.com\\\/de\\\/\"},{\"@type\":\"ListItem\",\"position\":2,\"name\":\"Shop\",\"item\":\"https:\\\/\\\/wein-werte.com\\\/de\\\/shop\\\/\"},{\"@type\":\"ListItem\",\"position\":3,\"name\":\"Gramona | Cava | Enoteca, Brut Nature | 2006 | 750ml\"}]},{\"@type\":\"WebSite\",\"@id\":\"https:\\\/\\\/wein-werte.com\\\/de\\\/#website\",\"url\":\"https:\\\/\\\/wein-werte.com\\\/de\\\/\",\"name\":\"Wein Werte\",\"description\":\"\",\"publisher\":{\"@id\":\"https:\\\/\\\/wein-werte.com\\\/de\\\/#organization\"},\"potentialAction\":[{\"@type\":\"SearchAction\",\"target\":{\"@type\":\"EntryPoint\",\"urlTemplate\":\"https:\\\/\\\/wein-werte.com\\\/de\\\/?s={search_term_string}\"},\"query-input\":{\"@type\":\"PropertyValueSpecification\",\"valueRequired\":true,\"valueName\":\"search_term_string\"}}],\"inLanguage\":\"de\"},{\"@type\":\"Organization\",\"@id\":\"https:\\\/\\\/wein-werte.com\\\/de\\\/#organization\",\"name\":\"Vins Fins Thorrold\",\"url\":\"https:\\\/\\\/wein-werte.com\\\/de\\\/\",\"logo\":{\"@type\":\"ImageObject\",\"inLanguage\":\"de\",\"@id\":\"https:\\\/\\\/wein-werte.com\\\/de\\\/#\\\/schema\\\/logo\\\/image\\\/\",\"url\":\"https:\\\/\\\/wein-werte.com\\\/wp-content\\\/uploads\\\/2023\\\/07\\\/Wein_werte_Logo700-1.png\",\"contentUrl\":\"https:\\\/\\\/wein-werte.com\\\/wp-content\\\/uploads\\\/2023\\\/07\\\/Wein_werte_Logo700-1.png\",\"width\":700,\"height\":272,\"caption\":\"Vins Fins Thorrold\"},\"image\":{\"@id\":\"https:\\\/\\\/wein-werte.com\\\/de\\\/#\\\/schema\\\/logo\\\/image\\\/\"}}]}<\/script>\n<!-- \/ Yoast SEO plugin. -->","yoast_head_json":{"title":"Gramona Enoteca Brut Nature 2006","description":"Kaufe Gramona Enoteca Brut Nature 2006 (Xarello Cuv\u00e9e, trocken Schaumwein aus Cava, Spanien) bei Wein Werte, Ihrem nachhaltigen Onlineshop.","robots":{"index":"index","follow":"follow","max-snippet":"max-snippet:-1","max-image-preview":"max-image-preview:large","max-video-preview":"max-video-preview:-1"},"canonical":"https:\/\/wein-werte.com\/de\/produkt\/gramona-enoteca-brut-nature-2006-750ml\/","og_locale":"de_DE","og_type":"article","og_title":"Gramona Enoteca Brut Nature 2006","og_description":"Kaufe Gramona Enoteca Brut Nature 2006 (Xarello Cuv\u00e9e, trocken Schaumwein aus Cava, Spanien) bei Wein Werte, Ihrem nachhaltigen Onlineshop.","og_url":"https:\/\/wein-werte.com\/de\/produkt\/gramona-enoteca-brut-nature-2006-750ml\/","og_site_name":"Wein Werte","og_image":[{"width":315,"height":1200,"url":"https:\/\/wein-werte.com\/wp-content\/uploads\/2026\/04\/Gramona-Enoteca-Brut-Nature-2006-750ml.png","type":"image\/png"}],"twitter_card":"summary_large_image","twitter_misc":{"Gesch\u00e4tzte Lesezeit":"2\u00a0Minuten"},"schema":{"@context":"https:\/\/schema.org","@graph":[{"@type":"WebPage","@id":"https:\/\/wein-werte.com\/de\/produkt\/gramona-enoteca-brut-nature-2006-750ml\/","url":"https:\/\/wein-werte.com\/de\/produkt\/gramona-enoteca-brut-nature-2006-750ml\/","name":"Gramona Enoteca Brut Nature 2006","isPartOf":{"@id":"https:\/\/wein-werte.com\/de\/#website"},"primaryImageOfPage":{"@id":"https:\/\/wein-werte.com\/de\/produkt\/gramona-enoteca-brut-nature-2006-750ml\/#primaryimage"},"image":{"@id":"https:\/\/wein-werte.com\/de\/produkt\/gramona-enoteca-brut-nature-2006-750ml\/#primaryimage"},"thumbnailUrl":"https:\/\/wein-werte.com\/wp-content\/uploads\/2026\/04\/Gramona-Enoteca-Brut-Nature-2006-750ml.png","datePublished":"2026-05-05T16:30:38+00:00","description":"Kaufe Gramona Enoteca Brut Nature 2006 (Xarello Cuv\u00e9e, trocken Schaumwein aus Cava, Spanien) bei Wein Werte, Ihrem nachhaltigen Onlineshop.","breadcrumb":{"@id":"https:\/\/wein-werte.com\/de\/produkt\/gramona-enoteca-brut-nature-2006-750ml\/#breadcrumb"},"inLanguage":"de","potentialAction":[{"@type":"ReadAction","target":["https:\/\/wein-werte.com\/de\/produkt\/gramona-enoteca-brut-nature-2006-750ml\/"]}]},{"@type":"ImageObject","inLanguage":"de","@id":"https:\/\/wein-werte.com\/de\/produkt\/gramona-enoteca-brut-nature-2006-750ml\/#primaryimage","url":"https:\/\/wein-werte.com\/wp-content\/uploads\/2026\/04\/Gramona-Enoteca-Brut-Nature-2006-750ml.png","contentUrl":"https:\/\/wein-werte.com\/wp-content\/uploads\/2026\/04\/Gramona-Enoteca-Brut-Nature-2006-750ml.png","width":315,"height":1200,"caption":"Gramona Enoteca, Brut Nature 2006 750ml"},{"@type":"BreadcrumbList","@id":"https:\/\/wein-werte.com\/de\/produkt\/gramona-enoteca-brut-nature-2006-750ml\/#breadcrumb","itemListElement":[{"@type":"ListItem","position":1,"name":"Home","item":"https:\/\/wein-werte.com\/de\/"},{"@type":"ListItem","position":2,"name":"Shop","item":"https:\/\/wein-werte.com\/de\/shop\/"},{"@type":"ListItem","position":3,"name":"Gramona | Cava | Enoteca, Brut Nature | 2006 | 750ml"}]},{"@type":"WebSite","@id":"https:\/\/wein-werte.com\/de\/#website","url":"https:\/\/wein-werte.com\/de\/","name":"Wein Werte","description":"","publisher":{"@id":"https:\/\/wein-werte.com\/de\/#organization"},"potentialAction":[{"@type":"SearchAction","target":{"@type":"EntryPoint","urlTemplate":"https:\/\/wein-werte.com\/de\/?s={search_term_string}"},"query-input":{"@type":"PropertyValueSpecification","valueRequired":true,"valueName":"search_term_string"}}],"inLanguage":"de"},{"@type":"Organization","@id":"https:\/\/wein-werte.com\/de\/#organization","name":"Vins Fins Thorrold","url":"https:\/\/wein-werte.com\/de\/","logo":{"@type":"ImageObject","inLanguage":"de","@id":"https:\/\/wein-werte.com\/de\/#\/schema\/logo\/image\/","url":"https:\/\/wein-werte.com\/wp-content\/uploads\/2023\/07\/Wein_werte_Logo700-1.png","contentUrl":"https:\/\/wein-werte.com\/wp-content\/uploads\/2023\/07\/Wein_werte_Logo700-1.png","width":700,"height":272,"caption":"Vins Fins Thorrold"},"image":{"@id":"https:\/\/wein-werte.com\/de\/#\/schema\/logo\/image\/"}}]}},"_links":{"self":[{"href":"https:\/\/wein-werte.com\/de\/wp-json\/wp\/v2\/product\/1133740","targetHints":{"allow":["GET"]}}],"collection":[{"href":"https:\/\/wein-werte.com\/de\/wp-json\/wp\/v2\/product"}],"about":[{"href":"https:\/\/wein-werte.com\/de\/wp-json\/wp\/v2\/types\/product"}],"wp:featuredmedia":[{"embeddable":true,"href":"https:\/\/wein-werte.com\/de\/wp-json\/wp\/v2\/media\/1144098"}],"wp:attachment":[{"href":"https:\/\/wein-werte.com\/de\/wp-json\/wp\/v2\/media?parent=1133740"}],"wp:term":[{"taxonomy":"product_brand","embeddable":true,"href":"https:\/\/wein-werte.com\/de\/wp-json\/wp\/v2\/product_brand?post=1133740"},{"taxonomy":"product_cat","embeddable":true,"href":"https:\/\/wein-werte.com\/de\/wp-json\/wp\/v2\/product_cat?post=1133740"},{"taxonomy":"product_tag","embeddable":true,"href":"https:\/\/wein-werte.com\/de\/wp-json\/wp\/v2\/product_tag?post=1133740"}],"curies":[{"name":"wp","href":"https:\/\/api.w.org\/{rel}","templated":true}]}}