{"id":1133734,"date":"2026-05-05T18:30:37","date_gmt":"2026-05-05T16:30:37","guid":{"rendered":"https:\/\/wein-werte.com\/product\/gramona-argent-rose-brut-nature-2019-750ml\/"},"modified":"2026-04-27T11:51:02","modified_gmt":"2026-04-27T09:51:02","slug":"gramona-argent-rose-brut-nature-2019-750ml","status":"publish","type":"product","link":"https:\/\/wein-werte.com\/de\/produkt\/gramona-argent-rose-brut-nature-2019-750ml\/","title":{"rendered":"Gramona | Cava | Argent Ros\u00e9, Brut Nature | 2019 | 750ml | bio"},"content":{"rendered":"<p>Produktbeschreibung f\u00fcr Gramona Argent Ros\u00e9, Brut Nature 2019 (bio)<\/p>\n<p> Die Argent-Linie scheint der Joker in der Gramona Familie zu sein, in der Xarel\u00b7lo sonst den Ton angibt. Falls es noch einen Beweis brauchte, dass bei Gramona Schaumweine mit Weltniveau auch \u00fcber den Tellerrand der einheimischen Rebsorten gelebt werden, ist es dieser reinsortige Pinot Noir. Er stammt aus der Einzellage Mas Escorp\u00ed, einem 23 Jahre alten Weinberg mit Ertr\u00e4gen von nur 2.000 kg\/ha. Nur 50% des Mostes werden aus den ganzen Trauben schonend gepresst. Besonders wichtig ist hierbei, die Typizit\u00e4t des Pinots zu unterstreichen, ohne zuviel Tannin zu extrahieren. Der Most wird unter Temperaturkontrolle in 300 und 600 Liter F\u00e4ssern aus franz\u00f6sischer Eiche vergoren. Das Ergebnis ist ein Grundwein von guter Struktur, der nach der zweiten G\u00e4rung unter Naturkork f\u00fcr 30 Monate auf der Flasche reift. Per Hand ger\u00fcttelt und degorgiert. Keine Dosage. <\/p>\n<h5>Farbe<\/h5>\n<p> Zwiebelschalenfarben mit feiner Perlage <\/p>\n<h5>Nase<\/h5>\n<p> Feine Hefenoten vereint mit fruchtigen Nuancen von Johannisbeeren, Himbeeren und wei\u00dfen Erdbeeren, ein hauch von Brioche und frischen Kr\u00e4utern geben diesem Ros\u00e9 einen Floralen aber auch vollmundigen Charakter. <\/p>\n<h5>Gaumen<\/h5>\n<p> Floral mit feinem Aroma von Rosen, elegant, aber auch kraftvoll ist er \u00e4u\u00dferst filigran im Gaumen. Die Frucht von Johannisbeere und die hervorstehende Kr\u00e4uterw\u00fcrze erg\u00e4nzen sich mit der schmeichelnden Perlage perfekt; sie baut sich im Nachhall weiter auf. Das Spiel der S\u00e4ure und der nussige Charakter bleiben noch lange bestehen. Trinktemperatur: 8\u00b0C <\/p>\n<p>Copyright Vinaturel 2025<\/p>\n<p>Keywords: <a href=\"https:\/\/wein-werte.com\/de\/shop\/?swoof=1&#038;pa_producer=Gramona\">Gramona<\/a> <a href=\"https:\/\/wein-werte.com\/de\/shop\/?swoof=1&#038;woof_text=Argent Ros\u00e9, Brut Nature\">Argent Ros\u00e9, Brut Nature<\/a> 2019 bio <a href=\"https:\/\/wein-werte.com\/de\/shop\/?swoof=1&#038;pa_region=Cava\">Cava<\/a> <a href=\"https:\/\/wein-werte.com\/de\/shop\/?swoof=1&#038;pa_country=Spanien\">Spanien<\/a><\/p>\n<p>Internetseite des Weinguts: <a href=\"https:\/\/gramona.com\/en\/\" target=\"_blank\">https:\/\/gramona.com\/en\/<\/a><\/p>\n","protected":false},"excerpt":{"rendered":"<p>Lieferzeit: 1 bis 2 Arbeitstage (DE), 2 bis 5 Arbeitstage (EU and CH)<\/p>\n","protected":false},"featured_media":1144094,"template":"","meta":[],"product_brand":[],"product_cat":[19],"product_tag":[],"class_list":{"0":"post-1133734","1":"product","2":"type-product","3":"status-publish","4":"has-post-thumbnail","6":"product_cat-unkategorisiert","7":"pa_alcohol-for-filter-12893","8":"pa_certified-biodynamic-nein-de","9":"pa_certified-organic-ja-de","10":"pa_colour-rose-de","11":"pa_country-spanien","12":"pa_grape-pinot-noir-spatburgunder","13":"pa_price-for-filter-10606","14":"pa_producer-gramona","15":"pa_region-cava","16":"pa_size-ml-6584","17":"pa_sweetness-trocken-de","18":"pa_type-2-cava-de","19":"pa_vintage-2019-de","20":"entry","21":"has-media","23":"first","24":"instock","25":"taxable","26":"shipping-taxable","27":"purchasable","28":"product-type-simple"},"yoast_head":"<!-- This site is optimized with the Yoast SEO plugin v27.5 - https:\/\/yoast.com\/product\/yoast-seo-wordpress\/ -->\n<title>Gramona Argent Ros\u00e9 Brut Nature 2019<\/title>\n<meta name=\"description\" content=\"Kaufe Gramona Argent Ros\u00e9 Brut Nature 2019 (Pinot Noir, trocken Schaumwein aus Cava, Spanien) bei Wein Werte, Ihrem nachhaltigen Onlineshop.\" \/>\n<meta name=\"robots\" content=\"index, follow, max-snippet:-1, max-image-preview:large, max-video-preview:-1\" \/>\n<link rel=\"canonical\" href=\"https:\/\/wein-werte.com\/de\/produkt\/gramona-argent-rose-brut-nature-2019-750ml\/\" \/>\n<meta property=\"og:locale\" content=\"de_DE\" \/>\n<meta property=\"og:type\" content=\"article\" \/>\n<meta property=\"og:title\" content=\"Gramona Argent Ros\u00e9 Brut Nature 2019\" \/>\n<meta property=\"og:description\" content=\"Kaufe Gramona Argent Ros\u00e9 Brut Nature 2019 (Pinot Noir, trocken Schaumwein aus Cava, Spanien) bei Wein Werte, Ihrem nachhaltigen Onlineshop.\" \/>\n<meta property=\"og:url\" content=\"https:\/\/wein-werte.com\/de\/produkt\/gramona-argent-rose-brut-nature-2019-750ml\/\" \/>\n<meta property=\"og:site_name\" content=\"Wein Werte\" \/>\n<meta property=\"og:image\" content=\"https:\/\/wein-werte.com\/wp-content\/uploads\/2026\/04\/Gramona-Argent-Rose-Brut-Nature-2019-750ml.png\" \/>\n\t<meta property=\"og:image:width\" content=\"380\" \/>\n\t<meta property=\"og:image:height\" content=\"1200\" \/>\n\t<meta property=\"og:image:type\" content=\"image\/png\" \/>\n<meta name=\"twitter:card\" content=\"summary_large_image\" \/>\n<meta name=\"twitter:label1\" content=\"Gesch\u00e4tzte Lesezeit\" \/>\n\t<meta name=\"twitter:data1\" content=\"1\u00a0Minute\" \/>\n<script type=\"application\/ld+json\" class=\"yoast-schema-graph\">{\"@context\":\"https:\\\/\\\/schema.org\",\"@graph\":[{\"@type\":\"WebPage\",\"@id\":\"https:\\\/\\\/wein-werte.com\\\/de\\\/produkt\\\/gramona-argent-rose-brut-nature-2019-750ml\\\/\",\"url\":\"https:\\\/\\\/wein-werte.com\\\/de\\\/produkt\\\/gramona-argent-rose-brut-nature-2019-750ml\\\/\",\"name\":\"Gramona Argent Ros\u00e9 Brut Nature 2019\",\"isPartOf\":{\"@id\":\"https:\\\/\\\/wein-werte.com\\\/de\\\/#website\"},\"primaryImageOfPage\":{\"@id\":\"https:\\\/\\\/wein-werte.com\\\/de\\\/produkt\\\/gramona-argent-rose-brut-nature-2019-750ml\\\/#primaryimage\"},\"image\":{\"@id\":\"https:\\\/\\\/wein-werte.com\\\/de\\\/produkt\\\/gramona-argent-rose-brut-nature-2019-750ml\\\/#primaryimage\"},\"thumbnailUrl\":\"https:\\\/\\\/wein-werte.com\\\/wp-content\\\/uploads\\\/2026\\\/04\\\/Gramona-Argent-Rose-Brut-Nature-2019-750ml.png\",\"datePublished\":\"2026-05-05T16:30:37+00:00\",\"description\":\"Kaufe Gramona Argent Ros\u00e9 Brut Nature 2019 (Pinot Noir, trocken Schaumwein aus Cava, Spanien) bei Wein Werte, Ihrem nachhaltigen Onlineshop.\",\"breadcrumb\":{\"@id\":\"https:\\\/\\\/wein-werte.com\\\/de\\\/produkt\\\/gramona-argent-rose-brut-nature-2019-750ml\\\/#breadcrumb\"},\"inLanguage\":\"de\",\"potentialAction\":[{\"@type\":\"ReadAction\",\"target\":[\"https:\\\/\\\/wein-werte.com\\\/de\\\/produkt\\\/gramona-argent-rose-brut-nature-2019-750ml\\\/\"]}]},{\"@type\":\"ImageObject\",\"inLanguage\":\"de\",\"@id\":\"https:\\\/\\\/wein-werte.com\\\/de\\\/produkt\\\/gramona-argent-rose-brut-nature-2019-750ml\\\/#primaryimage\",\"url\":\"https:\\\/\\\/wein-werte.com\\\/wp-content\\\/uploads\\\/2026\\\/04\\\/Gramona-Argent-Rose-Brut-Nature-2019-750ml.png\",\"contentUrl\":\"https:\\\/\\\/wein-werte.com\\\/wp-content\\\/uploads\\\/2026\\\/04\\\/Gramona-Argent-Rose-Brut-Nature-2019-750ml.png\",\"width\":380,\"height\":1200,\"caption\":\"Gramona Argent Ros\u00e9, Brut Nature 2019 750ml\"},{\"@type\":\"BreadcrumbList\",\"@id\":\"https:\\\/\\\/wein-werte.com\\\/de\\\/produkt\\\/gramona-argent-rose-brut-nature-2019-750ml\\\/#breadcrumb\",\"itemListElement\":[{\"@type\":\"ListItem\",\"position\":1,\"name\":\"Home\",\"item\":\"https:\\\/\\\/wein-werte.com\\\/de\\\/\"},{\"@type\":\"ListItem\",\"position\":2,\"name\":\"Shop\",\"item\":\"https:\\\/\\\/wein-werte.com\\\/de\\\/shop\\\/\"},{\"@type\":\"ListItem\",\"position\":3,\"name\":\"Gramona | Cava | Argent Ros\u00e9, Brut Nature | 2019 | 750ml | bio\"}]},{\"@type\":\"WebSite\",\"@id\":\"https:\\\/\\\/wein-werte.com\\\/de\\\/#website\",\"url\":\"https:\\\/\\\/wein-werte.com\\\/de\\\/\",\"name\":\"Wein Werte\",\"description\":\"\",\"publisher\":{\"@id\":\"https:\\\/\\\/wein-werte.com\\\/de\\\/#organization\"},\"potentialAction\":[{\"@type\":\"SearchAction\",\"target\":{\"@type\":\"EntryPoint\",\"urlTemplate\":\"https:\\\/\\\/wein-werte.com\\\/de\\\/?s={search_term_string}\"},\"query-input\":{\"@type\":\"PropertyValueSpecification\",\"valueRequired\":true,\"valueName\":\"search_term_string\"}}],\"inLanguage\":\"de\"},{\"@type\":\"Organization\",\"@id\":\"https:\\\/\\\/wein-werte.com\\\/de\\\/#organization\",\"name\":\"Vins Fins Thorrold\",\"url\":\"https:\\\/\\\/wein-werte.com\\\/de\\\/\",\"logo\":{\"@type\":\"ImageObject\",\"inLanguage\":\"de\",\"@id\":\"https:\\\/\\\/wein-werte.com\\\/de\\\/#\\\/schema\\\/logo\\\/image\\\/\",\"url\":\"https:\\\/\\\/wein-werte.com\\\/wp-content\\\/uploads\\\/2023\\\/07\\\/Wein_werte_Logo700-1.png\",\"contentUrl\":\"https:\\\/\\\/wein-werte.com\\\/wp-content\\\/uploads\\\/2023\\\/07\\\/Wein_werte_Logo700-1.png\",\"width\":700,\"height\":272,\"caption\":\"Vins Fins Thorrold\"},\"image\":{\"@id\":\"https:\\\/\\\/wein-werte.com\\\/de\\\/#\\\/schema\\\/logo\\\/image\\\/\"}}]}<\/script>\n<!-- \/ Yoast SEO plugin. -->","yoast_head_json":{"title":"Gramona Argent Ros\u00e9 Brut Nature 2019","description":"Kaufe Gramona Argent Ros\u00e9 Brut Nature 2019 (Pinot Noir, trocken Schaumwein aus Cava, Spanien) bei Wein Werte, Ihrem nachhaltigen Onlineshop.","robots":{"index":"index","follow":"follow","max-snippet":"max-snippet:-1","max-image-preview":"max-image-preview:large","max-video-preview":"max-video-preview:-1"},"canonical":"https:\/\/wein-werte.com\/de\/produkt\/gramona-argent-rose-brut-nature-2019-750ml\/","og_locale":"de_DE","og_type":"article","og_title":"Gramona Argent Ros\u00e9 Brut Nature 2019","og_description":"Kaufe Gramona Argent Ros\u00e9 Brut Nature 2019 (Pinot Noir, trocken Schaumwein aus Cava, Spanien) bei Wein Werte, Ihrem nachhaltigen Onlineshop.","og_url":"https:\/\/wein-werte.com\/de\/produkt\/gramona-argent-rose-brut-nature-2019-750ml\/","og_site_name":"Wein Werte","og_image":[{"width":380,"height":1200,"url":"https:\/\/wein-werte.com\/wp-content\/uploads\/2026\/04\/Gramona-Argent-Rose-Brut-Nature-2019-750ml.png","type":"image\/png"}],"twitter_card":"summary_large_image","twitter_misc":{"Gesch\u00e4tzte Lesezeit":"1\u00a0Minute"},"schema":{"@context":"https:\/\/schema.org","@graph":[{"@type":"WebPage","@id":"https:\/\/wein-werte.com\/de\/produkt\/gramona-argent-rose-brut-nature-2019-750ml\/","url":"https:\/\/wein-werte.com\/de\/produkt\/gramona-argent-rose-brut-nature-2019-750ml\/","name":"Gramona Argent Ros\u00e9 Brut Nature 2019","isPartOf":{"@id":"https:\/\/wein-werte.com\/de\/#website"},"primaryImageOfPage":{"@id":"https:\/\/wein-werte.com\/de\/produkt\/gramona-argent-rose-brut-nature-2019-750ml\/#primaryimage"},"image":{"@id":"https:\/\/wein-werte.com\/de\/produkt\/gramona-argent-rose-brut-nature-2019-750ml\/#primaryimage"},"thumbnailUrl":"https:\/\/wein-werte.com\/wp-content\/uploads\/2026\/04\/Gramona-Argent-Rose-Brut-Nature-2019-750ml.png","datePublished":"2026-05-05T16:30:37+00:00","description":"Kaufe Gramona Argent Ros\u00e9 Brut Nature 2019 (Pinot Noir, trocken Schaumwein aus Cava, Spanien) bei Wein Werte, Ihrem nachhaltigen Onlineshop.","breadcrumb":{"@id":"https:\/\/wein-werte.com\/de\/produkt\/gramona-argent-rose-brut-nature-2019-750ml\/#breadcrumb"},"inLanguage":"de","potentialAction":[{"@type":"ReadAction","target":["https:\/\/wein-werte.com\/de\/produkt\/gramona-argent-rose-brut-nature-2019-750ml\/"]}]},{"@type":"ImageObject","inLanguage":"de","@id":"https:\/\/wein-werte.com\/de\/produkt\/gramona-argent-rose-brut-nature-2019-750ml\/#primaryimage","url":"https:\/\/wein-werte.com\/wp-content\/uploads\/2026\/04\/Gramona-Argent-Rose-Brut-Nature-2019-750ml.png","contentUrl":"https:\/\/wein-werte.com\/wp-content\/uploads\/2026\/04\/Gramona-Argent-Rose-Brut-Nature-2019-750ml.png","width":380,"height":1200,"caption":"Gramona Argent Ros\u00e9, Brut Nature 2019 750ml"},{"@type":"BreadcrumbList","@id":"https:\/\/wein-werte.com\/de\/produkt\/gramona-argent-rose-brut-nature-2019-750ml\/#breadcrumb","itemListElement":[{"@type":"ListItem","position":1,"name":"Home","item":"https:\/\/wein-werte.com\/de\/"},{"@type":"ListItem","position":2,"name":"Shop","item":"https:\/\/wein-werte.com\/de\/shop\/"},{"@type":"ListItem","position":3,"name":"Gramona | Cava | Argent Ros\u00e9, Brut Nature | 2019 | 750ml | bio"}]},{"@type":"WebSite","@id":"https:\/\/wein-werte.com\/de\/#website","url":"https:\/\/wein-werte.com\/de\/","name":"Wein Werte","description":"","publisher":{"@id":"https:\/\/wein-werte.com\/de\/#organization"},"potentialAction":[{"@type":"SearchAction","target":{"@type":"EntryPoint","urlTemplate":"https:\/\/wein-werte.com\/de\/?s={search_term_string}"},"query-input":{"@type":"PropertyValueSpecification","valueRequired":true,"valueName":"search_term_string"}}],"inLanguage":"de"},{"@type":"Organization","@id":"https:\/\/wein-werte.com\/de\/#organization","name":"Vins Fins Thorrold","url":"https:\/\/wein-werte.com\/de\/","logo":{"@type":"ImageObject","inLanguage":"de","@id":"https:\/\/wein-werte.com\/de\/#\/schema\/logo\/image\/","url":"https:\/\/wein-werte.com\/wp-content\/uploads\/2023\/07\/Wein_werte_Logo700-1.png","contentUrl":"https:\/\/wein-werte.com\/wp-content\/uploads\/2023\/07\/Wein_werte_Logo700-1.png","width":700,"height":272,"caption":"Vins Fins Thorrold"},"image":{"@id":"https:\/\/wein-werte.com\/de\/#\/schema\/logo\/image\/"}}]}},"_links":{"self":[{"href":"https:\/\/wein-werte.com\/de\/wp-json\/wp\/v2\/product\/1133734","targetHints":{"allow":["GET"]}}],"collection":[{"href":"https:\/\/wein-werte.com\/de\/wp-json\/wp\/v2\/product"}],"about":[{"href":"https:\/\/wein-werte.com\/de\/wp-json\/wp\/v2\/types\/product"}],"wp:featuredmedia":[{"embeddable":true,"href":"https:\/\/wein-werte.com\/de\/wp-json\/wp\/v2\/media\/1144094"}],"wp:attachment":[{"href":"https:\/\/wein-werte.com\/de\/wp-json\/wp\/v2\/media?parent=1133734"}],"wp:term":[{"taxonomy":"product_brand","embeddable":true,"href":"https:\/\/wein-werte.com\/de\/wp-json\/wp\/v2\/product_brand?post=1133734"},{"taxonomy":"product_cat","embeddable":true,"href":"https:\/\/wein-werte.com\/de\/wp-json\/wp\/v2\/product_cat?post=1133734"},{"taxonomy":"product_tag","embeddable":true,"href":"https:\/\/wein-werte.com\/de\/wp-json\/wp\/v2\/product_tag?post=1133734"}],"curies":[{"name":"wp","href":"https:\/\/api.w.org\/{rel}","templated":true}]}}