{"id":1133729,"date":"2026-05-08T20:06:12","date_gmt":"2026-05-08T18:06:12","guid":{"rendered":"https:\/\/wein-werte.com\/product\/blacknose-blacknose-vino-tinto-de-la-tierra-2021-1500ml\/"},"modified":"2026-04-27T11:51:02","modified_gmt":"2026-04-27T09:51:02","slug":"blacknose-blacknose-vino-tinto-de-la-tierra-2021-1500ml","status":"publish","type":"product","link":"https:\/\/wein-werte.com\/de\/produkt\/blacknose-blacknose-vino-tinto-de-la-tierra-2021-1500ml\/","title":{"rendered":"Blacknose | Ibiza | Blacknose, Vino Tinto de la Tierra | 2021 | 1500ml | bio"},"content":{"rendered":"<p>Produktbeschreibung f\u00fcr Blacknose Blacknose, Vino Tinto de la Tierra 2021 (bio) <\/p>\n<h5>Informationen zum Wein<\/h5>\n<p> Im Jahr 2021 gab es auf Ibiza nur 59 Hektar Rebfl\u00e4che, und die f\u00fcnf Weing\u00fcter der Insel produzierten nach Angaben der Balearenregierung nur 127.000 Liter Wein. Bei diesen geringen Mengen kann man sich leicht vorstellen, dass kaum Weine die Partyinsel verlassen. Einer der wenigen ist der \u201eBlacknose\u201c der Schweizer Peter und Tino Lehner. Die beiden Br\u00fcder haben die Rotweincuv\u00e9e aus internationalen und spanischen Rebsorten nach dem Schwarznasenschaft ihrer Walliser Heimat benannt. Ihre Weinberge auf Ibiza befinden sich auf einer Finca in 320 Metern Meeresh\u00f6he und verf\u00fcgen \u00fcber Mergel- und Sandsteinb\u00f6den. Die Trauben verg\u00e4ren die Lehners nach einer Kaltmazeration im Stahltank, gefolgt von einem mindestens einj\u00e4hrigen Ausbau in gebrauchten F\u00e4ssern aus franz\u00f6sischer Eiche. <\/p>\n<h5>Farbe<\/h5>\n<p> Rubinrot mit mittlerer Farbtiefe <\/p>\n<h5>Nase<\/h5>\n<p> Der Blacknose 2021 zeigt eine ausgepr\u00e4gte Prim\u00e4rfrucht von Kirsche und Pflaume. Er hat sowohl rote als auch dunkle Fruchtnoten, die Nase ist reif und frisch zugleich. Im Hintergrund ist eine feine Kr\u00e4uter- und Tabakw\u00fcrze zu erkennen. <\/p>\n<h5>Gaumen<\/h5>\n<p> Der fruchtige Charakter, getragen von Kirsche und Pflaume, ist auch am Gaumen sofort sp\u00fcrbar. Der Blacknose 2021 pr\u00e4sentiert sich ungemein saftig und rund und ist mit seiner Weichheit und den geschliffenen Tanninen ein wahrer Gaumenschmeichler. Insgesamt zeigt der Rotwein eine sch\u00f6ne Balance zwischen reifer Frucht, frischer S\u00e4ure und mittlerem K\u00f6rper. Auch der Alkohol von 15 Prozent ist sehr gut eingebunden, der Wein hat nichts \u00dcberreifes und Schweres an sich. Die anregende W\u00fcrzigkeit im Abgang tr\u00e4gt weiter zum Trinkvergn\u00fcgen bei. Somit ist der Blacknose 2021 ein hervorragendes Beispiel f\u00fcr einen aromatischen, frischen Rotwein vom Mittelmeer.<\/p>\n<p>Copyright Vinaturel 2025<\/p>\n<p>Keywords: <a href=\"https:\/\/wein-werte.com\/de\/shop\/?swoof=1&#038;pa_producer=Blacknose\">Blacknose<\/a> <a href=\"https:\/\/wein-werte.com\/de\/shop\/?swoof=1&#038;woof_text=Blacknose, Vino Tinto de la Tierra\">Blacknose, Vino Tinto de la Tierra<\/a> 2021 bio <a href=\"https:\/\/wein-werte.com\/de\/shop\/?swoof=1&#038;pa_region=Ibiza\">Ibiza<\/a> <a href=\"https:\/\/wein-werte.com\/de\/shop\/?swoof=1&#038;pa_country=Spanien\">Spanien<\/a><\/p>\n<p>Internetseite des Weinguts: <a href=\"https:\/\/blacknose.net\/\" target=\"_blank\">https:\/\/blacknose.net\/<\/a><\/p>\n","protected":false},"excerpt":{"rendered":"<p>Lieferzeit: 1 bis 2 Arbeitstage (DE), 2 bis 5 Arbeitstage (EU and CH)<\/p>\n","protected":false},"featured_media":1144090,"template":"","meta":[],"product_brand":[],"product_cat":[19],"product_tag":[],"class_list":{"0":"post-1133729","1":"product","2":"type-product","3":"status-publish","4":"has-post-thumbnail","6":"product_cat-unkategorisiert","7":"pa_alcohol-for-filter-12894","8":"pa_certified-biodynamic-nein-de","9":"pa_certified-organic-ja-de","10":"pa_colour-rot","11":"pa_country-spanien","12":"pa_price-for-filter-10642","13":"pa_producer-blacknose","14":"pa_region-ibiza","15":"pa_size-ml-6657","16":"pa_sweetness-trocken-de","17":"pa_type-2-still-de","18":"pa_vintage-2021-de","19":"entry","20":"has-media","22":"first","23":"instock","24":"taxable","25":"shipping-taxable","26":"purchasable","27":"product-type-simple"},"yoast_head":"<!-- This site is optimized with the Yoast SEO plugin v27.5 - https:\/\/yoast.com\/product\/yoast-seo-wordpress\/ -->\n<title>Blacknose Blacknose Vino Tinto de la Tierra 2021, 1500ml<\/title>\n<meta name=\"description\" content=\"Kaufe Blacknose Blacknose Vino Tinto de la Tierra 2021 (, trocken aus Ibiza, Spanien) bei Wein Werte, Ihrem nachhaltigen Onlineshop.\" \/>\n<meta name=\"robots\" content=\"index, follow, max-snippet:-1, max-image-preview:large, max-video-preview:-1\" \/>\n<link rel=\"canonical\" href=\"https:\/\/wein-werte.com\/de\/produkt\/blacknose-blacknose-vino-tinto-de-la-tierra-2021-1500ml\/\" \/>\n<meta property=\"og:locale\" content=\"de_DE\" \/>\n<meta property=\"og:type\" content=\"article\" \/>\n<meta property=\"og:title\" content=\"Blacknose Blacknose Vino Tinto de la Tierra 2021, 1500ml\" \/>\n<meta property=\"og:description\" content=\"Kaufe Blacknose Blacknose Vino Tinto de la Tierra 2021 (, trocken aus Ibiza, Spanien) bei Wein Werte, Ihrem nachhaltigen Onlineshop.\" \/>\n<meta property=\"og:url\" content=\"https:\/\/wein-werte.com\/de\/produkt\/blacknose-blacknose-vino-tinto-de-la-tierra-2021-1500ml\/\" \/>\n<meta property=\"og:site_name\" content=\"Wein Werte\" \/>\n<meta property=\"og:image\" content=\"https:\/\/wein-werte.com\/wp-content\/uploads\/2026\/04\/Blacknose-Blacknose-Vino-Tinto-de-la-Tierra-2021-1500ml.png\" \/>\n\t<meta property=\"og:image:width\" content=\"346\" \/>\n\t<meta property=\"og:image:height\" content=\"1200\" \/>\n\t<meta property=\"og:image:type\" content=\"image\/png\" \/>\n<meta name=\"twitter:card\" content=\"summary_large_image\" \/>\n<meta name=\"twitter:label1\" content=\"Gesch\u00e4tzte Lesezeit\" \/>\n\t<meta name=\"twitter:data1\" content=\"1\u00a0Minute\" \/>\n<script type=\"application\/ld+json\" class=\"yoast-schema-graph\">{\"@context\":\"https:\\\/\\\/schema.org\",\"@graph\":[{\"@type\":\"WebPage\",\"@id\":\"https:\\\/\\\/wein-werte.com\\\/de\\\/produkt\\\/blacknose-blacknose-vino-tinto-de-la-tierra-2021-1500ml\\\/\",\"url\":\"https:\\\/\\\/wein-werte.com\\\/de\\\/produkt\\\/blacknose-blacknose-vino-tinto-de-la-tierra-2021-1500ml\\\/\",\"name\":\"Blacknose Blacknose Vino Tinto de la Tierra 2021, 1500ml\",\"isPartOf\":{\"@id\":\"https:\\\/\\\/wein-werte.com\\\/de\\\/#website\"},\"primaryImageOfPage\":{\"@id\":\"https:\\\/\\\/wein-werte.com\\\/de\\\/produkt\\\/blacknose-blacknose-vino-tinto-de-la-tierra-2021-1500ml\\\/#primaryimage\"},\"image\":{\"@id\":\"https:\\\/\\\/wein-werte.com\\\/de\\\/produkt\\\/blacknose-blacknose-vino-tinto-de-la-tierra-2021-1500ml\\\/#primaryimage\"},\"thumbnailUrl\":\"https:\\\/\\\/wein-werte.com\\\/wp-content\\\/uploads\\\/2026\\\/04\\\/Blacknose-Blacknose-Vino-Tinto-de-la-Tierra-2021-1500ml.png\",\"datePublished\":\"2026-05-08T18:06:12+00:00\",\"description\":\"Kaufe Blacknose Blacknose Vino Tinto de la Tierra 2021 (, trocken aus Ibiza, Spanien) bei Wein Werte, Ihrem nachhaltigen Onlineshop.\",\"breadcrumb\":{\"@id\":\"https:\\\/\\\/wein-werte.com\\\/de\\\/produkt\\\/blacknose-blacknose-vino-tinto-de-la-tierra-2021-1500ml\\\/#breadcrumb\"},\"inLanguage\":\"de\",\"potentialAction\":[{\"@type\":\"ReadAction\",\"target\":[\"https:\\\/\\\/wein-werte.com\\\/de\\\/produkt\\\/blacknose-blacknose-vino-tinto-de-la-tierra-2021-1500ml\\\/\"]}]},{\"@type\":\"ImageObject\",\"inLanguage\":\"de\",\"@id\":\"https:\\\/\\\/wein-werte.com\\\/de\\\/produkt\\\/blacknose-blacknose-vino-tinto-de-la-tierra-2021-1500ml\\\/#primaryimage\",\"url\":\"https:\\\/\\\/wein-werte.com\\\/wp-content\\\/uploads\\\/2026\\\/04\\\/Blacknose-Blacknose-Vino-Tinto-de-la-Tierra-2021-1500ml.png\",\"contentUrl\":\"https:\\\/\\\/wein-werte.com\\\/wp-content\\\/uploads\\\/2026\\\/04\\\/Blacknose-Blacknose-Vino-Tinto-de-la-Tierra-2021-1500ml.png\",\"width\":346,\"height\":1200,\"caption\":\"Blacknose Blacknose, Vino Tinto de la Tierra 2021 1500ml\"},{\"@type\":\"BreadcrumbList\",\"@id\":\"https:\\\/\\\/wein-werte.com\\\/de\\\/produkt\\\/blacknose-blacknose-vino-tinto-de-la-tierra-2021-1500ml\\\/#breadcrumb\",\"itemListElement\":[{\"@type\":\"ListItem\",\"position\":1,\"name\":\"Home\",\"item\":\"https:\\\/\\\/wein-werte.com\\\/de\\\/\"},{\"@type\":\"ListItem\",\"position\":2,\"name\":\"Shop\",\"item\":\"https:\\\/\\\/wein-werte.com\\\/de\\\/shop\\\/\"},{\"@type\":\"ListItem\",\"position\":3,\"name\":\"Blacknose | Ibiza | Blacknose, Vino Tinto de la Tierra | 2021 | 1500ml | bio\"}]},{\"@type\":\"WebSite\",\"@id\":\"https:\\\/\\\/wein-werte.com\\\/de\\\/#website\",\"url\":\"https:\\\/\\\/wein-werte.com\\\/de\\\/\",\"name\":\"Wein Werte\",\"description\":\"\",\"publisher\":{\"@id\":\"https:\\\/\\\/wein-werte.com\\\/de\\\/#organization\"},\"potentialAction\":[{\"@type\":\"SearchAction\",\"target\":{\"@type\":\"EntryPoint\",\"urlTemplate\":\"https:\\\/\\\/wein-werte.com\\\/de\\\/?s={search_term_string}\"},\"query-input\":{\"@type\":\"PropertyValueSpecification\",\"valueRequired\":true,\"valueName\":\"search_term_string\"}}],\"inLanguage\":\"de\"},{\"@type\":\"Organization\",\"@id\":\"https:\\\/\\\/wein-werte.com\\\/de\\\/#organization\",\"name\":\"Vins Fins Thorrold\",\"url\":\"https:\\\/\\\/wein-werte.com\\\/de\\\/\",\"logo\":{\"@type\":\"ImageObject\",\"inLanguage\":\"de\",\"@id\":\"https:\\\/\\\/wein-werte.com\\\/de\\\/#\\\/schema\\\/logo\\\/image\\\/\",\"url\":\"https:\\\/\\\/wein-werte.com\\\/wp-content\\\/uploads\\\/2023\\\/07\\\/Wein_werte_Logo700-1.png\",\"contentUrl\":\"https:\\\/\\\/wein-werte.com\\\/wp-content\\\/uploads\\\/2023\\\/07\\\/Wein_werte_Logo700-1.png\",\"width\":700,\"height\":272,\"caption\":\"Vins Fins Thorrold\"},\"image\":{\"@id\":\"https:\\\/\\\/wein-werte.com\\\/de\\\/#\\\/schema\\\/logo\\\/image\\\/\"}}]}<\/script>\n<!-- \/ Yoast SEO plugin. -->","yoast_head_json":{"title":"Blacknose Blacknose Vino Tinto de la Tierra 2021, 1500ml","description":"Kaufe Blacknose Blacknose Vino Tinto de la Tierra 2021 (, trocken aus Ibiza, Spanien) bei Wein Werte, Ihrem nachhaltigen Onlineshop.","robots":{"index":"index","follow":"follow","max-snippet":"max-snippet:-1","max-image-preview":"max-image-preview:large","max-video-preview":"max-video-preview:-1"},"canonical":"https:\/\/wein-werte.com\/de\/produkt\/blacknose-blacknose-vino-tinto-de-la-tierra-2021-1500ml\/","og_locale":"de_DE","og_type":"article","og_title":"Blacknose Blacknose Vino Tinto de la Tierra 2021, 1500ml","og_description":"Kaufe Blacknose Blacknose Vino Tinto de la Tierra 2021 (, trocken aus Ibiza, Spanien) bei Wein Werte, Ihrem nachhaltigen Onlineshop.","og_url":"https:\/\/wein-werte.com\/de\/produkt\/blacknose-blacknose-vino-tinto-de-la-tierra-2021-1500ml\/","og_site_name":"Wein Werte","og_image":[{"width":346,"height":1200,"url":"https:\/\/wein-werte.com\/wp-content\/uploads\/2026\/04\/Blacknose-Blacknose-Vino-Tinto-de-la-Tierra-2021-1500ml.png","type":"image\/png"}],"twitter_card":"summary_large_image","twitter_misc":{"Gesch\u00e4tzte Lesezeit":"1\u00a0Minute"},"schema":{"@context":"https:\/\/schema.org","@graph":[{"@type":"WebPage","@id":"https:\/\/wein-werte.com\/de\/produkt\/blacknose-blacknose-vino-tinto-de-la-tierra-2021-1500ml\/","url":"https:\/\/wein-werte.com\/de\/produkt\/blacknose-blacknose-vino-tinto-de-la-tierra-2021-1500ml\/","name":"Blacknose Blacknose Vino Tinto de la Tierra 2021, 1500ml","isPartOf":{"@id":"https:\/\/wein-werte.com\/de\/#website"},"primaryImageOfPage":{"@id":"https:\/\/wein-werte.com\/de\/produkt\/blacknose-blacknose-vino-tinto-de-la-tierra-2021-1500ml\/#primaryimage"},"image":{"@id":"https:\/\/wein-werte.com\/de\/produkt\/blacknose-blacknose-vino-tinto-de-la-tierra-2021-1500ml\/#primaryimage"},"thumbnailUrl":"https:\/\/wein-werte.com\/wp-content\/uploads\/2026\/04\/Blacknose-Blacknose-Vino-Tinto-de-la-Tierra-2021-1500ml.png","datePublished":"2026-05-08T18:06:12+00:00","description":"Kaufe Blacknose Blacknose Vino Tinto de la Tierra 2021 (, trocken aus Ibiza, Spanien) bei Wein Werte, Ihrem nachhaltigen Onlineshop.","breadcrumb":{"@id":"https:\/\/wein-werte.com\/de\/produkt\/blacknose-blacknose-vino-tinto-de-la-tierra-2021-1500ml\/#breadcrumb"},"inLanguage":"de","potentialAction":[{"@type":"ReadAction","target":["https:\/\/wein-werte.com\/de\/produkt\/blacknose-blacknose-vino-tinto-de-la-tierra-2021-1500ml\/"]}]},{"@type":"ImageObject","inLanguage":"de","@id":"https:\/\/wein-werte.com\/de\/produkt\/blacknose-blacknose-vino-tinto-de-la-tierra-2021-1500ml\/#primaryimage","url":"https:\/\/wein-werte.com\/wp-content\/uploads\/2026\/04\/Blacknose-Blacknose-Vino-Tinto-de-la-Tierra-2021-1500ml.png","contentUrl":"https:\/\/wein-werte.com\/wp-content\/uploads\/2026\/04\/Blacknose-Blacknose-Vino-Tinto-de-la-Tierra-2021-1500ml.png","width":346,"height":1200,"caption":"Blacknose Blacknose, Vino Tinto de la Tierra 2021 1500ml"},{"@type":"BreadcrumbList","@id":"https:\/\/wein-werte.com\/de\/produkt\/blacknose-blacknose-vino-tinto-de-la-tierra-2021-1500ml\/#breadcrumb","itemListElement":[{"@type":"ListItem","position":1,"name":"Home","item":"https:\/\/wein-werte.com\/de\/"},{"@type":"ListItem","position":2,"name":"Shop","item":"https:\/\/wein-werte.com\/de\/shop\/"},{"@type":"ListItem","position":3,"name":"Blacknose | Ibiza | Blacknose, Vino Tinto de la Tierra | 2021 | 1500ml | bio"}]},{"@type":"WebSite","@id":"https:\/\/wein-werte.com\/de\/#website","url":"https:\/\/wein-werte.com\/de\/","name":"Wein Werte","description":"","publisher":{"@id":"https:\/\/wein-werte.com\/de\/#organization"},"potentialAction":[{"@type":"SearchAction","target":{"@type":"EntryPoint","urlTemplate":"https:\/\/wein-werte.com\/de\/?s={search_term_string}"},"query-input":{"@type":"PropertyValueSpecification","valueRequired":true,"valueName":"search_term_string"}}],"inLanguage":"de"},{"@type":"Organization","@id":"https:\/\/wein-werte.com\/de\/#organization","name":"Vins Fins Thorrold","url":"https:\/\/wein-werte.com\/de\/","logo":{"@type":"ImageObject","inLanguage":"de","@id":"https:\/\/wein-werte.com\/de\/#\/schema\/logo\/image\/","url":"https:\/\/wein-werte.com\/wp-content\/uploads\/2023\/07\/Wein_werte_Logo700-1.png","contentUrl":"https:\/\/wein-werte.com\/wp-content\/uploads\/2023\/07\/Wein_werte_Logo700-1.png","width":700,"height":272,"caption":"Vins Fins Thorrold"},"image":{"@id":"https:\/\/wein-werte.com\/de\/#\/schema\/logo\/image\/"}}]}},"_links":{"self":[{"href":"https:\/\/wein-werte.com\/de\/wp-json\/wp\/v2\/product\/1133729","targetHints":{"allow":["GET"]}}],"collection":[{"href":"https:\/\/wein-werte.com\/de\/wp-json\/wp\/v2\/product"}],"about":[{"href":"https:\/\/wein-werte.com\/de\/wp-json\/wp\/v2\/types\/product"}],"wp:featuredmedia":[{"embeddable":true,"href":"https:\/\/wein-werte.com\/de\/wp-json\/wp\/v2\/media\/1144090"}],"wp:attachment":[{"href":"https:\/\/wein-werte.com\/de\/wp-json\/wp\/v2\/media?parent=1133729"}],"wp:term":[{"taxonomy":"product_brand","embeddable":true,"href":"https:\/\/wein-werte.com\/de\/wp-json\/wp\/v2\/product_brand?post=1133729"},{"taxonomy":"product_cat","embeddable":true,"href":"https:\/\/wein-werte.com\/de\/wp-json\/wp\/v2\/product_cat?post=1133729"},{"taxonomy":"product_tag","embeddable":true,"href":"https:\/\/wein-werte.com\/de\/wp-json\/wp\/v2\/product_tag?post=1133729"}],"curies":[{"name":"wp","href":"https:\/\/api.w.org\/{rel}","templated":true}]}}