{"id":1133672,"date":"2026-05-05T18:30:35","date_gmt":"2026-05-05T16:30:35","guid":{"rendered":"https:\/\/wein-werte.com\/product\/alfredo-arribas-gotes-del-montsant-2022-750ml\/"},"modified":"2026-04-27T11:50:57","modified_gmt":"2026-04-27T09:50:57","slug":"alfredo-arribas-gotes-del-montsant-2022-750ml","status":"publish","type":"product","link":"https:\/\/wein-werte.com\/de\/produkt\/alfredo-arribas-gotes-del-montsant-2022-750ml\/","title":{"rendered":"Alfredo Arribas | Montsant | Gotes del Montsant | 2022 | 750ml"},"content":{"rendered":"<p>Produktbeschreibung f\u00fcr Alfredo Arribas Gotes del Montsant 2022 <\/p>\n<h5>Info<\/h5>\n<p>Im Gotes del Montsant findet eine Auswahl an Weinbergen mit kalkigen, tonigen B\u00f6den statt, die gut im Windstehen. Der Grenache stammt aus Marca, w\u00e4hrend der Carignan in Masroig w\u00e4chst. Durch die verschiedenen Herk\u00fcnfte variieren Rebalter und H\u00f6henlage deutlich. 40 bis 65 Jahre im Durchschnitt sowie H\u00f6hen von 300 bis zu 700 Metern.<\/p>\n<p>Die Rebsorten und Lagen werden einzeln eingebracht und verg\u00e4rt &#8211; teilweise mit ganzen Trauben und Stengeln. F\u00fcr 20 Tage finden Mazeration und G\u00e4rung im Stahltank statt. Der Tresterhut wird immer wieder sanft nach unten gesto\u00dfen. Der Ausbau erfolgt f\u00fcr zw\u00f6lf Monate in Fudern und gebrauchten franz\u00f6sischen Eichenf\u00e4ssern.<\/p>\n<h5>Farbe<\/h5>\n<p>Tiefdunkles Violett mit lebendigen, himbeerroten Reflexen \u2013 dicht und farbintensiv im Glas.<\/p>\n<h5>Nase<\/h5>\n<p>Schon im ersten Moment marmeladig und opulent, gepr\u00e4gt von einer \u00fcppigen Fruchtf\u00fclle. Schwarze und rote Fr\u00fcchte dominieren: reife Kirschen, saftige Brombeeren und dunkle Beerenkonfit\u00fcre. Mit etwas Luft treten zitrische Ankl\u00e4nge hinzu, sowie exotisch-saftige Mango, die dem Wein eine \u00fcberraschende Frische verleiht. Zarte florale Nuancen \u2013 insbesondere Veilchen \u2013 und ein feiner mineralischer Unterton erinnern an pures Gestein und geben zus\u00e4tzliche Tiefe.<\/p>\n<h5>Gaumen<\/h5>\n<p>Am Gaumen sehr zug\u00e4nglich, rund und weich \u2013 ein gef\u00e4lliger Vertreter mit kaum sp\u00fcrbaren Ecken und Kanten. Die Fruchtaromatik bleibt pr\u00e4sent, eingebettet in eine gute Struktur mit feiner Balance. Die Frischeelemente setzen elegante Kontraste zur reifen Frucht, ohne dominant zu wirken. Ein Wein, der gleicherma\u00dfen solo wie auch als vielseitiger Essensbegleiter gl\u00e4nzt.<\/p>\n<p>Copyright Vinaturel 2025<\/p>\n<p>Keywords: <a href=\"https:\/\/wein-werte.com\/de\/shop\/?swoof=1&#038;pa_producer=Alfredo-Arribas\">Alfredo Arribas<\/a> <a href=\"https:\/\/wein-werte.com\/de\/shop\/?swoof=1&#038;woof_text=Gotes del Montsant\">Gotes del Montsant<\/a> 2022  <a href=\"https:\/\/wein-werte.com\/de\/shop\/?swoof=1&#038;pa_region=Montsant\">Montsant<\/a> <a href=\"https:\/\/wein-werte.com\/de\/shop\/?swoof=1&#038;pa_country=Spanien\">Spanien<\/a><\/p>\n<p>Internetseite des Weinguts: <a href=\"https:\/\/www.closdelportal.com\/\" target=\"_blank\">https:\/\/www.closdelportal.com\/<\/a><\/p>\n","protected":false},"excerpt":{"rendered":"<p>Lieferzeit: 1 bis 2 Arbeitstage (DE), 2 bis 5 Arbeitstage (EU and CH)<\/p>\n","protected":false},"featured_media":1144044,"template":"","meta":[],"product_brand":[],"product_cat":[19],"product_tag":[],"class_list":{"0":"post-1133672","1":"product","2":"type-product","3":"status-publish","4":"has-post-thumbnail","6":"product_cat-unkategorisiert","7":"pa_alcohol-for-filter-13-5","8":"pa_certified-biodynamic-nein-de","9":"pa_certified-organic-nein-de","10":"pa_colour-rot","11":"pa_country-spanien","12":"pa_grape-grenache-cuvee","13":"pa_price-for-filter-10575","14":"pa_producer-alfredo-arribas","15":"pa_region-montsant","16":"pa_size-ml-6584","17":"pa_sweetness-trocken-de","18":"pa_type-2-still-de","19":"pa_vintage-2022-de","20":"entry","21":"has-media","23":"first","24":"instock","25":"taxable","26":"shipping-taxable","27":"purchasable","28":"product-type-simple"},"yoast_head":"<!-- This site is optimized with the Yoast SEO plugin v27.5 - https:\/\/yoast.com\/product\/yoast-seo-wordpress\/ -->\n<title>Alfredo Arribas Gotes del Montsant 2022<\/title>\n<meta name=\"description\" content=\"Kaufe Alfredo Arribas Gotes del Montsant 2022 (Grenache Cuv\u00e9e, trocken aus Montsant, Spanien) bei Wein Werte, Ihrem nachhaltigen Onlineshop.\" \/>\n<meta name=\"robots\" content=\"index, follow, max-snippet:-1, max-image-preview:large, max-video-preview:-1\" \/>\n<link rel=\"canonical\" href=\"https:\/\/wein-werte.com\/de\/produkt\/alfredo-arribas-gotes-del-montsant-2022-750ml\/\" \/>\n<meta property=\"og:locale\" content=\"de_DE\" \/>\n<meta property=\"og:type\" content=\"article\" \/>\n<meta property=\"og:title\" content=\"Alfredo Arribas Gotes del Montsant 2022\" \/>\n<meta property=\"og:description\" content=\"Kaufe Alfredo Arribas Gotes del Montsant 2022 (Grenache Cuv\u00e9e, trocken aus Montsant, Spanien) bei Wein Werte, Ihrem nachhaltigen Onlineshop.\" \/>\n<meta property=\"og:url\" content=\"https:\/\/wein-werte.com\/de\/produkt\/alfredo-arribas-gotes-del-montsant-2022-750ml\/\" \/>\n<meta property=\"og:site_name\" content=\"Wein Werte\" \/>\n<meta property=\"og:image\" content=\"https:\/\/wein-werte.com\/wp-content\/uploads\/2026\/04\/Alfredo-Arribas-Gotes-del-Montsant-2022-750ml.png\" \/>\n\t<meta property=\"og:image:width\" content=\"315\" \/>\n\t<meta property=\"og:image:height\" content=\"1200\" \/>\n\t<meta property=\"og:image:type\" content=\"image\/png\" \/>\n<meta name=\"twitter:card\" content=\"summary_large_image\" \/>\n<meta name=\"twitter:label1\" content=\"Gesch\u00e4tzte Lesezeit\" \/>\n\t<meta name=\"twitter:data1\" content=\"1\u00a0Minute\" \/>\n<script type=\"application\/ld+json\" class=\"yoast-schema-graph\">{\"@context\":\"https:\\\/\\\/schema.org\",\"@graph\":[{\"@type\":\"WebPage\",\"@id\":\"https:\\\/\\\/wein-werte.com\\\/de\\\/produkt\\\/alfredo-arribas-gotes-del-montsant-2022-750ml\\\/\",\"url\":\"https:\\\/\\\/wein-werte.com\\\/de\\\/produkt\\\/alfredo-arribas-gotes-del-montsant-2022-750ml\\\/\",\"name\":\"Alfredo Arribas Gotes del Montsant 2022\",\"isPartOf\":{\"@id\":\"https:\\\/\\\/wein-werte.com\\\/de\\\/#website\"},\"primaryImageOfPage\":{\"@id\":\"https:\\\/\\\/wein-werte.com\\\/de\\\/produkt\\\/alfredo-arribas-gotes-del-montsant-2022-750ml\\\/#primaryimage\"},\"image\":{\"@id\":\"https:\\\/\\\/wein-werte.com\\\/de\\\/produkt\\\/alfredo-arribas-gotes-del-montsant-2022-750ml\\\/#primaryimage\"},\"thumbnailUrl\":\"https:\\\/\\\/wein-werte.com\\\/wp-content\\\/uploads\\\/2026\\\/04\\\/Alfredo-Arribas-Gotes-del-Montsant-2022-750ml.png\",\"datePublished\":\"2026-05-05T16:30:35+00:00\",\"description\":\"Kaufe Alfredo Arribas Gotes del Montsant 2022 (Grenache Cuv\u00e9e, trocken aus Montsant, Spanien) bei Wein Werte, Ihrem nachhaltigen Onlineshop.\",\"breadcrumb\":{\"@id\":\"https:\\\/\\\/wein-werte.com\\\/de\\\/produkt\\\/alfredo-arribas-gotes-del-montsant-2022-750ml\\\/#breadcrumb\"},\"inLanguage\":\"de\",\"potentialAction\":[{\"@type\":\"ReadAction\",\"target\":[\"https:\\\/\\\/wein-werte.com\\\/de\\\/produkt\\\/alfredo-arribas-gotes-del-montsant-2022-750ml\\\/\"]}]},{\"@type\":\"ImageObject\",\"inLanguage\":\"de\",\"@id\":\"https:\\\/\\\/wein-werte.com\\\/de\\\/produkt\\\/alfredo-arribas-gotes-del-montsant-2022-750ml\\\/#primaryimage\",\"url\":\"https:\\\/\\\/wein-werte.com\\\/wp-content\\\/uploads\\\/2026\\\/04\\\/Alfredo-Arribas-Gotes-del-Montsant-2022-750ml.png\",\"contentUrl\":\"https:\\\/\\\/wein-werte.com\\\/wp-content\\\/uploads\\\/2026\\\/04\\\/Alfredo-Arribas-Gotes-del-Montsant-2022-750ml.png\",\"width\":315,\"height\":1200,\"caption\":\"Alfredo Arribas Gotes del Montsant 2022 750ml\"},{\"@type\":\"BreadcrumbList\",\"@id\":\"https:\\\/\\\/wein-werte.com\\\/de\\\/produkt\\\/alfredo-arribas-gotes-del-montsant-2022-750ml\\\/#breadcrumb\",\"itemListElement\":[{\"@type\":\"ListItem\",\"position\":1,\"name\":\"Home\",\"item\":\"https:\\\/\\\/wein-werte.com\\\/de\\\/\"},{\"@type\":\"ListItem\",\"position\":2,\"name\":\"Shop\",\"item\":\"https:\\\/\\\/wein-werte.com\\\/de\\\/shop\\\/\"},{\"@type\":\"ListItem\",\"position\":3,\"name\":\"Alfredo Arribas | Montsant | Gotes del Montsant | 2022 | 750ml\"}]},{\"@type\":\"WebSite\",\"@id\":\"https:\\\/\\\/wein-werte.com\\\/de\\\/#website\",\"url\":\"https:\\\/\\\/wein-werte.com\\\/de\\\/\",\"name\":\"Wein Werte\",\"description\":\"\",\"publisher\":{\"@id\":\"https:\\\/\\\/wein-werte.com\\\/de\\\/#organization\"},\"potentialAction\":[{\"@type\":\"SearchAction\",\"target\":{\"@type\":\"EntryPoint\",\"urlTemplate\":\"https:\\\/\\\/wein-werte.com\\\/de\\\/?s={search_term_string}\"},\"query-input\":{\"@type\":\"PropertyValueSpecification\",\"valueRequired\":true,\"valueName\":\"search_term_string\"}}],\"inLanguage\":\"de\"},{\"@type\":\"Organization\",\"@id\":\"https:\\\/\\\/wein-werte.com\\\/de\\\/#organization\",\"name\":\"Vins Fins Thorrold\",\"url\":\"https:\\\/\\\/wein-werte.com\\\/de\\\/\",\"logo\":{\"@type\":\"ImageObject\",\"inLanguage\":\"de\",\"@id\":\"https:\\\/\\\/wein-werte.com\\\/de\\\/#\\\/schema\\\/logo\\\/image\\\/\",\"url\":\"https:\\\/\\\/wein-werte.com\\\/wp-content\\\/uploads\\\/2023\\\/07\\\/Wein_werte_Logo700-1.png\",\"contentUrl\":\"https:\\\/\\\/wein-werte.com\\\/wp-content\\\/uploads\\\/2023\\\/07\\\/Wein_werte_Logo700-1.png\",\"width\":700,\"height\":272,\"caption\":\"Vins Fins Thorrold\"},\"image\":{\"@id\":\"https:\\\/\\\/wein-werte.com\\\/de\\\/#\\\/schema\\\/logo\\\/image\\\/\"}}]}<\/script>\n<!-- \/ Yoast SEO plugin. -->","yoast_head_json":{"title":"Alfredo Arribas Gotes del Montsant 2022","description":"Kaufe Alfredo Arribas Gotes del Montsant 2022 (Grenache Cuv\u00e9e, trocken aus Montsant, Spanien) bei Wein Werte, Ihrem nachhaltigen Onlineshop.","robots":{"index":"index","follow":"follow","max-snippet":"max-snippet:-1","max-image-preview":"max-image-preview:large","max-video-preview":"max-video-preview:-1"},"canonical":"https:\/\/wein-werte.com\/de\/produkt\/alfredo-arribas-gotes-del-montsant-2022-750ml\/","og_locale":"de_DE","og_type":"article","og_title":"Alfredo Arribas Gotes del Montsant 2022","og_description":"Kaufe Alfredo Arribas Gotes del Montsant 2022 (Grenache Cuv\u00e9e, trocken aus Montsant, Spanien) bei Wein Werte, Ihrem nachhaltigen Onlineshop.","og_url":"https:\/\/wein-werte.com\/de\/produkt\/alfredo-arribas-gotes-del-montsant-2022-750ml\/","og_site_name":"Wein Werte","og_image":[{"width":315,"height":1200,"url":"https:\/\/wein-werte.com\/wp-content\/uploads\/2026\/04\/Alfredo-Arribas-Gotes-del-Montsant-2022-750ml.png","type":"image\/png"}],"twitter_card":"summary_large_image","twitter_misc":{"Gesch\u00e4tzte Lesezeit":"1\u00a0Minute"},"schema":{"@context":"https:\/\/schema.org","@graph":[{"@type":"WebPage","@id":"https:\/\/wein-werte.com\/de\/produkt\/alfredo-arribas-gotes-del-montsant-2022-750ml\/","url":"https:\/\/wein-werte.com\/de\/produkt\/alfredo-arribas-gotes-del-montsant-2022-750ml\/","name":"Alfredo Arribas Gotes del Montsant 2022","isPartOf":{"@id":"https:\/\/wein-werte.com\/de\/#website"},"primaryImageOfPage":{"@id":"https:\/\/wein-werte.com\/de\/produkt\/alfredo-arribas-gotes-del-montsant-2022-750ml\/#primaryimage"},"image":{"@id":"https:\/\/wein-werte.com\/de\/produkt\/alfredo-arribas-gotes-del-montsant-2022-750ml\/#primaryimage"},"thumbnailUrl":"https:\/\/wein-werte.com\/wp-content\/uploads\/2026\/04\/Alfredo-Arribas-Gotes-del-Montsant-2022-750ml.png","datePublished":"2026-05-05T16:30:35+00:00","description":"Kaufe Alfredo Arribas Gotes del Montsant 2022 (Grenache Cuv\u00e9e, trocken aus Montsant, Spanien) bei Wein Werte, Ihrem nachhaltigen Onlineshop.","breadcrumb":{"@id":"https:\/\/wein-werte.com\/de\/produkt\/alfredo-arribas-gotes-del-montsant-2022-750ml\/#breadcrumb"},"inLanguage":"de","potentialAction":[{"@type":"ReadAction","target":["https:\/\/wein-werte.com\/de\/produkt\/alfredo-arribas-gotes-del-montsant-2022-750ml\/"]}]},{"@type":"ImageObject","inLanguage":"de","@id":"https:\/\/wein-werte.com\/de\/produkt\/alfredo-arribas-gotes-del-montsant-2022-750ml\/#primaryimage","url":"https:\/\/wein-werte.com\/wp-content\/uploads\/2026\/04\/Alfredo-Arribas-Gotes-del-Montsant-2022-750ml.png","contentUrl":"https:\/\/wein-werte.com\/wp-content\/uploads\/2026\/04\/Alfredo-Arribas-Gotes-del-Montsant-2022-750ml.png","width":315,"height":1200,"caption":"Alfredo Arribas Gotes del Montsant 2022 750ml"},{"@type":"BreadcrumbList","@id":"https:\/\/wein-werte.com\/de\/produkt\/alfredo-arribas-gotes-del-montsant-2022-750ml\/#breadcrumb","itemListElement":[{"@type":"ListItem","position":1,"name":"Home","item":"https:\/\/wein-werte.com\/de\/"},{"@type":"ListItem","position":2,"name":"Shop","item":"https:\/\/wein-werte.com\/de\/shop\/"},{"@type":"ListItem","position":3,"name":"Alfredo Arribas | Montsant | Gotes del Montsant | 2022 | 750ml"}]},{"@type":"WebSite","@id":"https:\/\/wein-werte.com\/de\/#website","url":"https:\/\/wein-werte.com\/de\/","name":"Wein Werte","description":"","publisher":{"@id":"https:\/\/wein-werte.com\/de\/#organization"},"potentialAction":[{"@type":"SearchAction","target":{"@type":"EntryPoint","urlTemplate":"https:\/\/wein-werte.com\/de\/?s={search_term_string}"},"query-input":{"@type":"PropertyValueSpecification","valueRequired":true,"valueName":"search_term_string"}}],"inLanguage":"de"},{"@type":"Organization","@id":"https:\/\/wein-werte.com\/de\/#organization","name":"Vins Fins Thorrold","url":"https:\/\/wein-werte.com\/de\/","logo":{"@type":"ImageObject","inLanguage":"de","@id":"https:\/\/wein-werte.com\/de\/#\/schema\/logo\/image\/","url":"https:\/\/wein-werte.com\/wp-content\/uploads\/2023\/07\/Wein_werte_Logo700-1.png","contentUrl":"https:\/\/wein-werte.com\/wp-content\/uploads\/2023\/07\/Wein_werte_Logo700-1.png","width":700,"height":272,"caption":"Vins Fins Thorrold"},"image":{"@id":"https:\/\/wein-werte.com\/de\/#\/schema\/logo\/image\/"}}]}},"_links":{"self":[{"href":"https:\/\/wein-werte.com\/de\/wp-json\/wp\/v2\/product\/1133672","targetHints":{"allow":["GET"]}}],"collection":[{"href":"https:\/\/wein-werte.com\/de\/wp-json\/wp\/v2\/product"}],"about":[{"href":"https:\/\/wein-werte.com\/de\/wp-json\/wp\/v2\/types\/product"}],"wp:featuredmedia":[{"embeddable":true,"href":"https:\/\/wein-werte.com\/de\/wp-json\/wp\/v2\/media\/1144044"}],"wp:attachment":[{"href":"https:\/\/wein-werte.com\/de\/wp-json\/wp\/v2\/media?parent=1133672"}],"wp:term":[{"taxonomy":"product_brand","embeddable":true,"href":"https:\/\/wein-werte.com\/de\/wp-json\/wp\/v2\/product_brand?post=1133672"},{"taxonomy":"product_cat","embeddable":true,"href":"https:\/\/wein-werte.com\/de\/wp-json\/wp\/v2\/product_cat?post=1133672"},{"taxonomy":"product_tag","embeddable":true,"href":"https:\/\/wein-werte.com\/de\/wp-json\/wp\/v2\/product_tag?post=1133672"}],"curies":[{"name":"wp","href":"https:\/\/api.w.org\/{rel}","templated":true}]}}