{"id":1133656,"date":"2026-05-08T20:06:09","date_gmt":"2026-05-08T18:06:09","guid":{"rendered":"https:\/\/wein-werte.com\/product\/vins-nus-instabile-brisat-no-3-in-albis-2022-750ml\/"},"modified":"2026-04-27T11:50:56","modified_gmt":"2026-04-27T09:50:56","slug":"vins-nus-instabile-brisat-no-3-in-albis-2022-750ml","status":"publish","type":"product","link":"https:\/\/wein-werte.com\/de\/produkt\/vins-nus-instabile-brisat-no-3-in-albis-2022-750ml\/","title":{"rendered":"Vins Nus | Priorat | Instabile Brisat No. 3, In Albis | 2022 | 750ml"},"content":{"rendered":"<p>Produktbeschreibung f\u00fcr Vins Nus Instabile Brisat No. 3, In Albis 2022  <\/p>\n<h5>Info<\/h5>\n<p> Das Konzept Brisat lebt von mediterraner Identit\u00e4t und Trinkfluss. Eine Vielzahl heimischer Rebsorten wird zu einem Gesamtbild vereint, die alle recht hoch auf 480 H\u00f6henmetern wachsen. Grenache Blanc, Macabeo, Cartoixa und Muscat. Lange Maischestandzeiten sind elementar. 50% werden mit ganzen Trauben sowie die verbleibende H\u00e4lfte entrappt vergoren. In gro\u00dfen Holzg\u00e4rst\u00e4ndern als auch Amphoren findet die G\u00e4rung statt. Im Anschluss wird in horizontalen Eiern aus Beton ausgebaut. <\/p>\n<h5>Farbe<\/h5>\n<p> Leuchtendes Zitronengelb mit tief orangenen Reflexen <\/p>\n<h5>Nase<\/h5>\n<p> Der 2022 Brisat lebt von einer wilden, exotischen Nase. Gr\u00fcne Mango und Grapefruit unterstreichen dies. Karamellisierte Quitte stellt neben Orange in allen Facetten den dominantesten Part der Nase dar. Bl\u00fcten von eben Orange, aber auch Apfel und Mandel sorgen f\u00fcr ein bes\u00e4nftigendes, weiches Element, das in Eleganz m\u00fcndet. Zimt und Nelke schleichen sich \u00fcber die Hintert\u00fcr ein. <\/p>\n<h5>Gaumen<\/h5>\n<p> Am Gaumen ist er dann druckvoll, aber keineswegs \u00fcberm\u00e4chtig. Seine nussige, salzige Art wei\u00df durch Umami zu \u00fcberzeugen. Dahinter zeigen sich Zitrusfr\u00fcchte in allen Facetten. Orange, Mandarine, Grapefruit. Saft, Schale, Zeste und Haut. Sein Tannin ist weich und bes\u00e4nftigend. Er wirkt bei aller Intensit\u00e4t dennoch schlank und fast rassig. Er wird dabei immer saftiger und animierender. Die Aromatik pr\u00e4gt auch den Nachhall auf angenehme Art und Weise. <\/p>\n<p>Copyright Vinaturel 2025<\/p>\n<p>Keywords: <a href=\"https:\/\/wein-werte.com\/de\/shop\/?swoof=1&#038;pa_producer=Vins-Nus\">Vins Nus<\/a> <a href=\"https:\/\/wein-werte.com\/de\/shop\/?swoof=1&#038;woof_text=Instabile Brisat No. 3, In Albis\">Instabile Brisat No. 3, In Albis<\/a> 2022  <a href=\"https:\/\/wein-werte.com\/de\/shop\/?swoof=1&#038;pa_region=Priorat\">Priorat<\/a> <a href=\"https:\/\/wein-werte.com\/de\/shop\/?swoof=1&#038;pa_country=Spanien\">Spanien<\/a><\/p>\n<p>Internetseite des Weinguts: <a href=\"https:\/\/vinsnus.com\/en\/\" target=\"_blank\">https:\/\/vinsnus.com\/en\/<\/a><\/p>\n","protected":false},"excerpt":{"rendered":"<p>Lieferzeit: 1 bis 2 Arbeitstage (DE), 2 bis 5 Arbeitstage (EU and CH)<\/p>\n","protected":false},"featured_media":1144030,"template":"","meta":[],"product_brand":[],"product_cat":[19],"product_tag":[],"class_list":{"0":"post-1133656","1":"product","2":"type-product","3":"status-publish","4":"has-post-thumbnail","6":"product_cat-unkategorisiert","7":"pa_alcohol-for-filter-12897","8":"pa_certified-biodynamic-nein-de","9":"pa_certified-organic-nein-de","10":"pa_colour-weiss","11":"pa_country-spanien","12":"pa_grape-grenache-blanc-cuvee","13":"pa_price-for-filter-10566","14":"pa_producer-vins-nus","15":"pa_region-priorat","16":"pa_size-ml-6584","17":"pa_sweetness-trocken-de","18":"pa_type-2-still-de","19":"pa_vintage-2022-de","20":"entry","21":"has-media","23":"first","24":"instock","25":"taxable","26":"shipping-taxable","27":"purchasable","28":"product-type-simple"},"yoast_head":"<!-- This site is optimized with the Yoast SEO plugin v27.5 - https:\/\/yoast.com\/product\/yoast-seo-wordpress\/ -->\n<title>Vins Nus Instabile Brisat No. 3 In Albis 2022<\/title>\n<meta name=\"description\" content=\"Kaufe Vins Nus Instabile Brisat No. 3 In Albis 2022 (Grenache blanc Cuv\u00e9e, trocken aus Priorat, Spanien) bei Wein Werte, Ihrem nachhaltigen Onlineshop.\" \/>\n<meta name=\"robots\" content=\"index, follow, max-snippet:-1, max-image-preview:large, max-video-preview:-1\" \/>\n<link rel=\"canonical\" href=\"https:\/\/wein-werte.com\/de\/produkt\/vins-nus-instabile-brisat-no-3-in-albis-2022-750ml\/\" \/>\n<meta property=\"og:locale\" content=\"de_DE\" \/>\n<meta property=\"og:type\" content=\"article\" \/>\n<meta property=\"og:title\" content=\"Vins Nus Instabile Brisat No. 3 In Albis 2022\" \/>\n<meta property=\"og:description\" content=\"Kaufe Vins Nus Instabile Brisat No. 3 In Albis 2022 (Grenache blanc Cuv\u00e9e, trocken aus Priorat, Spanien) bei Wein Werte, Ihrem nachhaltigen Onlineshop.\" \/>\n<meta property=\"og:url\" content=\"https:\/\/wein-werte.com\/de\/produkt\/vins-nus-instabile-brisat-no-3-in-albis-2022-750ml\/\" \/>\n<meta property=\"og:site_name\" content=\"Wein Werte\" \/>\n<meta property=\"og:image\" content=\"https:\/\/wein-werte.com\/wp-content\/uploads\/2026\/04\/Vins-Nus-Instabile-Brisat-No.-3-In-Albis-2022-750ml.png\" \/>\n\t<meta property=\"og:image:width\" content=\"327\" \/>\n\t<meta property=\"og:image:height\" content=\"1200\" \/>\n\t<meta property=\"og:image:type\" content=\"image\/png\" \/>\n<meta name=\"twitter:card\" content=\"summary_large_image\" \/>\n<meta name=\"twitter:label1\" content=\"Gesch\u00e4tzte Lesezeit\" \/>\n\t<meta name=\"twitter:data1\" content=\"1\u00a0Minute\" \/>\n<script type=\"application\/ld+json\" class=\"yoast-schema-graph\">{\"@context\":\"https:\\\/\\\/schema.org\",\"@graph\":[{\"@type\":\"WebPage\",\"@id\":\"https:\\\/\\\/wein-werte.com\\\/de\\\/produkt\\\/vins-nus-instabile-brisat-no-3-in-albis-2022-750ml\\\/\",\"url\":\"https:\\\/\\\/wein-werte.com\\\/de\\\/produkt\\\/vins-nus-instabile-brisat-no-3-in-albis-2022-750ml\\\/\",\"name\":\"Vins Nus Instabile Brisat No. 3 In Albis 2022\",\"isPartOf\":{\"@id\":\"https:\\\/\\\/wein-werte.com\\\/de\\\/#website\"},\"primaryImageOfPage\":{\"@id\":\"https:\\\/\\\/wein-werte.com\\\/de\\\/produkt\\\/vins-nus-instabile-brisat-no-3-in-albis-2022-750ml\\\/#primaryimage\"},\"image\":{\"@id\":\"https:\\\/\\\/wein-werte.com\\\/de\\\/produkt\\\/vins-nus-instabile-brisat-no-3-in-albis-2022-750ml\\\/#primaryimage\"},\"thumbnailUrl\":\"https:\\\/\\\/wein-werte.com\\\/wp-content\\\/uploads\\\/2026\\\/04\\\/Vins-Nus-Instabile-Brisat-No.-3-In-Albis-2022-750ml.png\",\"datePublished\":\"2026-05-08T18:06:09+00:00\",\"description\":\"Kaufe Vins Nus Instabile Brisat No. 3 In Albis 2022 (Grenache blanc Cuv\u00e9e, trocken aus Priorat, Spanien) bei Wein Werte, Ihrem nachhaltigen Onlineshop.\",\"breadcrumb\":{\"@id\":\"https:\\\/\\\/wein-werte.com\\\/de\\\/produkt\\\/vins-nus-instabile-brisat-no-3-in-albis-2022-750ml\\\/#breadcrumb\"},\"inLanguage\":\"de\",\"potentialAction\":[{\"@type\":\"ReadAction\",\"target\":[\"https:\\\/\\\/wein-werte.com\\\/de\\\/produkt\\\/vins-nus-instabile-brisat-no-3-in-albis-2022-750ml\\\/\"]}]},{\"@type\":\"ImageObject\",\"inLanguage\":\"de\",\"@id\":\"https:\\\/\\\/wein-werte.com\\\/de\\\/produkt\\\/vins-nus-instabile-brisat-no-3-in-albis-2022-750ml\\\/#primaryimage\",\"url\":\"https:\\\/\\\/wein-werte.com\\\/wp-content\\\/uploads\\\/2026\\\/04\\\/Vins-Nus-Instabile-Brisat-No.-3-In-Albis-2022-750ml.png\",\"contentUrl\":\"https:\\\/\\\/wein-werte.com\\\/wp-content\\\/uploads\\\/2026\\\/04\\\/Vins-Nus-Instabile-Brisat-No.-3-In-Albis-2022-750ml.png\",\"width\":327,\"height\":1200,\"caption\":\"Vins Nus Instabile Brisat No. 3, In Albis 2022 750ml\"},{\"@type\":\"BreadcrumbList\",\"@id\":\"https:\\\/\\\/wein-werte.com\\\/de\\\/produkt\\\/vins-nus-instabile-brisat-no-3-in-albis-2022-750ml\\\/#breadcrumb\",\"itemListElement\":[{\"@type\":\"ListItem\",\"position\":1,\"name\":\"Home\",\"item\":\"https:\\\/\\\/wein-werte.com\\\/de\\\/\"},{\"@type\":\"ListItem\",\"position\":2,\"name\":\"Shop\",\"item\":\"https:\\\/\\\/wein-werte.com\\\/de\\\/shop\\\/\"},{\"@type\":\"ListItem\",\"position\":3,\"name\":\"Vins Nus | Priorat | Instabile Brisat No. 3, In Albis | 2022 | 750ml\"}]},{\"@type\":\"WebSite\",\"@id\":\"https:\\\/\\\/wein-werte.com\\\/de\\\/#website\",\"url\":\"https:\\\/\\\/wein-werte.com\\\/de\\\/\",\"name\":\"Wein Werte\",\"description\":\"\",\"publisher\":{\"@id\":\"https:\\\/\\\/wein-werte.com\\\/de\\\/#organization\"},\"potentialAction\":[{\"@type\":\"SearchAction\",\"target\":{\"@type\":\"EntryPoint\",\"urlTemplate\":\"https:\\\/\\\/wein-werte.com\\\/de\\\/?s={search_term_string}\"},\"query-input\":{\"@type\":\"PropertyValueSpecification\",\"valueRequired\":true,\"valueName\":\"search_term_string\"}}],\"inLanguage\":\"de\"},{\"@type\":\"Organization\",\"@id\":\"https:\\\/\\\/wein-werte.com\\\/de\\\/#organization\",\"name\":\"Vins Fins Thorrold\",\"url\":\"https:\\\/\\\/wein-werte.com\\\/de\\\/\",\"logo\":{\"@type\":\"ImageObject\",\"inLanguage\":\"de\",\"@id\":\"https:\\\/\\\/wein-werte.com\\\/de\\\/#\\\/schema\\\/logo\\\/image\\\/\",\"url\":\"https:\\\/\\\/wein-werte.com\\\/wp-content\\\/uploads\\\/2023\\\/07\\\/Wein_werte_Logo700-1.png\",\"contentUrl\":\"https:\\\/\\\/wein-werte.com\\\/wp-content\\\/uploads\\\/2023\\\/07\\\/Wein_werte_Logo700-1.png\",\"width\":700,\"height\":272,\"caption\":\"Vins Fins Thorrold\"},\"image\":{\"@id\":\"https:\\\/\\\/wein-werte.com\\\/de\\\/#\\\/schema\\\/logo\\\/image\\\/\"}}]}<\/script>\n<!-- \/ Yoast SEO plugin. -->","yoast_head_json":{"title":"Vins Nus Instabile Brisat No. 3 In Albis 2022","description":"Kaufe Vins Nus Instabile Brisat No. 3 In Albis 2022 (Grenache blanc Cuv\u00e9e, trocken aus Priorat, Spanien) bei Wein Werte, Ihrem nachhaltigen Onlineshop.","robots":{"index":"index","follow":"follow","max-snippet":"max-snippet:-1","max-image-preview":"max-image-preview:large","max-video-preview":"max-video-preview:-1"},"canonical":"https:\/\/wein-werte.com\/de\/produkt\/vins-nus-instabile-brisat-no-3-in-albis-2022-750ml\/","og_locale":"de_DE","og_type":"article","og_title":"Vins Nus Instabile Brisat No. 3 In Albis 2022","og_description":"Kaufe Vins Nus Instabile Brisat No. 3 In Albis 2022 (Grenache blanc Cuv\u00e9e, trocken aus Priorat, Spanien) bei Wein Werte, Ihrem nachhaltigen Onlineshop.","og_url":"https:\/\/wein-werte.com\/de\/produkt\/vins-nus-instabile-brisat-no-3-in-albis-2022-750ml\/","og_site_name":"Wein Werte","og_image":[{"width":327,"height":1200,"url":"https:\/\/wein-werte.com\/wp-content\/uploads\/2026\/04\/Vins-Nus-Instabile-Brisat-No.-3-In-Albis-2022-750ml.png","type":"image\/png"}],"twitter_card":"summary_large_image","twitter_misc":{"Gesch\u00e4tzte Lesezeit":"1\u00a0Minute"},"schema":{"@context":"https:\/\/schema.org","@graph":[{"@type":"WebPage","@id":"https:\/\/wein-werte.com\/de\/produkt\/vins-nus-instabile-brisat-no-3-in-albis-2022-750ml\/","url":"https:\/\/wein-werte.com\/de\/produkt\/vins-nus-instabile-brisat-no-3-in-albis-2022-750ml\/","name":"Vins Nus Instabile Brisat No. 3 In Albis 2022","isPartOf":{"@id":"https:\/\/wein-werte.com\/de\/#website"},"primaryImageOfPage":{"@id":"https:\/\/wein-werte.com\/de\/produkt\/vins-nus-instabile-brisat-no-3-in-albis-2022-750ml\/#primaryimage"},"image":{"@id":"https:\/\/wein-werte.com\/de\/produkt\/vins-nus-instabile-brisat-no-3-in-albis-2022-750ml\/#primaryimage"},"thumbnailUrl":"https:\/\/wein-werte.com\/wp-content\/uploads\/2026\/04\/Vins-Nus-Instabile-Brisat-No.-3-In-Albis-2022-750ml.png","datePublished":"2026-05-08T18:06:09+00:00","description":"Kaufe Vins Nus Instabile Brisat No. 3 In Albis 2022 (Grenache blanc Cuv\u00e9e, trocken aus Priorat, Spanien) bei Wein Werte, Ihrem nachhaltigen Onlineshop.","breadcrumb":{"@id":"https:\/\/wein-werte.com\/de\/produkt\/vins-nus-instabile-brisat-no-3-in-albis-2022-750ml\/#breadcrumb"},"inLanguage":"de","potentialAction":[{"@type":"ReadAction","target":["https:\/\/wein-werte.com\/de\/produkt\/vins-nus-instabile-brisat-no-3-in-albis-2022-750ml\/"]}]},{"@type":"ImageObject","inLanguage":"de","@id":"https:\/\/wein-werte.com\/de\/produkt\/vins-nus-instabile-brisat-no-3-in-albis-2022-750ml\/#primaryimage","url":"https:\/\/wein-werte.com\/wp-content\/uploads\/2026\/04\/Vins-Nus-Instabile-Brisat-No.-3-In-Albis-2022-750ml.png","contentUrl":"https:\/\/wein-werte.com\/wp-content\/uploads\/2026\/04\/Vins-Nus-Instabile-Brisat-No.-3-In-Albis-2022-750ml.png","width":327,"height":1200,"caption":"Vins Nus Instabile Brisat No. 3, In Albis 2022 750ml"},{"@type":"BreadcrumbList","@id":"https:\/\/wein-werte.com\/de\/produkt\/vins-nus-instabile-brisat-no-3-in-albis-2022-750ml\/#breadcrumb","itemListElement":[{"@type":"ListItem","position":1,"name":"Home","item":"https:\/\/wein-werte.com\/de\/"},{"@type":"ListItem","position":2,"name":"Shop","item":"https:\/\/wein-werte.com\/de\/shop\/"},{"@type":"ListItem","position":3,"name":"Vins Nus | Priorat | Instabile Brisat No. 3, In Albis | 2022 | 750ml"}]},{"@type":"WebSite","@id":"https:\/\/wein-werte.com\/de\/#website","url":"https:\/\/wein-werte.com\/de\/","name":"Wein Werte","description":"","publisher":{"@id":"https:\/\/wein-werte.com\/de\/#organization"},"potentialAction":[{"@type":"SearchAction","target":{"@type":"EntryPoint","urlTemplate":"https:\/\/wein-werte.com\/de\/?s={search_term_string}"},"query-input":{"@type":"PropertyValueSpecification","valueRequired":true,"valueName":"search_term_string"}}],"inLanguage":"de"},{"@type":"Organization","@id":"https:\/\/wein-werte.com\/de\/#organization","name":"Vins Fins Thorrold","url":"https:\/\/wein-werte.com\/de\/","logo":{"@type":"ImageObject","inLanguage":"de","@id":"https:\/\/wein-werte.com\/de\/#\/schema\/logo\/image\/","url":"https:\/\/wein-werte.com\/wp-content\/uploads\/2023\/07\/Wein_werte_Logo700-1.png","contentUrl":"https:\/\/wein-werte.com\/wp-content\/uploads\/2023\/07\/Wein_werte_Logo700-1.png","width":700,"height":272,"caption":"Vins Fins Thorrold"},"image":{"@id":"https:\/\/wein-werte.com\/de\/#\/schema\/logo\/image\/"}}]}},"_links":{"self":[{"href":"https:\/\/wein-werte.com\/de\/wp-json\/wp\/v2\/product\/1133656","targetHints":{"allow":["GET"]}}],"collection":[{"href":"https:\/\/wein-werte.com\/de\/wp-json\/wp\/v2\/product"}],"about":[{"href":"https:\/\/wein-werte.com\/de\/wp-json\/wp\/v2\/types\/product"}],"wp:featuredmedia":[{"embeddable":true,"href":"https:\/\/wein-werte.com\/de\/wp-json\/wp\/v2\/media\/1144030"}],"wp:attachment":[{"href":"https:\/\/wein-werte.com\/de\/wp-json\/wp\/v2\/media?parent=1133656"}],"wp:term":[{"taxonomy":"product_brand","embeddable":true,"href":"https:\/\/wein-werte.com\/de\/wp-json\/wp\/v2\/product_brand?post=1133656"},{"taxonomy":"product_cat","embeddable":true,"href":"https:\/\/wein-werte.com\/de\/wp-json\/wp\/v2\/product_cat?post=1133656"},{"taxonomy":"product_tag","embeddable":true,"href":"https:\/\/wein-werte.com\/de\/wp-json\/wp\/v2\/product_tag?post=1133656"}],"curies":[{"name":"wp","href":"https:\/\/api.w.org\/{rel}","templated":true}]}}