{"id":1133647,"date":"2026-05-05T18:30:33","date_gmt":"2026-05-05T16:30:33","guid":{"rendered":"https:\/\/wein-werte.com\/product\/alfredo-arribas-tros-blanc-saleras-2017-750ml\/"},"modified":"2026-04-27T11:50:56","modified_gmt":"2026-04-27T09:50:56","slug":"alfredo-arribas-tros-blanc-saleras-2017-750ml","status":"publish","type":"product","link":"https:\/\/wein-werte.com\/de\/produkt\/alfredo-arribas-tros-blanc-saleras-2017-750ml\/","title":{"rendered":"Alfredo Arribas | Montsant | Tros Blanc Saleras | 2017 | 750ml"},"content":{"rendered":"<p>Produktbeschreibung f\u00fcr Alfredo Arribas Tros Blanc Saleras 2017  <\/p>\n<h5>Info<\/h5>\n<p> Die knapp siebzigj\u00e4hrigen Reben an Garnacha Blanca stehen auf einem Weinberg auf 325 H\u00f6henmetern im Montsant. Vereinzelt wurden damals auch ein paar St\u00f6cke Macabeo ausgebracht. Im Untergrund dieser Einzellage, Vino Parcellaires, findet man Sand und eine kalkige Basis. Die Pflanzdichte betr\u00e4gt 2000 Rebst\u00f6cke je Hektar. Es wurde in der letzten Augustwoche in 2017 gelesen. Verg\u00e4rung erfolgt in gro\u00dfen G\u00e4rst\u00e4ndern franz\u00f6sischer Eiche. Auf der Hefe wird im Anschluss f\u00fcr zehn Monate in 500l-Tonneaus ausgebaut. <\/p>\n<h5>Farbe<\/h5>\n<p> Leuchtendes Strohgelb mit zarten Ankl\u00e4ngen von Gold <\/p>\n<h5>Nase<\/h5>\n<p> Die Nase l\u00e4sst einen kurz in sich horchen und erzeugt einen Moment der Stille. Fast ehrf\u00fcrchtig tastet man sich dann vor. Die Reife ist durchaus angekommen, steht ihm aber gut. Er wirkt nussig und erinnert an mit Salzbutter bestrichenes Brioche, das nat\u00fcrlich vorher getoastet wurde. Reife Apfel, intensiver Pfirsich sowie kalter Rauch sind bezeichnend f\u00fcr ihn. Er zieht sich in die L\u00e4nge. Er wirkt etherisch und erfrischend. Salbei und Menthol treten in Erscheinung. <\/p>\n<h5>Gaumen<\/h5>\n<p> Und gleich mit dem ersten Schluck unterstreicht er diese Eindr\u00fccke. \u00dcppig und druckvoll baut er sich auf. Seine kalkige, pr\u00e4zise Art sorgt zeitgleich f\u00fcr M\u00e4\u00dfigung und Eleganz. Das animiert enorm. Mit reichlich Schmelz wird er dabei unterlegt. Erdig und mineralisch dazu als Kontrast. Heu und getrocknete Kr\u00e4uter pr\u00e4gen die Aromatik. Die Frucht taucht ab. Ger\u00f6stete Mandeln und Salzteig sind deutlich und lange im Nachhall zu erkennen. Zu diesen R\u00f6staromen passt auch seine vorsichtige Reife enorm. Dieser Anfang von Reife erzeugt auch zahlreiche Umami-Momente am Gaumen. <\/p>\n<p>Copyright Vinaturel 2025<\/p>\n<p>Keywords: <a href=\"https:\/\/wein-werte.com\/de\/shop\/?swoof=1&#038;pa_producer=Alfredo-Arribas\">Alfredo Arribas<\/a> <a href=\"https:\/\/wein-werte.com\/de\/shop\/?swoof=1&#038;woof_text=Tros Blanc Saleras\">Tros Blanc Saleras<\/a> 2017  <a href=\"https:\/\/wein-werte.com\/de\/shop\/?swoof=1&#038;pa_region=Montsant\">Montsant<\/a> <a href=\"https:\/\/wein-werte.com\/de\/shop\/?swoof=1&#038;pa_country=Spanien\">Spanien<\/a><\/p>\n<p>Internetseite des Weinguts: <a href=\"https:\/\/www.closdelportal.com\/\" target=\"_blank\">https:\/\/www.closdelportal.com\/<\/a><\/p>\n","protected":false},"excerpt":{"rendered":"<p>Lieferzeit: 1 bis 2 Arbeitstage (DE), 2 bis 5 Arbeitstage (EU and CH)<\/p>\n","protected":false},"featured_media":1144022,"template":"","meta":[],"product_brand":[],"product_cat":[19],"product_tag":[],"class_list":{"0":"post-1133647","1":"product","2":"type-product","3":"status-publish","4":"has-post-thumbnail","6":"product_cat-unkategorisiert","7":"pa_alcohol-for-filter-12892","8":"pa_certified-biodynamic-nein-de","9":"pa_certified-organic-nein-de","10":"pa_colour-weiss","11":"pa_country-spanien","12":"pa_grape-grenache-blanc","13":"pa_price-for-filter-10629","14":"pa_producer-alfredo-arribas","15":"pa_region-montsant","16":"pa_size-ml-6584","17":"pa_sweetness-trocken-de","18":"pa_type-2-still-de","19":"pa_vintage-2017-de","20":"entry","21":"has-media","23":"first","24":"instock","25":"taxable","26":"shipping-taxable","27":"purchasable","28":"product-type-simple"},"yoast_head":"<!-- This site is optimized with the Yoast SEO plugin v27.5 - https:\/\/yoast.com\/product\/yoast-seo-wordpress\/ -->\n<title>Alfredo Arribas Tros blanc Saleras 2017<\/title>\n<meta name=\"description\" content=\"Kaufe Alfredo Arribas Tros blanc Saleras 2017 (Grenache blanc, trocken aus Montsant, Spanien) bei Wein Werte, Ihrem nachhaltigen Onlineshop.\" \/>\n<meta name=\"robots\" content=\"index, follow, max-snippet:-1, max-image-preview:large, max-video-preview:-1\" \/>\n<link rel=\"canonical\" href=\"https:\/\/wein-werte.com\/de\/produkt\/alfredo-arribas-tros-blanc-saleras-2017-750ml\/\" \/>\n<meta property=\"og:locale\" content=\"de_DE\" \/>\n<meta property=\"og:type\" content=\"article\" \/>\n<meta property=\"og:title\" content=\"Alfredo Arribas Tros blanc Saleras 2017\" \/>\n<meta property=\"og:description\" content=\"Kaufe Alfredo Arribas Tros blanc Saleras 2017 (Grenache blanc, trocken aus Montsant, Spanien) bei Wein Werte, Ihrem nachhaltigen Onlineshop.\" \/>\n<meta property=\"og:url\" content=\"https:\/\/wein-werte.com\/de\/produkt\/alfredo-arribas-tros-blanc-saleras-2017-750ml\/\" \/>\n<meta property=\"og:site_name\" content=\"Wein Werte\" \/>\n<meta property=\"og:image\" content=\"https:\/\/wein-werte.com\/wp-content\/uploads\/2026\/04\/Alfredo-Arribas-Tros-blanc-Saleras-2017-750ml.png\" \/>\n\t<meta property=\"og:image:width\" content=\"325\" \/>\n\t<meta property=\"og:image:height\" content=\"1200\" \/>\n\t<meta property=\"og:image:type\" content=\"image\/png\" \/>\n<meta name=\"twitter:card\" content=\"summary_large_image\" \/>\n<meta name=\"twitter:label1\" content=\"Gesch\u00e4tzte Lesezeit\" \/>\n\t<meta name=\"twitter:data1\" content=\"1\u00a0Minute\" \/>\n<script type=\"application\/ld+json\" class=\"yoast-schema-graph\">{\"@context\":\"https:\\\/\\\/schema.org\",\"@graph\":[{\"@type\":\"WebPage\",\"@id\":\"https:\\\/\\\/wein-werte.com\\\/de\\\/produkt\\\/alfredo-arribas-tros-blanc-saleras-2017-750ml\\\/\",\"url\":\"https:\\\/\\\/wein-werte.com\\\/de\\\/produkt\\\/alfredo-arribas-tros-blanc-saleras-2017-750ml\\\/\",\"name\":\"Alfredo Arribas Tros blanc Saleras 2017\",\"isPartOf\":{\"@id\":\"https:\\\/\\\/wein-werte.com\\\/de\\\/#website\"},\"primaryImageOfPage\":{\"@id\":\"https:\\\/\\\/wein-werte.com\\\/de\\\/produkt\\\/alfredo-arribas-tros-blanc-saleras-2017-750ml\\\/#primaryimage\"},\"image\":{\"@id\":\"https:\\\/\\\/wein-werte.com\\\/de\\\/produkt\\\/alfredo-arribas-tros-blanc-saleras-2017-750ml\\\/#primaryimage\"},\"thumbnailUrl\":\"https:\\\/\\\/wein-werte.com\\\/wp-content\\\/uploads\\\/2026\\\/04\\\/Alfredo-Arribas-Tros-blanc-Saleras-2017-750ml.png\",\"datePublished\":\"2026-05-05T16:30:33+00:00\",\"description\":\"Kaufe Alfredo Arribas Tros blanc Saleras 2017 (Grenache blanc, trocken aus Montsant, Spanien) bei Wein Werte, Ihrem nachhaltigen Onlineshop.\",\"breadcrumb\":{\"@id\":\"https:\\\/\\\/wein-werte.com\\\/de\\\/produkt\\\/alfredo-arribas-tros-blanc-saleras-2017-750ml\\\/#breadcrumb\"},\"inLanguage\":\"de\",\"potentialAction\":[{\"@type\":\"ReadAction\",\"target\":[\"https:\\\/\\\/wein-werte.com\\\/de\\\/produkt\\\/alfredo-arribas-tros-blanc-saleras-2017-750ml\\\/\"]}]},{\"@type\":\"ImageObject\",\"inLanguage\":\"de\",\"@id\":\"https:\\\/\\\/wein-werte.com\\\/de\\\/produkt\\\/alfredo-arribas-tros-blanc-saleras-2017-750ml\\\/#primaryimage\",\"url\":\"https:\\\/\\\/wein-werte.com\\\/wp-content\\\/uploads\\\/2026\\\/04\\\/Alfredo-Arribas-Tros-blanc-Saleras-2017-750ml.png\",\"contentUrl\":\"https:\\\/\\\/wein-werte.com\\\/wp-content\\\/uploads\\\/2026\\\/04\\\/Alfredo-Arribas-Tros-blanc-Saleras-2017-750ml.png\",\"width\":325,\"height\":1200,\"caption\":\"Alfredo Arribas Tros Blanc Saleras 2017 750ml\"},{\"@type\":\"BreadcrumbList\",\"@id\":\"https:\\\/\\\/wein-werte.com\\\/de\\\/produkt\\\/alfredo-arribas-tros-blanc-saleras-2017-750ml\\\/#breadcrumb\",\"itemListElement\":[{\"@type\":\"ListItem\",\"position\":1,\"name\":\"Home\",\"item\":\"https:\\\/\\\/wein-werte.com\\\/de\\\/\"},{\"@type\":\"ListItem\",\"position\":2,\"name\":\"Shop\",\"item\":\"https:\\\/\\\/wein-werte.com\\\/de\\\/shop\\\/\"},{\"@type\":\"ListItem\",\"position\":3,\"name\":\"Alfredo Arribas | Montsant | Tros Blanc Saleras | 2017 | 750ml\"}]},{\"@type\":\"WebSite\",\"@id\":\"https:\\\/\\\/wein-werte.com\\\/de\\\/#website\",\"url\":\"https:\\\/\\\/wein-werte.com\\\/de\\\/\",\"name\":\"Wein Werte\",\"description\":\"\",\"publisher\":{\"@id\":\"https:\\\/\\\/wein-werte.com\\\/de\\\/#organization\"},\"potentialAction\":[{\"@type\":\"SearchAction\",\"target\":{\"@type\":\"EntryPoint\",\"urlTemplate\":\"https:\\\/\\\/wein-werte.com\\\/de\\\/?s={search_term_string}\"},\"query-input\":{\"@type\":\"PropertyValueSpecification\",\"valueRequired\":true,\"valueName\":\"search_term_string\"}}],\"inLanguage\":\"de\"},{\"@type\":\"Organization\",\"@id\":\"https:\\\/\\\/wein-werte.com\\\/de\\\/#organization\",\"name\":\"Vins Fins Thorrold\",\"url\":\"https:\\\/\\\/wein-werte.com\\\/de\\\/\",\"logo\":{\"@type\":\"ImageObject\",\"inLanguage\":\"de\",\"@id\":\"https:\\\/\\\/wein-werte.com\\\/de\\\/#\\\/schema\\\/logo\\\/image\\\/\",\"url\":\"https:\\\/\\\/wein-werte.com\\\/wp-content\\\/uploads\\\/2023\\\/07\\\/Wein_werte_Logo700-1.png\",\"contentUrl\":\"https:\\\/\\\/wein-werte.com\\\/wp-content\\\/uploads\\\/2023\\\/07\\\/Wein_werte_Logo700-1.png\",\"width\":700,\"height\":272,\"caption\":\"Vins Fins Thorrold\"},\"image\":{\"@id\":\"https:\\\/\\\/wein-werte.com\\\/de\\\/#\\\/schema\\\/logo\\\/image\\\/\"}}]}<\/script>\n<!-- \/ Yoast SEO plugin. -->","yoast_head_json":{"title":"Alfredo Arribas Tros blanc Saleras 2017","description":"Kaufe Alfredo Arribas Tros blanc Saleras 2017 (Grenache blanc, trocken aus Montsant, Spanien) bei Wein Werte, Ihrem nachhaltigen Onlineshop.","robots":{"index":"index","follow":"follow","max-snippet":"max-snippet:-1","max-image-preview":"max-image-preview:large","max-video-preview":"max-video-preview:-1"},"canonical":"https:\/\/wein-werte.com\/de\/produkt\/alfredo-arribas-tros-blanc-saleras-2017-750ml\/","og_locale":"de_DE","og_type":"article","og_title":"Alfredo Arribas Tros blanc Saleras 2017","og_description":"Kaufe Alfredo Arribas Tros blanc Saleras 2017 (Grenache blanc, trocken aus Montsant, Spanien) bei Wein Werte, Ihrem nachhaltigen Onlineshop.","og_url":"https:\/\/wein-werte.com\/de\/produkt\/alfredo-arribas-tros-blanc-saleras-2017-750ml\/","og_site_name":"Wein Werte","og_image":[{"width":325,"height":1200,"url":"https:\/\/wein-werte.com\/wp-content\/uploads\/2026\/04\/Alfredo-Arribas-Tros-blanc-Saleras-2017-750ml.png","type":"image\/png"}],"twitter_card":"summary_large_image","twitter_misc":{"Gesch\u00e4tzte Lesezeit":"1\u00a0Minute"},"schema":{"@context":"https:\/\/schema.org","@graph":[{"@type":"WebPage","@id":"https:\/\/wein-werte.com\/de\/produkt\/alfredo-arribas-tros-blanc-saleras-2017-750ml\/","url":"https:\/\/wein-werte.com\/de\/produkt\/alfredo-arribas-tros-blanc-saleras-2017-750ml\/","name":"Alfredo Arribas Tros blanc Saleras 2017","isPartOf":{"@id":"https:\/\/wein-werte.com\/de\/#website"},"primaryImageOfPage":{"@id":"https:\/\/wein-werte.com\/de\/produkt\/alfredo-arribas-tros-blanc-saleras-2017-750ml\/#primaryimage"},"image":{"@id":"https:\/\/wein-werte.com\/de\/produkt\/alfredo-arribas-tros-blanc-saleras-2017-750ml\/#primaryimage"},"thumbnailUrl":"https:\/\/wein-werte.com\/wp-content\/uploads\/2026\/04\/Alfredo-Arribas-Tros-blanc-Saleras-2017-750ml.png","datePublished":"2026-05-05T16:30:33+00:00","description":"Kaufe Alfredo Arribas Tros blanc Saleras 2017 (Grenache blanc, trocken aus Montsant, Spanien) bei Wein Werte, Ihrem nachhaltigen Onlineshop.","breadcrumb":{"@id":"https:\/\/wein-werte.com\/de\/produkt\/alfredo-arribas-tros-blanc-saleras-2017-750ml\/#breadcrumb"},"inLanguage":"de","potentialAction":[{"@type":"ReadAction","target":["https:\/\/wein-werte.com\/de\/produkt\/alfredo-arribas-tros-blanc-saleras-2017-750ml\/"]}]},{"@type":"ImageObject","inLanguage":"de","@id":"https:\/\/wein-werte.com\/de\/produkt\/alfredo-arribas-tros-blanc-saleras-2017-750ml\/#primaryimage","url":"https:\/\/wein-werte.com\/wp-content\/uploads\/2026\/04\/Alfredo-Arribas-Tros-blanc-Saleras-2017-750ml.png","contentUrl":"https:\/\/wein-werte.com\/wp-content\/uploads\/2026\/04\/Alfredo-Arribas-Tros-blanc-Saleras-2017-750ml.png","width":325,"height":1200,"caption":"Alfredo Arribas Tros Blanc Saleras 2017 750ml"},{"@type":"BreadcrumbList","@id":"https:\/\/wein-werte.com\/de\/produkt\/alfredo-arribas-tros-blanc-saleras-2017-750ml\/#breadcrumb","itemListElement":[{"@type":"ListItem","position":1,"name":"Home","item":"https:\/\/wein-werte.com\/de\/"},{"@type":"ListItem","position":2,"name":"Shop","item":"https:\/\/wein-werte.com\/de\/shop\/"},{"@type":"ListItem","position":3,"name":"Alfredo Arribas | Montsant | Tros Blanc Saleras | 2017 | 750ml"}]},{"@type":"WebSite","@id":"https:\/\/wein-werte.com\/de\/#website","url":"https:\/\/wein-werte.com\/de\/","name":"Wein Werte","description":"","publisher":{"@id":"https:\/\/wein-werte.com\/de\/#organization"},"potentialAction":[{"@type":"SearchAction","target":{"@type":"EntryPoint","urlTemplate":"https:\/\/wein-werte.com\/de\/?s={search_term_string}"},"query-input":{"@type":"PropertyValueSpecification","valueRequired":true,"valueName":"search_term_string"}}],"inLanguage":"de"},{"@type":"Organization","@id":"https:\/\/wein-werte.com\/de\/#organization","name":"Vins Fins Thorrold","url":"https:\/\/wein-werte.com\/de\/","logo":{"@type":"ImageObject","inLanguage":"de","@id":"https:\/\/wein-werte.com\/de\/#\/schema\/logo\/image\/","url":"https:\/\/wein-werte.com\/wp-content\/uploads\/2023\/07\/Wein_werte_Logo700-1.png","contentUrl":"https:\/\/wein-werte.com\/wp-content\/uploads\/2023\/07\/Wein_werte_Logo700-1.png","width":700,"height":272,"caption":"Vins Fins Thorrold"},"image":{"@id":"https:\/\/wein-werte.com\/de\/#\/schema\/logo\/image\/"}}]}},"_links":{"self":[{"href":"https:\/\/wein-werte.com\/de\/wp-json\/wp\/v2\/product\/1133647","targetHints":{"allow":["GET"]}}],"collection":[{"href":"https:\/\/wein-werte.com\/de\/wp-json\/wp\/v2\/product"}],"about":[{"href":"https:\/\/wein-werte.com\/de\/wp-json\/wp\/v2\/types\/product"}],"wp:featuredmedia":[{"embeddable":true,"href":"https:\/\/wein-werte.com\/de\/wp-json\/wp\/v2\/media\/1144022"}],"wp:attachment":[{"href":"https:\/\/wein-werte.com\/de\/wp-json\/wp\/v2\/media?parent=1133647"}],"wp:term":[{"taxonomy":"product_brand","embeddable":true,"href":"https:\/\/wein-werte.com\/de\/wp-json\/wp\/v2\/product_brand?post=1133647"},{"taxonomy":"product_cat","embeddable":true,"href":"https:\/\/wein-werte.com\/de\/wp-json\/wp\/v2\/product_cat?post=1133647"},{"taxonomy":"product_tag","embeddable":true,"href":"https:\/\/wein-werte.com\/de\/wp-json\/wp\/v2\/product_tag?post=1133647"}],"curies":[{"name":"wp","href":"https:\/\/api.w.org\/{rel}","templated":true}]}}