{"id":1133626,"date":"2026-05-12T15:52:51","date_gmt":"2026-05-12T13:52:51","guid":{"rendered":"https:\/\/wein-werte.com\/product\/vins-nus-instabile-pet-nat-no-0-invitro-2021-750ml\/"},"modified":"2026-05-12T19:58:18","modified_gmt":"2026-05-12T17:58:18","slug":"vins-nus-instabile-pet-nat-no-0-invitro-2021-750ml","status":"publish","type":"product","link":"https:\/\/wein-werte.com\/de\/produkt\/vins-nus-instabile-pet-nat-no-0-invitro-2021-750ml\/","title":{"rendered":"Vins Nus | Priorat | Instabile Pet Nat No. 0 Invitro  | 2021 | 750ml"},"content":{"rendered":"<p>Produktbeschreibung f\u00fcr Vins Nus Instabile Pet Nat No. 0 Invitro  2021  <\/p>\n<h5>Info<\/h5>\n<p> Grenache Blanc und Grenache Gris werden hier vereint. Die Reben sidn 25 Jahre alt und stehen auf 650 H\u00f6henmetern. Die G\u00e4rung findet zun\u00e4chst spontan in Stahltanks statt. W\u00e4hrend der G\u00e4rung wird abgepresst und g\u00e4rend in die Flaschen gezogen. Die weitere G\u00e4rverlauf sorgt dann f\u00fcr eine kleine Menge Kohlens\u00e4ure in der Flasche. <\/p>\n<h5>Farbe<\/h5>\n<p> Blasses, leicht tr\u00fcbes Strohgelb, zur\u00fcckhaltendes Mousseux, niedrige Perlage <\/p>\n<h5>Nase<\/h5>\n<p> Die Nase offenbart einen stark hefigen Eindruck. Dieser wird gl\u00fccklicherweise von Kr\u00e4uterfrische und knackig pr\u00e4senter Frucht unterst\u00fctzt. Mandelgeb\u00e4ck, Hefezopf mit Zuckerguss und Pfannkuchenteig sind die dominanten Komponenten in der Nase. Frisch entsaftete Birne und wei\u00dfer Pfirsich treten hervor. Eukalyptus, Minze, Koriander sowie Zitronenthymian liefern eine enorme Bandbreite an feinster etherischer Aromatik. Auch in getrockneter Form sind diese Kr\u00e4uter vorzufinden. In Ankl\u00e4ngen finde ich auch gr\u00fcne Erbse, frischen Fenchel und Artischocke vor. <\/p>\n<h5>Gaumen<\/h5>\n<p> Auch hier zeigt sich die Kohlens\u00e4ure niedrig eingestellt. Aber es gelingt durchaus einen enormen Frischekick einzuverleiben. Die Frucht zeigt sich zur\u00fcckhaltend, die S\u00e4ure dominiert dagegen. Dadurch wird ein schnelles, unkompliziertes Getr\u00e4nk. Instabile Pet Nat wirkt k\u00fchl, enorm schlank und linear. Die hefige Aromatik tritt nur sehr verhalten auf. Die Kombination aus Birnensaft mit wei\u00dfem Pfirsich ist in der Nase und am Gaumen bezeichnend f\u00fcr ihn. Im Nachhall taucht due Kr\u00e4uterfrische wieder auf.<\/p>\n<p>Copyright Vinaturel 2025<\/p>\n<p>Keywords: <a href=\"https:\/\/wein-werte.com\/de\/shop\/?swoof=1&#038;pa_producer=Vins-Nus\">Vins Nus<\/a> <a href=\"https:\/\/wein-werte.com\/de\/shop\/?swoof=1&#038;woof_text=Instabile Pet Nat No. 0 Invitro \">Instabile Pet Nat No. 0 Invitro <\/a> 2021  <a href=\"https:\/\/wein-werte.com\/de\/shop\/?swoof=1&#038;pa_region=Priorat\">Priorat<\/a> <a href=\"https:\/\/wein-werte.com\/de\/shop\/?swoof=1&#038;pa_country=Spanien\">Spanien<\/a><\/p>\n<p>Internetseite des Weinguts: <a href=\"https:\/\/vinsnus.com\/en\/\" target=\"_blank\">https:\/\/vinsnus.com\/en\/<\/a><\/p>\n","protected":false},"excerpt":{"rendered":"<div style=\"font-size: 14px;\">\n<p>Lieferzeit: 1 bis 2 Arbeitstage (DE), 2 bis 5 Arbeitstage (EU und CH)<\/p>\n<p>Ungef\u00e4hrer Energiegehalt pro 125-ml-Glas: 105 kcal<\/p>\n<\/p><\/div>\n","protected":false},"featured_media":1144006,"template":"","meta":[],"product_brand":[],"product_cat":[19],"product_tag":[],"class_list":{"0":"post-1133626","1":"product","2":"type-product","3":"status-publish","4":"has-post-thumbnail","6":"product_cat-unkategorisiert","7":"pa_alcohol-for-filter-12-5","8":"pa_certified-biodynamic-nein-de","9":"pa_certified-organic-nein-de","10":"pa_colour-rose-de","11":"pa_country-spanien","12":"pa_price-for-filter-10582","13":"pa_producer-vins-nus","14":"pa_region-priorat","15":"pa_size-ml-6584","16":"pa_sweetness-trocken-de","17":"pa_type-2-pet-nat-de","18":"pa_vintage-2021-de","19":"entry","20":"has-media","22":"first","23":"instock","24":"taxable","25":"shipping-taxable","26":"purchasable","27":"product-type-simple"},"yoast_head":"<!-- This site is optimized with the Yoast SEO plugin v27.6 - https:\/\/yoast.com\/product\/yoast-seo-wordpress\/ -->\n<title>Vins Nus Instabile Pet Nat No. 0 Invitro 2021<\/title>\n<meta name=\"description\" content=\"Kaufe Vins Nus Instabile Pet Nat No. 0 Invitro 2021 (, trocken Schaumwein aus Priorat, Spanien) bei Wein Werte, Ihrem nachhaltigen Onlineshop.\" \/>\n<meta name=\"robots\" content=\"index, follow, max-snippet:-1, max-image-preview:large, max-video-preview:-1\" \/>\n<link rel=\"canonical\" href=\"https:\/\/wein-werte.com\/de\/produkt\/vins-nus-instabile-pet-nat-no-0-invitro-2021-750ml\/\" \/>\n<meta property=\"og:locale\" content=\"de_DE\" \/>\n<meta property=\"og:type\" content=\"article\" \/>\n<meta property=\"og:title\" content=\"Vins Nus Instabile Pet Nat No. 0 Invitro 2021\" \/>\n<meta property=\"og:description\" content=\"Kaufe Vins Nus Instabile Pet Nat No. 0 Invitro 2021 (, trocken Schaumwein aus Priorat, Spanien) bei Wein Werte, Ihrem nachhaltigen Onlineshop.\" \/>\n<meta property=\"og:url\" content=\"https:\/\/wein-werte.com\/de\/produkt\/vins-nus-instabile-pet-nat-no-0-invitro-2021-750ml\/\" \/>\n<meta property=\"og:site_name\" content=\"Wein Werte\" \/>\n<meta property=\"article:modified_time\" content=\"2026-05-12T17:58:18+00:00\" \/>\n<meta property=\"og:image\" content=\"https:\/\/wein-werte.com\/wp-content\/uploads\/2026\/04\/Vins-Nus-Instabile-Pet-Nat-No.-0-Invitro-2021-750ml.png\" \/>\n\t<meta property=\"og:image:width\" content=\"330\" \/>\n\t<meta property=\"og:image:height\" content=\"1200\" \/>\n\t<meta property=\"og:image:type\" content=\"image\/png\" \/>\n<meta name=\"twitter:card\" content=\"summary_large_image\" \/>\n<meta name=\"twitter:label1\" content=\"Gesch\u00e4tzte Lesezeit\" \/>\n\t<meta name=\"twitter:data1\" content=\"1\u00a0Minute\" \/>\n<script type=\"application\/ld+json\" class=\"yoast-schema-graph\">{\"@context\":\"https:\\\/\\\/schema.org\",\"@graph\":[{\"@type\":\"WebPage\",\"@id\":\"https:\\\/\\\/wein-werte.com\\\/de\\\/produkt\\\/vins-nus-instabile-pet-nat-no-0-invitro-2021-750ml\\\/\",\"url\":\"https:\\\/\\\/wein-werte.com\\\/de\\\/produkt\\\/vins-nus-instabile-pet-nat-no-0-invitro-2021-750ml\\\/\",\"name\":\"Vins Nus Instabile Pet Nat No. 0 Invitro 2021\",\"isPartOf\":{\"@id\":\"https:\\\/\\\/wein-werte.com\\\/de\\\/#website\"},\"primaryImageOfPage\":{\"@id\":\"https:\\\/\\\/wein-werte.com\\\/de\\\/produkt\\\/vins-nus-instabile-pet-nat-no-0-invitro-2021-750ml\\\/#primaryimage\"},\"image\":{\"@id\":\"https:\\\/\\\/wein-werte.com\\\/de\\\/produkt\\\/vins-nus-instabile-pet-nat-no-0-invitro-2021-750ml\\\/#primaryimage\"},\"thumbnailUrl\":\"https:\\\/\\\/wein-werte.com\\\/wp-content\\\/uploads\\\/2026\\\/04\\\/Vins-Nus-Instabile-Pet-Nat-No.-0-Invitro-2021-750ml.png\",\"datePublished\":\"2026-05-12T13:52:51+00:00\",\"dateModified\":\"2026-05-12T17:58:18+00:00\",\"description\":\"Kaufe Vins Nus Instabile Pet Nat No. 0 Invitro 2021 (, trocken Schaumwein aus Priorat, Spanien) bei Wein Werte, Ihrem nachhaltigen Onlineshop.\",\"breadcrumb\":{\"@id\":\"https:\\\/\\\/wein-werte.com\\\/de\\\/produkt\\\/vins-nus-instabile-pet-nat-no-0-invitro-2021-750ml\\\/#breadcrumb\"},\"inLanguage\":\"de\",\"potentialAction\":[{\"@type\":\"ReadAction\",\"target\":[\"https:\\\/\\\/wein-werte.com\\\/de\\\/produkt\\\/vins-nus-instabile-pet-nat-no-0-invitro-2021-750ml\\\/\"]}]},{\"@type\":\"ImageObject\",\"inLanguage\":\"de\",\"@id\":\"https:\\\/\\\/wein-werte.com\\\/de\\\/produkt\\\/vins-nus-instabile-pet-nat-no-0-invitro-2021-750ml\\\/#primaryimage\",\"url\":\"https:\\\/\\\/wein-werte.com\\\/wp-content\\\/uploads\\\/2026\\\/04\\\/Vins-Nus-Instabile-Pet-Nat-No.-0-Invitro-2021-750ml.png\",\"contentUrl\":\"https:\\\/\\\/wein-werte.com\\\/wp-content\\\/uploads\\\/2026\\\/04\\\/Vins-Nus-Instabile-Pet-Nat-No.-0-Invitro-2021-750ml.png\",\"width\":330,\"height\":1200,\"caption\":\"Vins Nus Instabile Pet Nat No. 0 Invitro 2021 750ml\"},{\"@type\":\"BreadcrumbList\",\"@id\":\"https:\\\/\\\/wein-werte.com\\\/de\\\/produkt\\\/vins-nus-instabile-pet-nat-no-0-invitro-2021-750ml\\\/#breadcrumb\",\"itemListElement\":[{\"@type\":\"ListItem\",\"position\":1,\"name\":\"Home\",\"item\":\"https:\\\/\\\/wein-werte.com\\\/de\\\/\"},{\"@type\":\"ListItem\",\"position\":2,\"name\":\"Shop\",\"item\":\"https:\\\/\\\/wein-werte.com\\\/de\\\/shop\\\/\"},{\"@type\":\"ListItem\",\"position\":3,\"name\":\"Vins Nus | Priorat | Instabile Pet Nat No. 0 Invitro | 2021 | 750ml\"}]},{\"@type\":\"WebSite\",\"@id\":\"https:\\\/\\\/wein-werte.com\\\/de\\\/#website\",\"url\":\"https:\\\/\\\/wein-werte.com\\\/de\\\/\",\"name\":\"Wein Werte\",\"description\":\"\",\"publisher\":{\"@id\":\"https:\\\/\\\/wein-werte.com\\\/de\\\/#organization\"},\"potentialAction\":[{\"@type\":\"SearchAction\",\"target\":{\"@type\":\"EntryPoint\",\"urlTemplate\":\"https:\\\/\\\/wein-werte.com\\\/de\\\/?s={search_term_string}\"},\"query-input\":{\"@type\":\"PropertyValueSpecification\",\"valueRequired\":true,\"valueName\":\"search_term_string\"}}],\"inLanguage\":\"de\"},{\"@type\":\"Organization\",\"@id\":\"https:\\\/\\\/wein-werte.com\\\/de\\\/#organization\",\"name\":\"Vins Fins Thorrold\",\"url\":\"https:\\\/\\\/wein-werte.com\\\/de\\\/\",\"logo\":{\"@type\":\"ImageObject\",\"inLanguage\":\"de\",\"@id\":\"https:\\\/\\\/wein-werte.com\\\/de\\\/#\\\/schema\\\/logo\\\/image\\\/\",\"url\":\"https:\\\/\\\/wein-werte.com\\\/wp-content\\\/uploads\\\/2023\\\/07\\\/Wein_werte_Logo700-1.png\",\"contentUrl\":\"https:\\\/\\\/wein-werte.com\\\/wp-content\\\/uploads\\\/2023\\\/07\\\/Wein_werte_Logo700-1.png\",\"width\":700,\"height\":272,\"caption\":\"Vins Fins Thorrold\"},\"image\":{\"@id\":\"https:\\\/\\\/wein-werte.com\\\/de\\\/#\\\/schema\\\/logo\\\/image\\\/\"}}]}<\/script>\n<!-- \/ Yoast SEO plugin. -->","yoast_head_json":{"title":"Vins Nus Instabile Pet Nat No. 0 Invitro 2021","description":"Kaufe Vins Nus Instabile Pet Nat No. 0 Invitro 2021 (, trocken Schaumwein aus Priorat, Spanien) bei Wein Werte, Ihrem nachhaltigen Onlineshop.","robots":{"index":"index","follow":"follow","max-snippet":"max-snippet:-1","max-image-preview":"max-image-preview:large","max-video-preview":"max-video-preview:-1"},"canonical":"https:\/\/wein-werte.com\/de\/produkt\/vins-nus-instabile-pet-nat-no-0-invitro-2021-750ml\/","og_locale":"de_DE","og_type":"article","og_title":"Vins Nus Instabile Pet Nat No. 0 Invitro 2021","og_description":"Kaufe Vins Nus Instabile Pet Nat No. 0 Invitro 2021 (, trocken Schaumwein aus Priorat, Spanien) bei Wein Werte, Ihrem nachhaltigen Onlineshop.","og_url":"https:\/\/wein-werte.com\/de\/produkt\/vins-nus-instabile-pet-nat-no-0-invitro-2021-750ml\/","og_site_name":"Wein Werte","article_modified_time":"2026-05-12T17:58:18+00:00","og_image":[{"width":330,"height":1200,"url":"https:\/\/wein-werte.com\/wp-content\/uploads\/2026\/04\/Vins-Nus-Instabile-Pet-Nat-No.-0-Invitro-2021-750ml.png","type":"image\/png"}],"twitter_card":"summary_large_image","twitter_misc":{"Gesch\u00e4tzte Lesezeit":"1\u00a0Minute"},"schema":{"@context":"https:\/\/schema.org","@graph":[{"@type":"WebPage","@id":"https:\/\/wein-werte.com\/de\/produkt\/vins-nus-instabile-pet-nat-no-0-invitro-2021-750ml\/","url":"https:\/\/wein-werte.com\/de\/produkt\/vins-nus-instabile-pet-nat-no-0-invitro-2021-750ml\/","name":"Vins Nus Instabile Pet Nat No. 0 Invitro 2021","isPartOf":{"@id":"https:\/\/wein-werte.com\/de\/#website"},"primaryImageOfPage":{"@id":"https:\/\/wein-werte.com\/de\/produkt\/vins-nus-instabile-pet-nat-no-0-invitro-2021-750ml\/#primaryimage"},"image":{"@id":"https:\/\/wein-werte.com\/de\/produkt\/vins-nus-instabile-pet-nat-no-0-invitro-2021-750ml\/#primaryimage"},"thumbnailUrl":"https:\/\/wein-werte.com\/wp-content\/uploads\/2026\/04\/Vins-Nus-Instabile-Pet-Nat-No.-0-Invitro-2021-750ml.png","datePublished":"2026-05-12T13:52:51+00:00","dateModified":"2026-05-12T17:58:18+00:00","description":"Kaufe Vins Nus Instabile Pet Nat No. 0 Invitro 2021 (, trocken Schaumwein aus Priorat, Spanien) bei Wein Werte, Ihrem nachhaltigen Onlineshop.","breadcrumb":{"@id":"https:\/\/wein-werte.com\/de\/produkt\/vins-nus-instabile-pet-nat-no-0-invitro-2021-750ml\/#breadcrumb"},"inLanguage":"de","potentialAction":[{"@type":"ReadAction","target":["https:\/\/wein-werte.com\/de\/produkt\/vins-nus-instabile-pet-nat-no-0-invitro-2021-750ml\/"]}]},{"@type":"ImageObject","inLanguage":"de","@id":"https:\/\/wein-werte.com\/de\/produkt\/vins-nus-instabile-pet-nat-no-0-invitro-2021-750ml\/#primaryimage","url":"https:\/\/wein-werte.com\/wp-content\/uploads\/2026\/04\/Vins-Nus-Instabile-Pet-Nat-No.-0-Invitro-2021-750ml.png","contentUrl":"https:\/\/wein-werte.com\/wp-content\/uploads\/2026\/04\/Vins-Nus-Instabile-Pet-Nat-No.-0-Invitro-2021-750ml.png","width":330,"height":1200,"caption":"Vins Nus Instabile Pet Nat No. 0 Invitro 2021 750ml"},{"@type":"BreadcrumbList","@id":"https:\/\/wein-werte.com\/de\/produkt\/vins-nus-instabile-pet-nat-no-0-invitro-2021-750ml\/#breadcrumb","itemListElement":[{"@type":"ListItem","position":1,"name":"Home","item":"https:\/\/wein-werte.com\/de\/"},{"@type":"ListItem","position":2,"name":"Shop","item":"https:\/\/wein-werte.com\/de\/shop\/"},{"@type":"ListItem","position":3,"name":"Vins Nus | Priorat | Instabile Pet Nat No. 0 Invitro | 2021 | 750ml"}]},{"@type":"WebSite","@id":"https:\/\/wein-werte.com\/de\/#website","url":"https:\/\/wein-werte.com\/de\/","name":"Wein Werte","description":"","publisher":{"@id":"https:\/\/wein-werte.com\/de\/#organization"},"potentialAction":[{"@type":"SearchAction","target":{"@type":"EntryPoint","urlTemplate":"https:\/\/wein-werte.com\/de\/?s={search_term_string}"},"query-input":{"@type":"PropertyValueSpecification","valueRequired":true,"valueName":"search_term_string"}}],"inLanguage":"de"},{"@type":"Organization","@id":"https:\/\/wein-werte.com\/de\/#organization","name":"Vins Fins Thorrold","url":"https:\/\/wein-werte.com\/de\/","logo":{"@type":"ImageObject","inLanguage":"de","@id":"https:\/\/wein-werte.com\/de\/#\/schema\/logo\/image\/","url":"https:\/\/wein-werte.com\/wp-content\/uploads\/2023\/07\/Wein_werte_Logo700-1.png","contentUrl":"https:\/\/wein-werte.com\/wp-content\/uploads\/2023\/07\/Wein_werte_Logo700-1.png","width":700,"height":272,"caption":"Vins Fins Thorrold"},"image":{"@id":"https:\/\/wein-werte.com\/de\/#\/schema\/logo\/image\/"}}]}},"_links":{"self":[{"href":"https:\/\/wein-werte.com\/de\/wp-json\/wp\/v2\/product\/1133626","targetHints":{"allow":["GET"]}}],"collection":[{"href":"https:\/\/wein-werte.com\/de\/wp-json\/wp\/v2\/product"}],"about":[{"href":"https:\/\/wein-werte.com\/de\/wp-json\/wp\/v2\/types\/product"}],"wp:featuredmedia":[{"embeddable":true,"href":"https:\/\/wein-werte.com\/de\/wp-json\/wp\/v2\/media\/1144006"}],"wp:attachment":[{"href":"https:\/\/wein-werte.com\/de\/wp-json\/wp\/v2\/media?parent=1133626"}],"wp:term":[{"taxonomy":"product_brand","embeddable":true,"href":"https:\/\/wein-werte.com\/de\/wp-json\/wp\/v2\/product_brand?post=1133626"},{"taxonomy":"product_cat","embeddable":true,"href":"https:\/\/wein-werte.com\/de\/wp-json\/wp\/v2\/product_cat?post=1133626"},{"taxonomy":"product_tag","embeddable":true,"href":"https:\/\/wein-werte.com\/de\/wp-json\/wp\/v2\/product_tag?post=1133626"}],"curies":[{"name":"wp","href":"https:\/\/api.w.org\/{rel}","templated":true}]}}