{"id":1133621,"date":"2026-05-05T18:26:40","date_gmt":"2026-05-05T16:26:40","guid":{"rendered":"https:\/\/wein-werte.com\/product\/portal-del-priorat-el-mas-de-la-lo-noir-2021-750ml\/"},"modified":"2026-04-27T11:50:54","modified_gmt":"2026-04-27T09:50:54","slug":"portal-del-priorat-el-mas-de-la-lo-noir-2021-750ml","status":"publish","type":"product","link":"https:\/\/wein-werte.com\/de\/produkt\/portal-del-priorat-el-mas-de-la-lo-noir-2021-750ml\/","title":{"rendered":"Portal del Priorat | Priorat | El Mas de l&#8217;A., Lo Noir | 2021 | 750ml"},"content":{"rendered":"<p>Produktbeschreibung f\u00fcr Portal del Priorat El Mas de l&#8217;A., Lo Noir 2021  <\/p>\n<h5>Info<\/h5>\n<p> Lo Noir beschreibt Alfredo Arribas als seinen Traum, die absolute Finesse zu suchen, ohne Intensit\u00e4t aufzugeben. Und Intensit\u00e4t ist bekannterma\u00dfen in dieser Region selten ein Problem. Der Name ist doch teilweise Programm. Grenache Noir ist eine sehr typische Rebsorte hier, aber Pinot Noir ist dann doch eine aussterbende Spezies in dieser Umgebung. Die Reben stehen auf kalkigem Untergrund in 500 H\u00f6henmetern. Die Fermentation findet mit wilden Hefen sowohl im Stahltank als auch in gro\u00dfen F\u00e4ssern franz\u00f6sischer Eiche von 500l und 600l-Fassungsverm\u00f6gen statt. Kleinste Partien werden separat vergoren, aber dann sehr fr\u00fch verm\u00e4hlt zur besseren Integration dieser zwei Welten. Im Anschluss reift der Wein auch in diesen Eichenf\u00e4ssern f\u00fcr 12 Monate. <\/p>\n<h5>Farbe<\/h5>\n<p> Satt, leuchtendes Kirschrot, mit zartvioletten Reflexen <\/p>\n<h5>Nase<\/h5>\n<p> Lo Noir mutet enorm dunkel an. Gleichzeitig ist er von einer deutlichen Reduktion gepr\u00e4gt, die ihn schlank und rassig wirken l\u00e4sst. Dieser angenehme, wilde \u201eStinker\u201c verfl\u00fcchtigt sich nach einigen Minuten im Glas. Ratsam w\u00e4re der Griff zum \u201eSturzkaraffieren\u201c, um diesen Prozess zu beschleunigen. Dahinter zeigt er dann seine Sch\u00f6nheit. Pure Sauerkirsche. Saftig. Knackig. Bet\u00f6rend. Etwas Schlehe und Holunderbeere gesellen sich dazu. Diese leicht mandelige Nuance steht ihm wunderbar. Wacholder, Rosmarin und Kiefernzweige sorgen f\u00fcr eine enorme etherische Komponente. Dies vermittelt k\u00fchle Finesse und reichlich Kontrast. <\/p>\n<h5>Gaumen<\/h5>\n<p> Mit dem ersten Schluck pr\u00e4sentiert er viel mehr, als die Nase zun\u00e4chst vermuten lie\u00df. Sehr wohl ist er eher schlanker Natur, lebt von Finesse und ist eher ein Purist. Seine Seidigkeit vermittelt enorm viel Eleganz. Ein feines Tannin kommt wunderbar zur Geltung und baut sich neben der Frucht vehement auf. Seien reduktive Art kommt auch am Gaumen sehr gelungen zum Vorschein. Die Frucht ist eher zur\u00fcckhaltend. Seine w\u00fcrzigen Elemente stehlen ihr die Show. Reichlich etherische Ecken und Assoziationen an Unterholz, Zigarrenkiste und Pfeffer pr\u00e4gen den Nachhall.<\/p>\n<p>Copyright Vinaturel 2025<\/p>\n<p>Keywords: <a href=\"https:\/\/wein-werte.com\/de\/shop\/?swoof=1&#038;pa_producer=Portal-del-Priorat\">Portal del Priorat<\/a> <a href=\"https:\/\/wein-werte.com\/de\/shop\/?swoof=1&#038;woof_text=El Mas de l'A., Lo Noir\">El Mas de l&#8217;A., Lo Noir<\/a> 2021  <a href=\"https:\/\/wein-werte.com\/de\/shop\/?swoof=1&#038;pa_region=Priorat\">Priorat<\/a> <a href=\"https:\/\/wein-werte.com\/de\/shop\/?swoof=1&#038;pa_country=Spanien\">Spanien<\/a><\/p>\n<p>Internetseite des Weinguts: <a href=\"https:\/\/portaldelpriorat.com\/\" target=\"_blank\">https:\/\/portaldelpriorat.com\/<\/a><\/p>\n","protected":false},"excerpt":{"rendered":"<p>Lieferzeit: 1 bis 2 Arbeitstage (DE), 2 bis 5 Arbeitstage (EU and CH)<\/p>\n","protected":false},"featured_media":1144002,"template":"","meta":[],"product_brand":[],"product_cat":[19],"product_tag":[],"class_list":{"0":"post-1133621","1":"product","2":"type-product","3":"status-publish","4":"has-post-thumbnail","6":"product_cat-unkategorisiert","7":"pa_alcohol-for-filter-13-5","8":"pa_certified-biodynamic-nein-de","9":"pa_certified-organic-nein-de","10":"pa_colour-rot","11":"pa_country-spanien","12":"pa_grape-pinot-noir-cuvee","13":"pa_price-for-filter-10614","14":"pa_producer-portal-del-priorat","15":"pa_region-priorat","16":"pa_size-ml-6584","17":"pa_sweetness-trocken-de","18":"pa_type-2-still-de","19":"pa_vintage-2021-de","20":"entry","21":"has-media","23":"first","24":"instock","25":"taxable","26":"shipping-taxable","27":"purchasable","28":"product-type-simple"},"yoast_head":"<!-- This site is optimized with the Yoast SEO plugin v27.5 - https:\/\/yoast.com\/product\/yoast-seo-wordpress\/ -->\n<title>Portal del Priorat El Mas de l&#039;A. Lo Noir 2021<\/title>\n<meta name=\"description\" content=\"Kaufe Portal del Priorat El Mas de l&#039;A. Lo Noir 2021 (Pinot Noir Cuv\u00e9e, trocken aus Priorat, Spanien) bei Wein Werte, Ihrem nachhaltigen Onlineshop.\" \/>\n<meta name=\"robots\" content=\"index, follow, max-snippet:-1, max-image-preview:large, max-video-preview:-1\" \/>\n<link rel=\"canonical\" href=\"https:\/\/wein-werte.com\/de\/produkt\/portal-del-priorat-el-mas-de-la-lo-noir-2021-750ml\/\" \/>\n<meta property=\"og:locale\" content=\"de_DE\" \/>\n<meta property=\"og:type\" content=\"article\" \/>\n<meta property=\"og:title\" content=\"Portal del Priorat El Mas de l&#039;A. Lo Noir 2021\" \/>\n<meta property=\"og:description\" content=\"Kaufe Portal del Priorat El Mas de l&#039;A. Lo Noir 2021 (Pinot Noir Cuv\u00e9e, trocken aus Priorat, Spanien) bei Wein Werte, Ihrem nachhaltigen Onlineshop.\" \/>\n<meta property=\"og:url\" content=\"https:\/\/wein-werte.com\/de\/produkt\/portal-del-priorat-el-mas-de-la-lo-noir-2021-750ml\/\" \/>\n<meta property=\"og:site_name\" content=\"Wein Werte\" \/>\n<meta property=\"og:image\" content=\"https:\/\/wein-werte.com\/wp-content\/uploads\/2026\/04\/Portal-del-Priorat-El-Mas-de-lA.-Lo-Noir-2021-750ml.png\" \/>\n\t<meta property=\"og:image:width\" content=\"344\" \/>\n\t<meta property=\"og:image:height\" content=\"1200\" \/>\n\t<meta property=\"og:image:type\" content=\"image\/png\" \/>\n<meta name=\"twitter:card\" content=\"summary_large_image\" \/>\n<meta name=\"twitter:label1\" content=\"Gesch\u00e4tzte Lesezeit\" \/>\n\t<meta name=\"twitter:data1\" content=\"2\u00a0Minuten\" \/>\n<script type=\"application\/ld+json\" class=\"yoast-schema-graph\">{\"@context\":\"https:\\\/\\\/schema.org\",\"@graph\":[{\"@type\":\"WebPage\",\"@id\":\"https:\\\/\\\/wein-werte.com\\\/de\\\/produkt\\\/portal-del-priorat-el-mas-de-la-lo-noir-2021-750ml\\\/\",\"url\":\"https:\\\/\\\/wein-werte.com\\\/de\\\/produkt\\\/portal-del-priorat-el-mas-de-la-lo-noir-2021-750ml\\\/\",\"name\":\"Portal del Priorat El Mas de l'A. Lo Noir 2021\",\"isPartOf\":{\"@id\":\"https:\\\/\\\/wein-werte.com\\\/de\\\/#website\"},\"primaryImageOfPage\":{\"@id\":\"https:\\\/\\\/wein-werte.com\\\/de\\\/produkt\\\/portal-del-priorat-el-mas-de-la-lo-noir-2021-750ml\\\/#primaryimage\"},\"image\":{\"@id\":\"https:\\\/\\\/wein-werte.com\\\/de\\\/produkt\\\/portal-del-priorat-el-mas-de-la-lo-noir-2021-750ml\\\/#primaryimage\"},\"thumbnailUrl\":\"https:\\\/\\\/wein-werte.com\\\/wp-content\\\/uploads\\\/2026\\\/04\\\/Portal-del-Priorat-El-Mas-de-lA.-Lo-Noir-2021-750ml.png\",\"datePublished\":\"2026-05-05T16:26:40+00:00\",\"description\":\"Kaufe Portal del Priorat El Mas de l'A. Lo Noir 2021 (Pinot Noir Cuv\u00e9e, trocken aus Priorat, Spanien) bei Wein Werte, Ihrem nachhaltigen Onlineshop.\",\"breadcrumb\":{\"@id\":\"https:\\\/\\\/wein-werte.com\\\/de\\\/produkt\\\/portal-del-priorat-el-mas-de-la-lo-noir-2021-750ml\\\/#breadcrumb\"},\"inLanguage\":\"de\",\"potentialAction\":[{\"@type\":\"ReadAction\",\"target\":[\"https:\\\/\\\/wein-werte.com\\\/de\\\/produkt\\\/portal-del-priorat-el-mas-de-la-lo-noir-2021-750ml\\\/\"]}]},{\"@type\":\"ImageObject\",\"inLanguage\":\"de\",\"@id\":\"https:\\\/\\\/wein-werte.com\\\/de\\\/produkt\\\/portal-del-priorat-el-mas-de-la-lo-noir-2021-750ml\\\/#primaryimage\",\"url\":\"https:\\\/\\\/wein-werte.com\\\/wp-content\\\/uploads\\\/2026\\\/04\\\/Portal-del-Priorat-El-Mas-de-lA.-Lo-Noir-2021-750ml.png\",\"contentUrl\":\"https:\\\/\\\/wein-werte.com\\\/wp-content\\\/uploads\\\/2026\\\/04\\\/Portal-del-Priorat-El-Mas-de-lA.-Lo-Noir-2021-750ml.png\",\"width\":344,\"height\":1200,\"caption\":\"Portal del Priorat El Mas de l'A., Lo Noir 2021 750ml\"},{\"@type\":\"BreadcrumbList\",\"@id\":\"https:\\\/\\\/wein-werte.com\\\/de\\\/produkt\\\/portal-del-priorat-el-mas-de-la-lo-noir-2021-750ml\\\/#breadcrumb\",\"itemListElement\":[{\"@type\":\"ListItem\",\"position\":1,\"name\":\"Home\",\"item\":\"https:\\\/\\\/wein-werte.com\\\/de\\\/\"},{\"@type\":\"ListItem\",\"position\":2,\"name\":\"Shop\",\"item\":\"https:\\\/\\\/wein-werte.com\\\/de\\\/shop\\\/\"},{\"@type\":\"ListItem\",\"position\":3,\"name\":\"Portal del Priorat | Priorat | El Mas de l&#8217;A., Lo Noir | 2021 | 750ml\"}]},{\"@type\":\"WebSite\",\"@id\":\"https:\\\/\\\/wein-werte.com\\\/de\\\/#website\",\"url\":\"https:\\\/\\\/wein-werte.com\\\/de\\\/\",\"name\":\"Wein Werte\",\"description\":\"\",\"publisher\":{\"@id\":\"https:\\\/\\\/wein-werte.com\\\/de\\\/#organization\"},\"potentialAction\":[{\"@type\":\"SearchAction\",\"target\":{\"@type\":\"EntryPoint\",\"urlTemplate\":\"https:\\\/\\\/wein-werte.com\\\/de\\\/?s={search_term_string}\"},\"query-input\":{\"@type\":\"PropertyValueSpecification\",\"valueRequired\":true,\"valueName\":\"search_term_string\"}}],\"inLanguage\":\"de\"},{\"@type\":\"Organization\",\"@id\":\"https:\\\/\\\/wein-werte.com\\\/de\\\/#organization\",\"name\":\"Vins Fins Thorrold\",\"url\":\"https:\\\/\\\/wein-werte.com\\\/de\\\/\",\"logo\":{\"@type\":\"ImageObject\",\"inLanguage\":\"de\",\"@id\":\"https:\\\/\\\/wein-werte.com\\\/de\\\/#\\\/schema\\\/logo\\\/image\\\/\",\"url\":\"https:\\\/\\\/wein-werte.com\\\/wp-content\\\/uploads\\\/2023\\\/07\\\/Wein_werte_Logo700-1.png\",\"contentUrl\":\"https:\\\/\\\/wein-werte.com\\\/wp-content\\\/uploads\\\/2023\\\/07\\\/Wein_werte_Logo700-1.png\",\"width\":700,\"height\":272,\"caption\":\"Vins Fins Thorrold\"},\"image\":{\"@id\":\"https:\\\/\\\/wein-werte.com\\\/de\\\/#\\\/schema\\\/logo\\\/image\\\/\"}}]}<\/script>\n<!-- \/ Yoast SEO plugin. -->","yoast_head_json":{"title":"Portal del Priorat El Mas de l'A. Lo Noir 2021","description":"Kaufe Portal del Priorat El Mas de l'A. Lo Noir 2021 (Pinot Noir Cuv\u00e9e, trocken aus Priorat, Spanien) bei Wein Werte, Ihrem nachhaltigen Onlineshop.","robots":{"index":"index","follow":"follow","max-snippet":"max-snippet:-1","max-image-preview":"max-image-preview:large","max-video-preview":"max-video-preview:-1"},"canonical":"https:\/\/wein-werte.com\/de\/produkt\/portal-del-priorat-el-mas-de-la-lo-noir-2021-750ml\/","og_locale":"de_DE","og_type":"article","og_title":"Portal del Priorat El Mas de l'A. Lo Noir 2021","og_description":"Kaufe Portal del Priorat El Mas de l'A. Lo Noir 2021 (Pinot Noir Cuv\u00e9e, trocken aus Priorat, Spanien) bei Wein Werte, Ihrem nachhaltigen Onlineshop.","og_url":"https:\/\/wein-werte.com\/de\/produkt\/portal-del-priorat-el-mas-de-la-lo-noir-2021-750ml\/","og_site_name":"Wein Werte","og_image":[{"width":344,"height":1200,"url":"https:\/\/wein-werte.com\/wp-content\/uploads\/2026\/04\/Portal-del-Priorat-El-Mas-de-lA.-Lo-Noir-2021-750ml.png","type":"image\/png"}],"twitter_card":"summary_large_image","twitter_misc":{"Gesch\u00e4tzte Lesezeit":"2\u00a0Minuten"},"schema":{"@context":"https:\/\/schema.org","@graph":[{"@type":"WebPage","@id":"https:\/\/wein-werte.com\/de\/produkt\/portal-del-priorat-el-mas-de-la-lo-noir-2021-750ml\/","url":"https:\/\/wein-werte.com\/de\/produkt\/portal-del-priorat-el-mas-de-la-lo-noir-2021-750ml\/","name":"Portal del Priorat El Mas de l'A. Lo Noir 2021","isPartOf":{"@id":"https:\/\/wein-werte.com\/de\/#website"},"primaryImageOfPage":{"@id":"https:\/\/wein-werte.com\/de\/produkt\/portal-del-priorat-el-mas-de-la-lo-noir-2021-750ml\/#primaryimage"},"image":{"@id":"https:\/\/wein-werte.com\/de\/produkt\/portal-del-priorat-el-mas-de-la-lo-noir-2021-750ml\/#primaryimage"},"thumbnailUrl":"https:\/\/wein-werte.com\/wp-content\/uploads\/2026\/04\/Portal-del-Priorat-El-Mas-de-lA.-Lo-Noir-2021-750ml.png","datePublished":"2026-05-05T16:26:40+00:00","description":"Kaufe Portal del Priorat El Mas de l'A. Lo Noir 2021 (Pinot Noir Cuv\u00e9e, trocken aus Priorat, Spanien) bei Wein Werte, Ihrem nachhaltigen Onlineshop.","breadcrumb":{"@id":"https:\/\/wein-werte.com\/de\/produkt\/portal-del-priorat-el-mas-de-la-lo-noir-2021-750ml\/#breadcrumb"},"inLanguage":"de","potentialAction":[{"@type":"ReadAction","target":["https:\/\/wein-werte.com\/de\/produkt\/portal-del-priorat-el-mas-de-la-lo-noir-2021-750ml\/"]}]},{"@type":"ImageObject","inLanguage":"de","@id":"https:\/\/wein-werte.com\/de\/produkt\/portal-del-priorat-el-mas-de-la-lo-noir-2021-750ml\/#primaryimage","url":"https:\/\/wein-werte.com\/wp-content\/uploads\/2026\/04\/Portal-del-Priorat-El-Mas-de-lA.-Lo-Noir-2021-750ml.png","contentUrl":"https:\/\/wein-werte.com\/wp-content\/uploads\/2026\/04\/Portal-del-Priorat-El-Mas-de-lA.-Lo-Noir-2021-750ml.png","width":344,"height":1200,"caption":"Portal del Priorat El Mas de l'A., Lo Noir 2021 750ml"},{"@type":"BreadcrumbList","@id":"https:\/\/wein-werte.com\/de\/produkt\/portal-del-priorat-el-mas-de-la-lo-noir-2021-750ml\/#breadcrumb","itemListElement":[{"@type":"ListItem","position":1,"name":"Home","item":"https:\/\/wein-werte.com\/de\/"},{"@type":"ListItem","position":2,"name":"Shop","item":"https:\/\/wein-werte.com\/de\/shop\/"},{"@type":"ListItem","position":3,"name":"Portal del Priorat | Priorat | El Mas de l&#8217;A., Lo Noir | 2021 | 750ml"}]},{"@type":"WebSite","@id":"https:\/\/wein-werte.com\/de\/#website","url":"https:\/\/wein-werte.com\/de\/","name":"Wein Werte","description":"","publisher":{"@id":"https:\/\/wein-werte.com\/de\/#organization"},"potentialAction":[{"@type":"SearchAction","target":{"@type":"EntryPoint","urlTemplate":"https:\/\/wein-werte.com\/de\/?s={search_term_string}"},"query-input":{"@type":"PropertyValueSpecification","valueRequired":true,"valueName":"search_term_string"}}],"inLanguage":"de"},{"@type":"Organization","@id":"https:\/\/wein-werte.com\/de\/#organization","name":"Vins Fins Thorrold","url":"https:\/\/wein-werte.com\/de\/","logo":{"@type":"ImageObject","inLanguage":"de","@id":"https:\/\/wein-werte.com\/de\/#\/schema\/logo\/image\/","url":"https:\/\/wein-werte.com\/wp-content\/uploads\/2023\/07\/Wein_werte_Logo700-1.png","contentUrl":"https:\/\/wein-werte.com\/wp-content\/uploads\/2023\/07\/Wein_werte_Logo700-1.png","width":700,"height":272,"caption":"Vins Fins Thorrold"},"image":{"@id":"https:\/\/wein-werte.com\/de\/#\/schema\/logo\/image\/"}}]}},"_links":{"self":[{"href":"https:\/\/wein-werte.com\/de\/wp-json\/wp\/v2\/product\/1133621","targetHints":{"allow":["GET"]}}],"collection":[{"href":"https:\/\/wein-werte.com\/de\/wp-json\/wp\/v2\/product"}],"about":[{"href":"https:\/\/wein-werte.com\/de\/wp-json\/wp\/v2\/types\/product"}],"wp:featuredmedia":[{"embeddable":true,"href":"https:\/\/wein-werte.com\/de\/wp-json\/wp\/v2\/media\/1144002"}],"wp:attachment":[{"href":"https:\/\/wein-werte.com\/de\/wp-json\/wp\/v2\/media?parent=1133621"}],"wp:term":[{"taxonomy":"product_brand","embeddable":true,"href":"https:\/\/wein-werte.com\/de\/wp-json\/wp\/v2\/product_brand?post=1133621"},{"taxonomy":"product_cat","embeddable":true,"href":"https:\/\/wein-werte.com\/de\/wp-json\/wp\/v2\/product_cat?post=1133621"},{"taxonomy":"product_tag","embeddable":true,"href":"https:\/\/wein-werte.com\/de\/wp-json\/wp\/v2\/product_tag?post=1133621"}],"curies":[{"name":"wp","href":"https:\/\/api.w.org\/{rel}","templated":true}]}}