{"id":1133611,"date":"2026-05-05T18:26:40","date_gmt":"2026-05-05T16:26:40","guid":{"rendered":"https:\/\/wein-werte.com\/product\/portal-del-priorat-el-mas-de-la-tot-u-2021-750ml\/"},"modified":"2026-04-27T11:50:52","modified_gmt":"2026-04-27T09:50:52","slug":"portal-del-priorat-el-mas-de-la-tot-u-2021-750ml","status":"publish","type":"product","link":"https:\/\/wein-werte.com\/de\/produkt\/portal-del-priorat-el-mas-de-la-tot-u-2021-750ml\/","title":{"rendered":"Portal del Priorat | Priorat | El Mas de l&#8217;A., Tot-\u00da | 2021 | 750ml"},"content":{"rendered":"<p>Produktbeschreibung f\u00fcr Portal del Priorat El Mas de l&#8217;A., Tot-\u00da 2021 <\/p>\n<h5>Info<\/h5>\n<p> TOT-U ist eine Expression der verschiedenen Rebsorten und Bodentypen auf dem Weingut Mas de l\u00b4A. Garnacha Peluda, Garnacha Gris, Garancha Blanca, Garnacha Negra, Trepat, Cari\u00f1ena sowie weitere Sorten finden sich hier. Die Bodentypen varrieren von Ton, zu Schiefer, Kalk und Mergel. Sowohl die Saftabz\u00fcge verschiedener Wei\u00df- und Rotweine als auch Maischeg\u00e4rugen von verschiedenen Grenache-Mutationen kommen hier zusammen. Im Stahltank werden sie vereint. Nach der nat\u00fcrlichen Sedimentation im Tank wird nach fr\u00fchestens acht Monaten gef\u00fcllt. Alfredo Arribas nennt diesen Wein das \u201eenfant terribles\u201c der Fine Wines. <\/p>\n<h5>Farbe<\/h5>\n<p> Leuchtendes Kirschrot mit hellen Reflexen und leichter Tr\u00fcbung \u00a0 <\/p>\n<h5>Nase<\/h5>\n<p> In der Nase spiegelt er genau diesen Eindruck wider. Intensive Sauerkirschfrucht, griffig, bissig. Hell in ihrer Auspr\u00e4gung sowie mit reichlich rauchigen und wilden Aspekten gespickt. Die Frucht erf\u00e4hrt einen rauchigen, nahezu speckigen Einschlag. Wacholder, schwarzer Pfeffer und Piment kommen da wie gerufen dazu. Rote aber auch dunkle Bl\u00fcten versetzen ihm einen eleganten Schleier. Dieser mysteri\u00f6se, leicht diffuser Eindruck steht ihm sehr gut. Feine Nuancen von Himbeere und roter Johannisbeere unterst\u00fctzen die Frucht noch zusehends. \u00a0 <\/p>\n<h5>Gaumen<\/h5>\n<p> Am Gaumen f\u00fchrt er diese Eindr\u00fccke sehr gelungen fort. K\u00fchl und saftig. Eine knackige, helle Kirschfrucht dominiert ihn. Mit Adstringenz versehen, wirkt er animierend und streckt sich sch\u00f6n in die L\u00e4nge. Der w\u00fcrzige, rauchige Charakter bleibt dabei sehr charmant. Die Frucht erf\u00e4hrt auch hier noch weitere Beerent\u00f6ne. Er profitiert von seinem schlanken Auftritt und dem k\u00fchlen Mundgef\u00fchl ungemein.<\/p>\n<p>Copyright Vinaturel 2025<\/p>\n<p>Keywords: <a href=\"https:\/\/wein-werte.com\/de\/shop\/?swoof=1&#038;pa_producer=Portal-del-Priorat\">Portal del Priorat<\/a> <a href=\"https:\/\/wein-werte.com\/de\/shop\/?swoof=1&#038;woof_text=El Mas de l'A., Tot-\u00da\">El Mas de l&#8217;A., Tot-\u00da<\/a> 2021  <a href=\"https:\/\/wein-werte.com\/de\/shop\/?swoof=1&#038;pa_region=Priorat\">Priorat<\/a> <a href=\"https:\/\/wein-werte.com\/de\/shop\/?swoof=1&#038;pa_country=Spanien\">Spanien<\/a><\/p>\n<p>Internetseite des Weinguts: <a href=\"https:\/\/portaldelpriorat.com\/\" target=\"_blank\">https:\/\/portaldelpriorat.com\/<\/a><\/p>\n","protected":false},"excerpt":{"rendered":"<p>Lieferzeit: 1 bis 2 Arbeitstage (DE), 2 bis 5 Arbeitstage (EU and CH)<\/p>\n","protected":false},"featured_media":1143994,"template":"","meta":[],"product_brand":[],"product_cat":[19],"product_tag":[],"class_list":{"0":"post-1133611","1":"product","2":"type-product","3":"status-publish","4":"has-post-thumbnail","6":"product_cat-unkategorisiert","7":"pa_alcohol-for-filter-12-5","8":"pa_certified-biodynamic-nein-de","9":"pa_certified-organic-nein-de","10":"pa_colour-rot","11":"pa_country-spanien","12":"pa_price-for-filter-10627","13":"pa_producer-portal-del-priorat","14":"pa_region-priorat","15":"pa_size-ml-6584","16":"pa_sweetness-trocken-de","17":"pa_type-2-still-de","18":"pa_vintage-2021-de","19":"entry","20":"has-media","22":"first","23":"instock","24":"taxable","25":"shipping-taxable","26":"purchasable","27":"product-type-simple"},"yoast_head":"<!-- This site is optimized with the Yoast SEO plugin v27.5 - https:\/\/yoast.com\/product\/yoast-seo-wordpress\/ -->\n<title>Portal del Priorat El Mas de l&#039;A. Tot-\u00da 2021<\/title>\n<meta name=\"description\" content=\"Kaufe Portal del Priorat El Mas de l&#039;A. Tot-\u00da 2021 (, trocken aus Priorat, Spanien) bei Wein Werte, Ihrem nachhaltigen Onlineshop.\" \/>\n<meta name=\"robots\" content=\"index, follow, max-snippet:-1, max-image-preview:large, max-video-preview:-1\" \/>\n<link rel=\"canonical\" href=\"https:\/\/wein-werte.com\/de\/produkt\/portal-del-priorat-el-mas-de-la-tot-u-2021-750ml\/\" \/>\n<meta property=\"og:locale\" content=\"de_DE\" \/>\n<meta property=\"og:type\" content=\"article\" \/>\n<meta property=\"og:title\" content=\"Portal del Priorat El Mas de l&#039;A. Tot-\u00da 2021\" \/>\n<meta property=\"og:description\" content=\"Kaufe Portal del Priorat El Mas de l&#039;A. Tot-\u00da 2021 (, trocken aus Priorat, Spanien) bei Wein Werte, Ihrem nachhaltigen Onlineshop.\" \/>\n<meta property=\"og:url\" content=\"https:\/\/wein-werte.com\/de\/produkt\/portal-del-priorat-el-mas-de-la-tot-u-2021-750ml\/\" \/>\n<meta property=\"og:site_name\" content=\"Wein Werte\" \/>\n<meta property=\"og:image\" content=\"https:\/\/wein-werte.com\/wp-content\/uploads\/2026\/04\/Portal-del-Priorat-El-Mas-de-lA.-Tot-U-2021-750ml.png\" \/>\n\t<meta property=\"og:image:width\" content=\"341\" \/>\n\t<meta property=\"og:image:height\" content=\"1200\" \/>\n\t<meta property=\"og:image:type\" content=\"image\/png\" \/>\n<meta name=\"twitter:card\" content=\"summary_large_image\" \/>\n<meta name=\"twitter:label1\" content=\"Gesch\u00e4tzte Lesezeit\" \/>\n\t<meta name=\"twitter:data1\" content=\"1\u00a0Minute\" \/>\n<script type=\"application\/ld+json\" class=\"yoast-schema-graph\">{\"@context\":\"https:\\\/\\\/schema.org\",\"@graph\":[{\"@type\":\"WebPage\",\"@id\":\"https:\\\/\\\/wein-werte.com\\\/de\\\/produkt\\\/portal-del-priorat-el-mas-de-la-tot-u-2021-750ml\\\/\",\"url\":\"https:\\\/\\\/wein-werte.com\\\/de\\\/produkt\\\/portal-del-priorat-el-mas-de-la-tot-u-2021-750ml\\\/\",\"name\":\"Portal del Priorat El Mas de l'A. Tot-\u00da 2021\",\"isPartOf\":{\"@id\":\"https:\\\/\\\/wein-werte.com\\\/de\\\/#website\"},\"primaryImageOfPage\":{\"@id\":\"https:\\\/\\\/wein-werte.com\\\/de\\\/produkt\\\/portal-del-priorat-el-mas-de-la-tot-u-2021-750ml\\\/#primaryimage\"},\"image\":{\"@id\":\"https:\\\/\\\/wein-werte.com\\\/de\\\/produkt\\\/portal-del-priorat-el-mas-de-la-tot-u-2021-750ml\\\/#primaryimage\"},\"thumbnailUrl\":\"https:\\\/\\\/wein-werte.com\\\/wp-content\\\/uploads\\\/2026\\\/04\\\/Portal-del-Priorat-El-Mas-de-lA.-Tot-U-2021-750ml.png\",\"datePublished\":\"2026-05-05T16:26:40+00:00\",\"description\":\"Kaufe Portal del Priorat El Mas de l'A. Tot-\u00da 2021 (, trocken aus Priorat, Spanien) bei Wein Werte, Ihrem nachhaltigen Onlineshop.\",\"breadcrumb\":{\"@id\":\"https:\\\/\\\/wein-werte.com\\\/de\\\/produkt\\\/portal-del-priorat-el-mas-de-la-tot-u-2021-750ml\\\/#breadcrumb\"},\"inLanguage\":\"de\",\"potentialAction\":[{\"@type\":\"ReadAction\",\"target\":[\"https:\\\/\\\/wein-werte.com\\\/de\\\/produkt\\\/portal-del-priorat-el-mas-de-la-tot-u-2021-750ml\\\/\"]}]},{\"@type\":\"ImageObject\",\"inLanguage\":\"de\",\"@id\":\"https:\\\/\\\/wein-werte.com\\\/de\\\/produkt\\\/portal-del-priorat-el-mas-de-la-tot-u-2021-750ml\\\/#primaryimage\",\"url\":\"https:\\\/\\\/wein-werte.com\\\/wp-content\\\/uploads\\\/2026\\\/04\\\/Portal-del-Priorat-El-Mas-de-lA.-Tot-U-2021-750ml.png\",\"contentUrl\":\"https:\\\/\\\/wein-werte.com\\\/wp-content\\\/uploads\\\/2026\\\/04\\\/Portal-del-Priorat-El-Mas-de-lA.-Tot-U-2021-750ml.png\",\"width\":341,\"height\":1200,\"caption\":\"Portal del Priorat El Mas de l'A., Tot-\u00da 2021 750ml\"},{\"@type\":\"BreadcrumbList\",\"@id\":\"https:\\\/\\\/wein-werte.com\\\/de\\\/produkt\\\/portal-del-priorat-el-mas-de-la-tot-u-2021-750ml\\\/#breadcrumb\",\"itemListElement\":[{\"@type\":\"ListItem\",\"position\":1,\"name\":\"Home\",\"item\":\"https:\\\/\\\/wein-werte.com\\\/de\\\/\"},{\"@type\":\"ListItem\",\"position\":2,\"name\":\"Shop\",\"item\":\"https:\\\/\\\/wein-werte.com\\\/de\\\/shop\\\/\"},{\"@type\":\"ListItem\",\"position\":3,\"name\":\"Portal del Priorat | Priorat | El Mas de l&#8217;A., Tot-\u00da | 2021 | 750ml\"}]},{\"@type\":\"WebSite\",\"@id\":\"https:\\\/\\\/wein-werte.com\\\/de\\\/#website\",\"url\":\"https:\\\/\\\/wein-werte.com\\\/de\\\/\",\"name\":\"Wein Werte\",\"description\":\"\",\"publisher\":{\"@id\":\"https:\\\/\\\/wein-werte.com\\\/de\\\/#organization\"},\"potentialAction\":[{\"@type\":\"SearchAction\",\"target\":{\"@type\":\"EntryPoint\",\"urlTemplate\":\"https:\\\/\\\/wein-werte.com\\\/de\\\/?s={search_term_string}\"},\"query-input\":{\"@type\":\"PropertyValueSpecification\",\"valueRequired\":true,\"valueName\":\"search_term_string\"}}],\"inLanguage\":\"de\"},{\"@type\":\"Organization\",\"@id\":\"https:\\\/\\\/wein-werte.com\\\/de\\\/#organization\",\"name\":\"Vins Fins Thorrold\",\"url\":\"https:\\\/\\\/wein-werte.com\\\/de\\\/\",\"logo\":{\"@type\":\"ImageObject\",\"inLanguage\":\"de\",\"@id\":\"https:\\\/\\\/wein-werte.com\\\/de\\\/#\\\/schema\\\/logo\\\/image\\\/\",\"url\":\"https:\\\/\\\/wein-werte.com\\\/wp-content\\\/uploads\\\/2023\\\/07\\\/Wein_werte_Logo700-1.png\",\"contentUrl\":\"https:\\\/\\\/wein-werte.com\\\/wp-content\\\/uploads\\\/2023\\\/07\\\/Wein_werte_Logo700-1.png\",\"width\":700,\"height\":272,\"caption\":\"Vins Fins Thorrold\"},\"image\":{\"@id\":\"https:\\\/\\\/wein-werte.com\\\/de\\\/#\\\/schema\\\/logo\\\/image\\\/\"}}]}<\/script>\n<!-- \/ Yoast SEO plugin. -->","yoast_head_json":{"title":"Portal del Priorat El Mas de l'A. Tot-\u00da 2021","description":"Kaufe Portal del Priorat El Mas de l'A. Tot-\u00da 2021 (, trocken aus Priorat, Spanien) bei Wein Werte, Ihrem nachhaltigen Onlineshop.","robots":{"index":"index","follow":"follow","max-snippet":"max-snippet:-1","max-image-preview":"max-image-preview:large","max-video-preview":"max-video-preview:-1"},"canonical":"https:\/\/wein-werte.com\/de\/produkt\/portal-del-priorat-el-mas-de-la-tot-u-2021-750ml\/","og_locale":"de_DE","og_type":"article","og_title":"Portal del Priorat El Mas de l'A. Tot-\u00da 2021","og_description":"Kaufe Portal del Priorat El Mas de l'A. Tot-\u00da 2021 (, trocken aus Priorat, Spanien) bei Wein Werte, Ihrem nachhaltigen Onlineshop.","og_url":"https:\/\/wein-werte.com\/de\/produkt\/portal-del-priorat-el-mas-de-la-tot-u-2021-750ml\/","og_site_name":"Wein Werte","og_image":[{"width":341,"height":1200,"url":"https:\/\/wein-werte.com\/wp-content\/uploads\/2026\/04\/Portal-del-Priorat-El-Mas-de-lA.-Tot-U-2021-750ml.png","type":"image\/png"}],"twitter_card":"summary_large_image","twitter_misc":{"Gesch\u00e4tzte Lesezeit":"1\u00a0Minute"},"schema":{"@context":"https:\/\/schema.org","@graph":[{"@type":"WebPage","@id":"https:\/\/wein-werte.com\/de\/produkt\/portal-del-priorat-el-mas-de-la-tot-u-2021-750ml\/","url":"https:\/\/wein-werte.com\/de\/produkt\/portal-del-priorat-el-mas-de-la-tot-u-2021-750ml\/","name":"Portal del Priorat El Mas de l'A. Tot-\u00da 2021","isPartOf":{"@id":"https:\/\/wein-werte.com\/de\/#website"},"primaryImageOfPage":{"@id":"https:\/\/wein-werte.com\/de\/produkt\/portal-del-priorat-el-mas-de-la-tot-u-2021-750ml\/#primaryimage"},"image":{"@id":"https:\/\/wein-werte.com\/de\/produkt\/portal-del-priorat-el-mas-de-la-tot-u-2021-750ml\/#primaryimage"},"thumbnailUrl":"https:\/\/wein-werte.com\/wp-content\/uploads\/2026\/04\/Portal-del-Priorat-El-Mas-de-lA.-Tot-U-2021-750ml.png","datePublished":"2026-05-05T16:26:40+00:00","description":"Kaufe Portal del Priorat El Mas de l'A. Tot-\u00da 2021 (, trocken aus Priorat, Spanien) bei Wein Werte, Ihrem nachhaltigen Onlineshop.","breadcrumb":{"@id":"https:\/\/wein-werte.com\/de\/produkt\/portal-del-priorat-el-mas-de-la-tot-u-2021-750ml\/#breadcrumb"},"inLanguage":"de","potentialAction":[{"@type":"ReadAction","target":["https:\/\/wein-werte.com\/de\/produkt\/portal-del-priorat-el-mas-de-la-tot-u-2021-750ml\/"]}]},{"@type":"ImageObject","inLanguage":"de","@id":"https:\/\/wein-werte.com\/de\/produkt\/portal-del-priorat-el-mas-de-la-tot-u-2021-750ml\/#primaryimage","url":"https:\/\/wein-werte.com\/wp-content\/uploads\/2026\/04\/Portal-del-Priorat-El-Mas-de-lA.-Tot-U-2021-750ml.png","contentUrl":"https:\/\/wein-werte.com\/wp-content\/uploads\/2026\/04\/Portal-del-Priorat-El-Mas-de-lA.-Tot-U-2021-750ml.png","width":341,"height":1200,"caption":"Portal del Priorat El Mas de l'A., Tot-\u00da 2021 750ml"},{"@type":"BreadcrumbList","@id":"https:\/\/wein-werte.com\/de\/produkt\/portal-del-priorat-el-mas-de-la-tot-u-2021-750ml\/#breadcrumb","itemListElement":[{"@type":"ListItem","position":1,"name":"Home","item":"https:\/\/wein-werte.com\/de\/"},{"@type":"ListItem","position":2,"name":"Shop","item":"https:\/\/wein-werte.com\/de\/shop\/"},{"@type":"ListItem","position":3,"name":"Portal del Priorat | Priorat | El Mas de l&#8217;A., Tot-\u00da | 2021 | 750ml"}]},{"@type":"WebSite","@id":"https:\/\/wein-werte.com\/de\/#website","url":"https:\/\/wein-werte.com\/de\/","name":"Wein Werte","description":"","publisher":{"@id":"https:\/\/wein-werte.com\/de\/#organization"},"potentialAction":[{"@type":"SearchAction","target":{"@type":"EntryPoint","urlTemplate":"https:\/\/wein-werte.com\/de\/?s={search_term_string}"},"query-input":{"@type":"PropertyValueSpecification","valueRequired":true,"valueName":"search_term_string"}}],"inLanguage":"de"},{"@type":"Organization","@id":"https:\/\/wein-werte.com\/de\/#organization","name":"Vins Fins Thorrold","url":"https:\/\/wein-werte.com\/de\/","logo":{"@type":"ImageObject","inLanguage":"de","@id":"https:\/\/wein-werte.com\/de\/#\/schema\/logo\/image\/","url":"https:\/\/wein-werte.com\/wp-content\/uploads\/2023\/07\/Wein_werte_Logo700-1.png","contentUrl":"https:\/\/wein-werte.com\/wp-content\/uploads\/2023\/07\/Wein_werte_Logo700-1.png","width":700,"height":272,"caption":"Vins Fins Thorrold"},"image":{"@id":"https:\/\/wein-werte.com\/de\/#\/schema\/logo\/image\/"}}]}},"_links":{"self":[{"href":"https:\/\/wein-werte.com\/de\/wp-json\/wp\/v2\/product\/1133611","targetHints":{"allow":["GET"]}}],"collection":[{"href":"https:\/\/wein-werte.com\/de\/wp-json\/wp\/v2\/product"}],"about":[{"href":"https:\/\/wein-werte.com\/de\/wp-json\/wp\/v2\/types\/product"}],"wp:featuredmedia":[{"embeddable":true,"href":"https:\/\/wein-werte.com\/de\/wp-json\/wp\/v2\/media\/1143994"}],"wp:attachment":[{"href":"https:\/\/wein-werte.com\/de\/wp-json\/wp\/v2\/media?parent=1133611"}],"wp:term":[{"taxonomy":"product_brand","embeddable":true,"href":"https:\/\/wein-werte.com\/de\/wp-json\/wp\/v2\/product_brand?post=1133611"},{"taxonomy":"product_cat","embeddable":true,"href":"https:\/\/wein-werte.com\/de\/wp-json\/wp\/v2\/product_cat?post=1133611"},{"taxonomy":"product_tag","embeddable":true,"href":"https:\/\/wein-werte.com\/de\/wp-json\/wp\/v2\/product_tag?post=1133611"}],"curies":[{"name":"wp","href":"https:\/\/api.w.org\/{rel}","templated":true}]}}