{"id":1133588,"date":"2026-05-05T18:26:39","date_gmt":"2026-05-05T16:26:39","guid":{"rendered":"https:\/\/wein-werte.com\/product\/portal-del-priorat-el-mas-de-la-racorell-2020-750ml\/"},"modified":"2026-04-27T11:50:50","modified_gmt":"2026-04-27T09:50:50","slug":"portal-del-priorat-el-mas-de-la-racorell-2020-750ml","status":"publish","type":"product","link":"https:\/\/wein-werte.com\/de\/produkt\/portal-del-priorat-el-mas-de-la-racorell-2020-750ml\/","title":{"rendered":"Portal del Priorat | Priorat | El Mas de l&#8217;A., Racorell | 2020 | 750ml"},"content":{"rendered":"<p>Produktbeschreibung f\u00fcr Portal del Priorat El Mas de l&#8217;A., Racorell 2020  <\/p>\n<h5>Informationen zum Wein<\/h5>\n<p> El Mas de l&#8217;A ist das neueste Projekt von Alfredo Arribas im DOQ Priorat. Sein Rotwein Racorell 2020 ist ein Blend aus der weit verbreiteten Rotweintraube Garnacha Tinta sowie deren selten vorkommenden Mutationen Garnacha Peluda und Garnacha Gris (Graue Grenache). Die Spontanverg\u00e4rung des Weins erfolgte in Betontanks. Anschlie\u00dfend reifte der Wein f\u00fcr 12 Monate in Fudern und Halbst\u00fcckf\u00e4ssern. <\/p>\n<h5>Farbe<\/h5>\n<p> Kirschrot mit violetten R\u00e4ndern <\/p>\n<h5>\u00a0<\/h5>\n<h5>Nase<\/h5>\n<p> Racorell hat eine auffallend frische und expressive Nase von knackigen roten Beeren, floralen Aromen und einer zarten Pfeffernote. Das Bukett ist nicht nur aromatisch \u00e4u\u00dferst anregend, sondern hat auch einen eigenen Charakter. <\/p>\n<h5>Gaumen<\/h5>\n<p> Am Gaumen ist der Wein total saftig und frisch und mit einem wunderbar geradlinigen S\u00e4urezug ausgestattet. Er hat eine seidige Textur, feink\u00f6rniges Tannin und eine elegante Rotfruchtigkeit. Der Abgang ist von mittlerer L\u00e4nge. Das trinkt sich gef\u00e4hrlich leicht weg. Mit dem schweren, dichten und holzbetonten Priorat, wie man es noch vor 15 Jahren kannte, hat dieser Wein \u00fcberhaupt nichts zu tun. Hier richtet sich der Blick ganz klar auf die Trinkbarkeit. Sicher ist Racorell ein gro\u00dfartiger Begleiter f\u00fcr viele Gerichte.<\/p>\n<p>Copyright Vinaturel 2025<\/p>\n<p>Keywords: <a href=\"https:\/\/wein-werte.com\/de\/shop\/?swoof=1&#038;pa_producer=Portal-del-Priorat\">Portal del Priorat<\/a> <a href=\"https:\/\/wein-werte.com\/de\/shop\/?swoof=1&#038;woof_text=El Mas de l'A., Racorell\">El Mas de l&#8217;A., Racorell<\/a> 2020  <a href=\"https:\/\/wein-werte.com\/de\/shop\/?swoof=1&#038;pa_region=Priorat\">Priorat<\/a> <a href=\"https:\/\/wein-werte.com\/de\/shop\/?swoof=1&#038;pa_country=Spanien\">Spanien<\/a><\/p>\n<p>Internetseite des Weinguts: <a href=\"https:\/\/portaldelpriorat.com\/\" target=\"_blank\">https:\/\/portaldelpriorat.com\/<\/a><\/p>\n","protected":false},"excerpt":{"rendered":"<p>Lieferzeit: 1 bis 2 Arbeitstage (DE), 2 bis 5 Arbeitstage (EU and CH)<\/p>\n","protected":false},"featured_media":1143976,"template":"","meta":[],"product_brand":[],"product_cat":[19],"product_tag":[],"class_list":{"0":"post-1133588","1":"product","2":"type-product","3":"status-publish","4":"has-post-thumbnail","6":"product_cat-unkategorisiert","7":"pa_alcohol-for-filter-12892","8":"pa_certified-biodynamic-nein-de","9":"pa_certified-organic-nein-de","10":"pa_colour-rot","11":"pa_country-spanien","12":"pa_grape-grenache","13":"pa_price-for-filter-10579","14":"pa_producer-portal-del-priorat","15":"pa_region-priorat","16":"pa_size-ml-6584","17":"pa_sweetness-trocken-de","18":"pa_type-2-still-de","19":"pa_vintage-2020-de","20":"entry","21":"has-media","23":"first","24":"instock","25":"taxable","26":"shipping-taxable","27":"purchasable","28":"product-type-simple"},"yoast_head":"<!-- This site is optimized with the Yoast SEO plugin v27.5 - https:\/\/yoast.com\/product\/yoast-seo-wordpress\/ -->\n<title>Portal del Priorat El Mas de l&#039;A. Racorell 2020<\/title>\n<meta name=\"description\" content=\"Kaufe Portal del Priorat El Mas de l&#039;A. Racorell 2020 (Grenache, trocken aus Priorat, Spanien) bei Wein Werte, Ihrem nachhaltigen Onlineshop.\" \/>\n<meta name=\"robots\" content=\"index, follow, max-snippet:-1, max-image-preview:large, max-video-preview:-1\" \/>\n<link rel=\"canonical\" href=\"https:\/\/wein-werte.com\/de\/produkt\/portal-del-priorat-el-mas-de-la-racorell-2020-750ml\/\" \/>\n<meta property=\"og:locale\" content=\"de_DE\" \/>\n<meta property=\"og:type\" content=\"article\" \/>\n<meta property=\"og:title\" content=\"Portal del Priorat El Mas de l&#039;A. Racorell 2020\" \/>\n<meta property=\"og:description\" content=\"Kaufe Portal del Priorat El Mas de l&#039;A. Racorell 2020 (Grenache, trocken aus Priorat, Spanien) bei Wein Werte, Ihrem nachhaltigen Onlineshop.\" \/>\n<meta property=\"og:url\" content=\"https:\/\/wein-werte.com\/de\/produkt\/portal-del-priorat-el-mas-de-la-racorell-2020-750ml\/\" \/>\n<meta property=\"og:site_name\" content=\"Wein Werte\" \/>\n<meta property=\"og:image\" content=\"https:\/\/wein-werte.com\/wp-content\/uploads\/2026\/04\/Portal-del-Priorat-El-Mas-de-lA.-Racorell-2020-750ml.png\" \/>\n\t<meta property=\"og:image:width\" content=\"346\" \/>\n\t<meta property=\"og:image:height\" content=\"1200\" \/>\n\t<meta property=\"og:image:type\" content=\"image\/png\" \/>\n<meta name=\"twitter:card\" content=\"summary_large_image\" \/>\n<meta name=\"twitter:label1\" content=\"Gesch\u00e4tzte Lesezeit\" \/>\n\t<meta name=\"twitter:data1\" content=\"1\u00a0Minute\" \/>\n<script type=\"application\/ld+json\" class=\"yoast-schema-graph\">{\"@context\":\"https:\\\/\\\/schema.org\",\"@graph\":[{\"@type\":\"WebPage\",\"@id\":\"https:\\\/\\\/wein-werte.com\\\/de\\\/produkt\\\/portal-del-priorat-el-mas-de-la-racorell-2020-750ml\\\/\",\"url\":\"https:\\\/\\\/wein-werte.com\\\/de\\\/produkt\\\/portal-del-priorat-el-mas-de-la-racorell-2020-750ml\\\/\",\"name\":\"Portal del Priorat El Mas de l'A. Racorell 2020\",\"isPartOf\":{\"@id\":\"https:\\\/\\\/wein-werte.com\\\/de\\\/#website\"},\"primaryImageOfPage\":{\"@id\":\"https:\\\/\\\/wein-werte.com\\\/de\\\/produkt\\\/portal-del-priorat-el-mas-de-la-racorell-2020-750ml\\\/#primaryimage\"},\"image\":{\"@id\":\"https:\\\/\\\/wein-werte.com\\\/de\\\/produkt\\\/portal-del-priorat-el-mas-de-la-racorell-2020-750ml\\\/#primaryimage\"},\"thumbnailUrl\":\"https:\\\/\\\/wein-werte.com\\\/wp-content\\\/uploads\\\/2026\\\/04\\\/Portal-del-Priorat-El-Mas-de-lA.-Racorell-2020-750ml.png\",\"datePublished\":\"2026-05-05T16:26:39+00:00\",\"description\":\"Kaufe Portal del Priorat El Mas de l'A. Racorell 2020 (Grenache, trocken aus Priorat, Spanien) bei Wein Werte, Ihrem nachhaltigen Onlineshop.\",\"breadcrumb\":{\"@id\":\"https:\\\/\\\/wein-werte.com\\\/de\\\/produkt\\\/portal-del-priorat-el-mas-de-la-racorell-2020-750ml\\\/#breadcrumb\"},\"inLanguage\":\"de\",\"potentialAction\":[{\"@type\":\"ReadAction\",\"target\":[\"https:\\\/\\\/wein-werte.com\\\/de\\\/produkt\\\/portal-del-priorat-el-mas-de-la-racorell-2020-750ml\\\/\"]}]},{\"@type\":\"ImageObject\",\"inLanguage\":\"de\",\"@id\":\"https:\\\/\\\/wein-werte.com\\\/de\\\/produkt\\\/portal-del-priorat-el-mas-de-la-racorell-2020-750ml\\\/#primaryimage\",\"url\":\"https:\\\/\\\/wein-werte.com\\\/wp-content\\\/uploads\\\/2026\\\/04\\\/Portal-del-Priorat-El-Mas-de-lA.-Racorell-2020-750ml.png\",\"contentUrl\":\"https:\\\/\\\/wein-werte.com\\\/wp-content\\\/uploads\\\/2026\\\/04\\\/Portal-del-Priorat-El-Mas-de-lA.-Racorell-2020-750ml.png\",\"width\":346,\"height\":1200,\"caption\":\"Portal del Priorat El Mas de l'A., Racorell 2020 750ml\"},{\"@type\":\"BreadcrumbList\",\"@id\":\"https:\\\/\\\/wein-werte.com\\\/de\\\/produkt\\\/portal-del-priorat-el-mas-de-la-racorell-2020-750ml\\\/#breadcrumb\",\"itemListElement\":[{\"@type\":\"ListItem\",\"position\":1,\"name\":\"Home\",\"item\":\"https:\\\/\\\/wein-werte.com\\\/de\\\/\"},{\"@type\":\"ListItem\",\"position\":2,\"name\":\"Shop\",\"item\":\"https:\\\/\\\/wein-werte.com\\\/de\\\/shop\\\/\"},{\"@type\":\"ListItem\",\"position\":3,\"name\":\"Portal del Priorat | Priorat | El Mas de l&#8217;A., Racorell | 2020 | 750ml\"}]},{\"@type\":\"WebSite\",\"@id\":\"https:\\\/\\\/wein-werte.com\\\/de\\\/#website\",\"url\":\"https:\\\/\\\/wein-werte.com\\\/de\\\/\",\"name\":\"Wein Werte\",\"description\":\"\",\"publisher\":{\"@id\":\"https:\\\/\\\/wein-werte.com\\\/de\\\/#organization\"},\"potentialAction\":[{\"@type\":\"SearchAction\",\"target\":{\"@type\":\"EntryPoint\",\"urlTemplate\":\"https:\\\/\\\/wein-werte.com\\\/de\\\/?s={search_term_string}\"},\"query-input\":{\"@type\":\"PropertyValueSpecification\",\"valueRequired\":true,\"valueName\":\"search_term_string\"}}],\"inLanguage\":\"de\"},{\"@type\":\"Organization\",\"@id\":\"https:\\\/\\\/wein-werte.com\\\/de\\\/#organization\",\"name\":\"Vins Fins Thorrold\",\"url\":\"https:\\\/\\\/wein-werte.com\\\/de\\\/\",\"logo\":{\"@type\":\"ImageObject\",\"inLanguage\":\"de\",\"@id\":\"https:\\\/\\\/wein-werte.com\\\/de\\\/#\\\/schema\\\/logo\\\/image\\\/\",\"url\":\"https:\\\/\\\/wein-werte.com\\\/wp-content\\\/uploads\\\/2023\\\/07\\\/Wein_werte_Logo700-1.png\",\"contentUrl\":\"https:\\\/\\\/wein-werte.com\\\/wp-content\\\/uploads\\\/2023\\\/07\\\/Wein_werte_Logo700-1.png\",\"width\":700,\"height\":272,\"caption\":\"Vins Fins Thorrold\"},\"image\":{\"@id\":\"https:\\\/\\\/wein-werte.com\\\/de\\\/#\\\/schema\\\/logo\\\/image\\\/\"}}]}<\/script>\n<!-- \/ Yoast SEO plugin. -->","yoast_head_json":{"title":"Portal del Priorat El Mas de l'A. Racorell 2020","description":"Kaufe Portal del Priorat El Mas de l'A. Racorell 2020 (Grenache, trocken aus Priorat, Spanien) bei Wein Werte, Ihrem nachhaltigen Onlineshop.","robots":{"index":"index","follow":"follow","max-snippet":"max-snippet:-1","max-image-preview":"max-image-preview:large","max-video-preview":"max-video-preview:-1"},"canonical":"https:\/\/wein-werte.com\/de\/produkt\/portal-del-priorat-el-mas-de-la-racorell-2020-750ml\/","og_locale":"de_DE","og_type":"article","og_title":"Portal del Priorat El Mas de l'A. Racorell 2020","og_description":"Kaufe Portal del Priorat El Mas de l'A. Racorell 2020 (Grenache, trocken aus Priorat, Spanien) bei Wein Werte, Ihrem nachhaltigen Onlineshop.","og_url":"https:\/\/wein-werte.com\/de\/produkt\/portal-del-priorat-el-mas-de-la-racorell-2020-750ml\/","og_site_name":"Wein Werte","og_image":[{"width":346,"height":1200,"url":"https:\/\/wein-werte.com\/wp-content\/uploads\/2026\/04\/Portal-del-Priorat-El-Mas-de-lA.-Racorell-2020-750ml.png","type":"image\/png"}],"twitter_card":"summary_large_image","twitter_misc":{"Gesch\u00e4tzte Lesezeit":"1\u00a0Minute"},"schema":{"@context":"https:\/\/schema.org","@graph":[{"@type":"WebPage","@id":"https:\/\/wein-werte.com\/de\/produkt\/portal-del-priorat-el-mas-de-la-racorell-2020-750ml\/","url":"https:\/\/wein-werte.com\/de\/produkt\/portal-del-priorat-el-mas-de-la-racorell-2020-750ml\/","name":"Portal del Priorat El Mas de l'A. Racorell 2020","isPartOf":{"@id":"https:\/\/wein-werte.com\/de\/#website"},"primaryImageOfPage":{"@id":"https:\/\/wein-werte.com\/de\/produkt\/portal-del-priorat-el-mas-de-la-racorell-2020-750ml\/#primaryimage"},"image":{"@id":"https:\/\/wein-werte.com\/de\/produkt\/portal-del-priorat-el-mas-de-la-racorell-2020-750ml\/#primaryimage"},"thumbnailUrl":"https:\/\/wein-werte.com\/wp-content\/uploads\/2026\/04\/Portal-del-Priorat-El-Mas-de-lA.-Racorell-2020-750ml.png","datePublished":"2026-05-05T16:26:39+00:00","description":"Kaufe Portal del Priorat El Mas de l'A. Racorell 2020 (Grenache, trocken aus Priorat, Spanien) bei Wein Werte, Ihrem nachhaltigen Onlineshop.","breadcrumb":{"@id":"https:\/\/wein-werte.com\/de\/produkt\/portal-del-priorat-el-mas-de-la-racorell-2020-750ml\/#breadcrumb"},"inLanguage":"de","potentialAction":[{"@type":"ReadAction","target":["https:\/\/wein-werte.com\/de\/produkt\/portal-del-priorat-el-mas-de-la-racorell-2020-750ml\/"]}]},{"@type":"ImageObject","inLanguage":"de","@id":"https:\/\/wein-werte.com\/de\/produkt\/portal-del-priorat-el-mas-de-la-racorell-2020-750ml\/#primaryimage","url":"https:\/\/wein-werte.com\/wp-content\/uploads\/2026\/04\/Portal-del-Priorat-El-Mas-de-lA.-Racorell-2020-750ml.png","contentUrl":"https:\/\/wein-werte.com\/wp-content\/uploads\/2026\/04\/Portal-del-Priorat-El-Mas-de-lA.-Racorell-2020-750ml.png","width":346,"height":1200,"caption":"Portal del Priorat El Mas de l'A., Racorell 2020 750ml"},{"@type":"BreadcrumbList","@id":"https:\/\/wein-werte.com\/de\/produkt\/portal-del-priorat-el-mas-de-la-racorell-2020-750ml\/#breadcrumb","itemListElement":[{"@type":"ListItem","position":1,"name":"Home","item":"https:\/\/wein-werte.com\/de\/"},{"@type":"ListItem","position":2,"name":"Shop","item":"https:\/\/wein-werte.com\/de\/shop\/"},{"@type":"ListItem","position":3,"name":"Portal del Priorat | Priorat | El Mas de l&#8217;A., Racorell | 2020 | 750ml"}]},{"@type":"WebSite","@id":"https:\/\/wein-werte.com\/de\/#website","url":"https:\/\/wein-werte.com\/de\/","name":"Wein Werte","description":"","publisher":{"@id":"https:\/\/wein-werte.com\/de\/#organization"},"potentialAction":[{"@type":"SearchAction","target":{"@type":"EntryPoint","urlTemplate":"https:\/\/wein-werte.com\/de\/?s={search_term_string}"},"query-input":{"@type":"PropertyValueSpecification","valueRequired":true,"valueName":"search_term_string"}}],"inLanguage":"de"},{"@type":"Organization","@id":"https:\/\/wein-werte.com\/de\/#organization","name":"Vins Fins Thorrold","url":"https:\/\/wein-werte.com\/de\/","logo":{"@type":"ImageObject","inLanguage":"de","@id":"https:\/\/wein-werte.com\/de\/#\/schema\/logo\/image\/","url":"https:\/\/wein-werte.com\/wp-content\/uploads\/2023\/07\/Wein_werte_Logo700-1.png","contentUrl":"https:\/\/wein-werte.com\/wp-content\/uploads\/2023\/07\/Wein_werte_Logo700-1.png","width":700,"height":272,"caption":"Vins Fins Thorrold"},"image":{"@id":"https:\/\/wein-werte.com\/de\/#\/schema\/logo\/image\/"}}]}},"_links":{"self":[{"href":"https:\/\/wein-werte.com\/de\/wp-json\/wp\/v2\/product\/1133588","targetHints":{"allow":["GET"]}}],"collection":[{"href":"https:\/\/wein-werte.com\/de\/wp-json\/wp\/v2\/product"}],"about":[{"href":"https:\/\/wein-werte.com\/de\/wp-json\/wp\/v2\/types\/product"}],"wp:featuredmedia":[{"embeddable":true,"href":"https:\/\/wein-werte.com\/de\/wp-json\/wp\/v2\/media\/1143976"}],"wp:attachment":[{"href":"https:\/\/wein-werte.com\/de\/wp-json\/wp\/v2\/media?parent=1133588"}],"wp:term":[{"taxonomy":"product_brand","embeddable":true,"href":"https:\/\/wein-werte.com\/de\/wp-json\/wp\/v2\/product_brand?post=1133588"},{"taxonomy":"product_cat","embeddable":true,"href":"https:\/\/wein-werte.com\/de\/wp-json\/wp\/v2\/product_cat?post=1133588"},{"taxonomy":"product_tag","embeddable":true,"href":"https:\/\/wein-werte.com\/de\/wp-json\/wp\/v2\/product_tag?post=1133588"}],"curies":[{"name":"wp","href":"https:\/\/api.w.org\/{rel}","templated":true}]}}