{"id":1133579,"date":"2026-05-08T20:06:05","date_gmt":"2026-05-08T18:06:05","guid":{"rendered":"https:\/\/wein-werte.com\/product\/alfredo-arribas-tros-blanc-saleras-2015-1500ml\/"},"modified":"2026-04-27T11:50:50","modified_gmt":"2026-04-27T09:50:50","slug":"alfredo-arribas-tros-blanc-saleras-2015-1500ml","status":"publish","type":"product","link":"https:\/\/wein-werte.com\/de\/produkt\/alfredo-arribas-tros-blanc-saleras-2015-1500ml\/","title":{"rendered":"Alfredo Arribas | Montsant | Tros Blanc Saleras | 2015 | 1500ml"},"content":{"rendered":"<p>Produktbeschreibung f\u00fcr Alfredo Arribas Tros Blanc Saleras 2015  <\/p>\n<h5>Farbe<\/h5>\n<p> In leuchtendem Strohgelb strahlt der Wein mit goldenen Reflexen klar und gl\u00e4nzend aus dem Glas. <\/p>\n<h5>Nase<\/h5>\n<p> Montsant ist doch immer wieder f\u00fcr \u00dcberraschungen gut. Sein g\u00fcldenes Antlitz verr\u00e4t bereits die Dichte und Intensit\u00e4t dieses Garnatxa Blanca. Saleres beinhaltet eine sehr alte karge Lage namens \u201eEl Masroig\u201c. In manchen Jahren besteht der Tros Blanc aus jener und der \u201eNotaria\u201c, die etwas schwerere B\u00f6den aufweist. In seinem Duft vereint dieser Wein die feine Exotik von Honigmelone, Papaya und Pomelo mit den nussigen Aromen von ger\u00f6stetem Getreide, Gerstenmalz und Cornflakes. Aufsteigender Dampf von kochendem Basmati Reis verbindet sich mit den Noten von Lorbeer, wei\u00dfem Pfeffer und Kurkuma. <\/p>\n<h5>Gaumen<\/h5>\n<p> Der Gaumen wird vom 2015 Tros Blanc Saleres von Alfredo Arribas regelrecht gekentert, l\u00e4sst dies allerdings auch hingebungsvoll und dankbar \u00fcber sich ergehen. Breitfl\u00e4chig rollt er mit cremiger Textur ein und markiert sein Revier. Seine gelbfleischige Frucht, die sich im Duft des Weins zaghaft hinter einem Haufen Steine versteckt, nimmt nun an Reife und F\u00fclle zu. Allerdings macht sie im Nachhall dieser kargen Dokumentation ein Kehrtwende auf den Hacken und begibt sich in ein stetig wieder schallendes, Mund w\u00e4sserndes und gar salziges Echo zum Lobe gro\u00dfer Handwerkskunst und Weinkultur. Heureka!<\/p>\n<p>Copyright Vinaturel 2025<\/p>\n<p>Keywords: <a href=\"https:\/\/wein-werte.com\/de\/shop\/?swoof=1&#038;pa_producer=Alfredo-Arribas\">Alfredo Arribas<\/a> <a href=\"https:\/\/wein-werte.com\/de\/shop\/?swoof=1&#038;woof_text=Tros Blanc Saleras\">Tros Blanc Saleras<\/a> 2015  <a href=\"https:\/\/wein-werte.com\/de\/shop\/?swoof=1&#038;pa_region=Montsant\">Montsant<\/a> <a href=\"https:\/\/wein-werte.com\/de\/shop\/?swoof=1&#038;pa_country=Spanien\">Spanien<\/a><\/p>\n<p>Internetseite des Weinguts: <a href=\"https:\/\/www.closdelportal.com\/\" target=\"_blank\">https:\/\/www.closdelportal.com\/<\/a><\/p>\n","protected":false},"excerpt":{"rendered":"<p>Lieferzeit: 1 bis 2 Arbeitstage (DE), 2 bis 5 Arbeitstage (EU and CH)<\/p>\n","protected":false},"featured_media":1143970,"template":"","meta":[],"product_brand":[],"product_cat":[19],"product_tag":[],"class_list":{"0":"post-1133579","1":"product","2":"type-product","3":"status-publish","4":"has-post-thumbnail","6":"product_cat-unkategorisiert","7":"pa_alcohol-for-filter-14-5","8":"pa_certified-biodynamic-nein-de","9":"pa_certified-organic-nein-de","10":"pa_colour-weiss","11":"pa_country-spanien","12":"pa_grape-grenache-blanc","13":"pa_price-for-filter-10572","14":"pa_producer-alfredo-arribas","15":"pa_region-montsant","16":"pa_size-ml-6657","17":"pa_sweetness-trocken-de","18":"pa_type-2-still-de","19":"pa_vintage-2015-de","20":"entry","21":"has-media","23":"first","24":"instock","25":"taxable","26":"shipping-taxable","27":"purchasable","28":"product-type-simple"},"yoast_head":"<!-- This site is optimized with the Yoast SEO plugin v27.5 - https:\/\/yoast.com\/product\/yoast-seo-wordpress\/ -->\n<title>Alfredo Arribas Tros blanc Saleras 2015, 1500ml<\/title>\n<meta name=\"description\" content=\"Kaufe Alfredo Arribas Tros blanc Saleras 2015 (Grenache blanc, trocken aus Montsant, Spanien) bei Wein Werte, Ihrem nachhaltigen Onlineshop.\" \/>\n<meta name=\"robots\" content=\"index, follow, max-snippet:-1, max-image-preview:large, max-video-preview:-1\" \/>\n<link rel=\"canonical\" href=\"https:\/\/wein-werte.com\/de\/produkt\/alfredo-arribas-tros-blanc-saleras-2015-1500ml\/\" \/>\n<meta property=\"og:locale\" content=\"de_DE\" \/>\n<meta property=\"og:type\" content=\"article\" \/>\n<meta property=\"og:title\" content=\"Alfredo Arribas Tros blanc Saleras 2015, 1500ml\" \/>\n<meta property=\"og:description\" content=\"Kaufe Alfredo Arribas Tros blanc Saleras 2015 (Grenache blanc, trocken aus Montsant, Spanien) bei Wein Werte, Ihrem nachhaltigen Onlineshop.\" \/>\n<meta property=\"og:url\" content=\"https:\/\/wein-werte.com\/de\/produkt\/alfredo-arribas-tros-blanc-saleras-2015-1500ml\/\" \/>\n<meta property=\"og:site_name\" content=\"Wein Werte\" \/>\n<meta property=\"og:image\" content=\"https:\/\/wein-werte.com\/wp-content\/uploads\/2026\/04\/Alfredo-Arribas-Tros-blanc-Saleras-2015-1500ml.png\" \/>\n\t<meta property=\"og:image:width\" content=\"357\" \/>\n\t<meta property=\"og:image:height\" content=\"1200\" \/>\n\t<meta property=\"og:image:type\" content=\"image\/png\" \/>\n<meta name=\"twitter:card\" content=\"summary_large_image\" \/>\n<meta name=\"twitter:label1\" content=\"Gesch\u00e4tzte Lesezeit\" \/>\n\t<meta name=\"twitter:data1\" content=\"1\u00a0Minute\" \/>\n<script type=\"application\/ld+json\" class=\"yoast-schema-graph\">{\"@context\":\"https:\\\/\\\/schema.org\",\"@graph\":[{\"@type\":\"WebPage\",\"@id\":\"https:\\\/\\\/wein-werte.com\\\/de\\\/produkt\\\/alfredo-arribas-tros-blanc-saleras-2015-1500ml\\\/\",\"url\":\"https:\\\/\\\/wein-werte.com\\\/de\\\/produkt\\\/alfredo-arribas-tros-blanc-saleras-2015-1500ml\\\/\",\"name\":\"Alfredo Arribas Tros blanc Saleras 2015, 1500ml\",\"isPartOf\":{\"@id\":\"https:\\\/\\\/wein-werte.com\\\/de\\\/#website\"},\"primaryImageOfPage\":{\"@id\":\"https:\\\/\\\/wein-werte.com\\\/de\\\/produkt\\\/alfredo-arribas-tros-blanc-saleras-2015-1500ml\\\/#primaryimage\"},\"image\":{\"@id\":\"https:\\\/\\\/wein-werte.com\\\/de\\\/produkt\\\/alfredo-arribas-tros-blanc-saleras-2015-1500ml\\\/#primaryimage\"},\"thumbnailUrl\":\"https:\\\/\\\/wein-werte.com\\\/wp-content\\\/uploads\\\/2026\\\/04\\\/Alfredo-Arribas-Tros-blanc-Saleras-2015-1500ml.png\",\"datePublished\":\"2026-05-08T18:06:05+00:00\",\"description\":\"Kaufe Alfredo Arribas Tros blanc Saleras 2015 (Grenache blanc, trocken aus Montsant, Spanien) bei Wein Werte, Ihrem nachhaltigen Onlineshop.\",\"breadcrumb\":{\"@id\":\"https:\\\/\\\/wein-werte.com\\\/de\\\/produkt\\\/alfredo-arribas-tros-blanc-saleras-2015-1500ml\\\/#breadcrumb\"},\"inLanguage\":\"de\",\"potentialAction\":[{\"@type\":\"ReadAction\",\"target\":[\"https:\\\/\\\/wein-werte.com\\\/de\\\/produkt\\\/alfredo-arribas-tros-blanc-saleras-2015-1500ml\\\/\"]}]},{\"@type\":\"ImageObject\",\"inLanguage\":\"de\",\"@id\":\"https:\\\/\\\/wein-werte.com\\\/de\\\/produkt\\\/alfredo-arribas-tros-blanc-saleras-2015-1500ml\\\/#primaryimage\",\"url\":\"https:\\\/\\\/wein-werte.com\\\/wp-content\\\/uploads\\\/2026\\\/04\\\/Alfredo-Arribas-Tros-blanc-Saleras-2015-1500ml.png\",\"contentUrl\":\"https:\\\/\\\/wein-werte.com\\\/wp-content\\\/uploads\\\/2026\\\/04\\\/Alfredo-Arribas-Tros-blanc-Saleras-2015-1500ml.png\",\"width\":357,\"height\":1200,\"caption\":\"Alfredo Arribas Tros Blanc Saleras 2015 1500ml\"},{\"@type\":\"BreadcrumbList\",\"@id\":\"https:\\\/\\\/wein-werte.com\\\/de\\\/produkt\\\/alfredo-arribas-tros-blanc-saleras-2015-1500ml\\\/#breadcrumb\",\"itemListElement\":[{\"@type\":\"ListItem\",\"position\":1,\"name\":\"Home\",\"item\":\"https:\\\/\\\/wein-werte.com\\\/de\\\/\"},{\"@type\":\"ListItem\",\"position\":2,\"name\":\"Shop\",\"item\":\"https:\\\/\\\/wein-werte.com\\\/de\\\/shop\\\/\"},{\"@type\":\"ListItem\",\"position\":3,\"name\":\"Alfredo Arribas | Montsant | Tros Blanc Saleras | 2015 | 1500ml\"}]},{\"@type\":\"WebSite\",\"@id\":\"https:\\\/\\\/wein-werte.com\\\/de\\\/#website\",\"url\":\"https:\\\/\\\/wein-werte.com\\\/de\\\/\",\"name\":\"Wein Werte\",\"description\":\"\",\"publisher\":{\"@id\":\"https:\\\/\\\/wein-werte.com\\\/de\\\/#organization\"},\"potentialAction\":[{\"@type\":\"SearchAction\",\"target\":{\"@type\":\"EntryPoint\",\"urlTemplate\":\"https:\\\/\\\/wein-werte.com\\\/de\\\/?s={search_term_string}\"},\"query-input\":{\"@type\":\"PropertyValueSpecification\",\"valueRequired\":true,\"valueName\":\"search_term_string\"}}],\"inLanguage\":\"de\"},{\"@type\":\"Organization\",\"@id\":\"https:\\\/\\\/wein-werte.com\\\/de\\\/#organization\",\"name\":\"Vins Fins Thorrold\",\"url\":\"https:\\\/\\\/wein-werte.com\\\/de\\\/\",\"logo\":{\"@type\":\"ImageObject\",\"inLanguage\":\"de\",\"@id\":\"https:\\\/\\\/wein-werte.com\\\/de\\\/#\\\/schema\\\/logo\\\/image\\\/\",\"url\":\"https:\\\/\\\/wein-werte.com\\\/wp-content\\\/uploads\\\/2023\\\/07\\\/Wein_werte_Logo700-1.png\",\"contentUrl\":\"https:\\\/\\\/wein-werte.com\\\/wp-content\\\/uploads\\\/2023\\\/07\\\/Wein_werte_Logo700-1.png\",\"width\":700,\"height\":272,\"caption\":\"Vins Fins Thorrold\"},\"image\":{\"@id\":\"https:\\\/\\\/wein-werte.com\\\/de\\\/#\\\/schema\\\/logo\\\/image\\\/\"}}]}<\/script>\n<!-- \/ Yoast SEO plugin. -->","yoast_head_json":{"title":"Alfredo Arribas Tros blanc Saleras 2015, 1500ml","description":"Kaufe Alfredo Arribas Tros blanc Saleras 2015 (Grenache blanc, trocken aus Montsant, Spanien) bei Wein Werte, Ihrem nachhaltigen Onlineshop.","robots":{"index":"index","follow":"follow","max-snippet":"max-snippet:-1","max-image-preview":"max-image-preview:large","max-video-preview":"max-video-preview:-1"},"canonical":"https:\/\/wein-werte.com\/de\/produkt\/alfredo-arribas-tros-blanc-saleras-2015-1500ml\/","og_locale":"de_DE","og_type":"article","og_title":"Alfredo Arribas Tros blanc Saleras 2015, 1500ml","og_description":"Kaufe Alfredo Arribas Tros blanc Saleras 2015 (Grenache blanc, trocken aus Montsant, Spanien) bei Wein Werte, Ihrem nachhaltigen Onlineshop.","og_url":"https:\/\/wein-werte.com\/de\/produkt\/alfredo-arribas-tros-blanc-saleras-2015-1500ml\/","og_site_name":"Wein Werte","og_image":[{"width":357,"height":1200,"url":"https:\/\/wein-werte.com\/wp-content\/uploads\/2026\/04\/Alfredo-Arribas-Tros-blanc-Saleras-2015-1500ml.png","type":"image\/png"}],"twitter_card":"summary_large_image","twitter_misc":{"Gesch\u00e4tzte Lesezeit":"1\u00a0Minute"},"schema":{"@context":"https:\/\/schema.org","@graph":[{"@type":"WebPage","@id":"https:\/\/wein-werte.com\/de\/produkt\/alfredo-arribas-tros-blanc-saleras-2015-1500ml\/","url":"https:\/\/wein-werte.com\/de\/produkt\/alfredo-arribas-tros-blanc-saleras-2015-1500ml\/","name":"Alfredo Arribas Tros blanc Saleras 2015, 1500ml","isPartOf":{"@id":"https:\/\/wein-werte.com\/de\/#website"},"primaryImageOfPage":{"@id":"https:\/\/wein-werte.com\/de\/produkt\/alfredo-arribas-tros-blanc-saleras-2015-1500ml\/#primaryimage"},"image":{"@id":"https:\/\/wein-werte.com\/de\/produkt\/alfredo-arribas-tros-blanc-saleras-2015-1500ml\/#primaryimage"},"thumbnailUrl":"https:\/\/wein-werte.com\/wp-content\/uploads\/2026\/04\/Alfredo-Arribas-Tros-blanc-Saleras-2015-1500ml.png","datePublished":"2026-05-08T18:06:05+00:00","description":"Kaufe Alfredo Arribas Tros blanc Saleras 2015 (Grenache blanc, trocken aus Montsant, Spanien) bei Wein Werte, Ihrem nachhaltigen Onlineshop.","breadcrumb":{"@id":"https:\/\/wein-werte.com\/de\/produkt\/alfredo-arribas-tros-blanc-saleras-2015-1500ml\/#breadcrumb"},"inLanguage":"de","potentialAction":[{"@type":"ReadAction","target":["https:\/\/wein-werte.com\/de\/produkt\/alfredo-arribas-tros-blanc-saleras-2015-1500ml\/"]}]},{"@type":"ImageObject","inLanguage":"de","@id":"https:\/\/wein-werte.com\/de\/produkt\/alfredo-arribas-tros-blanc-saleras-2015-1500ml\/#primaryimage","url":"https:\/\/wein-werte.com\/wp-content\/uploads\/2026\/04\/Alfredo-Arribas-Tros-blanc-Saleras-2015-1500ml.png","contentUrl":"https:\/\/wein-werte.com\/wp-content\/uploads\/2026\/04\/Alfredo-Arribas-Tros-blanc-Saleras-2015-1500ml.png","width":357,"height":1200,"caption":"Alfredo Arribas Tros Blanc Saleras 2015 1500ml"},{"@type":"BreadcrumbList","@id":"https:\/\/wein-werte.com\/de\/produkt\/alfredo-arribas-tros-blanc-saleras-2015-1500ml\/#breadcrumb","itemListElement":[{"@type":"ListItem","position":1,"name":"Home","item":"https:\/\/wein-werte.com\/de\/"},{"@type":"ListItem","position":2,"name":"Shop","item":"https:\/\/wein-werte.com\/de\/shop\/"},{"@type":"ListItem","position":3,"name":"Alfredo Arribas | Montsant | Tros Blanc Saleras | 2015 | 1500ml"}]},{"@type":"WebSite","@id":"https:\/\/wein-werte.com\/de\/#website","url":"https:\/\/wein-werte.com\/de\/","name":"Wein Werte","description":"","publisher":{"@id":"https:\/\/wein-werte.com\/de\/#organization"},"potentialAction":[{"@type":"SearchAction","target":{"@type":"EntryPoint","urlTemplate":"https:\/\/wein-werte.com\/de\/?s={search_term_string}"},"query-input":{"@type":"PropertyValueSpecification","valueRequired":true,"valueName":"search_term_string"}}],"inLanguage":"de"},{"@type":"Organization","@id":"https:\/\/wein-werte.com\/de\/#organization","name":"Vins Fins Thorrold","url":"https:\/\/wein-werte.com\/de\/","logo":{"@type":"ImageObject","inLanguage":"de","@id":"https:\/\/wein-werte.com\/de\/#\/schema\/logo\/image\/","url":"https:\/\/wein-werte.com\/wp-content\/uploads\/2023\/07\/Wein_werte_Logo700-1.png","contentUrl":"https:\/\/wein-werte.com\/wp-content\/uploads\/2023\/07\/Wein_werte_Logo700-1.png","width":700,"height":272,"caption":"Vins Fins Thorrold"},"image":{"@id":"https:\/\/wein-werte.com\/de\/#\/schema\/logo\/image\/"}}]}},"_links":{"self":[{"href":"https:\/\/wein-werte.com\/de\/wp-json\/wp\/v2\/product\/1133579","targetHints":{"allow":["GET"]}}],"collection":[{"href":"https:\/\/wein-werte.com\/de\/wp-json\/wp\/v2\/product"}],"about":[{"href":"https:\/\/wein-werte.com\/de\/wp-json\/wp\/v2\/types\/product"}],"wp:featuredmedia":[{"embeddable":true,"href":"https:\/\/wein-werte.com\/de\/wp-json\/wp\/v2\/media\/1143970"}],"wp:attachment":[{"href":"https:\/\/wein-werte.com\/de\/wp-json\/wp\/v2\/media?parent=1133579"}],"wp:term":[{"taxonomy":"product_brand","embeddable":true,"href":"https:\/\/wein-werte.com\/de\/wp-json\/wp\/v2\/product_brand?post=1133579"},{"taxonomy":"product_cat","embeddable":true,"href":"https:\/\/wein-werte.com\/de\/wp-json\/wp\/v2\/product_cat?post=1133579"},{"taxonomy":"product_tag","embeddable":true,"href":"https:\/\/wein-werte.com\/de\/wp-json\/wp\/v2\/product_tag?post=1133579"}],"curies":[{"name":"wp","href":"https:\/\/api.w.org\/{rel}","templated":true}]}}