{"id":1133574,"date":"2026-05-05T18:26:38","date_gmt":"2026-05-05T16:26:38","guid":{"rendered":"https:\/\/wein-werte.com\/product\/vins-nus-siuralta-gris-2019-750ml\/"},"modified":"2026-04-27T11:50:50","modified_gmt":"2026-04-27T09:50:50","slug":"vins-nus-siuralta-gris-2019-750ml","status":"publish","type":"product","link":"https:\/\/wein-werte.com\/de\/produkt\/vins-nus-siuralta-gris-2019-750ml\/","title":{"rendered":"Vins Nus | Montsant | Siuralta Gris | 2019 | 750ml"},"content":{"rendered":"<p>Produktbeschreibung f\u00fcr Vins Nus Siuralta Gris 2019 <\/p>\n<p> Sebastian Bordth\u00e4user:  Mit saftiger Frucht und milden Gew\u00fcrzen im Antrunk sind die Weichen am Gaumen schnell gestellt: Gesteuert durch sein exzellentes Gerbstoffger\u00fcst hat er eine animierend raue Haptik am Gaumen, die von filigraner W\u00fcrze getrieben wird. Seine moderate S\u00e4ure ist fein verwoben und wird ummantelt von seiner feink\u00f6rnigen Textur. Saftig reif mit m\u00fcrber Tanninstruktur ein top Allrounder f\u00fcr gew\u00fcrzbetonte Speisen. Die Vins Nus-Serie von Alfredo Arribas ist eine Familie von Weinen mit minimaler Intervention aus dem Norden der Region. Sie stammen aus H\u00f6henlagen und sind die radikale Alternative zu Arribas Weinlinien aus dem Montsant und Priorat. Charakterisiert durch kontrolliertes Weglassen werden sie praktisch ohne Eichenf\u00e4sser, ohne \u00fcberm\u00e4\u00dfige Extraktion, ohne Sulfite und Enzyme produziert. Mit markantem Gerbstoffger\u00fcst als R\u00fcckgrat sind sie ausgelegt f\u00fcr einige Jahre Flaschenreife. Die Grenache Gris, eine Mutation der Grenache Noir, ist eine farbintensive Sorte, die sich dank ihrer Affinit\u00e4t zum oxidativen Ausbau hervorragend f\u00fcr Orange Weine eignet. Oftmals verschnitten mit Grenache blanc oder anderen lokalen Rebsorten hat Arribas im Montsant eine 2 Hektar gro\u00dfe Anlage in Gritella in H\u00f6henlagen mit n\u00f6rdlicher Ausrichtung neu bestockt. Gewachsen auf 760-820 Metern auf gelben, lehmigen B\u00f6den wurden die ganze Trauben nach vierst\u00fcndiger Maischestandzeit gepresst und spontan in Amphoren und im Stahl vergoren. <\/p>\n<h5>Farbe<\/h5>\n<p> Helles Orange mit seidenmattem Schimmer bei leichter Tr\u00fcbung. <\/p>\n<h5>Nase<\/h5>\n<p> Die Nase des 2019 Sirualta Gris aus der Serie Vins Nus von Alfredo Arribas changiert zwischen Frucht und W\u00fcrze. Ged\u00f6rrte \u00c4pfel und Kletzen legen das Fundament, \u00e4therische Noten nach Orangenzesten setzen frische Akzente. Helles Tabakblatt, wei\u00dfer Pfeffer, nasse Tafelkreide und Muskatbl\u00fcte skizzieren den w\u00fcrzig-markanten Part dieses Orange Weines aus 100% Grenache Gris. <\/p>\n<h5>Mund<\/h5>\n<p> Mit saftiger Frucht und milden Gew\u00fcrzen im Antrunk sind die Weichen am Gaumen schnell gestellt: Gesteuert durch sein exzellentes Gerbstoffger\u00fcst hat er eine animierend raue Haptik am Gaumen, die von filigraner W\u00fcrze getrieben wird. Seine moderate S\u00e4ure ist fein verwoben und wird ummantelt von seiner feink\u00f6rnigen Textur. Saftig reif mit m\u00fcrber Tanninstruktur ein top Allrounder f\u00fcr gew\u00fcrzbetonte Speisen.\u00a0<\/p>\n<p>Copyright Vinaturel 2025<\/p>\n<p>Keywords: <a href=\"https:\/\/wein-werte.com\/de\/shop\/?swoof=1&#038;pa_producer=Vins-Nus\">Vins Nus<\/a> <a href=\"https:\/\/wein-werte.com\/de\/shop\/?swoof=1&#038;woof_text=Siuralta Gris\">Siuralta Gris<\/a> 2019  <a href=\"https:\/\/wein-werte.com\/de\/shop\/?swoof=1&#038;pa_region=Montsant\">Montsant<\/a> <a href=\"https:\/\/wein-werte.com\/de\/shop\/?swoof=1&#038;pa_country=Spanien\">Spanien<\/a><\/p>\n<p>Internetseite des Weinguts: <a href=\"https:\/\/vinsnus.com\/en\/\" target=\"_blank\">https:\/\/vinsnus.com\/en\/<\/a><\/p>\n","protected":false},"excerpt":{"rendered":"<p>Lieferzeit: 1 bis 2 Arbeitstage (DE), 2 bis 5 Arbeitstage (EU and CH)<\/p>\n","protected":false},"featured_media":1143966,"template":"","meta":[],"product_brand":[],"product_cat":[19],"product_tag":[],"class_list":{"0":"post-1133574","1":"product","2":"type-product","3":"status-publish","4":"has-post-thumbnail","6":"product_cat-unkategorisiert","7":"pa_alcohol-for-filter-12897","8":"pa_certified-biodynamic-nein-de","9":"pa_certified-organic-nein-de","10":"pa_colour-weiss","11":"pa_country-spanien","12":"pa_grape-grenache-gris","13":"pa_price-for-filter-10566","14":"pa_producer-vins-nus","15":"pa_region-montsant","16":"pa_size-ml-6584","17":"pa_sweetness-trocken-de","18":"pa_type-2-still-de","19":"pa_vintage-2019-de","20":"entry","21":"has-media","23":"first","24":"instock","25":"taxable","26":"shipping-taxable","27":"purchasable","28":"product-type-simple"},"yoast_head":"<!-- This site is optimized with the Yoast SEO plugin v27.5 - https:\/\/yoast.com\/product\/yoast-seo-wordpress\/ -->\n<title>Vins Nus Siuralta Gris 2019<\/title>\n<meta name=\"description\" content=\"Kaufe Vins Nus Siuralta Gris 2019 (Grenache gris, trocken aus Montsant, Spanien) bei Wein Werte, Ihrem nachhaltigen Onlineshop.\" \/>\n<meta name=\"robots\" content=\"index, follow, max-snippet:-1, max-image-preview:large, max-video-preview:-1\" \/>\n<link rel=\"canonical\" href=\"https:\/\/wein-werte.com\/de\/produkt\/vins-nus-siuralta-gris-2019-750ml\/\" \/>\n<meta property=\"og:locale\" content=\"de_DE\" \/>\n<meta property=\"og:type\" content=\"article\" \/>\n<meta property=\"og:title\" content=\"Vins Nus Siuralta Gris 2019\" \/>\n<meta property=\"og:description\" content=\"Kaufe Vins Nus Siuralta Gris 2019 (Grenache gris, trocken aus Montsant, Spanien) bei Wein Werte, Ihrem nachhaltigen Onlineshop.\" \/>\n<meta property=\"og:url\" content=\"https:\/\/wein-werte.com\/de\/produkt\/vins-nus-siuralta-gris-2019-750ml\/\" \/>\n<meta property=\"og:site_name\" content=\"Wein Werte\" \/>\n<meta property=\"og:image\" content=\"https:\/\/wein-werte.com\/wp-content\/uploads\/2026\/04\/Vins-Nus-Siuralta-Gris-2019-750ml.png\" \/>\n\t<meta property=\"og:image:width\" content=\"324\" \/>\n\t<meta property=\"og:image:height\" content=\"1200\" \/>\n\t<meta property=\"og:image:type\" content=\"image\/png\" \/>\n<meta name=\"twitter:card\" content=\"summary_large_image\" \/>\n<meta name=\"twitter:label1\" content=\"Gesch\u00e4tzte Lesezeit\" \/>\n\t<meta name=\"twitter:data1\" content=\"2\u00a0Minuten\" \/>\n<script type=\"application\/ld+json\" class=\"yoast-schema-graph\">{\"@context\":\"https:\\\/\\\/schema.org\",\"@graph\":[{\"@type\":\"WebPage\",\"@id\":\"https:\\\/\\\/wein-werte.com\\\/de\\\/produkt\\\/vins-nus-siuralta-gris-2019-750ml\\\/\",\"url\":\"https:\\\/\\\/wein-werte.com\\\/de\\\/produkt\\\/vins-nus-siuralta-gris-2019-750ml\\\/\",\"name\":\"Vins Nus Siuralta Gris 2019\",\"isPartOf\":{\"@id\":\"https:\\\/\\\/wein-werte.com\\\/de\\\/#website\"},\"primaryImageOfPage\":{\"@id\":\"https:\\\/\\\/wein-werte.com\\\/de\\\/produkt\\\/vins-nus-siuralta-gris-2019-750ml\\\/#primaryimage\"},\"image\":{\"@id\":\"https:\\\/\\\/wein-werte.com\\\/de\\\/produkt\\\/vins-nus-siuralta-gris-2019-750ml\\\/#primaryimage\"},\"thumbnailUrl\":\"https:\\\/\\\/wein-werte.com\\\/wp-content\\\/uploads\\\/2026\\\/04\\\/Vins-Nus-Siuralta-Gris-2019-750ml.png\",\"datePublished\":\"2026-05-05T16:26:38+00:00\",\"description\":\"Kaufe Vins Nus Siuralta Gris 2019 (Grenache gris, trocken aus Montsant, Spanien) bei Wein Werte, Ihrem nachhaltigen Onlineshop.\",\"breadcrumb\":{\"@id\":\"https:\\\/\\\/wein-werte.com\\\/de\\\/produkt\\\/vins-nus-siuralta-gris-2019-750ml\\\/#breadcrumb\"},\"inLanguage\":\"de\",\"potentialAction\":[{\"@type\":\"ReadAction\",\"target\":[\"https:\\\/\\\/wein-werte.com\\\/de\\\/produkt\\\/vins-nus-siuralta-gris-2019-750ml\\\/\"]}]},{\"@type\":\"ImageObject\",\"inLanguage\":\"de\",\"@id\":\"https:\\\/\\\/wein-werte.com\\\/de\\\/produkt\\\/vins-nus-siuralta-gris-2019-750ml\\\/#primaryimage\",\"url\":\"https:\\\/\\\/wein-werte.com\\\/wp-content\\\/uploads\\\/2026\\\/04\\\/Vins-Nus-Siuralta-Gris-2019-750ml.png\",\"contentUrl\":\"https:\\\/\\\/wein-werte.com\\\/wp-content\\\/uploads\\\/2026\\\/04\\\/Vins-Nus-Siuralta-Gris-2019-750ml.png\",\"width\":324,\"height\":1200,\"caption\":\"Vins Nus Siuralta Gris 2019 750ml\"},{\"@type\":\"BreadcrumbList\",\"@id\":\"https:\\\/\\\/wein-werte.com\\\/de\\\/produkt\\\/vins-nus-siuralta-gris-2019-750ml\\\/#breadcrumb\",\"itemListElement\":[{\"@type\":\"ListItem\",\"position\":1,\"name\":\"Home\",\"item\":\"https:\\\/\\\/wein-werte.com\\\/de\\\/\"},{\"@type\":\"ListItem\",\"position\":2,\"name\":\"Shop\",\"item\":\"https:\\\/\\\/wein-werte.com\\\/de\\\/shop\\\/\"},{\"@type\":\"ListItem\",\"position\":3,\"name\":\"Vins Nus | Montsant | Siuralta Gris | 2019 | 750ml\"}]},{\"@type\":\"WebSite\",\"@id\":\"https:\\\/\\\/wein-werte.com\\\/de\\\/#website\",\"url\":\"https:\\\/\\\/wein-werte.com\\\/de\\\/\",\"name\":\"Wein Werte\",\"description\":\"\",\"publisher\":{\"@id\":\"https:\\\/\\\/wein-werte.com\\\/de\\\/#organization\"},\"potentialAction\":[{\"@type\":\"SearchAction\",\"target\":{\"@type\":\"EntryPoint\",\"urlTemplate\":\"https:\\\/\\\/wein-werte.com\\\/de\\\/?s={search_term_string}\"},\"query-input\":{\"@type\":\"PropertyValueSpecification\",\"valueRequired\":true,\"valueName\":\"search_term_string\"}}],\"inLanguage\":\"de\"},{\"@type\":\"Organization\",\"@id\":\"https:\\\/\\\/wein-werte.com\\\/de\\\/#organization\",\"name\":\"Vins Fins Thorrold\",\"url\":\"https:\\\/\\\/wein-werte.com\\\/de\\\/\",\"logo\":{\"@type\":\"ImageObject\",\"inLanguage\":\"de\",\"@id\":\"https:\\\/\\\/wein-werte.com\\\/de\\\/#\\\/schema\\\/logo\\\/image\\\/\",\"url\":\"https:\\\/\\\/wein-werte.com\\\/wp-content\\\/uploads\\\/2023\\\/07\\\/Wein_werte_Logo700-1.png\",\"contentUrl\":\"https:\\\/\\\/wein-werte.com\\\/wp-content\\\/uploads\\\/2023\\\/07\\\/Wein_werte_Logo700-1.png\",\"width\":700,\"height\":272,\"caption\":\"Vins Fins Thorrold\"},\"image\":{\"@id\":\"https:\\\/\\\/wein-werte.com\\\/de\\\/#\\\/schema\\\/logo\\\/image\\\/\"}}]}<\/script>\n<!-- \/ Yoast SEO plugin. -->","yoast_head_json":{"title":"Vins Nus Siuralta Gris 2019","description":"Kaufe Vins Nus Siuralta Gris 2019 (Grenache gris, trocken aus Montsant, Spanien) bei Wein Werte, Ihrem nachhaltigen Onlineshop.","robots":{"index":"index","follow":"follow","max-snippet":"max-snippet:-1","max-image-preview":"max-image-preview:large","max-video-preview":"max-video-preview:-1"},"canonical":"https:\/\/wein-werte.com\/de\/produkt\/vins-nus-siuralta-gris-2019-750ml\/","og_locale":"de_DE","og_type":"article","og_title":"Vins Nus Siuralta Gris 2019","og_description":"Kaufe Vins Nus Siuralta Gris 2019 (Grenache gris, trocken aus Montsant, Spanien) bei Wein Werte, Ihrem nachhaltigen Onlineshop.","og_url":"https:\/\/wein-werte.com\/de\/produkt\/vins-nus-siuralta-gris-2019-750ml\/","og_site_name":"Wein Werte","og_image":[{"width":324,"height":1200,"url":"https:\/\/wein-werte.com\/wp-content\/uploads\/2026\/04\/Vins-Nus-Siuralta-Gris-2019-750ml.png","type":"image\/png"}],"twitter_card":"summary_large_image","twitter_misc":{"Gesch\u00e4tzte Lesezeit":"2\u00a0Minuten"},"schema":{"@context":"https:\/\/schema.org","@graph":[{"@type":"WebPage","@id":"https:\/\/wein-werte.com\/de\/produkt\/vins-nus-siuralta-gris-2019-750ml\/","url":"https:\/\/wein-werte.com\/de\/produkt\/vins-nus-siuralta-gris-2019-750ml\/","name":"Vins Nus Siuralta Gris 2019","isPartOf":{"@id":"https:\/\/wein-werte.com\/de\/#website"},"primaryImageOfPage":{"@id":"https:\/\/wein-werte.com\/de\/produkt\/vins-nus-siuralta-gris-2019-750ml\/#primaryimage"},"image":{"@id":"https:\/\/wein-werte.com\/de\/produkt\/vins-nus-siuralta-gris-2019-750ml\/#primaryimage"},"thumbnailUrl":"https:\/\/wein-werte.com\/wp-content\/uploads\/2026\/04\/Vins-Nus-Siuralta-Gris-2019-750ml.png","datePublished":"2026-05-05T16:26:38+00:00","description":"Kaufe Vins Nus Siuralta Gris 2019 (Grenache gris, trocken aus Montsant, Spanien) bei Wein Werte, Ihrem nachhaltigen Onlineshop.","breadcrumb":{"@id":"https:\/\/wein-werte.com\/de\/produkt\/vins-nus-siuralta-gris-2019-750ml\/#breadcrumb"},"inLanguage":"de","potentialAction":[{"@type":"ReadAction","target":["https:\/\/wein-werte.com\/de\/produkt\/vins-nus-siuralta-gris-2019-750ml\/"]}]},{"@type":"ImageObject","inLanguage":"de","@id":"https:\/\/wein-werte.com\/de\/produkt\/vins-nus-siuralta-gris-2019-750ml\/#primaryimage","url":"https:\/\/wein-werte.com\/wp-content\/uploads\/2026\/04\/Vins-Nus-Siuralta-Gris-2019-750ml.png","contentUrl":"https:\/\/wein-werte.com\/wp-content\/uploads\/2026\/04\/Vins-Nus-Siuralta-Gris-2019-750ml.png","width":324,"height":1200,"caption":"Vins Nus Siuralta Gris 2019 750ml"},{"@type":"BreadcrumbList","@id":"https:\/\/wein-werte.com\/de\/produkt\/vins-nus-siuralta-gris-2019-750ml\/#breadcrumb","itemListElement":[{"@type":"ListItem","position":1,"name":"Home","item":"https:\/\/wein-werte.com\/de\/"},{"@type":"ListItem","position":2,"name":"Shop","item":"https:\/\/wein-werte.com\/de\/shop\/"},{"@type":"ListItem","position":3,"name":"Vins Nus | Montsant | Siuralta Gris | 2019 | 750ml"}]},{"@type":"WebSite","@id":"https:\/\/wein-werte.com\/de\/#website","url":"https:\/\/wein-werte.com\/de\/","name":"Wein Werte","description":"","publisher":{"@id":"https:\/\/wein-werte.com\/de\/#organization"},"potentialAction":[{"@type":"SearchAction","target":{"@type":"EntryPoint","urlTemplate":"https:\/\/wein-werte.com\/de\/?s={search_term_string}"},"query-input":{"@type":"PropertyValueSpecification","valueRequired":true,"valueName":"search_term_string"}}],"inLanguage":"de"},{"@type":"Organization","@id":"https:\/\/wein-werte.com\/de\/#organization","name":"Vins Fins Thorrold","url":"https:\/\/wein-werte.com\/de\/","logo":{"@type":"ImageObject","inLanguage":"de","@id":"https:\/\/wein-werte.com\/de\/#\/schema\/logo\/image\/","url":"https:\/\/wein-werte.com\/wp-content\/uploads\/2023\/07\/Wein_werte_Logo700-1.png","contentUrl":"https:\/\/wein-werte.com\/wp-content\/uploads\/2023\/07\/Wein_werte_Logo700-1.png","width":700,"height":272,"caption":"Vins Fins Thorrold"},"image":{"@id":"https:\/\/wein-werte.com\/de\/#\/schema\/logo\/image\/"}}]}},"_links":{"self":[{"href":"https:\/\/wein-werte.com\/de\/wp-json\/wp\/v2\/product\/1133574","targetHints":{"allow":["GET"]}}],"collection":[{"href":"https:\/\/wein-werte.com\/de\/wp-json\/wp\/v2\/product"}],"about":[{"href":"https:\/\/wein-werte.com\/de\/wp-json\/wp\/v2\/types\/product"}],"wp:featuredmedia":[{"embeddable":true,"href":"https:\/\/wein-werte.com\/de\/wp-json\/wp\/v2\/media\/1143966"}],"wp:attachment":[{"href":"https:\/\/wein-werte.com\/de\/wp-json\/wp\/v2\/media?parent=1133574"}],"wp:term":[{"taxonomy":"product_brand","embeddable":true,"href":"https:\/\/wein-werte.com\/de\/wp-json\/wp\/v2\/product_brand?post=1133574"},{"taxonomy":"product_cat","embeddable":true,"href":"https:\/\/wein-werte.com\/de\/wp-json\/wp\/v2\/product_cat?post=1133574"},{"taxonomy":"product_tag","embeddable":true,"href":"https:\/\/wein-werte.com\/de\/wp-json\/wp\/v2\/product_tag?post=1133574"}],"curies":[{"name":"wp","href":"https:\/\/api.w.org\/{rel}","templated":true}]}}