{"id":1133569,"date":"2026-05-08T20:06:04","date_gmt":"2026-05-08T18:06:04","guid":{"rendered":"https:\/\/wein-werte.com\/product\/portal-del-priorat-la-solana-dels-marges-2018-750ml\/"},"modified":"2026-04-27T11:50:48","modified_gmt":"2026-04-27T09:50:48","slug":"portal-del-priorat-la-solana-dels-marges-2018-750ml","status":"publish","type":"product","link":"https:\/\/wein-werte.com\/de\/produkt\/portal-del-priorat-la-solana-dels-marges-2018-750ml\/","title":{"rendered":"Portal del Priorat | Priorat | La Solana dels Marges | 2018 | 750ml | bio"},"content":{"rendered":"<p>Produktbeschreibung f\u00fcr Portal del Priorat La Solana dels Marges 2018 (bio)<\/p>\n<p> Der La Solana dels Marges stammt aus der Clos des Portal Linie von Alfredo Arribas. Der ehemalige Architekt baute in m\u00fchseliger Kleinarbeit alte historische Lagen wieder auf, bevor er sich 2010 aus dem Projekt zur\u00fcckzog. Der \u00e4lteste Weinberg La Solana wurde bereits 1911 mit 100% Carignan in Nord-Nordost Ausrichtung gepflanzt. Durch diese atlantische Exposition weht in der Einzellage stets eine frische Brise, die den Weinen trotz des immensen Extraktes der alten Reben ihren gradlinigen und schlanken Ausdruck verleihen. Gewachsen auf dem orts\u00fcblichen Llicorella-Schiefer auf einer Meeresh\u00f6he von rund 370 Metern stehen die Reben mit einer Dichte von 5500 Stock\/ha. Bis Mitte September von Hand gelesen verg\u00e4ren die nicht entrappten Trauben rund 40 Tage in Holzf\u00e4ssern bevor sie f\u00fcr 18 Monate in franz\u00f6sischen 5-700 Liter F\u00e4ssern ausgebaut werden. <\/p>\n<h5>Farbe<\/h5>\n<p> Dunkles Rubinrot mit schwarzem Kern und violetten Reflexen. <\/p>\n<h5>Nase<\/h5>\n<p> Trotz seiner dunkeln Farbe besticht der 2018 La Solana dels Marges von Portal del Priorat mit seiner lebendigen und vor allem frischen Frucht: Sauerkirschen und wilde Himbeeren f\u00fcllen seinen Korb, dazu kommen Walderdbeeren und zarte florale Noten nach Hibiskus und Veilchen. Unterlegt von milden Gew\u00fcrzen nach Sumach und Nelken hat er eine distinktiv frische Kopfnote nach Vetiver und wei\u00dfem Pfeffer. Trotz seiner vermeintlichen Leichtigkeit in der Nase avisiert der Wein ein konzentriert komplexes Erlebnis und l\u00e4sst den Kelch mit Oberfl\u00e4chenspannung f\u00fcllen. <\/p>\n<h5>Mund<\/h5>\n<p> Kr\u00e4uterw\u00fcrzig frisch mit packendem Tannin und reichhaltigem Extrakt zeigt er Wein sich sofort mit vollem Stolz und f\u00fcllt den Mundraum vollends aus. Sein reich gef\u00fcllter Fruchtkorb ist geflochten aus herbem, engmaschig festem Gerbstoff, die leuchtend helle S\u00e4ure strahlt wie ein Stern am Firmament. Konzentriert und saftig entpackt der Wein aromatisch wie eine Win-Zip Datei Schicht f\u00fcr Schicht und erinnert auch am Gaumen an extraktreiche rote Fr\u00fcchte, \u00fcberbaut von \u00e4therischen Noten nach Eukalyptus und Menthol, was den frischen Charakter des Weines im Nachhall unterstreicht. Das animierende Tannin &#8211; feinherb wie Bitterschokolade &#8211; addiert sich zur frischen Frucht wie zum vibrierenden S\u00e4urebogen, der den Gesamtauftritt am Gaumen orchestriert. Modernes Ensemble mit dramaturgisch expressivem Spiel, Bl\u00e4ser, Streicher, Ch\u00f6re, alles im Glas. Applaus und Zugabe inklusive.<\/p>\n<p>Copyright Vinaturel 2025<\/p>\n<p>Keywords: <a href=\"https:\/\/wein-werte.com\/de\/shop\/?swoof=1&#038;pa_producer=Portal-del-Priorat\">Portal del Priorat<\/a> <a href=\"https:\/\/wein-werte.com\/de\/shop\/?swoof=1&#038;woof_text=La Solana dels Marges\">La Solana dels Marges<\/a> 2018 bio <a href=\"https:\/\/wein-werte.com\/de\/shop\/?swoof=1&#038;pa_region=Priorat\">Priorat<\/a> <a href=\"https:\/\/wein-werte.com\/de\/shop\/?swoof=1&#038;pa_country=Spanien\">Spanien<\/a><\/p>\n<h3>Wine Advocate<\/h3>\n<p>Punkte: 93<\/p>\n<p>Der \u00e4lteste Weinberg des Anwesens wurde separat vinifiziert und abgef\u00fcllt: der 2018er La Solana dels Marges. Er wurde aus Cari\u00f1ena-Trauben von einer 1911 bepflanzten Parzelle hergestellt, biologisch bewirtschaftet (und zertifiziert) und mit einem Alkoholgehalt von 13,5 % und einem pH-Wert von 3,6 geerntet. Die ganzen Trauben wurden 40 Tage lang im Fass vergoren, und der Wein reifte 18 Monate in einem Bocoy aus franz\u00f6sischer Eiche. Er ist sortenrein und vereint Eleganz und Rustikalit\u00e4t, Blumen und Erde, sehr Cari\u00f1ena, mit m\u00e4\u00dfiger Reife, Extraktion und Eiche. Am Gaumen ist er mittelkr\u00e4ftig bis vollmundig mit staubigen und sehr feinen Tanninen. Dies sind einige der besten Weine, die ich von diesem Anwesen probiert habe. Im M\u00e4rz 2020 wurden nur 787 Flaschen abgef\u00fcllt.<br \/>Luis Guti\u00e9rrez<\/p>\n<p>Internetseite des Weinguts: <a href=\"https:\/\/portaldelpriorat.com\/\" target=\"_blank\">https:\/\/portaldelpriorat.com\/<\/a><\/p>\n","protected":false},"excerpt":{"rendered":"<p>Lieferzeit: 1 bis 2 Arbeitstage (DE), 2 bis 5 Arbeitstage (EU and CH)<\/p>\n","protected":false},"featured_media":1143962,"template":"","meta":[],"product_brand":[],"product_cat":[19],"product_tag":[],"class_list":{"0":"post-1133569","1":"product","2":"type-product","3":"status-publish","4":"has-post-thumbnail","6":"product_cat-unkategorisiert","7":"pa_alcohol-for-filter-13-5","8":"pa_certified-biodynamic-nein-de","9":"pa_certified-organic-ja-de","10":"pa_colour-rot","11":"pa_country-spanien","12":"pa_grape-carignan","13":"pa_parker-points-for-filter-93-de-2","14":"pa_price-for-filter-10646","15":"pa_producer-portal-del-priorat","16":"pa_region-priorat","17":"pa_size-ml-6584","18":"pa_sweetness-trocken-de","19":"pa_type-2-still-de","20":"pa_vintage-2018-de","21":"entry","22":"has-media","24":"first","25":"instock","26":"taxable","27":"shipping-taxable","28":"purchasable","29":"product-type-simple"},"yoast_head":"<!-- This site is optimized with the Yoast SEO plugin v27.5 - https:\/\/yoast.com\/product\/yoast-seo-wordpress\/ -->\n<title>Portal del Priorat La Solana dels Marges 2018<\/title>\n<meta name=\"description\" content=\"Kaufe Portal del Priorat La Solana dels Marges 2018 (Carignan, trocken aus Priorat, Spanien) bei Wein Werte, Ihrem nachhaltigen Onlineshop.\" \/>\n<meta name=\"robots\" content=\"index, follow, max-snippet:-1, max-image-preview:large, max-video-preview:-1\" \/>\n<link rel=\"canonical\" href=\"https:\/\/wein-werte.com\/de\/produkt\/portal-del-priorat-la-solana-dels-marges-2018-750ml\/\" \/>\n<meta property=\"og:locale\" content=\"de_DE\" \/>\n<meta property=\"og:type\" content=\"article\" \/>\n<meta property=\"og:title\" content=\"Portal del Priorat La Solana dels Marges 2018\" \/>\n<meta property=\"og:description\" content=\"Kaufe Portal del Priorat La Solana dels Marges 2018 (Carignan, trocken aus Priorat, Spanien) bei Wein Werte, Ihrem nachhaltigen Onlineshop.\" \/>\n<meta property=\"og:url\" content=\"https:\/\/wein-werte.com\/de\/produkt\/portal-del-priorat-la-solana-dels-marges-2018-750ml\/\" \/>\n<meta property=\"og:site_name\" content=\"Wein Werte\" \/>\n<meta property=\"og:image\" content=\"https:\/\/wein-werte.com\/wp-content\/uploads\/2026\/04\/Portal-del-Priorat-La-Solana-dels-Marges-2018-750ml.png\" \/>\n\t<meta property=\"og:image:width\" content=\"349\" \/>\n\t<meta property=\"og:image:height\" content=\"1200\" \/>\n\t<meta property=\"og:image:type\" content=\"image\/png\" \/>\n<meta name=\"twitter:card\" content=\"summary_large_image\" \/>\n<meta name=\"twitter:label1\" content=\"Gesch\u00e4tzte Lesezeit\" \/>\n\t<meta name=\"twitter:data1\" content=\"3\u00a0Minuten\" \/>\n<script type=\"application\/ld+json\" class=\"yoast-schema-graph\">{\"@context\":\"https:\\\/\\\/schema.org\",\"@graph\":[{\"@type\":\"WebPage\",\"@id\":\"https:\\\/\\\/wein-werte.com\\\/de\\\/produkt\\\/portal-del-priorat-la-solana-dels-marges-2018-750ml\\\/\",\"url\":\"https:\\\/\\\/wein-werte.com\\\/de\\\/produkt\\\/portal-del-priorat-la-solana-dels-marges-2018-750ml\\\/\",\"name\":\"Portal del Priorat La Solana dels Marges 2018\",\"isPartOf\":{\"@id\":\"https:\\\/\\\/wein-werte.com\\\/de\\\/#website\"},\"primaryImageOfPage\":{\"@id\":\"https:\\\/\\\/wein-werte.com\\\/de\\\/produkt\\\/portal-del-priorat-la-solana-dels-marges-2018-750ml\\\/#primaryimage\"},\"image\":{\"@id\":\"https:\\\/\\\/wein-werte.com\\\/de\\\/produkt\\\/portal-del-priorat-la-solana-dels-marges-2018-750ml\\\/#primaryimage\"},\"thumbnailUrl\":\"https:\\\/\\\/wein-werte.com\\\/wp-content\\\/uploads\\\/2026\\\/04\\\/Portal-del-Priorat-La-Solana-dels-Marges-2018-750ml.png\",\"datePublished\":\"2026-05-08T18:06:04+00:00\",\"description\":\"Kaufe Portal del Priorat La Solana dels Marges 2018 (Carignan, trocken aus Priorat, Spanien) bei Wein Werte, Ihrem nachhaltigen Onlineshop.\",\"breadcrumb\":{\"@id\":\"https:\\\/\\\/wein-werte.com\\\/de\\\/produkt\\\/portal-del-priorat-la-solana-dels-marges-2018-750ml\\\/#breadcrumb\"},\"inLanguage\":\"de\",\"potentialAction\":[{\"@type\":\"ReadAction\",\"target\":[\"https:\\\/\\\/wein-werte.com\\\/de\\\/produkt\\\/portal-del-priorat-la-solana-dels-marges-2018-750ml\\\/\"]}]},{\"@type\":\"ImageObject\",\"inLanguage\":\"de\",\"@id\":\"https:\\\/\\\/wein-werte.com\\\/de\\\/produkt\\\/portal-del-priorat-la-solana-dels-marges-2018-750ml\\\/#primaryimage\",\"url\":\"https:\\\/\\\/wein-werte.com\\\/wp-content\\\/uploads\\\/2026\\\/04\\\/Portal-del-Priorat-La-Solana-dels-Marges-2018-750ml.png\",\"contentUrl\":\"https:\\\/\\\/wein-werte.com\\\/wp-content\\\/uploads\\\/2026\\\/04\\\/Portal-del-Priorat-La-Solana-dels-Marges-2018-750ml.png\",\"width\":349,\"height\":1200,\"caption\":\"Portal del Priorat La Solana dels Marges 2018 750ml\"},{\"@type\":\"BreadcrumbList\",\"@id\":\"https:\\\/\\\/wein-werte.com\\\/de\\\/produkt\\\/portal-del-priorat-la-solana-dels-marges-2018-750ml\\\/#breadcrumb\",\"itemListElement\":[{\"@type\":\"ListItem\",\"position\":1,\"name\":\"Home\",\"item\":\"https:\\\/\\\/wein-werte.com\\\/de\\\/\"},{\"@type\":\"ListItem\",\"position\":2,\"name\":\"Shop\",\"item\":\"https:\\\/\\\/wein-werte.com\\\/de\\\/shop\\\/\"},{\"@type\":\"ListItem\",\"position\":3,\"name\":\"Portal del Priorat | Priorat | La Solana dels Marges | 2018 | 750ml | bio\"}]},{\"@type\":\"WebSite\",\"@id\":\"https:\\\/\\\/wein-werte.com\\\/de\\\/#website\",\"url\":\"https:\\\/\\\/wein-werte.com\\\/de\\\/\",\"name\":\"Wein Werte\",\"description\":\"\",\"publisher\":{\"@id\":\"https:\\\/\\\/wein-werte.com\\\/de\\\/#organization\"},\"potentialAction\":[{\"@type\":\"SearchAction\",\"target\":{\"@type\":\"EntryPoint\",\"urlTemplate\":\"https:\\\/\\\/wein-werte.com\\\/de\\\/?s={search_term_string}\"},\"query-input\":{\"@type\":\"PropertyValueSpecification\",\"valueRequired\":true,\"valueName\":\"search_term_string\"}}],\"inLanguage\":\"de\"},{\"@type\":\"Organization\",\"@id\":\"https:\\\/\\\/wein-werte.com\\\/de\\\/#organization\",\"name\":\"Vins Fins Thorrold\",\"url\":\"https:\\\/\\\/wein-werte.com\\\/de\\\/\",\"logo\":{\"@type\":\"ImageObject\",\"inLanguage\":\"de\",\"@id\":\"https:\\\/\\\/wein-werte.com\\\/de\\\/#\\\/schema\\\/logo\\\/image\\\/\",\"url\":\"https:\\\/\\\/wein-werte.com\\\/wp-content\\\/uploads\\\/2023\\\/07\\\/Wein_werte_Logo700-1.png\",\"contentUrl\":\"https:\\\/\\\/wein-werte.com\\\/wp-content\\\/uploads\\\/2023\\\/07\\\/Wein_werte_Logo700-1.png\",\"width\":700,\"height\":272,\"caption\":\"Vins Fins Thorrold\"},\"image\":{\"@id\":\"https:\\\/\\\/wein-werte.com\\\/de\\\/#\\\/schema\\\/logo\\\/image\\\/\"}}]}<\/script>\n<!-- \/ Yoast SEO plugin. -->","yoast_head_json":{"title":"Portal del Priorat La Solana dels Marges 2018","description":"Kaufe Portal del Priorat La Solana dels Marges 2018 (Carignan, trocken aus Priorat, Spanien) bei Wein Werte, Ihrem nachhaltigen Onlineshop.","robots":{"index":"index","follow":"follow","max-snippet":"max-snippet:-1","max-image-preview":"max-image-preview:large","max-video-preview":"max-video-preview:-1"},"canonical":"https:\/\/wein-werte.com\/de\/produkt\/portal-del-priorat-la-solana-dels-marges-2018-750ml\/","og_locale":"de_DE","og_type":"article","og_title":"Portal del Priorat La Solana dels Marges 2018","og_description":"Kaufe Portal del Priorat La Solana dels Marges 2018 (Carignan, trocken aus Priorat, Spanien) bei Wein Werte, Ihrem nachhaltigen Onlineshop.","og_url":"https:\/\/wein-werte.com\/de\/produkt\/portal-del-priorat-la-solana-dels-marges-2018-750ml\/","og_site_name":"Wein Werte","og_image":[{"width":349,"height":1200,"url":"https:\/\/wein-werte.com\/wp-content\/uploads\/2026\/04\/Portal-del-Priorat-La-Solana-dels-Marges-2018-750ml.png","type":"image\/png"}],"twitter_card":"summary_large_image","twitter_misc":{"Gesch\u00e4tzte Lesezeit":"3\u00a0Minuten"},"schema":{"@context":"https:\/\/schema.org","@graph":[{"@type":"WebPage","@id":"https:\/\/wein-werte.com\/de\/produkt\/portal-del-priorat-la-solana-dels-marges-2018-750ml\/","url":"https:\/\/wein-werte.com\/de\/produkt\/portal-del-priorat-la-solana-dels-marges-2018-750ml\/","name":"Portal del Priorat La Solana dels Marges 2018","isPartOf":{"@id":"https:\/\/wein-werte.com\/de\/#website"},"primaryImageOfPage":{"@id":"https:\/\/wein-werte.com\/de\/produkt\/portal-del-priorat-la-solana-dels-marges-2018-750ml\/#primaryimage"},"image":{"@id":"https:\/\/wein-werte.com\/de\/produkt\/portal-del-priorat-la-solana-dels-marges-2018-750ml\/#primaryimage"},"thumbnailUrl":"https:\/\/wein-werte.com\/wp-content\/uploads\/2026\/04\/Portal-del-Priorat-La-Solana-dels-Marges-2018-750ml.png","datePublished":"2026-05-08T18:06:04+00:00","description":"Kaufe Portal del Priorat La Solana dels Marges 2018 (Carignan, trocken aus Priorat, Spanien) bei Wein Werte, Ihrem nachhaltigen Onlineshop.","breadcrumb":{"@id":"https:\/\/wein-werte.com\/de\/produkt\/portal-del-priorat-la-solana-dels-marges-2018-750ml\/#breadcrumb"},"inLanguage":"de","potentialAction":[{"@type":"ReadAction","target":["https:\/\/wein-werte.com\/de\/produkt\/portal-del-priorat-la-solana-dels-marges-2018-750ml\/"]}]},{"@type":"ImageObject","inLanguage":"de","@id":"https:\/\/wein-werte.com\/de\/produkt\/portal-del-priorat-la-solana-dels-marges-2018-750ml\/#primaryimage","url":"https:\/\/wein-werte.com\/wp-content\/uploads\/2026\/04\/Portal-del-Priorat-La-Solana-dels-Marges-2018-750ml.png","contentUrl":"https:\/\/wein-werte.com\/wp-content\/uploads\/2026\/04\/Portal-del-Priorat-La-Solana-dels-Marges-2018-750ml.png","width":349,"height":1200,"caption":"Portal del Priorat La Solana dels Marges 2018 750ml"},{"@type":"BreadcrumbList","@id":"https:\/\/wein-werte.com\/de\/produkt\/portal-del-priorat-la-solana-dels-marges-2018-750ml\/#breadcrumb","itemListElement":[{"@type":"ListItem","position":1,"name":"Home","item":"https:\/\/wein-werte.com\/de\/"},{"@type":"ListItem","position":2,"name":"Shop","item":"https:\/\/wein-werte.com\/de\/shop\/"},{"@type":"ListItem","position":3,"name":"Portal del Priorat | Priorat | La Solana dels Marges | 2018 | 750ml | bio"}]},{"@type":"WebSite","@id":"https:\/\/wein-werte.com\/de\/#website","url":"https:\/\/wein-werte.com\/de\/","name":"Wein Werte","description":"","publisher":{"@id":"https:\/\/wein-werte.com\/de\/#organization"},"potentialAction":[{"@type":"SearchAction","target":{"@type":"EntryPoint","urlTemplate":"https:\/\/wein-werte.com\/de\/?s={search_term_string}"},"query-input":{"@type":"PropertyValueSpecification","valueRequired":true,"valueName":"search_term_string"}}],"inLanguage":"de"},{"@type":"Organization","@id":"https:\/\/wein-werte.com\/de\/#organization","name":"Vins Fins Thorrold","url":"https:\/\/wein-werte.com\/de\/","logo":{"@type":"ImageObject","inLanguage":"de","@id":"https:\/\/wein-werte.com\/de\/#\/schema\/logo\/image\/","url":"https:\/\/wein-werte.com\/wp-content\/uploads\/2023\/07\/Wein_werte_Logo700-1.png","contentUrl":"https:\/\/wein-werte.com\/wp-content\/uploads\/2023\/07\/Wein_werte_Logo700-1.png","width":700,"height":272,"caption":"Vins Fins Thorrold"},"image":{"@id":"https:\/\/wein-werte.com\/de\/#\/schema\/logo\/image\/"}}]}},"_links":{"self":[{"href":"https:\/\/wein-werte.com\/de\/wp-json\/wp\/v2\/product\/1133569","targetHints":{"allow":["GET"]}}],"collection":[{"href":"https:\/\/wein-werte.com\/de\/wp-json\/wp\/v2\/product"}],"about":[{"href":"https:\/\/wein-werte.com\/de\/wp-json\/wp\/v2\/types\/product"}],"wp:featuredmedia":[{"embeddable":true,"href":"https:\/\/wein-werte.com\/de\/wp-json\/wp\/v2\/media\/1143962"}],"wp:attachment":[{"href":"https:\/\/wein-werte.com\/de\/wp-json\/wp\/v2\/media?parent=1133569"}],"wp:term":[{"taxonomy":"product_brand","embeddable":true,"href":"https:\/\/wein-werte.com\/de\/wp-json\/wp\/v2\/product_brand?post=1133569"},{"taxonomy":"product_cat","embeddable":true,"href":"https:\/\/wein-werte.com\/de\/wp-json\/wp\/v2\/product_cat?post=1133569"},{"taxonomy":"product_tag","embeddable":true,"href":"https:\/\/wein-werte.com\/de\/wp-json\/wp\/v2\/product_tag?post=1133569"}],"curies":[{"name":"wp","href":"https:\/\/api.w.org\/{rel}","templated":true}]}}