{"id":1133551,"date":"2026-05-05T18:26:35","date_gmt":"2026-05-05T16:26:35","guid":{"rendered":"https:\/\/wein-werte.com\/product\/portal-del-priorat-somni-2015-5000ml\/"},"modified":"2026-04-27T11:50:48","modified_gmt":"2026-04-27T09:50:48","slug":"portal-del-priorat-somni-2015-5000ml","status":"publish","type":"product","link":"https:\/\/wein-werte.com\/de\/produkt\/portal-del-priorat-somni-2015-5000ml\/","title":{"rendered":"Portal del Priorat | Priorat | Somni | 2015 | 5000ml"},"content":{"rendered":"<p>Produktbeschreibung f\u00fcr Portal del Priorat Somni 2015 <\/p>\n<p> Der bekannte katalanische Architekt Alfredo Arribas hat sich einer der interessantesten Neugr\u00fcndungen im Priorat und Montsant verschrieben. Vor rund 15 Jahren wandte er sich der biodynamischen Landwirtschaft und dem Weinbau zu. Seitdem hat er die Projekte Clos de Portal, Vins Nus Priorat und Gotes initiiert, und zwar neben den Weing\u00fctern Alfredo Arribas, Trossos und Vins Nus im Montsant. Von vornherein war f\u00fcr ihn klar, dass er zwar komplexe und in jeder Hinsicht besondere Weine w\u00fcrde erzeugen wollen, aber solche mit wenig Extraktion und Konzentration. Heute bewirtschaftet er rund 150 Hektar im Priorat und 50 im benachbarten Montsant mit teils \u00fcber 100 Jahre alten Reben. Clos del Portal ist der Ausgangspunkt, klassisch Priorat mit dunklem Llicorella-Schiefer, Gotes liegt schon an der Grenze zum Montsant mit deutlich mehr Vegetation und vielen fossilen B\u00f6den, Vins Nus umfasst die Experimental-Weine aus dem Priorat. <\/p>\n<h5>Informationen zum Wein<\/h5>\n<p> Der Somni ist eine Cuv\u00e9e aus Cari\u00f1ena und Syrah von vornehmlich alten Reben. Die Rebst\u00f6cke stehen auf 320 bis 360 Metern H\u00f6he im Llicorella-Schieferverwitterungsboden mit hohen Eisenanteilen. Geerntet wurde in den ersten drei Oktoberwochen. Die Trauben wurden Beere f\u00fcr Beere aussortiert, \u00fcber 24 Tage im Stahl-Fermenter vergoren und \u00fcber zw\u00f6lf Monate im gro\u00dfen franz\u00f6sischen Holz ausgebaut. <\/p>\n<h5>Farbe<\/h5>\n<p> tiefes Purpurrot <\/p>\n<h5>Nase<\/h5>\n<p> Gibt man dem Somni viel Luft, dann entfaltet sich schon jetzt ein wunderbares und verschwenderisch reifes Bukett von Cassis, Pflaumen, Kirschen, Holunderbeeren, Schlehe und Blutorangen. All das findet sich gleichsam in Lik\u00f6r- wie auch in frischer Form. Arribas spielt hier mit der \u00dcberreife, ist aber so pr\u00e4zise, dass er sich genau auf dem Grat bewegt und nie die Balance verliert. Die satte Frucht wird unterlegt mit Lorbeer und Salbei, Lakritze, Mokka, Holzkohle, Torf und dunklem Tabak. Wie es sich f\u00fcr einen ausgewachsenen Wein aus dem Priorat geh\u00f6rt, findet sich eine klare, k\u00fchle, mineralisch wirkende Komponente im Duft, die auf unnachahmliche Weise die W\u00e4rme der Frucht ausgleicht. <\/p>\n<h5>Mund<\/h5>\n<p> Am Gaumen ist der Wein nat\u00fcrlich ebenso reif und satt, wie es die Nase suggeriert hat. Das Sch\u00f6ne ist: Die satte Frucht wirkt dank der k\u00fchlen, frischen Komponente \u00fcberhaupt nicht s\u00e4ttigend, sondern in h\u00f6chstem Ma\u00dfe anregend. Der Somni verbindet Kraft und Saft, Eleganz und Anspruch, Herausforderung und Finesse. Es ist ein hedonistischer Wein, ein sinnlicher Wein, dessen vordergr\u00fcndige Frucht nie plump ist, sondern immer gepuffert wird von Mineralit\u00e4t und feiner S\u00e4ure, elegantem Holz und feinem Tannin. Das ist sehr gekonnt gemacht.<\/p>\n<p>Copyright Vinaturel 2025<\/p>\n<p>Keywords: <a href=\"https:\/\/wein-werte.com\/de\/shop\/?swoof=1&#038;pa_producer=Portal-del-Priorat\">Portal del Priorat<\/a> <a href=\"https:\/\/wein-werte.com\/de\/shop\/?swoof=1&#038;woof_text=Somni\">Somni<\/a> 2015  <a href=\"https:\/\/wein-werte.com\/de\/shop\/?swoof=1&#038;pa_region=Priorat\">Priorat<\/a> <a href=\"https:\/\/wein-werte.com\/de\/shop\/?swoof=1&#038;pa_country=Spanien\">Spanien<\/a><\/p>\n<h3>Wine Advocate<\/h3>\n<p>Punkte: 88<\/p>\n<p>Der rote Somni 2015 ist f\u00fcr meinen Geschmack zu reif und spielt mit \u00dcberreife. Er ist eine Cuv\u00e9e aus Cari\u00f1ena und Syrah mit reifen Aromen und k\u00f6rnigen Tanninen. Im Oktober 2016 wurden 5.840 Flaschen abgef\u00fcllt.<br \/>Luis Guti\u00e9rrez<\/p>\n<p>Internetseite des Weinguts: <a href=\"https:\/\/portaldelpriorat.com\/\" target=\"_blank\">https:\/\/portaldelpriorat.com\/<\/a><\/p>\n","protected":false},"excerpt":{"rendered":"<p>Lieferzeit: 1 bis 2 Arbeitstage (DE), 2 bis 5 Arbeitstage (EU and CH)<\/p>\n","protected":false},"featured_media":1147511,"template":"","meta":[],"product_brand":[],"product_cat":[19],"product_tag":[],"class_list":{"0":"post-1133551","1":"product","2":"type-product","3":"status-publish","4":"has-post-thumbnail","6":"product_cat-unkategorisiert","7":"pa_certified-biodynamic-nein-de","8":"pa_certified-organic-nein-de","9":"pa_colour-rot","10":"pa_country-spanien","11":"pa_grape-carignan-cuvee","12":"pa_parker-points-for-filter-88-de-2","13":"pa_price-for-filter-10638","14":"pa_producer-portal-del-priorat","15":"pa_region-priorat","16":"pa_size-ml-8361","17":"pa_sweetness-trocken-de","18":"pa_type-2-still-de","19":"pa_vintage-2015-de","20":"entry","21":"has-media","23":"first","24":"instock","25":"taxable","26":"shipping-taxable","27":"purchasable","28":"product-type-simple"},"yoast_head":"<!-- This site is optimized with the Yoast SEO plugin v27.5 - https:\/\/yoast.com\/product\/yoast-seo-wordpress\/ -->\n<title>Portal del Priorat Somni 2015, 5000ml<\/title>\n<meta name=\"description\" content=\"Kaufe Portal del Priorat Somni 2015 (Carignan Cuv\u00e9e, trocken aus Priorat, Spanien) bei Wein Werte, Ihrem nachhaltigen Onlineshop.\" \/>\n<meta name=\"robots\" content=\"index, follow, max-snippet:-1, max-image-preview:large, max-video-preview:-1\" \/>\n<link rel=\"canonical\" href=\"https:\/\/wein-werte.com\/de\/produkt\/portal-del-priorat-somni-2015-5000ml\/\" \/>\n<meta property=\"og:locale\" content=\"de_DE\" \/>\n<meta property=\"og:type\" content=\"article\" \/>\n<meta property=\"og:title\" content=\"Portal del Priorat Somni 2015, 5000ml\" \/>\n<meta property=\"og:description\" content=\"Kaufe Portal del Priorat Somni 2015 (Carignan Cuv\u00e9e, trocken aus Priorat, Spanien) bei Wein Werte, Ihrem nachhaltigen Onlineshop.\" \/>\n<meta property=\"og:url\" content=\"https:\/\/wein-werte.com\/de\/produkt\/portal-del-priorat-somni-2015-5000ml\/\" \/>\n<meta property=\"og:site_name\" content=\"Wein Werte\" \/>\n<meta property=\"og:image\" content=\"https:\/\/wein-werte.com\/wp-content\/uploads\/2026\/04\/Portal-del-Priorat-Somni-2015-5000-ml.png\" \/>\n\t<meta property=\"og:image:width\" content=\"274\" \/>\n\t<meta property=\"og:image:height\" content=\"650\" \/>\n\t<meta property=\"og:image:type\" content=\"image\/png\" \/>\n<meta name=\"twitter:card\" content=\"summary_large_image\" \/>\n<meta name=\"twitter:label1\" content=\"Gesch\u00e4tzte Lesezeit\" \/>\n\t<meta name=\"twitter:data1\" content=\"2\u00a0Minuten\" \/>\n<script type=\"application\/ld+json\" class=\"yoast-schema-graph\">{\"@context\":\"https:\\\/\\\/schema.org\",\"@graph\":[{\"@type\":\"WebPage\",\"@id\":\"https:\\\/\\\/wein-werte.com\\\/de\\\/produkt\\\/portal-del-priorat-somni-2015-5000ml\\\/\",\"url\":\"https:\\\/\\\/wein-werte.com\\\/de\\\/produkt\\\/portal-del-priorat-somni-2015-5000ml\\\/\",\"name\":\"Portal del Priorat Somni 2015, 5000ml\",\"isPartOf\":{\"@id\":\"https:\\\/\\\/wein-werte.com\\\/de\\\/#website\"},\"primaryImageOfPage\":{\"@id\":\"https:\\\/\\\/wein-werte.com\\\/de\\\/produkt\\\/portal-del-priorat-somni-2015-5000ml\\\/#primaryimage\"},\"image\":{\"@id\":\"https:\\\/\\\/wein-werte.com\\\/de\\\/produkt\\\/portal-del-priorat-somni-2015-5000ml\\\/#primaryimage\"},\"thumbnailUrl\":\"https:\\\/\\\/wein-werte.com\\\/wp-content\\\/uploads\\\/2026\\\/04\\\/Portal-del-Priorat-Somni-2015-5000-ml.png\",\"datePublished\":\"2026-05-05T16:26:35+00:00\",\"description\":\"Kaufe Portal del Priorat Somni 2015 (Carignan Cuv\u00e9e, trocken aus Priorat, Spanien) bei Wein Werte, Ihrem nachhaltigen Onlineshop.\",\"breadcrumb\":{\"@id\":\"https:\\\/\\\/wein-werte.com\\\/de\\\/produkt\\\/portal-del-priorat-somni-2015-5000ml\\\/#breadcrumb\"},\"inLanguage\":\"de\",\"potentialAction\":[{\"@type\":\"ReadAction\",\"target\":[\"https:\\\/\\\/wein-werte.com\\\/de\\\/produkt\\\/portal-del-priorat-somni-2015-5000ml\\\/\"]}]},{\"@type\":\"ImageObject\",\"inLanguage\":\"de\",\"@id\":\"https:\\\/\\\/wein-werte.com\\\/de\\\/produkt\\\/portal-del-priorat-somni-2015-5000ml\\\/#primaryimage\",\"url\":\"https:\\\/\\\/wein-werte.com\\\/wp-content\\\/uploads\\\/2026\\\/04\\\/Portal-del-Priorat-Somni-2015-5000-ml.png\",\"contentUrl\":\"https:\\\/\\\/wein-werte.com\\\/wp-content\\\/uploads\\\/2026\\\/04\\\/Portal-del-Priorat-Somni-2015-5000-ml.png\",\"width\":274,\"height\":650},{\"@type\":\"BreadcrumbList\",\"@id\":\"https:\\\/\\\/wein-werte.com\\\/de\\\/produkt\\\/portal-del-priorat-somni-2015-5000ml\\\/#breadcrumb\",\"itemListElement\":[{\"@type\":\"ListItem\",\"position\":1,\"name\":\"Home\",\"item\":\"https:\\\/\\\/wein-werte.com\\\/de\\\/\"},{\"@type\":\"ListItem\",\"position\":2,\"name\":\"Shop\",\"item\":\"https:\\\/\\\/wein-werte.com\\\/de\\\/shop\\\/\"},{\"@type\":\"ListItem\",\"position\":3,\"name\":\"Portal del Priorat | Priorat | Somni | 2015 | 5000ml\"}]},{\"@type\":\"WebSite\",\"@id\":\"https:\\\/\\\/wein-werte.com\\\/de\\\/#website\",\"url\":\"https:\\\/\\\/wein-werte.com\\\/de\\\/\",\"name\":\"Wein Werte\",\"description\":\"\",\"publisher\":{\"@id\":\"https:\\\/\\\/wein-werte.com\\\/de\\\/#organization\"},\"potentialAction\":[{\"@type\":\"SearchAction\",\"target\":{\"@type\":\"EntryPoint\",\"urlTemplate\":\"https:\\\/\\\/wein-werte.com\\\/de\\\/?s={search_term_string}\"},\"query-input\":{\"@type\":\"PropertyValueSpecification\",\"valueRequired\":true,\"valueName\":\"search_term_string\"}}],\"inLanguage\":\"de\"},{\"@type\":\"Organization\",\"@id\":\"https:\\\/\\\/wein-werte.com\\\/de\\\/#organization\",\"name\":\"Vins Fins Thorrold\",\"url\":\"https:\\\/\\\/wein-werte.com\\\/de\\\/\",\"logo\":{\"@type\":\"ImageObject\",\"inLanguage\":\"de\",\"@id\":\"https:\\\/\\\/wein-werte.com\\\/de\\\/#\\\/schema\\\/logo\\\/image\\\/\",\"url\":\"https:\\\/\\\/wein-werte.com\\\/wp-content\\\/uploads\\\/2023\\\/07\\\/Wein_werte_Logo700-1.png\",\"contentUrl\":\"https:\\\/\\\/wein-werte.com\\\/wp-content\\\/uploads\\\/2023\\\/07\\\/Wein_werte_Logo700-1.png\",\"width\":700,\"height\":272,\"caption\":\"Vins Fins Thorrold\"},\"image\":{\"@id\":\"https:\\\/\\\/wein-werte.com\\\/de\\\/#\\\/schema\\\/logo\\\/image\\\/\"}}]}<\/script>\n<!-- \/ Yoast SEO plugin. -->","yoast_head_json":{"title":"Portal del Priorat Somni 2015, 5000ml","description":"Kaufe Portal del Priorat Somni 2015 (Carignan Cuv\u00e9e, trocken aus Priorat, Spanien) bei Wein Werte, Ihrem nachhaltigen Onlineshop.","robots":{"index":"index","follow":"follow","max-snippet":"max-snippet:-1","max-image-preview":"max-image-preview:large","max-video-preview":"max-video-preview:-1"},"canonical":"https:\/\/wein-werte.com\/de\/produkt\/portal-del-priorat-somni-2015-5000ml\/","og_locale":"de_DE","og_type":"article","og_title":"Portal del Priorat Somni 2015, 5000ml","og_description":"Kaufe Portal del Priorat Somni 2015 (Carignan Cuv\u00e9e, trocken aus Priorat, Spanien) bei Wein Werte, Ihrem nachhaltigen Onlineshop.","og_url":"https:\/\/wein-werte.com\/de\/produkt\/portal-del-priorat-somni-2015-5000ml\/","og_site_name":"Wein Werte","og_image":[{"width":274,"height":650,"url":"https:\/\/wein-werte.com\/wp-content\/uploads\/2026\/04\/Portal-del-Priorat-Somni-2015-5000-ml.png","type":"image\/png"}],"twitter_card":"summary_large_image","twitter_misc":{"Gesch\u00e4tzte Lesezeit":"2\u00a0Minuten"},"schema":{"@context":"https:\/\/schema.org","@graph":[{"@type":"WebPage","@id":"https:\/\/wein-werte.com\/de\/produkt\/portal-del-priorat-somni-2015-5000ml\/","url":"https:\/\/wein-werte.com\/de\/produkt\/portal-del-priorat-somni-2015-5000ml\/","name":"Portal del Priorat Somni 2015, 5000ml","isPartOf":{"@id":"https:\/\/wein-werte.com\/de\/#website"},"primaryImageOfPage":{"@id":"https:\/\/wein-werte.com\/de\/produkt\/portal-del-priorat-somni-2015-5000ml\/#primaryimage"},"image":{"@id":"https:\/\/wein-werte.com\/de\/produkt\/portal-del-priorat-somni-2015-5000ml\/#primaryimage"},"thumbnailUrl":"https:\/\/wein-werte.com\/wp-content\/uploads\/2026\/04\/Portal-del-Priorat-Somni-2015-5000-ml.png","datePublished":"2026-05-05T16:26:35+00:00","description":"Kaufe Portal del Priorat Somni 2015 (Carignan Cuv\u00e9e, trocken aus Priorat, Spanien) bei Wein Werte, Ihrem nachhaltigen Onlineshop.","breadcrumb":{"@id":"https:\/\/wein-werte.com\/de\/produkt\/portal-del-priorat-somni-2015-5000ml\/#breadcrumb"},"inLanguage":"de","potentialAction":[{"@type":"ReadAction","target":["https:\/\/wein-werte.com\/de\/produkt\/portal-del-priorat-somni-2015-5000ml\/"]}]},{"@type":"ImageObject","inLanguage":"de","@id":"https:\/\/wein-werte.com\/de\/produkt\/portal-del-priorat-somni-2015-5000ml\/#primaryimage","url":"https:\/\/wein-werte.com\/wp-content\/uploads\/2026\/04\/Portal-del-Priorat-Somni-2015-5000-ml.png","contentUrl":"https:\/\/wein-werte.com\/wp-content\/uploads\/2026\/04\/Portal-del-Priorat-Somni-2015-5000-ml.png","width":274,"height":650},{"@type":"BreadcrumbList","@id":"https:\/\/wein-werte.com\/de\/produkt\/portal-del-priorat-somni-2015-5000ml\/#breadcrumb","itemListElement":[{"@type":"ListItem","position":1,"name":"Home","item":"https:\/\/wein-werte.com\/de\/"},{"@type":"ListItem","position":2,"name":"Shop","item":"https:\/\/wein-werte.com\/de\/shop\/"},{"@type":"ListItem","position":3,"name":"Portal del Priorat | Priorat | Somni | 2015 | 5000ml"}]},{"@type":"WebSite","@id":"https:\/\/wein-werte.com\/de\/#website","url":"https:\/\/wein-werte.com\/de\/","name":"Wein Werte","description":"","publisher":{"@id":"https:\/\/wein-werte.com\/de\/#organization"},"potentialAction":[{"@type":"SearchAction","target":{"@type":"EntryPoint","urlTemplate":"https:\/\/wein-werte.com\/de\/?s={search_term_string}"},"query-input":{"@type":"PropertyValueSpecification","valueRequired":true,"valueName":"search_term_string"}}],"inLanguage":"de"},{"@type":"Organization","@id":"https:\/\/wein-werte.com\/de\/#organization","name":"Vins Fins Thorrold","url":"https:\/\/wein-werte.com\/de\/","logo":{"@type":"ImageObject","inLanguage":"de","@id":"https:\/\/wein-werte.com\/de\/#\/schema\/logo\/image\/","url":"https:\/\/wein-werte.com\/wp-content\/uploads\/2023\/07\/Wein_werte_Logo700-1.png","contentUrl":"https:\/\/wein-werte.com\/wp-content\/uploads\/2023\/07\/Wein_werte_Logo700-1.png","width":700,"height":272,"caption":"Vins Fins Thorrold"},"image":{"@id":"https:\/\/wein-werte.com\/de\/#\/schema\/logo\/image\/"}}]}},"_links":{"self":[{"href":"https:\/\/wein-werte.com\/de\/wp-json\/wp\/v2\/product\/1133551","targetHints":{"allow":["GET"]}}],"collection":[{"href":"https:\/\/wein-werte.com\/de\/wp-json\/wp\/v2\/product"}],"about":[{"href":"https:\/\/wein-werte.com\/de\/wp-json\/wp\/v2\/types\/product"}],"wp:featuredmedia":[{"embeddable":true,"href":"https:\/\/wein-werte.com\/de\/wp-json\/wp\/v2\/media\/1147511"}],"wp:attachment":[{"href":"https:\/\/wein-werte.com\/de\/wp-json\/wp\/v2\/media?parent=1133551"}],"wp:term":[{"taxonomy":"product_brand","embeddable":true,"href":"https:\/\/wein-werte.com\/de\/wp-json\/wp\/v2\/product_brand?post=1133551"},{"taxonomy":"product_cat","embeddable":true,"href":"https:\/\/wein-werte.com\/de\/wp-json\/wp\/v2\/product_cat?post=1133551"},{"taxonomy":"product_tag","embeddable":true,"href":"https:\/\/wein-werte.com\/de\/wp-json\/wp\/v2\/product_tag?post=1133551"}],"curies":[{"name":"wp","href":"https:\/\/api.w.org\/{rel}","templated":true}]}}