{"id":1133540,"date":"2026-05-05T18:26:34","date_gmt":"2026-05-05T16:26:34","guid":{"rendered":"https:\/\/wein-werte.com\/product\/portal-del-priorat-tros-del-clos-2013-1500ml\/"},"modified":"2026-04-27T11:50:46","modified_gmt":"2026-04-27T09:50:46","slug":"portal-del-priorat-tros-del-clos-2013-1500ml","status":"publish","type":"product","link":"https:\/\/wein-werte.com\/de\/produkt\/portal-del-priorat-tros-del-clos-2013-1500ml\/","title":{"rendered":"Portal del Priorat | Priorat | Tros del Clos | 2013 | 1500ml"},"content":{"rendered":"<p>Produktbeschreibung f\u00fcr Portal del Priorat Tros del Clos 2013 <\/p>\n<p>Christina Hilker: Am Gaumen pr\u00e4sentiert sich der 2013er Tros del Clos mit der gleichen Mineralit\u00e4t wie in der Nase. Durch die erfrischende S\u00e4ure und die feink\u00f6rnige Tannin Struktur wirkt er trotz der opulenten F\u00fclle unwahrscheinlich elegant. Der Holzausbau verschwindet g\u00e4nzlich in den Hintergrund und man bekommt einfach Lust diesen feinen Tropfen unmittelbar zu genie\u00dfen. Dennoch lohnt es sich etwas Geduld aufzubringen, denn die Erfahrung zeigt, dass den fast 100 Jahre alten Carignan Rebst\u00f6cken ein paar Jahre der Reife fantastisch zu Gesicht stehen. <\/p>\n<h5>Empfehlung<\/h5>\n<p> Wenn man ihn zum jetzigen Zeitpunkt schon genie\u00dfen m\u00f6chte sollte man ihn unbedingt dekantieren. Auch einige Tage der \u00d6ffnung lassen ihn gewinnen! <\/p>\n<h5>Farbe<\/h5>\n<p> Tiefes Schwarzrot mit minimalen violetten Aufhellungen zum Rand hin. <\/p>\n<h5>Nase<\/h5>\n<p> Der 2013er Tros de Clos zeigt sehr viel Mineralit\u00e4t in der Nase und pr\u00e4sentiert sich dadurch k\u00fchl und komplex. Nach l\u00e4ngerer \u00d6ffnung treten intensive Kr\u00e4uternoten und der Duft nach Brombeeren, Blaubeeren, Vogelbeeren und Cassis hervor. Spannung kommt auf durch die Gew\u00fcrznoten von Kardamom, Wacholder und Sandelholz, die ihm bei aller burgundischen Finesse einen interessanten orientalischen Anstrich verleihen. <\/p>\n<h5>Gaumen<\/h5>\n<p> Am Gaumen pr\u00e4sentiert sich der 2013er Tros del Clos mit der gleichen Mineralit\u00e4t wie in der Nase. Durch die erfrischende S\u00e4ure und die feink\u00f6rnige Tannin Struktur wirkt er trotz der opulenten F\u00fclle unwahrscheinlich elegant. Der Holzausbau verschwindet g\u00e4nzlich in den Hintergrund und man bekommt einfach Lust diesen feinen Tropfen unmittelbar zu genie\u00dfen. Dennoch lohnt es sich etwas Geduld aufzubringen, denn die Erfahrung zeigt, dass den fast 100 Jahre alten Carignan Rebst\u00f6cken ein paar Jahre der Reife fantastisch zu Gesicht stehen. <\/p>\n<h5>Empfehlung<\/h5>\n<p> Wenn man ihn zum jetzigen Zeitpunkt schon genie\u00dfen m\u00f6chte sollte man ihn unbedingt dekantieren. Auch einige Tage der \u00d6ffnung lassen ihn gewinnen!<\/p>\n<p>Copyright Vinaturel 2025<\/p>\n<p>Keywords: <a href=\"https:\/\/wein-werte.com\/de\/shop\/?swoof=1&#038;pa_producer=Portal-del-Priorat\">Portal del Priorat<\/a> <a href=\"https:\/\/wein-werte.com\/de\/shop\/?swoof=1&#038;woof_text=Tros del Clos\">Tros del Clos<\/a> 2013  <a href=\"https:\/\/wein-werte.com\/de\/shop\/?swoof=1&#038;pa_region=Priorat\">Priorat<\/a> <a href=\"https:\/\/wein-werte.com\/de\/shop\/?swoof=1&#038;pa_country=Spanien\">Spanien<\/a><\/p>\n<h3>Wine Advocate<\/h3>\n<p>Punkte: 92<\/p>\n<p>Der 2013er Tros del Clos stammt aus derselben alten Cari\u00f1ena-Parzelle wie der 2012er und offenbarte einige der wilden, leicht animalischen Noten, die ich auch in anderen 2013er Weinen von Alfredo Arribas entdeckt hatte. Wie bei den meisten 2012er und 2013er Weinen, die ich parallel verkostete, gefiel mir der 2012er am Ende besser. Er hat etwas Pflanzliches\/Kr\u00e4uteriges, eine andere Textur und eine besondere Trockenheit, die bei anderen 2013ern \u00fcblich ist. Das macht diese Weine weniger attraktiv und beeintr\u00e4chtigt ihre Gesamtausgewogenheit. 1.790 Flaschen produziert.<br \/>Luis Guti\u00e9rrez<\/p>\n<p>Internetseite des Weinguts: <a href=\"https:\/\/portaldelpriorat.com\/\" target=\"_blank\">https:\/\/portaldelpriorat.com\/<\/a><\/p>\n","protected":false},"excerpt":{"rendered":"<p>Lieferzeit: 1 bis 2 Arbeitstage (DE), 2 bis 5 Arbeitstage (EU and CH)<\/p>\n","protected":false},"featured_media":1143940,"template":"","meta":[],"product_brand":[],"product_cat":[19],"product_tag":[],"class_list":{"0":"post-1133540","1":"product","2":"type-product","3":"status-publish","4":"has-post-thumbnail","6":"product_cat-unkategorisiert","7":"pa_alcohol-for-filter-14-5","8":"pa_certified-biodynamic-nein-de","9":"pa_certified-organic-nein-de","10":"pa_colour-rot","11":"pa_country-spanien","12":"pa_grape-carignan","13":"pa_parker-points-for-filter-92-de","14":"pa_price-for-filter-10571","15":"pa_producer-portal-del-priorat","16":"pa_region-priorat","17":"pa_size-ml-6657","18":"pa_sweetness-trocken-de","19":"pa_type-2-still-de","20":"pa_vintage-2013-de","21":"entry","22":"has-media","24":"first","25":"instock","26":"taxable","27":"shipping-taxable","28":"purchasable","29":"product-type-simple"},"yoast_head":"<!-- This site is optimized with the Yoast SEO plugin v27.5 - https:\/\/yoast.com\/product\/yoast-seo-wordpress\/ -->\n<title>Portal del Priorat Tros del Clos 2013, 1500ml<\/title>\n<meta name=\"description\" content=\"Kaufe Portal del Priorat Tros del Clos 2013 (Carignan, trocken aus Priorat, Spanien) bei Wein Werte, Ihrem nachhaltigen Onlineshop.\" \/>\n<meta name=\"robots\" content=\"index, follow, max-snippet:-1, max-image-preview:large, max-video-preview:-1\" \/>\n<link rel=\"canonical\" href=\"https:\/\/wein-werte.com\/de\/produkt\/portal-del-priorat-tros-del-clos-2013-1500ml\/\" \/>\n<meta property=\"og:locale\" content=\"de_DE\" \/>\n<meta property=\"og:type\" content=\"article\" \/>\n<meta property=\"og:title\" content=\"Portal del Priorat Tros del Clos 2013, 1500ml\" \/>\n<meta property=\"og:description\" content=\"Kaufe Portal del Priorat Tros del Clos 2013 (Carignan, trocken aus Priorat, Spanien) bei Wein Werte, Ihrem nachhaltigen Onlineshop.\" \/>\n<meta property=\"og:url\" content=\"https:\/\/wein-werte.com\/de\/produkt\/portal-del-priorat-tros-del-clos-2013-1500ml\/\" \/>\n<meta property=\"og:site_name\" content=\"Wein Werte\" \/>\n<meta property=\"og:image\" content=\"https:\/\/wein-werte.com\/wp-content\/uploads\/2026\/04\/Portal-del-Priorat-Tros-del-Clos-2013-1500ml.png\" \/>\n\t<meta property=\"og:image:width\" content=\"359\" \/>\n\t<meta property=\"og:image:height\" content=\"1200\" \/>\n\t<meta property=\"og:image:type\" content=\"image\/png\" \/>\n<meta name=\"twitter:card\" content=\"summary_large_image\" \/>\n<meta name=\"twitter:label1\" content=\"Gesch\u00e4tzte Lesezeit\" \/>\n\t<meta name=\"twitter:data1\" content=\"2\u00a0Minuten\" \/>\n<script type=\"application\/ld+json\" class=\"yoast-schema-graph\">{\"@context\":\"https:\\\/\\\/schema.org\",\"@graph\":[{\"@type\":\"WebPage\",\"@id\":\"https:\\\/\\\/wein-werte.com\\\/de\\\/produkt\\\/portal-del-priorat-tros-del-clos-2013-1500ml\\\/\",\"url\":\"https:\\\/\\\/wein-werte.com\\\/de\\\/produkt\\\/portal-del-priorat-tros-del-clos-2013-1500ml\\\/\",\"name\":\"Portal del Priorat Tros del Clos 2013, 1500ml\",\"isPartOf\":{\"@id\":\"https:\\\/\\\/wein-werte.com\\\/de\\\/#website\"},\"primaryImageOfPage\":{\"@id\":\"https:\\\/\\\/wein-werte.com\\\/de\\\/produkt\\\/portal-del-priorat-tros-del-clos-2013-1500ml\\\/#primaryimage\"},\"image\":{\"@id\":\"https:\\\/\\\/wein-werte.com\\\/de\\\/produkt\\\/portal-del-priorat-tros-del-clos-2013-1500ml\\\/#primaryimage\"},\"thumbnailUrl\":\"https:\\\/\\\/wein-werte.com\\\/wp-content\\\/uploads\\\/2026\\\/04\\\/Portal-del-Priorat-Tros-del-Clos-2013-1500ml.png\",\"datePublished\":\"2026-05-05T16:26:34+00:00\",\"description\":\"Kaufe Portal del Priorat Tros del Clos 2013 (Carignan, trocken aus Priorat, Spanien) bei Wein Werte, Ihrem nachhaltigen Onlineshop.\",\"breadcrumb\":{\"@id\":\"https:\\\/\\\/wein-werte.com\\\/de\\\/produkt\\\/portal-del-priorat-tros-del-clos-2013-1500ml\\\/#breadcrumb\"},\"inLanguage\":\"de\",\"potentialAction\":[{\"@type\":\"ReadAction\",\"target\":[\"https:\\\/\\\/wein-werte.com\\\/de\\\/produkt\\\/portal-del-priorat-tros-del-clos-2013-1500ml\\\/\"]}]},{\"@type\":\"ImageObject\",\"inLanguage\":\"de\",\"@id\":\"https:\\\/\\\/wein-werte.com\\\/de\\\/produkt\\\/portal-del-priorat-tros-del-clos-2013-1500ml\\\/#primaryimage\",\"url\":\"https:\\\/\\\/wein-werte.com\\\/wp-content\\\/uploads\\\/2026\\\/04\\\/Portal-del-Priorat-Tros-del-Clos-2013-1500ml.png\",\"contentUrl\":\"https:\\\/\\\/wein-werte.com\\\/wp-content\\\/uploads\\\/2026\\\/04\\\/Portal-del-Priorat-Tros-del-Clos-2013-1500ml.png\",\"width\":359,\"height\":1200,\"caption\":\"Portal del Priorat Tros del Clos 2013 1500ml\"},{\"@type\":\"BreadcrumbList\",\"@id\":\"https:\\\/\\\/wein-werte.com\\\/de\\\/produkt\\\/portal-del-priorat-tros-del-clos-2013-1500ml\\\/#breadcrumb\",\"itemListElement\":[{\"@type\":\"ListItem\",\"position\":1,\"name\":\"Home\",\"item\":\"https:\\\/\\\/wein-werte.com\\\/de\\\/\"},{\"@type\":\"ListItem\",\"position\":2,\"name\":\"Shop\",\"item\":\"https:\\\/\\\/wein-werte.com\\\/de\\\/shop\\\/\"},{\"@type\":\"ListItem\",\"position\":3,\"name\":\"Portal del Priorat | Priorat | Tros del Clos | 2013 | 1500ml\"}]},{\"@type\":\"WebSite\",\"@id\":\"https:\\\/\\\/wein-werte.com\\\/de\\\/#website\",\"url\":\"https:\\\/\\\/wein-werte.com\\\/de\\\/\",\"name\":\"Wein Werte\",\"description\":\"\",\"publisher\":{\"@id\":\"https:\\\/\\\/wein-werte.com\\\/de\\\/#organization\"},\"potentialAction\":[{\"@type\":\"SearchAction\",\"target\":{\"@type\":\"EntryPoint\",\"urlTemplate\":\"https:\\\/\\\/wein-werte.com\\\/de\\\/?s={search_term_string}\"},\"query-input\":{\"@type\":\"PropertyValueSpecification\",\"valueRequired\":true,\"valueName\":\"search_term_string\"}}],\"inLanguage\":\"de\"},{\"@type\":\"Organization\",\"@id\":\"https:\\\/\\\/wein-werte.com\\\/de\\\/#organization\",\"name\":\"Vins Fins Thorrold\",\"url\":\"https:\\\/\\\/wein-werte.com\\\/de\\\/\",\"logo\":{\"@type\":\"ImageObject\",\"inLanguage\":\"de\",\"@id\":\"https:\\\/\\\/wein-werte.com\\\/de\\\/#\\\/schema\\\/logo\\\/image\\\/\",\"url\":\"https:\\\/\\\/wein-werte.com\\\/wp-content\\\/uploads\\\/2023\\\/07\\\/Wein_werte_Logo700-1.png\",\"contentUrl\":\"https:\\\/\\\/wein-werte.com\\\/wp-content\\\/uploads\\\/2023\\\/07\\\/Wein_werte_Logo700-1.png\",\"width\":700,\"height\":272,\"caption\":\"Vins Fins Thorrold\"},\"image\":{\"@id\":\"https:\\\/\\\/wein-werte.com\\\/de\\\/#\\\/schema\\\/logo\\\/image\\\/\"}}]}<\/script>\n<!-- \/ Yoast SEO plugin. -->","yoast_head_json":{"title":"Portal del Priorat Tros del Clos 2013, 1500ml","description":"Kaufe Portal del Priorat Tros del Clos 2013 (Carignan, trocken aus Priorat, Spanien) bei Wein Werte, Ihrem nachhaltigen Onlineshop.","robots":{"index":"index","follow":"follow","max-snippet":"max-snippet:-1","max-image-preview":"max-image-preview:large","max-video-preview":"max-video-preview:-1"},"canonical":"https:\/\/wein-werte.com\/de\/produkt\/portal-del-priorat-tros-del-clos-2013-1500ml\/","og_locale":"de_DE","og_type":"article","og_title":"Portal del Priorat Tros del Clos 2013, 1500ml","og_description":"Kaufe Portal del Priorat Tros del Clos 2013 (Carignan, trocken aus Priorat, Spanien) bei Wein Werte, Ihrem nachhaltigen Onlineshop.","og_url":"https:\/\/wein-werte.com\/de\/produkt\/portal-del-priorat-tros-del-clos-2013-1500ml\/","og_site_name":"Wein Werte","og_image":[{"width":359,"height":1200,"url":"https:\/\/wein-werte.com\/wp-content\/uploads\/2026\/04\/Portal-del-Priorat-Tros-del-Clos-2013-1500ml.png","type":"image\/png"}],"twitter_card":"summary_large_image","twitter_misc":{"Gesch\u00e4tzte Lesezeit":"2\u00a0Minuten"},"schema":{"@context":"https:\/\/schema.org","@graph":[{"@type":"WebPage","@id":"https:\/\/wein-werte.com\/de\/produkt\/portal-del-priorat-tros-del-clos-2013-1500ml\/","url":"https:\/\/wein-werte.com\/de\/produkt\/portal-del-priorat-tros-del-clos-2013-1500ml\/","name":"Portal del Priorat Tros del Clos 2013, 1500ml","isPartOf":{"@id":"https:\/\/wein-werte.com\/de\/#website"},"primaryImageOfPage":{"@id":"https:\/\/wein-werte.com\/de\/produkt\/portal-del-priorat-tros-del-clos-2013-1500ml\/#primaryimage"},"image":{"@id":"https:\/\/wein-werte.com\/de\/produkt\/portal-del-priorat-tros-del-clos-2013-1500ml\/#primaryimage"},"thumbnailUrl":"https:\/\/wein-werte.com\/wp-content\/uploads\/2026\/04\/Portal-del-Priorat-Tros-del-Clos-2013-1500ml.png","datePublished":"2026-05-05T16:26:34+00:00","description":"Kaufe Portal del Priorat Tros del Clos 2013 (Carignan, trocken aus Priorat, Spanien) bei Wein Werte, Ihrem nachhaltigen Onlineshop.","breadcrumb":{"@id":"https:\/\/wein-werte.com\/de\/produkt\/portal-del-priorat-tros-del-clos-2013-1500ml\/#breadcrumb"},"inLanguage":"de","potentialAction":[{"@type":"ReadAction","target":["https:\/\/wein-werte.com\/de\/produkt\/portal-del-priorat-tros-del-clos-2013-1500ml\/"]}]},{"@type":"ImageObject","inLanguage":"de","@id":"https:\/\/wein-werte.com\/de\/produkt\/portal-del-priorat-tros-del-clos-2013-1500ml\/#primaryimage","url":"https:\/\/wein-werte.com\/wp-content\/uploads\/2026\/04\/Portal-del-Priorat-Tros-del-Clos-2013-1500ml.png","contentUrl":"https:\/\/wein-werte.com\/wp-content\/uploads\/2026\/04\/Portal-del-Priorat-Tros-del-Clos-2013-1500ml.png","width":359,"height":1200,"caption":"Portal del Priorat Tros del Clos 2013 1500ml"},{"@type":"BreadcrumbList","@id":"https:\/\/wein-werte.com\/de\/produkt\/portal-del-priorat-tros-del-clos-2013-1500ml\/#breadcrumb","itemListElement":[{"@type":"ListItem","position":1,"name":"Home","item":"https:\/\/wein-werte.com\/de\/"},{"@type":"ListItem","position":2,"name":"Shop","item":"https:\/\/wein-werte.com\/de\/shop\/"},{"@type":"ListItem","position":3,"name":"Portal del Priorat | Priorat | Tros del Clos | 2013 | 1500ml"}]},{"@type":"WebSite","@id":"https:\/\/wein-werte.com\/de\/#website","url":"https:\/\/wein-werte.com\/de\/","name":"Wein Werte","description":"","publisher":{"@id":"https:\/\/wein-werte.com\/de\/#organization"},"potentialAction":[{"@type":"SearchAction","target":{"@type":"EntryPoint","urlTemplate":"https:\/\/wein-werte.com\/de\/?s={search_term_string}"},"query-input":{"@type":"PropertyValueSpecification","valueRequired":true,"valueName":"search_term_string"}}],"inLanguage":"de"},{"@type":"Organization","@id":"https:\/\/wein-werte.com\/de\/#organization","name":"Vins Fins Thorrold","url":"https:\/\/wein-werte.com\/de\/","logo":{"@type":"ImageObject","inLanguage":"de","@id":"https:\/\/wein-werte.com\/de\/#\/schema\/logo\/image\/","url":"https:\/\/wein-werte.com\/wp-content\/uploads\/2023\/07\/Wein_werte_Logo700-1.png","contentUrl":"https:\/\/wein-werte.com\/wp-content\/uploads\/2023\/07\/Wein_werte_Logo700-1.png","width":700,"height":272,"caption":"Vins Fins Thorrold"},"image":{"@id":"https:\/\/wein-werte.com\/de\/#\/schema\/logo\/image\/"}}]}},"_links":{"self":[{"href":"https:\/\/wein-werte.com\/de\/wp-json\/wp\/v2\/product\/1133540","targetHints":{"allow":["GET"]}}],"collection":[{"href":"https:\/\/wein-werte.com\/de\/wp-json\/wp\/v2\/product"}],"about":[{"href":"https:\/\/wein-werte.com\/de\/wp-json\/wp\/v2\/types\/product"}],"wp:featuredmedia":[{"embeddable":true,"href":"https:\/\/wein-werte.com\/de\/wp-json\/wp\/v2\/media\/1143940"}],"wp:attachment":[{"href":"https:\/\/wein-werte.com\/de\/wp-json\/wp\/v2\/media?parent=1133540"}],"wp:term":[{"taxonomy":"product_brand","embeddable":true,"href":"https:\/\/wein-werte.com\/de\/wp-json\/wp\/v2\/product_brand?post=1133540"},{"taxonomy":"product_cat","embeddable":true,"href":"https:\/\/wein-werte.com\/de\/wp-json\/wp\/v2\/product_cat?post=1133540"},{"taxonomy":"product_tag","embeddable":true,"href":"https:\/\/wein-werte.com\/de\/wp-json\/wp\/v2\/product_tag?post=1133540"}],"curies":[{"name":"wp","href":"https:\/\/api.w.org\/{rel}","templated":true}]}}