{"id":1133515,"date":"2026-05-05T18:26:33","date_gmt":"2026-05-05T16:26:33","guid":{"rendered":"https:\/\/wein-werte.com\/product\/valdemonjas-abri-las-alas-i-opened-my-wings-2022-750ml\/"},"modified":"2026-04-27T11:50:44","modified_gmt":"2026-04-27T09:50:44","slug":"valdemonjas-abri-las-alas-i-opened-my-wings-2022-750ml","status":"publish","type":"product","link":"https:\/\/wein-werte.com\/de\/produkt\/valdemonjas-abri-las-alas-i-opened-my-wings-2022-750ml\/","title":{"rendered":"Valdemonjas | Ribera del Duero | Abr\u00ed Las Alas &#8211; I Opened My Wings | 2022 | 750ml | bio"},"content":{"rendered":"<p>Produktbeschreibung f\u00fcr Valdemonjas Abr\u00ed Las Alas &#8211; I Opened My Wings 2022 (bio) <\/p>\n<h5>Informationen zum Wein<\/h5>\n<p> Das Weingut Valdemonjas hat sich in die Riege der Spitzenweing\u00fcter in Ribera del Duero eingereiht, wenngleich sich sein Stil vom altbekannten Ribera del Duero unterscheidet: So wirken die Weine direkter und ungeschminkter, sie haben weniger Holznoten und mehr Frische. Der Topwein der Bodega, Abri Las Alas, stammt aus einem \u00fcber 800 Meter hoch gelegenen Weinberg mit \u00fcber 80 Jahre alten Tempranillo-Reben, die extremen Temperaturunterschieden zwischen Winter und Sommer sowie zwischen Tag und Nacht ausgesetzt sind. Zuerst verg\u00e4rt der biologisch zertifizierte Rotwein in einem kleinen Betontank und reift anschlie\u00dfend 19 Monate in franz\u00f6sischen Barriques. <\/p>\n<h5>Farbe<\/h5>\n<p> Rubinrot <\/p>\n<h5>Nase<\/h5>\n<p> Das Bukett ist subtil und ausdrucksstark mit frischen dunklen Fr\u00fcchten und erdig-mineralischen Noten. Diskrete Holzt\u00f6ne halten sich vornehm im Hintergrund und tragen zur Komplexit\u00e4t bei. Die Nase ist geradezu fesselnd und wunderbar balanciert. <\/p>\n<h5>Gaumen<\/h5>\n<p> Trauben von so alten Reben und aus so hohen Lagen, wie es bei diesem Wein der Fall ist, bringen in Ribera del Duero von Natur aus eine enorme Kraft und Konzentration mit. Die Kunst besteht darin, diese Kraft und Konzentration in Eleganz, Pr\u00e4zision und Balance zu \u00fcbersetzen. Das gelingt dem Weingut Valdemonjas mit diesem Rotwein vortrefflich, und somit vereint der Abri Las Alas 2022 alles, was einen Spitzenwein ausmacht. Er hat dazu eine saftige Frucht, eine samtige Textur und elegante Tannine, er ist energiegeladen und vibrierend am Gaumen mit einem langen, animierenden Abgang. Dabei beh\u00e4lt der Wein stets seine Kontur, ist keineswegs \u00fcberbordend, sondern geradlinig, subtil und vielschichtig. Das ist gro\u00dfes Kino aus Ribera del Duero. <\/p>\n<p>Copyright Vinaturel 2025<\/p>\n<p>Keywords: <a href=\"https:\/\/wein-werte.com\/de\/shop\/?swoof=1&#038;pa_producer=Valdemonjas\">Valdemonjas<\/a> <a href=\"https:\/\/wein-werte.com\/de\/shop\/?swoof=1&#038;woof_text=Abr\u00ed Las Alas - I Opened My Wings\">Abr\u00ed Las Alas &#8211; I Opened My Wings<\/a> 2022 bio <a href=\"https:\/\/wein-werte.com\/de\/shop\/?swoof=1&#038;pa_region=Ribera del Duero\">Ribera-del-Duero<\/a> <a href=\"https:\/\/wein-werte.com\/de\/shop\/?swoof=1&#038;pa_country=Spanien\">Spanien<\/a><\/p>\n<p>Internetseite des Weinguts: <a href=\"https:\/\/www.valdemonjas.com\/\" target=\"_blank\">https:\/\/www.valdemonjas.com\/<\/a><\/p>\n","protected":false},"excerpt":{"rendered":"<p>Lieferzeit: 1 bis 2 Arbeitstage (DE), 2 bis 5 Arbeitstage (EU and CH)<\/p>\n","protected":false},"featured_media":1143920,"template":"","meta":[],"product_brand":[],"product_cat":[19],"product_tag":[],"class_list":{"0":"post-1133515","1":"product","2":"type-product","3":"status-publish","4":"has-post-thumbnail","6":"product_cat-unkategorisiert","7":"pa_alcohol-for-filter-12894","8":"pa_certified-biodynamic-nein-de","9":"pa_certified-organic-ja-de","10":"pa_colour-rot","11":"pa_country-spanien","12":"pa_grape-tempranillo","13":"pa_price-for-filter-11847","14":"pa_producer-valdemonjas","15":"pa_region-ribera-del-duero","16":"pa_size-ml-6584","17":"pa_sweetness-trocken-de","18":"pa_type-2-still-de","19":"pa_vintage-2022-de","20":"entry","21":"has-media","23":"first","24":"instock","25":"taxable","26":"shipping-taxable","27":"purchasable","28":"product-type-simple"},"yoast_head":"<!-- This site is optimized with the Yoast SEO plugin v27.5 - https:\/\/yoast.com\/product\/yoast-seo-wordpress\/ -->\n<title>Valdemonjas Abr\u00ed Las Alas - I Opened My Wings 2022<\/title>\n<meta name=\"description\" content=\"Kaufe Valdemonjas Abr\u00ed Las Alas - I Opened My Wings 2022 (Tempranillo, trocken aus Ribera del Duero, Spanien) bei Wein Werte, Ihrem nachhaltigen Onlineshop.\" \/>\n<meta name=\"robots\" content=\"index, follow, max-snippet:-1, max-image-preview:large, max-video-preview:-1\" \/>\n<link rel=\"canonical\" href=\"https:\/\/wein-werte.com\/de\/produkt\/valdemonjas-abri-las-alas-i-opened-my-wings-2022-750ml\/\" \/>\n<meta property=\"og:locale\" content=\"de_DE\" \/>\n<meta property=\"og:type\" content=\"article\" \/>\n<meta property=\"og:title\" content=\"Valdemonjas Abr\u00ed Las Alas - I Opened My Wings 2022\" \/>\n<meta property=\"og:description\" content=\"Kaufe Valdemonjas Abr\u00ed Las Alas - I Opened My Wings 2022 (Tempranillo, trocken aus Ribera del Duero, Spanien) bei Wein Werte, Ihrem nachhaltigen Onlineshop.\" \/>\n<meta property=\"og:url\" content=\"https:\/\/wein-werte.com\/de\/produkt\/valdemonjas-abri-las-alas-i-opened-my-wings-2022-750ml\/\" \/>\n<meta property=\"og:site_name\" content=\"Wein Werte\" \/>\n<meta property=\"og:image\" content=\"https:\/\/wein-werte.com\/wp-content\/uploads\/2026\/04\/Valdemonjas-Abri-Las-Alas-I-Opened-My-Wings-2022-750ml.png\" \/>\n\t<meta property=\"og:image:width\" content=\"311\" \/>\n\t<meta property=\"og:image:height\" content=\"1200\" \/>\n\t<meta property=\"og:image:type\" content=\"image\/png\" \/>\n<meta name=\"twitter:card\" content=\"summary_large_image\" \/>\n<meta name=\"twitter:label1\" content=\"Gesch\u00e4tzte Lesezeit\" \/>\n\t<meta name=\"twitter:data1\" content=\"1\u00a0Minute\" \/>\n<script type=\"application\/ld+json\" class=\"yoast-schema-graph\">{\"@context\":\"https:\\\/\\\/schema.org\",\"@graph\":[{\"@type\":\"WebPage\",\"@id\":\"https:\\\/\\\/wein-werte.com\\\/de\\\/produkt\\\/valdemonjas-abri-las-alas-i-opened-my-wings-2022-750ml\\\/\",\"url\":\"https:\\\/\\\/wein-werte.com\\\/de\\\/produkt\\\/valdemonjas-abri-las-alas-i-opened-my-wings-2022-750ml\\\/\",\"name\":\"Valdemonjas Abr\u00ed Las Alas - I Opened My Wings 2022\",\"isPartOf\":{\"@id\":\"https:\\\/\\\/wein-werte.com\\\/de\\\/#website\"},\"primaryImageOfPage\":{\"@id\":\"https:\\\/\\\/wein-werte.com\\\/de\\\/produkt\\\/valdemonjas-abri-las-alas-i-opened-my-wings-2022-750ml\\\/#primaryimage\"},\"image\":{\"@id\":\"https:\\\/\\\/wein-werte.com\\\/de\\\/produkt\\\/valdemonjas-abri-las-alas-i-opened-my-wings-2022-750ml\\\/#primaryimage\"},\"thumbnailUrl\":\"https:\\\/\\\/wein-werte.com\\\/wp-content\\\/uploads\\\/2026\\\/04\\\/Valdemonjas-Abri-Las-Alas-I-Opened-My-Wings-2022-750ml.png\",\"datePublished\":\"2026-05-05T16:26:33+00:00\",\"description\":\"Kaufe Valdemonjas Abr\u00ed Las Alas - I Opened My Wings 2022 (Tempranillo, trocken aus Ribera del Duero, Spanien) bei Wein Werte, Ihrem nachhaltigen Onlineshop.\",\"breadcrumb\":{\"@id\":\"https:\\\/\\\/wein-werte.com\\\/de\\\/produkt\\\/valdemonjas-abri-las-alas-i-opened-my-wings-2022-750ml\\\/#breadcrumb\"},\"inLanguage\":\"de\",\"potentialAction\":[{\"@type\":\"ReadAction\",\"target\":[\"https:\\\/\\\/wein-werte.com\\\/de\\\/produkt\\\/valdemonjas-abri-las-alas-i-opened-my-wings-2022-750ml\\\/\"]}]},{\"@type\":\"ImageObject\",\"inLanguage\":\"de\",\"@id\":\"https:\\\/\\\/wein-werte.com\\\/de\\\/produkt\\\/valdemonjas-abri-las-alas-i-opened-my-wings-2022-750ml\\\/#primaryimage\",\"url\":\"https:\\\/\\\/wein-werte.com\\\/wp-content\\\/uploads\\\/2026\\\/04\\\/Valdemonjas-Abri-Las-Alas-I-Opened-My-Wings-2022-750ml.png\",\"contentUrl\":\"https:\\\/\\\/wein-werte.com\\\/wp-content\\\/uploads\\\/2026\\\/04\\\/Valdemonjas-Abri-Las-Alas-I-Opened-My-Wings-2022-750ml.png\",\"width\":311,\"height\":1200,\"caption\":\"Valdemonjas Abr\u00ed Las Alas - I Opened My Wings 2022 750ml\"},{\"@type\":\"BreadcrumbList\",\"@id\":\"https:\\\/\\\/wein-werte.com\\\/de\\\/produkt\\\/valdemonjas-abri-las-alas-i-opened-my-wings-2022-750ml\\\/#breadcrumb\",\"itemListElement\":[{\"@type\":\"ListItem\",\"position\":1,\"name\":\"Home\",\"item\":\"https:\\\/\\\/wein-werte.com\\\/de\\\/\"},{\"@type\":\"ListItem\",\"position\":2,\"name\":\"Shop\",\"item\":\"https:\\\/\\\/wein-werte.com\\\/de\\\/shop\\\/\"},{\"@type\":\"ListItem\",\"position\":3,\"name\":\"Valdemonjas | Ribera del Duero | Abr\u00ed Las Alas &#8211; I Opened My Wings | 2022 | 750ml | bio\"}]},{\"@type\":\"WebSite\",\"@id\":\"https:\\\/\\\/wein-werte.com\\\/de\\\/#website\",\"url\":\"https:\\\/\\\/wein-werte.com\\\/de\\\/\",\"name\":\"Wein Werte\",\"description\":\"\",\"publisher\":{\"@id\":\"https:\\\/\\\/wein-werte.com\\\/de\\\/#organization\"},\"potentialAction\":[{\"@type\":\"SearchAction\",\"target\":{\"@type\":\"EntryPoint\",\"urlTemplate\":\"https:\\\/\\\/wein-werte.com\\\/de\\\/?s={search_term_string}\"},\"query-input\":{\"@type\":\"PropertyValueSpecification\",\"valueRequired\":true,\"valueName\":\"search_term_string\"}}],\"inLanguage\":\"de\"},{\"@type\":\"Organization\",\"@id\":\"https:\\\/\\\/wein-werte.com\\\/de\\\/#organization\",\"name\":\"Vins Fins Thorrold\",\"url\":\"https:\\\/\\\/wein-werte.com\\\/de\\\/\",\"logo\":{\"@type\":\"ImageObject\",\"inLanguage\":\"de\",\"@id\":\"https:\\\/\\\/wein-werte.com\\\/de\\\/#\\\/schema\\\/logo\\\/image\\\/\",\"url\":\"https:\\\/\\\/wein-werte.com\\\/wp-content\\\/uploads\\\/2023\\\/07\\\/Wein_werte_Logo700-1.png\",\"contentUrl\":\"https:\\\/\\\/wein-werte.com\\\/wp-content\\\/uploads\\\/2023\\\/07\\\/Wein_werte_Logo700-1.png\",\"width\":700,\"height\":272,\"caption\":\"Vins Fins Thorrold\"},\"image\":{\"@id\":\"https:\\\/\\\/wein-werte.com\\\/de\\\/#\\\/schema\\\/logo\\\/image\\\/\"}}]}<\/script>\n<!-- \/ Yoast SEO plugin. -->","yoast_head_json":{"title":"Valdemonjas Abr\u00ed Las Alas - I Opened My Wings 2022","description":"Kaufe Valdemonjas Abr\u00ed Las Alas - I Opened My Wings 2022 (Tempranillo, trocken aus Ribera del Duero, Spanien) bei Wein Werte, Ihrem nachhaltigen Onlineshop.","robots":{"index":"index","follow":"follow","max-snippet":"max-snippet:-1","max-image-preview":"max-image-preview:large","max-video-preview":"max-video-preview:-1"},"canonical":"https:\/\/wein-werte.com\/de\/produkt\/valdemonjas-abri-las-alas-i-opened-my-wings-2022-750ml\/","og_locale":"de_DE","og_type":"article","og_title":"Valdemonjas Abr\u00ed Las Alas - I Opened My Wings 2022","og_description":"Kaufe Valdemonjas Abr\u00ed Las Alas - I Opened My Wings 2022 (Tempranillo, trocken aus Ribera del Duero, Spanien) bei Wein Werte, Ihrem nachhaltigen Onlineshop.","og_url":"https:\/\/wein-werte.com\/de\/produkt\/valdemonjas-abri-las-alas-i-opened-my-wings-2022-750ml\/","og_site_name":"Wein Werte","og_image":[{"width":311,"height":1200,"url":"https:\/\/wein-werte.com\/wp-content\/uploads\/2026\/04\/Valdemonjas-Abri-Las-Alas-I-Opened-My-Wings-2022-750ml.png","type":"image\/png"}],"twitter_card":"summary_large_image","twitter_misc":{"Gesch\u00e4tzte Lesezeit":"1\u00a0Minute"},"schema":{"@context":"https:\/\/schema.org","@graph":[{"@type":"WebPage","@id":"https:\/\/wein-werte.com\/de\/produkt\/valdemonjas-abri-las-alas-i-opened-my-wings-2022-750ml\/","url":"https:\/\/wein-werte.com\/de\/produkt\/valdemonjas-abri-las-alas-i-opened-my-wings-2022-750ml\/","name":"Valdemonjas Abr\u00ed Las Alas - I Opened My Wings 2022","isPartOf":{"@id":"https:\/\/wein-werte.com\/de\/#website"},"primaryImageOfPage":{"@id":"https:\/\/wein-werte.com\/de\/produkt\/valdemonjas-abri-las-alas-i-opened-my-wings-2022-750ml\/#primaryimage"},"image":{"@id":"https:\/\/wein-werte.com\/de\/produkt\/valdemonjas-abri-las-alas-i-opened-my-wings-2022-750ml\/#primaryimage"},"thumbnailUrl":"https:\/\/wein-werte.com\/wp-content\/uploads\/2026\/04\/Valdemonjas-Abri-Las-Alas-I-Opened-My-Wings-2022-750ml.png","datePublished":"2026-05-05T16:26:33+00:00","description":"Kaufe Valdemonjas Abr\u00ed Las Alas - I Opened My Wings 2022 (Tempranillo, trocken aus Ribera del Duero, Spanien) bei Wein Werte, Ihrem nachhaltigen Onlineshop.","breadcrumb":{"@id":"https:\/\/wein-werte.com\/de\/produkt\/valdemonjas-abri-las-alas-i-opened-my-wings-2022-750ml\/#breadcrumb"},"inLanguage":"de","potentialAction":[{"@type":"ReadAction","target":["https:\/\/wein-werte.com\/de\/produkt\/valdemonjas-abri-las-alas-i-opened-my-wings-2022-750ml\/"]}]},{"@type":"ImageObject","inLanguage":"de","@id":"https:\/\/wein-werte.com\/de\/produkt\/valdemonjas-abri-las-alas-i-opened-my-wings-2022-750ml\/#primaryimage","url":"https:\/\/wein-werte.com\/wp-content\/uploads\/2026\/04\/Valdemonjas-Abri-Las-Alas-I-Opened-My-Wings-2022-750ml.png","contentUrl":"https:\/\/wein-werte.com\/wp-content\/uploads\/2026\/04\/Valdemonjas-Abri-Las-Alas-I-Opened-My-Wings-2022-750ml.png","width":311,"height":1200,"caption":"Valdemonjas Abr\u00ed Las Alas - I Opened My Wings 2022 750ml"},{"@type":"BreadcrumbList","@id":"https:\/\/wein-werte.com\/de\/produkt\/valdemonjas-abri-las-alas-i-opened-my-wings-2022-750ml\/#breadcrumb","itemListElement":[{"@type":"ListItem","position":1,"name":"Home","item":"https:\/\/wein-werte.com\/de\/"},{"@type":"ListItem","position":2,"name":"Shop","item":"https:\/\/wein-werte.com\/de\/shop\/"},{"@type":"ListItem","position":3,"name":"Valdemonjas | Ribera del Duero | Abr\u00ed Las Alas &#8211; I Opened My Wings | 2022 | 750ml | bio"}]},{"@type":"WebSite","@id":"https:\/\/wein-werte.com\/de\/#website","url":"https:\/\/wein-werte.com\/de\/","name":"Wein Werte","description":"","publisher":{"@id":"https:\/\/wein-werte.com\/de\/#organization"},"potentialAction":[{"@type":"SearchAction","target":{"@type":"EntryPoint","urlTemplate":"https:\/\/wein-werte.com\/de\/?s={search_term_string}"},"query-input":{"@type":"PropertyValueSpecification","valueRequired":true,"valueName":"search_term_string"}}],"inLanguage":"de"},{"@type":"Organization","@id":"https:\/\/wein-werte.com\/de\/#organization","name":"Vins Fins Thorrold","url":"https:\/\/wein-werte.com\/de\/","logo":{"@type":"ImageObject","inLanguage":"de","@id":"https:\/\/wein-werte.com\/de\/#\/schema\/logo\/image\/","url":"https:\/\/wein-werte.com\/wp-content\/uploads\/2023\/07\/Wein_werte_Logo700-1.png","contentUrl":"https:\/\/wein-werte.com\/wp-content\/uploads\/2023\/07\/Wein_werte_Logo700-1.png","width":700,"height":272,"caption":"Vins Fins Thorrold"},"image":{"@id":"https:\/\/wein-werte.com\/de\/#\/schema\/logo\/image\/"}}]}},"_links":{"self":[{"href":"https:\/\/wein-werte.com\/de\/wp-json\/wp\/v2\/product\/1133515","targetHints":{"allow":["GET"]}}],"collection":[{"href":"https:\/\/wein-werte.com\/de\/wp-json\/wp\/v2\/product"}],"about":[{"href":"https:\/\/wein-werte.com\/de\/wp-json\/wp\/v2\/types\/product"}],"wp:featuredmedia":[{"embeddable":true,"href":"https:\/\/wein-werte.com\/de\/wp-json\/wp\/v2\/media\/1143920"}],"wp:attachment":[{"href":"https:\/\/wein-werte.com\/de\/wp-json\/wp\/v2\/media?parent=1133515"}],"wp:term":[{"taxonomy":"product_brand","embeddable":true,"href":"https:\/\/wein-werte.com\/de\/wp-json\/wp\/v2\/product_brand?post=1133515"},{"taxonomy":"product_cat","embeddable":true,"href":"https:\/\/wein-werte.com\/de\/wp-json\/wp\/v2\/product_cat?post=1133515"},{"taxonomy":"product_tag","embeddable":true,"href":"https:\/\/wein-werte.com\/de\/wp-json\/wp\/v2\/product_tag?post=1133515"}],"curies":[{"name":"wp","href":"https:\/\/api.w.org\/{rel}","templated":true}]}}