{"id":1133510,"date":"2026-05-08T20:06:01","date_gmt":"2026-05-08T18:06:01","guid":{"rendered":"https:\/\/wein-werte.com\/product\/valdemonjas-entre-palabras-between-words-2021-750ml\/"},"modified":"2026-04-27T11:50:44","modified_gmt":"2026-04-27T09:50:44","slug":"valdemonjas-entre-palabras-between-words-2021-750ml","status":"publish","type":"product","link":"https:\/\/wein-werte.com\/de\/produkt\/valdemonjas-entre-palabras-between-words-2021-750ml\/","title":{"rendered":"Valdemonjas | Ribera del Duero | Entre Palabras &#8211; Between Words | 2021 | 750ml | bio"},"content":{"rendered":"<p>Produktbeschreibung f\u00fcr Valdemonjas Entre Palabras &#8211; Between Words 2021 (bio) <\/p>\n<h5>Informationen zum Wein<\/h5>\n<p> Entre Palabras 2021 ist ein bio-zertifizierter, reinsortiger Tempranillo aus Ribera del Duero. Die Reben wachsen auf knapp 800 Metern H\u00f6he auf kalkhaltigen B\u00f6den. Diese Kombination von H\u00f6henlage und Boden tr\u00e4gt dazu bei, den S\u00e4uregehalt der Trauben zu erhalten. Wie das Weingut Valdemonjas generell einen Fokus auf Frische richtet und sich praktisch alle Gew\u00e4chse der Bodega durch einen geradlinigen, knackigen und pr\u00e4zisen Stil auszeichnen. Entre Palabras wurde in Stahl- und Betontanks vergoren, der Rotwein reifte anschlie\u00dfend in Eichenf\u00e4ssern unterschiedlicher Gr\u00f6\u00dfe. <\/p>\n<h5>Farbe<\/h5>\n<p> Kirschrot <\/p>\n<h5>Nase<\/h5>\n<p> In der Nase ist dieser Wein frisch und mineralisch, beinahe k\u00fchl anmutend, eher nach roten als nach dunklen Fr\u00fcchten duftend. Ein wenig Vanille vom Fassausbau kommt im Bukett ebenfalls durch, die Holznote ist aber sch\u00f6n eingebunden und die Balance insgesamt tiptop. <\/p>\n<h5>Gaumen<\/h5>\n<p> Wie schon in der Nase ist die Mineralit\u00e4t auch am Gaumen ein Markenzeichen dieses Weins. Die Frucht ist knackig, das kreidige Tannin feink\u00f6rnig und elegant. Trotz der hohen Konzentration und Intensit\u00e4t wirkt dieser Rotwein keineswegs \u00fcppig, er hat vielmehr einen straffen Zug, Spannung und Trinkfluss. Eine gewisse jugendliche Zur\u00fcckhaltung ist ihm noch anzumerken, die Aromatik vielleicht noch etwas verschlossen. Aber diese Kargheit hat auch ihren Reiz, denn der Wein wirkt dadurch sehr klar konturiert und definiert. Zum jetzigen Zeitpunkt empfiehlt es sich diesen Rotwein zu bel\u00fcften. <\/p>\n<p>Copyright Vinaturel 2025<\/p>\n<p>Keywords: <a href=\"https:\/\/wein-werte.com\/de\/shop\/?swoof=1&#038;pa_producer=Valdemonjas\">Valdemonjas<\/a> <a href=\"https:\/\/wein-werte.com\/de\/shop\/?swoof=1&#038;woof_text=Entre Palabras - Between Words\">Entre Palabras &#8211; Between Words<\/a> 2021 bio <a href=\"https:\/\/wein-werte.com\/de\/shop\/?swoof=1&#038;pa_region=Ribera del Duero\">Ribera-del-Duero<\/a> <a href=\"https:\/\/wein-werte.com\/de\/shop\/?swoof=1&#038;pa_country=Spanien\">Spanien<\/a><\/p>\n<p>Internetseite des Weinguts: <a href=\"https:\/\/www.valdemonjas.com\/\" target=\"_blank\">https:\/\/www.valdemonjas.com\/<\/a><\/p>\n","protected":false},"excerpt":{"rendered":"<p>Lieferzeit: 1 bis 2 Arbeitstage (DE), 2 bis 5 Arbeitstage (EU and CH)<\/p>\n","protected":false},"featured_media":1143916,"template":"","meta":[],"product_brand":[],"product_cat":[19],"product_tag":[],"class_list":{"0":"post-1133510","1":"product","2":"type-product","3":"status-publish","4":"has-post-thumbnail","6":"product_cat-unkategorisiert","7":"pa_alcohol-for-filter-12892","8":"pa_certified-biodynamic-nein-de","9":"pa_certified-organic-ja-de","10":"pa_colour-rot","11":"pa_country-spanien","12":"pa_grape-tempranillo","13":"pa_price-for-filter-10597","14":"pa_producer-valdemonjas","15":"pa_region-ribera-del-duero","16":"pa_size-ml-6584","17":"pa_sweetness-trocken-de","18":"pa_type-2-still-de","19":"pa_vintage-2021-de","20":"entry","21":"has-media","23":"first","24":"instock","25":"taxable","26":"shipping-taxable","27":"purchasable","28":"product-type-simple"},"yoast_head":"<!-- This site is optimized with the Yoast SEO plugin v27.5 - https:\/\/yoast.com\/product\/yoast-seo-wordpress\/ -->\n<title>Valdemonjas Entre Palabras - Between Words 2021<\/title>\n<meta name=\"description\" content=\"Kaufe Valdemonjas Entre Palabras - Between Words 2021 (Tempranillo, trocken aus Ribera del Duero, Spanien) bei Wein Werte, Ihrem nachhaltigen Onlineshop.\" \/>\n<meta name=\"robots\" content=\"index, follow, max-snippet:-1, max-image-preview:large, max-video-preview:-1\" \/>\n<link rel=\"canonical\" href=\"https:\/\/wein-werte.com\/de\/produkt\/valdemonjas-entre-palabras-between-words-2021-750ml\/\" \/>\n<meta property=\"og:locale\" content=\"de_DE\" \/>\n<meta property=\"og:type\" content=\"article\" \/>\n<meta property=\"og:title\" content=\"Valdemonjas Entre Palabras - Between Words 2021\" \/>\n<meta property=\"og:description\" content=\"Kaufe Valdemonjas Entre Palabras - Between Words 2021 (Tempranillo, trocken aus Ribera del Duero, Spanien) bei Wein Werte, Ihrem nachhaltigen Onlineshop.\" \/>\n<meta property=\"og:url\" content=\"https:\/\/wein-werte.com\/de\/produkt\/valdemonjas-entre-palabras-between-words-2021-750ml\/\" \/>\n<meta property=\"og:site_name\" content=\"Wein Werte\" \/>\n<meta property=\"og:image\" content=\"https:\/\/wein-werte.com\/wp-content\/uploads\/2026\/04\/Valdemonjas-Entre-Palabras-Between-Words-2021-750ml.png\" \/>\n\t<meta property=\"og:image:width\" content=\"320\" \/>\n\t<meta property=\"og:image:height\" content=\"1200\" \/>\n\t<meta property=\"og:image:type\" content=\"image\/png\" \/>\n<meta name=\"twitter:card\" content=\"summary_large_image\" \/>\n<meta name=\"twitter:label1\" content=\"Gesch\u00e4tzte Lesezeit\" \/>\n\t<meta name=\"twitter:data1\" content=\"1\u00a0Minute\" \/>\n<script type=\"application\/ld+json\" class=\"yoast-schema-graph\">{\"@context\":\"https:\\\/\\\/schema.org\",\"@graph\":[{\"@type\":\"WebPage\",\"@id\":\"https:\\\/\\\/wein-werte.com\\\/de\\\/produkt\\\/valdemonjas-entre-palabras-between-words-2021-750ml\\\/\",\"url\":\"https:\\\/\\\/wein-werte.com\\\/de\\\/produkt\\\/valdemonjas-entre-palabras-between-words-2021-750ml\\\/\",\"name\":\"Valdemonjas Entre Palabras - Between Words 2021\",\"isPartOf\":{\"@id\":\"https:\\\/\\\/wein-werte.com\\\/de\\\/#website\"},\"primaryImageOfPage\":{\"@id\":\"https:\\\/\\\/wein-werte.com\\\/de\\\/produkt\\\/valdemonjas-entre-palabras-between-words-2021-750ml\\\/#primaryimage\"},\"image\":{\"@id\":\"https:\\\/\\\/wein-werte.com\\\/de\\\/produkt\\\/valdemonjas-entre-palabras-between-words-2021-750ml\\\/#primaryimage\"},\"thumbnailUrl\":\"https:\\\/\\\/wein-werte.com\\\/wp-content\\\/uploads\\\/2026\\\/04\\\/Valdemonjas-Entre-Palabras-Between-Words-2021-750ml.png\",\"datePublished\":\"2026-05-08T18:06:01+00:00\",\"description\":\"Kaufe Valdemonjas Entre Palabras - Between Words 2021 (Tempranillo, trocken aus Ribera del Duero, Spanien) bei Wein Werte, Ihrem nachhaltigen Onlineshop.\",\"breadcrumb\":{\"@id\":\"https:\\\/\\\/wein-werte.com\\\/de\\\/produkt\\\/valdemonjas-entre-palabras-between-words-2021-750ml\\\/#breadcrumb\"},\"inLanguage\":\"de\",\"potentialAction\":[{\"@type\":\"ReadAction\",\"target\":[\"https:\\\/\\\/wein-werte.com\\\/de\\\/produkt\\\/valdemonjas-entre-palabras-between-words-2021-750ml\\\/\"]}]},{\"@type\":\"ImageObject\",\"inLanguage\":\"de\",\"@id\":\"https:\\\/\\\/wein-werte.com\\\/de\\\/produkt\\\/valdemonjas-entre-palabras-between-words-2021-750ml\\\/#primaryimage\",\"url\":\"https:\\\/\\\/wein-werte.com\\\/wp-content\\\/uploads\\\/2026\\\/04\\\/Valdemonjas-Entre-Palabras-Between-Words-2021-750ml.png\",\"contentUrl\":\"https:\\\/\\\/wein-werte.com\\\/wp-content\\\/uploads\\\/2026\\\/04\\\/Valdemonjas-Entre-Palabras-Between-Words-2021-750ml.png\",\"width\":320,\"height\":1200,\"caption\":\"Valdemonjas Entre Palabras - Between Words 2021 750ml\"},{\"@type\":\"BreadcrumbList\",\"@id\":\"https:\\\/\\\/wein-werte.com\\\/de\\\/produkt\\\/valdemonjas-entre-palabras-between-words-2021-750ml\\\/#breadcrumb\",\"itemListElement\":[{\"@type\":\"ListItem\",\"position\":1,\"name\":\"Home\",\"item\":\"https:\\\/\\\/wein-werte.com\\\/de\\\/\"},{\"@type\":\"ListItem\",\"position\":2,\"name\":\"Shop\",\"item\":\"https:\\\/\\\/wein-werte.com\\\/de\\\/shop\\\/\"},{\"@type\":\"ListItem\",\"position\":3,\"name\":\"Valdemonjas | Ribera del Duero | Entre Palabras &#8211; Between Words | 2021 | 750ml | bio\"}]},{\"@type\":\"WebSite\",\"@id\":\"https:\\\/\\\/wein-werte.com\\\/de\\\/#website\",\"url\":\"https:\\\/\\\/wein-werte.com\\\/de\\\/\",\"name\":\"Wein Werte\",\"description\":\"\",\"publisher\":{\"@id\":\"https:\\\/\\\/wein-werte.com\\\/de\\\/#organization\"},\"potentialAction\":[{\"@type\":\"SearchAction\",\"target\":{\"@type\":\"EntryPoint\",\"urlTemplate\":\"https:\\\/\\\/wein-werte.com\\\/de\\\/?s={search_term_string}\"},\"query-input\":{\"@type\":\"PropertyValueSpecification\",\"valueRequired\":true,\"valueName\":\"search_term_string\"}}],\"inLanguage\":\"de\"},{\"@type\":\"Organization\",\"@id\":\"https:\\\/\\\/wein-werte.com\\\/de\\\/#organization\",\"name\":\"Vins Fins Thorrold\",\"url\":\"https:\\\/\\\/wein-werte.com\\\/de\\\/\",\"logo\":{\"@type\":\"ImageObject\",\"inLanguage\":\"de\",\"@id\":\"https:\\\/\\\/wein-werte.com\\\/de\\\/#\\\/schema\\\/logo\\\/image\\\/\",\"url\":\"https:\\\/\\\/wein-werte.com\\\/wp-content\\\/uploads\\\/2023\\\/07\\\/Wein_werte_Logo700-1.png\",\"contentUrl\":\"https:\\\/\\\/wein-werte.com\\\/wp-content\\\/uploads\\\/2023\\\/07\\\/Wein_werte_Logo700-1.png\",\"width\":700,\"height\":272,\"caption\":\"Vins Fins Thorrold\"},\"image\":{\"@id\":\"https:\\\/\\\/wein-werte.com\\\/de\\\/#\\\/schema\\\/logo\\\/image\\\/\"}}]}<\/script>\n<!-- \/ Yoast SEO plugin. -->","yoast_head_json":{"title":"Valdemonjas Entre Palabras - Between Words 2021","description":"Kaufe Valdemonjas Entre Palabras - Between Words 2021 (Tempranillo, trocken aus Ribera del Duero, Spanien) bei Wein Werte, Ihrem nachhaltigen Onlineshop.","robots":{"index":"index","follow":"follow","max-snippet":"max-snippet:-1","max-image-preview":"max-image-preview:large","max-video-preview":"max-video-preview:-1"},"canonical":"https:\/\/wein-werte.com\/de\/produkt\/valdemonjas-entre-palabras-between-words-2021-750ml\/","og_locale":"de_DE","og_type":"article","og_title":"Valdemonjas Entre Palabras - Between Words 2021","og_description":"Kaufe Valdemonjas Entre Palabras - Between Words 2021 (Tempranillo, trocken aus Ribera del Duero, Spanien) bei Wein Werte, Ihrem nachhaltigen Onlineshop.","og_url":"https:\/\/wein-werte.com\/de\/produkt\/valdemonjas-entre-palabras-between-words-2021-750ml\/","og_site_name":"Wein Werte","og_image":[{"width":320,"height":1200,"url":"https:\/\/wein-werte.com\/wp-content\/uploads\/2026\/04\/Valdemonjas-Entre-Palabras-Between-Words-2021-750ml.png","type":"image\/png"}],"twitter_card":"summary_large_image","twitter_misc":{"Gesch\u00e4tzte Lesezeit":"1\u00a0Minute"},"schema":{"@context":"https:\/\/schema.org","@graph":[{"@type":"WebPage","@id":"https:\/\/wein-werte.com\/de\/produkt\/valdemonjas-entre-palabras-between-words-2021-750ml\/","url":"https:\/\/wein-werte.com\/de\/produkt\/valdemonjas-entre-palabras-between-words-2021-750ml\/","name":"Valdemonjas Entre Palabras - Between Words 2021","isPartOf":{"@id":"https:\/\/wein-werte.com\/de\/#website"},"primaryImageOfPage":{"@id":"https:\/\/wein-werte.com\/de\/produkt\/valdemonjas-entre-palabras-between-words-2021-750ml\/#primaryimage"},"image":{"@id":"https:\/\/wein-werte.com\/de\/produkt\/valdemonjas-entre-palabras-between-words-2021-750ml\/#primaryimage"},"thumbnailUrl":"https:\/\/wein-werte.com\/wp-content\/uploads\/2026\/04\/Valdemonjas-Entre-Palabras-Between-Words-2021-750ml.png","datePublished":"2026-05-08T18:06:01+00:00","description":"Kaufe Valdemonjas Entre Palabras - Between Words 2021 (Tempranillo, trocken aus Ribera del Duero, Spanien) bei Wein Werte, Ihrem nachhaltigen Onlineshop.","breadcrumb":{"@id":"https:\/\/wein-werte.com\/de\/produkt\/valdemonjas-entre-palabras-between-words-2021-750ml\/#breadcrumb"},"inLanguage":"de","potentialAction":[{"@type":"ReadAction","target":["https:\/\/wein-werte.com\/de\/produkt\/valdemonjas-entre-palabras-between-words-2021-750ml\/"]}]},{"@type":"ImageObject","inLanguage":"de","@id":"https:\/\/wein-werte.com\/de\/produkt\/valdemonjas-entre-palabras-between-words-2021-750ml\/#primaryimage","url":"https:\/\/wein-werte.com\/wp-content\/uploads\/2026\/04\/Valdemonjas-Entre-Palabras-Between-Words-2021-750ml.png","contentUrl":"https:\/\/wein-werte.com\/wp-content\/uploads\/2026\/04\/Valdemonjas-Entre-Palabras-Between-Words-2021-750ml.png","width":320,"height":1200,"caption":"Valdemonjas Entre Palabras - Between Words 2021 750ml"},{"@type":"BreadcrumbList","@id":"https:\/\/wein-werte.com\/de\/produkt\/valdemonjas-entre-palabras-between-words-2021-750ml\/#breadcrumb","itemListElement":[{"@type":"ListItem","position":1,"name":"Home","item":"https:\/\/wein-werte.com\/de\/"},{"@type":"ListItem","position":2,"name":"Shop","item":"https:\/\/wein-werte.com\/de\/shop\/"},{"@type":"ListItem","position":3,"name":"Valdemonjas | Ribera del Duero | Entre Palabras &#8211; Between Words | 2021 | 750ml | bio"}]},{"@type":"WebSite","@id":"https:\/\/wein-werte.com\/de\/#website","url":"https:\/\/wein-werte.com\/de\/","name":"Wein Werte","description":"","publisher":{"@id":"https:\/\/wein-werte.com\/de\/#organization"},"potentialAction":[{"@type":"SearchAction","target":{"@type":"EntryPoint","urlTemplate":"https:\/\/wein-werte.com\/de\/?s={search_term_string}"},"query-input":{"@type":"PropertyValueSpecification","valueRequired":true,"valueName":"search_term_string"}}],"inLanguage":"de"},{"@type":"Organization","@id":"https:\/\/wein-werte.com\/de\/#organization","name":"Vins Fins Thorrold","url":"https:\/\/wein-werte.com\/de\/","logo":{"@type":"ImageObject","inLanguage":"de","@id":"https:\/\/wein-werte.com\/de\/#\/schema\/logo\/image\/","url":"https:\/\/wein-werte.com\/wp-content\/uploads\/2023\/07\/Wein_werte_Logo700-1.png","contentUrl":"https:\/\/wein-werte.com\/wp-content\/uploads\/2023\/07\/Wein_werte_Logo700-1.png","width":700,"height":272,"caption":"Vins Fins Thorrold"},"image":{"@id":"https:\/\/wein-werte.com\/de\/#\/schema\/logo\/image\/"}}]}},"_links":{"self":[{"href":"https:\/\/wein-werte.com\/de\/wp-json\/wp\/v2\/product\/1133510","targetHints":{"allow":["GET"]}}],"collection":[{"href":"https:\/\/wein-werte.com\/de\/wp-json\/wp\/v2\/product"}],"about":[{"href":"https:\/\/wein-werte.com\/de\/wp-json\/wp\/v2\/types\/product"}],"wp:featuredmedia":[{"embeddable":true,"href":"https:\/\/wein-werte.com\/de\/wp-json\/wp\/v2\/media\/1143916"}],"wp:attachment":[{"href":"https:\/\/wein-werte.com\/de\/wp-json\/wp\/v2\/media?parent=1133510"}],"wp:term":[{"taxonomy":"product_brand","embeddable":true,"href":"https:\/\/wein-werte.com\/de\/wp-json\/wp\/v2\/product_brand?post=1133510"},{"taxonomy":"product_cat","embeddable":true,"href":"https:\/\/wein-werte.com\/de\/wp-json\/wp\/v2\/product_cat?post=1133510"},{"taxonomy":"product_tag","embeddable":true,"href":"https:\/\/wein-werte.com\/de\/wp-json\/wp\/v2\/product_tag?post=1133510"}],"curies":[{"name":"wp","href":"https:\/\/api.w.org\/{rel}","templated":true}]}}