{"id":1133503,"date":"2026-05-05T18:26:33","date_gmt":"2026-05-05T16:26:33","guid":{"rendered":"https:\/\/wein-werte.com\/product\/valdemonjas-abri-las-alas-i-opened-my-wings-2019-750ml\/"},"modified":"2026-04-27T11:50:43","modified_gmt":"2026-04-27T09:50:43","slug":"valdemonjas-abri-las-alas-i-opened-my-wings-2019-750ml","status":"publish","type":"product","link":"https:\/\/wein-werte.com\/de\/produkt\/valdemonjas-abri-las-alas-i-opened-my-wings-2019-750ml\/","title":{"rendered":"Valdemonjas | Ribera del Duero | Abr\u00ed Las Alas &#8211; I Opened My Wings | 2019 | 750ml | bio"},"content":{"rendered":"<p>Produktbeschreibung f\u00fcr Valdemonjas Abr\u00ed Las Alas &#8211; I Opened My Wings 2019 (bio)<\/p>\n<p> Marian Hen\u00df: \u00c4u\u00dferst elegant gekleidet stolziert dieser Tempranillo. K\u00fchle Mineralit\u00e4t breitet sich am Gaumen aus. Die Frucht zeigt sich voll und satt. Die Aromen der Nase sind bestens wieder zu entdecken. Ein sehr feink\u00f6rniges Tannin gibt dem Ganzen Struktur und Spannung. Das Tempranillo als Basis gro\u00dfer Rotweine dienen kann, ist vielfach bewiesen. Diese kalkige Reinheit, die k\u00fchle Eleganz, die perfekte Mineralit\u00e4t und das feine Tannin in Kombination ergeben gemeinsam eine Symbiose, die dem extrovertiert-galanten Auftritt dieses Weines \u00e4u\u00dferst angemessen erscheint. Gro\u00dfes Kino. <\/p>\n<h5>Info<\/h5>\n<p> Abri Las Alas ist die Spitzen-Cuv\u00e9e von Luca d\u00b4Attomo im Ribera del Duero. 100% Tempranillo. 19 Monate Reife in kleinen Eichenf\u00e4ssern franz\u00f6sischer Eiche. 1100 Flaschen wurden abgef\u00fcllt. Ich durfte Flasche 842 verkosten. <\/p>\n<h5>Farbe<\/h5>\n<p> Sattes Schwarzrot, violette Reflexe <\/p>\n<h5>Nase<\/h5>\n<p> Tinta Fina &#8211; auch Tempranillo genannt \u2013 kann in der Nase so bet\u00f6rend und einladend sein. Kokosflocken, ein Hauch von Vanille und schwarzer Pfeffer wirken richtungsweisend. Zimtpflaumen, Zimtabrieb und Nelken lassen einen stark in die kalte Jahreszeit abdriften. S\u00fc\u00dfkirschen, Brombeere, Cassis und Holunder er\u00f6ffnen dann eine offene und ausladend fruchtige Art. Veilchen und Flieder schwirren im Hintergrund im Glas umher. Mediterrane Akzente setzt er durch Salbei und Rosmarin. Minze und Eukalyptus sorgen f\u00fcr die n\u00f6tige Frische. Tannennadeln und der Duft von Kiefernw\u00e4ldern verteilen sich nun um Glas. Die R\u00f6staromen sind so genial balanciert, dass sie nicht im Ansatz \u00fcberlagernd wirken. <\/p>\n<h5>Gaumen<\/h5>\n<p> Am Gaumen l\u00e4uft er dann zur H\u00f6chstform auf. Wie Seide flie\u00dft er \u00fcber den Gaumen. Erhaben, majest\u00e4tisch und gro\u00dfz\u00fcgig. Ein ganz feink\u00f6rniges Tannin umh\u00fcllt dabei den Gaumen. Er wirkt fleischig in seiner Textur und blutig zugleich. Die Mineralit\u00e4t gepaart mit einer sehr gut eingebundenen S\u00e4ure liefern sich ein Wechselbad. Diese beiden Protagonisten pr\u00e4gen das Mundgef\u00fchl deutlich. Durch die S\u00e4ure wirkt er enorm saftig und animierend. Ein Schluck Abri Las Alas gleicht einem Biss in eine Hand volle frischer Beeren. Luca d\u00b4Attomo beherrscht das Integrieren von Holz wie kaum ein anderer. Leichte Bitterstoffe sowie etherische Noten regen zus\u00e4tzlich den Trinkfluss an.<\/p>\n<p>Copyright Vinaturel 2025<\/p>\n<p>Keywords: <a href=\"https:\/\/wein-werte.com\/de\/shop\/?swoof=1&#038;pa_producer=Valdemonjas\">Valdemonjas<\/a> <a href=\"https:\/\/wein-werte.com\/de\/shop\/?swoof=1&#038;woof_text=Abr\u00ed Las Alas - I Opened My Wings\">Abr\u00ed Las Alas &#8211; I Opened My Wings<\/a> 2019 bio <a href=\"https:\/\/wein-werte.com\/de\/shop\/?swoof=1&#038;pa_region=Ribera del Duero\">Ribera-del-Duero<\/a> <a href=\"https:\/\/wein-werte.com\/de\/shop\/?swoof=1&#038;pa_country=Spanien\">Spanien<\/a><\/p>\n<p>Internetseite des Weinguts: <a href=\"https:\/\/www.valdemonjas.com\/\" target=\"_blank\">https:\/\/www.valdemonjas.com\/<\/a><\/p>\n","protected":false},"excerpt":{"rendered":"<p>Lieferzeit: 1 bis 2 Arbeitstage (DE), 2 bis 5 Arbeitstage (EU and CH)<\/p>\n","protected":false},"featured_media":1143910,"template":"","meta":[],"product_brand":[],"product_cat":[19],"product_tag":[],"class_list":{"0":"post-1133503","1":"product","2":"type-product","3":"status-publish","4":"has-post-thumbnail","6":"product_cat-unkategorisiert","7":"pa_alcohol-for-filter-12894","8":"pa_certified-biodynamic-nein-de","9":"pa_certified-organic-ja-de","10":"pa_colour-rot","11":"pa_country-spanien","12":"pa_grape-tempranillo","13":"pa_price-for-filter-10691","14":"pa_producer-valdemonjas","15":"pa_region-ribera-del-duero","16":"pa_size-ml-6584","17":"pa_sweetness-trocken-de","18":"pa_type-2-still-de","19":"pa_vintage-2019-de","20":"entry","21":"has-media","23":"first","24":"instock","25":"taxable","26":"shipping-taxable","27":"purchasable","28":"product-type-simple"},"yoast_head":"<!-- This site is optimized with the Yoast SEO plugin v27.5 - https:\/\/yoast.com\/product\/yoast-seo-wordpress\/ -->\n<title>Valdemonjas Abr\u00ed Las Alas - I Opened My Wings 2019<\/title>\n<meta name=\"description\" content=\"Kaufe Valdemonjas Abr\u00ed Las Alas - I Opened My Wings 2019 (Tempranillo, trocken aus Ribera del Duero, Spanien) bei Wein Werte, Ihrem nachhaltigen Onlineshop.\" \/>\n<meta name=\"robots\" content=\"index, follow, max-snippet:-1, max-image-preview:large, max-video-preview:-1\" \/>\n<link rel=\"canonical\" href=\"https:\/\/wein-werte.com\/de\/produkt\/valdemonjas-abri-las-alas-i-opened-my-wings-2019-750ml\/\" \/>\n<meta property=\"og:locale\" content=\"de_DE\" \/>\n<meta property=\"og:type\" content=\"article\" \/>\n<meta property=\"og:title\" content=\"Valdemonjas Abr\u00ed Las Alas - I Opened My Wings 2019\" \/>\n<meta property=\"og:description\" content=\"Kaufe Valdemonjas Abr\u00ed Las Alas - I Opened My Wings 2019 (Tempranillo, trocken aus Ribera del Duero, Spanien) bei Wein Werte, Ihrem nachhaltigen Onlineshop.\" \/>\n<meta property=\"og:url\" content=\"https:\/\/wein-werte.com\/de\/produkt\/valdemonjas-abri-las-alas-i-opened-my-wings-2019-750ml\/\" \/>\n<meta property=\"og:site_name\" content=\"Wein Werte\" \/>\n<meta property=\"og:image\" content=\"https:\/\/wein-werte.com\/wp-content\/uploads\/2026\/04\/Valdemonjas-Abri-Las-Alas-I-Opened-My-Wings-2019-750ml.png\" \/>\n\t<meta property=\"og:image:width\" content=\"308\" \/>\n\t<meta property=\"og:image:height\" content=\"1200\" \/>\n\t<meta property=\"og:image:type\" content=\"image\/png\" \/>\n<meta name=\"twitter:card\" content=\"summary_large_image\" \/>\n<meta name=\"twitter:label1\" content=\"Gesch\u00e4tzte Lesezeit\" \/>\n\t<meta name=\"twitter:data1\" content=\"2\u00a0Minuten\" \/>\n<script type=\"application\/ld+json\" class=\"yoast-schema-graph\">{\"@context\":\"https:\\\/\\\/schema.org\",\"@graph\":[{\"@type\":\"WebPage\",\"@id\":\"https:\\\/\\\/wein-werte.com\\\/de\\\/produkt\\\/valdemonjas-abri-las-alas-i-opened-my-wings-2019-750ml\\\/\",\"url\":\"https:\\\/\\\/wein-werte.com\\\/de\\\/produkt\\\/valdemonjas-abri-las-alas-i-opened-my-wings-2019-750ml\\\/\",\"name\":\"Valdemonjas Abr\u00ed Las Alas - I Opened My Wings 2019\",\"isPartOf\":{\"@id\":\"https:\\\/\\\/wein-werte.com\\\/de\\\/#website\"},\"primaryImageOfPage\":{\"@id\":\"https:\\\/\\\/wein-werte.com\\\/de\\\/produkt\\\/valdemonjas-abri-las-alas-i-opened-my-wings-2019-750ml\\\/#primaryimage\"},\"image\":{\"@id\":\"https:\\\/\\\/wein-werte.com\\\/de\\\/produkt\\\/valdemonjas-abri-las-alas-i-opened-my-wings-2019-750ml\\\/#primaryimage\"},\"thumbnailUrl\":\"https:\\\/\\\/wein-werte.com\\\/wp-content\\\/uploads\\\/2026\\\/04\\\/Valdemonjas-Abri-Las-Alas-I-Opened-My-Wings-2019-750ml.png\",\"datePublished\":\"2026-05-05T16:26:33+00:00\",\"description\":\"Kaufe Valdemonjas Abr\u00ed Las Alas - I Opened My Wings 2019 (Tempranillo, trocken aus Ribera del Duero, Spanien) bei Wein Werte, Ihrem nachhaltigen Onlineshop.\",\"breadcrumb\":{\"@id\":\"https:\\\/\\\/wein-werte.com\\\/de\\\/produkt\\\/valdemonjas-abri-las-alas-i-opened-my-wings-2019-750ml\\\/#breadcrumb\"},\"inLanguage\":\"de\",\"potentialAction\":[{\"@type\":\"ReadAction\",\"target\":[\"https:\\\/\\\/wein-werte.com\\\/de\\\/produkt\\\/valdemonjas-abri-las-alas-i-opened-my-wings-2019-750ml\\\/\"]}]},{\"@type\":\"ImageObject\",\"inLanguage\":\"de\",\"@id\":\"https:\\\/\\\/wein-werte.com\\\/de\\\/produkt\\\/valdemonjas-abri-las-alas-i-opened-my-wings-2019-750ml\\\/#primaryimage\",\"url\":\"https:\\\/\\\/wein-werte.com\\\/wp-content\\\/uploads\\\/2026\\\/04\\\/Valdemonjas-Abri-Las-Alas-I-Opened-My-Wings-2019-750ml.png\",\"contentUrl\":\"https:\\\/\\\/wein-werte.com\\\/wp-content\\\/uploads\\\/2026\\\/04\\\/Valdemonjas-Abri-Las-Alas-I-Opened-My-Wings-2019-750ml.png\",\"width\":308,\"height\":1200,\"caption\":\"Valdemonjas Abr\u00ed Las Alas - I Opened My Wings 2019 750ml\"},{\"@type\":\"BreadcrumbList\",\"@id\":\"https:\\\/\\\/wein-werte.com\\\/de\\\/produkt\\\/valdemonjas-abri-las-alas-i-opened-my-wings-2019-750ml\\\/#breadcrumb\",\"itemListElement\":[{\"@type\":\"ListItem\",\"position\":1,\"name\":\"Home\",\"item\":\"https:\\\/\\\/wein-werte.com\\\/de\\\/\"},{\"@type\":\"ListItem\",\"position\":2,\"name\":\"Shop\",\"item\":\"https:\\\/\\\/wein-werte.com\\\/de\\\/shop\\\/\"},{\"@type\":\"ListItem\",\"position\":3,\"name\":\"Valdemonjas | Ribera del Duero | Abr\u00ed Las Alas &#8211; I Opened My Wings | 2019 | 750ml | bio\"}]},{\"@type\":\"WebSite\",\"@id\":\"https:\\\/\\\/wein-werte.com\\\/de\\\/#website\",\"url\":\"https:\\\/\\\/wein-werte.com\\\/de\\\/\",\"name\":\"Wein Werte\",\"description\":\"\",\"publisher\":{\"@id\":\"https:\\\/\\\/wein-werte.com\\\/de\\\/#organization\"},\"potentialAction\":[{\"@type\":\"SearchAction\",\"target\":{\"@type\":\"EntryPoint\",\"urlTemplate\":\"https:\\\/\\\/wein-werte.com\\\/de\\\/?s={search_term_string}\"},\"query-input\":{\"@type\":\"PropertyValueSpecification\",\"valueRequired\":true,\"valueName\":\"search_term_string\"}}],\"inLanguage\":\"de\"},{\"@type\":\"Organization\",\"@id\":\"https:\\\/\\\/wein-werte.com\\\/de\\\/#organization\",\"name\":\"Vins Fins Thorrold\",\"url\":\"https:\\\/\\\/wein-werte.com\\\/de\\\/\",\"logo\":{\"@type\":\"ImageObject\",\"inLanguage\":\"de\",\"@id\":\"https:\\\/\\\/wein-werte.com\\\/de\\\/#\\\/schema\\\/logo\\\/image\\\/\",\"url\":\"https:\\\/\\\/wein-werte.com\\\/wp-content\\\/uploads\\\/2023\\\/07\\\/Wein_werte_Logo700-1.png\",\"contentUrl\":\"https:\\\/\\\/wein-werte.com\\\/wp-content\\\/uploads\\\/2023\\\/07\\\/Wein_werte_Logo700-1.png\",\"width\":700,\"height\":272,\"caption\":\"Vins Fins Thorrold\"},\"image\":{\"@id\":\"https:\\\/\\\/wein-werte.com\\\/de\\\/#\\\/schema\\\/logo\\\/image\\\/\"}}]}<\/script>\n<!-- \/ Yoast SEO plugin. -->","yoast_head_json":{"title":"Valdemonjas Abr\u00ed Las Alas - I Opened My Wings 2019","description":"Kaufe Valdemonjas Abr\u00ed Las Alas - I Opened My Wings 2019 (Tempranillo, trocken aus Ribera del Duero, Spanien) bei Wein Werte, Ihrem nachhaltigen Onlineshop.","robots":{"index":"index","follow":"follow","max-snippet":"max-snippet:-1","max-image-preview":"max-image-preview:large","max-video-preview":"max-video-preview:-1"},"canonical":"https:\/\/wein-werte.com\/de\/produkt\/valdemonjas-abri-las-alas-i-opened-my-wings-2019-750ml\/","og_locale":"de_DE","og_type":"article","og_title":"Valdemonjas Abr\u00ed Las Alas - I Opened My Wings 2019","og_description":"Kaufe Valdemonjas Abr\u00ed Las Alas - I Opened My Wings 2019 (Tempranillo, trocken aus Ribera del Duero, Spanien) bei Wein Werte, Ihrem nachhaltigen Onlineshop.","og_url":"https:\/\/wein-werte.com\/de\/produkt\/valdemonjas-abri-las-alas-i-opened-my-wings-2019-750ml\/","og_site_name":"Wein Werte","og_image":[{"width":308,"height":1200,"url":"https:\/\/wein-werte.com\/wp-content\/uploads\/2026\/04\/Valdemonjas-Abri-Las-Alas-I-Opened-My-Wings-2019-750ml.png","type":"image\/png"}],"twitter_card":"summary_large_image","twitter_misc":{"Gesch\u00e4tzte Lesezeit":"2\u00a0Minuten"},"schema":{"@context":"https:\/\/schema.org","@graph":[{"@type":"WebPage","@id":"https:\/\/wein-werte.com\/de\/produkt\/valdemonjas-abri-las-alas-i-opened-my-wings-2019-750ml\/","url":"https:\/\/wein-werte.com\/de\/produkt\/valdemonjas-abri-las-alas-i-opened-my-wings-2019-750ml\/","name":"Valdemonjas Abr\u00ed Las Alas - I Opened My Wings 2019","isPartOf":{"@id":"https:\/\/wein-werte.com\/de\/#website"},"primaryImageOfPage":{"@id":"https:\/\/wein-werte.com\/de\/produkt\/valdemonjas-abri-las-alas-i-opened-my-wings-2019-750ml\/#primaryimage"},"image":{"@id":"https:\/\/wein-werte.com\/de\/produkt\/valdemonjas-abri-las-alas-i-opened-my-wings-2019-750ml\/#primaryimage"},"thumbnailUrl":"https:\/\/wein-werte.com\/wp-content\/uploads\/2026\/04\/Valdemonjas-Abri-Las-Alas-I-Opened-My-Wings-2019-750ml.png","datePublished":"2026-05-05T16:26:33+00:00","description":"Kaufe Valdemonjas Abr\u00ed Las Alas - I Opened My Wings 2019 (Tempranillo, trocken aus Ribera del Duero, Spanien) bei Wein Werte, Ihrem nachhaltigen Onlineshop.","breadcrumb":{"@id":"https:\/\/wein-werte.com\/de\/produkt\/valdemonjas-abri-las-alas-i-opened-my-wings-2019-750ml\/#breadcrumb"},"inLanguage":"de","potentialAction":[{"@type":"ReadAction","target":["https:\/\/wein-werte.com\/de\/produkt\/valdemonjas-abri-las-alas-i-opened-my-wings-2019-750ml\/"]}]},{"@type":"ImageObject","inLanguage":"de","@id":"https:\/\/wein-werte.com\/de\/produkt\/valdemonjas-abri-las-alas-i-opened-my-wings-2019-750ml\/#primaryimage","url":"https:\/\/wein-werte.com\/wp-content\/uploads\/2026\/04\/Valdemonjas-Abri-Las-Alas-I-Opened-My-Wings-2019-750ml.png","contentUrl":"https:\/\/wein-werte.com\/wp-content\/uploads\/2026\/04\/Valdemonjas-Abri-Las-Alas-I-Opened-My-Wings-2019-750ml.png","width":308,"height":1200,"caption":"Valdemonjas Abr\u00ed Las Alas - I Opened My Wings 2019 750ml"},{"@type":"BreadcrumbList","@id":"https:\/\/wein-werte.com\/de\/produkt\/valdemonjas-abri-las-alas-i-opened-my-wings-2019-750ml\/#breadcrumb","itemListElement":[{"@type":"ListItem","position":1,"name":"Home","item":"https:\/\/wein-werte.com\/de\/"},{"@type":"ListItem","position":2,"name":"Shop","item":"https:\/\/wein-werte.com\/de\/shop\/"},{"@type":"ListItem","position":3,"name":"Valdemonjas | Ribera del Duero | Abr\u00ed Las Alas &#8211; I Opened My Wings | 2019 | 750ml | bio"}]},{"@type":"WebSite","@id":"https:\/\/wein-werte.com\/de\/#website","url":"https:\/\/wein-werte.com\/de\/","name":"Wein Werte","description":"","publisher":{"@id":"https:\/\/wein-werte.com\/de\/#organization"},"potentialAction":[{"@type":"SearchAction","target":{"@type":"EntryPoint","urlTemplate":"https:\/\/wein-werte.com\/de\/?s={search_term_string}"},"query-input":{"@type":"PropertyValueSpecification","valueRequired":true,"valueName":"search_term_string"}}],"inLanguage":"de"},{"@type":"Organization","@id":"https:\/\/wein-werte.com\/de\/#organization","name":"Vins Fins Thorrold","url":"https:\/\/wein-werte.com\/de\/","logo":{"@type":"ImageObject","inLanguage":"de","@id":"https:\/\/wein-werte.com\/de\/#\/schema\/logo\/image\/","url":"https:\/\/wein-werte.com\/wp-content\/uploads\/2023\/07\/Wein_werte_Logo700-1.png","contentUrl":"https:\/\/wein-werte.com\/wp-content\/uploads\/2023\/07\/Wein_werte_Logo700-1.png","width":700,"height":272,"caption":"Vins Fins Thorrold"},"image":{"@id":"https:\/\/wein-werte.com\/de\/#\/schema\/logo\/image\/"}}]}},"_links":{"self":[{"href":"https:\/\/wein-werte.com\/de\/wp-json\/wp\/v2\/product\/1133503","targetHints":{"allow":["GET"]}}],"collection":[{"href":"https:\/\/wein-werte.com\/de\/wp-json\/wp\/v2\/product"}],"about":[{"href":"https:\/\/wein-werte.com\/de\/wp-json\/wp\/v2\/types\/product"}],"wp:featuredmedia":[{"embeddable":true,"href":"https:\/\/wein-werte.com\/de\/wp-json\/wp\/v2\/media\/1143910"}],"wp:attachment":[{"href":"https:\/\/wein-werte.com\/de\/wp-json\/wp\/v2\/media?parent=1133503"}],"wp:term":[{"taxonomy":"product_brand","embeddable":true,"href":"https:\/\/wein-werte.com\/de\/wp-json\/wp\/v2\/product_brand?post=1133503"},{"taxonomy":"product_cat","embeddable":true,"href":"https:\/\/wein-werte.com\/de\/wp-json\/wp\/v2\/product_cat?post=1133503"},{"taxonomy":"product_tag","embeddable":true,"href":"https:\/\/wein-werte.com\/de\/wp-json\/wp\/v2\/product_tag?post=1133503"}],"curies":[{"name":"wp","href":"https:\/\/api.w.org\/{rel}","templated":true}]}}