{"id":1133498,"date":"2026-05-05T18:26:33","date_gmt":"2026-05-05T16:26:33","guid":{"rendered":"https:\/\/wein-werte.com\/product\/valdemonjas-abri-las-alas-i-opened-my-wings-2017-750ml\/"},"modified":"2026-04-27T11:50:42","modified_gmt":"2026-04-27T09:50:42","slug":"valdemonjas-abri-las-alas-i-opened-my-wings-2017-750ml","status":"publish","type":"product","link":"https:\/\/wein-werte.com\/de\/produkt\/valdemonjas-abri-las-alas-i-opened-my-wings-2017-750ml\/","title":{"rendered":"Valdemonjas | Ribera del Duero | Abr\u00ed Las Alas &#8211; I Opened My Wings | 2017 | 750ml | bio"},"content":{"rendered":"<p>Produktbeschreibung f\u00fcr Valdemonjas Abr\u00ed Las Alas &#8211; I Opened My Wings 2017 (bio)<\/p>\n<p> Marian Hen\u00df: \u00c4u\u00dferst elegant gekleidet stolziert dieser Tempranillo. K\u00fchle Mineralit\u00e4t breitet sich am Gaumen aus. Die Frucht zeigt sich voll und satt. Die Aromen der Nase sind bestens wieder zu entdecken. Ein sehr feink\u00f6rniges Tannin gibt dem Ganzen Struktur und Spannung. Das Tempranillo als Basis gro\u00dfer Rotweine dienen kann, ist vielfach bewiesen. Diese kalkige Reinheit, die k\u00fchle Eleganz, die perfekte Mineralit\u00e4t und das feine Tannin in Kombination ergeben gemeinsam eine Symbiose, die dem extrovertiert-galanten Auftritt dieses Weines \u00e4u\u00dferst angemessen erscheint. Gro\u00dfes Kino. <\/p>\n<h5>Info<\/h5>\n<p> Der Tempranillo stammt aus der \u00fcber 80 Jahre alten Parzelle Nogal de la Valera, die auf 800 Metern Seeh\u00f6he liegt. Gerade einmal 350 Flaschen entstehen von diesem raren Stoff, der \u00fcber 19 Monate hinweg in besten franz\u00f6sischen Barriques ausgebaut wurde. <\/p>\n<h5>Farbe<\/h5>\n<p> Dunkles Kirschrot <\/p>\n<h5>Nase<\/h5>\n<p> W\u00fcrzig und verspielt bereitet er in der ersten Nase das nun folgende Spektakel vor. Dunkle, fleischige Frucht ergie\u00dft sich f\u00f6rmlich \u00fcber dem Genie\u00dfer. Brombeere, Schwarzkirsche, Pflaume und Cassis kommen wunderbar zur Geltung. Gew\u00fcrze wie Pfeffer, Wacholder und etwas Zimt pr\u00e4sentieren sich im Hintergrund. Auch etwas Zartbitterschokolade, Kaffee und Graphit tauchen auf. Animalische Noten von etwas Leder und R\u00f6staromen des Holzfasses, die sich in Kokosnoten widerspiegeln, schwingen mit. Diese dezente Note von Kokosnuss erinnert an gro\u00dfe, klassische Tempranillo &#8211; nur eben in einer zeitgem\u00e4\u00dfen Interpretation. <\/p>\n<h5>Gaumen<\/h5>\n<p> \u00c4u\u00dferst elegant gekleidet stolziert dieser Tempranillo. K\u00fchle Mineralit\u00e4t breitet sich am Gaumen aus. Die Frucht zeigt sich voll und satt. Die Aromen der Nase sind bestens wieder zu entdecken. Ein sehr feink\u00f6rniges Tannin gibt dem Ganzen Struktur und Spannung. Das Tempranillo als Basis gro\u00dfer Rotweine dienen kann, ist vielfach bewiesen. Diese kalkige Reinheit, die k\u00fchle Eleganz, die perfekte Mineralit\u00e4t und das feine Tannin in Kombination ergeben gemeinsam eine Symbiose, die dem extrovertiert-galanten Auftritt dieses Weines \u00e4u\u00dferst angemessen erscheint. Gro\u00dfes Kino.<\/p>\n<p>Copyright Vinaturel 2025<\/p>\n<p>Keywords: <a href=\"https:\/\/wein-werte.com\/de\/shop\/?swoof=1&#038;pa_producer=Valdemonjas\">Valdemonjas<\/a> <a href=\"https:\/\/wein-werte.com\/de\/shop\/?swoof=1&#038;woof_text=Abr\u00ed Las Alas - I Opened My Wings\">Abr\u00ed Las Alas &#8211; I Opened My Wings<\/a> 2017 bio <a href=\"https:\/\/wein-werte.com\/de\/shop\/?swoof=1&#038;pa_region=Ribera del Duero\">Ribera-del-Duero<\/a> <a href=\"https:\/\/wein-werte.com\/de\/shop\/?swoof=1&#038;pa_country=Spanien\">Spanien<\/a><\/p>\n<p>Internetseite des Weinguts: <a href=\"https:\/\/www.valdemonjas.com\/\" target=\"_blank\">https:\/\/www.valdemonjas.com\/<\/a><\/p>\n","protected":false},"excerpt":{"rendered":"<p>Lieferzeit: 1 bis 2 Arbeitstage (DE), 2 bis 5 Arbeitstage (EU and CH)<\/p>\n","protected":false},"featured_media":1143906,"template":"","meta":[],"product_brand":[],"product_cat":[19],"product_tag":[],"class_list":{"0":"post-1133498","1":"product","2":"type-product","3":"status-publish","4":"has-post-thumbnail","6":"product_cat-unkategorisiert","7":"pa_alcohol-for-filter-12894","8":"pa_certified-biodynamic-nein-de","9":"pa_certified-organic-ja-de","10":"pa_colour-rot","11":"pa_country-spanien","12":"pa_grape-tempranillo","13":"pa_price-for-filter-10715","14":"pa_producer-valdemonjas","15":"pa_region-ribera-del-duero","16":"pa_size-ml-6584","17":"pa_sweetness-trocken-de","18":"pa_type-2-still-de","19":"pa_vintage-2017-de","20":"entry","21":"has-media","23":"first","24":"instock","25":"taxable","26":"shipping-taxable","27":"purchasable","28":"product-type-simple"},"yoast_head":"<!-- This site is optimized with the Yoast SEO plugin v27.5 - https:\/\/yoast.com\/product\/yoast-seo-wordpress\/ -->\n<title>Valdemonjas Abr\u00ed Las Alas - I Opened My Wings 2017<\/title>\n<meta name=\"description\" content=\"Kaufe Valdemonjas Abr\u00ed Las Alas - I Opened My Wings 2017 (Tempranillo, trocken aus Ribera del Duero, Spanien) bei Wein Werte, Ihrem nachhaltigen Onlineshop.\" \/>\n<meta name=\"robots\" content=\"index, follow, max-snippet:-1, max-image-preview:large, max-video-preview:-1\" \/>\n<link rel=\"canonical\" href=\"https:\/\/wein-werte.com\/de\/produkt\/valdemonjas-abri-las-alas-i-opened-my-wings-2017-750ml\/\" \/>\n<meta property=\"og:locale\" content=\"de_DE\" \/>\n<meta property=\"og:type\" content=\"article\" \/>\n<meta property=\"og:title\" content=\"Valdemonjas Abr\u00ed Las Alas - I Opened My Wings 2017\" \/>\n<meta property=\"og:description\" content=\"Kaufe Valdemonjas Abr\u00ed Las Alas - I Opened My Wings 2017 (Tempranillo, trocken aus Ribera del Duero, Spanien) bei Wein Werte, Ihrem nachhaltigen Onlineshop.\" \/>\n<meta property=\"og:url\" content=\"https:\/\/wein-werte.com\/de\/produkt\/valdemonjas-abri-las-alas-i-opened-my-wings-2017-750ml\/\" \/>\n<meta property=\"og:site_name\" content=\"Wein Werte\" \/>\n<meta property=\"og:image\" content=\"https:\/\/wein-werte.com\/wp-content\/uploads\/2026\/04\/Valdemonjas-Abri-Las-Alas-I-Opened-My-Wings-2017-750ml.png\" \/>\n\t<meta property=\"og:image:width\" content=\"307\" \/>\n\t<meta property=\"og:image:height\" content=\"1200\" \/>\n\t<meta property=\"og:image:type\" content=\"image\/png\" \/>\n<meta name=\"twitter:card\" content=\"summary_large_image\" \/>\n<meta name=\"twitter:label1\" content=\"Gesch\u00e4tzte Lesezeit\" \/>\n\t<meta name=\"twitter:data1\" content=\"2\u00a0Minuten\" \/>\n<script type=\"application\/ld+json\" class=\"yoast-schema-graph\">{\"@context\":\"https:\\\/\\\/schema.org\",\"@graph\":[{\"@type\":\"WebPage\",\"@id\":\"https:\\\/\\\/wein-werte.com\\\/de\\\/produkt\\\/valdemonjas-abri-las-alas-i-opened-my-wings-2017-750ml\\\/\",\"url\":\"https:\\\/\\\/wein-werte.com\\\/de\\\/produkt\\\/valdemonjas-abri-las-alas-i-opened-my-wings-2017-750ml\\\/\",\"name\":\"Valdemonjas Abr\u00ed Las Alas - I Opened My Wings 2017\",\"isPartOf\":{\"@id\":\"https:\\\/\\\/wein-werte.com\\\/de\\\/#website\"},\"primaryImageOfPage\":{\"@id\":\"https:\\\/\\\/wein-werte.com\\\/de\\\/produkt\\\/valdemonjas-abri-las-alas-i-opened-my-wings-2017-750ml\\\/#primaryimage\"},\"image\":{\"@id\":\"https:\\\/\\\/wein-werte.com\\\/de\\\/produkt\\\/valdemonjas-abri-las-alas-i-opened-my-wings-2017-750ml\\\/#primaryimage\"},\"thumbnailUrl\":\"https:\\\/\\\/wein-werte.com\\\/wp-content\\\/uploads\\\/2026\\\/04\\\/Valdemonjas-Abri-Las-Alas-I-Opened-My-Wings-2017-750ml.png\",\"datePublished\":\"2026-05-05T16:26:33+00:00\",\"description\":\"Kaufe Valdemonjas Abr\u00ed Las Alas - I Opened My Wings 2017 (Tempranillo, trocken aus Ribera del Duero, Spanien) bei Wein Werte, Ihrem nachhaltigen Onlineshop.\",\"breadcrumb\":{\"@id\":\"https:\\\/\\\/wein-werte.com\\\/de\\\/produkt\\\/valdemonjas-abri-las-alas-i-opened-my-wings-2017-750ml\\\/#breadcrumb\"},\"inLanguage\":\"de\",\"potentialAction\":[{\"@type\":\"ReadAction\",\"target\":[\"https:\\\/\\\/wein-werte.com\\\/de\\\/produkt\\\/valdemonjas-abri-las-alas-i-opened-my-wings-2017-750ml\\\/\"]}]},{\"@type\":\"ImageObject\",\"inLanguage\":\"de\",\"@id\":\"https:\\\/\\\/wein-werte.com\\\/de\\\/produkt\\\/valdemonjas-abri-las-alas-i-opened-my-wings-2017-750ml\\\/#primaryimage\",\"url\":\"https:\\\/\\\/wein-werte.com\\\/wp-content\\\/uploads\\\/2026\\\/04\\\/Valdemonjas-Abri-Las-Alas-I-Opened-My-Wings-2017-750ml.png\",\"contentUrl\":\"https:\\\/\\\/wein-werte.com\\\/wp-content\\\/uploads\\\/2026\\\/04\\\/Valdemonjas-Abri-Las-Alas-I-Opened-My-Wings-2017-750ml.png\",\"width\":307,\"height\":1200,\"caption\":\"Valdemonjas Abr\u00ed Las Alas - I Opened My Wings 2017 750ml\"},{\"@type\":\"BreadcrumbList\",\"@id\":\"https:\\\/\\\/wein-werte.com\\\/de\\\/produkt\\\/valdemonjas-abri-las-alas-i-opened-my-wings-2017-750ml\\\/#breadcrumb\",\"itemListElement\":[{\"@type\":\"ListItem\",\"position\":1,\"name\":\"Home\",\"item\":\"https:\\\/\\\/wein-werte.com\\\/de\\\/\"},{\"@type\":\"ListItem\",\"position\":2,\"name\":\"Shop\",\"item\":\"https:\\\/\\\/wein-werte.com\\\/de\\\/shop\\\/\"},{\"@type\":\"ListItem\",\"position\":3,\"name\":\"Valdemonjas | Ribera del Duero | Abr\u00ed Las Alas &#8211; I Opened My Wings | 2017 | 750ml | bio\"}]},{\"@type\":\"WebSite\",\"@id\":\"https:\\\/\\\/wein-werte.com\\\/de\\\/#website\",\"url\":\"https:\\\/\\\/wein-werte.com\\\/de\\\/\",\"name\":\"Wein Werte\",\"description\":\"\",\"publisher\":{\"@id\":\"https:\\\/\\\/wein-werte.com\\\/de\\\/#organization\"},\"potentialAction\":[{\"@type\":\"SearchAction\",\"target\":{\"@type\":\"EntryPoint\",\"urlTemplate\":\"https:\\\/\\\/wein-werte.com\\\/de\\\/?s={search_term_string}\"},\"query-input\":{\"@type\":\"PropertyValueSpecification\",\"valueRequired\":true,\"valueName\":\"search_term_string\"}}],\"inLanguage\":\"de\"},{\"@type\":\"Organization\",\"@id\":\"https:\\\/\\\/wein-werte.com\\\/de\\\/#organization\",\"name\":\"Vins Fins Thorrold\",\"url\":\"https:\\\/\\\/wein-werte.com\\\/de\\\/\",\"logo\":{\"@type\":\"ImageObject\",\"inLanguage\":\"de\",\"@id\":\"https:\\\/\\\/wein-werte.com\\\/de\\\/#\\\/schema\\\/logo\\\/image\\\/\",\"url\":\"https:\\\/\\\/wein-werte.com\\\/wp-content\\\/uploads\\\/2023\\\/07\\\/Wein_werte_Logo700-1.png\",\"contentUrl\":\"https:\\\/\\\/wein-werte.com\\\/wp-content\\\/uploads\\\/2023\\\/07\\\/Wein_werte_Logo700-1.png\",\"width\":700,\"height\":272,\"caption\":\"Vins Fins Thorrold\"},\"image\":{\"@id\":\"https:\\\/\\\/wein-werte.com\\\/de\\\/#\\\/schema\\\/logo\\\/image\\\/\"}}]}<\/script>\n<!-- \/ Yoast SEO plugin. -->","yoast_head_json":{"title":"Valdemonjas Abr\u00ed Las Alas - I Opened My Wings 2017","description":"Kaufe Valdemonjas Abr\u00ed Las Alas - I Opened My Wings 2017 (Tempranillo, trocken aus Ribera del Duero, Spanien) bei Wein Werte, Ihrem nachhaltigen Onlineshop.","robots":{"index":"index","follow":"follow","max-snippet":"max-snippet:-1","max-image-preview":"max-image-preview:large","max-video-preview":"max-video-preview:-1"},"canonical":"https:\/\/wein-werte.com\/de\/produkt\/valdemonjas-abri-las-alas-i-opened-my-wings-2017-750ml\/","og_locale":"de_DE","og_type":"article","og_title":"Valdemonjas Abr\u00ed Las Alas - I Opened My Wings 2017","og_description":"Kaufe Valdemonjas Abr\u00ed Las Alas - I Opened My Wings 2017 (Tempranillo, trocken aus Ribera del Duero, Spanien) bei Wein Werte, Ihrem nachhaltigen Onlineshop.","og_url":"https:\/\/wein-werte.com\/de\/produkt\/valdemonjas-abri-las-alas-i-opened-my-wings-2017-750ml\/","og_site_name":"Wein Werte","og_image":[{"width":307,"height":1200,"url":"https:\/\/wein-werte.com\/wp-content\/uploads\/2026\/04\/Valdemonjas-Abri-Las-Alas-I-Opened-My-Wings-2017-750ml.png","type":"image\/png"}],"twitter_card":"summary_large_image","twitter_misc":{"Gesch\u00e4tzte Lesezeit":"2\u00a0Minuten"},"schema":{"@context":"https:\/\/schema.org","@graph":[{"@type":"WebPage","@id":"https:\/\/wein-werte.com\/de\/produkt\/valdemonjas-abri-las-alas-i-opened-my-wings-2017-750ml\/","url":"https:\/\/wein-werte.com\/de\/produkt\/valdemonjas-abri-las-alas-i-opened-my-wings-2017-750ml\/","name":"Valdemonjas Abr\u00ed Las Alas - I Opened My Wings 2017","isPartOf":{"@id":"https:\/\/wein-werte.com\/de\/#website"},"primaryImageOfPage":{"@id":"https:\/\/wein-werte.com\/de\/produkt\/valdemonjas-abri-las-alas-i-opened-my-wings-2017-750ml\/#primaryimage"},"image":{"@id":"https:\/\/wein-werte.com\/de\/produkt\/valdemonjas-abri-las-alas-i-opened-my-wings-2017-750ml\/#primaryimage"},"thumbnailUrl":"https:\/\/wein-werte.com\/wp-content\/uploads\/2026\/04\/Valdemonjas-Abri-Las-Alas-I-Opened-My-Wings-2017-750ml.png","datePublished":"2026-05-05T16:26:33+00:00","description":"Kaufe Valdemonjas Abr\u00ed Las Alas - I Opened My Wings 2017 (Tempranillo, trocken aus Ribera del Duero, Spanien) bei Wein Werte, Ihrem nachhaltigen Onlineshop.","breadcrumb":{"@id":"https:\/\/wein-werte.com\/de\/produkt\/valdemonjas-abri-las-alas-i-opened-my-wings-2017-750ml\/#breadcrumb"},"inLanguage":"de","potentialAction":[{"@type":"ReadAction","target":["https:\/\/wein-werte.com\/de\/produkt\/valdemonjas-abri-las-alas-i-opened-my-wings-2017-750ml\/"]}]},{"@type":"ImageObject","inLanguage":"de","@id":"https:\/\/wein-werte.com\/de\/produkt\/valdemonjas-abri-las-alas-i-opened-my-wings-2017-750ml\/#primaryimage","url":"https:\/\/wein-werte.com\/wp-content\/uploads\/2026\/04\/Valdemonjas-Abri-Las-Alas-I-Opened-My-Wings-2017-750ml.png","contentUrl":"https:\/\/wein-werte.com\/wp-content\/uploads\/2026\/04\/Valdemonjas-Abri-Las-Alas-I-Opened-My-Wings-2017-750ml.png","width":307,"height":1200,"caption":"Valdemonjas Abr\u00ed Las Alas - I Opened My Wings 2017 750ml"},{"@type":"BreadcrumbList","@id":"https:\/\/wein-werte.com\/de\/produkt\/valdemonjas-abri-las-alas-i-opened-my-wings-2017-750ml\/#breadcrumb","itemListElement":[{"@type":"ListItem","position":1,"name":"Home","item":"https:\/\/wein-werte.com\/de\/"},{"@type":"ListItem","position":2,"name":"Shop","item":"https:\/\/wein-werte.com\/de\/shop\/"},{"@type":"ListItem","position":3,"name":"Valdemonjas | Ribera del Duero | Abr\u00ed Las Alas &#8211; I Opened My Wings | 2017 | 750ml | bio"}]},{"@type":"WebSite","@id":"https:\/\/wein-werte.com\/de\/#website","url":"https:\/\/wein-werte.com\/de\/","name":"Wein Werte","description":"","publisher":{"@id":"https:\/\/wein-werte.com\/de\/#organization"},"potentialAction":[{"@type":"SearchAction","target":{"@type":"EntryPoint","urlTemplate":"https:\/\/wein-werte.com\/de\/?s={search_term_string}"},"query-input":{"@type":"PropertyValueSpecification","valueRequired":true,"valueName":"search_term_string"}}],"inLanguage":"de"},{"@type":"Organization","@id":"https:\/\/wein-werte.com\/de\/#organization","name":"Vins Fins Thorrold","url":"https:\/\/wein-werte.com\/de\/","logo":{"@type":"ImageObject","inLanguage":"de","@id":"https:\/\/wein-werte.com\/de\/#\/schema\/logo\/image\/","url":"https:\/\/wein-werte.com\/wp-content\/uploads\/2023\/07\/Wein_werte_Logo700-1.png","contentUrl":"https:\/\/wein-werte.com\/wp-content\/uploads\/2023\/07\/Wein_werte_Logo700-1.png","width":700,"height":272,"caption":"Vins Fins Thorrold"},"image":{"@id":"https:\/\/wein-werte.com\/de\/#\/schema\/logo\/image\/"}}]}},"_links":{"self":[{"href":"https:\/\/wein-werte.com\/de\/wp-json\/wp\/v2\/product\/1133498","targetHints":{"allow":["GET"]}}],"collection":[{"href":"https:\/\/wein-werte.com\/de\/wp-json\/wp\/v2\/product"}],"about":[{"href":"https:\/\/wein-werte.com\/de\/wp-json\/wp\/v2\/types\/product"}],"wp:featuredmedia":[{"embeddable":true,"href":"https:\/\/wein-werte.com\/de\/wp-json\/wp\/v2\/media\/1143906"}],"wp:attachment":[{"href":"https:\/\/wein-werte.com\/de\/wp-json\/wp\/v2\/media?parent=1133498"}],"wp:term":[{"taxonomy":"product_brand","embeddable":true,"href":"https:\/\/wein-werte.com\/de\/wp-json\/wp\/v2\/product_brand?post=1133498"},{"taxonomy":"product_cat","embeddable":true,"href":"https:\/\/wein-werte.com\/de\/wp-json\/wp\/v2\/product_cat?post=1133498"},{"taxonomy":"product_tag","embeddable":true,"href":"https:\/\/wein-werte.com\/de\/wp-json\/wp\/v2\/product_tag?post=1133498"}],"curies":[{"name":"wp","href":"https:\/\/api.w.org\/{rel}","templated":true}]}}