{"id":1133473,"date":"2026-05-08T20:05:58","date_gmt":"2026-05-08T18:05:58","guid":{"rendered":"https:\/\/wein-werte.com\/product\/jimenez-landi-pielago-2021-750ml\/"},"modified":"2026-04-27T11:50:40","modified_gmt":"2026-04-27T09:50:40","slug":"jimenez-landi-pielago-2021-750ml","status":"publish","type":"product","link":"https:\/\/wein-werte.com\/de\/produkt\/jimenez-landi-pielago-2021-750ml\/","title":{"rendered":"Jimenez &#8211; Landi | Mentrida | Pielago | 2021 | 750ml"},"content":{"rendered":"<p>Produktbeschreibung f\u00fcr Jimenez &#8211; Landi Pielago 2021  <\/p>\n<h5>Informationen zum Wein<\/h5>\n<p> Biodynamischer Anbau. Die 70 Jahre alten Rebst\u00f6cke wachsen in H\u00f6henlagen von 750 bis 900 Metern auf granithaltigem und sandigem Boden. Nach der Handlese erfolgt die G\u00e4rung in Holzf\u00e4ssern mit wilden Hefen, gefolgt von einer Reifung in franz\u00f6sischen Barriques und Fudern. Die Abf\u00fcllung geschieht ohne Filtration oder Stabilisierung. Die Gesamtproduktion bel\u00e4uft sich auf 2.128 Flaschen. <\/p>\n<h5>Farbe<\/h5>\n<p> Gedecktes Purpur mit rubinroten Reflexen. <\/p>\n<h5>Nase<\/h5>\n<p> Der Duft beeindruckt mit einer fulminanten F\u00fclle. Neben s\u00fc\u00dfen Brombeeren, glasierten schwarzen Kirschen, schwarzem Pflaumenmus, orientalischen Gew\u00fcrzen und Fr\u00fcchtebrot zeigt sich eine tiefgr\u00fcndige, mineralische und torfige Note. Nach einer l\u00e4ngeren \u00d6ffnung treten Tr\u00fcffel und Lakritz hervor. Ein mystischer und \u00fcberaus tiefgr\u00fcndiger Wein k\u00fcndigt sich an. <\/p>\n<h5>Geschmack<\/h5>\n<p> Faszinierend ist die Frische, die pr\u00e4zise S\u00e4ure, die salzige Mineralit\u00e4t und die feine Gerbstoffstruktur. Er fordert den Gaumen heraus und umh\u00fcllt ihn zugleich mit seiner tiefgr\u00fcndigen und facettenreichen Struktur. Ein echter Langstreckenl\u00e4ufer! Im jugendlichen Stadium m\u00f6glichst \u00fcber mehrere Stunden dekantieren und aus gro\u00dfen Gl\u00e4sern genie\u00dfen.<\/p>\n<p>Copyright Vinaturel 2025<\/p>\n<p>Keywords: <a href=\"https:\/\/wein-werte.com\/de\/shop\/?swoof=1&#038;pa_producer=Jimenez---Landi\">Jimenez &#8211; Landi<\/a> <a href=\"https:\/\/wein-werte.com\/de\/shop\/?swoof=1&#038;woof_text=Pielago\">Pielago<\/a> 2021  <a href=\"https:\/\/wein-werte.com\/de\/shop\/?swoof=1&#038;pa_region=Mentrida\">Mentrida<\/a> <a href=\"https:\/\/wein-werte.com\/de\/shop\/?swoof=1&#038;pa_country=Spanien\">Spanien<\/a><\/p>\n<p>Internetseite des Weinguts: <a href=\"https:\/\/jimenezlandi.com\/en\/\" target=\"_blank\">https:\/\/jimenezlandi.com\/en\/<\/a><\/p>\n","protected":false},"excerpt":{"rendered":"<p>Lieferzeit: 1 bis 2 Arbeitstage (DE), 2 bis 5 Arbeitstage (EU and CH)<\/p>\n","protected":false},"featured_media":1143888,"template":"","meta":[],"product_brand":[],"product_cat":[19],"product_tag":[],"class_list":{"0":"post-1133473","1":"product","2":"type-product","3":"status-publish","4":"has-post-thumbnail","6":"product_cat-unkategorisiert","7":"pa_alcohol-for-filter-14-5","8":"pa_certified-biodynamic-nein-de","9":"pa_certified-organic-nein-de","10":"pa_colour-rot","11":"pa_country-spanien","12":"pa_grape-grenache","13":"pa_price-for-filter-10625","14":"pa_producer-jimenez-landi","15":"pa_region-mentrida","16":"pa_size-ml-6584","17":"pa_sweetness-trocken-de","18":"pa_type-2-still-de","19":"pa_vintage-2021-de","20":"entry","21":"has-media","23":"first","24":"instock","25":"taxable","26":"shipping-taxable","27":"purchasable","28":"product-type-simple"},"yoast_head":"<!-- This site is optimized with the Yoast SEO plugin v27.5 - https:\/\/yoast.com\/product\/yoast-seo-wordpress\/ -->\n<title>Jimenez - Landi Pielago 2021<\/title>\n<meta name=\"description\" content=\"Kaufe Jimenez - Landi Pielago 2021 (Grenache, trocken aus Mentrida, Spanien) bei Wein Werte, Ihrem nachhaltigen Onlineshop.\" \/>\n<meta name=\"robots\" content=\"index, follow, max-snippet:-1, max-image-preview:large, max-video-preview:-1\" \/>\n<link rel=\"canonical\" href=\"https:\/\/wein-werte.com\/de\/produkt\/jimenez-landi-pielago-2021-750ml\/\" \/>\n<meta property=\"og:locale\" content=\"de_DE\" \/>\n<meta property=\"og:type\" content=\"article\" \/>\n<meta property=\"og:title\" content=\"Jimenez - Landi Pielago 2021\" \/>\n<meta property=\"og:description\" content=\"Kaufe Jimenez - Landi Pielago 2021 (Grenache, trocken aus Mentrida, Spanien) bei Wein Werte, Ihrem nachhaltigen Onlineshop.\" \/>\n<meta property=\"og:url\" content=\"https:\/\/wein-werte.com\/de\/produkt\/jimenez-landi-pielago-2021-750ml\/\" \/>\n<meta property=\"og:site_name\" content=\"Wein Werte\" \/>\n<meta property=\"og:image\" content=\"https:\/\/wein-werte.com\/wp-content\/uploads\/2026\/04\/Jimenez-Landi-Pielago-2021-750ml.png\" \/>\n\t<meta property=\"og:image:width\" content=\"329\" \/>\n\t<meta property=\"og:image:height\" content=\"1200\" \/>\n\t<meta property=\"og:image:type\" content=\"image\/png\" \/>\n<meta name=\"twitter:card\" content=\"summary_large_image\" \/>\n<meta name=\"twitter:label1\" content=\"Gesch\u00e4tzte Lesezeit\" \/>\n\t<meta name=\"twitter:data1\" content=\"1\u00a0Minute\" \/>\n<script type=\"application\/ld+json\" class=\"yoast-schema-graph\">{\"@context\":\"https:\\\/\\\/schema.org\",\"@graph\":[{\"@type\":\"WebPage\",\"@id\":\"https:\\\/\\\/wein-werte.com\\\/de\\\/produkt\\\/jimenez-landi-pielago-2021-750ml\\\/\",\"url\":\"https:\\\/\\\/wein-werte.com\\\/de\\\/produkt\\\/jimenez-landi-pielago-2021-750ml\\\/\",\"name\":\"Jimenez - Landi Pielago 2021\",\"isPartOf\":{\"@id\":\"https:\\\/\\\/wein-werte.com\\\/de\\\/#website\"},\"primaryImageOfPage\":{\"@id\":\"https:\\\/\\\/wein-werte.com\\\/de\\\/produkt\\\/jimenez-landi-pielago-2021-750ml\\\/#primaryimage\"},\"image\":{\"@id\":\"https:\\\/\\\/wein-werte.com\\\/de\\\/produkt\\\/jimenez-landi-pielago-2021-750ml\\\/#primaryimage\"},\"thumbnailUrl\":\"https:\\\/\\\/wein-werte.com\\\/wp-content\\\/uploads\\\/2026\\\/04\\\/Jimenez-Landi-Pielago-2021-750ml.png\",\"datePublished\":\"2026-05-08T18:05:58+00:00\",\"description\":\"Kaufe Jimenez - Landi Pielago 2021 (Grenache, trocken aus Mentrida, Spanien) bei Wein Werte, Ihrem nachhaltigen Onlineshop.\",\"breadcrumb\":{\"@id\":\"https:\\\/\\\/wein-werte.com\\\/de\\\/produkt\\\/jimenez-landi-pielago-2021-750ml\\\/#breadcrumb\"},\"inLanguage\":\"de\",\"potentialAction\":[{\"@type\":\"ReadAction\",\"target\":[\"https:\\\/\\\/wein-werte.com\\\/de\\\/produkt\\\/jimenez-landi-pielago-2021-750ml\\\/\"]}]},{\"@type\":\"ImageObject\",\"inLanguage\":\"de\",\"@id\":\"https:\\\/\\\/wein-werte.com\\\/de\\\/produkt\\\/jimenez-landi-pielago-2021-750ml\\\/#primaryimage\",\"url\":\"https:\\\/\\\/wein-werte.com\\\/wp-content\\\/uploads\\\/2026\\\/04\\\/Jimenez-Landi-Pielago-2021-750ml.png\",\"contentUrl\":\"https:\\\/\\\/wein-werte.com\\\/wp-content\\\/uploads\\\/2026\\\/04\\\/Jimenez-Landi-Pielago-2021-750ml.png\",\"width\":329,\"height\":1200,\"caption\":\"Jimenez - Landi Pielago 2021 750ml\"},{\"@type\":\"BreadcrumbList\",\"@id\":\"https:\\\/\\\/wein-werte.com\\\/de\\\/produkt\\\/jimenez-landi-pielago-2021-750ml\\\/#breadcrumb\",\"itemListElement\":[{\"@type\":\"ListItem\",\"position\":1,\"name\":\"Home\",\"item\":\"https:\\\/\\\/wein-werte.com\\\/de\\\/\"},{\"@type\":\"ListItem\",\"position\":2,\"name\":\"Shop\",\"item\":\"https:\\\/\\\/wein-werte.com\\\/de\\\/shop\\\/\"},{\"@type\":\"ListItem\",\"position\":3,\"name\":\"Jimenez &#8211; Landi | Mentrida | Pielago | 2021 | 750ml\"}]},{\"@type\":\"WebSite\",\"@id\":\"https:\\\/\\\/wein-werte.com\\\/de\\\/#website\",\"url\":\"https:\\\/\\\/wein-werte.com\\\/de\\\/\",\"name\":\"Wein Werte\",\"description\":\"\",\"publisher\":{\"@id\":\"https:\\\/\\\/wein-werte.com\\\/de\\\/#organization\"},\"potentialAction\":[{\"@type\":\"SearchAction\",\"target\":{\"@type\":\"EntryPoint\",\"urlTemplate\":\"https:\\\/\\\/wein-werte.com\\\/de\\\/?s={search_term_string}\"},\"query-input\":{\"@type\":\"PropertyValueSpecification\",\"valueRequired\":true,\"valueName\":\"search_term_string\"}}],\"inLanguage\":\"de\"},{\"@type\":\"Organization\",\"@id\":\"https:\\\/\\\/wein-werte.com\\\/de\\\/#organization\",\"name\":\"Vins Fins Thorrold\",\"url\":\"https:\\\/\\\/wein-werte.com\\\/de\\\/\",\"logo\":{\"@type\":\"ImageObject\",\"inLanguage\":\"de\",\"@id\":\"https:\\\/\\\/wein-werte.com\\\/de\\\/#\\\/schema\\\/logo\\\/image\\\/\",\"url\":\"https:\\\/\\\/wein-werte.com\\\/wp-content\\\/uploads\\\/2023\\\/07\\\/Wein_werte_Logo700-1.png\",\"contentUrl\":\"https:\\\/\\\/wein-werte.com\\\/wp-content\\\/uploads\\\/2023\\\/07\\\/Wein_werte_Logo700-1.png\",\"width\":700,\"height\":272,\"caption\":\"Vins Fins Thorrold\"},\"image\":{\"@id\":\"https:\\\/\\\/wein-werte.com\\\/de\\\/#\\\/schema\\\/logo\\\/image\\\/\"}}]}<\/script>\n<!-- \/ Yoast SEO plugin. -->","yoast_head_json":{"title":"Jimenez - Landi Pielago 2021","description":"Kaufe Jimenez - Landi Pielago 2021 (Grenache, trocken aus Mentrida, Spanien) bei Wein Werte, Ihrem nachhaltigen Onlineshop.","robots":{"index":"index","follow":"follow","max-snippet":"max-snippet:-1","max-image-preview":"max-image-preview:large","max-video-preview":"max-video-preview:-1"},"canonical":"https:\/\/wein-werte.com\/de\/produkt\/jimenez-landi-pielago-2021-750ml\/","og_locale":"de_DE","og_type":"article","og_title":"Jimenez - Landi Pielago 2021","og_description":"Kaufe Jimenez - Landi Pielago 2021 (Grenache, trocken aus Mentrida, Spanien) bei Wein Werte, Ihrem nachhaltigen Onlineshop.","og_url":"https:\/\/wein-werte.com\/de\/produkt\/jimenez-landi-pielago-2021-750ml\/","og_site_name":"Wein Werte","og_image":[{"width":329,"height":1200,"url":"https:\/\/wein-werte.com\/wp-content\/uploads\/2026\/04\/Jimenez-Landi-Pielago-2021-750ml.png","type":"image\/png"}],"twitter_card":"summary_large_image","twitter_misc":{"Gesch\u00e4tzte Lesezeit":"1\u00a0Minute"},"schema":{"@context":"https:\/\/schema.org","@graph":[{"@type":"WebPage","@id":"https:\/\/wein-werte.com\/de\/produkt\/jimenez-landi-pielago-2021-750ml\/","url":"https:\/\/wein-werte.com\/de\/produkt\/jimenez-landi-pielago-2021-750ml\/","name":"Jimenez - Landi Pielago 2021","isPartOf":{"@id":"https:\/\/wein-werte.com\/de\/#website"},"primaryImageOfPage":{"@id":"https:\/\/wein-werte.com\/de\/produkt\/jimenez-landi-pielago-2021-750ml\/#primaryimage"},"image":{"@id":"https:\/\/wein-werte.com\/de\/produkt\/jimenez-landi-pielago-2021-750ml\/#primaryimage"},"thumbnailUrl":"https:\/\/wein-werte.com\/wp-content\/uploads\/2026\/04\/Jimenez-Landi-Pielago-2021-750ml.png","datePublished":"2026-05-08T18:05:58+00:00","description":"Kaufe Jimenez - Landi Pielago 2021 (Grenache, trocken aus Mentrida, Spanien) bei Wein Werte, Ihrem nachhaltigen Onlineshop.","breadcrumb":{"@id":"https:\/\/wein-werte.com\/de\/produkt\/jimenez-landi-pielago-2021-750ml\/#breadcrumb"},"inLanguage":"de","potentialAction":[{"@type":"ReadAction","target":["https:\/\/wein-werte.com\/de\/produkt\/jimenez-landi-pielago-2021-750ml\/"]}]},{"@type":"ImageObject","inLanguage":"de","@id":"https:\/\/wein-werte.com\/de\/produkt\/jimenez-landi-pielago-2021-750ml\/#primaryimage","url":"https:\/\/wein-werte.com\/wp-content\/uploads\/2026\/04\/Jimenez-Landi-Pielago-2021-750ml.png","contentUrl":"https:\/\/wein-werte.com\/wp-content\/uploads\/2026\/04\/Jimenez-Landi-Pielago-2021-750ml.png","width":329,"height":1200,"caption":"Jimenez - Landi Pielago 2021 750ml"},{"@type":"BreadcrumbList","@id":"https:\/\/wein-werte.com\/de\/produkt\/jimenez-landi-pielago-2021-750ml\/#breadcrumb","itemListElement":[{"@type":"ListItem","position":1,"name":"Home","item":"https:\/\/wein-werte.com\/de\/"},{"@type":"ListItem","position":2,"name":"Shop","item":"https:\/\/wein-werte.com\/de\/shop\/"},{"@type":"ListItem","position":3,"name":"Jimenez &#8211; Landi | Mentrida | Pielago | 2021 | 750ml"}]},{"@type":"WebSite","@id":"https:\/\/wein-werte.com\/de\/#website","url":"https:\/\/wein-werte.com\/de\/","name":"Wein Werte","description":"","publisher":{"@id":"https:\/\/wein-werte.com\/de\/#organization"},"potentialAction":[{"@type":"SearchAction","target":{"@type":"EntryPoint","urlTemplate":"https:\/\/wein-werte.com\/de\/?s={search_term_string}"},"query-input":{"@type":"PropertyValueSpecification","valueRequired":true,"valueName":"search_term_string"}}],"inLanguage":"de"},{"@type":"Organization","@id":"https:\/\/wein-werte.com\/de\/#organization","name":"Vins Fins Thorrold","url":"https:\/\/wein-werte.com\/de\/","logo":{"@type":"ImageObject","inLanguage":"de","@id":"https:\/\/wein-werte.com\/de\/#\/schema\/logo\/image\/","url":"https:\/\/wein-werte.com\/wp-content\/uploads\/2023\/07\/Wein_werte_Logo700-1.png","contentUrl":"https:\/\/wein-werte.com\/wp-content\/uploads\/2023\/07\/Wein_werte_Logo700-1.png","width":700,"height":272,"caption":"Vins Fins Thorrold"},"image":{"@id":"https:\/\/wein-werte.com\/de\/#\/schema\/logo\/image\/"}}]}},"_links":{"self":[{"href":"https:\/\/wein-werte.com\/de\/wp-json\/wp\/v2\/product\/1133473","targetHints":{"allow":["GET"]}}],"collection":[{"href":"https:\/\/wein-werte.com\/de\/wp-json\/wp\/v2\/product"}],"about":[{"href":"https:\/\/wein-werte.com\/de\/wp-json\/wp\/v2\/types\/product"}],"wp:featuredmedia":[{"embeddable":true,"href":"https:\/\/wein-werte.com\/de\/wp-json\/wp\/v2\/media\/1143888"}],"wp:attachment":[{"href":"https:\/\/wein-werte.com\/de\/wp-json\/wp\/v2\/media?parent=1133473"}],"wp:term":[{"taxonomy":"product_brand","embeddable":true,"href":"https:\/\/wein-werte.com\/de\/wp-json\/wp\/v2\/product_brand?post=1133473"},{"taxonomy":"product_cat","embeddable":true,"href":"https:\/\/wein-werte.com\/de\/wp-json\/wp\/v2\/product_cat?post=1133473"},{"taxonomy":"product_tag","embeddable":true,"href":"https:\/\/wein-werte.com\/de\/wp-json\/wp\/v2\/product_tag?post=1133473"}],"curies":[{"name":"wp","href":"https:\/\/api.w.org\/{rel}","templated":true}]}}