{"id":1133461,"date":"2026-05-05T18:26:29","date_gmt":"2026-05-05T16:26:29","guid":{"rendered":"https:\/\/wein-werte.com\/product\/jimenez-landi-natural-vinos-singulares-2020-750ml\/"},"modified":"2026-04-27T11:50:38","modified_gmt":"2026-04-27T09:50:38","slug":"jimenez-landi-natural-vinos-singulares-2020-750ml","status":"publish","type":"product","link":"https:\/\/wein-werte.com\/de\/produkt\/jimenez-landi-natural-vinos-singulares-2020-750ml\/","title":{"rendered":"Jimenez &#8211; Landi | Mentrida | Natural, Vinos Singulares | 2020 | 750ml"},"content":{"rendered":"<p>Produktbeschreibung f\u00fcr Jimenez &#8211; Landi Natural, Vinos Singulares 2020  <\/p>\n<h5>Farbe<\/h5>\n<p> Dichtes Purpur mit leichter Tr\u00fcbung, violette Reflexe <\/p>\n<h5>Nase<\/h5>\n<p> Zun\u00e4chst str\u00f6mt reichlich dunkle Frucht aus dem Glas. Die Frucht ist allerdings in einen seidigen, schwarzen Mantel geh\u00fcllt. Der geschmeidige, dunkle Stoff f\u00fchlt sich k\u00fchl an. Darunter verbergen sich auf puristische Weise Heidelbeere, Cassis und Brombeere. Die Fr\u00fcchte zeigen sich klar, frisch und pr\u00e4zise. Ich w\u00fcrde den Wein insgesamt als \u201enackt\u201c bezeichnen, ohne in Kombination mit dem Mantel zu viele Assoziationen an Exhibitionisten wecken zu wollen. Pure Frucht, von fast nichts gest\u00f6rt. Nur wenig Ablenkung in Form von zarten Nuancen von Salbei und Thymian. Der Duft von Zedernholz und Zigarrenkisten entfaltet sich mit ein wenig Temperatur im Glas. <\/p>\n<h5>Gaumen<\/h5>\n<p> Am Gaumen erg\u00e4nzt der Natural dem eleganten, straffen Auftritt ein feines, aber pr\u00e4sentes Tannin. Dadurch gelangt er zu mehr Profil und Struktur. Trotz des sehr hei\u00dfen und trockenen Klimas dort pr\u00e4sentiert er sich auff\u00e4llig k\u00fchl und schlank. Das Tannin bietet der Frucht auch reichlich Paroli in Form von Bitterstoffen. Auf eine angenehme Weise erf\u00e4hrt man so am Gaumen Adstringenz und animierend herbe Noten zugleich. Die Frucht wirkt im Nachhall nicht mehr so strahlend klar wie in der Nase. Unterholz, Tabakbl\u00e4tter und wieder Zigarrenkiste unterst\u00fctzen ihn gewaltig.<\/p>\n<p>Copyright Vinaturel 2025<\/p>\n<p>Keywords: <a href=\"https:\/\/wein-werte.com\/de\/shop\/?swoof=1&#038;pa_producer=Jimenez---Landi\">Jimenez &#8211; Landi<\/a> <a href=\"https:\/\/wein-werte.com\/de\/shop\/?swoof=1&#038;woof_text=Natural, Vinos Singulares\">Natural, Vinos Singulares<\/a> 2020  <a href=\"https:\/\/wein-werte.com\/de\/shop\/?swoof=1&#038;pa_region=Mentrida\">Mentrida<\/a> <a href=\"https:\/\/wein-werte.com\/de\/shop\/?swoof=1&#038;pa_country=Spanien\">Spanien<\/a><\/p>\n<p>Internetseite des Weinguts: <a href=\"https:\/\/jimenezlandi.com\/en\/\" target=\"_blank\">https:\/\/jimenezlandi.com\/en\/<\/a><\/p>\n","protected":false},"excerpt":{"rendered":"<p>Lieferzeit: 1 bis 2 Arbeitstage (DE), 2 bis 5 Arbeitstage (EU and CH)<\/p>\n","protected":false},"featured_media":1143882,"template":"","meta":[],"product_brand":[],"product_cat":[19],"product_tag":[],"class_list":{"0":"post-1133461","1":"product","2":"type-product","3":"status-publish","4":"has-post-thumbnail","6":"product_cat-unkategorisiert","7":"pa_alcohol-for-filter-14-5","8":"pa_certified-biodynamic-nein-de","9":"pa_certified-organic-nein-de","10":"pa_colour-orange-de","11":"pa_country-spanien","12":"pa_grape-syrah-cuvee","13":"pa_price-for-filter-10581","14":"pa_producer-jimenez-landi","15":"pa_region-mentrida","16":"pa_size-ml-6584","17":"pa_sweetness-trocken-de","18":"pa_type-2-still-de","19":"pa_vintage-2020-de","20":"entry","21":"has-media","23":"first","24":"instock","25":"taxable","26":"shipping-taxable","27":"purchasable","28":"product-type-simple"},"yoast_head":"<!-- This site is optimized with the Yoast SEO plugin v27.5 - https:\/\/yoast.com\/product\/yoast-seo-wordpress\/ -->\n<title>Jimenez - Landi Natural Vinos Singulares 2020<\/title>\n<meta name=\"description\" content=\"Kaufe Jimenez - Landi Natural Vinos Singulares 2020 (Syrah Cuv\u00e9e, trocken Orange Wein aus Mentrida, Spanien) bei Wein Werte, Ihrem nachhaltigen Onlineshop.\" \/>\n<meta name=\"robots\" content=\"index, follow, max-snippet:-1, max-image-preview:large, max-video-preview:-1\" \/>\n<link rel=\"canonical\" href=\"https:\/\/wein-werte.com\/de\/produkt\/jimenez-landi-natural-vinos-singulares-2020-750ml\/\" \/>\n<meta property=\"og:locale\" content=\"de_DE\" \/>\n<meta property=\"og:type\" content=\"article\" \/>\n<meta property=\"og:title\" content=\"Jimenez - Landi Natural Vinos Singulares 2020\" \/>\n<meta property=\"og:description\" content=\"Kaufe Jimenez - Landi Natural Vinos Singulares 2020 (Syrah Cuv\u00e9e, trocken Orange Wein aus Mentrida, Spanien) bei Wein Werte, Ihrem nachhaltigen Onlineshop.\" \/>\n<meta property=\"og:url\" content=\"https:\/\/wein-werte.com\/de\/produkt\/jimenez-landi-natural-vinos-singulares-2020-750ml\/\" \/>\n<meta property=\"og:site_name\" content=\"Wein Werte\" \/>\n<meta property=\"og:image\" content=\"https:\/\/wein-werte.com\/wp-content\/uploads\/2026\/04\/Jimenez-Landi-Natural-Vinos-Singulares-2020-750ml.png\" \/>\n\t<meta property=\"og:image:width\" content=\"328\" \/>\n\t<meta property=\"og:image:height\" content=\"1200\" \/>\n\t<meta property=\"og:image:type\" content=\"image\/png\" \/>\n<meta name=\"twitter:card\" content=\"summary_large_image\" \/>\n<meta name=\"twitter:label1\" content=\"Gesch\u00e4tzte Lesezeit\" \/>\n\t<meta name=\"twitter:data1\" content=\"1\u00a0Minute\" \/>\n<script type=\"application\/ld+json\" class=\"yoast-schema-graph\">{\"@context\":\"https:\\\/\\\/schema.org\",\"@graph\":[{\"@type\":\"WebPage\",\"@id\":\"https:\\\/\\\/wein-werte.com\\\/de\\\/produkt\\\/jimenez-landi-natural-vinos-singulares-2020-750ml\\\/\",\"url\":\"https:\\\/\\\/wein-werte.com\\\/de\\\/produkt\\\/jimenez-landi-natural-vinos-singulares-2020-750ml\\\/\",\"name\":\"Jimenez - Landi Natural Vinos Singulares 2020\",\"isPartOf\":{\"@id\":\"https:\\\/\\\/wein-werte.com\\\/de\\\/#website\"},\"primaryImageOfPage\":{\"@id\":\"https:\\\/\\\/wein-werte.com\\\/de\\\/produkt\\\/jimenez-landi-natural-vinos-singulares-2020-750ml\\\/#primaryimage\"},\"image\":{\"@id\":\"https:\\\/\\\/wein-werte.com\\\/de\\\/produkt\\\/jimenez-landi-natural-vinos-singulares-2020-750ml\\\/#primaryimage\"},\"thumbnailUrl\":\"https:\\\/\\\/wein-werte.com\\\/wp-content\\\/uploads\\\/2026\\\/04\\\/Jimenez-Landi-Natural-Vinos-Singulares-2020-750ml.png\",\"datePublished\":\"2026-05-05T16:26:29+00:00\",\"description\":\"Kaufe Jimenez - Landi Natural Vinos Singulares 2020 (Syrah Cuv\u00e9e, trocken Orange Wein aus Mentrida, Spanien) bei Wein Werte, Ihrem nachhaltigen Onlineshop.\",\"breadcrumb\":{\"@id\":\"https:\\\/\\\/wein-werte.com\\\/de\\\/produkt\\\/jimenez-landi-natural-vinos-singulares-2020-750ml\\\/#breadcrumb\"},\"inLanguage\":\"de\",\"potentialAction\":[{\"@type\":\"ReadAction\",\"target\":[\"https:\\\/\\\/wein-werte.com\\\/de\\\/produkt\\\/jimenez-landi-natural-vinos-singulares-2020-750ml\\\/\"]}]},{\"@type\":\"ImageObject\",\"inLanguage\":\"de\",\"@id\":\"https:\\\/\\\/wein-werte.com\\\/de\\\/produkt\\\/jimenez-landi-natural-vinos-singulares-2020-750ml\\\/#primaryimage\",\"url\":\"https:\\\/\\\/wein-werte.com\\\/wp-content\\\/uploads\\\/2026\\\/04\\\/Jimenez-Landi-Natural-Vinos-Singulares-2020-750ml.png\",\"contentUrl\":\"https:\\\/\\\/wein-werte.com\\\/wp-content\\\/uploads\\\/2026\\\/04\\\/Jimenez-Landi-Natural-Vinos-Singulares-2020-750ml.png\",\"width\":328,\"height\":1200,\"caption\":\"Jimenez - Landi Natural, Vinos Singulares 2020 750ml\"},{\"@type\":\"BreadcrumbList\",\"@id\":\"https:\\\/\\\/wein-werte.com\\\/de\\\/produkt\\\/jimenez-landi-natural-vinos-singulares-2020-750ml\\\/#breadcrumb\",\"itemListElement\":[{\"@type\":\"ListItem\",\"position\":1,\"name\":\"Home\",\"item\":\"https:\\\/\\\/wein-werte.com\\\/de\\\/\"},{\"@type\":\"ListItem\",\"position\":2,\"name\":\"Shop\",\"item\":\"https:\\\/\\\/wein-werte.com\\\/de\\\/shop\\\/\"},{\"@type\":\"ListItem\",\"position\":3,\"name\":\"Jimenez &#8211; Landi | Mentrida | Natural, Vinos Singulares | 2020 | 750ml\"}]},{\"@type\":\"WebSite\",\"@id\":\"https:\\\/\\\/wein-werte.com\\\/de\\\/#website\",\"url\":\"https:\\\/\\\/wein-werte.com\\\/de\\\/\",\"name\":\"Wein Werte\",\"description\":\"\",\"publisher\":{\"@id\":\"https:\\\/\\\/wein-werte.com\\\/de\\\/#organization\"},\"potentialAction\":[{\"@type\":\"SearchAction\",\"target\":{\"@type\":\"EntryPoint\",\"urlTemplate\":\"https:\\\/\\\/wein-werte.com\\\/de\\\/?s={search_term_string}\"},\"query-input\":{\"@type\":\"PropertyValueSpecification\",\"valueRequired\":true,\"valueName\":\"search_term_string\"}}],\"inLanguage\":\"de\"},{\"@type\":\"Organization\",\"@id\":\"https:\\\/\\\/wein-werte.com\\\/de\\\/#organization\",\"name\":\"Vins Fins Thorrold\",\"url\":\"https:\\\/\\\/wein-werte.com\\\/de\\\/\",\"logo\":{\"@type\":\"ImageObject\",\"inLanguage\":\"de\",\"@id\":\"https:\\\/\\\/wein-werte.com\\\/de\\\/#\\\/schema\\\/logo\\\/image\\\/\",\"url\":\"https:\\\/\\\/wein-werte.com\\\/wp-content\\\/uploads\\\/2023\\\/07\\\/Wein_werte_Logo700-1.png\",\"contentUrl\":\"https:\\\/\\\/wein-werte.com\\\/wp-content\\\/uploads\\\/2023\\\/07\\\/Wein_werte_Logo700-1.png\",\"width\":700,\"height\":272,\"caption\":\"Vins Fins Thorrold\"},\"image\":{\"@id\":\"https:\\\/\\\/wein-werte.com\\\/de\\\/#\\\/schema\\\/logo\\\/image\\\/\"}}]}<\/script>\n<!-- \/ Yoast SEO plugin. -->","yoast_head_json":{"title":"Jimenez - Landi Natural Vinos Singulares 2020","description":"Kaufe Jimenez - Landi Natural Vinos Singulares 2020 (Syrah Cuv\u00e9e, trocken Orange Wein aus Mentrida, Spanien) bei Wein Werte, Ihrem nachhaltigen Onlineshop.","robots":{"index":"index","follow":"follow","max-snippet":"max-snippet:-1","max-image-preview":"max-image-preview:large","max-video-preview":"max-video-preview:-1"},"canonical":"https:\/\/wein-werte.com\/de\/produkt\/jimenez-landi-natural-vinos-singulares-2020-750ml\/","og_locale":"de_DE","og_type":"article","og_title":"Jimenez - Landi Natural Vinos Singulares 2020","og_description":"Kaufe Jimenez - Landi Natural Vinos Singulares 2020 (Syrah Cuv\u00e9e, trocken Orange Wein aus Mentrida, Spanien) bei Wein Werte, Ihrem nachhaltigen Onlineshop.","og_url":"https:\/\/wein-werte.com\/de\/produkt\/jimenez-landi-natural-vinos-singulares-2020-750ml\/","og_site_name":"Wein Werte","og_image":[{"width":328,"height":1200,"url":"https:\/\/wein-werte.com\/wp-content\/uploads\/2026\/04\/Jimenez-Landi-Natural-Vinos-Singulares-2020-750ml.png","type":"image\/png"}],"twitter_card":"summary_large_image","twitter_misc":{"Gesch\u00e4tzte Lesezeit":"1\u00a0Minute"},"schema":{"@context":"https:\/\/schema.org","@graph":[{"@type":"WebPage","@id":"https:\/\/wein-werte.com\/de\/produkt\/jimenez-landi-natural-vinos-singulares-2020-750ml\/","url":"https:\/\/wein-werte.com\/de\/produkt\/jimenez-landi-natural-vinos-singulares-2020-750ml\/","name":"Jimenez - Landi Natural Vinos Singulares 2020","isPartOf":{"@id":"https:\/\/wein-werte.com\/de\/#website"},"primaryImageOfPage":{"@id":"https:\/\/wein-werte.com\/de\/produkt\/jimenez-landi-natural-vinos-singulares-2020-750ml\/#primaryimage"},"image":{"@id":"https:\/\/wein-werte.com\/de\/produkt\/jimenez-landi-natural-vinos-singulares-2020-750ml\/#primaryimage"},"thumbnailUrl":"https:\/\/wein-werte.com\/wp-content\/uploads\/2026\/04\/Jimenez-Landi-Natural-Vinos-Singulares-2020-750ml.png","datePublished":"2026-05-05T16:26:29+00:00","description":"Kaufe Jimenez - Landi Natural Vinos Singulares 2020 (Syrah Cuv\u00e9e, trocken Orange Wein aus Mentrida, Spanien) bei Wein Werte, Ihrem nachhaltigen Onlineshop.","breadcrumb":{"@id":"https:\/\/wein-werte.com\/de\/produkt\/jimenez-landi-natural-vinos-singulares-2020-750ml\/#breadcrumb"},"inLanguage":"de","potentialAction":[{"@type":"ReadAction","target":["https:\/\/wein-werte.com\/de\/produkt\/jimenez-landi-natural-vinos-singulares-2020-750ml\/"]}]},{"@type":"ImageObject","inLanguage":"de","@id":"https:\/\/wein-werte.com\/de\/produkt\/jimenez-landi-natural-vinos-singulares-2020-750ml\/#primaryimage","url":"https:\/\/wein-werte.com\/wp-content\/uploads\/2026\/04\/Jimenez-Landi-Natural-Vinos-Singulares-2020-750ml.png","contentUrl":"https:\/\/wein-werte.com\/wp-content\/uploads\/2026\/04\/Jimenez-Landi-Natural-Vinos-Singulares-2020-750ml.png","width":328,"height":1200,"caption":"Jimenez - Landi Natural, Vinos Singulares 2020 750ml"},{"@type":"BreadcrumbList","@id":"https:\/\/wein-werte.com\/de\/produkt\/jimenez-landi-natural-vinos-singulares-2020-750ml\/#breadcrumb","itemListElement":[{"@type":"ListItem","position":1,"name":"Home","item":"https:\/\/wein-werte.com\/de\/"},{"@type":"ListItem","position":2,"name":"Shop","item":"https:\/\/wein-werte.com\/de\/shop\/"},{"@type":"ListItem","position":3,"name":"Jimenez &#8211; Landi | Mentrida | Natural, Vinos Singulares | 2020 | 750ml"}]},{"@type":"WebSite","@id":"https:\/\/wein-werte.com\/de\/#website","url":"https:\/\/wein-werte.com\/de\/","name":"Wein Werte","description":"","publisher":{"@id":"https:\/\/wein-werte.com\/de\/#organization"},"potentialAction":[{"@type":"SearchAction","target":{"@type":"EntryPoint","urlTemplate":"https:\/\/wein-werte.com\/de\/?s={search_term_string}"},"query-input":{"@type":"PropertyValueSpecification","valueRequired":true,"valueName":"search_term_string"}}],"inLanguage":"de"},{"@type":"Organization","@id":"https:\/\/wein-werte.com\/de\/#organization","name":"Vins Fins Thorrold","url":"https:\/\/wein-werte.com\/de\/","logo":{"@type":"ImageObject","inLanguage":"de","@id":"https:\/\/wein-werte.com\/de\/#\/schema\/logo\/image\/","url":"https:\/\/wein-werte.com\/wp-content\/uploads\/2023\/07\/Wein_werte_Logo700-1.png","contentUrl":"https:\/\/wein-werte.com\/wp-content\/uploads\/2023\/07\/Wein_werte_Logo700-1.png","width":700,"height":272,"caption":"Vins Fins Thorrold"},"image":{"@id":"https:\/\/wein-werte.com\/de\/#\/schema\/logo\/image\/"}}]}},"_links":{"self":[{"href":"https:\/\/wein-werte.com\/de\/wp-json\/wp\/v2\/product\/1133461","targetHints":{"allow":["GET"]}}],"collection":[{"href":"https:\/\/wein-werte.com\/de\/wp-json\/wp\/v2\/product"}],"about":[{"href":"https:\/\/wein-werte.com\/de\/wp-json\/wp\/v2\/types\/product"}],"wp:featuredmedia":[{"embeddable":true,"href":"https:\/\/wein-werte.com\/de\/wp-json\/wp\/v2\/media\/1143882"}],"wp:attachment":[{"href":"https:\/\/wein-werte.com\/de\/wp-json\/wp\/v2\/media?parent=1133461"}],"wp:term":[{"taxonomy":"product_brand","embeddable":true,"href":"https:\/\/wein-werte.com\/de\/wp-json\/wp\/v2\/product_brand?post=1133461"},{"taxonomy":"product_cat","embeddable":true,"href":"https:\/\/wein-werte.com\/de\/wp-json\/wp\/v2\/product_cat?post=1133461"},{"taxonomy":"product_tag","embeddable":true,"href":"https:\/\/wein-werte.com\/de\/wp-json\/wp\/v2\/product_tag?post=1133461"}],"curies":[{"name":"wp","href":"https:\/\/api.w.org\/{rel}","templated":true}]}}