{"id":1133436,"date":"2026-05-05T18:26:28","date_gmt":"2026-05-05T16:26:28","guid":{"rendered":"https:\/\/wein-werte.com\/product\/terroir-al-limit-les-manyes-2022-750ml\/"},"modified":"2026-04-27T11:50:36","modified_gmt":"2026-04-27T09:50:36","slug":"terroir-al-limit-les-manyes-2022-750ml","status":"publish","type":"product","link":"https:\/\/wein-werte.com\/de\/produkt\/terroir-al-limit-les-manyes-2022-750ml\/","title":{"rendered":"Terroir al Limit | Priorat | Les Manyes | 2022 | 750ml"},"content":{"rendered":"<p>Produktbeschreibung f\u00fcr Terroir al Limit Les Manyes 2022 <\/p>\n<p> Auf 800 Metern H\u00f6he, oberhalb eines Klosters in Scala Dei, w\u00e4chst die seltene Garnacha Peluda in kalkhaltigem Tonboden mit westlicher Ausrichtung. Die 60 Jahre alten Reben sind an das trockene Klima angepasst: Ihr feiner Flaum auf der Blattunterseite hilft, Feuchtigkeit zu bewahren. Das Ergebnis ist ein ausdrucksstarker Wein mit beeindruckender Frische und Struktur. Dunkle Kirschen, rauchige und mineralische Noten sowie Kr\u00e4uterw\u00fcrze pr\u00e4gen das Profil, begleitet von einer feinen Bitterkeit, die Tiefe und Eleganz verleiht. Handgelesen, mit ganzen Trauben vergoren und in Zement ausgebaut <\/p>\n<h5>Farbe<\/h5>\n<p> Transparentes Rubinrot. <\/p>\n<h5>Nase<\/h5>\n<p> Der 2022 Les Manyes von Terroir al Limit birst f\u00f6rmlich vor schwarzen Kirschen, dunklen Beerenfr\u00fcchten sowie Zwetschgen- und Pflaumenmus. Die freudvollen Fruchtkaskaden werden \u00e4therisch erg\u00e4nzt von milden Gew\u00fcrznoten nach Gew\u00fcrznelken, schwarzem Pfeffer sowie Toffee und etwas Rauch in der Kopfnote. Trotz seiner vermeintlichen Zug\u00e4nglichkeit in jugendlichem Alter empfehlen sich hier die gro\u00dfen, teuren Gl\u00e4ser nebst der Kristallkaraffe. <\/p>\n<h5>Mund<\/h5>\n<p> Am Gaumen zeigt sich der Les Manyes tiefgr\u00fcndig und fein, filigran und kraftvoll, konzentriert und transparent. Definiert wie Rudolf Nurejew \u2013 kraftvoll, aber nicht brachial, agil und dynamisch mit gro\u00dfer Pr\u00e4zision und h\u00f6chster Disziplin. Es ist kein lauter Wein, er plaudert nicht, spricht aber mit fester Stimme \u2013 jedes Wort druckreif, ohne F\u00fcllsel, klar, definiert und pr\u00e4zise. Die frische Frucht in perfekter Balance mit dem eng geschn\u00fcrten Gerbstoffkorsett, feingliedrig und engmaschig, herb konturiert mit fruchtig-herbem Nachhall. <\/p>\n<p>Copyright Vinaturel 2025<\/p>\n<p>Keywords: <a href=\"https:\/\/wein-werte.com\/de\/shop\/?swoof=1&#038;pa_producer=Terroir-al-Limit\">Terroir al Limit<\/a> <a href=\"https:\/\/wein-werte.com\/de\/shop\/?swoof=1&#038;woof_text=Les Manyes\">Les Manyes<\/a> 2022  <a href=\"https:\/\/wein-werte.com\/de\/shop\/?swoof=1&#038;pa_region=Priorat\">Priorat<\/a> <a href=\"https:\/\/wein-werte.com\/de\/shop\/?swoof=1&#038;pa_country=Spanien\">Spanien<\/a><\/p>\n<h3>Wine Advocate<\/h3>\n<p>Punkte: 97<\/p>\n<p>Ein reiner Garnacha Peluda aus einem hochgelegenen Weinberg auf 800 Metern \u00fcber dem Meeresspiegel auf Kalksteinb\u00f6den im Montsant-Gebirge. Der Les Manyes 2022 ist ein reiner Garnacha Peluda von Reben, die vor 60 Jahren gepflanzt wurden, aus einem hochgelegenen Weinberg auf 800 Metern \u00fcber dem Meeresspiegel auf Kalksteinb\u00f6den im Montsant-Gebirge. Er vergor mit vollen Trauben und einheimischen Hefen sieben bis acht Tage lang. Der Wein reifte acht Monate in Betonf\u00e4ssern. Er ist zart, blass, \u00e4therisch, elegant, blumig und parf\u00fcmiert, recht urspr\u00fcnglich mit reinen Aromen. Er hat eine gewisse Leichtigkeit, subtile Aromen und einen trockenen Abgang. 3.008 Flaschen wurden im Mai 2023 abgef\u00fcllt.<br \/>Luis Guti\u00e9rrez<\/p>\n<p>Internetseite des Weinguts: <a href=\"https:\/\/terroir-al-limit.com\/\" target=\"_blank\">https:\/\/terroir-al-limit.com\/<\/a><\/p>\n","protected":false},"excerpt":{"rendered":"<p>Lieferzeit: 1 bis 2 Arbeitstage (DE), 2 bis 5 Arbeitstage (EU and CH)<\/p>\n","protected":false},"featured_media":1143862,"template":"","meta":[],"product_brand":[],"product_cat":[19],"product_tag":[],"class_list":{"0":"post-1133436","1":"product","2":"type-product","3":"status-publish","4":"has-post-thumbnail","6":"product_cat-unkategorisiert","7":"pa_alcohol-for-filter-13-5","8":"pa_certified-biodynamic-nein-de","9":"pa_certified-organic-nein-de","10":"pa_colour-rot","11":"pa_country-spanien","12":"pa_grape-grenache","13":"pa_parker-points-for-filter-97-de-2","14":"pa_price-for-filter-10636","15":"pa_producer-terroir-al-limit","16":"pa_region-priorat","17":"pa_size-ml-6584","18":"pa_sweetness-trocken-de","19":"pa_type-2-still-de","20":"pa_vintage-2022-de","21":"entry","22":"has-media","24":"first","25":"instock","26":"taxable","27":"shipping-taxable","28":"purchasable","29":"product-type-simple"},"yoast_head":"<!-- This site is optimized with the Yoast SEO plugin v27.5 - https:\/\/yoast.com\/product\/yoast-seo-wordpress\/ -->\n<title>Terroir al Limit Les Manyes 2022<\/title>\n<meta name=\"description\" content=\"Kaufe Terroir al Limit Les Manyes 2022 (Grenache, trocken aus Priorat, Spanien) bei Wein Werte, Ihrem nachhaltigen Onlineshop.\" \/>\n<meta name=\"robots\" content=\"index, follow, max-snippet:-1, max-image-preview:large, max-video-preview:-1\" \/>\n<link rel=\"canonical\" href=\"https:\/\/wein-werte.com\/de\/produkt\/terroir-al-limit-les-manyes-2022-750ml\/\" \/>\n<meta property=\"og:locale\" content=\"de_DE\" \/>\n<meta property=\"og:type\" content=\"article\" \/>\n<meta property=\"og:title\" content=\"Terroir al Limit Les Manyes 2022\" \/>\n<meta property=\"og:description\" content=\"Kaufe Terroir al Limit Les Manyes 2022 (Grenache, trocken aus Priorat, Spanien) bei Wein Werte, Ihrem nachhaltigen Onlineshop.\" \/>\n<meta property=\"og:url\" content=\"https:\/\/wein-werte.com\/de\/produkt\/terroir-al-limit-les-manyes-2022-750ml\/\" \/>\n<meta property=\"og:site_name\" content=\"Wein Werte\" \/>\n<meta property=\"og:image\" content=\"https:\/\/wein-werte.com\/wp-content\/uploads\/2026\/04\/Terroir-al-Limit-Les-Manyes-2022-750ml.png\" \/>\n\t<meta property=\"og:image:width\" content=\"348\" \/>\n\t<meta property=\"og:image:height\" content=\"1200\" \/>\n\t<meta property=\"og:image:type\" content=\"image\/png\" \/>\n<meta name=\"twitter:card\" content=\"summary_large_image\" \/>\n<meta name=\"twitter:label1\" content=\"Gesch\u00e4tzte Lesezeit\" \/>\n\t<meta name=\"twitter:data1\" content=\"2\u00a0Minuten\" \/>\n<script type=\"application\/ld+json\" class=\"yoast-schema-graph\">{\"@context\":\"https:\\\/\\\/schema.org\",\"@graph\":[{\"@type\":\"WebPage\",\"@id\":\"https:\\\/\\\/wein-werte.com\\\/de\\\/produkt\\\/terroir-al-limit-les-manyes-2022-750ml\\\/\",\"url\":\"https:\\\/\\\/wein-werte.com\\\/de\\\/produkt\\\/terroir-al-limit-les-manyes-2022-750ml\\\/\",\"name\":\"Terroir al Limit Les Manyes 2022\",\"isPartOf\":{\"@id\":\"https:\\\/\\\/wein-werte.com\\\/de\\\/#website\"},\"primaryImageOfPage\":{\"@id\":\"https:\\\/\\\/wein-werte.com\\\/de\\\/produkt\\\/terroir-al-limit-les-manyes-2022-750ml\\\/#primaryimage\"},\"image\":{\"@id\":\"https:\\\/\\\/wein-werte.com\\\/de\\\/produkt\\\/terroir-al-limit-les-manyes-2022-750ml\\\/#primaryimage\"},\"thumbnailUrl\":\"https:\\\/\\\/wein-werte.com\\\/wp-content\\\/uploads\\\/2026\\\/04\\\/Terroir-al-Limit-Les-Manyes-2022-750ml.png\",\"datePublished\":\"2026-05-05T16:26:28+00:00\",\"description\":\"Kaufe Terroir al Limit Les Manyes 2022 (Grenache, trocken aus Priorat, Spanien) bei Wein Werte, Ihrem nachhaltigen Onlineshop.\",\"breadcrumb\":{\"@id\":\"https:\\\/\\\/wein-werte.com\\\/de\\\/produkt\\\/terroir-al-limit-les-manyes-2022-750ml\\\/#breadcrumb\"},\"inLanguage\":\"de\",\"potentialAction\":[{\"@type\":\"ReadAction\",\"target\":[\"https:\\\/\\\/wein-werte.com\\\/de\\\/produkt\\\/terroir-al-limit-les-manyes-2022-750ml\\\/\"]}]},{\"@type\":\"ImageObject\",\"inLanguage\":\"de\",\"@id\":\"https:\\\/\\\/wein-werte.com\\\/de\\\/produkt\\\/terroir-al-limit-les-manyes-2022-750ml\\\/#primaryimage\",\"url\":\"https:\\\/\\\/wein-werte.com\\\/wp-content\\\/uploads\\\/2026\\\/04\\\/Terroir-al-Limit-Les-Manyes-2022-750ml.png\",\"contentUrl\":\"https:\\\/\\\/wein-werte.com\\\/wp-content\\\/uploads\\\/2026\\\/04\\\/Terroir-al-Limit-Les-Manyes-2022-750ml.png\",\"width\":348,\"height\":1200,\"caption\":\"Terroir al Limit Les Manyes 2022 750ml\"},{\"@type\":\"BreadcrumbList\",\"@id\":\"https:\\\/\\\/wein-werte.com\\\/de\\\/produkt\\\/terroir-al-limit-les-manyes-2022-750ml\\\/#breadcrumb\",\"itemListElement\":[{\"@type\":\"ListItem\",\"position\":1,\"name\":\"Home\",\"item\":\"https:\\\/\\\/wein-werte.com\\\/de\\\/\"},{\"@type\":\"ListItem\",\"position\":2,\"name\":\"Shop\",\"item\":\"https:\\\/\\\/wein-werte.com\\\/de\\\/shop\\\/\"},{\"@type\":\"ListItem\",\"position\":3,\"name\":\"Terroir al Limit | Priorat | Les Manyes | 2022 | 750ml\"}]},{\"@type\":\"WebSite\",\"@id\":\"https:\\\/\\\/wein-werte.com\\\/de\\\/#website\",\"url\":\"https:\\\/\\\/wein-werte.com\\\/de\\\/\",\"name\":\"Wein Werte\",\"description\":\"\",\"publisher\":{\"@id\":\"https:\\\/\\\/wein-werte.com\\\/de\\\/#organization\"},\"potentialAction\":[{\"@type\":\"SearchAction\",\"target\":{\"@type\":\"EntryPoint\",\"urlTemplate\":\"https:\\\/\\\/wein-werte.com\\\/de\\\/?s={search_term_string}\"},\"query-input\":{\"@type\":\"PropertyValueSpecification\",\"valueRequired\":true,\"valueName\":\"search_term_string\"}}],\"inLanguage\":\"de\"},{\"@type\":\"Organization\",\"@id\":\"https:\\\/\\\/wein-werte.com\\\/de\\\/#organization\",\"name\":\"Vins Fins Thorrold\",\"url\":\"https:\\\/\\\/wein-werte.com\\\/de\\\/\",\"logo\":{\"@type\":\"ImageObject\",\"inLanguage\":\"de\",\"@id\":\"https:\\\/\\\/wein-werte.com\\\/de\\\/#\\\/schema\\\/logo\\\/image\\\/\",\"url\":\"https:\\\/\\\/wein-werte.com\\\/wp-content\\\/uploads\\\/2023\\\/07\\\/Wein_werte_Logo700-1.png\",\"contentUrl\":\"https:\\\/\\\/wein-werte.com\\\/wp-content\\\/uploads\\\/2023\\\/07\\\/Wein_werte_Logo700-1.png\",\"width\":700,\"height\":272,\"caption\":\"Vins Fins Thorrold\"},\"image\":{\"@id\":\"https:\\\/\\\/wein-werte.com\\\/de\\\/#\\\/schema\\\/logo\\\/image\\\/\"}}]}<\/script>\n<!-- \/ Yoast SEO plugin. -->","yoast_head_json":{"title":"Terroir al Limit Les Manyes 2022","description":"Kaufe Terroir al Limit Les Manyes 2022 (Grenache, trocken aus Priorat, Spanien) bei Wein Werte, Ihrem nachhaltigen Onlineshop.","robots":{"index":"index","follow":"follow","max-snippet":"max-snippet:-1","max-image-preview":"max-image-preview:large","max-video-preview":"max-video-preview:-1"},"canonical":"https:\/\/wein-werte.com\/de\/produkt\/terroir-al-limit-les-manyes-2022-750ml\/","og_locale":"de_DE","og_type":"article","og_title":"Terroir al Limit Les Manyes 2022","og_description":"Kaufe Terroir al Limit Les Manyes 2022 (Grenache, trocken aus Priorat, Spanien) bei Wein Werte, Ihrem nachhaltigen Onlineshop.","og_url":"https:\/\/wein-werte.com\/de\/produkt\/terroir-al-limit-les-manyes-2022-750ml\/","og_site_name":"Wein Werte","og_image":[{"width":348,"height":1200,"url":"https:\/\/wein-werte.com\/wp-content\/uploads\/2026\/04\/Terroir-al-Limit-Les-Manyes-2022-750ml.png","type":"image\/png"}],"twitter_card":"summary_large_image","twitter_misc":{"Gesch\u00e4tzte Lesezeit":"2\u00a0Minuten"},"schema":{"@context":"https:\/\/schema.org","@graph":[{"@type":"WebPage","@id":"https:\/\/wein-werte.com\/de\/produkt\/terroir-al-limit-les-manyes-2022-750ml\/","url":"https:\/\/wein-werte.com\/de\/produkt\/terroir-al-limit-les-manyes-2022-750ml\/","name":"Terroir al Limit Les Manyes 2022","isPartOf":{"@id":"https:\/\/wein-werte.com\/de\/#website"},"primaryImageOfPage":{"@id":"https:\/\/wein-werte.com\/de\/produkt\/terroir-al-limit-les-manyes-2022-750ml\/#primaryimage"},"image":{"@id":"https:\/\/wein-werte.com\/de\/produkt\/terroir-al-limit-les-manyes-2022-750ml\/#primaryimage"},"thumbnailUrl":"https:\/\/wein-werte.com\/wp-content\/uploads\/2026\/04\/Terroir-al-Limit-Les-Manyes-2022-750ml.png","datePublished":"2026-05-05T16:26:28+00:00","description":"Kaufe Terroir al Limit Les Manyes 2022 (Grenache, trocken aus Priorat, Spanien) bei Wein Werte, Ihrem nachhaltigen Onlineshop.","breadcrumb":{"@id":"https:\/\/wein-werte.com\/de\/produkt\/terroir-al-limit-les-manyes-2022-750ml\/#breadcrumb"},"inLanguage":"de","potentialAction":[{"@type":"ReadAction","target":["https:\/\/wein-werte.com\/de\/produkt\/terroir-al-limit-les-manyes-2022-750ml\/"]}]},{"@type":"ImageObject","inLanguage":"de","@id":"https:\/\/wein-werte.com\/de\/produkt\/terroir-al-limit-les-manyes-2022-750ml\/#primaryimage","url":"https:\/\/wein-werte.com\/wp-content\/uploads\/2026\/04\/Terroir-al-Limit-Les-Manyes-2022-750ml.png","contentUrl":"https:\/\/wein-werte.com\/wp-content\/uploads\/2026\/04\/Terroir-al-Limit-Les-Manyes-2022-750ml.png","width":348,"height":1200,"caption":"Terroir al Limit Les Manyes 2022 750ml"},{"@type":"BreadcrumbList","@id":"https:\/\/wein-werte.com\/de\/produkt\/terroir-al-limit-les-manyes-2022-750ml\/#breadcrumb","itemListElement":[{"@type":"ListItem","position":1,"name":"Home","item":"https:\/\/wein-werte.com\/de\/"},{"@type":"ListItem","position":2,"name":"Shop","item":"https:\/\/wein-werte.com\/de\/shop\/"},{"@type":"ListItem","position":3,"name":"Terroir al Limit | Priorat | Les Manyes | 2022 | 750ml"}]},{"@type":"WebSite","@id":"https:\/\/wein-werte.com\/de\/#website","url":"https:\/\/wein-werte.com\/de\/","name":"Wein Werte","description":"","publisher":{"@id":"https:\/\/wein-werte.com\/de\/#organization"},"potentialAction":[{"@type":"SearchAction","target":{"@type":"EntryPoint","urlTemplate":"https:\/\/wein-werte.com\/de\/?s={search_term_string}"},"query-input":{"@type":"PropertyValueSpecification","valueRequired":true,"valueName":"search_term_string"}}],"inLanguage":"de"},{"@type":"Organization","@id":"https:\/\/wein-werte.com\/de\/#organization","name":"Vins Fins Thorrold","url":"https:\/\/wein-werte.com\/de\/","logo":{"@type":"ImageObject","inLanguage":"de","@id":"https:\/\/wein-werte.com\/de\/#\/schema\/logo\/image\/","url":"https:\/\/wein-werte.com\/wp-content\/uploads\/2023\/07\/Wein_werte_Logo700-1.png","contentUrl":"https:\/\/wein-werte.com\/wp-content\/uploads\/2023\/07\/Wein_werte_Logo700-1.png","width":700,"height":272,"caption":"Vins Fins Thorrold"},"image":{"@id":"https:\/\/wein-werte.com\/de\/#\/schema\/logo\/image\/"}}]}},"_links":{"self":[{"href":"https:\/\/wein-werte.com\/de\/wp-json\/wp\/v2\/product\/1133436","targetHints":{"allow":["GET"]}}],"collection":[{"href":"https:\/\/wein-werte.com\/de\/wp-json\/wp\/v2\/product"}],"about":[{"href":"https:\/\/wein-werte.com\/de\/wp-json\/wp\/v2\/types\/product"}],"wp:featuredmedia":[{"embeddable":true,"href":"https:\/\/wein-werte.com\/de\/wp-json\/wp\/v2\/media\/1143862"}],"wp:attachment":[{"href":"https:\/\/wein-werte.com\/de\/wp-json\/wp\/v2\/media?parent=1133436"}],"wp:term":[{"taxonomy":"product_brand","embeddable":true,"href":"https:\/\/wein-werte.com\/de\/wp-json\/wp\/v2\/product_brand?post=1133436"},{"taxonomy":"product_cat","embeddable":true,"href":"https:\/\/wein-werte.com\/de\/wp-json\/wp\/v2\/product_cat?post=1133436"},{"taxonomy":"product_tag","embeddable":true,"href":"https:\/\/wein-werte.com\/de\/wp-json\/wp\/v2\/product_tag?post=1133436"}],"curies":[{"name":"wp","href":"https:\/\/api.w.org\/{rel}","templated":true}]}}