{"id":1133411,"date":"2026-05-05T18:26:27","date_gmt":"2026-05-05T16:26:27","guid":{"rendered":"https:\/\/wein-werte.com\/product\/terroir-al-limit-les-tosses-2021-750ml\/"},"modified":"2026-04-27T11:50:33","modified_gmt":"2026-04-27T09:50:33","slug":"terroir-al-limit-les-tosses-2021-750ml","status":"publish","type":"product","link":"https:\/\/wein-werte.com\/de\/produkt\/terroir-al-limit-les-tosses-2021-750ml\/","title":{"rendered":"Terroir al Limit | Priorat | Les Tosses | 2021 | 750ml"},"content":{"rendered":"<p>Produktbeschreibung f\u00fcr Terroir al Limit Les Tosses 2021 <\/p>\n<p>Terroir al Limit Les Tosses 2021 ist ein trockener Rotwein hergestellt aus Carignan Trauben in der Region Priorat in Spanien.<\/p>\n<p>Keywords: <a href=\"https:\/\/wein-werte.com\/de\/shop\/?swoof=1&#038;pa_producer=Terroir-al-Limit\">Terroir al Limit<\/a> <a href=\"https:\/\/wein-werte.com\/de\/shop\/?swoof=1&#038;woof_text=Les Tosses\">Les Tosses<\/a> 2021  <a href=\"https:\/\/wein-werte.com\/de\/shop\/?swoof=1&#038;pa_region=Priorat\">Priorat<\/a> <a href=\"https:\/\/wein-werte.com\/de\/shop\/?swoof=1&#038;pa_country=Spanien\">Spanien<\/a><\/p>\n<h3>Wine Advocate<\/h3>\n<p>Punkte: 97+<\/p>\n<p>Die meisten Weine des Jahrgangs 2021 wirkten sehr jung, etwas verschlossen und vielleicht auch etwas reduktiv, wie zum Beispiel der Les Tosses 2021. Der Wein hat eine moderate Reife und einen Alkoholgehalt von 13,5 %. Am Gaumen pr\u00e4sentiert er sich mittelkr\u00e4ftig mit sehr feinen Tanninen. Er ist noch jung und unentwickelt. 3.208 Flaschen produziert.<br \/>Luis Guti\u00e9rrez<\/p>\n<h3>Vinous<\/h3>\n<p>Punkte: 95<\/p>\n<p>Der Les Tosses 2021 besteht zu 100 % aus Cari\u00f1ena von alten Rebst\u00f6cken in Torraja del Priorat. Er wurde acht Monate in Betonf\u00e4ssern vergoren und gereift. Granatrot, sonnenverw\u00f6hnt, offenbart er in der Nase Noten von Tomatenmarmelade, Granatapfel und Cola. Schlank und seidig, am Gaumen leicht konzentriert mit erh\u00f6hter S\u00e4ure, die zu einem anhaltenden Abgang f\u00fchrt. Dieser nuancierte, helle Rotwein, gereift in einem straffen, schlanken Stil, kontrastiert die sengende Sonne des Priorats. \u2013 Joaqu\u00edn Hidalgo<br \/>Trinkfenster: 2025\u20132036<br \/>Testdatum: November 2024<\/p>\n<p>Internetseite des Weinguts: <a href=\"https:\/\/terroir-al-limit.com\/\" target=\"_blank\">https:\/\/terroir-al-limit.com\/<\/a><\/p>\n","protected":false},"excerpt":{"rendered":"<p>Lieferzeit: 1 bis 2 Arbeitstage (DE), 2 bis 5 Arbeitstage (EU and CH)<\/p>\n","protected":false},"featured_media":1143842,"template":"","meta":[],"product_brand":[],"product_cat":[19],"product_tag":[],"class_list":{"0":"post-1133411","1":"product","2":"type-product","3":"status-publish","4":"has-post-thumbnail","6":"product_cat-unkategorisiert","7":"pa_alcohol-for-filter-13-5","8":"pa_certified-biodynamic-nein-de","9":"pa_certified-organic-nein-de","10":"pa_colour-rot","11":"pa_country-spanien","12":"pa_grape-carignan","13":"pa_parker-points-for-filter-97-de-2","14":"pa_price-for-filter-10636","15":"pa_producer-terroir-al-limit","16":"pa_region-priorat","17":"pa_size-ml-6584","18":"pa_sweetness-trocken-de","19":"pa_type-2-still-de","20":"pa_vinous-points-for-filter-20035","21":"pa_vintage-2021-de","22":"entry","23":"has-media","25":"first","26":"instock","27":"taxable","28":"shipping-taxable","29":"purchasable","30":"product-type-simple"},"yoast_head":"<!-- This site is optimized with the Yoast SEO plugin v27.5 - https:\/\/yoast.com\/product\/yoast-seo-wordpress\/ -->\n<title>Terroir al Limit Les Tosses 2021<\/title>\n<meta name=\"description\" content=\"Kaufe Terroir al Limit Les Tosses 2021 (Carignan, trocken aus Priorat, Spanien) bei Wein Werte, Ihrem nachhaltigen Onlineshop.\" \/>\n<meta name=\"robots\" content=\"index, follow, max-snippet:-1, max-image-preview:large, max-video-preview:-1\" \/>\n<link rel=\"canonical\" href=\"https:\/\/wein-werte.com\/de\/produkt\/terroir-al-limit-les-tosses-2021-750ml\/\" \/>\n<meta property=\"og:locale\" content=\"de_DE\" \/>\n<meta property=\"og:type\" content=\"article\" \/>\n<meta property=\"og:title\" content=\"Terroir al Limit Les Tosses 2021\" \/>\n<meta property=\"og:description\" content=\"Kaufe Terroir al Limit Les Tosses 2021 (Carignan, trocken aus Priorat, Spanien) bei Wein Werte, Ihrem nachhaltigen Onlineshop.\" \/>\n<meta property=\"og:url\" content=\"https:\/\/wein-werte.com\/de\/produkt\/terroir-al-limit-les-tosses-2021-750ml\/\" \/>\n<meta property=\"og:site_name\" content=\"Wein Werte\" \/>\n<meta property=\"og:image\" content=\"https:\/\/wein-werte.com\/wp-content\/uploads\/2026\/04\/Terroir-al-Limit-Les-Tosses-2021-750ml.png\" \/>\n\t<meta property=\"og:image:width\" content=\"344\" \/>\n\t<meta property=\"og:image:height\" content=\"1200\" \/>\n\t<meta property=\"og:image:type\" content=\"image\/png\" \/>\n<meta name=\"twitter:card\" content=\"summary_large_image\" \/>\n<meta name=\"twitter:label1\" content=\"Gesch\u00e4tzte Lesezeit\" \/>\n\t<meta name=\"twitter:data1\" content=\"1\u00a0Minute\" \/>\n<script type=\"application\/ld+json\" class=\"yoast-schema-graph\">{\"@context\":\"https:\\\/\\\/schema.org\",\"@graph\":[{\"@type\":\"WebPage\",\"@id\":\"https:\\\/\\\/wein-werte.com\\\/de\\\/produkt\\\/terroir-al-limit-les-tosses-2021-750ml\\\/\",\"url\":\"https:\\\/\\\/wein-werte.com\\\/de\\\/produkt\\\/terroir-al-limit-les-tosses-2021-750ml\\\/\",\"name\":\"Terroir al Limit Les Tosses 2021\",\"isPartOf\":{\"@id\":\"https:\\\/\\\/wein-werte.com\\\/de\\\/#website\"},\"primaryImageOfPage\":{\"@id\":\"https:\\\/\\\/wein-werte.com\\\/de\\\/produkt\\\/terroir-al-limit-les-tosses-2021-750ml\\\/#primaryimage\"},\"image\":{\"@id\":\"https:\\\/\\\/wein-werte.com\\\/de\\\/produkt\\\/terroir-al-limit-les-tosses-2021-750ml\\\/#primaryimage\"},\"thumbnailUrl\":\"https:\\\/\\\/wein-werte.com\\\/wp-content\\\/uploads\\\/2026\\\/04\\\/Terroir-al-Limit-Les-Tosses-2021-750ml.png\",\"datePublished\":\"2026-05-05T16:26:27+00:00\",\"description\":\"Kaufe Terroir al Limit Les Tosses 2021 (Carignan, trocken aus Priorat, Spanien) bei Wein Werte, Ihrem nachhaltigen Onlineshop.\",\"breadcrumb\":{\"@id\":\"https:\\\/\\\/wein-werte.com\\\/de\\\/produkt\\\/terroir-al-limit-les-tosses-2021-750ml\\\/#breadcrumb\"},\"inLanguage\":\"de\",\"potentialAction\":[{\"@type\":\"ReadAction\",\"target\":[\"https:\\\/\\\/wein-werte.com\\\/de\\\/produkt\\\/terroir-al-limit-les-tosses-2021-750ml\\\/\"]}]},{\"@type\":\"ImageObject\",\"inLanguage\":\"de\",\"@id\":\"https:\\\/\\\/wein-werte.com\\\/de\\\/produkt\\\/terroir-al-limit-les-tosses-2021-750ml\\\/#primaryimage\",\"url\":\"https:\\\/\\\/wein-werte.com\\\/wp-content\\\/uploads\\\/2026\\\/04\\\/Terroir-al-Limit-Les-Tosses-2021-750ml.png\",\"contentUrl\":\"https:\\\/\\\/wein-werte.com\\\/wp-content\\\/uploads\\\/2026\\\/04\\\/Terroir-al-Limit-Les-Tosses-2021-750ml.png\",\"width\":344,\"height\":1200,\"caption\":\"Terroir al Limit Les Tosses 2021 750ml\"},{\"@type\":\"BreadcrumbList\",\"@id\":\"https:\\\/\\\/wein-werte.com\\\/de\\\/produkt\\\/terroir-al-limit-les-tosses-2021-750ml\\\/#breadcrumb\",\"itemListElement\":[{\"@type\":\"ListItem\",\"position\":1,\"name\":\"Home\",\"item\":\"https:\\\/\\\/wein-werte.com\\\/de\\\/\"},{\"@type\":\"ListItem\",\"position\":2,\"name\":\"Shop\",\"item\":\"https:\\\/\\\/wein-werte.com\\\/de\\\/shop\\\/\"},{\"@type\":\"ListItem\",\"position\":3,\"name\":\"Terroir al Limit | Priorat | Les Tosses | 2021 | 750ml\"}]},{\"@type\":\"WebSite\",\"@id\":\"https:\\\/\\\/wein-werte.com\\\/de\\\/#website\",\"url\":\"https:\\\/\\\/wein-werte.com\\\/de\\\/\",\"name\":\"Wein Werte\",\"description\":\"\",\"publisher\":{\"@id\":\"https:\\\/\\\/wein-werte.com\\\/de\\\/#organization\"},\"potentialAction\":[{\"@type\":\"SearchAction\",\"target\":{\"@type\":\"EntryPoint\",\"urlTemplate\":\"https:\\\/\\\/wein-werte.com\\\/de\\\/?s={search_term_string}\"},\"query-input\":{\"@type\":\"PropertyValueSpecification\",\"valueRequired\":true,\"valueName\":\"search_term_string\"}}],\"inLanguage\":\"de\"},{\"@type\":\"Organization\",\"@id\":\"https:\\\/\\\/wein-werte.com\\\/de\\\/#organization\",\"name\":\"Vins Fins Thorrold\",\"url\":\"https:\\\/\\\/wein-werte.com\\\/de\\\/\",\"logo\":{\"@type\":\"ImageObject\",\"inLanguage\":\"de\",\"@id\":\"https:\\\/\\\/wein-werte.com\\\/de\\\/#\\\/schema\\\/logo\\\/image\\\/\",\"url\":\"https:\\\/\\\/wein-werte.com\\\/wp-content\\\/uploads\\\/2023\\\/07\\\/Wein_werte_Logo700-1.png\",\"contentUrl\":\"https:\\\/\\\/wein-werte.com\\\/wp-content\\\/uploads\\\/2023\\\/07\\\/Wein_werte_Logo700-1.png\",\"width\":700,\"height\":272,\"caption\":\"Vins Fins Thorrold\"},\"image\":{\"@id\":\"https:\\\/\\\/wein-werte.com\\\/de\\\/#\\\/schema\\\/logo\\\/image\\\/\"}}]}<\/script>\n<!-- \/ Yoast SEO plugin. -->","yoast_head_json":{"title":"Terroir al Limit Les Tosses 2021","description":"Kaufe Terroir al Limit Les Tosses 2021 (Carignan, trocken aus Priorat, Spanien) bei Wein Werte, Ihrem nachhaltigen Onlineshop.","robots":{"index":"index","follow":"follow","max-snippet":"max-snippet:-1","max-image-preview":"max-image-preview:large","max-video-preview":"max-video-preview:-1"},"canonical":"https:\/\/wein-werte.com\/de\/produkt\/terroir-al-limit-les-tosses-2021-750ml\/","og_locale":"de_DE","og_type":"article","og_title":"Terroir al Limit Les Tosses 2021","og_description":"Kaufe Terroir al Limit Les Tosses 2021 (Carignan, trocken aus Priorat, Spanien) bei Wein Werte, Ihrem nachhaltigen Onlineshop.","og_url":"https:\/\/wein-werte.com\/de\/produkt\/terroir-al-limit-les-tosses-2021-750ml\/","og_site_name":"Wein Werte","og_image":[{"width":344,"height":1200,"url":"https:\/\/wein-werte.com\/wp-content\/uploads\/2026\/04\/Terroir-al-Limit-Les-Tosses-2021-750ml.png","type":"image\/png"}],"twitter_card":"summary_large_image","twitter_misc":{"Gesch\u00e4tzte Lesezeit":"1\u00a0Minute"},"schema":{"@context":"https:\/\/schema.org","@graph":[{"@type":"WebPage","@id":"https:\/\/wein-werte.com\/de\/produkt\/terroir-al-limit-les-tosses-2021-750ml\/","url":"https:\/\/wein-werte.com\/de\/produkt\/terroir-al-limit-les-tosses-2021-750ml\/","name":"Terroir al Limit Les Tosses 2021","isPartOf":{"@id":"https:\/\/wein-werte.com\/de\/#website"},"primaryImageOfPage":{"@id":"https:\/\/wein-werte.com\/de\/produkt\/terroir-al-limit-les-tosses-2021-750ml\/#primaryimage"},"image":{"@id":"https:\/\/wein-werte.com\/de\/produkt\/terroir-al-limit-les-tosses-2021-750ml\/#primaryimage"},"thumbnailUrl":"https:\/\/wein-werte.com\/wp-content\/uploads\/2026\/04\/Terroir-al-Limit-Les-Tosses-2021-750ml.png","datePublished":"2026-05-05T16:26:27+00:00","description":"Kaufe Terroir al Limit Les Tosses 2021 (Carignan, trocken aus Priorat, Spanien) bei Wein Werte, Ihrem nachhaltigen Onlineshop.","breadcrumb":{"@id":"https:\/\/wein-werte.com\/de\/produkt\/terroir-al-limit-les-tosses-2021-750ml\/#breadcrumb"},"inLanguage":"de","potentialAction":[{"@type":"ReadAction","target":["https:\/\/wein-werte.com\/de\/produkt\/terroir-al-limit-les-tosses-2021-750ml\/"]}]},{"@type":"ImageObject","inLanguage":"de","@id":"https:\/\/wein-werte.com\/de\/produkt\/terroir-al-limit-les-tosses-2021-750ml\/#primaryimage","url":"https:\/\/wein-werte.com\/wp-content\/uploads\/2026\/04\/Terroir-al-Limit-Les-Tosses-2021-750ml.png","contentUrl":"https:\/\/wein-werte.com\/wp-content\/uploads\/2026\/04\/Terroir-al-Limit-Les-Tosses-2021-750ml.png","width":344,"height":1200,"caption":"Terroir al Limit Les Tosses 2021 750ml"},{"@type":"BreadcrumbList","@id":"https:\/\/wein-werte.com\/de\/produkt\/terroir-al-limit-les-tosses-2021-750ml\/#breadcrumb","itemListElement":[{"@type":"ListItem","position":1,"name":"Home","item":"https:\/\/wein-werte.com\/de\/"},{"@type":"ListItem","position":2,"name":"Shop","item":"https:\/\/wein-werte.com\/de\/shop\/"},{"@type":"ListItem","position":3,"name":"Terroir al Limit | Priorat | Les Tosses | 2021 | 750ml"}]},{"@type":"WebSite","@id":"https:\/\/wein-werte.com\/de\/#website","url":"https:\/\/wein-werte.com\/de\/","name":"Wein Werte","description":"","publisher":{"@id":"https:\/\/wein-werte.com\/de\/#organization"},"potentialAction":[{"@type":"SearchAction","target":{"@type":"EntryPoint","urlTemplate":"https:\/\/wein-werte.com\/de\/?s={search_term_string}"},"query-input":{"@type":"PropertyValueSpecification","valueRequired":true,"valueName":"search_term_string"}}],"inLanguage":"de"},{"@type":"Organization","@id":"https:\/\/wein-werte.com\/de\/#organization","name":"Vins Fins Thorrold","url":"https:\/\/wein-werte.com\/de\/","logo":{"@type":"ImageObject","inLanguage":"de","@id":"https:\/\/wein-werte.com\/de\/#\/schema\/logo\/image\/","url":"https:\/\/wein-werte.com\/wp-content\/uploads\/2023\/07\/Wein_werte_Logo700-1.png","contentUrl":"https:\/\/wein-werte.com\/wp-content\/uploads\/2023\/07\/Wein_werte_Logo700-1.png","width":700,"height":272,"caption":"Vins Fins Thorrold"},"image":{"@id":"https:\/\/wein-werte.com\/de\/#\/schema\/logo\/image\/"}}]}},"_links":{"self":[{"href":"https:\/\/wein-werte.com\/de\/wp-json\/wp\/v2\/product\/1133411","targetHints":{"allow":["GET"]}}],"collection":[{"href":"https:\/\/wein-werte.com\/de\/wp-json\/wp\/v2\/product"}],"about":[{"href":"https:\/\/wein-werte.com\/de\/wp-json\/wp\/v2\/types\/product"}],"wp:featuredmedia":[{"embeddable":true,"href":"https:\/\/wein-werte.com\/de\/wp-json\/wp\/v2\/media\/1143842"}],"wp:attachment":[{"href":"https:\/\/wein-werte.com\/de\/wp-json\/wp\/v2\/media?parent=1133411"}],"wp:term":[{"taxonomy":"product_brand","embeddable":true,"href":"https:\/\/wein-werte.com\/de\/wp-json\/wp\/v2\/product_brand?post=1133411"},{"taxonomy":"product_cat","embeddable":true,"href":"https:\/\/wein-werte.com\/de\/wp-json\/wp\/v2\/product_cat?post=1133411"},{"taxonomy":"product_tag","embeddable":true,"href":"https:\/\/wein-werte.com\/de\/wp-json\/wp\/v2\/product_tag?post=1133411"}],"curies":[{"name":"wp","href":"https:\/\/api.w.org\/{rel}","templated":true}]}}