{"id":1133401,"date":"2026-05-05T18:26:27","date_gmt":"2026-05-05T16:26:27","guid":{"rendered":"https:\/\/wein-werte.com\/product\/terroir-al-limit-dits-del-terra-2021-750ml\/"},"modified":"2026-04-27T11:50:33","modified_gmt":"2026-04-27T09:50:33","slug":"terroir-al-limit-dits-del-terra-2021-750ml","status":"publish","type":"product","link":"https:\/\/wein-werte.com\/de\/produkt\/terroir-al-limit-dits-del-terra-2021-750ml\/","title":{"rendered":"Terroir al Limit | Priorat | Dits del Terra | 2021 | 750ml"},"content":{"rendered":"<p>Produktbeschreibung f\u00fcr Terroir al Limit Dits del Terra 2021  <\/p>\n<h5>Info<\/h5>\n<p> 2021 war selbst im Priorat ein hei\u00dfes und trockenes Jahr. Aber genau zur Ernte wurde das Team um Dominik Huber immer wieder von Regenf\u00e4llen \u00fcberrascht. Alle drei bis vier Tage folgten Niederschl\u00e4ge, die sie vor gro\u00dfe Herausforderungen stellten. Der Zugang zu den extremen Weinbergen wurde zunehmend gef\u00e4hrlicher und problematischer. Die Feuchtigkeit m\u00f6chte niemand in den Trauben haben. Entsprechend waren die Selektion essentiell. Im Ergebnis ergaben sich sehr niedrige Alkoholwerte, die gerade so die untere Grenze der DOCa-Regularien von 13,5% Alkohol erreichten. Die Sinnhaftigkeit dieser Regel sollte generell in Frage gestellt werden. Dazu kommt, dass Dominik Huber mit 2021 feierlich das \u201eHolz\u201c komplett verbannt hat. Nur neutrale Fuder und Beton finden Verwendung. Die Carignan-St\u00f6cke weisen ein Alter von \u00fcber 60 Jahren auf. Die Reben sind komplett nach S\u00fcden orientiert und liefern unter den beiden Premier Crus Arbossar und Dits del Terra den deutlich w\u00e4rmeren, mediterranen Eindruck. Die Reben weisen bei der Ernte eine h\u00f6here Reife und Konzentration auf. Dits del Terra wird jeweils vor dem Arbossar gelesen. Die Verg\u00e4rung der ganzen Trauben findet in Zementtanks f\u00fcr sieben bis zehn Tage statt. Der anschlie\u00dfende Ausbau darin dauert acht Monate. <\/p>\n<h5>Farbe<\/h5>\n<p> Dunkles, samtiges Kirschrot mit zart violetten, leuchtenden Reflexen <\/p>\n<h5>Nase<\/h5>\n<p> Ein dunkler, eleganter, nicht enden wollender Duft str\u00f6mt aus dem Glas. Frucht, W\u00fcrze, Nuss, Kr\u00e4uter und viel mehr. Er wirkt rein und sauber, k\u00fchl und dabei voller Finesse. Brombeere, reichlich Sauerkirsche, etwas Holunderbeere und rote Johannisbeere sind lautstark aber wohl dosiert vorhanden. Pistazie und Mandel bilden eine ungewohnte, aber perfekt passende nussige Komponente. Er weist Spuren von Wacholder, langem Pfeffer und getrocknetem Oregano auf. Etwas Hagebuttentee blitzt sch\u00fcchtern aus der zweiten Reihe hervor. Eukalyptus, Minze sowie etwas Thymian sorgen f\u00fcr reichlich herbale Frische. Stiefm\u00fctterchen und Veilchen runden ihn enorm elegant und feingliedrig ab. <\/p>\n<h5>Gaumen<\/h5>\n<p> \u2026und genauso m\u00fcndet er in einem feinen Strahl auf den Gaumen. Seien S\u00e4urestruktur ist zupackend und seien Adstringenz hervorragend. Das macht richtig Freude und Durst beim Trinken. Die Frucht ist herrlich kleinteilig und positiv s\u00e4uerlich. S\u00e4ure und Frucht brechen sich immer wieder auf. 2021 Dits del Terra spielt mit angenehm herben Stoffen. Er wirkt k\u00fchl und straight. Sein seidiges, elegantes Mundgef\u00fchl erinnert an Seide. Glatt, k\u00fchlend und makellos. Ein feines Tannin kleidet den Mundraum aus, wird aber immer wieder von der Frucht und S\u00e4ure gefordert. Starke Haptik. Nussige Nuancen sowie die getrockneten Kr\u00e4uter pr\u00e4gen das Aromenbild neben der Frucht im Nachhall.<\/p>\n<p>Copyright Vinaturel 2025<\/p>\n<p>Keywords: <a href=\"https:\/\/wein-werte.com\/de\/shop\/?swoof=1&#038;pa_producer=Terroir-al-Limit\">Terroir al Limit<\/a> <a href=\"https:\/\/wein-werte.com\/de\/shop\/?swoof=1&#038;woof_text=Dits del Terra\">Dits del Terra<\/a> 2021  <a href=\"https:\/\/wein-werte.com\/de\/shop\/?swoof=1&#038;pa_region=Priorat\">Priorat<\/a> <a href=\"https:\/\/wein-werte.com\/de\/shop\/?swoof=1&#038;pa_country=Spanien\">Spanien<\/a><\/p>\n<h3>Wine Advocate<\/h3>\n<p>Punkte: 96<\/p>\n<p>Der Dits del Terra 2021 weist einen geringeren Alkoholgehalt und mehr Frische auf. Er hat eine Kr\u00e4uternote und wirkt sehr jung und unentwickelt. Wie die meisten 2021er wurde die Reifezeit verk\u00fcrzt, und er wurde komplett in Beton gelagert, ohne Kontakt mit Eichenholz (alle Fuder wurden verkauft). Er besticht durch Reinheit und Pr\u00e4zision, Eleganz und Frische. Im Juni 2022 wurden 4.098 Flaschen abgef\u00fcllt.<br \/>Luis Guti\u00e9rrez<\/p>\n<h3>Vinous<\/h3>\n<p>Punkte: 95<\/p>\n<p>Der Dits del Terra 2021 besteht zu 100 % aus Cari\u00f1ena aus dem Priorat. Ein seltener heller Rotwein von den warmen S\u00fcdh\u00e4ngen. Er bietet Aromen von kandierten Sauerkirschen mit einem Hauch von Laub und Marmelade. Trocken, reichhaltig und dennoch lebendig am Gaumen, verleihen die nuancierten Aromen und feink\u00f6rnigen Tannine seinem milden Charakter Tiefe. Dieser Rotwein zeichnet sich durch eine erh\u00f6hte S\u00e4ure aus und sorgt f\u00fcr ein reinigendes Mundgef\u00fchl \u2013 ein besonderer Weinstil f\u00fcr das Priorat. \u2013 Joaqu\u00edn Hidalgo<br \/>Trinkzeitraum: 2025\u20132036<br \/>Bewertungsdatum: November 2024<\/p>\n<p>Internetseite des Weinguts: <a href=\"https:\/\/terroir-al-limit.com\/\" target=\"_blank\">https:\/\/terroir-al-limit.com\/<\/a><\/p>\n","protected":false},"excerpt":{"rendered":"<p>Lieferzeit: 1 bis 2 Arbeitstage (DE), 2 bis 5 Arbeitstage (EU and CH)<\/p>\n","protected":false},"featured_media":1143834,"template":"","meta":[],"product_brand":[],"product_cat":[19],"product_tag":[],"class_list":{"0":"post-1133401","1":"product","2":"type-product","3":"status-publish","4":"has-post-thumbnail","6":"product_cat-unkategorisiert","7":"pa_alcohol-for-filter-13-5","8":"pa_certified-biodynamic-nein-de","9":"pa_certified-organic-nein-de","10":"pa_colour-rot","11":"pa_country-spanien","12":"pa_grape-carignan","13":"pa_parker-points-for-filter-96-de-2","14":"pa_price-for-filter-10565","15":"pa_producer-terroir-al-limit","16":"pa_region-priorat","17":"pa_size-ml-6584","18":"pa_sweetness-trocken-de","19":"pa_type-2-still-de","20":"pa_vinous-points-for-filter-20035","21":"pa_vintage-2021-de","22":"entry","23":"has-media","25":"first","26":"instock","27":"taxable","28":"shipping-taxable","29":"purchasable","30":"product-type-simple"},"yoast_head":"<!-- This site is optimized with the Yoast SEO plugin v27.5 - https:\/\/yoast.com\/product\/yoast-seo-wordpress\/ -->\n<title>Terroir al Limit Dits del Terra 2021<\/title>\n<meta name=\"description\" content=\"Kaufe Terroir al Limit Dits del Terra 2021 (Carignan, trocken aus Priorat, Spanien) bei Wein Werte, Ihrem nachhaltigen Onlineshop.\" \/>\n<meta name=\"robots\" content=\"index, follow, max-snippet:-1, max-image-preview:large, max-video-preview:-1\" \/>\n<link rel=\"canonical\" href=\"https:\/\/wein-werte.com\/de\/produkt\/terroir-al-limit-dits-del-terra-2021-750ml\/\" \/>\n<meta property=\"og:locale\" content=\"de_DE\" \/>\n<meta property=\"og:type\" content=\"article\" \/>\n<meta property=\"og:title\" content=\"Terroir al Limit Dits del Terra 2021\" \/>\n<meta property=\"og:description\" content=\"Kaufe Terroir al Limit Dits del Terra 2021 (Carignan, trocken aus Priorat, Spanien) bei Wein Werte, Ihrem nachhaltigen Onlineshop.\" \/>\n<meta property=\"og:url\" content=\"https:\/\/wein-werte.com\/de\/produkt\/terroir-al-limit-dits-del-terra-2021-750ml\/\" \/>\n<meta property=\"og:site_name\" content=\"Wein Werte\" \/>\n<meta property=\"og:image\" content=\"https:\/\/wein-werte.com\/wp-content\/uploads\/2026\/04\/Terroir-al-Limit-Dits-del-Terra-2021-750ml.png\" \/>\n\t<meta property=\"og:image:width\" content=\"342\" \/>\n\t<meta property=\"og:image:height\" content=\"1200\" \/>\n\t<meta property=\"og:image:type\" content=\"image\/png\" \/>\n<meta name=\"twitter:card\" content=\"summary_large_image\" \/>\n<meta name=\"twitter:label1\" content=\"Gesch\u00e4tzte Lesezeit\" \/>\n\t<meta name=\"twitter:data1\" content=\"3\u00a0Minuten\" \/>\n<script type=\"application\/ld+json\" class=\"yoast-schema-graph\">{\"@context\":\"https:\\\/\\\/schema.org\",\"@graph\":[{\"@type\":\"WebPage\",\"@id\":\"https:\\\/\\\/wein-werte.com\\\/de\\\/produkt\\\/terroir-al-limit-dits-del-terra-2021-750ml\\\/\",\"url\":\"https:\\\/\\\/wein-werte.com\\\/de\\\/produkt\\\/terroir-al-limit-dits-del-terra-2021-750ml\\\/\",\"name\":\"Terroir al Limit Dits del Terra 2021\",\"isPartOf\":{\"@id\":\"https:\\\/\\\/wein-werte.com\\\/de\\\/#website\"},\"primaryImageOfPage\":{\"@id\":\"https:\\\/\\\/wein-werte.com\\\/de\\\/produkt\\\/terroir-al-limit-dits-del-terra-2021-750ml\\\/#primaryimage\"},\"image\":{\"@id\":\"https:\\\/\\\/wein-werte.com\\\/de\\\/produkt\\\/terroir-al-limit-dits-del-terra-2021-750ml\\\/#primaryimage\"},\"thumbnailUrl\":\"https:\\\/\\\/wein-werte.com\\\/wp-content\\\/uploads\\\/2026\\\/04\\\/Terroir-al-Limit-Dits-del-Terra-2021-750ml.png\",\"datePublished\":\"2026-05-05T16:26:27+00:00\",\"description\":\"Kaufe Terroir al Limit Dits del Terra 2021 (Carignan, trocken aus Priorat, Spanien) bei Wein Werte, Ihrem nachhaltigen Onlineshop.\",\"breadcrumb\":{\"@id\":\"https:\\\/\\\/wein-werte.com\\\/de\\\/produkt\\\/terroir-al-limit-dits-del-terra-2021-750ml\\\/#breadcrumb\"},\"inLanguage\":\"de\",\"potentialAction\":[{\"@type\":\"ReadAction\",\"target\":[\"https:\\\/\\\/wein-werte.com\\\/de\\\/produkt\\\/terroir-al-limit-dits-del-terra-2021-750ml\\\/\"]}]},{\"@type\":\"ImageObject\",\"inLanguage\":\"de\",\"@id\":\"https:\\\/\\\/wein-werte.com\\\/de\\\/produkt\\\/terroir-al-limit-dits-del-terra-2021-750ml\\\/#primaryimage\",\"url\":\"https:\\\/\\\/wein-werte.com\\\/wp-content\\\/uploads\\\/2026\\\/04\\\/Terroir-al-Limit-Dits-del-Terra-2021-750ml.png\",\"contentUrl\":\"https:\\\/\\\/wein-werte.com\\\/wp-content\\\/uploads\\\/2026\\\/04\\\/Terroir-al-Limit-Dits-del-Terra-2021-750ml.png\",\"width\":342,\"height\":1200,\"caption\":\"Terroir al Limit Dits del Terra 2021 750ml\"},{\"@type\":\"BreadcrumbList\",\"@id\":\"https:\\\/\\\/wein-werte.com\\\/de\\\/produkt\\\/terroir-al-limit-dits-del-terra-2021-750ml\\\/#breadcrumb\",\"itemListElement\":[{\"@type\":\"ListItem\",\"position\":1,\"name\":\"Home\",\"item\":\"https:\\\/\\\/wein-werte.com\\\/de\\\/\"},{\"@type\":\"ListItem\",\"position\":2,\"name\":\"Shop\",\"item\":\"https:\\\/\\\/wein-werte.com\\\/de\\\/shop\\\/\"},{\"@type\":\"ListItem\",\"position\":3,\"name\":\"Terroir al Limit | Priorat | Dits del Terra | 2021 | 750ml\"}]},{\"@type\":\"WebSite\",\"@id\":\"https:\\\/\\\/wein-werte.com\\\/de\\\/#website\",\"url\":\"https:\\\/\\\/wein-werte.com\\\/de\\\/\",\"name\":\"Wein Werte\",\"description\":\"\",\"publisher\":{\"@id\":\"https:\\\/\\\/wein-werte.com\\\/de\\\/#organization\"},\"potentialAction\":[{\"@type\":\"SearchAction\",\"target\":{\"@type\":\"EntryPoint\",\"urlTemplate\":\"https:\\\/\\\/wein-werte.com\\\/de\\\/?s={search_term_string}\"},\"query-input\":{\"@type\":\"PropertyValueSpecification\",\"valueRequired\":true,\"valueName\":\"search_term_string\"}}],\"inLanguage\":\"de\"},{\"@type\":\"Organization\",\"@id\":\"https:\\\/\\\/wein-werte.com\\\/de\\\/#organization\",\"name\":\"Vins Fins Thorrold\",\"url\":\"https:\\\/\\\/wein-werte.com\\\/de\\\/\",\"logo\":{\"@type\":\"ImageObject\",\"inLanguage\":\"de\",\"@id\":\"https:\\\/\\\/wein-werte.com\\\/de\\\/#\\\/schema\\\/logo\\\/image\\\/\",\"url\":\"https:\\\/\\\/wein-werte.com\\\/wp-content\\\/uploads\\\/2023\\\/07\\\/Wein_werte_Logo700-1.png\",\"contentUrl\":\"https:\\\/\\\/wein-werte.com\\\/wp-content\\\/uploads\\\/2023\\\/07\\\/Wein_werte_Logo700-1.png\",\"width\":700,\"height\":272,\"caption\":\"Vins Fins Thorrold\"},\"image\":{\"@id\":\"https:\\\/\\\/wein-werte.com\\\/de\\\/#\\\/schema\\\/logo\\\/image\\\/\"}}]}<\/script>\n<!-- \/ Yoast SEO plugin. -->","yoast_head_json":{"title":"Terroir al Limit Dits del Terra 2021","description":"Kaufe Terroir al Limit Dits del Terra 2021 (Carignan, trocken aus Priorat, Spanien) bei Wein Werte, Ihrem nachhaltigen Onlineshop.","robots":{"index":"index","follow":"follow","max-snippet":"max-snippet:-1","max-image-preview":"max-image-preview:large","max-video-preview":"max-video-preview:-1"},"canonical":"https:\/\/wein-werte.com\/de\/produkt\/terroir-al-limit-dits-del-terra-2021-750ml\/","og_locale":"de_DE","og_type":"article","og_title":"Terroir al Limit Dits del Terra 2021","og_description":"Kaufe Terroir al Limit Dits del Terra 2021 (Carignan, trocken aus Priorat, Spanien) bei Wein Werte, Ihrem nachhaltigen Onlineshop.","og_url":"https:\/\/wein-werte.com\/de\/produkt\/terroir-al-limit-dits-del-terra-2021-750ml\/","og_site_name":"Wein Werte","og_image":[{"width":342,"height":1200,"url":"https:\/\/wein-werte.com\/wp-content\/uploads\/2026\/04\/Terroir-al-Limit-Dits-del-Terra-2021-750ml.png","type":"image\/png"}],"twitter_card":"summary_large_image","twitter_misc":{"Gesch\u00e4tzte Lesezeit":"3\u00a0Minuten"},"schema":{"@context":"https:\/\/schema.org","@graph":[{"@type":"WebPage","@id":"https:\/\/wein-werte.com\/de\/produkt\/terroir-al-limit-dits-del-terra-2021-750ml\/","url":"https:\/\/wein-werte.com\/de\/produkt\/terroir-al-limit-dits-del-terra-2021-750ml\/","name":"Terroir al Limit Dits del Terra 2021","isPartOf":{"@id":"https:\/\/wein-werte.com\/de\/#website"},"primaryImageOfPage":{"@id":"https:\/\/wein-werte.com\/de\/produkt\/terroir-al-limit-dits-del-terra-2021-750ml\/#primaryimage"},"image":{"@id":"https:\/\/wein-werte.com\/de\/produkt\/terroir-al-limit-dits-del-terra-2021-750ml\/#primaryimage"},"thumbnailUrl":"https:\/\/wein-werte.com\/wp-content\/uploads\/2026\/04\/Terroir-al-Limit-Dits-del-Terra-2021-750ml.png","datePublished":"2026-05-05T16:26:27+00:00","description":"Kaufe Terroir al Limit Dits del Terra 2021 (Carignan, trocken aus Priorat, Spanien) bei Wein Werte, Ihrem nachhaltigen Onlineshop.","breadcrumb":{"@id":"https:\/\/wein-werte.com\/de\/produkt\/terroir-al-limit-dits-del-terra-2021-750ml\/#breadcrumb"},"inLanguage":"de","potentialAction":[{"@type":"ReadAction","target":["https:\/\/wein-werte.com\/de\/produkt\/terroir-al-limit-dits-del-terra-2021-750ml\/"]}]},{"@type":"ImageObject","inLanguage":"de","@id":"https:\/\/wein-werte.com\/de\/produkt\/terroir-al-limit-dits-del-terra-2021-750ml\/#primaryimage","url":"https:\/\/wein-werte.com\/wp-content\/uploads\/2026\/04\/Terroir-al-Limit-Dits-del-Terra-2021-750ml.png","contentUrl":"https:\/\/wein-werte.com\/wp-content\/uploads\/2026\/04\/Terroir-al-Limit-Dits-del-Terra-2021-750ml.png","width":342,"height":1200,"caption":"Terroir al Limit Dits del Terra 2021 750ml"},{"@type":"BreadcrumbList","@id":"https:\/\/wein-werte.com\/de\/produkt\/terroir-al-limit-dits-del-terra-2021-750ml\/#breadcrumb","itemListElement":[{"@type":"ListItem","position":1,"name":"Home","item":"https:\/\/wein-werte.com\/de\/"},{"@type":"ListItem","position":2,"name":"Shop","item":"https:\/\/wein-werte.com\/de\/shop\/"},{"@type":"ListItem","position":3,"name":"Terroir al Limit | Priorat | Dits del Terra | 2021 | 750ml"}]},{"@type":"WebSite","@id":"https:\/\/wein-werte.com\/de\/#website","url":"https:\/\/wein-werte.com\/de\/","name":"Wein Werte","description":"","publisher":{"@id":"https:\/\/wein-werte.com\/de\/#organization"},"potentialAction":[{"@type":"SearchAction","target":{"@type":"EntryPoint","urlTemplate":"https:\/\/wein-werte.com\/de\/?s={search_term_string}"},"query-input":{"@type":"PropertyValueSpecification","valueRequired":true,"valueName":"search_term_string"}}],"inLanguage":"de"},{"@type":"Organization","@id":"https:\/\/wein-werte.com\/de\/#organization","name":"Vins Fins Thorrold","url":"https:\/\/wein-werte.com\/de\/","logo":{"@type":"ImageObject","inLanguage":"de","@id":"https:\/\/wein-werte.com\/de\/#\/schema\/logo\/image\/","url":"https:\/\/wein-werte.com\/wp-content\/uploads\/2023\/07\/Wein_werte_Logo700-1.png","contentUrl":"https:\/\/wein-werte.com\/wp-content\/uploads\/2023\/07\/Wein_werte_Logo700-1.png","width":700,"height":272,"caption":"Vins Fins Thorrold"},"image":{"@id":"https:\/\/wein-werte.com\/de\/#\/schema\/logo\/image\/"}}]}},"_links":{"self":[{"href":"https:\/\/wein-werte.com\/de\/wp-json\/wp\/v2\/product\/1133401","targetHints":{"allow":["GET"]}}],"collection":[{"href":"https:\/\/wein-werte.com\/de\/wp-json\/wp\/v2\/product"}],"about":[{"href":"https:\/\/wein-werte.com\/de\/wp-json\/wp\/v2\/types\/product"}],"wp:featuredmedia":[{"embeddable":true,"href":"https:\/\/wein-werte.com\/de\/wp-json\/wp\/v2\/media\/1143834"}],"wp:attachment":[{"href":"https:\/\/wein-werte.com\/de\/wp-json\/wp\/v2\/media?parent=1133401"}],"wp:term":[{"taxonomy":"product_brand","embeddable":true,"href":"https:\/\/wein-werte.com\/de\/wp-json\/wp\/v2\/product_brand?post=1133401"},{"taxonomy":"product_cat","embeddable":true,"href":"https:\/\/wein-werte.com\/de\/wp-json\/wp\/v2\/product_cat?post=1133401"},{"taxonomy":"product_tag","embeddable":true,"href":"https:\/\/wein-werte.com\/de\/wp-json\/wp\/v2\/product_tag?post=1133401"}],"curies":[{"name":"wp","href":"https:\/\/api.w.org\/{rel}","templated":true}]}}