{"id":1133396,"date":"2026-05-08T20:05:53","date_gmt":"2026-05-08T18:05:53","guid":{"rendered":"https:\/\/wein-werte.com\/product\/terroir-al-limit-arbossar-2021-750ml\/"},"modified":"2026-04-27T11:50:31","modified_gmt":"2026-04-27T09:50:31","slug":"terroir-al-limit-arbossar-2021-750ml","status":"publish","type":"product","link":"https:\/\/wein-werte.com\/de\/produkt\/terroir-al-limit-arbossar-2021-750ml\/","title":{"rendered":"Terroir al Limit | Priorat | Arbossar | 2021 | 750ml"},"content":{"rendered":"<p>Produktbeschreibung f\u00fcr Terroir al Limit Arbossar 2021  <\/p>\n<h5>Info<\/h5>\n<p> 2021 war selbst im Priorat ein hei\u00dfes und trockenes Jahr. Aber genau zur Ernte wurde das Team um Dominik Huber immer wieder von Regenf\u00e4llen \u00fcberrascht. Alle drei bis vier Tage folgten Niederschl\u00e4ge, die sie vor gro\u00dfe Herausforderungen stellten. Der Zugang zu den extremen Weinbergen wurde zunehmend gef\u00e4hrlicher und problematischer. Die Feuchtigkeit m\u00f6chte niemand in den Trauben haben. Entsprechend waren die Selektion essentiell. Im Ergebnis ergaben sich sehr niedrige Alkoholwerte, die gerade so die untere Grenze der DOCa-Regularien von 13,5% Alkohol erreichten. Die Sinnhaftigkeit dieser Regel sollte generell in Frage gestellt werden. Dazu kommt, dass Dominik Huber mit 2021 feierlich das \u201eHolz\u201c komplett verbannt hat. Nur neutrale Fuder und Beton finden Verwendung. Arbossar basiert zu 100% Carignan. Die Lage befindet sich ca. 500m vom Dorf Torroja del Priorat entfernt. Die Reben sind komplett nach Norden orientiert und liefern unter den beiden Premier Crus Arbossar und Dits del Terra den deutlich k\u00fchleren Eindruck. 1,6 ha umfasst das Areal. Viele der Reben stammen aus Pflanzungen aus dem Jahr 1910. Arbossar lebt von den Kontrasten aus Sonne, Schatten und Wind. Die Lage ist extrem steil und liegt auf knapp 400 H\u00f6henmetern. Die Verg\u00e4rung der ganzen Trauben sowie die Reife auf der Vollhefe im Zement dauert ca. acht Monate an. <\/p>\n<h5>Farbe<\/h5>\n<p> Auff\u00e4llig helles und zartes Kirschrot (f\u00fcr einen Priorato), leuchtend und mit hellen R\u00e4ndern <\/p>\n<h5>Nase<\/h5>\n<p> Im Kern zeigt Arbossar noch seine dunkle Vergangenheit. Dunkel beziehe ich hier auf die Aromatik und keineswegs auf eine Vergangenheit, die es nicht gelohnt h\u00e4tte aufmerksam verfolgt und getrunken zu werden. Viel mehr sp\u00fcrt man noch diese Noten von Teer, Autoreifen und dunkelster Frucht im Hintergrund. Aber er singt heute laut und hell auf der gro\u00dfen B\u00fchne. Statt Brombeere zeigt er Himbeere. Die Kirschen sind in 2021 sauer und nicht mehr s\u00fc\u00df. Er beweist Strahlkraft, Tiefe und Erhabenheit. Ein sehr erwachsener Wein. Thymian, gr\u00fcne Olive und Pinienhauen verspr\u00fchen seine mediterrane Herkunft. Man nimmt aber auch erdig-s\u00fc\u00dfe, d\u00fcnn aufgeschnittene Rote Bete wahr. Etwas Mandelbl\u00fcte und Hibiskus bringen ihm eine wechselfarbige, florale Eleganz. <\/p>\n<h5>Gaumen<\/h5>\n<p> Mit dem ersten Schluck beschreibt er diesen Wandel sofort. Es ist gro\u00dfartig zu sehen, wie das Duo Tatjana Peceric und Dominik Huber ihren Weg und Stil perfektioniert haben. Welch Frische und Leichtigkeit er verspr\u00fchen kann. Gleichzeitig ist er voller Aromen und mit enormer Tiefe. Seidig, k\u00fchl und elegant flie\u00dft er \u00fcber den Gaumen. Die Frucht reiht sich an einem roten Faden auf, der von seiner pr\u00e4senten S\u00e4urestruktur gebildet wird. Nur ein feines Tannin begleitet ihn dabei in perfekter Balance. Die W\u00fcrze kommt nun voll durch. Kaffir-Limettenbl\u00e4tter, neben Olivenb\u00e4umen und Rote Bete pr\u00e4gen den nachhall. Die mediterranen Komponenten aus Thymian, Rosmarin und Pinie wehen leicht um Hintergrund.<\/p>\n<p>Copyright Vinaturel 2025<\/p>\n<p>Keywords: <a href=\"https:\/\/wein-werte.com\/de\/shop\/?swoof=1&#038;pa_producer=Terroir-al-Limit\">Terroir al Limit<\/a> <a href=\"https:\/\/wein-werte.com\/de\/shop\/?swoof=1&#038;woof_text=Arbossar\">Arbossar<\/a> 2021  <a href=\"https:\/\/wein-werte.com\/de\/shop\/?swoof=1&#038;pa_region=Priorat\">Priorat<\/a> <a href=\"https:\/\/wein-werte.com\/de\/shop\/?swoof=1&#038;pa_country=Spanien\">Spanien<\/a><\/p>\n<h3>Wine Advocate<\/h3>\n<p>Punkte: 95<\/p>\n<p>Der Arbossar 2021 reifte ausschlie\u00dflich in Beton. Die Reifung wurde verk\u00fcrzt, da eine l\u00e4ngere Reifung die Weine etwas zu sehr erm\u00fcdete. Daher wurde beschlossen, sie vor der n\u00e4chsten Ernte abzuf\u00fcllen. Der Wein ist sauber und pr\u00e4zise, wie ein Laserschnitt, mit Fokus und roten statt schwarzen Fr\u00fcchten. Er ist mittelkr\u00e4ftig, hat einen moderaten Alkoholgehalt von 13,5 % und sehr feine Tannine. Ein \u00fcberraschend eleganter Cari\u00f1ena. Dies ist ein k\u00fchler Weinberg, der ernsthafte Weine hervorbringt. Im Juli 2022 wurden 4.266 Flaschen abgef\u00fcllt.<br \/>Luis Guti\u00e9rrez<\/p>\n<h3>Vinous<\/h3>\n<p>Punkte: 96<\/p>\n<p>Der Arbossar 2021, 100 % Cari\u00f1ena aus Torraja del Priorat, ist nicht besonders aromatisch. Stattdessen betont er ein \u00e4therisches und erfrischendes Mundgef\u00fchl. In der Nase entfalten sich subtile Noten von wei\u00dfen Fr\u00fcchten, Granatapfel und Unterholz. Am Gaumen trocken, schlank und kreidig, pr\u00e4sentiert er sich mit einem strukturierten und energetischen Abgang, der zu einem lockeren, aber dennoch nuancierten Abgang f\u00fchrt. Der Weinstil kommt deutlich zum Ausdruck und hinterl\u00e4sst einen anhaltenden, unverf\u00e4lschten Weincharakter. Dies ist eine moderne Interpretation des Priorats. \u2013 Joaqu\u00edn Hidalgo<br \/>Trinkzeitraum: 2025\u20132036<br \/>Bewertungsdatum: November 2024<\/p>\n<p>Internetseite des Weinguts: <a href=\"https:\/\/terroir-al-limit.com\/\" target=\"_blank\">https:\/\/terroir-al-limit.com\/<\/a><\/p>\n","protected":false},"excerpt":{"rendered":"<p>Lieferzeit: 1 bis 2 Arbeitstage (DE), 2 bis 5 Arbeitstage (EU and CH)<\/p>\n","protected":false},"featured_media":1143830,"template":"","meta":[],"product_brand":[],"product_cat":[19],"product_tag":[],"class_list":{"0":"post-1133396","1":"product","2":"type-product","3":"status-publish","4":"has-post-thumbnail","6":"product_cat-unkategorisiert","7":"pa_alcohol-for-filter-13-5","8":"pa_certified-biodynamic-nein-de","9":"pa_certified-organic-nein-de","10":"pa_colour-rot","11":"pa_country-spanien","12":"pa_grape-carignan","13":"pa_parker-points-for-filter-95-de","14":"pa_price-for-filter-10565","15":"pa_producer-terroir-al-limit","16":"pa_region-priorat","17":"pa_size-ml-6584","18":"pa_sweetness-trocken-de","19":"pa_type-2-still-de","20":"pa_vinous-points-for-filter-20037","21":"pa_vintage-2021-de","22":"entry","23":"has-media","25":"first","26":"instock","27":"taxable","28":"shipping-taxable","29":"purchasable","30":"product-type-simple"},"yoast_head":"<!-- This site is optimized with the Yoast SEO plugin v27.5 - https:\/\/yoast.com\/product\/yoast-seo-wordpress\/ -->\n<title>Terroir al Limit Arbossar 2021<\/title>\n<meta name=\"description\" content=\"Kaufe Terroir al Limit Arbossar 2021 (Carignan, trocken aus Priorat, Spanien) bei Wein Werte, Ihrem nachhaltigen Onlineshop.\" \/>\n<meta name=\"robots\" content=\"index, follow, max-snippet:-1, max-image-preview:large, max-video-preview:-1\" \/>\n<link rel=\"canonical\" href=\"https:\/\/wein-werte.com\/de\/produkt\/terroir-al-limit-arbossar-2021-750ml\/\" \/>\n<meta property=\"og:locale\" content=\"de_DE\" \/>\n<meta property=\"og:type\" content=\"article\" \/>\n<meta property=\"og:title\" content=\"Terroir al Limit Arbossar 2021\" \/>\n<meta property=\"og:description\" content=\"Kaufe Terroir al Limit Arbossar 2021 (Carignan, trocken aus Priorat, Spanien) bei Wein Werte, Ihrem nachhaltigen Onlineshop.\" \/>\n<meta property=\"og:url\" content=\"https:\/\/wein-werte.com\/de\/produkt\/terroir-al-limit-arbossar-2021-750ml\/\" \/>\n<meta property=\"og:site_name\" content=\"Wein Werte\" \/>\n<meta property=\"og:image\" content=\"https:\/\/wein-werte.com\/wp-content\/uploads\/2026\/04\/Terroir-al-Limit-Arbossar-2021-750ml.png\" \/>\n\t<meta property=\"og:image:width\" content=\"342\" \/>\n\t<meta property=\"og:image:height\" content=\"1200\" \/>\n\t<meta property=\"og:image:type\" content=\"image\/png\" \/>\n<meta name=\"twitter:card\" content=\"summary_large_image\" \/>\n<meta name=\"twitter:label1\" content=\"Gesch\u00e4tzte Lesezeit\" \/>\n\t<meta name=\"twitter:data1\" content=\"3\u00a0Minuten\" \/>\n<script type=\"application\/ld+json\" class=\"yoast-schema-graph\">{\"@context\":\"https:\\\/\\\/schema.org\",\"@graph\":[{\"@type\":\"WebPage\",\"@id\":\"https:\\\/\\\/wein-werte.com\\\/de\\\/produkt\\\/terroir-al-limit-arbossar-2021-750ml\\\/\",\"url\":\"https:\\\/\\\/wein-werte.com\\\/de\\\/produkt\\\/terroir-al-limit-arbossar-2021-750ml\\\/\",\"name\":\"Terroir al Limit Arbossar 2021\",\"isPartOf\":{\"@id\":\"https:\\\/\\\/wein-werte.com\\\/de\\\/#website\"},\"primaryImageOfPage\":{\"@id\":\"https:\\\/\\\/wein-werte.com\\\/de\\\/produkt\\\/terroir-al-limit-arbossar-2021-750ml\\\/#primaryimage\"},\"image\":{\"@id\":\"https:\\\/\\\/wein-werte.com\\\/de\\\/produkt\\\/terroir-al-limit-arbossar-2021-750ml\\\/#primaryimage\"},\"thumbnailUrl\":\"https:\\\/\\\/wein-werte.com\\\/wp-content\\\/uploads\\\/2026\\\/04\\\/Terroir-al-Limit-Arbossar-2021-750ml.png\",\"datePublished\":\"2026-05-08T18:05:53+00:00\",\"description\":\"Kaufe Terroir al Limit Arbossar 2021 (Carignan, trocken aus Priorat, Spanien) bei Wein Werte, Ihrem nachhaltigen Onlineshop.\",\"breadcrumb\":{\"@id\":\"https:\\\/\\\/wein-werte.com\\\/de\\\/produkt\\\/terroir-al-limit-arbossar-2021-750ml\\\/#breadcrumb\"},\"inLanguage\":\"de\",\"potentialAction\":[{\"@type\":\"ReadAction\",\"target\":[\"https:\\\/\\\/wein-werte.com\\\/de\\\/produkt\\\/terroir-al-limit-arbossar-2021-750ml\\\/\"]}]},{\"@type\":\"ImageObject\",\"inLanguage\":\"de\",\"@id\":\"https:\\\/\\\/wein-werte.com\\\/de\\\/produkt\\\/terroir-al-limit-arbossar-2021-750ml\\\/#primaryimage\",\"url\":\"https:\\\/\\\/wein-werte.com\\\/wp-content\\\/uploads\\\/2026\\\/04\\\/Terroir-al-Limit-Arbossar-2021-750ml.png\",\"contentUrl\":\"https:\\\/\\\/wein-werte.com\\\/wp-content\\\/uploads\\\/2026\\\/04\\\/Terroir-al-Limit-Arbossar-2021-750ml.png\",\"width\":342,\"height\":1200,\"caption\":\"Terroir al Limit Arbossar 2021 750ml\"},{\"@type\":\"BreadcrumbList\",\"@id\":\"https:\\\/\\\/wein-werte.com\\\/de\\\/produkt\\\/terroir-al-limit-arbossar-2021-750ml\\\/#breadcrumb\",\"itemListElement\":[{\"@type\":\"ListItem\",\"position\":1,\"name\":\"Home\",\"item\":\"https:\\\/\\\/wein-werte.com\\\/de\\\/\"},{\"@type\":\"ListItem\",\"position\":2,\"name\":\"Shop\",\"item\":\"https:\\\/\\\/wein-werte.com\\\/de\\\/shop\\\/\"},{\"@type\":\"ListItem\",\"position\":3,\"name\":\"Terroir al Limit | Priorat | Arbossar | 2021 | 750ml\"}]},{\"@type\":\"WebSite\",\"@id\":\"https:\\\/\\\/wein-werte.com\\\/de\\\/#website\",\"url\":\"https:\\\/\\\/wein-werte.com\\\/de\\\/\",\"name\":\"Wein Werte\",\"description\":\"\",\"publisher\":{\"@id\":\"https:\\\/\\\/wein-werte.com\\\/de\\\/#organization\"},\"potentialAction\":[{\"@type\":\"SearchAction\",\"target\":{\"@type\":\"EntryPoint\",\"urlTemplate\":\"https:\\\/\\\/wein-werte.com\\\/de\\\/?s={search_term_string}\"},\"query-input\":{\"@type\":\"PropertyValueSpecification\",\"valueRequired\":true,\"valueName\":\"search_term_string\"}}],\"inLanguage\":\"de\"},{\"@type\":\"Organization\",\"@id\":\"https:\\\/\\\/wein-werte.com\\\/de\\\/#organization\",\"name\":\"Vins Fins Thorrold\",\"url\":\"https:\\\/\\\/wein-werte.com\\\/de\\\/\",\"logo\":{\"@type\":\"ImageObject\",\"inLanguage\":\"de\",\"@id\":\"https:\\\/\\\/wein-werte.com\\\/de\\\/#\\\/schema\\\/logo\\\/image\\\/\",\"url\":\"https:\\\/\\\/wein-werte.com\\\/wp-content\\\/uploads\\\/2023\\\/07\\\/Wein_werte_Logo700-1.png\",\"contentUrl\":\"https:\\\/\\\/wein-werte.com\\\/wp-content\\\/uploads\\\/2023\\\/07\\\/Wein_werte_Logo700-1.png\",\"width\":700,\"height\":272,\"caption\":\"Vins Fins Thorrold\"},\"image\":{\"@id\":\"https:\\\/\\\/wein-werte.com\\\/de\\\/#\\\/schema\\\/logo\\\/image\\\/\"}}]}<\/script>\n<!-- \/ Yoast SEO plugin. -->","yoast_head_json":{"title":"Terroir al Limit Arbossar 2021","description":"Kaufe Terroir al Limit Arbossar 2021 (Carignan, trocken aus Priorat, Spanien) bei Wein Werte, Ihrem nachhaltigen Onlineshop.","robots":{"index":"index","follow":"follow","max-snippet":"max-snippet:-1","max-image-preview":"max-image-preview:large","max-video-preview":"max-video-preview:-1"},"canonical":"https:\/\/wein-werte.com\/de\/produkt\/terroir-al-limit-arbossar-2021-750ml\/","og_locale":"de_DE","og_type":"article","og_title":"Terroir al Limit Arbossar 2021","og_description":"Kaufe Terroir al Limit Arbossar 2021 (Carignan, trocken aus Priorat, Spanien) bei Wein Werte, Ihrem nachhaltigen Onlineshop.","og_url":"https:\/\/wein-werte.com\/de\/produkt\/terroir-al-limit-arbossar-2021-750ml\/","og_site_name":"Wein Werte","og_image":[{"width":342,"height":1200,"url":"https:\/\/wein-werte.com\/wp-content\/uploads\/2026\/04\/Terroir-al-Limit-Arbossar-2021-750ml.png","type":"image\/png"}],"twitter_card":"summary_large_image","twitter_misc":{"Gesch\u00e4tzte Lesezeit":"3\u00a0Minuten"},"schema":{"@context":"https:\/\/schema.org","@graph":[{"@type":"WebPage","@id":"https:\/\/wein-werte.com\/de\/produkt\/terroir-al-limit-arbossar-2021-750ml\/","url":"https:\/\/wein-werte.com\/de\/produkt\/terroir-al-limit-arbossar-2021-750ml\/","name":"Terroir al Limit Arbossar 2021","isPartOf":{"@id":"https:\/\/wein-werte.com\/de\/#website"},"primaryImageOfPage":{"@id":"https:\/\/wein-werte.com\/de\/produkt\/terroir-al-limit-arbossar-2021-750ml\/#primaryimage"},"image":{"@id":"https:\/\/wein-werte.com\/de\/produkt\/terroir-al-limit-arbossar-2021-750ml\/#primaryimage"},"thumbnailUrl":"https:\/\/wein-werte.com\/wp-content\/uploads\/2026\/04\/Terroir-al-Limit-Arbossar-2021-750ml.png","datePublished":"2026-05-08T18:05:53+00:00","description":"Kaufe Terroir al Limit Arbossar 2021 (Carignan, trocken aus Priorat, Spanien) bei Wein Werte, Ihrem nachhaltigen Onlineshop.","breadcrumb":{"@id":"https:\/\/wein-werte.com\/de\/produkt\/terroir-al-limit-arbossar-2021-750ml\/#breadcrumb"},"inLanguage":"de","potentialAction":[{"@type":"ReadAction","target":["https:\/\/wein-werte.com\/de\/produkt\/terroir-al-limit-arbossar-2021-750ml\/"]}]},{"@type":"ImageObject","inLanguage":"de","@id":"https:\/\/wein-werte.com\/de\/produkt\/terroir-al-limit-arbossar-2021-750ml\/#primaryimage","url":"https:\/\/wein-werte.com\/wp-content\/uploads\/2026\/04\/Terroir-al-Limit-Arbossar-2021-750ml.png","contentUrl":"https:\/\/wein-werte.com\/wp-content\/uploads\/2026\/04\/Terroir-al-Limit-Arbossar-2021-750ml.png","width":342,"height":1200,"caption":"Terroir al Limit Arbossar 2021 750ml"},{"@type":"BreadcrumbList","@id":"https:\/\/wein-werte.com\/de\/produkt\/terroir-al-limit-arbossar-2021-750ml\/#breadcrumb","itemListElement":[{"@type":"ListItem","position":1,"name":"Home","item":"https:\/\/wein-werte.com\/de\/"},{"@type":"ListItem","position":2,"name":"Shop","item":"https:\/\/wein-werte.com\/de\/shop\/"},{"@type":"ListItem","position":3,"name":"Terroir al Limit | Priorat | Arbossar | 2021 | 750ml"}]},{"@type":"WebSite","@id":"https:\/\/wein-werte.com\/de\/#website","url":"https:\/\/wein-werte.com\/de\/","name":"Wein Werte","description":"","publisher":{"@id":"https:\/\/wein-werte.com\/de\/#organization"},"potentialAction":[{"@type":"SearchAction","target":{"@type":"EntryPoint","urlTemplate":"https:\/\/wein-werte.com\/de\/?s={search_term_string}"},"query-input":{"@type":"PropertyValueSpecification","valueRequired":true,"valueName":"search_term_string"}}],"inLanguage":"de"},{"@type":"Organization","@id":"https:\/\/wein-werte.com\/de\/#organization","name":"Vins Fins Thorrold","url":"https:\/\/wein-werte.com\/de\/","logo":{"@type":"ImageObject","inLanguage":"de","@id":"https:\/\/wein-werte.com\/de\/#\/schema\/logo\/image\/","url":"https:\/\/wein-werte.com\/wp-content\/uploads\/2023\/07\/Wein_werte_Logo700-1.png","contentUrl":"https:\/\/wein-werte.com\/wp-content\/uploads\/2023\/07\/Wein_werte_Logo700-1.png","width":700,"height":272,"caption":"Vins Fins Thorrold"},"image":{"@id":"https:\/\/wein-werte.com\/de\/#\/schema\/logo\/image\/"}}]}},"_links":{"self":[{"href":"https:\/\/wein-werte.com\/de\/wp-json\/wp\/v2\/product\/1133396","targetHints":{"allow":["GET"]}}],"collection":[{"href":"https:\/\/wein-werte.com\/de\/wp-json\/wp\/v2\/product"}],"about":[{"href":"https:\/\/wein-werte.com\/de\/wp-json\/wp\/v2\/types\/product"}],"wp:featuredmedia":[{"embeddable":true,"href":"https:\/\/wein-werte.com\/de\/wp-json\/wp\/v2\/media\/1143830"}],"wp:attachment":[{"href":"https:\/\/wein-werte.com\/de\/wp-json\/wp\/v2\/media?parent=1133396"}],"wp:term":[{"taxonomy":"product_brand","embeddable":true,"href":"https:\/\/wein-werte.com\/de\/wp-json\/wp\/v2\/product_brand?post=1133396"},{"taxonomy":"product_cat","embeddable":true,"href":"https:\/\/wein-werte.com\/de\/wp-json\/wp\/v2\/product_cat?post=1133396"},{"taxonomy":"product_tag","embeddable":true,"href":"https:\/\/wein-werte.com\/de\/wp-json\/wp\/v2\/product_tag?post=1133396"}],"curies":[{"name":"wp","href":"https:\/\/api.w.org\/{rel}","templated":true}]}}