{"id":1133367,"date":"2026-05-08T20:05:52","date_gmt":"2026-05-08T18:05:52","guid":{"rendered":"https:\/\/wein-werte.com\/product\/terroir-al-limit-les-tosses-2018-750ml\/"},"modified":"2026-04-27T11:50:29","modified_gmt":"2026-04-27T09:50:29","slug":"terroir-al-limit-les-tosses-2018-750ml","status":"publish","type":"product","link":"https:\/\/wein-werte.com\/de\/produkt\/terroir-al-limit-les-tosses-2018-750ml\/","title":{"rendered":"Terroir al Limit | Priorat | Les Tosses | 2018 | 750ml"},"content":{"rendered":"<p>Produktbeschreibung f\u00fcr Terroir al Limit Les Tosses 2018  <\/p>\n<h5>Info<\/h5>\n<p> Les Tosses ist ebenso ein \u201eVi d\u00b4altura\u201c wie Les Manyes. Die Carignan-St\u00f6cke steht auf 650 H\u00f6henmetern. Der Untergrund ist der f\u00fcr das Priorat typische schwarze Schiefer \u2013 auch \u201elicorella\u201c genannt. Der Ausbau erfolgt heute nur noch f\u00fcr 3 Monate in Stockinger-Fudern. Holz spielt also eine stark untergeordnete Rolle. Im Jahrgang 2018 wurden 2006 Flaschen abgef\u00fcllt. <\/p>\n<h5>Farbe<\/h5>\n<p> Dichtes Purpur mit violetten Reflexen <\/p>\n<h5>Nase<\/h5>\n<p> Der Carignan aus de Lage Les Tosses basiert auf blauen und dunklen Fr\u00fcchten mit einer feinen W\u00fcrze. Je nach sensorischer Veranlagung lassen sich hier Heidelbeeren, Cassis, Brombeere und S\u00fc\u00dfkirschen ersp\u00fcren. Etherische Nuancen von mediterranen Kr\u00e4utern aber vor allem Eukalyptus und Minze unterstreichen die dunkele Frucht mit k\u00fchlen und belebenden Akzenten. Auch die steinigen, kalten Charakterz\u00fcge des Schieferbodens sind deutlich wahrzunehmen. Florale Aromen von Veilchen und Stiefm\u00fctterchen verleihen ihm eine extra Portion Glanz und Gloria. <\/p>\n<h5>Gaumen<\/h5>\n<p> Am Gaumen schafft er dann den Spagat all diese dunklen Noten in pure Eleganz zu b\u00fcndeln. Pure Mineralit\u00e4t herrscht im Mundraum. Das l\u00e4sst es seidig und verspielt wirken. Keine Kargheit, sondern absolut perfekte Balance aus Frucht, S\u00e4ure und haptischen Attributen. Nur ein zartes Tannin, aber viel Druck und eine feine Extrakts\u00fc\u00dfe pr\u00e4gen das Mundbild deutlich. Die Aromen der Nase kommen in \u00e4hnlicher Form und abwechselnder Intensit\u00e4t im Nachhall deutlich zur Geltung. Les Tosses ist ein sehr erwachsender Wein, at jedoch den sprichw\u00f6rtlichen \u201eSchalk im Nacken\u201c nie absch\u00fctteln k\u00f6nnen.<\/p>\n<p>Copyright Vinaturel 2025<\/p>\n<p>Keywords: <a href=\"https:\/\/wein-werte.com\/de\/shop\/?swoof=1&#038;pa_producer=Terroir-al-Limit\">Terroir al Limit<\/a> <a href=\"https:\/\/wein-werte.com\/de\/shop\/?swoof=1&#038;woof_text=Les Tosses\">Les Tosses<\/a> 2018  <a href=\"https:\/\/wein-werte.com\/de\/shop\/?swoof=1&#038;pa_region=Priorat\">Priorat<\/a> <a href=\"https:\/\/wein-werte.com\/de\/shop\/?swoof=1&#038;pa_country=Spanien\">Spanien<\/a><\/p>\n<h3>Wine Advocate<\/h3>\n<p>Punkte: 98<\/p>\n<p>Der reine Cari\u00f1ena 2018 Les Tosses wurde mit einheimischer Hefe im Beton vergoren. Die H\u00e4lfte des Weins reifte in Eichenf\u00e4ssern, die andere H\u00e4lfte in Beton, da der Anteil in Eiche reduziert wurde. Er ist blumig, aromatisch und elegant und erinnert an den Charakter des Jahrgangs 2016, als er sich fast wie ein Garnacha anf\u00fchlte \u2013 frisch und elegant, aber auch durchaus seri\u00f6s. Er hat eine sch\u00f6ne Textur mit dem k\u00f6rnigen Geschmack der Schieferb\u00f6den, ist sehr geschmackvoll, sauber und pr\u00e4zise und hat einen sehr langen, trockenen Abgang. Er k\u00f6nnte durch die j\u00fcngste Abf\u00fcllung etwas benommen wirken und d\u00fcrfte sich in der Flasche deutlich verbessern, da er die n\u00f6tige Balance und alle n\u00f6tigen Zutaten besitzt. Er d\u00fcrfte langlebig sein. Er ist recht kompakt und profitiert stets von einer l\u00e4ngeren Flaschenreife, die langsam seinen mediterranen Charakter entfaltet. Im September 2020 wurden 2.006 Flaschen abgef\u00fcllt.<br \/>Luis Guti\u00e9rrez<\/p>\n<p>Internetseite des Weinguts: <a href=\"https:\/\/terroir-al-limit.com\/\" target=\"_blank\">https:\/\/terroir-al-limit.com\/<\/a><\/p>\n","protected":false},"excerpt":{"rendered":"<p>Lieferzeit: 1 bis 2 Arbeitstage (DE), 2 bis 5 Arbeitstage (EU and CH)<\/p>\n","protected":false},"featured_media":1143812,"template":"","meta":[],"product_brand":[],"product_cat":[19],"product_tag":[],"class_list":{"0":"post-1133367","1":"product","2":"type-product","3":"status-publish","4":"has-post-thumbnail","6":"product_cat-unkategorisiert","7":"pa_alcohol-for-filter-13-5","8":"pa_certified-biodynamic-nein-de","9":"pa_certified-organic-nein-de","10":"pa_colour-rot","11":"pa_country-spanien","12":"pa_grape-carignan","13":"pa_parker-points-for-filter-98-de-2","14":"pa_price-for-filter-10636","15":"pa_producer-terroir-al-limit","16":"pa_region-priorat","17":"pa_size-ml-6584","18":"pa_sweetness-trocken-de","19":"pa_type-2-still-de","20":"pa_vintage-2018-de","21":"entry","22":"has-media","24":"first","25":"instock","26":"taxable","27":"shipping-taxable","28":"purchasable","29":"product-type-simple"},"yoast_head":"<!-- This site is optimized with the Yoast SEO plugin v27.5 - https:\/\/yoast.com\/product\/yoast-seo-wordpress\/ -->\n<title>Terroir al Limit Les Tosses 2018<\/title>\n<meta name=\"description\" content=\"Kaufe Terroir al Limit Les Tosses 2018 (Carignan, trocken aus Priorat, Spanien) bei Wein Werte, Ihrem nachhaltigen Onlineshop.\" \/>\n<meta name=\"robots\" content=\"index, follow, max-snippet:-1, max-image-preview:large, max-video-preview:-1\" \/>\n<link rel=\"canonical\" href=\"https:\/\/wein-werte.com\/de\/produkt\/terroir-al-limit-les-tosses-2018-750ml\/\" \/>\n<meta property=\"og:locale\" content=\"de_DE\" \/>\n<meta property=\"og:type\" content=\"article\" \/>\n<meta property=\"og:title\" content=\"Terroir al Limit Les Tosses 2018\" \/>\n<meta property=\"og:description\" content=\"Kaufe Terroir al Limit Les Tosses 2018 (Carignan, trocken aus Priorat, Spanien) bei Wein Werte, Ihrem nachhaltigen Onlineshop.\" \/>\n<meta property=\"og:url\" content=\"https:\/\/wein-werte.com\/de\/produkt\/terroir-al-limit-les-tosses-2018-750ml\/\" \/>\n<meta property=\"og:site_name\" content=\"Wein Werte\" \/>\n<meta property=\"og:image\" content=\"https:\/\/wein-werte.com\/wp-content\/uploads\/2026\/04\/Terroir-al-Limit-Les-Tosses-2018-750ml.png\" \/>\n\t<meta property=\"og:image:width\" content=\"337\" \/>\n\t<meta property=\"og:image:height\" content=\"1200\" \/>\n\t<meta property=\"og:image:type\" content=\"image\/png\" \/>\n<meta name=\"twitter:card\" content=\"summary_large_image\" \/>\n<meta name=\"twitter:label1\" content=\"Gesch\u00e4tzte Lesezeit\" \/>\n\t<meta name=\"twitter:data1\" content=\"2\u00a0Minuten\" \/>\n<script type=\"application\/ld+json\" class=\"yoast-schema-graph\">{\"@context\":\"https:\\\/\\\/schema.org\",\"@graph\":[{\"@type\":\"WebPage\",\"@id\":\"https:\\\/\\\/wein-werte.com\\\/de\\\/produkt\\\/terroir-al-limit-les-tosses-2018-750ml\\\/\",\"url\":\"https:\\\/\\\/wein-werte.com\\\/de\\\/produkt\\\/terroir-al-limit-les-tosses-2018-750ml\\\/\",\"name\":\"Terroir al Limit Les Tosses 2018\",\"isPartOf\":{\"@id\":\"https:\\\/\\\/wein-werte.com\\\/de\\\/#website\"},\"primaryImageOfPage\":{\"@id\":\"https:\\\/\\\/wein-werte.com\\\/de\\\/produkt\\\/terroir-al-limit-les-tosses-2018-750ml\\\/#primaryimage\"},\"image\":{\"@id\":\"https:\\\/\\\/wein-werte.com\\\/de\\\/produkt\\\/terroir-al-limit-les-tosses-2018-750ml\\\/#primaryimage\"},\"thumbnailUrl\":\"https:\\\/\\\/wein-werte.com\\\/wp-content\\\/uploads\\\/2026\\\/04\\\/Terroir-al-Limit-Les-Tosses-2018-750ml.png\",\"datePublished\":\"2026-05-08T18:05:52+00:00\",\"description\":\"Kaufe Terroir al Limit Les Tosses 2018 (Carignan, trocken aus Priorat, Spanien) bei Wein Werte, Ihrem nachhaltigen Onlineshop.\",\"breadcrumb\":{\"@id\":\"https:\\\/\\\/wein-werte.com\\\/de\\\/produkt\\\/terroir-al-limit-les-tosses-2018-750ml\\\/#breadcrumb\"},\"inLanguage\":\"de\",\"potentialAction\":[{\"@type\":\"ReadAction\",\"target\":[\"https:\\\/\\\/wein-werte.com\\\/de\\\/produkt\\\/terroir-al-limit-les-tosses-2018-750ml\\\/\"]}]},{\"@type\":\"ImageObject\",\"inLanguage\":\"de\",\"@id\":\"https:\\\/\\\/wein-werte.com\\\/de\\\/produkt\\\/terroir-al-limit-les-tosses-2018-750ml\\\/#primaryimage\",\"url\":\"https:\\\/\\\/wein-werte.com\\\/wp-content\\\/uploads\\\/2026\\\/04\\\/Terroir-al-Limit-Les-Tosses-2018-750ml.png\",\"contentUrl\":\"https:\\\/\\\/wein-werte.com\\\/wp-content\\\/uploads\\\/2026\\\/04\\\/Terroir-al-Limit-Les-Tosses-2018-750ml.png\",\"width\":337,\"height\":1200,\"caption\":\"Terroir al Limit Les Tosses 2018 750ml\"},{\"@type\":\"BreadcrumbList\",\"@id\":\"https:\\\/\\\/wein-werte.com\\\/de\\\/produkt\\\/terroir-al-limit-les-tosses-2018-750ml\\\/#breadcrumb\",\"itemListElement\":[{\"@type\":\"ListItem\",\"position\":1,\"name\":\"Home\",\"item\":\"https:\\\/\\\/wein-werte.com\\\/de\\\/\"},{\"@type\":\"ListItem\",\"position\":2,\"name\":\"Shop\",\"item\":\"https:\\\/\\\/wein-werte.com\\\/de\\\/shop\\\/\"},{\"@type\":\"ListItem\",\"position\":3,\"name\":\"Terroir al Limit | Priorat | Les Tosses | 2018 | 750ml\"}]},{\"@type\":\"WebSite\",\"@id\":\"https:\\\/\\\/wein-werte.com\\\/de\\\/#website\",\"url\":\"https:\\\/\\\/wein-werte.com\\\/de\\\/\",\"name\":\"Wein Werte\",\"description\":\"\",\"publisher\":{\"@id\":\"https:\\\/\\\/wein-werte.com\\\/de\\\/#organization\"},\"potentialAction\":[{\"@type\":\"SearchAction\",\"target\":{\"@type\":\"EntryPoint\",\"urlTemplate\":\"https:\\\/\\\/wein-werte.com\\\/de\\\/?s={search_term_string}\"},\"query-input\":{\"@type\":\"PropertyValueSpecification\",\"valueRequired\":true,\"valueName\":\"search_term_string\"}}],\"inLanguage\":\"de\"},{\"@type\":\"Organization\",\"@id\":\"https:\\\/\\\/wein-werte.com\\\/de\\\/#organization\",\"name\":\"Vins Fins Thorrold\",\"url\":\"https:\\\/\\\/wein-werte.com\\\/de\\\/\",\"logo\":{\"@type\":\"ImageObject\",\"inLanguage\":\"de\",\"@id\":\"https:\\\/\\\/wein-werte.com\\\/de\\\/#\\\/schema\\\/logo\\\/image\\\/\",\"url\":\"https:\\\/\\\/wein-werte.com\\\/wp-content\\\/uploads\\\/2023\\\/07\\\/Wein_werte_Logo700-1.png\",\"contentUrl\":\"https:\\\/\\\/wein-werte.com\\\/wp-content\\\/uploads\\\/2023\\\/07\\\/Wein_werte_Logo700-1.png\",\"width\":700,\"height\":272,\"caption\":\"Vins Fins Thorrold\"},\"image\":{\"@id\":\"https:\\\/\\\/wein-werte.com\\\/de\\\/#\\\/schema\\\/logo\\\/image\\\/\"}}]}<\/script>\n<!-- \/ Yoast SEO plugin. -->","yoast_head_json":{"title":"Terroir al Limit Les Tosses 2018","description":"Kaufe Terroir al Limit Les Tosses 2018 (Carignan, trocken aus Priorat, Spanien) bei Wein Werte, Ihrem nachhaltigen Onlineshop.","robots":{"index":"index","follow":"follow","max-snippet":"max-snippet:-1","max-image-preview":"max-image-preview:large","max-video-preview":"max-video-preview:-1"},"canonical":"https:\/\/wein-werte.com\/de\/produkt\/terroir-al-limit-les-tosses-2018-750ml\/","og_locale":"de_DE","og_type":"article","og_title":"Terroir al Limit Les Tosses 2018","og_description":"Kaufe Terroir al Limit Les Tosses 2018 (Carignan, trocken aus Priorat, Spanien) bei Wein Werte, Ihrem nachhaltigen Onlineshop.","og_url":"https:\/\/wein-werte.com\/de\/produkt\/terroir-al-limit-les-tosses-2018-750ml\/","og_site_name":"Wein Werte","og_image":[{"width":337,"height":1200,"url":"https:\/\/wein-werte.com\/wp-content\/uploads\/2026\/04\/Terroir-al-Limit-Les-Tosses-2018-750ml.png","type":"image\/png"}],"twitter_card":"summary_large_image","twitter_misc":{"Gesch\u00e4tzte Lesezeit":"2\u00a0Minuten"},"schema":{"@context":"https:\/\/schema.org","@graph":[{"@type":"WebPage","@id":"https:\/\/wein-werte.com\/de\/produkt\/terroir-al-limit-les-tosses-2018-750ml\/","url":"https:\/\/wein-werte.com\/de\/produkt\/terroir-al-limit-les-tosses-2018-750ml\/","name":"Terroir al Limit Les Tosses 2018","isPartOf":{"@id":"https:\/\/wein-werte.com\/de\/#website"},"primaryImageOfPage":{"@id":"https:\/\/wein-werte.com\/de\/produkt\/terroir-al-limit-les-tosses-2018-750ml\/#primaryimage"},"image":{"@id":"https:\/\/wein-werte.com\/de\/produkt\/terroir-al-limit-les-tosses-2018-750ml\/#primaryimage"},"thumbnailUrl":"https:\/\/wein-werte.com\/wp-content\/uploads\/2026\/04\/Terroir-al-Limit-Les-Tosses-2018-750ml.png","datePublished":"2026-05-08T18:05:52+00:00","description":"Kaufe Terroir al Limit Les Tosses 2018 (Carignan, trocken aus Priorat, Spanien) bei Wein Werte, Ihrem nachhaltigen Onlineshop.","breadcrumb":{"@id":"https:\/\/wein-werte.com\/de\/produkt\/terroir-al-limit-les-tosses-2018-750ml\/#breadcrumb"},"inLanguage":"de","potentialAction":[{"@type":"ReadAction","target":["https:\/\/wein-werte.com\/de\/produkt\/terroir-al-limit-les-tosses-2018-750ml\/"]}]},{"@type":"ImageObject","inLanguage":"de","@id":"https:\/\/wein-werte.com\/de\/produkt\/terroir-al-limit-les-tosses-2018-750ml\/#primaryimage","url":"https:\/\/wein-werte.com\/wp-content\/uploads\/2026\/04\/Terroir-al-Limit-Les-Tosses-2018-750ml.png","contentUrl":"https:\/\/wein-werte.com\/wp-content\/uploads\/2026\/04\/Terroir-al-Limit-Les-Tosses-2018-750ml.png","width":337,"height":1200,"caption":"Terroir al Limit Les Tosses 2018 750ml"},{"@type":"BreadcrumbList","@id":"https:\/\/wein-werte.com\/de\/produkt\/terroir-al-limit-les-tosses-2018-750ml\/#breadcrumb","itemListElement":[{"@type":"ListItem","position":1,"name":"Home","item":"https:\/\/wein-werte.com\/de\/"},{"@type":"ListItem","position":2,"name":"Shop","item":"https:\/\/wein-werte.com\/de\/shop\/"},{"@type":"ListItem","position":3,"name":"Terroir al Limit | Priorat | Les Tosses | 2018 | 750ml"}]},{"@type":"WebSite","@id":"https:\/\/wein-werte.com\/de\/#website","url":"https:\/\/wein-werte.com\/de\/","name":"Wein Werte","description":"","publisher":{"@id":"https:\/\/wein-werte.com\/de\/#organization"},"potentialAction":[{"@type":"SearchAction","target":{"@type":"EntryPoint","urlTemplate":"https:\/\/wein-werte.com\/de\/?s={search_term_string}"},"query-input":{"@type":"PropertyValueSpecification","valueRequired":true,"valueName":"search_term_string"}}],"inLanguage":"de"},{"@type":"Organization","@id":"https:\/\/wein-werte.com\/de\/#organization","name":"Vins Fins Thorrold","url":"https:\/\/wein-werte.com\/de\/","logo":{"@type":"ImageObject","inLanguage":"de","@id":"https:\/\/wein-werte.com\/de\/#\/schema\/logo\/image\/","url":"https:\/\/wein-werte.com\/wp-content\/uploads\/2023\/07\/Wein_werte_Logo700-1.png","contentUrl":"https:\/\/wein-werte.com\/wp-content\/uploads\/2023\/07\/Wein_werte_Logo700-1.png","width":700,"height":272,"caption":"Vins Fins Thorrold"},"image":{"@id":"https:\/\/wein-werte.com\/de\/#\/schema\/logo\/image\/"}}]}},"_links":{"self":[{"href":"https:\/\/wein-werte.com\/de\/wp-json\/wp\/v2\/product\/1133367","targetHints":{"allow":["GET"]}}],"collection":[{"href":"https:\/\/wein-werte.com\/de\/wp-json\/wp\/v2\/product"}],"about":[{"href":"https:\/\/wein-werte.com\/de\/wp-json\/wp\/v2\/types\/product"}],"wp:featuredmedia":[{"embeddable":true,"href":"https:\/\/wein-werte.com\/de\/wp-json\/wp\/v2\/media\/1143812"}],"wp:attachment":[{"href":"https:\/\/wein-werte.com\/de\/wp-json\/wp\/v2\/media?parent=1133367"}],"wp:term":[{"taxonomy":"product_brand","embeddable":true,"href":"https:\/\/wein-werte.com\/de\/wp-json\/wp\/v2\/product_brand?post=1133367"},{"taxonomy":"product_cat","embeddable":true,"href":"https:\/\/wein-werte.com\/de\/wp-json\/wp\/v2\/product_cat?post=1133367"},{"taxonomy":"product_tag","embeddable":true,"href":"https:\/\/wein-werte.com\/de\/wp-json\/wp\/v2\/product_tag?post=1133367"}],"curies":[{"name":"wp","href":"https:\/\/api.w.org\/{rel}","templated":true}]}}