{"id":1133362,"date":"2026-05-05T18:26:25","date_gmt":"2026-05-05T16:26:25","guid":{"rendered":"https:\/\/wein-werte.com\/product\/terroir-al-limit-les-manyes-2018-750ml\/"},"modified":"2026-04-27T11:50:29","modified_gmt":"2026-04-27T09:50:29","slug":"terroir-al-limit-les-manyes-2018-750ml","status":"publish","type":"product","link":"https:\/\/wein-werte.com\/de\/produkt\/terroir-al-limit-les-manyes-2018-750ml\/","title":{"rendered":"Terroir al Limit | Priorat | Les Manyes | 2018 | 750ml"},"content":{"rendered":"<p>Produktbeschreibung f\u00fcr Terroir al Limit Les Manyes 2018 <\/p>\n<p> Marian Hen\u00df: Am Gaumen schl\u00e4gt er in die exakt gleiche Kerbe. Die Frucht ist herrlich intensiv am Gaumen. Rote Aromen in allen Facetten erf\u00fcllen sofort den Mund-Rachen-Raum und bestimmen noch lange den Nachhall. Les Manyes in 2018 zeigt sich zart und verspielt. Die 14,5% Vol. Alkohol sind wunderbar eingebunden. Nun offenbart er eine geniale Linearit\u00e4t. Kerzengerade schie\u00dft er hervor. Er hat deutlich Substanz im Unterbau, pr\u00e4sentiert sich aber in Form eines gro\u00dfen Pinot Noirs. Tiefgr\u00fcndig wie die Nacht. <\/p>\n<h5>Info<\/h5>\n<p> Auf dem Etikett steht \u00fcber Les Manyes \u201eVi d\u00b4altura\u201c. Das bedeutet aus dem katalanischen \u00fcbersetzt. Wein aus der H\u00f6he. Dieser reinsortige Grenache kommt aus einer 1,5ha gro\u00dfen Parzelle am n\u00f6rdlichen Ende des Priorat am Fu\u00dfe des Montsant-Berges auf ca. 800 H\u00f6henmetern. Dort stehen die 70,75&#8211;j\u00e4hrigen Reben auf einem Plateau aus Argile (Lehm &amp; Ton) und wirken zun\u00e4chst v\u00f6llig unspektakul\u00e4r. Um genau zu sein, ist es eine Mutation namens Garnacha Peluda, die einen leichten Flaum auf den Beeren aufweist. Seit dem Jahrgang 2016 ist Dominik Huber f\u00fcr den Les Manyes v\u00f6llig weg gekommen vom Holz. Zu 100% wird dieser Wein im Zementtank ausgebaut. Er selbst sagt, dass dies der beste Wein ist, der von Terroir al Limit bis dato gemacht wurde. Im Jahrgang 2018 waren es 3338 Flaschen. <\/p>\n<h5>Farbe<\/h5>\n<p> Leuchtendes Kirschrot, helle Reflexe <\/p>\n<h5>Nase<\/h5>\n<p> Es ist herrlich zu beobachten, wie sich das Weingut in den letzten Jahren immer wieder stilistisch neu erfindet. Die dunkle Frucht- und Farbintensit\u00e4t des Les Manyes ist abgesch\u00fcttelt. Cranberry, rote Johannisbeeren, Sauerkirschen und Hagebutte vermittelt einen deutlich helleren Eindruck als in vergangenen Jahren. Bunter Pfeffer, Oregano, ger\u00f6stete Mandel, gr\u00fcne Olive und roter Fr\u00fcchtetee offenbaren ein sehr ambivalentes und zeitgleich extrem spannendes Aromenspiel. Worte wie Kraft, Konzentration, Opulenz sind hier viel am Platz. <\/p>\n<h5>Gaumen<\/h5>\n<p> Am Gaumen schl\u00e4gt er in die exakt gleiche Kerbe. Die Frucht ist herrlich intensiv am Gaumen. Rote Aromen in allen Facetten erf\u00fcllen sofort den Mund-Rachen-Raum und bestimmen noch lange den Nachhall. Les Manyes in 2018 zeigt sich zart und verspielt. Die 14,5% Vol. Alkohol sind wunderbar eingebunden. Nun offenbart er eine geniale Linearit\u00e4t. Kerzengerade schie\u00dft er hervor. Er hat deutlich Substanz im Unterbau, pr\u00e4sentiert sich aber in Form eines gro\u00dfen Pinot Noirs. Tiefgr\u00fcndig wie die Nacht.<\/p>\n<p>Copyright Vinaturel 2025<\/p>\n<p>Keywords: <a href=\"https:\/\/wein-werte.com\/de\/shop\/?swoof=1&#038;pa_producer=Terroir-al-Limit\">Terroir al Limit<\/a> <a href=\"https:\/\/wein-werte.com\/de\/shop\/?swoof=1&#038;woof_text=Les Manyes\">Les Manyes<\/a> 2018  <a href=\"https:\/\/wein-werte.com\/de\/shop\/?swoof=1&#038;pa_region=Priorat\">Priorat<\/a> <a href=\"https:\/\/wein-werte.com\/de\/shop\/?swoof=1&#038;pa_country=Spanien\">Spanien<\/a><\/p>\n<h3>Wine Advocate<\/h3>\n<p>Punkte: 99<\/p>\n<p>Ich denke, der Les Manyes 2018 \u00e4hnelt eher dem 2016er als dem 2017er: eleganter, pr\u00e4ziser, frischer und subtiler. Er ist sehr jung und unentwickelt, sehr urspr\u00fcnglich, etwas sch\u00fcchtern und braucht Zeit, um sich im Glas zu entfalten und Noten von Veilchen und Erdbeerbl\u00e4ttern zu enth\u00fcllen, elegant und nuanciert. Am Gaumen ist er sehr ausgewogen und elegant \u2013 ein sehr sch\u00f6ner Wein. Er ist sehr jung und braucht Luft und Zeit im Glas, wenn man demn\u00e4chst eine Flasche \u00f6ffnet. Ich vermute, dass er sich in der Flasche sehr langsam entwickeln und mit der Zeit an Komplexit\u00e4t und Nuancen gewinnen wird. Es ist ein hervorragender Jahrgang f\u00fcr Les Manyes. Im September 2020 wurden 3.338 Flaschen abgef\u00fcllt.<br \/>Luis Guti\u00e9rrez<\/p>\n<p>Internetseite des Weinguts: <a href=\"https:\/\/terroir-al-limit.com\/\" target=\"_blank\">https:\/\/terroir-al-limit.com\/<\/a><\/p>\n","protected":false},"excerpt":{"rendered":"<p>Lieferzeit: 1 bis 2 Arbeitstage (DE), 2 bis 5 Arbeitstage (EU and CH)<\/p>\n","protected":false},"featured_media":1143808,"template":"","meta":[],"product_brand":[],"product_cat":[19],"product_tag":[],"class_list":{"0":"post-1133362","1":"product","2":"type-product","3":"status-publish","4":"has-post-thumbnail","6":"product_cat-unkategorisiert","7":"pa_alcohol-for-filter-14-5","8":"pa_certified-biodynamic-nein-de","9":"pa_certified-organic-nein-de","10":"pa_colour-rot","11":"pa_country-spanien","12":"pa_grape-grenache","13":"pa_parker-points-for-filter-99-de-2","14":"pa_price-for-filter-10636","15":"pa_producer-terroir-al-limit","16":"pa_region-priorat","17":"pa_size-ml-6584","18":"pa_sweetness-trocken-de","19":"pa_type-2-still-de","20":"pa_vintage-2018-de","21":"entry","22":"has-media","24":"first","25":"instock","26":"taxable","27":"shipping-taxable","28":"purchasable","29":"product-type-simple"},"yoast_head":"<!-- This site is optimized with the Yoast SEO plugin v27.5 - https:\/\/yoast.com\/product\/yoast-seo-wordpress\/ -->\n<title>Terroir al Limit Les Manyes 2018<\/title>\n<meta name=\"description\" content=\"Kaufe Terroir al Limit Les Manyes 2018 (Grenache, trocken aus Priorat, Spanien) bei Wein Werte, Ihrem nachhaltigen Onlineshop.\" \/>\n<meta name=\"robots\" content=\"index, follow, max-snippet:-1, max-image-preview:large, max-video-preview:-1\" \/>\n<link rel=\"canonical\" href=\"https:\/\/wein-werte.com\/de\/produkt\/terroir-al-limit-les-manyes-2018-750ml\/\" \/>\n<meta property=\"og:locale\" content=\"de_DE\" \/>\n<meta property=\"og:type\" content=\"article\" \/>\n<meta property=\"og:title\" content=\"Terroir al Limit Les Manyes 2018\" \/>\n<meta property=\"og:description\" content=\"Kaufe Terroir al Limit Les Manyes 2018 (Grenache, trocken aus Priorat, Spanien) bei Wein Werte, Ihrem nachhaltigen Onlineshop.\" \/>\n<meta property=\"og:url\" content=\"https:\/\/wein-werte.com\/de\/produkt\/terroir-al-limit-les-manyes-2018-750ml\/\" \/>\n<meta property=\"og:site_name\" content=\"Wein Werte\" \/>\n<meta property=\"og:image\" content=\"https:\/\/wein-werte.com\/wp-content\/uploads\/2026\/04\/Terroir-al-Limit-Les-Manyes-2018-750ml.png\" \/>\n\t<meta property=\"og:image:width\" content=\"341\" \/>\n\t<meta property=\"og:image:height\" content=\"1200\" \/>\n\t<meta property=\"og:image:type\" content=\"image\/png\" \/>\n<meta name=\"twitter:card\" content=\"summary_large_image\" \/>\n<meta name=\"twitter:label1\" content=\"Gesch\u00e4tzte Lesezeit\" \/>\n\t<meta name=\"twitter:data1\" content=\"3\u00a0Minuten\" \/>\n<script type=\"application\/ld+json\" class=\"yoast-schema-graph\">{\"@context\":\"https:\\\/\\\/schema.org\",\"@graph\":[{\"@type\":\"WebPage\",\"@id\":\"https:\\\/\\\/wein-werte.com\\\/de\\\/produkt\\\/terroir-al-limit-les-manyes-2018-750ml\\\/\",\"url\":\"https:\\\/\\\/wein-werte.com\\\/de\\\/produkt\\\/terroir-al-limit-les-manyes-2018-750ml\\\/\",\"name\":\"Terroir al Limit Les Manyes 2018\",\"isPartOf\":{\"@id\":\"https:\\\/\\\/wein-werte.com\\\/de\\\/#website\"},\"primaryImageOfPage\":{\"@id\":\"https:\\\/\\\/wein-werte.com\\\/de\\\/produkt\\\/terroir-al-limit-les-manyes-2018-750ml\\\/#primaryimage\"},\"image\":{\"@id\":\"https:\\\/\\\/wein-werte.com\\\/de\\\/produkt\\\/terroir-al-limit-les-manyes-2018-750ml\\\/#primaryimage\"},\"thumbnailUrl\":\"https:\\\/\\\/wein-werte.com\\\/wp-content\\\/uploads\\\/2026\\\/04\\\/Terroir-al-Limit-Les-Manyes-2018-750ml.png\",\"datePublished\":\"2026-05-05T16:26:25+00:00\",\"description\":\"Kaufe Terroir al Limit Les Manyes 2018 (Grenache, trocken aus Priorat, Spanien) bei Wein Werte, Ihrem nachhaltigen Onlineshop.\",\"breadcrumb\":{\"@id\":\"https:\\\/\\\/wein-werte.com\\\/de\\\/produkt\\\/terroir-al-limit-les-manyes-2018-750ml\\\/#breadcrumb\"},\"inLanguage\":\"de\",\"potentialAction\":[{\"@type\":\"ReadAction\",\"target\":[\"https:\\\/\\\/wein-werte.com\\\/de\\\/produkt\\\/terroir-al-limit-les-manyes-2018-750ml\\\/\"]}]},{\"@type\":\"ImageObject\",\"inLanguage\":\"de\",\"@id\":\"https:\\\/\\\/wein-werte.com\\\/de\\\/produkt\\\/terroir-al-limit-les-manyes-2018-750ml\\\/#primaryimage\",\"url\":\"https:\\\/\\\/wein-werte.com\\\/wp-content\\\/uploads\\\/2026\\\/04\\\/Terroir-al-Limit-Les-Manyes-2018-750ml.png\",\"contentUrl\":\"https:\\\/\\\/wein-werte.com\\\/wp-content\\\/uploads\\\/2026\\\/04\\\/Terroir-al-Limit-Les-Manyes-2018-750ml.png\",\"width\":341,\"height\":1200,\"caption\":\"Terroir al Limit Les Manyes 2018 750ml\"},{\"@type\":\"BreadcrumbList\",\"@id\":\"https:\\\/\\\/wein-werte.com\\\/de\\\/produkt\\\/terroir-al-limit-les-manyes-2018-750ml\\\/#breadcrumb\",\"itemListElement\":[{\"@type\":\"ListItem\",\"position\":1,\"name\":\"Home\",\"item\":\"https:\\\/\\\/wein-werte.com\\\/de\\\/\"},{\"@type\":\"ListItem\",\"position\":2,\"name\":\"Shop\",\"item\":\"https:\\\/\\\/wein-werte.com\\\/de\\\/shop\\\/\"},{\"@type\":\"ListItem\",\"position\":3,\"name\":\"Terroir al Limit | Priorat | Les Manyes | 2018 | 750ml\"}]},{\"@type\":\"WebSite\",\"@id\":\"https:\\\/\\\/wein-werte.com\\\/de\\\/#website\",\"url\":\"https:\\\/\\\/wein-werte.com\\\/de\\\/\",\"name\":\"Wein Werte\",\"description\":\"\",\"publisher\":{\"@id\":\"https:\\\/\\\/wein-werte.com\\\/de\\\/#organization\"},\"potentialAction\":[{\"@type\":\"SearchAction\",\"target\":{\"@type\":\"EntryPoint\",\"urlTemplate\":\"https:\\\/\\\/wein-werte.com\\\/de\\\/?s={search_term_string}\"},\"query-input\":{\"@type\":\"PropertyValueSpecification\",\"valueRequired\":true,\"valueName\":\"search_term_string\"}}],\"inLanguage\":\"de\"},{\"@type\":\"Organization\",\"@id\":\"https:\\\/\\\/wein-werte.com\\\/de\\\/#organization\",\"name\":\"Vins Fins Thorrold\",\"url\":\"https:\\\/\\\/wein-werte.com\\\/de\\\/\",\"logo\":{\"@type\":\"ImageObject\",\"inLanguage\":\"de\",\"@id\":\"https:\\\/\\\/wein-werte.com\\\/de\\\/#\\\/schema\\\/logo\\\/image\\\/\",\"url\":\"https:\\\/\\\/wein-werte.com\\\/wp-content\\\/uploads\\\/2023\\\/07\\\/Wein_werte_Logo700-1.png\",\"contentUrl\":\"https:\\\/\\\/wein-werte.com\\\/wp-content\\\/uploads\\\/2023\\\/07\\\/Wein_werte_Logo700-1.png\",\"width\":700,\"height\":272,\"caption\":\"Vins Fins Thorrold\"},\"image\":{\"@id\":\"https:\\\/\\\/wein-werte.com\\\/de\\\/#\\\/schema\\\/logo\\\/image\\\/\"}}]}<\/script>\n<!-- \/ Yoast SEO plugin. -->","yoast_head_json":{"title":"Terroir al Limit Les Manyes 2018","description":"Kaufe Terroir al Limit Les Manyes 2018 (Grenache, trocken aus Priorat, Spanien) bei Wein Werte, Ihrem nachhaltigen Onlineshop.","robots":{"index":"index","follow":"follow","max-snippet":"max-snippet:-1","max-image-preview":"max-image-preview:large","max-video-preview":"max-video-preview:-1"},"canonical":"https:\/\/wein-werte.com\/de\/produkt\/terroir-al-limit-les-manyes-2018-750ml\/","og_locale":"de_DE","og_type":"article","og_title":"Terroir al Limit Les Manyes 2018","og_description":"Kaufe Terroir al Limit Les Manyes 2018 (Grenache, trocken aus Priorat, Spanien) bei Wein Werte, Ihrem nachhaltigen Onlineshop.","og_url":"https:\/\/wein-werte.com\/de\/produkt\/terroir-al-limit-les-manyes-2018-750ml\/","og_site_name":"Wein Werte","og_image":[{"width":341,"height":1200,"url":"https:\/\/wein-werte.com\/wp-content\/uploads\/2026\/04\/Terroir-al-Limit-Les-Manyes-2018-750ml.png","type":"image\/png"}],"twitter_card":"summary_large_image","twitter_misc":{"Gesch\u00e4tzte Lesezeit":"3\u00a0Minuten"},"schema":{"@context":"https:\/\/schema.org","@graph":[{"@type":"WebPage","@id":"https:\/\/wein-werte.com\/de\/produkt\/terroir-al-limit-les-manyes-2018-750ml\/","url":"https:\/\/wein-werte.com\/de\/produkt\/terroir-al-limit-les-manyes-2018-750ml\/","name":"Terroir al Limit Les Manyes 2018","isPartOf":{"@id":"https:\/\/wein-werte.com\/de\/#website"},"primaryImageOfPage":{"@id":"https:\/\/wein-werte.com\/de\/produkt\/terroir-al-limit-les-manyes-2018-750ml\/#primaryimage"},"image":{"@id":"https:\/\/wein-werte.com\/de\/produkt\/terroir-al-limit-les-manyes-2018-750ml\/#primaryimage"},"thumbnailUrl":"https:\/\/wein-werte.com\/wp-content\/uploads\/2026\/04\/Terroir-al-Limit-Les-Manyes-2018-750ml.png","datePublished":"2026-05-05T16:26:25+00:00","description":"Kaufe Terroir al Limit Les Manyes 2018 (Grenache, trocken aus Priorat, Spanien) bei Wein Werte, Ihrem nachhaltigen Onlineshop.","breadcrumb":{"@id":"https:\/\/wein-werte.com\/de\/produkt\/terroir-al-limit-les-manyes-2018-750ml\/#breadcrumb"},"inLanguage":"de","potentialAction":[{"@type":"ReadAction","target":["https:\/\/wein-werte.com\/de\/produkt\/terroir-al-limit-les-manyes-2018-750ml\/"]}]},{"@type":"ImageObject","inLanguage":"de","@id":"https:\/\/wein-werte.com\/de\/produkt\/terroir-al-limit-les-manyes-2018-750ml\/#primaryimage","url":"https:\/\/wein-werte.com\/wp-content\/uploads\/2026\/04\/Terroir-al-Limit-Les-Manyes-2018-750ml.png","contentUrl":"https:\/\/wein-werte.com\/wp-content\/uploads\/2026\/04\/Terroir-al-Limit-Les-Manyes-2018-750ml.png","width":341,"height":1200,"caption":"Terroir al Limit Les Manyes 2018 750ml"},{"@type":"BreadcrumbList","@id":"https:\/\/wein-werte.com\/de\/produkt\/terroir-al-limit-les-manyes-2018-750ml\/#breadcrumb","itemListElement":[{"@type":"ListItem","position":1,"name":"Home","item":"https:\/\/wein-werte.com\/de\/"},{"@type":"ListItem","position":2,"name":"Shop","item":"https:\/\/wein-werte.com\/de\/shop\/"},{"@type":"ListItem","position":3,"name":"Terroir al Limit | Priorat | Les Manyes | 2018 | 750ml"}]},{"@type":"WebSite","@id":"https:\/\/wein-werte.com\/de\/#website","url":"https:\/\/wein-werte.com\/de\/","name":"Wein Werte","description":"","publisher":{"@id":"https:\/\/wein-werte.com\/de\/#organization"},"potentialAction":[{"@type":"SearchAction","target":{"@type":"EntryPoint","urlTemplate":"https:\/\/wein-werte.com\/de\/?s={search_term_string}"},"query-input":{"@type":"PropertyValueSpecification","valueRequired":true,"valueName":"search_term_string"}}],"inLanguage":"de"},{"@type":"Organization","@id":"https:\/\/wein-werte.com\/de\/#organization","name":"Vins Fins Thorrold","url":"https:\/\/wein-werte.com\/de\/","logo":{"@type":"ImageObject","inLanguage":"de","@id":"https:\/\/wein-werte.com\/de\/#\/schema\/logo\/image\/","url":"https:\/\/wein-werte.com\/wp-content\/uploads\/2023\/07\/Wein_werte_Logo700-1.png","contentUrl":"https:\/\/wein-werte.com\/wp-content\/uploads\/2023\/07\/Wein_werte_Logo700-1.png","width":700,"height":272,"caption":"Vins Fins Thorrold"},"image":{"@id":"https:\/\/wein-werte.com\/de\/#\/schema\/logo\/image\/"}}]}},"_links":{"self":[{"href":"https:\/\/wein-werte.com\/de\/wp-json\/wp\/v2\/product\/1133362","targetHints":{"allow":["GET"]}}],"collection":[{"href":"https:\/\/wein-werte.com\/de\/wp-json\/wp\/v2\/product"}],"about":[{"href":"https:\/\/wein-werte.com\/de\/wp-json\/wp\/v2\/types\/product"}],"wp:featuredmedia":[{"embeddable":true,"href":"https:\/\/wein-werte.com\/de\/wp-json\/wp\/v2\/media\/1143808"}],"wp:attachment":[{"href":"https:\/\/wein-werte.com\/de\/wp-json\/wp\/v2\/media?parent=1133362"}],"wp:term":[{"taxonomy":"product_brand","embeddable":true,"href":"https:\/\/wein-werte.com\/de\/wp-json\/wp\/v2\/product_brand?post=1133362"},{"taxonomy":"product_cat","embeddable":true,"href":"https:\/\/wein-werte.com\/de\/wp-json\/wp\/v2\/product_cat?post=1133362"},{"taxonomy":"product_tag","embeddable":true,"href":"https:\/\/wein-werte.com\/de\/wp-json\/wp\/v2\/product_tag?post=1133362"}],"curies":[{"name":"wp","href":"https:\/\/api.w.org\/{rel}","templated":true}]}}