{"id":1133338,"date":"2026-05-05T18:26:24","date_gmt":"2026-05-05T16:26:24","guid":{"rendered":"https:\/\/wein-werte.com\/product\/terroir-al-limit-les-manyes-2012-1500ml\/"},"modified":"2026-04-27T11:50:27","modified_gmt":"2026-04-27T09:50:27","slug":"terroir-al-limit-les-manyes-2012-1500ml","status":"publish","type":"product","link":"https:\/\/wein-werte.com\/de\/produkt\/terroir-al-limit-les-manyes-2012-1500ml\/","title":{"rendered":"Terroir al Limit | Priorat | Les Manyes | 2012 | 1500ml"},"content":{"rendered":"<p>Produktbeschreibung f\u00fcr Terroir al Limit Les Manyes 2012 <\/p>\n<p> Marian Hen\u00df: Am Gaumen schl\u00e4gt er in die exakt gleiche Kerbe. Die Frucht ist herrlich intensiv am Gaumen. Rote Aromen in allen Facetten erf\u00fcllen sofort den Mund-Rachen-Raum und bestimmen noch lange den Nachhall. Les Manyes in 2018 zeigt sich zart und verspielt. Die 14,5% Vol. Alkohol sind wunderbar eingebunden. Nun offenbart er eine geniale Linearit\u00e4t. Kerzengerade schie\u00dft er hervor. Er hat deutlich Substanz im Unterbau, pr\u00e4sentiert sich aber in Form eines gro\u00dfen Pinot Noirs. Tiefgr\u00fcndig wie die Nacht. <\/p>\n<h5>Farbe<\/h5>\n<p> Helles Purpurrot mit violetten Reflexen, transparent. <\/p>\n<h5>Nase<\/h5>\n<p> Der 2012 Les Manyes von Terroir al Limit aus 100% Grenache ist in der Nase sehr offen mit einer hedonistischen Frucht. Reife Beerenfr\u00fcchte wie Himbeeren (auch als Gelee), Brombeeren und ein wenig Holunder nebst schwarzen Kirschen mischen sich mit \u00e4therischen Noten nach Thymian, etwas Lavendel und Salbei. Der Wein baut mit Luft enorm aus weshalb es sich empfiehlt ihn zu karaffieren oder zumindest aus gro\u00dfen Burgundergl\u00e4sern zu genie\u00dfen. <\/p>\n<h5>Mund<\/h5>\n<p> Auch am Gaumen mach der Les Manyes schon eine sehr zug\u00e4ngliche Figur. Eine reife rote Frucht im Antrunk macht den Auftakt. Die Gerbstoffe sind von zarter Natur, eng verwoben und von seidiger Textur. Der Les Manyes hat eine k\u00fchlende Mineralik und einen frischen, lang gespannten S\u00e4urebogen, der den Wein auch jetzt schon in seinem jugendlichen Stadium trinkreif erscheinen l\u00e4sst. Belohnt wird jedoch derjenige, der ihm einige Jahre Flaschenreife g\u00f6nnt. Reinsortige Grenache auf h\u00f6chstem Niveau.<\/p>\n<p>Copyright Vinaturel 2025<\/p>\n<p>Keywords: <a href=\"https:\/\/wein-werte.com\/de\/shop\/?swoof=1&#038;pa_producer=Terroir-al-Limit\">Terroir al Limit<\/a> <a href=\"https:\/\/wein-werte.com\/de\/shop\/?swoof=1&#038;woof_text=Les Manyes\">Les Manyes<\/a> 2012  <a href=\"https:\/\/wein-werte.com\/de\/shop\/?swoof=1&#038;pa_region=Priorat\">Priorat<\/a> <a href=\"https:\/\/wein-werte.com\/de\/shop\/?swoof=1&#038;pa_country=Spanien\">Spanien<\/a><\/p>\n<h3>Wine Advocate<\/h3>\n<p>Punkte: 98<\/p>\n<p>Lustigerweise hat Dominik Huber nur einen sortenreinen Garnacha-Wein, und der ist ein Spitzenwein. Der Weinberg liegt in Torroja, wo die B\u00f6den aus Schiefer bestehen, und f\u00fcr Dominik harmoniert Schiefer besser mit Cari\u00f1ena, also bezieht er den Garnacha von woanders. Der wundervolle 2012 Les Manyes ist ein ungew\u00f6hnlicher Garnacha aus einem einzigen Weinberg von einer 50 Jahre alten Parzelle in den Montsant-Bergen, in der Zone Masdeu \u00fcber dem Kloster Scala Dei (\u00fcberhaupt nicht in Torroja!), wo die B\u00f6den nicht aus dem \u00fcblichen Schiefer bestehen, sondern reich an Ton mit einem Kreideanteil. Der Weinberg liegt sehr hoch und ist von eindrucksvollen Trockenmauern und -konstruktionen umgeben; es gibt sogar einen Weg, um diese alten Kunstwerke zu bewundern. Die ganzen Trauben wurden mazeriert und mit einheimischen Hefen vergoren und der Wein reifte zwei Jahre lang in alten Fudern aus \u00d6sterreich. Die Nase ist hoch, sehr gehoben und unterscheidet sich von seinen Geschwistern durch einen parf\u00fcmierten Duft mit einer Mischung aus Blumen und s\u00e4uerlichen Beeren sowie einem Hauch orientalischer Gew\u00fcrze. Er ist jedoch mineralischer, erdiger und weniger aromatisch als fr\u00fchere Jahrg\u00e4nge und weist eine zur\u00fcckhaltende Reife auf. Am Gaumen vermischt sich die kalkige Mineralit\u00e4t mit der Saftigkeit der Garnacha, eine Mischung mediterraner und atlantischer Aromen. Im Glas wird er immer besser, \u00f6ffnet sich und zeigt mehr Nuancen. Kompakt, rund, pr\u00e4gnant und seri\u00f6s, ohne Eichen- oder Alkoholnoten, und der Alkoholgehalt liegt bei nur 13,5 Vol.-%. Eine beeindruckende Balance. Im November 2014 wurden nur 1.500 Flaschen abgef\u00fcllt.<br \/>Luis Guti\u00e9rrez<\/p>\n<h3>Vinous<\/h3>\n<p>Punkte: 94+<\/p>\n<p>(Garnacha, zwei Jahre in 500-Liter-F\u00e4ssern aus franz\u00f6sischer Eiche gereift): Tiefviolett. Berauschende Aromen von kandierten dunklen Beeren, Kirschkompott, Potpourri und Weihrauch, begleitet von einer rauchigen Kopfnote. S\u00fc\u00df und seidig in der Textur, mit tiefen, am Gaumen f\u00e4rbenden Aromen von dunklen Beeren und floralen Pastillen, belebt durch saftige S\u00e4ure. Zarte Tannine bilden den auffallend langen Abgang, der kraftvolle Noten von blauen Fr\u00fcchten und kandierten Bl\u00fcten hinterl\u00e4sst. Noch ein Baby, aber mit gro\u00dfem Potenzial. Dieser Wein wurde ausschlie\u00dflich aus ganzen Trauben vinifiziert. \u2013 Josh Raynolds<br \/>Trinkfenster:<br \/>Testdatum: September 2014<\/p>\n<p>Internetseite des Weinguts: <a href=\"https:\/\/terroir-al-limit.com\/\" target=\"_blank\">https:\/\/terroir-al-limit.com\/<\/a><\/p>\n","protected":false},"excerpt":{"rendered":"<p>Lieferzeit: 1 bis 2 Arbeitstage (DE), 2 bis 5 Arbeitstage (EU and CH)<\/p>\n","protected":false},"featured_media":1143790,"template":"","meta":[],"product_brand":[],"product_cat":[19],"product_tag":[],"class_list":{"0":"post-1133338","1":"product","2":"type-product","3":"status-publish","4":"has-post-thumbnail","6":"product_cat-unkategorisiert","7":"pa_alcohol-for-filter-13-5","8":"pa_certified-biodynamic-nein-de","9":"pa_certified-organic-nein-de","10":"pa_colour-rot","11":"pa_country-spanien","12":"pa_grape-grenache","13":"pa_parker-points-for-filter-98-de-2","14":"pa_price-for-filter-10596","15":"pa_producer-terroir-al-limit","16":"pa_region-priorat","17":"pa_size-ml-6657","18":"pa_sweetness-trocken-de","19":"pa_type-2-still-de","20":"pa_vinous-points-for-filter-20033","21":"pa_vintage-2012-de","22":"entry","23":"has-media","25":"first","26":"instock","27":"taxable","28":"shipping-taxable","29":"purchasable","30":"product-type-simple"},"yoast_head":"<!-- This site is optimized with the Yoast SEO plugin v27.5 - https:\/\/yoast.com\/product\/yoast-seo-wordpress\/ -->\n<title>Terroir al Limit Les Manyes 2012, 1500ml<\/title>\n<meta name=\"description\" content=\"Kaufe Terroir al Limit Les Manyes 2012 (Grenache, trocken aus Priorat, Spanien) bei Wein Werte, Ihrem nachhaltigen Onlineshop.\" \/>\n<meta name=\"robots\" content=\"index, follow, max-snippet:-1, max-image-preview:large, max-video-preview:-1\" \/>\n<link rel=\"canonical\" href=\"https:\/\/wein-werte.com\/de\/produkt\/terroir-al-limit-les-manyes-2012-1500ml\/\" \/>\n<meta property=\"og:locale\" content=\"de_DE\" \/>\n<meta property=\"og:type\" content=\"article\" \/>\n<meta property=\"og:title\" content=\"Terroir al Limit Les Manyes 2012, 1500ml\" \/>\n<meta property=\"og:description\" content=\"Kaufe Terroir al Limit Les Manyes 2012 (Grenache, trocken aus Priorat, Spanien) bei Wein Werte, Ihrem nachhaltigen Onlineshop.\" \/>\n<meta property=\"og:url\" content=\"https:\/\/wein-werte.com\/de\/produkt\/terroir-al-limit-les-manyes-2012-1500ml\/\" \/>\n<meta property=\"og:site_name\" content=\"Wein Werte\" \/>\n<meta property=\"og:image\" content=\"https:\/\/wein-werte.com\/wp-content\/uploads\/2026\/04\/Terroir-al-Limit-Les-Manyes-2012-1500ml.png\" \/>\n\t<meta property=\"og:image:width\" content=\"348\" \/>\n\t<meta property=\"og:image:height\" content=\"1200\" \/>\n\t<meta property=\"og:image:type\" content=\"image\/png\" \/>\n<meta name=\"twitter:card\" content=\"summary_large_image\" \/>\n<meta name=\"twitter:label1\" content=\"Gesch\u00e4tzte Lesezeit\" \/>\n\t<meta name=\"twitter:data1\" content=\"3\u00a0Minuten\" \/>\n<script type=\"application\/ld+json\" class=\"yoast-schema-graph\">{\"@context\":\"https:\\\/\\\/schema.org\",\"@graph\":[{\"@type\":\"WebPage\",\"@id\":\"https:\\\/\\\/wein-werte.com\\\/de\\\/produkt\\\/terroir-al-limit-les-manyes-2012-1500ml\\\/\",\"url\":\"https:\\\/\\\/wein-werte.com\\\/de\\\/produkt\\\/terroir-al-limit-les-manyes-2012-1500ml\\\/\",\"name\":\"Terroir al Limit Les Manyes 2012, 1500ml\",\"isPartOf\":{\"@id\":\"https:\\\/\\\/wein-werte.com\\\/de\\\/#website\"},\"primaryImageOfPage\":{\"@id\":\"https:\\\/\\\/wein-werte.com\\\/de\\\/produkt\\\/terroir-al-limit-les-manyes-2012-1500ml\\\/#primaryimage\"},\"image\":{\"@id\":\"https:\\\/\\\/wein-werte.com\\\/de\\\/produkt\\\/terroir-al-limit-les-manyes-2012-1500ml\\\/#primaryimage\"},\"thumbnailUrl\":\"https:\\\/\\\/wein-werte.com\\\/wp-content\\\/uploads\\\/2026\\\/04\\\/Terroir-al-Limit-Les-Manyes-2012-1500ml.png\",\"datePublished\":\"2026-05-05T16:26:24+00:00\",\"description\":\"Kaufe Terroir al Limit Les Manyes 2012 (Grenache, trocken aus Priorat, Spanien) bei Wein Werte, Ihrem nachhaltigen Onlineshop.\",\"breadcrumb\":{\"@id\":\"https:\\\/\\\/wein-werte.com\\\/de\\\/produkt\\\/terroir-al-limit-les-manyes-2012-1500ml\\\/#breadcrumb\"},\"inLanguage\":\"de\",\"potentialAction\":[{\"@type\":\"ReadAction\",\"target\":[\"https:\\\/\\\/wein-werte.com\\\/de\\\/produkt\\\/terroir-al-limit-les-manyes-2012-1500ml\\\/\"]}]},{\"@type\":\"ImageObject\",\"inLanguage\":\"de\",\"@id\":\"https:\\\/\\\/wein-werte.com\\\/de\\\/produkt\\\/terroir-al-limit-les-manyes-2012-1500ml\\\/#primaryimage\",\"url\":\"https:\\\/\\\/wein-werte.com\\\/wp-content\\\/uploads\\\/2026\\\/04\\\/Terroir-al-Limit-Les-Manyes-2012-1500ml.png\",\"contentUrl\":\"https:\\\/\\\/wein-werte.com\\\/wp-content\\\/uploads\\\/2026\\\/04\\\/Terroir-al-Limit-Les-Manyes-2012-1500ml.png\",\"width\":348,\"height\":1200,\"caption\":\"Terroir al Limit Les Manyes 2012 1500ml\"},{\"@type\":\"BreadcrumbList\",\"@id\":\"https:\\\/\\\/wein-werte.com\\\/de\\\/produkt\\\/terroir-al-limit-les-manyes-2012-1500ml\\\/#breadcrumb\",\"itemListElement\":[{\"@type\":\"ListItem\",\"position\":1,\"name\":\"Home\",\"item\":\"https:\\\/\\\/wein-werte.com\\\/de\\\/\"},{\"@type\":\"ListItem\",\"position\":2,\"name\":\"Shop\",\"item\":\"https:\\\/\\\/wein-werte.com\\\/de\\\/shop\\\/\"},{\"@type\":\"ListItem\",\"position\":3,\"name\":\"Terroir al Limit | Priorat | Les Manyes | 2012 | 1500ml\"}]},{\"@type\":\"WebSite\",\"@id\":\"https:\\\/\\\/wein-werte.com\\\/de\\\/#website\",\"url\":\"https:\\\/\\\/wein-werte.com\\\/de\\\/\",\"name\":\"Wein Werte\",\"description\":\"\",\"publisher\":{\"@id\":\"https:\\\/\\\/wein-werte.com\\\/de\\\/#organization\"},\"potentialAction\":[{\"@type\":\"SearchAction\",\"target\":{\"@type\":\"EntryPoint\",\"urlTemplate\":\"https:\\\/\\\/wein-werte.com\\\/de\\\/?s={search_term_string}\"},\"query-input\":{\"@type\":\"PropertyValueSpecification\",\"valueRequired\":true,\"valueName\":\"search_term_string\"}}],\"inLanguage\":\"de\"},{\"@type\":\"Organization\",\"@id\":\"https:\\\/\\\/wein-werte.com\\\/de\\\/#organization\",\"name\":\"Vins Fins Thorrold\",\"url\":\"https:\\\/\\\/wein-werte.com\\\/de\\\/\",\"logo\":{\"@type\":\"ImageObject\",\"inLanguage\":\"de\",\"@id\":\"https:\\\/\\\/wein-werte.com\\\/de\\\/#\\\/schema\\\/logo\\\/image\\\/\",\"url\":\"https:\\\/\\\/wein-werte.com\\\/wp-content\\\/uploads\\\/2023\\\/07\\\/Wein_werte_Logo700-1.png\",\"contentUrl\":\"https:\\\/\\\/wein-werte.com\\\/wp-content\\\/uploads\\\/2023\\\/07\\\/Wein_werte_Logo700-1.png\",\"width\":700,\"height\":272,\"caption\":\"Vins Fins Thorrold\"},\"image\":{\"@id\":\"https:\\\/\\\/wein-werte.com\\\/de\\\/#\\\/schema\\\/logo\\\/image\\\/\"}}]}<\/script>\n<!-- \/ Yoast SEO plugin. -->","yoast_head_json":{"title":"Terroir al Limit Les Manyes 2012, 1500ml","description":"Kaufe Terroir al Limit Les Manyes 2012 (Grenache, trocken aus Priorat, Spanien) bei Wein Werte, Ihrem nachhaltigen Onlineshop.","robots":{"index":"index","follow":"follow","max-snippet":"max-snippet:-1","max-image-preview":"max-image-preview:large","max-video-preview":"max-video-preview:-1"},"canonical":"https:\/\/wein-werte.com\/de\/produkt\/terroir-al-limit-les-manyes-2012-1500ml\/","og_locale":"de_DE","og_type":"article","og_title":"Terroir al Limit Les Manyes 2012, 1500ml","og_description":"Kaufe Terroir al Limit Les Manyes 2012 (Grenache, trocken aus Priorat, Spanien) bei Wein Werte, Ihrem nachhaltigen Onlineshop.","og_url":"https:\/\/wein-werte.com\/de\/produkt\/terroir-al-limit-les-manyes-2012-1500ml\/","og_site_name":"Wein Werte","og_image":[{"width":348,"height":1200,"url":"https:\/\/wein-werte.com\/wp-content\/uploads\/2026\/04\/Terroir-al-Limit-Les-Manyes-2012-1500ml.png","type":"image\/png"}],"twitter_card":"summary_large_image","twitter_misc":{"Gesch\u00e4tzte Lesezeit":"3\u00a0Minuten"},"schema":{"@context":"https:\/\/schema.org","@graph":[{"@type":"WebPage","@id":"https:\/\/wein-werte.com\/de\/produkt\/terroir-al-limit-les-manyes-2012-1500ml\/","url":"https:\/\/wein-werte.com\/de\/produkt\/terroir-al-limit-les-manyes-2012-1500ml\/","name":"Terroir al Limit Les Manyes 2012, 1500ml","isPartOf":{"@id":"https:\/\/wein-werte.com\/de\/#website"},"primaryImageOfPage":{"@id":"https:\/\/wein-werte.com\/de\/produkt\/terroir-al-limit-les-manyes-2012-1500ml\/#primaryimage"},"image":{"@id":"https:\/\/wein-werte.com\/de\/produkt\/terroir-al-limit-les-manyes-2012-1500ml\/#primaryimage"},"thumbnailUrl":"https:\/\/wein-werte.com\/wp-content\/uploads\/2026\/04\/Terroir-al-Limit-Les-Manyes-2012-1500ml.png","datePublished":"2026-05-05T16:26:24+00:00","description":"Kaufe Terroir al Limit Les Manyes 2012 (Grenache, trocken aus Priorat, Spanien) bei Wein Werte, Ihrem nachhaltigen Onlineshop.","breadcrumb":{"@id":"https:\/\/wein-werte.com\/de\/produkt\/terroir-al-limit-les-manyes-2012-1500ml\/#breadcrumb"},"inLanguage":"de","potentialAction":[{"@type":"ReadAction","target":["https:\/\/wein-werte.com\/de\/produkt\/terroir-al-limit-les-manyes-2012-1500ml\/"]}]},{"@type":"ImageObject","inLanguage":"de","@id":"https:\/\/wein-werte.com\/de\/produkt\/terroir-al-limit-les-manyes-2012-1500ml\/#primaryimage","url":"https:\/\/wein-werte.com\/wp-content\/uploads\/2026\/04\/Terroir-al-Limit-Les-Manyes-2012-1500ml.png","contentUrl":"https:\/\/wein-werte.com\/wp-content\/uploads\/2026\/04\/Terroir-al-Limit-Les-Manyes-2012-1500ml.png","width":348,"height":1200,"caption":"Terroir al Limit Les Manyes 2012 1500ml"},{"@type":"BreadcrumbList","@id":"https:\/\/wein-werte.com\/de\/produkt\/terroir-al-limit-les-manyes-2012-1500ml\/#breadcrumb","itemListElement":[{"@type":"ListItem","position":1,"name":"Home","item":"https:\/\/wein-werte.com\/de\/"},{"@type":"ListItem","position":2,"name":"Shop","item":"https:\/\/wein-werte.com\/de\/shop\/"},{"@type":"ListItem","position":3,"name":"Terroir al Limit | Priorat | Les Manyes | 2012 | 1500ml"}]},{"@type":"WebSite","@id":"https:\/\/wein-werte.com\/de\/#website","url":"https:\/\/wein-werte.com\/de\/","name":"Wein Werte","description":"","publisher":{"@id":"https:\/\/wein-werte.com\/de\/#organization"},"potentialAction":[{"@type":"SearchAction","target":{"@type":"EntryPoint","urlTemplate":"https:\/\/wein-werte.com\/de\/?s={search_term_string}"},"query-input":{"@type":"PropertyValueSpecification","valueRequired":true,"valueName":"search_term_string"}}],"inLanguage":"de"},{"@type":"Organization","@id":"https:\/\/wein-werte.com\/de\/#organization","name":"Vins Fins Thorrold","url":"https:\/\/wein-werte.com\/de\/","logo":{"@type":"ImageObject","inLanguage":"de","@id":"https:\/\/wein-werte.com\/de\/#\/schema\/logo\/image\/","url":"https:\/\/wein-werte.com\/wp-content\/uploads\/2023\/07\/Wein_werte_Logo700-1.png","contentUrl":"https:\/\/wein-werte.com\/wp-content\/uploads\/2023\/07\/Wein_werte_Logo700-1.png","width":700,"height":272,"caption":"Vins Fins Thorrold"},"image":{"@id":"https:\/\/wein-werte.com\/de\/#\/schema\/logo\/image\/"}}]}},"_links":{"self":[{"href":"https:\/\/wein-werte.com\/de\/wp-json\/wp\/v2\/product\/1133338","targetHints":{"allow":["GET"]}}],"collection":[{"href":"https:\/\/wein-werte.com\/de\/wp-json\/wp\/v2\/product"}],"about":[{"href":"https:\/\/wein-werte.com\/de\/wp-json\/wp\/v2\/types\/product"}],"wp:featuredmedia":[{"embeddable":true,"href":"https:\/\/wein-werte.com\/de\/wp-json\/wp\/v2\/media\/1143790"}],"wp:attachment":[{"href":"https:\/\/wein-werte.com\/de\/wp-json\/wp\/v2\/media?parent=1133338"}],"wp:term":[{"taxonomy":"product_brand","embeddable":true,"href":"https:\/\/wein-werte.com\/de\/wp-json\/wp\/v2\/product_brand?post=1133338"},{"taxonomy":"product_cat","embeddable":true,"href":"https:\/\/wein-werte.com\/de\/wp-json\/wp\/v2\/product_cat?post=1133338"},{"taxonomy":"product_tag","embeddable":true,"href":"https:\/\/wein-werte.com\/de\/wp-json\/wp\/v2\/product_tag?post=1133338"}],"curies":[{"name":"wp","href":"https:\/\/api.w.org\/{rel}","templated":true}]}}