{"id":1133315,"date":"2026-05-08T20:04:47","date_gmt":"2026-05-08T18:04:47","guid":{"rendered":"https:\/\/wein-werte.com\/product\/enric-soler-espenyalluchs-2022-750ml\/"},"modified":"2026-04-27T11:50:25","modified_gmt":"2026-04-27T09:50:25","slug":"enric-soler-espenyalluchs-2022-750ml","status":"publish","type":"product","link":"https:\/\/wein-werte.com\/de\/produkt\/enric-soler-espenyalluchs-2022-750ml\/","title":{"rendered":"Enric Soler | Penedes | Espenyalluchs | 2022 | 750ml"},"content":{"rendered":"<p>Produktbeschreibung f\u00fcr Enric Soler Espenyalluchs 2022 <\/p>\n<p> Marian Hen\u00df: Am Gaumen fesselt einen dieser Wein sofort. Die Salinit\u00e4t umkleidet sofort die Zahnoberfl\u00e4chen. Kongenial funktioniert die pr\u00e4sente, aber angenehme S\u00e4ure zu der Mineralit\u00e4t. Salz und S\u00e4ure liefern hier wirklich ein Wechselbad der Gef\u00fchle. Das hat geh\u00f6rigen Druck, ist aber nicht ansatzweise breit, sondern glasklar. Ein wahrlich kristalliner Wein. Mit ganz feinem Schmelz versehen bahnt er sich seinen Weg in ein schier unendlich elegantes Finale. Die Worte \u201ezeitlos\u201c und \u201egro\u00df\u201c kreisen unweigerlich \u00fcber dem Wein. <\/p>\n<h5>Informationen zum Wein<\/h5>\n<p> Enric Soler ist ein ehemaliger preisgekr\u00f6nter Sommelier. Heute z\u00e4hlt er zu den besten Wei\u00dfweinerzeugern Spaniens. In der katalanischen Region Pened\u00e8s betreibt er ein Projekt mit wenigen Hektar Rebfl\u00e4che und einer Produktion von weniger als 15.000 Flaschen pro Jahr. So klein die Menge, so gro\u00df die Weine. Wie kaum ein anderer zeigt Enric Soler das enorme Potenzial der Rebsorte Xarel.lo, der Hauptsorte des Pened\u00e8s. Dieser Lagenwein stammt von einem Hektar Rebfl\u00e4che, biodynamischer Anbau, die mit Xarel.lo bestockt ist. Die spontane G\u00e4rung und der Ausbau erfolgen in gebrauchten 300-Liter-Eichenf\u00e4ssern. <\/p>\n<h5>Farbe<\/h5>\n<p> Hellgold <\/p>\n<h5>Nase<\/h5>\n<p> Der Espenyalluchs 2022 bietet ein bemerkenswert frisches, sehr attraktives Bukett mit zitrischen und rauchigen Aromen und einer steinigen Mineralit\u00e4t. Die Nase ist dicht, intensiv und elegant zugleich. Sie ist pr\u00e4zise und klar und trotz des mediterranen Ursprungs beinahe k\u00fchl. <\/p>\n<h5>Gaumen<\/h5>\n<p> Am Gaumen pr\u00e4sentiert sich dieser Wei\u00dfwein mit knackiger S\u00e4ure, was umso erstaunlicher ist, da 2022 ein hei\u00dfes und trockenes Jahr im Pened\u00e8s war. Auch der Alkoholgehalt liegt bei nur 12,5%. Eine der St\u00e4rken der Rebsorte Xarel.lo ist die hervorragende S\u00e4ure bei moderatem Alkoholgehalt. Das beweist dieser Wei\u00dfwein einmal mehr. Hinzu kommen ein zitrisches Profil, etwas Kernobst und eine belebende Salzigkeit im Abgang. Vor allem aber besitzt dieser Wein eine grandiose Tiefe und Komplexit\u00e4t. Er ist vibrierend am Gaumen, megafrisch und geradlinig und hat eine vollmundige, cremige Textur. Der Espenyalluchs 2022 ist ein unglaublich guter Wein voller Klarheit, Balance und eigenst\u00e4ndiger Pers\u00f6nlichkeit.<\/p>\n<p>Copyright Vinaturel 2025<\/p>\n<p>Keywords: <a href=\"https:\/\/wein-werte.com\/de\/shop\/?swoof=1&#038;pa_producer=Enric-Soler\">Enric Soler<\/a> <a href=\"https:\/\/wein-werte.com\/de\/shop\/?swoof=1&#038;woof_text=Espenyalluchs\">Espenyalluchs<\/a> 2022  <a href=\"https:\/\/wein-werte.com\/de\/shop\/?swoof=1&#038;pa_region=Penedes\">Penedes<\/a> <a href=\"https:\/\/wein-werte.com\/de\/shop\/?swoof=1&#038;pa_country=Spanien\">Spanien<\/a><\/p>\n<h3>Wine Advocate<\/h3>\n<p>Punkte: 94<\/p>\n<p>Der r\u00f6stige und auff\u00e4llige Espenyalluchs 2022 wurde aus Xarel\u00b7lo von einem 2011 gepflanzten Weinberg auf 400 Metern H\u00f6he hergestellt, fast einem Hektar gro\u00df auf lehmigen und steinigen B\u00f6den. Er vergor in gebrauchten 300-Liter-Burgunderf\u00e4ssern mit einheimischen Hefen, wo der Wein acht bis zehn Monate reifte. Er ist jung und lebendig, noch leicht vom Ausbau gepr\u00e4gt, mit Rauch und Gew\u00fcrzen, vermischt mit Noten von wei\u00dfen Bl\u00fcten und einem Gef\u00fchl von Reinheit und Frische, das mir sehr gef\u00e4llt. Dieser Wein beh\u00e4lt selbst in warmen und trockenen Jahren wie 2022 einen niedrigen pH-Wert und eine bemerkenswerte S\u00e4ure. 2.715 Flaschen produziert. Abf\u00fcllung im Mai 2023.<br \/>Luis Guti\u00e9rrez<\/p>\n<p>Internetseite des Weinguts: <a href=\"http:\/\/www.enricsoler.cat\/\" target=\"_blank\">http:\/\/www.enricsoler.cat\/<\/a><\/p>\n","protected":false},"excerpt":{"rendered":"<p>Lieferzeit: 1 bis 2 Arbeitstage (DE), 2 bis 5 Arbeitstage (EU and CH)<\/p>\n","protected":false},"featured_media":1143772,"template":"","meta":[],"product_brand":[],"product_cat":[19],"product_tag":[],"class_list":{"0":"post-1133315","1":"product","2":"type-product","3":"status-publish","4":"has-post-thumbnail","6":"product_cat-unkategorisiert","7":"pa_alcohol-for-filter-12-5","8":"pa_certified-biodynamic-nein-de","9":"pa_certified-organic-nein-de","10":"pa_colour-weiss","11":"pa_country-spanien","12":"pa_grape-xarello","13":"pa_parker-points-for-filter-94-de-2","14":"pa_price-for-filter-10577","15":"pa_producer-enric-soler","16":"pa_region-penedes","17":"pa_size-ml-6584","18":"pa_sweetness-trocken-de","19":"pa_type-2-still-de","20":"pa_vintage-2022-de","21":"entry","22":"has-media","24":"first","25":"instock","26":"taxable","27":"shipping-taxable","28":"purchasable","29":"product-type-simple"},"yoast_head":"<!-- This site is optimized with the Yoast SEO plugin v27.5 - https:\/\/yoast.com\/product\/yoast-seo-wordpress\/ -->\n<title>Enric Soler Espenyalluchs 2022<\/title>\n<meta name=\"description\" content=\"Kaufe Enric Soler Espenyalluchs 2022 (Xarello, trocken aus Penedes, Spanien) bei Wein Werte, Ihrem nachhaltigen Onlineshop.\" \/>\n<meta name=\"robots\" content=\"index, follow, max-snippet:-1, max-image-preview:large, max-video-preview:-1\" \/>\n<link rel=\"canonical\" href=\"https:\/\/wein-werte.com\/de\/produkt\/enric-soler-espenyalluchs-2022-750ml\/\" \/>\n<meta property=\"og:locale\" content=\"de_DE\" \/>\n<meta property=\"og:type\" content=\"article\" \/>\n<meta property=\"og:title\" content=\"Enric Soler Espenyalluchs 2022\" \/>\n<meta property=\"og:description\" content=\"Kaufe Enric Soler Espenyalluchs 2022 (Xarello, trocken aus Penedes, Spanien) bei Wein Werte, Ihrem nachhaltigen Onlineshop.\" \/>\n<meta property=\"og:url\" content=\"https:\/\/wein-werte.com\/de\/produkt\/enric-soler-espenyalluchs-2022-750ml\/\" \/>\n<meta property=\"og:site_name\" content=\"Wein Werte\" \/>\n<meta property=\"og:image\" content=\"https:\/\/wein-werte.com\/wp-content\/uploads\/2026\/04\/Enric-Soler-Espenyalluchs-2022-750ml.png\" \/>\n\t<meta property=\"og:image:width\" content=\"344\" \/>\n\t<meta property=\"og:image:height\" content=\"1200\" \/>\n\t<meta property=\"og:image:type\" content=\"image\/png\" \/>\n<meta name=\"twitter:card\" content=\"summary_large_image\" \/>\n<meta name=\"twitter:label1\" content=\"Gesch\u00e4tzte Lesezeit\" \/>\n\t<meta name=\"twitter:data1\" content=\"2\u00a0Minuten\" \/>\n<script type=\"application\/ld+json\" class=\"yoast-schema-graph\">{\"@context\":\"https:\\\/\\\/schema.org\",\"@graph\":[{\"@type\":\"WebPage\",\"@id\":\"https:\\\/\\\/wein-werte.com\\\/de\\\/produkt\\\/enric-soler-espenyalluchs-2022-750ml\\\/\",\"url\":\"https:\\\/\\\/wein-werte.com\\\/de\\\/produkt\\\/enric-soler-espenyalluchs-2022-750ml\\\/\",\"name\":\"Enric Soler Espenyalluchs 2022\",\"isPartOf\":{\"@id\":\"https:\\\/\\\/wein-werte.com\\\/de\\\/#website\"},\"primaryImageOfPage\":{\"@id\":\"https:\\\/\\\/wein-werte.com\\\/de\\\/produkt\\\/enric-soler-espenyalluchs-2022-750ml\\\/#primaryimage\"},\"image\":{\"@id\":\"https:\\\/\\\/wein-werte.com\\\/de\\\/produkt\\\/enric-soler-espenyalluchs-2022-750ml\\\/#primaryimage\"},\"thumbnailUrl\":\"https:\\\/\\\/wein-werte.com\\\/wp-content\\\/uploads\\\/2026\\\/04\\\/Enric-Soler-Espenyalluchs-2022-750ml.png\",\"datePublished\":\"2026-05-08T18:04:47+00:00\",\"description\":\"Kaufe Enric Soler Espenyalluchs 2022 (Xarello, trocken aus Penedes, Spanien) bei Wein Werte, Ihrem nachhaltigen Onlineshop.\",\"breadcrumb\":{\"@id\":\"https:\\\/\\\/wein-werte.com\\\/de\\\/produkt\\\/enric-soler-espenyalluchs-2022-750ml\\\/#breadcrumb\"},\"inLanguage\":\"de\",\"potentialAction\":[{\"@type\":\"ReadAction\",\"target\":[\"https:\\\/\\\/wein-werte.com\\\/de\\\/produkt\\\/enric-soler-espenyalluchs-2022-750ml\\\/\"]}]},{\"@type\":\"ImageObject\",\"inLanguage\":\"de\",\"@id\":\"https:\\\/\\\/wein-werte.com\\\/de\\\/produkt\\\/enric-soler-espenyalluchs-2022-750ml\\\/#primaryimage\",\"url\":\"https:\\\/\\\/wein-werte.com\\\/wp-content\\\/uploads\\\/2026\\\/04\\\/Enric-Soler-Espenyalluchs-2022-750ml.png\",\"contentUrl\":\"https:\\\/\\\/wein-werte.com\\\/wp-content\\\/uploads\\\/2026\\\/04\\\/Enric-Soler-Espenyalluchs-2022-750ml.png\",\"width\":344,\"height\":1200,\"caption\":\"Enric Soler Espenyalluchs 2022 750ml\"},{\"@type\":\"BreadcrumbList\",\"@id\":\"https:\\\/\\\/wein-werte.com\\\/de\\\/produkt\\\/enric-soler-espenyalluchs-2022-750ml\\\/#breadcrumb\",\"itemListElement\":[{\"@type\":\"ListItem\",\"position\":1,\"name\":\"Home\",\"item\":\"https:\\\/\\\/wein-werte.com\\\/de\\\/\"},{\"@type\":\"ListItem\",\"position\":2,\"name\":\"Shop\",\"item\":\"https:\\\/\\\/wein-werte.com\\\/de\\\/shop\\\/\"},{\"@type\":\"ListItem\",\"position\":3,\"name\":\"Enric Soler | Penedes | Espenyalluchs | 2022 | 750ml\"}]},{\"@type\":\"WebSite\",\"@id\":\"https:\\\/\\\/wein-werte.com\\\/de\\\/#website\",\"url\":\"https:\\\/\\\/wein-werte.com\\\/de\\\/\",\"name\":\"Wein Werte\",\"description\":\"\",\"publisher\":{\"@id\":\"https:\\\/\\\/wein-werte.com\\\/de\\\/#organization\"},\"potentialAction\":[{\"@type\":\"SearchAction\",\"target\":{\"@type\":\"EntryPoint\",\"urlTemplate\":\"https:\\\/\\\/wein-werte.com\\\/de\\\/?s={search_term_string}\"},\"query-input\":{\"@type\":\"PropertyValueSpecification\",\"valueRequired\":true,\"valueName\":\"search_term_string\"}}],\"inLanguage\":\"de\"},{\"@type\":\"Organization\",\"@id\":\"https:\\\/\\\/wein-werte.com\\\/de\\\/#organization\",\"name\":\"Vins Fins Thorrold\",\"url\":\"https:\\\/\\\/wein-werte.com\\\/de\\\/\",\"logo\":{\"@type\":\"ImageObject\",\"inLanguage\":\"de\",\"@id\":\"https:\\\/\\\/wein-werte.com\\\/de\\\/#\\\/schema\\\/logo\\\/image\\\/\",\"url\":\"https:\\\/\\\/wein-werte.com\\\/wp-content\\\/uploads\\\/2023\\\/07\\\/Wein_werte_Logo700-1.png\",\"contentUrl\":\"https:\\\/\\\/wein-werte.com\\\/wp-content\\\/uploads\\\/2023\\\/07\\\/Wein_werte_Logo700-1.png\",\"width\":700,\"height\":272,\"caption\":\"Vins Fins Thorrold\"},\"image\":{\"@id\":\"https:\\\/\\\/wein-werte.com\\\/de\\\/#\\\/schema\\\/logo\\\/image\\\/\"}}]}<\/script>\n<!-- \/ Yoast SEO plugin. -->","yoast_head_json":{"title":"Enric Soler Espenyalluchs 2022","description":"Kaufe Enric Soler Espenyalluchs 2022 (Xarello, trocken aus Penedes, Spanien) bei Wein Werte, Ihrem nachhaltigen Onlineshop.","robots":{"index":"index","follow":"follow","max-snippet":"max-snippet:-1","max-image-preview":"max-image-preview:large","max-video-preview":"max-video-preview:-1"},"canonical":"https:\/\/wein-werte.com\/de\/produkt\/enric-soler-espenyalluchs-2022-750ml\/","og_locale":"de_DE","og_type":"article","og_title":"Enric Soler Espenyalluchs 2022","og_description":"Kaufe Enric Soler Espenyalluchs 2022 (Xarello, trocken aus Penedes, Spanien) bei Wein Werte, Ihrem nachhaltigen Onlineshop.","og_url":"https:\/\/wein-werte.com\/de\/produkt\/enric-soler-espenyalluchs-2022-750ml\/","og_site_name":"Wein Werte","og_image":[{"width":344,"height":1200,"url":"https:\/\/wein-werte.com\/wp-content\/uploads\/2026\/04\/Enric-Soler-Espenyalluchs-2022-750ml.png","type":"image\/png"}],"twitter_card":"summary_large_image","twitter_misc":{"Gesch\u00e4tzte Lesezeit":"2\u00a0Minuten"},"schema":{"@context":"https:\/\/schema.org","@graph":[{"@type":"WebPage","@id":"https:\/\/wein-werte.com\/de\/produkt\/enric-soler-espenyalluchs-2022-750ml\/","url":"https:\/\/wein-werte.com\/de\/produkt\/enric-soler-espenyalluchs-2022-750ml\/","name":"Enric Soler Espenyalluchs 2022","isPartOf":{"@id":"https:\/\/wein-werte.com\/de\/#website"},"primaryImageOfPage":{"@id":"https:\/\/wein-werte.com\/de\/produkt\/enric-soler-espenyalluchs-2022-750ml\/#primaryimage"},"image":{"@id":"https:\/\/wein-werte.com\/de\/produkt\/enric-soler-espenyalluchs-2022-750ml\/#primaryimage"},"thumbnailUrl":"https:\/\/wein-werte.com\/wp-content\/uploads\/2026\/04\/Enric-Soler-Espenyalluchs-2022-750ml.png","datePublished":"2026-05-08T18:04:47+00:00","description":"Kaufe Enric Soler Espenyalluchs 2022 (Xarello, trocken aus Penedes, Spanien) bei Wein Werte, Ihrem nachhaltigen Onlineshop.","breadcrumb":{"@id":"https:\/\/wein-werte.com\/de\/produkt\/enric-soler-espenyalluchs-2022-750ml\/#breadcrumb"},"inLanguage":"de","potentialAction":[{"@type":"ReadAction","target":["https:\/\/wein-werte.com\/de\/produkt\/enric-soler-espenyalluchs-2022-750ml\/"]}]},{"@type":"ImageObject","inLanguage":"de","@id":"https:\/\/wein-werte.com\/de\/produkt\/enric-soler-espenyalluchs-2022-750ml\/#primaryimage","url":"https:\/\/wein-werte.com\/wp-content\/uploads\/2026\/04\/Enric-Soler-Espenyalluchs-2022-750ml.png","contentUrl":"https:\/\/wein-werte.com\/wp-content\/uploads\/2026\/04\/Enric-Soler-Espenyalluchs-2022-750ml.png","width":344,"height":1200,"caption":"Enric Soler Espenyalluchs 2022 750ml"},{"@type":"BreadcrumbList","@id":"https:\/\/wein-werte.com\/de\/produkt\/enric-soler-espenyalluchs-2022-750ml\/#breadcrumb","itemListElement":[{"@type":"ListItem","position":1,"name":"Home","item":"https:\/\/wein-werte.com\/de\/"},{"@type":"ListItem","position":2,"name":"Shop","item":"https:\/\/wein-werte.com\/de\/shop\/"},{"@type":"ListItem","position":3,"name":"Enric Soler | Penedes | Espenyalluchs | 2022 | 750ml"}]},{"@type":"WebSite","@id":"https:\/\/wein-werte.com\/de\/#website","url":"https:\/\/wein-werte.com\/de\/","name":"Wein Werte","description":"","publisher":{"@id":"https:\/\/wein-werte.com\/de\/#organization"},"potentialAction":[{"@type":"SearchAction","target":{"@type":"EntryPoint","urlTemplate":"https:\/\/wein-werte.com\/de\/?s={search_term_string}"},"query-input":{"@type":"PropertyValueSpecification","valueRequired":true,"valueName":"search_term_string"}}],"inLanguage":"de"},{"@type":"Organization","@id":"https:\/\/wein-werte.com\/de\/#organization","name":"Vins Fins Thorrold","url":"https:\/\/wein-werte.com\/de\/","logo":{"@type":"ImageObject","inLanguage":"de","@id":"https:\/\/wein-werte.com\/de\/#\/schema\/logo\/image\/","url":"https:\/\/wein-werte.com\/wp-content\/uploads\/2023\/07\/Wein_werte_Logo700-1.png","contentUrl":"https:\/\/wein-werte.com\/wp-content\/uploads\/2023\/07\/Wein_werte_Logo700-1.png","width":700,"height":272,"caption":"Vins Fins Thorrold"},"image":{"@id":"https:\/\/wein-werte.com\/de\/#\/schema\/logo\/image\/"}}]}},"_links":{"self":[{"href":"https:\/\/wein-werte.com\/de\/wp-json\/wp\/v2\/product\/1133315","targetHints":{"allow":["GET"]}}],"collection":[{"href":"https:\/\/wein-werte.com\/de\/wp-json\/wp\/v2\/product"}],"about":[{"href":"https:\/\/wein-werte.com\/de\/wp-json\/wp\/v2\/types\/product"}],"wp:featuredmedia":[{"embeddable":true,"href":"https:\/\/wein-werte.com\/de\/wp-json\/wp\/v2\/media\/1143772"}],"wp:attachment":[{"href":"https:\/\/wein-werte.com\/de\/wp-json\/wp\/v2\/media?parent=1133315"}],"wp:term":[{"taxonomy":"product_brand","embeddable":true,"href":"https:\/\/wein-werte.com\/de\/wp-json\/wp\/v2\/product_brand?post=1133315"},{"taxonomy":"product_cat","embeddable":true,"href":"https:\/\/wein-werte.com\/de\/wp-json\/wp\/v2\/product_cat?post=1133315"},{"taxonomy":"product_tag","embeddable":true,"href":"https:\/\/wein-werte.com\/de\/wp-json\/wp\/v2\/product_tag?post=1133315"}],"curies":[{"name":"wp","href":"https:\/\/api.w.org\/{rel}","templated":true}]}}